{"id":63592,"date":"2026-04-12T10:42:34","date_gmt":"2026-04-12T08:42:34","guid":{"rendered":"https:\/\/dev6.erresse-shop.it\/shop\/non%20class\u00e9\/berkel-trancheur-volano-b114-noir\/"},"modified":"2025-09-14T05:23:20","modified_gmt":"2025-09-14T03:23:20","slug":"berkel-trancheur-volano-b114-noir","status":"publish","type":"product","link":"https:\/\/dev6.erresse-shop.it\/fr\/shop\/petits-electromenagers\/trancheuses\/berkel-trancheur-volano-b114-noir\/","title":{"rendered":"BERKEL Trancheur Volano B114 Noir"},"content":{"rendered":"<p>LA L\u00c9GENDE DE LA S\u00c9RIE HISTORIQUE DE BERKEL ROUGE 1898 EST RAVIV\u00c9E.<\/p>\n<p>Trancheuse \u00e0 volant pour charcuterie B114, adapt\u00e9e \u00e0 tous les types de charcuterie. Dot\u00e9 d\u2019une lame de 31,9 cm, il est fabriqu\u00e9 en aluminium peint avec des d\u00e9tails en acier inoxydable.<\/p>\n<p>PERFORMANCE<\/p>\n<p>Structure du bo\u00eetier en alliage sp\u00e9cial d\u2019aluminium et acier inoxydable et pieds en caoutchouc pour une stabilit\u00e9 maximale pendant l\u2019utilisation.<br \/>\nLes pieds peuvent \u00eatre mont\u00e9s dans diff\u00e9rentes configurations<br \/>\nLame de 319 mm en acier chrom\u00e9 100cr6 avec profil professionnel : r\u00e9duit les d\u00e9chets et assure des tranches uniformes<br \/>\nSyst\u00e8me d\u2019alimentation rapide et bouton de r\u00e9glage millim\u00e9trique de la plaque pour un positionnement parfait du produit.<br \/>\nConception classique de la tour Berkel, construction solide et \u00e9l\u00e9gance combin\u00e9es.<br \/>\nDes d\u00e9corations dor\u00e9es embellissent toutes les parties peintes.<br \/>\nVolant d\u2019inertie Berkel classique \u00e0 profil carr\u00e9 et \u00e9quilibr\u00e9 int\u00e9rieurement pour bloquer la rotation dans n\u2019importe quelle position.<br \/>\nAff\u00fbteur amovible d\u00e9j\u00e0 fourni avec un syst\u00e8me d\u2019aff\u00fbtage \u00e0 mouvement unique pour une fiabilit\u00e9 maximale.<br \/>\nBouton de r\u00e9glage de l\u2019\u00e9paisseur de la tranche avec 11 positions qui permettent de r\u00e9gler l\u2019\u00e9paisseur de la tranche entre 0 mm et 1,5 mm<br \/>\n\u00c9paisseur minimale de la derni\u00e8re tranche pour minimiser le gaspillage de produit<br \/>\nGrand protecteur de tranches en acier avec crochet facile pour faciliter le d\u00e9tachement des tranches<br \/>\nTAG NFC int\u00e9gr\u00e9 dans le moulage du bo\u00eetier pour garantir l\u2019originalit\u00e9.<\/p>\n<p>NETTOYAGE ET HYGI\u00c8NE<\/p>\n<p>Plaque et sous-plaque en acier inoxydable professionnel avec syst\u00e8me de d\u00e9verrouillage pour un nettoyage maximal<br \/>\nPoussoir assist\u00e9 en acier chrom\u00e9 pour un blocage optimal du produit<br \/>\nEspace de nettoyage g\u00e9n\u00e9reux et r\u00e9ceptacle \u00e0 d\u00e9chets arri\u00e8re<br \/>\nSyst\u00e8me de retrait rapide du rabat pour un nettoyage facile<br \/>\nGants en acier inoxydable amovibles et lavables au lave-vaisselle<\/p>\n<p>S\u00c9CURIT\u00c9<\/p>\n<p>Anneau de protection de la lame totale en acier chrom\u00e9<br \/>\nSyst\u00e8me de d\u00e9clenchement de l\u2019anneau de protection de la lame par levier positionn\u00e9 sous la tour pour garantir une s\u00e9curit\u00e9 maximale<br \/>\nCommandes ergonomiques en aluminium anodis\u00e9 noir pour faciliter la prise en main et minimiser l\u2019effort de l\u2019op\u00e9rateur.<\/p>\n<p>SP\u00c9CIFICATIONS TECHNIQUES<\/p>\n<p>Poids 55 kg<br \/>\nHauteur [B] 700 mm<br \/>\nProfondeur [C] 825 mm<br \/>\nLargeur [A] 670 mm<br \/>\nDiam\u00e8tre de la lame 319 mm<br \/>\nMat\u00e9riau de la lame de tranchage 100Cr6<br \/>\n\u00c9paisseur de coupe 0 \u2013 1,5 mm<br \/>\nCapacit\u00e9 de coupe (circulaire) 215 mm<br \/>\nCapacit\u00e9 de coupe (rectangulaire) 280\u00d7215 mm<br \/>\nD\u00e9tails : Levier lat\u00e9ral pratique pour le d\u00e9placement du prot\u00e8ge-lame ; D\u00e9corations et signature peintes en berkel.<br \/>\nPi\u00e8ces amovibles : prot\u00e8ge-lame, bo\u00eete \u00e0 gants, plaque de recouvrement.<br \/>\nAiguisoir : inclus, \u00e0 mouvement unique<\/p>\n<p>Ne peut \u00eatre vendu en dehors de l\u2019Europe<\/p>\n","protected":false},"excerpt":{"rendered":"<p>LA L\u00c9GENDE DE LA S\u00c9RIE HISTORIQUE DE BERKEL ROUGE 1898 EST RAVIV\u00c9E. Trancheuse \u00e0 volant pour charcuterie B114, adapt\u00e9e \u00e0 tous les types de charcuterie. Dot\u00e9 d\u2019une lame de 31,9 cm, il est fabriqu\u00e9 en aluminium peint avec des d\u00e9tails en acier inoxydable. PERFORMANCE Structure du bo\u00eetier en alliage sp\u00e9cial d\u2019aluminium et acier inoxydable et [&hellip;]<\/p>\n","protected":false},"featured_media":6367155,"template":"","meta":{"_acf_changed":false},"product_cat":[12055,12073],"product_tag":[],"class_list":{"0":"post-63592","1":"product","2":"type-product","3":"status-publish","4":"has-post-thumbnail","6":"product_cat-petits-electromenagers","7":"product_cat-trancheuses","9":"first","10":"instock","11":"sale","12":"taxable","13":"shipping-taxable","14":"purchasable","15":"product-type-simple","swatches":"rey-swatches","show_selected":"","stretch_labels":"rey-swatches--stretch-labels"},"acf":[],"yoast_head":"<!-- This site is optimized with the Yoast SEO plugin v25.4 - https:\/\/yoast.com\/wordpress\/plugins\/seo\/ -->\n<title>BERKEL Trancheur Volano B114 Noir - dev6 Erresse<\/title>\n<meta name=\"description\" content=\"LA L\u00c9GENDE DE LA S\u00c9RIE HISTORIQUE DE BERKEL ROUGE 1898 EST RAVIV\u00c9E. Trancheuse \u00e0 volant pour charcuterie B114, adapt\u00e9e \u00e0 tous les types de charcuterie.\" \/>\n<meta name=\"robots\" content=\"noindex, follow, max-snippet:-1, max-image-preview:large, max-video-preview:-1\" \/>\n<meta property=\"og:locale\" content=\"fr_FR\" \/>\n<meta property=\"og:type\" content=\"article\" \/>\n<meta property=\"og:title\" content=\"BERKEL Trancheur Volano B114 Noir - dev6 Erresse\" \/>\n<meta property=\"og:description\" content=\"LA L\u00c9GENDE DE LA S\u00c9RIE HISTORIQUE DE BERKEL ROUGE 1898 EST RAVIV\u00c9E. Trancheuse \u00e0 volant pour charcuterie B114, adapt\u00e9e \u00e0 tous les types de charcuterie.\" \/>\n<meta property=\"og:url\" content=\"https:\/\/dev6.erresse-shop.it\/fr\/shop\/petits-electromenagers\/trancheuses\/berkel-trancheur-volano-b114-noir\/\" \/>\n<meta property=\"og:site_name\" content=\"dev6 Erresse\" \/>\n<meta property=\"og:image\" content=\"https:\/\/interpim.erresse-shop.it\/Import\/Prodotti\/berkel-volano-b114-nero.jpg\" \/><meta property=\"og:image\" content=\"https:\/\/interpim.erresse-shop.it\/Import\/Prodotti\/berkel-volano-b114-nero.jpg\" \/>\n\t<meta property=\"og:image:width\" content=\"1024\" \/>\n\t<meta property=\"og:image:height\" content=\"1024\" \/>\n\t<meta property=\"og:image:type\" content=\"image\/jpeg\" \/>\n<meta name=\"twitter:card\" content=\"summary_large_image\" \/>\n<meta name=\"twitter:image\" content=\"https:\/\/interpim.erresse-shop.it\/Import\/Prodotti\/berkel-volano-b114-nero.jpg\" \/>\n<script type=\"application\/ld+json\" class=\"yoast-schema-graph\">{\"@context\":\"https:\/\/schema.org\",\"@graph\":[{\"@type\":\"WebPage\",\"@id\":\"https:\/\/dev6.erresse-shop.it\/fr\/shop\/petits-electromenagers\/trancheuses\/berkel-trancheur-volano-b114-noir\/\",\"url\":\"https:\/\/dev6.erresse-shop.it\/fr\/shop\/petits-electromenagers\/trancheuses\/berkel-trancheur-volano-b114-noir\/\",\"name\":\"BERKEL Trancheur Volano B114 Noir - dev6 Erresse\",\"isPartOf\":{\"@id\":\"https:\/\/dev6.erresse-shop.it\/#website\"},\"primaryImageOfPage\":{\"@id\":\"https:\/\/dev6.erresse-shop.it\/fr\/shop\/petits-electromenagers\/trancheuses\/berkel-trancheur-volano-b114-noir\/#primaryimage\"},\"image\":{\"@id\":\"https:\/\/dev6.erresse-shop.it\/fr\/shop\/petits-electromenagers\/trancheuses\/berkel-trancheur-volano-b114-noir\/#primaryimage\"},\"thumbnailUrl\":\"https:\/\/i3.wp.com\/interpim.erresse-shop.it\/Import\/Prodotti\/berkel-volano-b114-nero.jpg?ssl=1\",\"datePublished\":\"2026-04-12T08:42:34+00:00\",\"description\":\"LA L\u00c9GENDE DE LA S\u00c9RIE HISTORIQUE DE BERKEL ROUGE 1898 EST RAVIV\u00c9E. Trancheuse \u00e0 volant pour charcuterie B114, adapt\u00e9e \u00e0 tous les types de charcuterie.\",\"breadcrumb\":{\"@id\":\"https:\/\/dev6.erresse-shop.it\/fr\/shop\/petits-electromenagers\/trancheuses\/berkel-trancheur-volano-b114-noir\/#breadcrumb\"},\"inLanguage\":\"fr-FR\",\"potentialAction\":[{\"@type\":\"ReadAction\",\"target\":[\"https:\/\/dev6.erresse-shop.it\/fr\/shop\/petits-electromenagers\/trancheuses\/berkel-trancheur-volano-b114-noir\/\"]}]},{\"@type\":\"ImageObject\",\"inLanguage\":\"fr-FR\",\"@id\":\"https:\/\/dev6.erresse-shop.it\/fr\/shop\/petits-electromenagers\/trancheuses\/berkel-trancheur-volano-b114-noir\/#primaryimage\",\"url\":\"https:\/\/i3.wp.com\/interpim.erresse-shop.it\/Import\/Prodotti\/berkel-volano-b114-nero.jpg?ssl=1\",\"contentUrl\":\"https:\/\/i3.wp.com\/interpim.erresse-shop.it\/Import\/Prodotti\/berkel-volano-b114-nero.jpg?ssl=1\"},{\"@type\":\"BreadcrumbList\",\"@id\":\"https:\/\/dev6.erresse-shop.it\/fr\/shop\/petits-electromenagers\/trancheuses\/berkel-trancheur-volano-b114-noir\/#breadcrumb\",\"itemListElement\":[{\"@type\":\"ListItem\",\"position\":1,\"name\":\"Home\",\"item\":\"https:\/\/dev6.erresse-shop.it\/\"},{\"@type\":\"ListItem\",\"position\":2,\"name\":\"Boutique\",\"item\":\"https:\/\/dev6.erresse-shop.it\/shop\/\"},{\"@type\":\"ListItem\",\"position\":3,\"name\":\"BERKEL Trancheur Volano B114 Noir\"}]},{\"@type\":\"WebSite\",\"@id\":\"https:\/\/dev6.erresse-shop.it\/#website\",\"url\":\"https:\/\/dev6.erresse-shop.it\/\",\"name\":\"Erresse Shop\",\"description\":\"\",\"publisher\":{\"@id\":\"https:\/\/dev6.erresse-shop.it\/#organization\"},\"potentialAction\":[{\"@type\":\"SearchAction\",\"target\":{\"@type\":\"EntryPoint\",\"urlTemplate\":\"https:\/\/dev6.erresse-shop.it\/?s={search_term_string}\"},\"query-input\":{\"@type\":\"PropertyValueSpecification\",\"valueRequired\":true,\"valueName\":\"search_term_string\"}}],\"inLanguage\":\"fr-FR\"},{\"@type\":\"Organization\",\"@id\":\"https:\/\/dev6.erresse-shop.it\/#organization\",\"name\":\"Erresse Shop\",\"url\":\"https:\/\/dev6.erresse-shop.it\/\",\"logo\":{\"@type\":\"ImageObject\",\"inLanguage\":\"fr-FR\",\"@id\":\"https:\/\/dev6.erresse-shop.it\/#\/schema\/logo\/image\/\",\"url\":\"https:\/\/dev6.erresse-shop.it\/wp-content\/uploads\/2025\/01\/LOGO-ERRESSE-CLASSICO.svg\",\"contentUrl\":\"https:\/\/dev6.erresse-shop.it\/wp-content\/uploads\/2025\/01\/LOGO-ERRESSE-CLASSICO.svg\",\"caption\":\"Erresse Shop\"},\"image\":{\"@id\":\"https:\/\/dev6.erresse-shop.it\/#\/schema\/logo\/image\/\"}}]}<\/script>\n<!-- \/ Yoast SEO plugin. -->","yoast_head_json":{"title":"BERKEL Trancheur Volano B114 Noir - dev6 Erresse","description":"LA L\u00c9GENDE DE LA S\u00c9RIE HISTORIQUE DE BERKEL ROUGE 1898 EST RAVIV\u00c9E. Trancheuse \u00e0 volant pour charcuterie B114, adapt\u00e9e \u00e0 tous les types de charcuterie.","robots":{"index":"noindex","follow":"follow","max-snippet":"max-snippet:-1","max-image-preview":"max-image-preview:large","max-video-preview":"max-video-preview:-1"},"og_locale":"fr_FR","og_type":"article","og_title":"BERKEL Trancheur Volano B114 Noir - dev6 Erresse","og_description":"LA L\u00c9GENDE DE LA S\u00c9RIE HISTORIQUE DE BERKEL ROUGE 1898 EST RAVIV\u00c9E. Trancheuse \u00e0 volant pour charcuterie B114, adapt\u00e9e \u00e0 tous les types de charcuterie.","og_url":"https:\/\/dev6.erresse-shop.it\/fr\/shop\/petits-electromenagers\/trancheuses\/berkel-trancheur-volano-b114-noir\/","og_site_name":"dev6 Erresse","og_image":[{"url":"https:\/\/interpim.erresse-shop.it\/Import\/Prodotti\/berkel-volano-b114-nero.jpg","type":"","width":"","height":""},{"url":"https:\/\/interpim.erresse-shop.it\/Import\/Prodotti\/berkel-volano-b114-nero.jpg","width":1024,"height":1024,"type":"image\/jpeg"}],"twitter_card":"summary_large_image","twitter_image":"https:\/\/interpim.erresse-shop.it\/Import\/Prodotti\/berkel-volano-b114-nero.jpg","schema":{"@context":"https:\/\/schema.org","@graph":[{"@type":"WebPage","@id":"https:\/\/dev6.erresse-shop.it\/fr\/shop\/petits-electromenagers\/trancheuses\/berkel-trancheur-volano-b114-noir\/","url":"https:\/\/dev6.erresse-shop.it\/fr\/shop\/petits-electromenagers\/trancheuses\/berkel-trancheur-volano-b114-noir\/","name":"BERKEL Trancheur Volano B114 Noir - dev6 Erresse","isPartOf":{"@id":"https:\/\/dev6.erresse-shop.it\/#website"},"primaryImageOfPage":{"@id":"https:\/\/dev6.erresse-shop.it\/fr\/shop\/petits-electromenagers\/trancheuses\/berkel-trancheur-volano-b114-noir\/#primaryimage"},"image":{"@id":"https:\/\/dev6.erresse-shop.it\/fr\/shop\/petits-electromenagers\/trancheuses\/berkel-trancheur-volano-b114-noir\/#primaryimage"},"thumbnailUrl":"https:\/\/i3.wp.com\/interpim.erresse-shop.it\/Import\/Prodotti\/berkel-volano-b114-nero.jpg?ssl=1","datePublished":"2026-04-12T08:42:34+00:00","description":"LA L\u00c9GENDE DE LA S\u00c9RIE HISTORIQUE DE BERKEL ROUGE 1898 EST RAVIV\u00c9E. Trancheuse \u00e0 volant pour charcuterie B114, adapt\u00e9e \u00e0 tous les types de charcuterie.","breadcrumb":{"@id":"https:\/\/dev6.erresse-shop.it\/fr\/shop\/petits-electromenagers\/trancheuses\/berkel-trancheur-volano-b114-noir\/#breadcrumb"},"inLanguage":"fr-FR","potentialAction":[{"@type":"ReadAction","target":["https:\/\/dev6.erresse-shop.it\/fr\/shop\/petits-electromenagers\/trancheuses\/berkel-trancheur-volano-b114-noir\/"]}]},{"@type":"ImageObject","inLanguage":"fr-FR","@id":"https:\/\/dev6.erresse-shop.it\/fr\/shop\/petits-electromenagers\/trancheuses\/berkel-trancheur-volano-b114-noir\/#primaryimage","url":"https:\/\/i3.wp.com\/interpim.erresse-shop.it\/Import\/Prodotti\/berkel-volano-b114-nero.jpg?ssl=1","contentUrl":"https:\/\/i3.wp.com\/interpim.erresse-shop.it\/Import\/Prodotti\/berkel-volano-b114-nero.jpg?ssl=1"},{"@type":"BreadcrumbList","@id":"https:\/\/dev6.erresse-shop.it\/fr\/shop\/petits-electromenagers\/trancheuses\/berkel-trancheur-volano-b114-noir\/#breadcrumb","itemListElement":[{"@type":"ListItem","position":1,"name":"Home","item":"https:\/\/dev6.erresse-shop.it\/"},{"@type":"ListItem","position":2,"name":"Boutique","item":"https:\/\/dev6.erresse-shop.it\/shop\/"},{"@type":"ListItem","position":3,"name":"BERKEL Trancheur Volano B114 Noir"}]},{"@type":"WebSite","@id":"https:\/\/dev6.erresse-shop.it\/#website","url":"https:\/\/dev6.erresse-shop.it\/","name":"Erresse Shop","description":"","publisher":{"@id":"https:\/\/dev6.erresse-shop.it\/#organization"},"potentialAction":[{"@type":"SearchAction","target":{"@type":"EntryPoint","urlTemplate":"https:\/\/dev6.erresse-shop.it\/?s={search_term_string}"},"query-input":{"@type":"PropertyValueSpecification","valueRequired":true,"valueName":"search_term_string"}}],"inLanguage":"fr-FR"},{"@type":"Organization","@id":"https:\/\/dev6.erresse-shop.it\/#organization","name":"Erresse Shop","url":"https:\/\/dev6.erresse-shop.it\/","logo":{"@type":"ImageObject","inLanguage":"fr-FR","@id":"https:\/\/dev6.erresse-shop.it\/#\/schema\/logo\/image\/","url":"https:\/\/dev6.erresse-shop.it\/wp-content\/uploads\/2025\/01\/LOGO-ERRESSE-CLASSICO.svg","contentUrl":"https:\/\/dev6.erresse-shop.it\/wp-content\/uploads\/2025\/01\/LOGO-ERRESSE-CLASSICO.svg","caption":"Erresse Shop"},"image":{"@id":"https:\/\/dev6.erresse-shop.it\/#\/schema\/logo\/image\/"}}]}},"df_price":7299,"df_sale_price":7299,"df_regular_price":9449,"df_image_link":"https:\/\/i3.wp.com\/interpim.erresse-shop.it\/Import\/Prodotti\/berkel-volano-b114-nero.jpg?resize=300,300&ssl=1","fifu_image_url":"https:\/\/interpim.erresse-shop.it\/Import\/Prodotti\/berkel-volano-b114-nero.jpg","_links":{"self":[{"href":"https:\/\/dev6.erresse-shop.it\/fr\/wp-json\/wp\/v2\/product\/63592","targetHints":{"allow":["GET"]}}],"collection":[{"href":"https:\/\/dev6.erresse-shop.it\/fr\/wp-json\/wp\/v2\/product"}],"about":[{"href":"https:\/\/dev6.erresse-shop.it\/fr\/wp-json\/wp\/v2\/types\/product"}],"wp:featuredmedia":[{"embeddable":true,"href":"https:\/\/dev6.erresse-shop.it\/fr\/wp-json\/wp\/v2\/media\/6367155"}],"wp:attachment":[{"href":"https:\/\/dev6.erresse-shop.it\/fr\/wp-json\/wp\/v2\/media?parent=63592"}],"wp:term":[{"taxonomy":"product_cat","embeddable":true,"href":"https:\/\/dev6.erresse-shop.it\/fr\/wp-json\/wp\/v2\/product_cat?post=63592"},{"taxonomy":"product_tag","embeddable":true,"href":"https:\/\/dev6.erresse-shop.it\/fr\/wp-json\/wp\/v2\/product_tag?post=63592"}],"curies":[{"name":"wp","href":"https:\/\/api.w.org\/{rel}","templated":true}]}}