{"id":63590,"date":"2026-04-12T10:42:34","date_gmt":"2026-04-12T08:42:34","guid":{"rendered":"https:\/\/dev6.erresse-shop.it\/shop\/non%20class\u00e9\/bamix-swissline-blender-a-immersion-noir\/"},"modified":"2025-11-27T16:57:44","modified_gmt":"2025-11-27T15:57:44","slug":"bamix-swissline-blender-a-immersion-noir","status":"publish","type":"product","link":"https:\/\/dev6.erresse-shop.it\/fr\/shop\/petits-electromenagers\/mixeurs\/bamix-swissline-blender-a-immersion-noir\/","title":{"rendered":"BAMIX Swissline Blender \u00e0 immersion Noir"},"content":{"rendered":"<p>Bamix\u00ae SwissLine est plus qu\u2019un simple auxiliaire de cuisine. Il s\u2019agit d\u2019un appareil tout-en-un qui peut remplacer les robots de cuisine conventionnels avec des performances extraordinaires.<\/p>\n<p>Gr\u00e2ce \u00e0 ses diff\u00e9rents accessoires, il peut \u00eatre utilis\u00e9 de mani\u00e8re multifonctionnelle, avec un design unique et des couleurs attrayantes.<\/p>\n<p>CARACT\u00c9RISTIQUES<\/p>\n<p>Lame polyvalente<br \/>\nFouet<br \/>\nMixeur<br \/>\nSupport d\u2019\u00e9tabli<br \/>\nPichet de 1,0 l<br \/>\nProcesseur (sans disque de poudre)<br \/>\nMoteur \u00e0 courant alternatif<br \/>\nDouble isolation<br \/>\nLongueur de la tige : 14 cm<\/p>\n<p>PAS DE VENTE EN DEHORS DE L\u2019EUROPE<\/p>\n","protected":false},"excerpt":{"rendered":"<p>Bamix\u00ae SwissLine est plus qu\u2019un simple auxiliaire de cuisine. Il s\u2019agit d\u2019un appareil tout-en-un qui peut remplacer les robots de cuisine conventionnels avec des performances extraordinaires. Gr\u00e2ce \u00e0 ses diff\u00e9rents accessoires, il peut \u00eatre utilis\u00e9 de mani\u00e8re multifonctionnelle, avec un design unique et des couleurs attrayantes. CARACT\u00c9RISTIQUES Lame polyvalente Fouet Mixeur Support d\u2019\u00e9tabli Pichet de [&hellip;]<\/p>\n","protected":false},"featured_media":6367151,"template":"","meta":{"_acf_changed":false},"product_cat":[12061,12055],"product_tag":[],"class_list":{"0":"post-63590","1":"product","2":"type-product","3":"status-publish","4":"has-post-thumbnail","6":"product_cat-mixeurs","7":"product_cat-petits-electromenagers","9":"first","10":"instock","11":"taxable","12":"shipping-taxable","13":"purchasable","14":"product-type-simple","swatches":"rey-swatches","show_selected":"","stretch_labels":"rey-swatches--stretch-labels"},"acf":[],"yoast_head":"<!-- This site is optimized with the Yoast SEO plugin v25.4 - https:\/\/yoast.com\/wordpress\/plugins\/seo\/ -->\n<title>BAMIX Swissline Blender \u00e0 immersion Noir - dev6 Erresse<\/title>\n<meta name=\"description\" content=\"Bamix\u00ae SwissLine est plus qu\u2019un simple auxiliaire de cuisine. Il s\u2019agit d\u2019un appareil tout-en-un qui peut remplacer les robots de cuisine conventionnels\" \/>\n<meta name=\"robots\" content=\"noindex, follow, max-snippet:-1, max-image-preview:large, max-video-preview:-1\" \/>\n<meta property=\"og:locale\" content=\"fr_FR\" \/>\n<meta property=\"og:type\" content=\"article\" \/>\n<meta property=\"og:title\" content=\"BAMIX Swissline Blender \u00e0 immersion Noir - dev6 Erresse\" \/>\n<meta property=\"og:description\" content=\"Bamix\u00ae SwissLine est plus qu\u2019un simple auxiliaire de cuisine. Il s\u2019agit d\u2019un appareil tout-en-un qui peut remplacer les robots de cuisine conventionnels\" \/>\n<meta property=\"og:url\" content=\"https:\/\/dev6.erresse-shop.it\/fr\/shop\/petits-electromenagers\/mixeurs\/bamix-swissline-blender-a-immersion-noir\/\" \/>\n<meta property=\"og:site_name\" content=\"dev6 Erresse\" \/>\n<meta property=\"og:image\" content=\"https:\/\/interpim.erresse-shop.it\/Import\/Prodotti\/bamix-swiss-line-black.jpg\" \/><meta property=\"og:image\" content=\"https:\/\/interpim.erresse-shop.it\/Import\/Prodotti\/bamix-swiss-line-black.jpg\" \/>\n\t<meta property=\"og:image:width\" content=\"1024\" \/>\n\t<meta property=\"og:image:height\" content=\"1024\" \/>\n\t<meta property=\"og:image:type\" content=\"image\/jpeg\" \/>\n<meta name=\"twitter:card\" content=\"summary_large_image\" \/>\n<meta name=\"twitter:image\" content=\"https:\/\/interpim.erresse-shop.it\/Import\/Prodotti\/bamix-swiss-line-black.jpg\" \/>\n<script type=\"application\/ld+json\" class=\"yoast-schema-graph\">{\"@context\":\"https:\/\/schema.org\",\"@graph\":[{\"@type\":\"WebPage\",\"@id\":\"https:\/\/dev6.erresse-shop.it\/fr\/shop\/petits-electromenagers\/mixeurs\/bamix-swissline-blender-a-immersion-noir\/\",\"url\":\"https:\/\/dev6.erresse-shop.it\/fr\/shop\/petits-electromenagers\/mixeurs\/bamix-swissline-blender-a-immersion-noir\/\",\"name\":\"BAMIX Swissline Blender \u00e0 immersion Noir - dev6 Erresse\",\"isPartOf\":{\"@id\":\"https:\/\/dev6.erresse-shop.it\/#website\"},\"primaryImageOfPage\":{\"@id\":\"https:\/\/dev6.erresse-shop.it\/fr\/shop\/petits-electromenagers\/mixeurs\/bamix-swissline-blender-a-immersion-noir\/#primaryimage\"},\"image\":{\"@id\":\"https:\/\/dev6.erresse-shop.it\/fr\/shop\/petits-electromenagers\/mixeurs\/bamix-swissline-blender-a-immersion-noir\/#primaryimage\"},\"thumbnailUrl\":\"https:\/\/i2.wp.com\/interpim.erresse-shop.it\/Import\/Prodotti\/bamix-swiss-line-black.jpg?ssl=1\",\"datePublished\":\"2026-04-12T08:42:34+00:00\",\"description\":\"Bamix\u00ae SwissLine est plus qu\u2019un simple auxiliaire de cuisine. Il s\u2019agit d\u2019un appareil tout-en-un qui peut remplacer les robots de cuisine conventionnels\",\"breadcrumb\":{\"@id\":\"https:\/\/dev6.erresse-shop.it\/fr\/shop\/petits-electromenagers\/mixeurs\/bamix-swissline-blender-a-immersion-noir\/#breadcrumb\"},\"inLanguage\":\"fr-FR\",\"potentialAction\":[{\"@type\":\"ReadAction\",\"target\":[\"https:\/\/dev6.erresse-shop.it\/fr\/shop\/petits-electromenagers\/mixeurs\/bamix-swissline-blender-a-immersion-noir\/\"]}]},{\"@type\":\"ImageObject\",\"inLanguage\":\"fr-FR\",\"@id\":\"https:\/\/dev6.erresse-shop.it\/fr\/shop\/petits-electromenagers\/mixeurs\/bamix-swissline-blender-a-immersion-noir\/#primaryimage\",\"url\":\"https:\/\/i2.wp.com\/interpim.erresse-shop.it\/Import\/Prodotti\/bamix-swiss-line-black.jpg?ssl=1\",\"contentUrl\":\"https:\/\/i2.wp.com\/interpim.erresse-shop.it\/Import\/Prodotti\/bamix-swiss-line-black.jpg?ssl=1\"},{\"@type\":\"BreadcrumbList\",\"@id\":\"https:\/\/dev6.erresse-shop.it\/fr\/shop\/petits-electromenagers\/mixeurs\/bamix-swissline-blender-a-immersion-noir\/#breadcrumb\",\"itemListElement\":[{\"@type\":\"ListItem\",\"position\":1,\"name\":\"Home\",\"item\":\"https:\/\/dev6.erresse-shop.it\/\"},{\"@type\":\"ListItem\",\"position\":2,\"name\":\"Boutique\",\"item\":\"https:\/\/dev6.erresse-shop.it\/shop\/\"},{\"@type\":\"ListItem\",\"position\":3,\"name\":\"BAMIX Swissline Blender \u00e0 immersion Noir\"}]},{\"@type\":\"WebSite\",\"@id\":\"https:\/\/dev6.erresse-shop.it\/#website\",\"url\":\"https:\/\/dev6.erresse-shop.it\/\",\"name\":\"Erresse Shop\",\"description\":\"\",\"publisher\":{\"@id\":\"https:\/\/dev6.erresse-shop.it\/#organization\"},\"potentialAction\":[{\"@type\":\"SearchAction\",\"target\":{\"@type\":\"EntryPoint\",\"urlTemplate\":\"https:\/\/dev6.erresse-shop.it\/?s={search_term_string}\"},\"query-input\":{\"@type\":\"PropertyValueSpecification\",\"valueRequired\":true,\"valueName\":\"search_term_string\"}}],\"inLanguage\":\"fr-FR\"},{\"@type\":\"Organization\",\"@id\":\"https:\/\/dev6.erresse-shop.it\/#organization\",\"name\":\"Erresse Shop\",\"url\":\"https:\/\/dev6.erresse-shop.it\/\",\"logo\":{\"@type\":\"ImageObject\",\"inLanguage\":\"fr-FR\",\"@id\":\"https:\/\/dev6.erresse-shop.it\/#\/schema\/logo\/image\/\",\"url\":\"https:\/\/dev6.erresse-shop.it\/wp-content\/uploads\/2025\/01\/LOGO-ERRESSE-CLASSICO.svg\",\"contentUrl\":\"https:\/\/dev6.erresse-shop.it\/wp-content\/uploads\/2025\/01\/LOGO-ERRESSE-CLASSICO.svg\",\"caption\":\"Erresse Shop\"},\"image\":{\"@id\":\"https:\/\/dev6.erresse-shop.it\/#\/schema\/logo\/image\/\"}}]}<\/script>\n<!-- \/ Yoast SEO plugin. -->","yoast_head_json":{"title":"BAMIX Swissline Blender \u00e0 immersion Noir - dev6 Erresse","description":"Bamix\u00ae SwissLine est plus qu\u2019un simple auxiliaire de cuisine. Il s\u2019agit d\u2019un appareil tout-en-un qui peut remplacer les robots de cuisine conventionnels","robots":{"index":"noindex","follow":"follow","max-snippet":"max-snippet:-1","max-image-preview":"max-image-preview:large","max-video-preview":"max-video-preview:-1"},"og_locale":"fr_FR","og_type":"article","og_title":"BAMIX Swissline Blender \u00e0 immersion Noir - dev6 Erresse","og_description":"Bamix\u00ae SwissLine est plus qu\u2019un simple auxiliaire de cuisine. Il s\u2019agit d\u2019un appareil tout-en-un qui peut remplacer les robots de cuisine conventionnels","og_url":"https:\/\/dev6.erresse-shop.it\/fr\/shop\/petits-electromenagers\/mixeurs\/bamix-swissline-blender-a-immersion-noir\/","og_site_name":"dev6 Erresse","og_image":[{"url":"https:\/\/interpim.erresse-shop.it\/Import\/Prodotti\/bamix-swiss-line-black.jpg","type":"","width":"","height":""},{"url":"https:\/\/interpim.erresse-shop.it\/Import\/Prodotti\/bamix-swiss-line-black.jpg","width":1024,"height":1024,"type":"image\/jpeg"}],"twitter_card":"summary_large_image","twitter_image":"https:\/\/interpim.erresse-shop.it\/Import\/Prodotti\/bamix-swiss-line-black.jpg","schema":{"@context":"https:\/\/schema.org","@graph":[{"@type":"WebPage","@id":"https:\/\/dev6.erresse-shop.it\/fr\/shop\/petits-electromenagers\/mixeurs\/bamix-swissline-blender-a-immersion-noir\/","url":"https:\/\/dev6.erresse-shop.it\/fr\/shop\/petits-electromenagers\/mixeurs\/bamix-swissline-blender-a-immersion-noir\/","name":"BAMIX Swissline Blender \u00e0 immersion Noir - dev6 Erresse","isPartOf":{"@id":"https:\/\/dev6.erresse-shop.it\/#website"},"primaryImageOfPage":{"@id":"https:\/\/dev6.erresse-shop.it\/fr\/shop\/petits-electromenagers\/mixeurs\/bamix-swissline-blender-a-immersion-noir\/#primaryimage"},"image":{"@id":"https:\/\/dev6.erresse-shop.it\/fr\/shop\/petits-electromenagers\/mixeurs\/bamix-swissline-blender-a-immersion-noir\/#primaryimage"},"thumbnailUrl":"https:\/\/i2.wp.com\/interpim.erresse-shop.it\/Import\/Prodotti\/bamix-swiss-line-black.jpg?ssl=1","datePublished":"2026-04-12T08:42:34+00:00","description":"Bamix\u00ae SwissLine est plus qu\u2019un simple auxiliaire de cuisine. Il s\u2019agit d\u2019un appareil tout-en-un qui peut remplacer les robots de cuisine conventionnels","breadcrumb":{"@id":"https:\/\/dev6.erresse-shop.it\/fr\/shop\/petits-electromenagers\/mixeurs\/bamix-swissline-blender-a-immersion-noir\/#breadcrumb"},"inLanguage":"fr-FR","potentialAction":[{"@type":"ReadAction","target":["https:\/\/dev6.erresse-shop.it\/fr\/shop\/petits-electromenagers\/mixeurs\/bamix-swissline-blender-a-immersion-noir\/"]}]},{"@type":"ImageObject","inLanguage":"fr-FR","@id":"https:\/\/dev6.erresse-shop.it\/fr\/shop\/petits-electromenagers\/mixeurs\/bamix-swissline-blender-a-immersion-noir\/#primaryimage","url":"https:\/\/i2.wp.com\/interpim.erresse-shop.it\/Import\/Prodotti\/bamix-swiss-line-black.jpg?ssl=1","contentUrl":"https:\/\/i2.wp.com\/interpim.erresse-shop.it\/Import\/Prodotti\/bamix-swiss-line-black.jpg?ssl=1"},{"@type":"BreadcrumbList","@id":"https:\/\/dev6.erresse-shop.it\/fr\/shop\/petits-electromenagers\/mixeurs\/bamix-swissline-blender-a-immersion-noir\/#breadcrumb","itemListElement":[{"@type":"ListItem","position":1,"name":"Home","item":"https:\/\/dev6.erresse-shop.it\/"},{"@type":"ListItem","position":2,"name":"Boutique","item":"https:\/\/dev6.erresse-shop.it\/shop\/"},{"@type":"ListItem","position":3,"name":"BAMIX Swissline Blender \u00e0 immersion Noir"}]},{"@type":"WebSite","@id":"https:\/\/dev6.erresse-shop.it\/#website","url":"https:\/\/dev6.erresse-shop.it\/","name":"Erresse Shop","description":"","publisher":{"@id":"https:\/\/dev6.erresse-shop.it\/#organization"},"potentialAction":[{"@type":"SearchAction","target":{"@type":"EntryPoint","urlTemplate":"https:\/\/dev6.erresse-shop.it\/?s={search_term_string}"},"query-input":{"@type":"PropertyValueSpecification","valueRequired":true,"valueName":"search_term_string"}}],"inLanguage":"fr-FR"},{"@type":"Organization","@id":"https:\/\/dev6.erresse-shop.it\/#organization","name":"Erresse Shop","url":"https:\/\/dev6.erresse-shop.it\/","logo":{"@type":"ImageObject","inLanguage":"fr-FR","@id":"https:\/\/dev6.erresse-shop.it\/#\/schema\/logo\/image\/","url":"https:\/\/dev6.erresse-shop.it\/wp-content\/uploads\/2025\/01\/LOGO-ERRESSE-CLASSICO.svg","contentUrl":"https:\/\/dev6.erresse-shop.it\/wp-content\/uploads\/2025\/01\/LOGO-ERRESSE-CLASSICO.svg","caption":"Erresse Shop"},"image":{"@id":"https:\/\/dev6.erresse-shop.it\/#\/schema\/logo\/image\/"}}]}},"df_price":279.9,"df_sale_price":"","df_regular_price":279.9,"df_image_link":"https:\/\/i2.wp.com\/interpim.erresse-shop.it\/Import\/Prodotti\/bamix-swiss-line-black.jpg?resize=300,300&ssl=1","fifu_image_url":"https:\/\/interpim.erresse-shop.it\/Import\/Prodotti\/bamix-swiss-line-black.jpg","_links":{"self":[{"href":"https:\/\/dev6.erresse-shop.it\/fr\/wp-json\/wp\/v2\/product\/63590","targetHints":{"allow":["GET"]}}],"collection":[{"href":"https:\/\/dev6.erresse-shop.it\/fr\/wp-json\/wp\/v2\/product"}],"about":[{"href":"https:\/\/dev6.erresse-shop.it\/fr\/wp-json\/wp\/v2\/types\/product"}],"wp:featuredmedia":[{"embeddable":true,"href":"https:\/\/dev6.erresse-shop.it\/fr\/wp-json\/wp\/v2\/media\/6367151"}],"wp:attachment":[{"href":"https:\/\/dev6.erresse-shop.it\/fr\/wp-json\/wp\/v2\/media?parent=63590"}],"wp:term":[{"taxonomy":"product_cat","embeddable":true,"href":"https:\/\/dev6.erresse-shop.it\/fr\/wp-json\/wp\/v2\/product_cat?post=63590"},{"taxonomy":"product_tag","embeddable":true,"href":"https:\/\/dev6.erresse-shop.it\/fr\/wp-json\/wp\/v2\/product_tag?post=63590"}],"curies":[{"name":"wp","href":"https:\/\/api.w.org\/{rel}","templated":true}]}}