{"id":63502,"date":"2026-04-12T10:38:44","date_gmt":"2026-04-12T08:38:44","guid":{"rendered":"https:\/\/dev6.erresse-shop.it\/shop\/non%20class\u00e9\/cilio-panier-pique-nique-a-palermo\/"},"modified":"2025-07-19T04:04:15","modified_gmt":"2025-07-19T02:04:15","slug":"cilio-panier-pique-nique-a-palermo","status":"publish","type":"product","link":"https:\/\/dev6.erresse-shop.it\/fr\/shop\/table-fr-2\/paniers-pique-nique\/cilio-panier-pique-nique-a-palermo\/","title":{"rendered":"CILIO Panier pique-nique \u00e0 Palermo"},"content":{"rendered":"<p>Surprise ! Aujourd\u2019hui, nous d\u00eenons en plein air, \u00e0 la lueur des bougies. Le panier \u00e0 pique-nique Palermo de Cilio contient tout ce qu\u2019il faut pour une soir\u00e9e romantique. Il est rempli de couverts, de verres et d\u2019assiettes pour quatre personnes. Dans tous les paniers, il y a suffisamment de place pour vos friandises pr\u00e9f\u00e9r\u00e9es et des bougies chauffe-plat. Des sangles \u00e0 l\u2019int\u00e9rieur veillent \u00e0 ce que rien ne tombe par terre ; la solide poign\u00e9e de transport permet de garder le tout sous contr\u00f4le.<\/p>\n<p>Vous trouverez \u00e0 l\u2019int\u00e9rieur<\/p>\n<p>4 plats en c\u00e9ramique de 18 cm<br \/>\n4 gobelets en verre<br \/>\nCouverts pour 4 personnes<br \/>\n1 planche \u00e0 d\u00e9couper 14 x 14 cm<br \/>\nBandouli\u00e8re r\u00e9glable en polyester<br \/>\nCompartiment thermique<\/p>\n<p>Dimensions : 65 x 34,5 x 26 cm<br \/>\nMat\u00e9riau : osier et pin<\/p>\n<p>La soci\u00e9t\u00e9 Cilio a \u00e9t\u00e9 fond\u00e9e en 1993 \u00e0 Solingen, o\u00f9 elle est toujours \u00e9tablie aujourd\u2019hui. Depuis le d\u00e9but, Cilio attache une grande importance \u00e0 la combinaison de mat\u00e9riaux de haute qualit\u00e9, d\u2019un design distinctif, d\u2019un excellent savoir-faire artisanal et industriel et d\u2019une utilit\u00e9 parfaite. Cette philosophie s\u2019applique \u00e0 tous les secteurs.<\/p>\n","protected":false},"excerpt":{"rendered":"<p>Surprise ! Aujourd\u2019hui, nous d\u00eenons en plein air, \u00e0 la lueur des bougies. Le panier \u00e0 pique-nique Palermo de Cilio contient tout ce qu\u2019il faut pour une soir\u00e9e romantique. Il est rempli de couverts, de verres et d\u2019assiettes pour quatre personnes. Dans tous les paniers, il y a suffisamment de place pour vos friandises pr\u00e9f\u00e9r\u00e9es [&hellip;]<\/p>\n","protected":false},"featured_media":6366985,"template":"","meta":{"_acf_changed":false},"product_cat":[12032,11995,11671],"product_tag":[],"class_list":{"0":"post-63502","1":"product","2":"type-product","3":"status-publish","4":"has-post-thumbnail","6":"product_cat-paniers-pique-nique","7":"product_cat-table-fr-2","8":"product_cat-tavola","10":"first","11":"instock","12":"sale","13":"taxable","14":"shipping-taxable","15":"purchasable","16":"product-type-simple","swatches":"rey-swatches","show_selected":"","stretch_labels":"rey-swatches--stretch-labels"},"acf":[],"yoast_head":"<!-- This site is optimized with the Yoast SEO plugin v25.4 - https:\/\/yoast.com\/wordpress\/plugins\/seo\/ -->\n<title>CILIO Panier pique-nique \u00e0 Palermo - dev6 Erresse<\/title>\n<meta name=\"description\" content=\"Surprise ! Aujourd\u2019hui, nous d\u00eenons en plein air, \u00e0 la lueur des bougies. Le panier \u00e0 pique-nique Palermo de Cilio contient tout ce qu\u2019il faut pour une\" \/>\n<meta name=\"robots\" content=\"noindex, follow, max-snippet:-1, max-image-preview:large, max-video-preview:-1\" \/>\n<meta property=\"og:locale\" content=\"fr_FR\" \/>\n<meta property=\"og:type\" content=\"article\" \/>\n<meta property=\"og:title\" content=\"CILIO Panier pique-nique \u00e0 Palermo - dev6 Erresse\" \/>\n<meta property=\"og:description\" content=\"Surprise ! Aujourd\u2019hui, nous d\u00eenons en plein air, \u00e0 la lueur des bougies. Le panier \u00e0 pique-nique Palermo de Cilio contient tout ce qu\u2019il faut pour une\" \/>\n<meta property=\"og:url\" content=\"https:\/\/dev6.erresse-shop.it\/fr\/shop\/table-fr-2\/paniers-pique-nique\/cilio-panier-pique-nique-a-palermo\/\" \/>\n<meta property=\"og:site_name\" content=\"dev6 Erresse\" \/>\n<meta property=\"og:image\" content=\"https:\/\/interpim.erresse-shop.it\/Import\/Prodotti\/cilio-cestino-picnic-palermo.jpg\" \/><meta property=\"og:image\" content=\"https:\/\/interpim.erresse-shop.it\/Import\/Prodotti\/cilio-cestino-picnic-palermo.jpg\" \/>\n\t<meta property=\"og:image:width\" content=\"1024\" \/>\n\t<meta property=\"og:image:height\" content=\"1024\" \/>\n\t<meta property=\"og:image:type\" content=\"image\/jpeg\" \/>\n<meta name=\"twitter:card\" content=\"summary_large_image\" \/>\n<meta name=\"twitter:image\" content=\"https:\/\/interpim.erresse-shop.it\/Import\/Prodotti\/cilio-cestino-picnic-palermo.jpg\" \/>\n<script type=\"application\/ld+json\" class=\"yoast-schema-graph\">{\"@context\":\"https:\/\/schema.org\",\"@graph\":[{\"@type\":\"WebPage\",\"@id\":\"https:\/\/dev6.erresse-shop.it\/fr\/shop\/table-fr-2\/paniers-pique-nique\/cilio-panier-pique-nique-a-palermo\/\",\"url\":\"https:\/\/dev6.erresse-shop.it\/fr\/shop\/table-fr-2\/paniers-pique-nique\/cilio-panier-pique-nique-a-palermo\/\",\"name\":\"CILIO Panier pique-nique \u00e0 Palermo - dev6 Erresse\",\"isPartOf\":{\"@id\":\"https:\/\/dev6.erresse-shop.it\/#website\"},\"primaryImageOfPage\":{\"@id\":\"https:\/\/dev6.erresse-shop.it\/fr\/shop\/table-fr-2\/paniers-pique-nique\/cilio-panier-pique-nique-a-palermo\/#primaryimage\"},\"image\":{\"@id\":\"https:\/\/dev6.erresse-shop.it\/fr\/shop\/table-fr-2\/paniers-pique-nique\/cilio-panier-pique-nique-a-palermo\/#primaryimage\"},\"thumbnailUrl\":\"https:\/\/i0.wp.com\/interpim.erresse-shop.it\/Import\/Prodotti\/cilio-cestino-picnic-palermo.jpg?ssl=1\",\"datePublished\":\"2026-04-12T08:38:44+00:00\",\"description\":\"Surprise ! Aujourd\u2019hui, nous d\u00eenons en plein air, \u00e0 la lueur des bougies. Le panier \u00e0 pique-nique Palermo de Cilio contient tout ce qu\u2019il faut pour une\",\"breadcrumb\":{\"@id\":\"https:\/\/dev6.erresse-shop.it\/fr\/shop\/table-fr-2\/paniers-pique-nique\/cilio-panier-pique-nique-a-palermo\/#breadcrumb\"},\"inLanguage\":\"fr-FR\",\"potentialAction\":[{\"@type\":\"ReadAction\",\"target\":[\"https:\/\/dev6.erresse-shop.it\/fr\/shop\/table-fr-2\/paniers-pique-nique\/cilio-panier-pique-nique-a-palermo\/\"]}]},{\"@type\":\"ImageObject\",\"inLanguage\":\"fr-FR\",\"@id\":\"https:\/\/dev6.erresse-shop.it\/fr\/shop\/table-fr-2\/paniers-pique-nique\/cilio-panier-pique-nique-a-palermo\/#primaryimage\",\"url\":\"https:\/\/i0.wp.com\/interpim.erresse-shop.it\/Import\/Prodotti\/cilio-cestino-picnic-palermo.jpg?ssl=1\",\"contentUrl\":\"https:\/\/i0.wp.com\/interpim.erresse-shop.it\/Import\/Prodotti\/cilio-cestino-picnic-palermo.jpg?ssl=1\"},{\"@type\":\"BreadcrumbList\",\"@id\":\"https:\/\/dev6.erresse-shop.it\/fr\/shop\/table-fr-2\/paniers-pique-nique\/cilio-panier-pique-nique-a-palermo\/#breadcrumb\",\"itemListElement\":[{\"@type\":\"ListItem\",\"position\":1,\"name\":\"Home\",\"item\":\"https:\/\/dev6.erresse-shop.it\/\"},{\"@type\":\"ListItem\",\"position\":2,\"name\":\"Boutique\",\"item\":\"https:\/\/dev6.erresse-shop.it\/shop\/\"},{\"@type\":\"ListItem\",\"position\":3,\"name\":\"CILIO Panier pique-nique \u00e0 Palermo\"}]},{\"@type\":\"WebSite\",\"@id\":\"https:\/\/dev6.erresse-shop.it\/#website\",\"url\":\"https:\/\/dev6.erresse-shop.it\/\",\"name\":\"Erresse Shop\",\"description\":\"\",\"publisher\":{\"@id\":\"https:\/\/dev6.erresse-shop.it\/#organization\"},\"potentialAction\":[{\"@type\":\"SearchAction\",\"target\":{\"@type\":\"EntryPoint\",\"urlTemplate\":\"https:\/\/dev6.erresse-shop.it\/?s={search_term_string}\"},\"query-input\":{\"@type\":\"PropertyValueSpecification\",\"valueRequired\":true,\"valueName\":\"search_term_string\"}}],\"inLanguage\":\"fr-FR\"},{\"@type\":\"Organization\",\"@id\":\"https:\/\/dev6.erresse-shop.it\/#organization\",\"name\":\"Erresse Shop\",\"url\":\"https:\/\/dev6.erresse-shop.it\/\",\"logo\":{\"@type\":\"ImageObject\",\"inLanguage\":\"fr-FR\",\"@id\":\"https:\/\/dev6.erresse-shop.it\/#\/schema\/logo\/image\/\",\"url\":\"https:\/\/dev6.erresse-shop.it\/wp-content\/uploads\/2025\/01\/LOGO-ERRESSE-CLASSICO.svg\",\"contentUrl\":\"https:\/\/dev6.erresse-shop.it\/wp-content\/uploads\/2025\/01\/LOGO-ERRESSE-CLASSICO.svg\",\"caption\":\"Erresse Shop\"},\"image\":{\"@id\":\"https:\/\/dev6.erresse-shop.it\/#\/schema\/logo\/image\/\"}}]}<\/script>\n<!-- \/ Yoast SEO plugin. -->","yoast_head_json":{"title":"CILIO Panier pique-nique \u00e0 Palermo - dev6 Erresse","description":"Surprise ! Aujourd\u2019hui, nous d\u00eenons en plein air, \u00e0 la lueur des bougies. Le panier \u00e0 pique-nique Palermo de Cilio contient tout ce qu\u2019il faut pour une","robots":{"index":"noindex","follow":"follow","max-snippet":"max-snippet:-1","max-image-preview":"max-image-preview:large","max-video-preview":"max-video-preview:-1"},"og_locale":"fr_FR","og_type":"article","og_title":"CILIO Panier pique-nique \u00e0 Palermo - dev6 Erresse","og_description":"Surprise ! Aujourd\u2019hui, nous d\u00eenons en plein air, \u00e0 la lueur des bougies. Le panier \u00e0 pique-nique Palermo de Cilio contient tout ce qu\u2019il faut pour une","og_url":"https:\/\/dev6.erresse-shop.it\/fr\/shop\/table-fr-2\/paniers-pique-nique\/cilio-panier-pique-nique-a-palermo\/","og_site_name":"dev6 Erresse","og_image":[{"url":"https:\/\/interpim.erresse-shop.it\/Import\/Prodotti\/cilio-cestino-picnic-palermo.jpg","type":"","width":"","height":""},{"url":"https:\/\/interpim.erresse-shop.it\/Import\/Prodotti\/cilio-cestino-picnic-palermo.jpg","width":1024,"height":1024,"type":"image\/jpeg"}],"twitter_card":"summary_large_image","twitter_image":"https:\/\/interpim.erresse-shop.it\/Import\/Prodotti\/cilio-cestino-picnic-palermo.jpg","schema":{"@context":"https:\/\/schema.org","@graph":[{"@type":"WebPage","@id":"https:\/\/dev6.erresse-shop.it\/fr\/shop\/table-fr-2\/paniers-pique-nique\/cilio-panier-pique-nique-a-palermo\/","url":"https:\/\/dev6.erresse-shop.it\/fr\/shop\/table-fr-2\/paniers-pique-nique\/cilio-panier-pique-nique-a-palermo\/","name":"CILIO Panier pique-nique \u00e0 Palermo - dev6 Erresse","isPartOf":{"@id":"https:\/\/dev6.erresse-shop.it\/#website"},"primaryImageOfPage":{"@id":"https:\/\/dev6.erresse-shop.it\/fr\/shop\/table-fr-2\/paniers-pique-nique\/cilio-panier-pique-nique-a-palermo\/#primaryimage"},"image":{"@id":"https:\/\/dev6.erresse-shop.it\/fr\/shop\/table-fr-2\/paniers-pique-nique\/cilio-panier-pique-nique-a-palermo\/#primaryimage"},"thumbnailUrl":"https:\/\/i0.wp.com\/interpim.erresse-shop.it\/Import\/Prodotti\/cilio-cestino-picnic-palermo.jpg?ssl=1","datePublished":"2026-04-12T08:38:44+00:00","description":"Surprise ! Aujourd\u2019hui, nous d\u00eenons en plein air, \u00e0 la lueur des bougies. Le panier \u00e0 pique-nique Palermo de Cilio contient tout ce qu\u2019il faut pour une","breadcrumb":{"@id":"https:\/\/dev6.erresse-shop.it\/fr\/shop\/table-fr-2\/paniers-pique-nique\/cilio-panier-pique-nique-a-palermo\/#breadcrumb"},"inLanguage":"fr-FR","potentialAction":[{"@type":"ReadAction","target":["https:\/\/dev6.erresse-shop.it\/fr\/shop\/table-fr-2\/paniers-pique-nique\/cilio-panier-pique-nique-a-palermo\/"]}]},{"@type":"ImageObject","inLanguage":"fr-FR","@id":"https:\/\/dev6.erresse-shop.it\/fr\/shop\/table-fr-2\/paniers-pique-nique\/cilio-panier-pique-nique-a-palermo\/#primaryimage","url":"https:\/\/i0.wp.com\/interpim.erresse-shop.it\/Import\/Prodotti\/cilio-cestino-picnic-palermo.jpg?ssl=1","contentUrl":"https:\/\/i0.wp.com\/interpim.erresse-shop.it\/Import\/Prodotti\/cilio-cestino-picnic-palermo.jpg?ssl=1"},{"@type":"BreadcrumbList","@id":"https:\/\/dev6.erresse-shop.it\/fr\/shop\/table-fr-2\/paniers-pique-nique\/cilio-panier-pique-nique-a-palermo\/#breadcrumb","itemListElement":[{"@type":"ListItem","position":1,"name":"Home","item":"https:\/\/dev6.erresse-shop.it\/"},{"@type":"ListItem","position":2,"name":"Boutique","item":"https:\/\/dev6.erresse-shop.it\/shop\/"},{"@type":"ListItem","position":3,"name":"CILIO Panier pique-nique \u00e0 Palermo"}]},{"@type":"WebSite","@id":"https:\/\/dev6.erresse-shop.it\/#website","url":"https:\/\/dev6.erresse-shop.it\/","name":"Erresse Shop","description":"","publisher":{"@id":"https:\/\/dev6.erresse-shop.it\/#organization"},"potentialAction":[{"@type":"SearchAction","target":{"@type":"EntryPoint","urlTemplate":"https:\/\/dev6.erresse-shop.it\/?s={search_term_string}"},"query-input":{"@type":"PropertyValueSpecification","valueRequired":true,"valueName":"search_term_string"}}],"inLanguage":"fr-FR"},{"@type":"Organization","@id":"https:\/\/dev6.erresse-shop.it\/#organization","name":"Erresse Shop","url":"https:\/\/dev6.erresse-shop.it\/","logo":{"@type":"ImageObject","inLanguage":"fr-FR","@id":"https:\/\/dev6.erresse-shop.it\/#\/schema\/logo\/image\/","url":"https:\/\/dev6.erresse-shop.it\/wp-content\/uploads\/2025\/01\/LOGO-ERRESSE-CLASSICO.svg","contentUrl":"https:\/\/dev6.erresse-shop.it\/wp-content\/uploads\/2025\/01\/LOGO-ERRESSE-CLASSICO.svg","caption":"Erresse Shop"},"image":{"@id":"https:\/\/dev6.erresse-shop.it\/#\/schema\/logo\/image\/"}}]}},"df_price":189,"df_sale_price":189,"df_regular_price":209.9,"df_image_link":"https:\/\/i0.wp.com\/interpim.erresse-shop.it\/Import\/Prodotti\/cilio-cestino-picnic-palermo.jpg?resize=300,300&ssl=1","fifu_image_url":"https:\/\/interpim.erresse-shop.it\/Import\/Prodotti\/cilio-cestino-picnic-palermo.jpg","_links":{"self":[{"href":"https:\/\/dev6.erresse-shop.it\/fr\/wp-json\/wp\/v2\/product\/63502","targetHints":{"allow":["GET"]}}],"collection":[{"href":"https:\/\/dev6.erresse-shop.it\/fr\/wp-json\/wp\/v2\/product"}],"about":[{"href":"https:\/\/dev6.erresse-shop.it\/fr\/wp-json\/wp\/v2\/types\/product"}],"wp:featuredmedia":[{"embeddable":true,"href":"https:\/\/dev6.erresse-shop.it\/fr\/wp-json\/wp\/v2\/media\/6366985"}],"wp:attachment":[{"href":"https:\/\/dev6.erresse-shop.it\/fr\/wp-json\/wp\/v2\/media?parent=63502"}],"wp:term":[{"taxonomy":"product_cat","embeddable":true,"href":"https:\/\/dev6.erresse-shop.it\/fr\/wp-json\/wp\/v2\/product_cat?post=63502"},{"taxonomy":"product_tag","embeddable":true,"href":"https:\/\/dev6.erresse-shop.it\/fr\/wp-json\/wp\/v2\/product_tag?post=63502"}],"curies":[{"name":"wp","href":"https:\/\/api.w.org\/{rel}","templated":true}]}}