{"id":63498,"date":"2026-04-12T10:38:44","date_gmt":"2026-04-12T08:38:44","guid":{"rendered":"https:\/\/dev6.erresse-shop.it\/shop\/non%20class\u00e9\/zwilling-vitality-set-5-batterie-de-cuisine\/"},"modified":"2025-09-14T05:20:33","modified_gmt":"2025-09-14T03:20:33","slug":"zwilling-vitality-set-5-batterie-de-cuisine","status":"publish","type":"product","link":"https:\/\/dev6.erresse-shop.it\/fr\/shop\/poeles-pots\/batteries-de-cuisine\/zwilling-vitality-set-5-batterie-de-cuisine\/","title":{"rendered":"ZWILLING Vitality Set 5 Batterie de cuisine"},"content":{"rendered":"<p>Gr\u00e2ce au fond sandwich SIGMA Classic&#43;, il convient \u00e0 tous les types de plaques de cuisson, y compris les plaques \u00e0 induction. La chaleur est r\u00e9partie uniform\u00e9ment sur tout le fond et se conserve longtemps, tandis que les poign\u00e9es Stay Cool restent froides pendant longtemps. La cocotte est \u00e9quip\u00e9e d\u2019un couvercle en verre pratique qui vous permet de contr\u00f4ler le processus de cuisson \u00e0 tout moment sans le soulever. Ainsi, la vapeur et la chaleur restent dans la casserole, ce qui vous permet d\u2019\u00e9conomiser de l\u2019\u00e9nergie. La casserole vous d\u00e9charge \u00e9galement d\u2019une autre t\u00e2che importante : le lavage. En effet, les produits de la collection Vitality peuvent \u00eatre lav\u00e9s au lave-vaisselle. Le design cr\u00e9\u00e9 par Stefan Sch\u00f6ning est d\u2019une grande simplicit\u00e9 et extr\u00eamement fonctionnel. Qu\u2019ils soient pos\u00e9s sur la cuisini\u00e8re, sur le buffet ou sur la table, ces ustensiles de cuisine ont fi\u00e8re allure partout.<\/p>\n<p>Surface en acier inoxydable 18\/10 hygi\u00e9nique et insipide<br \/>\nFond sandwich SIGMA Classic&#43;, adapt\u00e9 aux plaques \u00e0 induction<br \/>\nExcellente accumulation et r\u00e9partition de la chaleur sur tout le fond<br \/>\nPoign\u00e9es solides en acier inoxydable Stay Cool<br \/>\nCouvercle avec structure int\u00e9rieure en silicone, recouvert d\u2019une protection en acier inoxydable, pour une cuisson \u00e9conome en \u00e9nergie et en eau<br \/>\nConvient \u00e0 tous les types de plaques de cuisson, y compris les plaques \u00e0 induction.<\/p>\n<p>A l\u2019int\u00e9rieur vous trouverez :<\/p>\n<p>1 cocotte de 20 cm<br \/>\n1 cocotte de 16 cm<br \/>\n1 casserole de 16 cm<br \/>\n1 casserole de 20 cm<br \/>\n1 casserole de 24 cm<\/p>\n<p>Lavable au lave-vaisselle. Peut \u00e9galement \u00eatre utilis\u00e9 au four.<\/p>\n","protected":false},"excerpt":{"rendered":"<p>Gr\u00e2ce au fond sandwich SIGMA Classic&#43;, il convient \u00e0 tous les types de plaques de cuisson, y compris les plaques \u00e0 induction. La chaleur est r\u00e9partie uniform\u00e9ment sur tout le fond et se conserve longtemps, tandis que les poign\u00e9es Stay Cool restent froides pendant longtemps. La cocotte est \u00e9quip\u00e9e d\u2019un couvercle en verre pratique qui [&hellip;]<\/p>\n","protected":false},"featured_media":6366983,"template":"","meta":{"_acf_changed":false},"product_cat":[12024,11667,11991],"product_tag":[],"class_list":{"0":"post-63498","1":"product","2":"type-product","3":"status-publish","4":"has-post-thumbnail","6":"product_cat-batteries-de-cuisine","7":"product_cat-padelle-pentole","8":"product_cat-poeles-pots","10":"first","11":"instock","12":"sale","13":"taxable","14":"shipping-taxable","15":"purchasable","16":"product-type-simple","swatches":"rey-swatches","show_selected":"","stretch_labels":"rey-swatches--stretch-labels"},"acf":[],"yoast_head":"<!-- This site is optimized with the Yoast SEO plugin v25.4 - https:\/\/yoast.com\/wordpress\/plugins\/seo\/ -->\n<title>ZWILLING Vitality Set 5 Batterie de cuisine - dev6 Erresse<\/title>\n<meta name=\"description\" content=\"Gr\u00e2ce au fond sandwich SIGMA Classic&#043;, il convient \u00e0 tous les types de plaques de cuisson, y compris les plaques \u00e0 induction. La chaleur est r\u00e9partie\" \/>\n<meta name=\"robots\" content=\"noindex, follow, max-snippet:-1, max-image-preview:large, max-video-preview:-1\" \/>\n<meta property=\"og:locale\" content=\"fr_FR\" \/>\n<meta property=\"og:type\" content=\"article\" \/>\n<meta property=\"og:title\" content=\"ZWILLING Vitality Set 5 Batterie de cuisine - dev6 Erresse\" \/>\n<meta property=\"og:description\" content=\"Gr\u00e2ce au fond sandwich SIGMA Classic&#043;, il convient \u00e0 tous les types de plaques de cuisson, y compris les plaques \u00e0 induction. La chaleur est r\u00e9partie\" \/>\n<meta property=\"og:url\" content=\"https:\/\/dev6.erresse-shop.it\/fr\/shop\/poeles-pots\/batteries-de-cuisine\/zwilling-vitality-set-5-batterie-de-cuisine\/\" \/>\n<meta property=\"og:site_name\" content=\"dev6 Erresse\" \/>\n<meta property=\"og:image\" content=\"https:\/\/interpim.erresse-shop.it\/img-catalogo\/zwilling\/zwilling-set-5-pentole-vitality.jpg\" \/><meta property=\"og:image\" content=\"https:\/\/interpim.erresse-shop.it\/img-catalogo\/zwilling\/zwilling-set-5-pentole-vitality.jpg\" \/>\n\t<meta property=\"og:image:width\" content=\"1024\" \/>\n\t<meta property=\"og:image:height\" content=\"1024\" \/>\n\t<meta property=\"og:image:type\" content=\"image\/jpeg\" \/>\n<meta name=\"twitter:card\" content=\"summary_large_image\" \/>\n<meta name=\"twitter:image\" content=\"https:\/\/interpim.erresse-shop.it\/img-catalogo\/zwilling\/zwilling-set-5-pentole-vitality.jpg\" \/>\n<script type=\"application\/ld+json\" class=\"yoast-schema-graph\">{\"@context\":\"https:\/\/schema.org\",\"@graph\":[{\"@type\":\"WebPage\",\"@id\":\"https:\/\/dev6.erresse-shop.it\/fr\/shop\/poeles-pots\/batteries-de-cuisine\/zwilling-vitality-set-5-batterie-de-cuisine\/\",\"url\":\"https:\/\/dev6.erresse-shop.it\/fr\/shop\/poeles-pots\/batteries-de-cuisine\/zwilling-vitality-set-5-batterie-de-cuisine\/\",\"name\":\"ZWILLING Vitality Set 5 Batterie de cuisine - dev6 Erresse\",\"isPartOf\":{\"@id\":\"https:\/\/dev6.erresse-shop.it\/#website\"},\"primaryImageOfPage\":{\"@id\":\"https:\/\/dev6.erresse-shop.it\/fr\/shop\/poeles-pots\/batteries-de-cuisine\/zwilling-vitality-set-5-batterie-de-cuisine\/#primaryimage\"},\"image\":{\"@id\":\"https:\/\/dev6.erresse-shop.it\/fr\/shop\/poeles-pots\/batteries-de-cuisine\/zwilling-vitality-set-5-batterie-de-cuisine\/#primaryimage\"},\"thumbnailUrl\":\"https:\/\/i2.wp.com\/interpim.erresse-shop.it\/img-catalogo\/zwilling\/zwilling-set-5-pentole-vitality.jpg?ssl=1\",\"datePublished\":\"2026-04-12T08:38:44+00:00\",\"description\":\"Gr\u00e2ce au fond sandwich SIGMA Classic&#43;, il convient \u00e0 tous les types de plaques de cuisson, y compris les plaques \u00e0 induction. La chaleur est r\u00e9partie\",\"breadcrumb\":{\"@id\":\"https:\/\/dev6.erresse-shop.it\/fr\/shop\/poeles-pots\/batteries-de-cuisine\/zwilling-vitality-set-5-batterie-de-cuisine\/#breadcrumb\"},\"inLanguage\":\"fr-FR\",\"potentialAction\":[{\"@type\":\"ReadAction\",\"target\":[\"https:\/\/dev6.erresse-shop.it\/fr\/shop\/poeles-pots\/batteries-de-cuisine\/zwilling-vitality-set-5-batterie-de-cuisine\/\"]}]},{\"@type\":\"ImageObject\",\"inLanguage\":\"fr-FR\",\"@id\":\"https:\/\/dev6.erresse-shop.it\/fr\/shop\/poeles-pots\/batteries-de-cuisine\/zwilling-vitality-set-5-batterie-de-cuisine\/#primaryimage\",\"url\":\"https:\/\/i2.wp.com\/interpim.erresse-shop.it\/img-catalogo\/zwilling\/zwilling-set-5-pentole-vitality.jpg?ssl=1\",\"contentUrl\":\"https:\/\/i2.wp.com\/interpim.erresse-shop.it\/img-catalogo\/zwilling\/zwilling-set-5-pentole-vitality.jpg?ssl=1\"},{\"@type\":\"BreadcrumbList\",\"@id\":\"https:\/\/dev6.erresse-shop.it\/fr\/shop\/poeles-pots\/batteries-de-cuisine\/zwilling-vitality-set-5-batterie-de-cuisine\/#breadcrumb\",\"itemListElement\":[{\"@type\":\"ListItem\",\"position\":1,\"name\":\"Home\",\"item\":\"https:\/\/dev6.erresse-shop.it\/\"},{\"@type\":\"ListItem\",\"position\":2,\"name\":\"Boutique\",\"item\":\"https:\/\/dev6.erresse-shop.it\/shop\/\"},{\"@type\":\"ListItem\",\"position\":3,\"name\":\"ZWILLING Vitality Set 5 Batterie de cuisine\"}]},{\"@type\":\"WebSite\",\"@id\":\"https:\/\/dev6.erresse-shop.it\/#website\",\"url\":\"https:\/\/dev6.erresse-shop.it\/\",\"name\":\"Erresse Shop\",\"description\":\"\",\"publisher\":{\"@id\":\"https:\/\/dev6.erresse-shop.it\/#organization\"},\"potentialAction\":[{\"@type\":\"SearchAction\",\"target\":{\"@type\":\"EntryPoint\",\"urlTemplate\":\"https:\/\/dev6.erresse-shop.it\/?s={search_term_string}\"},\"query-input\":{\"@type\":\"PropertyValueSpecification\",\"valueRequired\":true,\"valueName\":\"search_term_string\"}}],\"inLanguage\":\"fr-FR\"},{\"@type\":\"Organization\",\"@id\":\"https:\/\/dev6.erresse-shop.it\/#organization\",\"name\":\"Erresse Shop\",\"url\":\"https:\/\/dev6.erresse-shop.it\/\",\"logo\":{\"@type\":\"ImageObject\",\"inLanguage\":\"fr-FR\",\"@id\":\"https:\/\/dev6.erresse-shop.it\/#\/schema\/logo\/image\/\",\"url\":\"https:\/\/dev6.erresse-shop.it\/wp-content\/uploads\/2025\/01\/LOGO-ERRESSE-CLASSICO.svg\",\"contentUrl\":\"https:\/\/dev6.erresse-shop.it\/wp-content\/uploads\/2025\/01\/LOGO-ERRESSE-CLASSICO.svg\",\"caption\":\"Erresse Shop\"},\"image\":{\"@id\":\"https:\/\/dev6.erresse-shop.it\/#\/schema\/logo\/image\/\"}}]}<\/script>\n<!-- \/ Yoast SEO plugin. -->","yoast_head_json":{"title":"ZWILLING Vitality Set 5 Batterie de cuisine - dev6 Erresse","description":"Gr\u00e2ce au fond sandwich SIGMA Classic&#43;, il convient \u00e0 tous les types de plaques de cuisson, y compris les plaques \u00e0 induction. La chaleur est r\u00e9partie","robots":{"index":"noindex","follow":"follow","max-snippet":"max-snippet:-1","max-image-preview":"max-image-preview:large","max-video-preview":"max-video-preview:-1"},"og_locale":"fr_FR","og_type":"article","og_title":"ZWILLING Vitality Set 5 Batterie de cuisine - dev6 Erresse","og_description":"Gr\u00e2ce au fond sandwich SIGMA Classic&#43;, il convient \u00e0 tous les types de plaques de cuisson, y compris les plaques \u00e0 induction. La chaleur est r\u00e9partie","og_url":"https:\/\/dev6.erresse-shop.it\/fr\/shop\/poeles-pots\/batteries-de-cuisine\/zwilling-vitality-set-5-batterie-de-cuisine\/","og_site_name":"dev6 Erresse","og_image":[{"url":"https:\/\/interpim.erresse-shop.it\/img-catalogo\/zwilling\/zwilling-set-5-pentole-vitality.jpg","type":"","width":"","height":""},{"url":"https:\/\/interpim.erresse-shop.it\/img-catalogo\/zwilling\/zwilling-set-5-pentole-vitality.jpg","width":1024,"height":1024,"type":"image\/jpeg"}],"twitter_card":"summary_large_image","twitter_image":"https:\/\/interpim.erresse-shop.it\/img-catalogo\/zwilling\/zwilling-set-5-pentole-vitality.jpg","schema":{"@context":"https:\/\/schema.org","@graph":[{"@type":"WebPage","@id":"https:\/\/dev6.erresse-shop.it\/fr\/shop\/poeles-pots\/batteries-de-cuisine\/zwilling-vitality-set-5-batterie-de-cuisine\/","url":"https:\/\/dev6.erresse-shop.it\/fr\/shop\/poeles-pots\/batteries-de-cuisine\/zwilling-vitality-set-5-batterie-de-cuisine\/","name":"ZWILLING Vitality Set 5 Batterie de cuisine - dev6 Erresse","isPartOf":{"@id":"https:\/\/dev6.erresse-shop.it\/#website"},"primaryImageOfPage":{"@id":"https:\/\/dev6.erresse-shop.it\/fr\/shop\/poeles-pots\/batteries-de-cuisine\/zwilling-vitality-set-5-batterie-de-cuisine\/#primaryimage"},"image":{"@id":"https:\/\/dev6.erresse-shop.it\/fr\/shop\/poeles-pots\/batteries-de-cuisine\/zwilling-vitality-set-5-batterie-de-cuisine\/#primaryimage"},"thumbnailUrl":"https:\/\/i2.wp.com\/interpim.erresse-shop.it\/img-catalogo\/zwilling\/zwilling-set-5-pentole-vitality.jpg?ssl=1","datePublished":"2026-04-12T08:38:44+00:00","description":"Gr\u00e2ce au fond sandwich SIGMA Classic&#43;, il convient \u00e0 tous les types de plaques de cuisson, y compris les plaques \u00e0 induction. La chaleur est r\u00e9partie","breadcrumb":{"@id":"https:\/\/dev6.erresse-shop.it\/fr\/shop\/poeles-pots\/batteries-de-cuisine\/zwilling-vitality-set-5-batterie-de-cuisine\/#breadcrumb"},"inLanguage":"fr-FR","potentialAction":[{"@type":"ReadAction","target":["https:\/\/dev6.erresse-shop.it\/fr\/shop\/poeles-pots\/batteries-de-cuisine\/zwilling-vitality-set-5-batterie-de-cuisine\/"]}]},{"@type":"ImageObject","inLanguage":"fr-FR","@id":"https:\/\/dev6.erresse-shop.it\/fr\/shop\/poeles-pots\/batteries-de-cuisine\/zwilling-vitality-set-5-batterie-de-cuisine\/#primaryimage","url":"https:\/\/i2.wp.com\/interpim.erresse-shop.it\/img-catalogo\/zwilling\/zwilling-set-5-pentole-vitality.jpg?ssl=1","contentUrl":"https:\/\/i2.wp.com\/interpim.erresse-shop.it\/img-catalogo\/zwilling\/zwilling-set-5-pentole-vitality.jpg?ssl=1"},{"@type":"BreadcrumbList","@id":"https:\/\/dev6.erresse-shop.it\/fr\/shop\/poeles-pots\/batteries-de-cuisine\/zwilling-vitality-set-5-batterie-de-cuisine\/#breadcrumb","itemListElement":[{"@type":"ListItem","position":1,"name":"Home","item":"https:\/\/dev6.erresse-shop.it\/"},{"@type":"ListItem","position":2,"name":"Boutique","item":"https:\/\/dev6.erresse-shop.it\/shop\/"},{"@type":"ListItem","position":3,"name":"ZWILLING Vitality Set 5 Batterie de cuisine"}]},{"@type":"WebSite","@id":"https:\/\/dev6.erresse-shop.it\/#website","url":"https:\/\/dev6.erresse-shop.it\/","name":"Erresse Shop","description":"","publisher":{"@id":"https:\/\/dev6.erresse-shop.it\/#organization"},"potentialAction":[{"@type":"SearchAction","target":{"@type":"EntryPoint","urlTemplate":"https:\/\/dev6.erresse-shop.it\/?s={search_term_string}"},"query-input":{"@type":"PropertyValueSpecification","valueRequired":true,"valueName":"search_term_string"}}],"inLanguage":"fr-FR"},{"@type":"Organization","@id":"https:\/\/dev6.erresse-shop.it\/#organization","name":"Erresse Shop","url":"https:\/\/dev6.erresse-shop.it\/","logo":{"@type":"ImageObject","inLanguage":"fr-FR","@id":"https:\/\/dev6.erresse-shop.it\/#\/schema\/logo\/image\/","url":"https:\/\/dev6.erresse-shop.it\/wp-content\/uploads\/2025\/01\/LOGO-ERRESSE-CLASSICO.svg","contentUrl":"https:\/\/dev6.erresse-shop.it\/wp-content\/uploads\/2025\/01\/LOGO-ERRESSE-CLASSICO.svg","caption":"Erresse Shop"},"image":{"@id":"https:\/\/dev6.erresse-shop.it\/#\/schema\/logo\/image\/"}}]}},"df_price":199,"df_sale_price":199,"df_regular_price":299.95,"df_image_link":"https:\/\/i2.wp.com\/interpim.erresse-shop.it\/img-catalogo\/zwilling\/zwilling-set-5-pentole-vitality.jpg?resize=300,300&ssl=1","fifu_image_url":"https:\/\/interpim.erresse-shop.it\/img-catalogo\/zwilling\/zwilling-set-5-pentole-vitality.jpg","_links":{"self":[{"href":"https:\/\/dev6.erresse-shop.it\/fr\/wp-json\/wp\/v2\/product\/63498","targetHints":{"allow":["GET"]}}],"collection":[{"href":"https:\/\/dev6.erresse-shop.it\/fr\/wp-json\/wp\/v2\/product"}],"about":[{"href":"https:\/\/dev6.erresse-shop.it\/fr\/wp-json\/wp\/v2\/types\/product"}],"wp:featuredmedia":[{"embeddable":true,"href":"https:\/\/dev6.erresse-shop.it\/fr\/wp-json\/wp\/v2\/media\/6366983"}],"wp:attachment":[{"href":"https:\/\/dev6.erresse-shop.it\/fr\/wp-json\/wp\/v2\/media?parent=63498"}],"wp:term":[{"taxonomy":"product_cat","embeddable":true,"href":"https:\/\/dev6.erresse-shop.it\/fr\/wp-json\/wp\/v2\/product_cat?post=63498"},{"taxonomy":"product_tag","embeddable":true,"href":"https:\/\/dev6.erresse-shop.it\/fr\/wp-json\/wp\/v2\/product_tag?post=63498"}],"curies":[{"name":"wp","href":"https:\/\/api.w.org\/{rel}","templated":true}]}}