{"id":63486,"date":"2026-04-04T10:36:11","date_gmt":"2026-04-04T08:36:11","guid":{"rendered":"https:\/\/dev6.erresse-shop.it\/shop\/non%20class\u00e9\/ninja-friteuse-a-air-9-5l\/"},"modified":"2025-07-04T17:43:31","modified_gmt":"2025-07-04T15:43:31","slug":"ninja-friteuse-a-air-9-5l","status":"publish","type":"product","link":"https:\/\/dev6.erresse-shop.it\/fr\/shop\/petits-electromenagers\/robots-de-cuisine\/ninja-friteuse-a-air-9-5l\/","title":{"rendered":"NINJA Friteuse \u00e0 air 9.5L"},"content":{"rendered":"<p>Vous aimeriez une friteuse \u00e0 double capacit\u00e9, mais votre cuisine n\u2019est pas assez spacieuse ? D\u00e9couvrez la friteuse Ninja Double Stack XL \u00e0 2 compartiments.<br \/>\nCette friteuse verticale \u00e0 deux compartiments empilables prend moins de place sur le plan de travail qu\u2019une friteuse horizontale \u00e0 deux compartiments.<br \/>\nLaissez-vous tenter par des recettes personnalis\u00e9es gr\u00e2ce aux 6 programmes de cuisson : r\u00e9glez diff\u00e9rents temps et temp\u00e9ratures dans les 2 compartiments r\u00e9glables ind\u00e9pendamment et pr\u00e9parez des plats complets \u00e0 servir chauds, m\u00eame si vous disposez de peu d\u2019espace dans votre cuisine ! Le<br \/>\n30 % plus compacte*, mais toujours aussi volumineuse :<br \/>\nCette friteuse \u00e0 2 compartiments peut contenir un poulet r\u00f4ti entier de 1,4 kg dans chaque compartiment de 4,75 L. Elle est parfaite pour les familles nombreuses et les d\u00eeners en commun. Parfaite pour 8 personnes.<br \/>\nAvec une hauteur de 38,5 cm, elle peut \u00eatre rang\u00e9e sous les armoires murales et laisse plus de place sur le plan de travail.<br \/>\nDouble capacit\u00e9** gr\u00e2ce \u00e0 la technologie Double Stack Air Fry :<br \/>\nCuisson simultan\u00e9e sur 4 niveaux pour une cuisson homog\u00e8ne et croustillante. Il suffit d\u2019ins\u00e9rer les grilles Double Stack dans chaque compartiment pour doubler la surface de cuisson.<\/p>\n<p>Cuisson et brunissement uniformes sur les quatre niveaux : chaque compartiment est \u00e9quip\u00e9 d\u2019une source de chaleur et d\u2019un ventilateur arri\u00e8re qui permet \u00e0 l\u2019air de circuler \u00e0 360\u00b0 pour un croustillant uniforme. R\u00e9partissez les ingr\u00e9dients sur les grilles pour une cuisson \u00e0 plusieurs niveaux : parfait pour cuisiner des cuisses de poulet avec des asperges, des filets de saumon avec des pommes de terre nouvelles, des hamburgers de b\u0153uf avec des frites, ou pour vous adonner \u00e0 la cuisine fusion.<br \/>\n2 compartiments r\u00e9glables ind\u00e9pendamment :<br \/>\nR\u00e9glez des temps de cuisson, des temp\u00e9ratures et des programmes diff\u00e9rents dans chaque compartiment. La fonction SYNC termine la cuisson des deux compartiments en m\u00eame temps, ce qui vous permet de d\u00e9guster les plats et les accompagnements ensemble, de servir un buffet avec des aliments fra\u00eechement pr\u00e9par\u00e9s ou de satisfaire les palais de tous les convives avec un menu vari\u00e9.<br \/>\nEn cuisinant jusqu\u2019\u00e0 55 % plus vite que les fours ventil\u00e9s***, vous pouvez mettre les plats sur la table en quelques minutes. Vous voulez cuisiner juste pour vous ? Pour les petites portions, cuisinez dans un seul compartiment.<br \/>\nChaque compartiment comprend une plaque antiadh\u00e9sive qui permet \u00e0 l\u2019air chaud de se r\u00e9pandre rapidement autour des aliments et d\u2019assurer une cuisson parfaite.<\/p>\n<p>6 programmes de cuisson :<br \/>\nFriture \u00e0 l\u2019air libre avec peu ou pas d\u2019huile : jusqu\u2019\u00e0 75 % de mati\u00e8res grasses en moins par rapport aux m\u00e9thodes de friture traditionnelles****. En plus de la friture \u00e0 l\u2019air libre, vous pouvez utiliser les fonctions R\u00f4tissage, Cuisson, S\u00e9chage, Chauffage ; et pour cuire des aliments surgel\u00e9s en les rendant tr\u00e8s croustillants, utilisez Max Crisp.<br \/>\nEn outre, la friteuse vous permet d\u2019\u00e9conomiser de l\u2019argent sur votre facture d\u2019\u00e9nergie, car elle consomme moins d\u2019\u00e9nergie que les fours conventionnels.<br \/>\nFacile \u00e0 utiliser :<br \/>\nl\u2019\u00e9l\u00e9gant panneau de commande lat\u00e9ral permet de s\u00e9lectionner plus rapidement et plus facilement les r\u00e9glages souhait\u00e9s dans chaque compartiment.<br \/>\nVous \u00eates occup\u00e9 et la cuisson prend trop de temps ? Ne vous inqui\u00e9tez pas, la friteuse Ninja s\u2019arr\u00eate automatiquement lorsque la cuisson est termin\u00e9e.<br \/>\nDans l\u2019emballage, vous trouverez un livre de recettes cr\u00e9\u00e9 sp\u00e9cialement par un chef, plein d\u2019id\u00e9es, de conseils et de tableaux de cuisson qui vous aideront \u00e0 tirer le meilleur parti de votre nouvel appareil.<\/p>\n<p>Facile \u00e0 nettoyer :<br \/>\nles compartiments, les plaques antiadh\u00e9sives et les grilles en acier sont tous compatibles avec le lave-vaisselle et faciles \u00e0 nettoyer \u00e0 l\u2019aide d\u2019un chiffon.<br \/>\nNous sommes impatients de conna\u00eetre l\u2019avis de nos clients sur cet appareil ! Faites d\u00e9filer vers le bas pour lire les avis des clients qui ont achet\u00e9 la friteuse \u00e0 air Ninja \u00e0 2 compartiments.<br \/>\n*Compar\u00e9e \u00e0 l\u2019AF400.<br \/>\n**avec des grilles en acier amovibles.<br \/>\n***Test\u00e9e avec des b\u00e2tonnets de poisson et des saucisses.<br \/>\n**** test\u00e9 avec des frites coup\u00e9es \u00e0 la main.<\/p>\n<p>\u2020tests et calculs bas\u00e9s sur le temps de cuisson recommand\u00e9 pour les saucisses, comparant la fonction de friture \u00e0 l\u2019air avec les fours conventionnels.<\/p>\n<p>FICHE DE DONN\u00c9ES :<\/p>\n<p>Fonctionnalit\u00e9 6 en 1<br \/>\n6 programmes de cuisson polyvalents :<br \/>\nFriture \u00e0 l\u2019air<br \/>\nCroustillant maximum<br \/>\nR\u00f4ti<br \/>\nCuire au four<br \/>\nR\u00e9chauffer et d\u00e9shydrater<\/p>\n<p>CONTIENT :<\/p>\n<p>2 tiroirs antiadh\u00e9sifs de 4,75L<br \/>\n2 grilles empilables<br \/>\n2 plaques croustillantes antiadh\u00e9sives<br \/>\nGuide de recettes inspir\u00e9 par le chef<\/p>\n<p>Non disponible \u00e0 la vente en dehors de l\u2019Europe<\/p>\n","protected":false},"excerpt":{"rendered":"<p>Vous aimeriez une friteuse \u00e0 double capacit\u00e9, mais votre cuisine n\u2019est pas assez spacieuse ? D\u00e9couvrez la friteuse Ninja Double Stack XL \u00e0 2 compartiments. Cette friteuse verticale \u00e0 deux compartiments empilables prend moins de place sur le plan de travail qu\u2019une friteuse horizontale \u00e0 deux compartiments. Laissez-vous tenter par des recettes personnalis\u00e9es gr\u00e2ce aux [&hellip;]<\/p>\n","protected":false},"featured_media":6283695,"template":"","meta":{"_acf_changed":false},"product_cat":[12086,12055,12066],"product_tag":[],"class_list":{"0":"post-63486","1":"product","2":"type-product","3":"status-publish","4":"has-post-thumbnail","6":"product_cat-friteuses-a-air","7":"product_cat-petits-electromenagers","8":"product_cat-robots-de-cuisine","10":"first","11":"instock","12":"taxable","13":"shipping-taxable","14":"purchasable","15":"product-type-simple","swatches":"rey-swatches","show_selected":"","stretch_labels":"rey-swatches--stretch-labels"},"acf":[],"yoast_head":"<!-- This site is optimized with the Yoast SEO plugin v25.4 - https:\/\/yoast.com\/wordpress\/plugins\/seo\/ -->\n<title>NINJA Friteuse \u00e0 air 9.5L - dev6 Erresse<\/title>\n<meta name=\"description\" content=\"Vous aimeriez une friteuse \u00e0 double capacit\u00e9, mais votre cuisine n\u2019est pas assez spacieuse ? D\u00e9couvrez la friteuse Ninja Double Stack XL \u00e0 2\" \/>\n<meta name=\"robots\" content=\"noindex, follow, max-snippet:-1, max-image-preview:large, max-video-preview:-1\" \/>\n<meta property=\"og:locale\" content=\"fr_FR\" \/>\n<meta property=\"og:type\" content=\"article\" \/>\n<meta property=\"og:title\" content=\"NINJA Friteuse \u00e0 air 9.5L - dev6 Erresse\" \/>\n<meta property=\"og:description\" content=\"Vous aimeriez une friteuse \u00e0 double capacit\u00e9, mais votre cuisine n\u2019est pas assez spacieuse ? D\u00e9couvrez la friteuse Ninja Double Stack XL \u00e0 2\" \/>\n<meta property=\"og:url\" content=\"https:\/\/dev6.erresse-shop.it\/fr\/shop\/petits-electromenagers\/robots-de-cuisine\/ninja-friteuse-a-air-9-5l\/\" \/>\n<meta property=\"og:site_name\" content=\"dev6 Erresse\" \/>\n<meta property=\"og:image\" content=\"https:\/\/interpim.erresse-shop.it\/img-catalogo\/ninja\/ninja-friggitrice-ad-aria-1.jpg\" \/><meta property=\"og:image\" content=\"https:\/\/interpim.erresse-shop.it\/img-catalogo\/ninja\/ninja-friggitrice-ad-aria-1.jpg\" \/>\n\t<meta property=\"og:image:width\" content=\"1024\" \/>\n\t<meta property=\"og:image:height\" content=\"1024\" \/>\n\t<meta property=\"og:image:type\" content=\"image\/jpeg\" \/>\n<meta name=\"twitter:card\" content=\"summary_large_image\" \/>\n<meta name=\"twitter:image\" content=\"https:\/\/interpim.erresse-shop.it\/img-catalogo\/ninja\/ninja-friggitrice-ad-aria-1.jpg\" \/>\n<script type=\"application\/ld+json\" class=\"yoast-schema-graph\">{\"@context\":\"https:\/\/schema.org\",\"@graph\":[{\"@type\":\"WebPage\",\"@id\":\"https:\/\/dev6.erresse-shop.it\/fr\/shop\/petits-electromenagers\/robots-de-cuisine\/ninja-friteuse-a-air-9-5l\/\",\"url\":\"https:\/\/dev6.erresse-shop.it\/fr\/shop\/petits-electromenagers\/robots-de-cuisine\/ninja-friteuse-a-air-9-5l\/\",\"name\":\"NINJA Friteuse \u00e0 air 9.5L - dev6 Erresse\",\"isPartOf\":{\"@id\":\"https:\/\/dev6.erresse-shop.it\/#website\"},\"primaryImageOfPage\":{\"@id\":\"https:\/\/dev6.erresse-shop.it\/fr\/shop\/petits-electromenagers\/robots-de-cuisine\/ninja-friteuse-a-air-9-5l\/#primaryimage\"},\"image\":{\"@id\":\"https:\/\/dev6.erresse-shop.it\/fr\/shop\/petits-electromenagers\/robots-de-cuisine\/ninja-friteuse-a-air-9-5l\/#primaryimage\"},\"thumbnailUrl\":\"https:\/\/i2.wp.com\/interpim.erresse-shop.it\/img-catalogo\/ninja\/ninja-friggitrice-ad-aria-1.jpg?ssl=1\",\"datePublished\":\"2026-04-04T08:36:11+00:00\",\"description\":\"Vous aimeriez une friteuse \u00e0 double capacit\u00e9, mais votre cuisine n\u2019est pas assez spacieuse ? D\u00e9couvrez la friteuse Ninja Double Stack XL \u00e0 2\",\"breadcrumb\":{\"@id\":\"https:\/\/dev6.erresse-shop.it\/fr\/shop\/petits-electromenagers\/robots-de-cuisine\/ninja-friteuse-a-air-9-5l\/#breadcrumb\"},\"inLanguage\":\"fr-FR\",\"potentialAction\":[{\"@type\":\"ReadAction\",\"target\":[\"https:\/\/dev6.erresse-shop.it\/fr\/shop\/petits-electromenagers\/robots-de-cuisine\/ninja-friteuse-a-air-9-5l\/\"]}]},{\"@type\":\"ImageObject\",\"inLanguage\":\"fr-FR\",\"@id\":\"https:\/\/dev6.erresse-shop.it\/fr\/shop\/petits-electromenagers\/robots-de-cuisine\/ninja-friteuse-a-air-9-5l\/#primaryimage\",\"url\":\"https:\/\/i2.wp.com\/interpim.erresse-shop.it\/img-catalogo\/ninja\/ninja-friggitrice-ad-aria-1.jpg?ssl=1\",\"contentUrl\":\"https:\/\/i2.wp.com\/interpim.erresse-shop.it\/img-catalogo\/ninja\/ninja-friggitrice-ad-aria-1.jpg?ssl=1\"},{\"@type\":\"BreadcrumbList\",\"@id\":\"https:\/\/dev6.erresse-shop.it\/fr\/shop\/petits-electromenagers\/robots-de-cuisine\/ninja-friteuse-a-air-9-5l\/#breadcrumb\",\"itemListElement\":[{\"@type\":\"ListItem\",\"position\":1,\"name\":\"Home\",\"item\":\"https:\/\/dev6.erresse-shop.it\/\"},{\"@type\":\"ListItem\",\"position\":2,\"name\":\"Boutique\",\"item\":\"https:\/\/dev6.erresse-shop.it\/shop\/\"},{\"@type\":\"ListItem\",\"position\":3,\"name\":\"NINJA Friteuse \u00e0 air 9.5L\"}]},{\"@type\":\"WebSite\",\"@id\":\"https:\/\/dev6.erresse-shop.it\/#website\",\"url\":\"https:\/\/dev6.erresse-shop.it\/\",\"name\":\"Erresse Shop\",\"description\":\"\",\"publisher\":{\"@id\":\"https:\/\/dev6.erresse-shop.it\/#organization\"},\"potentialAction\":[{\"@type\":\"SearchAction\",\"target\":{\"@type\":\"EntryPoint\",\"urlTemplate\":\"https:\/\/dev6.erresse-shop.it\/?s={search_term_string}\"},\"query-input\":{\"@type\":\"PropertyValueSpecification\",\"valueRequired\":true,\"valueName\":\"search_term_string\"}}],\"inLanguage\":\"fr-FR\"},{\"@type\":\"Organization\",\"@id\":\"https:\/\/dev6.erresse-shop.it\/#organization\",\"name\":\"Erresse Shop\",\"url\":\"https:\/\/dev6.erresse-shop.it\/\",\"logo\":{\"@type\":\"ImageObject\",\"inLanguage\":\"fr-FR\",\"@id\":\"https:\/\/dev6.erresse-shop.it\/#\/schema\/logo\/image\/\",\"url\":\"https:\/\/dev6.erresse-shop.it\/wp-content\/uploads\/2025\/01\/LOGO-ERRESSE-CLASSICO.svg\",\"contentUrl\":\"https:\/\/dev6.erresse-shop.it\/wp-content\/uploads\/2025\/01\/LOGO-ERRESSE-CLASSICO.svg\",\"caption\":\"Erresse Shop\"},\"image\":{\"@id\":\"https:\/\/dev6.erresse-shop.it\/#\/schema\/logo\/image\/\"}}]}<\/script>\n<!-- \/ Yoast SEO plugin. -->","yoast_head_json":{"title":"NINJA Friteuse \u00e0 air 9.5L - dev6 Erresse","description":"Vous aimeriez une friteuse \u00e0 double capacit\u00e9, mais votre cuisine n\u2019est pas assez spacieuse ? D\u00e9couvrez la friteuse Ninja Double Stack XL \u00e0 2","robots":{"index":"noindex","follow":"follow","max-snippet":"max-snippet:-1","max-image-preview":"max-image-preview:large","max-video-preview":"max-video-preview:-1"},"og_locale":"fr_FR","og_type":"article","og_title":"NINJA Friteuse \u00e0 air 9.5L - dev6 Erresse","og_description":"Vous aimeriez une friteuse \u00e0 double capacit\u00e9, mais votre cuisine n\u2019est pas assez spacieuse ? D\u00e9couvrez la friteuse Ninja Double Stack XL \u00e0 2","og_url":"https:\/\/dev6.erresse-shop.it\/fr\/shop\/petits-electromenagers\/robots-de-cuisine\/ninja-friteuse-a-air-9-5l\/","og_site_name":"dev6 Erresse","og_image":[{"url":"https:\/\/interpim.erresse-shop.it\/img-catalogo\/ninja\/ninja-friggitrice-ad-aria-1.jpg","type":"","width":"","height":""},{"url":"https:\/\/interpim.erresse-shop.it\/img-catalogo\/ninja\/ninja-friggitrice-ad-aria-1.jpg","width":1024,"height":1024,"type":"image\/jpeg"}],"twitter_card":"summary_large_image","twitter_image":"https:\/\/interpim.erresse-shop.it\/img-catalogo\/ninja\/ninja-friggitrice-ad-aria-1.jpg","schema":{"@context":"https:\/\/schema.org","@graph":[{"@type":"WebPage","@id":"https:\/\/dev6.erresse-shop.it\/fr\/shop\/petits-electromenagers\/robots-de-cuisine\/ninja-friteuse-a-air-9-5l\/","url":"https:\/\/dev6.erresse-shop.it\/fr\/shop\/petits-electromenagers\/robots-de-cuisine\/ninja-friteuse-a-air-9-5l\/","name":"NINJA Friteuse \u00e0 air 9.5L - dev6 Erresse","isPartOf":{"@id":"https:\/\/dev6.erresse-shop.it\/#website"},"primaryImageOfPage":{"@id":"https:\/\/dev6.erresse-shop.it\/fr\/shop\/petits-electromenagers\/robots-de-cuisine\/ninja-friteuse-a-air-9-5l\/#primaryimage"},"image":{"@id":"https:\/\/dev6.erresse-shop.it\/fr\/shop\/petits-electromenagers\/robots-de-cuisine\/ninja-friteuse-a-air-9-5l\/#primaryimage"},"thumbnailUrl":"https:\/\/i2.wp.com\/interpim.erresse-shop.it\/img-catalogo\/ninja\/ninja-friggitrice-ad-aria-1.jpg?ssl=1","datePublished":"2026-04-04T08:36:11+00:00","description":"Vous aimeriez une friteuse \u00e0 double capacit\u00e9, mais votre cuisine n\u2019est pas assez spacieuse ? D\u00e9couvrez la friteuse Ninja Double Stack XL \u00e0 2","breadcrumb":{"@id":"https:\/\/dev6.erresse-shop.it\/fr\/shop\/petits-electromenagers\/robots-de-cuisine\/ninja-friteuse-a-air-9-5l\/#breadcrumb"},"inLanguage":"fr-FR","potentialAction":[{"@type":"ReadAction","target":["https:\/\/dev6.erresse-shop.it\/fr\/shop\/petits-electromenagers\/robots-de-cuisine\/ninja-friteuse-a-air-9-5l\/"]}]},{"@type":"ImageObject","inLanguage":"fr-FR","@id":"https:\/\/dev6.erresse-shop.it\/fr\/shop\/petits-electromenagers\/robots-de-cuisine\/ninja-friteuse-a-air-9-5l\/#primaryimage","url":"https:\/\/i2.wp.com\/interpim.erresse-shop.it\/img-catalogo\/ninja\/ninja-friggitrice-ad-aria-1.jpg?ssl=1","contentUrl":"https:\/\/i2.wp.com\/interpim.erresse-shop.it\/img-catalogo\/ninja\/ninja-friggitrice-ad-aria-1.jpg?ssl=1"},{"@type":"BreadcrumbList","@id":"https:\/\/dev6.erresse-shop.it\/fr\/shop\/petits-electromenagers\/robots-de-cuisine\/ninja-friteuse-a-air-9-5l\/#breadcrumb","itemListElement":[{"@type":"ListItem","position":1,"name":"Home","item":"https:\/\/dev6.erresse-shop.it\/"},{"@type":"ListItem","position":2,"name":"Boutique","item":"https:\/\/dev6.erresse-shop.it\/shop\/"},{"@type":"ListItem","position":3,"name":"NINJA Friteuse \u00e0 air 9.5L"}]},{"@type":"WebSite","@id":"https:\/\/dev6.erresse-shop.it\/#website","url":"https:\/\/dev6.erresse-shop.it\/","name":"Erresse Shop","description":"","publisher":{"@id":"https:\/\/dev6.erresse-shop.it\/#organization"},"potentialAction":[{"@type":"SearchAction","target":{"@type":"EntryPoint","urlTemplate":"https:\/\/dev6.erresse-shop.it\/?s={search_term_string}"},"query-input":{"@type":"PropertyValueSpecification","valueRequired":true,"valueName":"search_term_string"}}],"inLanguage":"fr-FR"},{"@type":"Organization","@id":"https:\/\/dev6.erresse-shop.it\/#organization","name":"Erresse Shop","url":"https:\/\/dev6.erresse-shop.it\/","logo":{"@type":"ImageObject","inLanguage":"fr-FR","@id":"https:\/\/dev6.erresse-shop.it\/#\/schema\/logo\/image\/","url":"https:\/\/dev6.erresse-shop.it\/wp-content\/uploads\/2025\/01\/LOGO-ERRESSE-CLASSICO.svg","contentUrl":"https:\/\/dev6.erresse-shop.it\/wp-content\/uploads\/2025\/01\/LOGO-ERRESSE-CLASSICO.svg","caption":"Erresse Shop"},"image":{"@id":"https:\/\/dev6.erresse-shop.it\/#\/schema\/logo\/image\/"}}]}},"df_price":269.99,"df_sale_price":"","df_regular_price":269.99,"df_image_link":"https:\/\/i2.wp.com\/interpim.erresse-shop.it\/img-catalogo\/ninja\/ninja-friggitrice-ad-aria-1.jpg?resize=300,300&ssl=1","fifu_image_url":"https:\/\/interpim.erresse-shop.it\/img-catalogo\/ninja\/ninja-friggitrice-ad-aria-1.jpg","_links":{"self":[{"href":"https:\/\/dev6.erresse-shop.it\/fr\/wp-json\/wp\/v2\/product\/63486","targetHints":{"allow":["GET"]}}],"collection":[{"href":"https:\/\/dev6.erresse-shop.it\/fr\/wp-json\/wp\/v2\/product"}],"about":[{"href":"https:\/\/dev6.erresse-shop.it\/fr\/wp-json\/wp\/v2\/types\/product"}],"wp:featuredmedia":[{"embeddable":true,"href":"https:\/\/dev6.erresse-shop.it\/fr\/wp-json\/wp\/v2\/media\/6283695"}],"wp:attachment":[{"href":"https:\/\/dev6.erresse-shop.it\/fr\/wp-json\/wp\/v2\/media?parent=63486"}],"wp:term":[{"taxonomy":"product_cat","embeddable":true,"href":"https:\/\/dev6.erresse-shop.it\/fr\/wp-json\/wp\/v2\/product_cat?post=63486"},{"taxonomy":"product_tag","embeddable":true,"href":"https:\/\/dev6.erresse-shop.it\/fr\/wp-json\/wp\/v2\/product_tag?post=63486"}],"curies":[{"name":"wp","href":"https:\/\/api.w.org\/{rel}","templated":true}]}}