{"id":63484,"date":"2026-04-12T10:38:44","date_gmt":"2026-04-12T08:38:44","guid":{"rendered":"https:\/\/dev6.erresse-shop.it\/shop\/non%20class\u00e9\/ga-ma-gp-phon-iq1-perfetto-gris\/"},"modified":"2025-09-14T05:20:30","modified_gmt":"2025-09-14T03:20:30","slug":"ga-ma-gp-phon-iq1-perfetto-gris","status":"publish","type":"product","link":"https:\/\/dev6.erresse-shop.it\/fr\/shop\/petits-electromenagers\/seche-cheveux-et-fers-a-lisser\/ga-ma-gp-phon-iq1-perfetto-gris\/","title":{"rendered":"GA.MA GP Phon IQ1 Perfetto Gris"},"content":{"rendered":"<p>iQ1 Perfetto est la premi\u00e8re \u00e9volution du s\u00e8che-cheveux professionnel aussi l\u00e9ger qu\u2019un smartphone. Compact, ergonomique, r\u00e9volutionnaire. D\u00e9sormais dot\u00e9 d\u2019un double filtre lavable pour faciliter le nettoyage et prolonger la dur\u00e9e de vie du s\u00e8che-cheveux.<\/p>\n<p>S\u00c8CHE-CHEVEUX IQ1 PERFECT<\/p>\n<p>L\u2019iQ1 est la premi\u00e8re \u00e9volution de la gamme de s\u00e8che-cheveux professionnels iQ Perfect. Pesant seulement 294 grammes, il est ergonomique et compact pour r\u00e9pondre aux besoins quotidiens des professionnels.<\/p>\n<p>Comme son pr\u00e9d\u00e9cesseur, il est dot\u00e9 d\u2019un moteur qui atteint une vitesse de 110 000 tr\/min, ce qui permet de s\u00e9cher les cheveux plus rapidement que la moyenne des s\u00e8che-cheveux professionnels du march\u00e9.<\/p>\n<p>Par rapport \u00e0 son pr\u00e9d\u00e9cesseur, il est \u00e9quip\u00e9 de l\u2019innovant double filtre micro-perfor\u00e9, amovible et lavable, qui garantit une plus grande durabilit\u00e9 du moteur, en emp\u00eachant les particules de salet\u00e9 de se d\u00e9poser dans le moteur et d\u2019atteindre le cuir chevelu.<\/p>\n<p>La technologie Auto-Clean permet un auto-nettoyage en profondeur du filtre, gr\u00e2ce \u00e0 la rotation de la turbine du moteur dans le sens inverse. L\u2019\u00e9mission d\u2019Oxyg\u00e8ne Actif apporte aux cheveux bien-\u00eatre, brillance et couleur durable, gr\u00e2ce \u00e0 son action de puissant antibact\u00e9rien qui prot\u00e8ge le cuir chevelu et permet \u00e9galement une meilleure fixation de la couleur. L\u2019effet Venturi multiplie le flux d\u2019air d\u00e9livr\u00e9 par le moteur de l\u2019iQ1, sans utiliser de puissance suppl\u00e9mentaire.<\/p>\n<p>Vous pouvez \u00e9galement m\u00e9moriser la vitesse et la temp\u00e9rature souhait\u00e9es gr\u00e2ce \u00e0 la technologie Memory Function. Toutes les fonctions du s\u00e8che-cheveux sont facilement g\u00e9r\u00e9es \u00e0 partir de son \u00e9cran LED. iQ1 est la solution aux d\u00e9sirs de tous les coiffeurs.<\/p>\n<p>Support d\u00e9di\u00e9 \u00e0 la ligne iQ<br \/>\nProfessionnel Oui<br \/>\nEffet d\u00e9sir\u00e9 Anti-frisottis, Brillance<br \/>\nTechnologie Oxy-Active<br \/>\nPuissance 1600 W<br \/>\nMoteur sans balais<br \/>\nVitesse du moteur 110 000 tr\/min<br \/>\nAffichage LED<br \/>\nTemp\u00e9rature 4<br \/>\nVitesse 3<br \/>\nSoufflage d\u2019air froid Oui<br \/>\nFiltre amovible Oui<br \/>\nLongueur du c\u00e2ble 3,00 m<br \/>\nAccessoires inclus 2 Buses professionnelles, Diffuseur<br \/>\nPoids sans c\u00e2ble 294 g<br \/>\nNiveau sonore 78 dB<br \/>\nD\u00e9bit d\u2019air 74 m3\/H<br \/>\nPression 650 mmH2O<br \/>\nTension d\u2019alimentation 220-240V~<\/p>\n<p>Prise: EU<br \/>\nPas de vente en dehors de l\u2019Europe<\/p>\n","protected":false},"excerpt":{"rendered":"<p>iQ1 Perfetto est la premi\u00e8re \u00e9volution du s\u00e8che-cheveux professionnel aussi l\u00e9ger qu\u2019un smartphone. Compact, ergonomique, r\u00e9volutionnaire. D\u00e9sormais dot\u00e9 d\u2019un double filtre lavable pour faciliter le nettoyage et prolonger la dur\u00e9e de vie du s\u00e8che-cheveux. S\u00c8CHE-CHEVEUX IQ1 PERFECT L\u2019iQ1 est la premi\u00e8re \u00e9volution de la gamme de s\u00e8che-cheveux professionnels iQ Perfect. Pesant seulement 294 grammes, il [&hellip;]<\/p>\n","protected":false},"featured_media":6366944,"template":"","meta":{"_acf_changed":false},"product_cat":[12055,12092],"product_tag":[],"class_list":{"0":"post-63484","1":"product","2":"type-product","3":"status-publish","4":"has-post-thumbnail","6":"product_cat-petits-electromenagers","7":"product_cat-seche-cheveux-et-fers-a-lisser","9":"first","10":"instock","11":"sale","12":"taxable","13":"shipping-taxable","14":"purchasable","15":"product-type-simple","swatches":"rey-swatches","show_selected":"","stretch_labels":"rey-swatches--stretch-labels"},"acf":[],"yoast_head":"<!-- This site is optimized with the Yoast SEO plugin v25.4 - https:\/\/yoast.com\/wordpress\/plugins\/seo\/ -->\n<title>GA.MA GP Phon IQ1 Perfetto Gris - dev6 Erresse<\/title>\n<meta name=\"description\" content=\"iQ1 Perfetto est la premi\u00e8re \u00e9volution du s\u00e8che-cheveux professionnel aussi l\u00e9ger qu\u2019un smartphone. Compact, ergonomique, r\u00e9volutionnaire. D\u00e9sormais dot\u00e9\" \/>\n<meta name=\"robots\" content=\"noindex, follow, max-snippet:-1, max-image-preview:large, max-video-preview:-1\" \/>\n<meta property=\"og:locale\" content=\"fr_FR\" \/>\n<meta property=\"og:type\" content=\"article\" \/>\n<meta property=\"og:title\" content=\"GA.MA GP Phon IQ1 Perfetto Gris - dev6 Erresse\" \/>\n<meta property=\"og:description\" content=\"iQ1 Perfetto est la premi\u00e8re \u00e9volution du s\u00e8che-cheveux professionnel aussi l\u00e9ger qu\u2019un smartphone. Compact, ergonomique, r\u00e9volutionnaire. D\u00e9sormais dot\u00e9\" \/>\n<meta property=\"og:url\" content=\"https:\/\/dev6.erresse-shop.it\/fr\/shop\/petits-electromenagers\/seche-cheveux-et-fers-a-lisser\/ga-ma-gp-phon-iq1-perfetto-gris\/\" \/>\n<meta property=\"og:site_name\" content=\"dev6 Erresse\" \/>\n<meta property=\"og:image\" content=\"https:\/\/interpim.erresse-shop.it\/Import\/Prodotti\/ga.ma-iq-prof-1.jpg\" \/><meta property=\"og:image\" content=\"https:\/\/interpim.erresse-shop.it\/Import\/Prodotti\/ga.ma-iq-prof-1.jpg\" \/>\n\t<meta property=\"og:image:width\" content=\"1024\" \/>\n\t<meta property=\"og:image:height\" content=\"1024\" \/>\n\t<meta property=\"og:image:type\" content=\"image\/jpeg\" \/>\n<meta name=\"twitter:card\" content=\"summary_large_image\" \/>\n<meta name=\"twitter:image\" content=\"https:\/\/interpim.erresse-shop.it\/Import\/Prodotti\/ga.ma-iq-prof-1.jpg\" \/>\n<script type=\"application\/ld+json\" class=\"yoast-schema-graph\">{\"@context\":\"https:\/\/schema.org\",\"@graph\":[{\"@type\":\"WebPage\",\"@id\":\"https:\/\/dev6.erresse-shop.it\/fr\/shop\/petits-electromenagers\/seche-cheveux-et-fers-a-lisser\/ga-ma-gp-phon-iq1-perfetto-gris\/\",\"url\":\"https:\/\/dev6.erresse-shop.it\/fr\/shop\/petits-electromenagers\/seche-cheveux-et-fers-a-lisser\/ga-ma-gp-phon-iq1-perfetto-gris\/\",\"name\":\"GA.MA GP Phon IQ1 Perfetto Gris - dev6 Erresse\",\"isPartOf\":{\"@id\":\"https:\/\/dev6.erresse-shop.it\/#website\"},\"primaryImageOfPage\":{\"@id\":\"https:\/\/dev6.erresse-shop.it\/fr\/shop\/petits-electromenagers\/seche-cheveux-et-fers-a-lisser\/ga-ma-gp-phon-iq1-perfetto-gris\/#primaryimage\"},\"image\":{\"@id\":\"https:\/\/dev6.erresse-shop.it\/fr\/shop\/petits-electromenagers\/seche-cheveux-et-fers-a-lisser\/ga-ma-gp-phon-iq1-perfetto-gris\/#primaryimage\"},\"thumbnailUrl\":\"https:\/\/i1.wp.com\/interpim.erresse-shop.it\/Import\/Prodotti\/ga.ma-iq-prof-1.jpg?ssl=1\",\"datePublished\":\"2026-04-12T08:38:44+00:00\",\"description\":\"iQ1 Perfetto est la premi\u00e8re \u00e9volution du s\u00e8che-cheveux professionnel aussi l\u00e9ger qu\u2019un smartphone. Compact, ergonomique, r\u00e9volutionnaire. D\u00e9sormais dot\u00e9\",\"breadcrumb\":{\"@id\":\"https:\/\/dev6.erresse-shop.it\/fr\/shop\/petits-electromenagers\/seche-cheveux-et-fers-a-lisser\/ga-ma-gp-phon-iq1-perfetto-gris\/#breadcrumb\"},\"inLanguage\":\"fr-FR\",\"potentialAction\":[{\"@type\":\"ReadAction\",\"target\":[\"https:\/\/dev6.erresse-shop.it\/fr\/shop\/petits-electromenagers\/seche-cheveux-et-fers-a-lisser\/ga-ma-gp-phon-iq1-perfetto-gris\/\"]}]},{\"@type\":\"ImageObject\",\"inLanguage\":\"fr-FR\",\"@id\":\"https:\/\/dev6.erresse-shop.it\/fr\/shop\/petits-electromenagers\/seche-cheveux-et-fers-a-lisser\/ga-ma-gp-phon-iq1-perfetto-gris\/#primaryimage\",\"url\":\"https:\/\/i1.wp.com\/interpim.erresse-shop.it\/Import\/Prodotti\/ga.ma-iq-prof-1.jpg?ssl=1\",\"contentUrl\":\"https:\/\/i1.wp.com\/interpim.erresse-shop.it\/Import\/Prodotti\/ga.ma-iq-prof-1.jpg?ssl=1\"},{\"@type\":\"BreadcrumbList\",\"@id\":\"https:\/\/dev6.erresse-shop.it\/fr\/shop\/petits-electromenagers\/seche-cheveux-et-fers-a-lisser\/ga-ma-gp-phon-iq1-perfetto-gris\/#breadcrumb\",\"itemListElement\":[{\"@type\":\"ListItem\",\"position\":1,\"name\":\"Home\",\"item\":\"https:\/\/dev6.erresse-shop.it\/\"},{\"@type\":\"ListItem\",\"position\":2,\"name\":\"Boutique\",\"item\":\"https:\/\/dev6.erresse-shop.it\/shop\/\"},{\"@type\":\"ListItem\",\"position\":3,\"name\":\"GA.MA GP Phon IQ1 Perfetto Gris\"}]},{\"@type\":\"WebSite\",\"@id\":\"https:\/\/dev6.erresse-shop.it\/#website\",\"url\":\"https:\/\/dev6.erresse-shop.it\/\",\"name\":\"Erresse Shop\",\"description\":\"\",\"publisher\":{\"@id\":\"https:\/\/dev6.erresse-shop.it\/#organization\"},\"potentialAction\":[{\"@type\":\"SearchAction\",\"target\":{\"@type\":\"EntryPoint\",\"urlTemplate\":\"https:\/\/dev6.erresse-shop.it\/?s={search_term_string}\"},\"query-input\":{\"@type\":\"PropertyValueSpecification\",\"valueRequired\":true,\"valueName\":\"search_term_string\"}}],\"inLanguage\":\"fr-FR\"},{\"@type\":\"Organization\",\"@id\":\"https:\/\/dev6.erresse-shop.it\/#organization\",\"name\":\"Erresse Shop\",\"url\":\"https:\/\/dev6.erresse-shop.it\/\",\"logo\":{\"@type\":\"ImageObject\",\"inLanguage\":\"fr-FR\",\"@id\":\"https:\/\/dev6.erresse-shop.it\/#\/schema\/logo\/image\/\",\"url\":\"https:\/\/dev6.erresse-shop.it\/wp-content\/uploads\/2025\/01\/LOGO-ERRESSE-CLASSICO.svg\",\"contentUrl\":\"https:\/\/dev6.erresse-shop.it\/wp-content\/uploads\/2025\/01\/LOGO-ERRESSE-CLASSICO.svg\",\"caption\":\"Erresse Shop\"},\"image\":{\"@id\":\"https:\/\/dev6.erresse-shop.it\/#\/schema\/logo\/image\/\"}}]}<\/script>\n<!-- \/ Yoast SEO plugin. -->","yoast_head_json":{"title":"GA.MA GP Phon IQ1 Perfetto Gris - dev6 Erresse","description":"iQ1 Perfetto est la premi\u00e8re \u00e9volution du s\u00e8che-cheveux professionnel aussi l\u00e9ger qu\u2019un smartphone. Compact, ergonomique, r\u00e9volutionnaire. D\u00e9sormais dot\u00e9","robots":{"index":"noindex","follow":"follow","max-snippet":"max-snippet:-1","max-image-preview":"max-image-preview:large","max-video-preview":"max-video-preview:-1"},"og_locale":"fr_FR","og_type":"article","og_title":"GA.MA GP Phon IQ1 Perfetto Gris - dev6 Erresse","og_description":"iQ1 Perfetto est la premi\u00e8re \u00e9volution du s\u00e8che-cheveux professionnel aussi l\u00e9ger qu\u2019un smartphone. Compact, ergonomique, r\u00e9volutionnaire. D\u00e9sormais dot\u00e9","og_url":"https:\/\/dev6.erresse-shop.it\/fr\/shop\/petits-electromenagers\/seche-cheveux-et-fers-a-lisser\/ga-ma-gp-phon-iq1-perfetto-gris\/","og_site_name":"dev6 Erresse","og_image":[{"url":"https:\/\/interpim.erresse-shop.it\/Import\/Prodotti\/ga.ma-iq-prof-1.jpg","type":"","width":"","height":""},{"url":"https:\/\/interpim.erresse-shop.it\/Import\/Prodotti\/ga.ma-iq-prof-1.jpg","width":1024,"height":1024,"type":"image\/jpeg"}],"twitter_card":"summary_large_image","twitter_image":"https:\/\/interpim.erresse-shop.it\/Import\/Prodotti\/ga.ma-iq-prof-1.jpg","schema":{"@context":"https:\/\/schema.org","@graph":[{"@type":"WebPage","@id":"https:\/\/dev6.erresse-shop.it\/fr\/shop\/petits-electromenagers\/seche-cheveux-et-fers-a-lisser\/ga-ma-gp-phon-iq1-perfetto-gris\/","url":"https:\/\/dev6.erresse-shop.it\/fr\/shop\/petits-electromenagers\/seche-cheveux-et-fers-a-lisser\/ga-ma-gp-phon-iq1-perfetto-gris\/","name":"GA.MA GP Phon IQ1 Perfetto Gris - dev6 Erresse","isPartOf":{"@id":"https:\/\/dev6.erresse-shop.it\/#website"},"primaryImageOfPage":{"@id":"https:\/\/dev6.erresse-shop.it\/fr\/shop\/petits-electromenagers\/seche-cheveux-et-fers-a-lisser\/ga-ma-gp-phon-iq1-perfetto-gris\/#primaryimage"},"image":{"@id":"https:\/\/dev6.erresse-shop.it\/fr\/shop\/petits-electromenagers\/seche-cheveux-et-fers-a-lisser\/ga-ma-gp-phon-iq1-perfetto-gris\/#primaryimage"},"thumbnailUrl":"https:\/\/i1.wp.com\/interpim.erresse-shop.it\/Import\/Prodotti\/ga.ma-iq-prof-1.jpg?ssl=1","datePublished":"2026-04-12T08:38:44+00:00","description":"iQ1 Perfetto est la premi\u00e8re \u00e9volution du s\u00e8che-cheveux professionnel aussi l\u00e9ger qu\u2019un smartphone. Compact, ergonomique, r\u00e9volutionnaire. D\u00e9sormais dot\u00e9","breadcrumb":{"@id":"https:\/\/dev6.erresse-shop.it\/fr\/shop\/petits-electromenagers\/seche-cheveux-et-fers-a-lisser\/ga-ma-gp-phon-iq1-perfetto-gris\/#breadcrumb"},"inLanguage":"fr-FR","potentialAction":[{"@type":"ReadAction","target":["https:\/\/dev6.erresse-shop.it\/fr\/shop\/petits-electromenagers\/seche-cheveux-et-fers-a-lisser\/ga-ma-gp-phon-iq1-perfetto-gris\/"]}]},{"@type":"ImageObject","inLanguage":"fr-FR","@id":"https:\/\/dev6.erresse-shop.it\/fr\/shop\/petits-electromenagers\/seche-cheveux-et-fers-a-lisser\/ga-ma-gp-phon-iq1-perfetto-gris\/#primaryimage","url":"https:\/\/i1.wp.com\/interpim.erresse-shop.it\/Import\/Prodotti\/ga.ma-iq-prof-1.jpg?ssl=1","contentUrl":"https:\/\/i1.wp.com\/interpim.erresse-shop.it\/Import\/Prodotti\/ga.ma-iq-prof-1.jpg?ssl=1"},{"@type":"BreadcrumbList","@id":"https:\/\/dev6.erresse-shop.it\/fr\/shop\/petits-electromenagers\/seche-cheveux-et-fers-a-lisser\/ga-ma-gp-phon-iq1-perfetto-gris\/#breadcrumb","itemListElement":[{"@type":"ListItem","position":1,"name":"Home","item":"https:\/\/dev6.erresse-shop.it\/"},{"@type":"ListItem","position":2,"name":"Boutique","item":"https:\/\/dev6.erresse-shop.it\/shop\/"},{"@type":"ListItem","position":3,"name":"GA.MA GP Phon IQ1 Perfetto Gris"}]},{"@type":"WebSite","@id":"https:\/\/dev6.erresse-shop.it\/#website","url":"https:\/\/dev6.erresse-shop.it\/","name":"Erresse Shop","description":"","publisher":{"@id":"https:\/\/dev6.erresse-shop.it\/#organization"},"potentialAction":[{"@type":"SearchAction","target":{"@type":"EntryPoint","urlTemplate":"https:\/\/dev6.erresse-shop.it\/?s={search_term_string}"},"query-input":{"@type":"PropertyValueSpecification","valueRequired":true,"valueName":"search_term_string"}}],"inLanguage":"fr-FR"},{"@type":"Organization","@id":"https:\/\/dev6.erresse-shop.it\/#organization","name":"Erresse Shop","url":"https:\/\/dev6.erresse-shop.it\/","logo":{"@type":"ImageObject","inLanguage":"fr-FR","@id":"https:\/\/dev6.erresse-shop.it\/#\/schema\/logo\/image\/","url":"https:\/\/dev6.erresse-shop.it\/wp-content\/uploads\/2025\/01\/LOGO-ERRESSE-CLASSICO.svg","contentUrl":"https:\/\/dev6.erresse-shop.it\/wp-content\/uploads\/2025\/01\/LOGO-ERRESSE-CLASSICO.svg","caption":"Erresse Shop"},"image":{"@id":"https:\/\/dev6.erresse-shop.it\/#\/schema\/logo\/image\/"}}]}},"df_price":179,"df_sale_price":179,"df_regular_price":229.9,"df_image_link":"https:\/\/i1.wp.com\/interpim.erresse-shop.it\/Import\/Prodotti\/ga.ma-iq-prof-1.jpg?resize=300,300&ssl=1","fifu_image_url":"https:\/\/interpim.erresse-shop.it\/Import\/Prodotti\/ga.ma-iq-prof-1.jpg","_links":{"self":[{"href":"https:\/\/dev6.erresse-shop.it\/fr\/wp-json\/wp\/v2\/product\/63484","targetHints":{"allow":["GET"]}}],"collection":[{"href":"https:\/\/dev6.erresse-shop.it\/fr\/wp-json\/wp\/v2\/product"}],"about":[{"href":"https:\/\/dev6.erresse-shop.it\/fr\/wp-json\/wp\/v2\/types\/product"}],"wp:featuredmedia":[{"embeddable":true,"href":"https:\/\/dev6.erresse-shop.it\/fr\/wp-json\/wp\/v2\/media\/6366944"}],"wp:attachment":[{"href":"https:\/\/dev6.erresse-shop.it\/fr\/wp-json\/wp\/v2\/media?parent=63484"}],"wp:term":[{"taxonomy":"product_cat","embeddable":true,"href":"https:\/\/dev6.erresse-shop.it\/fr\/wp-json\/wp\/v2\/product_cat?post=63484"},{"taxonomy":"product_tag","embeddable":true,"href":"https:\/\/dev6.erresse-shop.it\/fr\/wp-json\/wp\/v2\/product_tag?post=63484"}],"curies":[{"name":"wp","href":"https:\/\/api.w.org\/{rel}","templated":true}]}}