{"id":63476,"date":"2026-04-12T14:52:25","date_gmt":"2026-04-12T12:52:25","guid":{"rendered":"https:\/\/dev6.erresse-shop.it\/shop\/non%20class\u00e9\/berkel-pince-a-jambon-en-bois\/"},"modified":"2025-09-14T07:13:30","modified_gmt":"2025-09-14T05:13:30","slug":"berkel-pince-a-jambon-en-bois","status":"publish","type":"product","link":"https:\/\/dev6.erresse-shop.it\/fr\/shop\/cuisine\/accessoires-fr\/berkel-pince-a-jambon-en-bois\/","title":{"rendered":"BERKEL Pince \u00e0 Jambon en Bois"},"content":{"rendered":"<p>LA BEAUT\u00c9 ET LE GO\u00dbT DU JAMBON TRANCH\u00c9 \u00c0 LA MAIN.<br \/>\nLe prosciutto italien exprime tout son parfum lorsqu\u2019il est tranch\u00e9 \u00e0 la main avec un couteau. Avec le support Berkel, les charcuteries avec os peuvent \u00eatre facilement tranch\u00e9es. Serr\u00e9 dans l\u2019\u00e9tau, il ne subira aucune oscillation, permettant une d\u00e9coupe parfaite de la viande \u00e0 l\u2019aide d\u2019un couteau bien aiguis\u00e9. Berkel propose un objet fonctionnel avec des mat\u00e9riaux facilement lavables (acier et bois) et un design moderne.<\/p>\n<p>\u00c9TAU \u00c0 JAMBON EN BOIS FONC\u00c9<br \/>\nMat\u00e9riaux : Base en bois fonc\u00e9, cadre en acier inoxydable, garniture en bois<br \/>\nDimensions maximales : 24 x 56 x 16h cm<br \/>\nPoids : 4 kg<br \/>\nCaract\u00e9ristiques : pieds en caoutchouc de silicone.<\/p>\n","protected":false},"excerpt":{"rendered":"<p>LA BEAUT\u00c9 ET LE GO\u00dbT DU JAMBON TRANCH\u00c9 \u00c0 LA MAIN. Le prosciutto italien exprime tout son parfum lorsqu\u2019il est tranch\u00e9 \u00e0 la main avec un couteau. Avec le support Berkel, les charcuteries avec os peuvent \u00eatre facilement tranch\u00e9es. Serr\u00e9 dans l\u2019\u00e9tau, il ne subira aucune oscillation, permettant une d\u00e9coupe parfaite de la viande \u00e0 [&hellip;]<\/p>\n","protected":false},"featured_media":6381410,"template":"","meta":{"_acf_changed":false},"product_cat":[12057,11733,11668,11992],"product_tag":[],"class_list":{"0":"post-63476","1":"product","2":"type-product","3":"status-publish","4":"has-post-thumbnail","6":"product_cat-accessoires-fr","7":"product_cat-accessori-cucina","8":"product_cat-cucina","9":"product_cat-cuisine","11":"first","12":"instock","13":"sale","14":"taxable","15":"shipping-taxable","16":"purchasable","17":"product-type-simple","swatches":"rey-swatches","show_selected":"","stretch_labels":"rey-swatches--stretch-labels"},"acf":[],"yoast_head":"<!-- This site is optimized with the Yoast SEO plugin v25.4 - https:\/\/yoast.com\/wordpress\/plugins\/seo\/ -->\n<title>BERKEL Pince \u00e0 Jambon en Bois - dev6 Erresse<\/title>\n<meta name=\"description\" content=\"LA BEAUT\u00c9 ET LE GO\u00dbT DU JAMBON TRANCH\u00c9 \u00c0 LA MAIN. Le prosciutto italien exprime tout son parfum lorsqu\u2019il est tranch\u00e9 \u00e0 la main avec un couteau. Avec le\" \/>\n<meta name=\"robots\" content=\"noindex, follow, max-snippet:-1, max-image-preview:large, max-video-preview:-1\" \/>\n<meta property=\"og:locale\" content=\"fr_FR\" \/>\n<meta property=\"og:type\" content=\"article\" \/>\n<meta property=\"og:title\" content=\"BERKEL Pince \u00e0 Jambon en Bois - dev6 Erresse\" \/>\n<meta property=\"og:description\" content=\"LA BEAUT\u00c9 ET LE GO\u00dbT DU JAMBON TRANCH\u00c9 \u00c0 LA MAIN. Le prosciutto italien exprime tout son parfum lorsqu\u2019il est tranch\u00e9 \u00e0 la main avec un couteau. Avec le\" \/>\n<meta property=\"og:url\" content=\"https:\/\/dev6.erresse-shop.it\/fr\/shop\/cuisine\/accessoires-fr\/berkel-pince-a-jambon-en-bois\/\" \/>\n<meta property=\"og:site_name\" content=\"dev6 Erresse\" \/>\n<meta property=\"og:image\" content=\"https:\/\/interpim.erresse-shop.it\/Import\/Prodotti\/berkel-morsa.jpg\" \/><meta property=\"og:image\" content=\"https:\/\/interpim.erresse-shop.it\/Import\/Prodotti\/berkel-morsa.jpg\" \/>\n\t<meta property=\"og:image:width\" content=\"1024\" \/>\n\t<meta property=\"og:image:height\" content=\"1024\" \/>\n\t<meta property=\"og:image:type\" content=\"image\/jpeg\" \/>\n<meta name=\"twitter:card\" content=\"summary_large_image\" \/>\n<meta name=\"twitter:image\" content=\"https:\/\/interpim.erresse-shop.it\/Import\/Prodotti\/berkel-morsa.jpg\" \/>\n<script type=\"application\/ld+json\" class=\"yoast-schema-graph\">{\"@context\":\"https:\/\/schema.org\",\"@graph\":[{\"@type\":\"WebPage\",\"@id\":\"https:\/\/dev6.erresse-shop.it\/fr\/shop\/cuisine\/accessoires-fr\/berkel-pince-a-jambon-en-bois\/\",\"url\":\"https:\/\/dev6.erresse-shop.it\/fr\/shop\/cuisine\/accessoires-fr\/berkel-pince-a-jambon-en-bois\/\",\"name\":\"BERKEL Pince \u00e0 Jambon en Bois - dev6 Erresse\",\"isPartOf\":{\"@id\":\"https:\/\/dev6.erresse-shop.it\/#website\"},\"primaryImageOfPage\":{\"@id\":\"https:\/\/dev6.erresse-shop.it\/fr\/shop\/cuisine\/accessoires-fr\/berkel-pince-a-jambon-en-bois\/#primaryimage\"},\"image\":{\"@id\":\"https:\/\/dev6.erresse-shop.it\/fr\/shop\/cuisine\/accessoires-fr\/berkel-pince-a-jambon-en-bois\/#primaryimage\"},\"thumbnailUrl\":\"https:\/\/i0.wp.com\/interpim.erresse-shop.it\/Import\/Prodotti\/berkel-morsa.jpg?ssl=1\",\"datePublished\":\"2026-04-12T12:52:25+00:00\",\"description\":\"LA BEAUT\u00c9 ET LE GO\u00dbT DU JAMBON TRANCH\u00c9 \u00c0 LA MAIN. Le prosciutto italien exprime tout son parfum lorsqu\u2019il est tranch\u00e9 \u00e0 la main avec un couteau. Avec le\",\"breadcrumb\":{\"@id\":\"https:\/\/dev6.erresse-shop.it\/fr\/shop\/cuisine\/accessoires-fr\/berkel-pince-a-jambon-en-bois\/#breadcrumb\"},\"inLanguage\":\"fr-FR\",\"potentialAction\":[{\"@type\":\"ReadAction\",\"target\":[\"https:\/\/dev6.erresse-shop.it\/fr\/shop\/cuisine\/accessoires-fr\/berkel-pince-a-jambon-en-bois\/\"]}]},{\"@type\":\"ImageObject\",\"inLanguage\":\"fr-FR\",\"@id\":\"https:\/\/dev6.erresse-shop.it\/fr\/shop\/cuisine\/accessoires-fr\/berkel-pince-a-jambon-en-bois\/#primaryimage\",\"url\":\"https:\/\/i0.wp.com\/interpim.erresse-shop.it\/Import\/Prodotti\/berkel-morsa.jpg?ssl=1\",\"contentUrl\":\"https:\/\/i0.wp.com\/interpim.erresse-shop.it\/Import\/Prodotti\/berkel-morsa.jpg?ssl=1\"},{\"@type\":\"BreadcrumbList\",\"@id\":\"https:\/\/dev6.erresse-shop.it\/fr\/shop\/cuisine\/accessoires-fr\/berkel-pince-a-jambon-en-bois\/#breadcrumb\",\"itemListElement\":[{\"@type\":\"ListItem\",\"position\":1,\"name\":\"Home\",\"item\":\"https:\/\/dev6.erresse-shop.it\/\"},{\"@type\":\"ListItem\",\"position\":2,\"name\":\"Boutique\",\"item\":\"https:\/\/dev6.erresse-shop.it\/shop\/\"},{\"@type\":\"ListItem\",\"position\":3,\"name\":\"BERKEL Pince \u00e0 Jambon en Bois\"}]},{\"@type\":\"WebSite\",\"@id\":\"https:\/\/dev6.erresse-shop.it\/#website\",\"url\":\"https:\/\/dev6.erresse-shop.it\/\",\"name\":\"Erresse Shop\",\"description\":\"\",\"publisher\":{\"@id\":\"https:\/\/dev6.erresse-shop.it\/#organization\"},\"potentialAction\":[{\"@type\":\"SearchAction\",\"target\":{\"@type\":\"EntryPoint\",\"urlTemplate\":\"https:\/\/dev6.erresse-shop.it\/?s={search_term_string}\"},\"query-input\":{\"@type\":\"PropertyValueSpecification\",\"valueRequired\":true,\"valueName\":\"search_term_string\"}}],\"inLanguage\":\"fr-FR\"},{\"@type\":\"Organization\",\"@id\":\"https:\/\/dev6.erresse-shop.it\/#organization\",\"name\":\"Erresse Shop\",\"url\":\"https:\/\/dev6.erresse-shop.it\/\",\"logo\":{\"@type\":\"ImageObject\",\"inLanguage\":\"fr-FR\",\"@id\":\"https:\/\/dev6.erresse-shop.it\/#\/schema\/logo\/image\/\",\"url\":\"https:\/\/dev6.erresse-shop.it\/wp-content\/uploads\/2025\/01\/LOGO-ERRESSE-CLASSICO.svg\",\"contentUrl\":\"https:\/\/dev6.erresse-shop.it\/wp-content\/uploads\/2025\/01\/LOGO-ERRESSE-CLASSICO.svg\",\"caption\":\"Erresse Shop\"},\"image\":{\"@id\":\"https:\/\/dev6.erresse-shop.it\/#\/schema\/logo\/image\/\"}}]}<\/script>\n<!-- \/ Yoast SEO plugin. -->","yoast_head_json":{"title":"BERKEL Pince \u00e0 Jambon en Bois - dev6 Erresse","description":"LA BEAUT\u00c9 ET LE GO\u00dbT DU JAMBON TRANCH\u00c9 \u00c0 LA MAIN. Le prosciutto italien exprime tout son parfum lorsqu\u2019il est tranch\u00e9 \u00e0 la main avec un couteau. Avec le","robots":{"index":"noindex","follow":"follow","max-snippet":"max-snippet:-1","max-image-preview":"max-image-preview:large","max-video-preview":"max-video-preview:-1"},"og_locale":"fr_FR","og_type":"article","og_title":"BERKEL Pince \u00e0 Jambon en Bois - dev6 Erresse","og_description":"LA BEAUT\u00c9 ET LE GO\u00dbT DU JAMBON TRANCH\u00c9 \u00c0 LA MAIN. Le prosciutto italien exprime tout son parfum lorsqu\u2019il est tranch\u00e9 \u00e0 la main avec un couteau. Avec le","og_url":"https:\/\/dev6.erresse-shop.it\/fr\/shop\/cuisine\/accessoires-fr\/berkel-pince-a-jambon-en-bois\/","og_site_name":"dev6 Erresse","og_image":[{"url":"https:\/\/interpim.erresse-shop.it\/Import\/Prodotti\/berkel-morsa.jpg","type":"","width":"","height":""},{"url":"https:\/\/interpim.erresse-shop.it\/Import\/Prodotti\/berkel-morsa.jpg","width":1024,"height":1024,"type":"image\/jpeg"}],"twitter_card":"summary_large_image","twitter_image":"https:\/\/interpim.erresse-shop.it\/Import\/Prodotti\/berkel-morsa.jpg","schema":{"@context":"https:\/\/schema.org","@graph":[{"@type":"WebPage","@id":"https:\/\/dev6.erresse-shop.it\/fr\/shop\/cuisine\/accessoires-fr\/berkel-pince-a-jambon-en-bois\/","url":"https:\/\/dev6.erresse-shop.it\/fr\/shop\/cuisine\/accessoires-fr\/berkel-pince-a-jambon-en-bois\/","name":"BERKEL Pince \u00e0 Jambon en Bois - dev6 Erresse","isPartOf":{"@id":"https:\/\/dev6.erresse-shop.it\/#website"},"primaryImageOfPage":{"@id":"https:\/\/dev6.erresse-shop.it\/fr\/shop\/cuisine\/accessoires-fr\/berkel-pince-a-jambon-en-bois\/#primaryimage"},"image":{"@id":"https:\/\/dev6.erresse-shop.it\/fr\/shop\/cuisine\/accessoires-fr\/berkel-pince-a-jambon-en-bois\/#primaryimage"},"thumbnailUrl":"https:\/\/i0.wp.com\/interpim.erresse-shop.it\/Import\/Prodotti\/berkel-morsa.jpg?ssl=1","datePublished":"2026-04-12T12:52:25+00:00","description":"LA BEAUT\u00c9 ET LE GO\u00dbT DU JAMBON TRANCH\u00c9 \u00c0 LA MAIN. Le prosciutto italien exprime tout son parfum lorsqu\u2019il est tranch\u00e9 \u00e0 la main avec un couteau. Avec le","breadcrumb":{"@id":"https:\/\/dev6.erresse-shop.it\/fr\/shop\/cuisine\/accessoires-fr\/berkel-pince-a-jambon-en-bois\/#breadcrumb"},"inLanguage":"fr-FR","potentialAction":[{"@type":"ReadAction","target":["https:\/\/dev6.erresse-shop.it\/fr\/shop\/cuisine\/accessoires-fr\/berkel-pince-a-jambon-en-bois\/"]}]},{"@type":"ImageObject","inLanguage":"fr-FR","@id":"https:\/\/dev6.erresse-shop.it\/fr\/shop\/cuisine\/accessoires-fr\/berkel-pince-a-jambon-en-bois\/#primaryimage","url":"https:\/\/i0.wp.com\/interpim.erresse-shop.it\/Import\/Prodotti\/berkel-morsa.jpg?ssl=1","contentUrl":"https:\/\/i0.wp.com\/interpim.erresse-shop.it\/Import\/Prodotti\/berkel-morsa.jpg?ssl=1"},{"@type":"BreadcrumbList","@id":"https:\/\/dev6.erresse-shop.it\/fr\/shop\/cuisine\/accessoires-fr\/berkel-pince-a-jambon-en-bois\/#breadcrumb","itemListElement":[{"@type":"ListItem","position":1,"name":"Home","item":"https:\/\/dev6.erresse-shop.it\/"},{"@type":"ListItem","position":2,"name":"Boutique","item":"https:\/\/dev6.erresse-shop.it\/shop\/"},{"@type":"ListItem","position":3,"name":"BERKEL Pince \u00e0 Jambon en Bois"}]},{"@type":"WebSite","@id":"https:\/\/dev6.erresse-shop.it\/#website","url":"https:\/\/dev6.erresse-shop.it\/","name":"Erresse Shop","description":"","publisher":{"@id":"https:\/\/dev6.erresse-shop.it\/#organization"},"potentialAction":[{"@type":"SearchAction","target":{"@type":"EntryPoint","urlTemplate":"https:\/\/dev6.erresse-shop.it\/?s={search_term_string}"},"query-input":{"@type":"PropertyValueSpecification","valueRequired":true,"valueName":"search_term_string"}}],"inLanguage":"fr-FR"},{"@type":"Organization","@id":"https:\/\/dev6.erresse-shop.it\/#organization","name":"Erresse Shop","url":"https:\/\/dev6.erresse-shop.it\/","logo":{"@type":"ImageObject","inLanguage":"fr-FR","@id":"https:\/\/dev6.erresse-shop.it\/#\/schema\/logo\/image\/","url":"https:\/\/dev6.erresse-shop.it\/wp-content\/uploads\/2025\/01\/LOGO-ERRESSE-CLASSICO.svg","contentUrl":"https:\/\/dev6.erresse-shop.it\/wp-content\/uploads\/2025\/01\/LOGO-ERRESSE-CLASSICO.svg","caption":"Erresse Shop"},"image":{"@id":"https:\/\/dev6.erresse-shop.it\/#\/schema\/logo\/image\/"}}]}},"df_price":219,"df_sale_price":219,"df_regular_price":329,"df_image_link":"https:\/\/i0.wp.com\/interpim.erresse-shop.it\/Import\/Prodotti\/berkel-morsa.jpg?resize=300,300&ssl=1","fifu_image_url":"https:\/\/interpim.erresse-shop.it\/Import\/Prodotti\/berkel-morsa.jpg","_links":{"self":[{"href":"https:\/\/dev6.erresse-shop.it\/fr\/wp-json\/wp\/v2\/product\/63476","targetHints":{"allow":["GET"]}}],"collection":[{"href":"https:\/\/dev6.erresse-shop.it\/fr\/wp-json\/wp\/v2\/product"}],"about":[{"href":"https:\/\/dev6.erresse-shop.it\/fr\/wp-json\/wp\/v2\/types\/product"}],"wp:featuredmedia":[{"embeddable":true,"href":"https:\/\/dev6.erresse-shop.it\/fr\/wp-json\/wp\/v2\/media\/6381410"}],"wp:attachment":[{"href":"https:\/\/dev6.erresse-shop.it\/fr\/wp-json\/wp\/v2\/media?parent=63476"}],"wp:term":[{"taxonomy":"product_cat","embeddable":true,"href":"https:\/\/dev6.erresse-shop.it\/fr\/wp-json\/wp\/v2\/product_cat?post=63476"},{"taxonomy":"product_tag","embeddable":true,"href":"https:\/\/dev6.erresse-shop.it\/fr\/wp-json\/wp\/v2\/product_tag?post=63476"}],"curies":[{"name":"wp","href":"https:\/\/api.w.org\/{rel}","templated":true}]}}