{"id":63450,"date":"2026-04-12T10:36:52","date_gmt":"2026-04-12T08:36:52","guid":{"rendered":"https:\/\/dev6.erresse-shop.it\/shop\/non%20class\u00e9\/villeroy-boch-afina-set-de-4-assiettes-29-cm\/"},"modified":"2025-09-14T05:20:12","modified_gmt":"2025-09-14T03:20:12","slug":"villeroy-boch-afina-set-de-4-assiettes-29-cm","status":"publish","type":"product","link":"https:\/\/dev6.erresse-shop.it\/fr\/shop\/table-fr-2\/plats\/villeroy-boch-afina-set-de-4-assiettes-29-cm\/","title":{"rendered":"VILLEROY &#038; BOCH Afina Set de 4 assiettes 29 cm"},"content":{"rendered":"<p>Assiette plate \u00e0 large diam\u00e8tre pour pr\u00e9senter les plats de mani\u00e8re attrayante<\/p>\n<p>Dans un monde caract\u00e9ris\u00e9 par la recherche d\u2019unicit\u00e9 et en m\u00eame temps d\u2019espaces de bien-\u00eatre, nous pr\u00e9sentons la collection de vaisselle Afina, inspir\u00e9e par la tendance de style de vie du go\u00fbt raffin\u00e9. La collection se caract\u00e9rise par un concept de design unique, combinant des formes minimalistes et des d\u00e9tails d\u00e9licats et sophistiqu\u00e9s.<\/p>\n<p>Les formes \u00e9pur\u00e9es sont habilement combin\u00e9es \u00e0 des d\u00e9tails fins, ce qui donne une forme de coupe moderne avec un bord sur\u00e9lev\u00e9. Inspir\u00e9e par les rayons concentriques du soleil, cette vaisselle pr\u00e9sente un relief annulaire fascinant, cr\u00e9ant une exp\u00e9rience tactile exquise. L\u2019aspect flottant particulier est soulign\u00e9 par une base soigneusement dissimul\u00e9e. L\u2019assiette creuse de grand diam\u00e8tre convient \u00e0 la pr\u00e9sentation attrayante d\u2019une vari\u00e9t\u00e9 de plats. Avec son large espace et son design \u00e9l\u00e9gant, elle conf\u00e8re \u00e0 chaque menu une touche d\u2019\u00e9l\u00e9gance et de sophistication. D\u00e9couvrez la perfection du raffinement minimaliste avec Afina et faites briller vos cuisines et salles \u00e0 manger d\u2019une splendeur impressionnante.<\/p>\n<p>Mat\u00e9riau : porcelaine<br \/>\nDiam\u00e8tre: 292 mm<br \/>\nVolume : environ 400 ml<br \/>\nPasse au lave-vaisselle : oui<br \/>\nConvient au micro-ondes : oui<\/p>\n","protected":false},"excerpt":{"rendered":"<p>Assiette plate \u00e0 large diam\u00e8tre pour pr\u00e9senter les plats de mani\u00e8re attrayante Dans un monde caract\u00e9ris\u00e9 par la recherche d\u2019unicit\u00e9 et en m\u00eame temps d\u2019espaces de bien-\u00eatre, nous pr\u00e9sentons la collection de vaisselle Afina, inspir\u00e9e par la tendance de style de vie du go\u00fbt raffin\u00e9. La collection se caract\u00e9rise par un concept de design unique, [&hellip;]<\/p>\n","protected":false},"featured_media":6366905,"template":"","meta":{"_acf_changed":false},"product_cat":[12014,11995,11671],"product_tag":[],"class_list":{"0":"post-63450","1":"product","2":"type-product","3":"status-publish","4":"has-post-thumbnail","6":"product_cat-plats","7":"product_cat-table-fr-2","8":"product_cat-tavola","10":"first","11":"instock","12":"sale","13":"taxable","14":"shipping-taxable","15":"purchasable","16":"product-type-simple","swatches":"rey-swatches","show_selected":"","stretch_labels":"rey-swatches--stretch-labels"},"acf":[],"yoast_head":"<!-- This site is optimized with the Yoast SEO plugin v25.4 - https:\/\/yoast.com\/wordpress\/plugins\/seo\/ -->\n<title>VILLEROY &#038; BOCH Afina Set de 4 assiettes 29 cm - dev6 Erresse<\/title>\n<meta name=\"description\" content=\"Assiette plate \u00e0 large diam\u00e8tre pour pr\u00e9senter les plats de mani\u00e8re attrayante Dans un monde caract\u00e9ris\u00e9 par la recherche d\u2019unicit\u00e9 et en m\u00eame temps\" \/>\n<meta name=\"robots\" content=\"noindex, follow, max-snippet:-1, max-image-preview:large, max-video-preview:-1\" \/>\n<meta property=\"og:locale\" content=\"fr_FR\" \/>\n<meta property=\"og:type\" content=\"article\" \/>\n<meta property=\"og:title\" content=\"VILLEROY &#038; BOCH Afina Set de 4 assiettes 29 cm - dev6 Erresse\" \/>\n<meta property=\"og:description\" content=\"Assiette plate \u00e0 large diam\u00e8tre pour pr\u00e9senter les plats de mani\u00e8re attrayante Dans un monde caract\u00e9ris\u00e9 par la recherche d\u2019unicit\u00e9 et en m\u00eame temps\" \/>\n<meta property=\"og:url\" content=\"https:\/\/dev6.erresse-shop.it\/fr\/shop\/table-fr-2\/plats\/villeroy-boch-afina-set-de-4-assiettes-29-cm\/\" \/>\n<meta property=\"og:site_name\" content=\"dev6 Erresse\" \/>\n<meta property=\"og:image\" content=\"https:\/\/interpim.erresse-shop.it\/img-catalogo\/villeroy\/villeroy-e-boch-afina-piatto-fondo.jpg\" \/><meta property=\"og:image\" content=\"https:\/\/interpim.erresse-shop.it\/img-catalogo\/villeroy\/villeroy-e-boch-afina-piatto-fondo.jpg\" \/>\n\t<meta property=\"og:image:width\" content=\"1024\" \/>\n\t<meta property=\"og:image:height\" content=\"1024\" \/>\n\t<meta property=\"og:image:type\" content=\"image\/jpeg\" \/>\n<meta name=\"twitter:card\" content=\"summary_large_image\" \/>\n<meta name=\"twitter:image\" content=\"https:\/\/interpim.erresse-shop.it\/img-catalogo\/villeroy\/villeroy-e-boch-afina-piatto-fondo.jpg\" \/>\n<script type=\"application\/ld+json\" class=\"yoast-schema-graph\">{\"@context\":\"https:\/\/schema.org\",\"@graph\":[{\"@type\":\"WebPage\",\"@id\":\"https:\/\/dev6.erresse-shop.it\/fr\/shop\/table-fr-2\/plats\/villeroy-boch-afina-set-de-4-assiettes-29-cm\/\",\"url\":\"https:\/\/dev6.erresse-shop.it\/fr\/shop\/table-fr-2\/plats\/villeroy-boch-afina-set-de-4-assiettes-29-cm\/\",\"name\":\"VILLEROY &#038; BOCH Afina Set de 4 assiettes 29 cm - dev6 Erresse\",\"isPartOf\":{\"@id\":\"https:\/\/dev6.erresse-shop.it\/#website\"},\"primaryImageOfPage\":{\"@id\":\"https:\/\/dev6.erresse-shop.it\/fr\/shop\/table-fr-2\/plats\/villeroy-boch-afina-set-de-4-assiettes-29-cm\/#primaryimage\"},\"image\":{\"@id\":\"https:\/\/dev6.erresse-shop.it\/fr\/shop\/table-fr-2\/plats\/villeroy-boch-afina-set-de-4-assiettes-29-cm\/#primaryimage\"},\"thumbnailUrl\":\"https:\/\/i1.wp.com\/interpim.erresse-shop.it\/img-catalogo\/villeroy\/villeroy-e-boch-afina-piatto-fondo.jpg?ssl=1\",\"datePublished\":\"2026-04-12T08:36:52+00:00\",\"description\":\"Assiette plate \u00e0 large diam\u00e8tre pour pr\u00e9senter les plats de mani\u00e8re attrayante Dans un monde caract\u00e9ris\u00e9 par la recherche d\u2019unicit\u00e9 et en m\u00eame temps\",\"breadcrumb\":{\"@id\":\"https:\/\/dev6.erresse-shop.it\/fr\/shop\/table-fr-2\/plats\/villeroy-boch-afina-set-de-4-assiettes-29-cm\/#breadcrumb\"},\"inLanguage\":\"fr-FR\",\"potentialAction\":[{\"@type\":\"ReadAction\",\"target\":[\"https:\/\/dev6.erresse-shop.it\/fr\/shop\/table-fr-2\/plats\/villeroy-boch-afina-set-de-4-assiettes-29-cm\/\"]}]},{\"@type\":\"ImageObject\",\"inLanguage\":\"fr-FR\",\"@id\":\"https:\/\/dev6.erresse-shop.it\/fr\/shop\/table-fr-2\/plats\/villeroy-boch-afina-set-de-4-assiettes-29-cm\/#primaryimage\",\"url\":\"https:\/\/i1.wp.com\/interpim.erresse-shop.it\/img-catalogo\/villeroy\/villeroy-e-boch-afina-piatto-fondo.jpg?ssl=1\",\"contentUrl\":\"https:\/\/i1.wp.com\/interpim.erresse-shop.it\/img-catalogo\/villeroy\/villeroy-e-boch-afina-piatto-fondo.jpg?ssl=1\"},{\"@type\":\"BreadcrumbList\",\"@id\":\"https:\/\/dev6.erresse-shop.it\/fr\/shop\/table-fr-2\/plats\/villeroy-boch-afina-set-de-4-assiettes-29-cm\/#breadcrumb\",\"itemListElement\":[{\"@type\":\"ListItem\",\"position\":1,\"name\":\"Home\",\"item\":\"https:\/\/dev6.erresse-shop.it\/\"},{\"@type\":\"ListItem\",\"position\":2,\"name\":\"Boutique\",\"item\":\"https:\/\/dev6.erresse-shop.it\/shop\/\"},{\"@type\":\"ListItem\",\"position\":3,\"name\":\"VILLEROY &#038; BOCH Afina Set de 4 assiettes 29 cm\"}]},{\"@type\":\"WebSite\",\"@id\":\"https:\/\/dev6.erresse-shop.it\/#website\",\"url\":\"https:\/\/dev6.erresse-shop.it\/\",\"name\":\"Erresse Shop\",\"description\":\"\",\"publisher\":{\"@id\":\"https:\/\/dev6.erresse-shop.it\/#organization\"},\"potentialAction\":[{\"@type\":\"SearchAction\",\"target\":{\"@type\":\"EntryPoint\",\"urlTemplate\":\"https:\/\/dev6.erresse-shop.it\/?s={search_term_string}\"},\"query-input\":{\"@type\":\"PropertyValueSpecification\",\"valueRequired\":true,\"valueName\":\"search_term_string\"}}],\"inLanguage\":\"fr-FR\"},{\"@type\":\"Organization\",\"@id\":\"https:\/\/dev6.erresse-shop.it\/#organization\",\"name\":\"Erresse Shop\",\"url\":\"https:\/\/dev6.erresse-shop.it\/\",\"logo\":{\"@type\":\"ImageObject\",\"inLanguage\":\"fr-FR\",\"@id\":\"https:\/\/dev6.erresse-shop.it\/#\/schema\/logo\/image\/\",\"url\":\"https:\/\/dev6.erresse-shop.it\/wp-content\/uploads\/2025\/01\/LOGO-ERRESSE-CLASSICO.svg\",\"contentUrl\":\"https:\/\/dev6.erresse-shop.it\/wp-content\/uploads\/2025\/01\/LOGO-ERRESSE-CLASSICO.svg\",\"caption\":\"Erresse Shop\"},\"image\":{\"@id\":\"https:\/\/dev6.erresse-shop.it\/#\/schema\/logo\/image\/\"}}]}<\/script>\n<!-- \/ Yoast SEO plugin. -->","yoast_head_json":{"title":"VILLEROY &#038; BOCH Afina Set de 4 assiettes 29 cm - dev6 Erresse","description":"Assiette plate \u00e0 large diam\u00e8tre pour pr\u00e9senter les plats de mani\u00e8re attrayante Dans un monde caract\u00e9ris\u00e9 par la recherche d\u2019unicit\u00e9 et en m\u00eame temps","robots":{"index":"noindex","follow":"follow","max-snippet":"max-snippet:-1","max-image-preview":"max-image-preview:large","max-video-preview":"max-video-preview:-1"},"og_locale":"fr_FR","og_type":"article","og_title":"VILLEROY &#038; BOCH Afina Set de 4 assiettes 29 cm - dev6 Erresse","og_description":"Assiette plate \u00e0 large diam\u00e8tre pour pr\u00e9senter les plats de mani\u00e8re attrayante Dans un monde caract\u00e9ris\u00e9 par la recherche d\u2019unicit\u00e9 et en m\u00eame temps","og_url":"https:\/\/dev6.erresse-shop.it\/fr\/shop\/table-fr-2\/plats\/villeroy-boch-afina-set-de-4-assiettes-29-cm\/","og_site_name":"dev6 Erresse","og_image":[{"url":"https:\/\/interpim.erresse-shop.it\/img-catalogo\/villeroy\/villeroy-e-boch-afina-piatto-fondo.jpg","type":"","width":"","height":""},{"url":"https:\/\/interpim.erresse-shop.it\/img-catalogo\/villeroy\/villeroy-e-boch-afina-piatto-fondo.jpg","width":1024,"height":1024,"type":"image\/jpeg"}],"twitter_card":"summary_large_image","twitter_image":"https:\/\/interpim.erresse-shop.it\/img-catalogo\/villeroy\/villeroy-e-boch-afina-piatto-fondo.jpg","schema":{"@context":"https:\/\/schema.org","@graph":[{"@type":"WebPage","@id":"https:\/\/dev6.erresse-shop.it\/fr\/shop\/table-fr-2\/plats\/villeroy-boch-afina-set-de-4-assiettes-29-cm\/","url":"https:\/\/dev6.erresse-shop.it\/fr\/shop\/table-fr-2\/plats\/villeroy-boch-afina-set-de-4-assiettes-29-cm\/","name":"VILLEROY &#038; BOCH Afina Set de 4 assiettes 29 cm - dev6 Erresse","isPartOf":{"@id":"https:\/\/dev6.erresse-shop.it\/#website"},"primaryImageOfPage":{"@id":"https:\/\/dev6.erresse-shop.it\/fr\/shop\/table-fr-2\/plats\/villeroy-boch-afina-set-de-4-assiettes-29-cm\/#primaryimage"},"image":{"@id":"https:\/\/dev6.erresse-shop.it\/fr\/shop\/table-fr-2\/plats\/villeroy-boch-afina-set-de-4-assiettes-29-cm\/#primaryimage"},"thumbnailUrl":"https:\/\/i1.wp.com\/interpim.erresse-shop.it\/img-catalogo\/villeroy\/villeroy-e-boch-afina-piatto-fondo.jpg?ssl=1","datePublished":"2026-04-12T08:36:52+00:00","description":"Assiette plate \u00e0 large diam\u00e8tre pour pr\u00e9senter les plats de mani\u00e8re attrayante Dans un monde caract\u00e9ris\u00e9 par la recherche d\u2019unicit\u00e9 et en m\u00eame temps","breadcrumb":{"@id":"https:\/\/dev6.erresse-shop.it\/fr\/shop\/table-fr-2\/plats\/villeroy-boch-afina-set-de-4-assiettes-29-cm\/#breadcrumb"},"inLanguage":"fr-FR","potentialAction":[{"@type":"ReadAction","target":["https:\/\/dev6.erresse-shop.it\/fr\/shop\/table-fr-2\/plats\/villeroy-boch-afina-set-de-4-assiettes-29-cm\/"]}]},{"@type":"ImageObject","inLanguage":"fr-FR","@id":"https:\/\/dev6.erresse-shop.it\/fr\/shop\/table-fr-2\/plats\/villeroy-boch-afina-set-de-4-assiettes-29-cm\/#primaryimage","url":"https:\/\/i1.wp.com\/interpim.erresse-shop.it\/img-catalogo\/villeroy\/villeroy-e-boch-afina-piatto-fondo.jpg?ssl=1","contentUrl":"https:\/\/i1.wp.com\/interpim.erresse-shop.it\/img-catalogo\/villeroy\/villeroy-e-boch-afina-piatto-fondo.jpg?ssl=1"},{"@type":"BreadcrumbList","@id":"https:\/\/dev6.erresse-shop.it\/fr\/shop\/table-fr-2\/plats\/villeroy-boch-afina-set-de-4-assiettes-29-cm\/#breadcrumb","itemListElement":[{"@type":"ListItem","position":1,"name":"Home","item":"https:\/\/dev6.erresse-shop.it\/"},{"@type":"ListItem","position":2,"name":"Boutique","item":"https:\/\/dev6.erresse-shop.it\/shop\/"},{"@type":"ListItem","position":3,"name":"VILLEROY &#038; BOCH Afina Set de 4 assiettes 29 cm"}]},{"@type":"WebSite","@id":"https:\/\/dev6.erresse-shop.it\/#website","url":"https:\/\/dev6.erresse-shop.it\/","name":"Erresse Shop","description":"","publisher":{"@id":"https:\/\/dev6.erresse-shop.it\/#organization"},"potentialAction":[{"@type":"SearchAction","target":{"@type":"EntryPoint","urlTemplate":"https:\/\/dev6.erresse-shop.it\/?s={search_term_string}"},"query-input":{"@type":"PropertyValueSpecification","valueRequired":true,"valueName":"search_term_string"}}],"inLanguage":"fr-FR"},{"@type":"Organization","@id":"https:\/\/dev6.erresse-shop.it\/#organization","name":"Erresse Shop","url":"https:\/\/dev6.erresse-shop.it\/","logo":{"@type":"ImageObject","inLanguage":"fr-FR","@id":"https:\/\/dev6.erresse-shop.it\/#\/schema\/logo\/image\/","url":"https:\/\/dev6.erresse-shop.it\/wp-content\/uploads\/2025\/01\/LOGO-ERRESSE-CLASSICO.svg","contentUrl":"https:\/\/dev6.erresse-shop.it\/wp-content\/uploads\/2025\/01\/LOGO-ERRESSE-CLASSICO.svg","caption":"Erresse Shop"},"image":{"@id":"https:\/\/dev6.erresse-shop.it\/#\/schema\/logo\/image\/"}}]}},"df_price":139,"df_sale_price":139,"df_regular_price":179.4,"df_image_link":"https:\/\/i1.wp.com\/interpim.erresse-shop.it\/img-catalogo\/villeroy\/villeroy-e-boch-afina-piatto-fondo.jpg?resize=300,300&ssl=1","fifu_image_url":"https:\/\/interpim.erresse-shop.it\/img-catalogo\/villeroy\/villeroy-e-boch-afina-piatto-fondo.jpg","_links":{"self":[{"href":"https:\/\/dev6.erresse-shop.it\/fr\/wp-json\/wp\/v2\/product\/63450","targetHints":{"allow":["GET"]}}],"collection":[{"href":"https:\/\/dev6.erresse-shop.it\/fr\/wp-json\/wp\/v2\/product"}],"about":[{"href":"https:\/\/dev6.erresse-shop.it\/fr\/wp-json\/wp\/v2\/types\/product"}],"wp:featuredmedia":[{"embeddable":true,"href":"https:\/\/dev6.erresse-shop.it\/fr\/wp-json\/wp\/v2\/media\/6366905"}],"wp:attachment":[{"href":"https:\/\/dev6.erresse-shop.it\/fr\/wp-json\/wp\/v2\/media?parent=63450"}],"wp:term":[{"taxonomy":"product_cat","embeddable":true,"href":"https:\/\/dev6.erresse-shop.it\/fr\/wp-json\/wp\/v2\/product_cat?post=63450"},{"taxonomy":"product_tag","embeddable":true,"href":"https:\/\/dev6.erresse-shop.it\/fr\/wp-json\/wp\/v2\/product_tag?post=63450"}],"curies":[{"name":"wp","href":"https:\/\/api.w.org\/{rel}","templated":true}]}}