{"id":63428,"date":"2026-04-12T10:36:52","date_gmt":"2026-04-12T08:36:52","guid":{"rendered":"https:\/\/dev6.erresse-shop.it\/shop\/non%20class\u00e9\/villeroy-boch-iconic-assiettes-la-petite-boule-blanc\/"},"modified":"2025-09-14T05:19:33","modified_gmt":"2025-09-14T03:19:33","slug":"villeroy-boch-iconic-assiettes-la-petite-boule-blanc","status":"publish","type":"product","link":"https:\/\/dev6.erresse-shop.it\/fr\/shop\/table-fr-2\/plats\/villeroy-boch-iconic-assiettes-la-petite-boule-blanc\/","title":{"rendered":"VILLEROY &#038; BOCH Iconic Assiettes La Petite Boule Blanc"},"content":{"rendered":"<p>Une combinaison \u00e9l\u00e9gante de snacks et de meubles<\/p>\n<p>La Boule est un objet design d\u00e9j\u00e0 profond\u00e9ment ancr\u00e9 dans l\u2019ADN de Villeroy &amp; Boch et combine la force de la marque V&amp;B avec le savoir-faire en mati\u00e8re de c\u00e9ramique et un design embl\u00e9matique. Nous poursuivons l\u2019histoire de ce succ\u00e8s avec une \u201cfamille iconique\u201d : la petite Boule est la version plus petite de nos articles \u00e0 succ\u00e8s La Boule Memphis, Black&amp;White, White and Black et Toy\u2019s Delight. \u00c0 l\u2019instar de La Boule, qui associe repas et d\u00e9cor, la Petite Boule associe petits en-cas et d\u00e9cor. En plus d\u2019\u00eatre une pi\u00e8ce de collection exquise, La petite Boule White est \u00e9galement le choix parfait pour les connaisseurs au go\u00fbt raffin\u00e9 qui recherchent un cadeau id\u00e9al pour diverses occasions.<\/p>\n<p>Cette cr\u00e9ation sophistiqu\u00e9e associe une fonctionnalit\u00e9 de premier ordre \u00e0 un design embl\u00e9matique et, en plus d\u2019attirer tous les regards sur la table, elle devient un \u00e9l\u00e9ment phare de tout d\u00e9cor \u00e9l\u00e9gant. La particularit\u00e9 de cet ensemble de table est qu\u2019il se transforme facilement en une sph\u00e8re artistique.<\/p>\n<p>L\u2019ensemble comprend cinq pi\u00e8ces, dont quatre bols et une assiette centrale, et est fabriqu\u00e9 en porcelaine de haute qualit\u00e9 en Allemagne. La petite Boule White incarne l\u2019\u00e9l\u00e9gance intemporelle et la qualit\u00e9 de premier ordre. R\u00e9servez d\u00e8s maintenant votre set innovant pour le go\u00fbter !<\/p>\n<p>L\u2019ensemble se compose de<\/p>\n<p>2 bols<br \/>\n2 assiettes<br \/>\n1 soucoupe<\/p>\n<p>Mat\u00e9riau : Porcelaine<br \/>\nPasse au lave-vaisselle<br \/>\nPasse au four \u00e0 micro-ondes<\/p>\n","protected":false},"excerpt":{"rendered":"<p>Une combinaison \u00e9l\u00e9gante de snacks et de meubles La Boule est un objet design d\u00e9j\u00e0 profond\u00e9ment ancr\u00e9 dans l\u2019ADN de Villeroy &amp; Boch et combine la force de la marque V&amp;B avec le savoir-faire en mati\u00e8re de c\u00e9ramique et un design embl\u00e9matique. Nous poursuivons l\u2019histoire de ce succ\u00e8s avec une \u201cfamille iconique\u201d : la petite [&hellip;]<\/p>\n","protected":false},"featured_media":6366807,"template":"","meta":{"_acf_changed":false},"product_cat":[12014,11995,11671],"product_tag":[],"class_list":{"0":"post-63428","1":"product","2":"type-product","3":"status-publish","4":"has-post-thumbnail","6":"product_cat-plats","7":"product_cat-table-fr-2","8":"product_cat-tavola","10":"first","11":"instock","12":"sale","13":"taxable","14":"shipping-taxable","15":"purchasable","16":"product-type-simple","swatches":"rey-swatches","show_selected":"","stretch_labels":"rey-swatches--stretch-labels"},"acf":[],"yoast_head":"<!-- This site is optimized with the Yoast SEO plugin v25.4 - https:\/\/yoast.com\/wordpress\/plugins\/seo\/ -->\n<title>VILLEROY &#038; BOCH Iconic Assiettes La Petite Boule Blanc - dev6 Erresse<\/title>\n<meta name=\"description\" content=\"Une combinaison \u00e9l\u00e9gante de snacks et de meubles La Boule est un objet design d\u00e9j\u00e0 profond\u00e9ment ancr\u00e9 dans l\u2019ADN de Villeroy &amp; Boch et combine la\" \/>\n<meta name=\"robots\" content=\"noindex, follow, max-snippet:-1, max-image-preview:large, max-video-preview:-1\" \/>\n<meta property=\"og:locale\" content=\"fr_FR\" \/>\n<meta property=\"og:type\" content=\"article\" \/>\n<meta property=\"og:title\" content=\"VILLEROY &#038; BOCH Iconic Assiettes La Petite Boule Blanc - dev6 Erresse\" \/>\n<meta property=\"og:description\" content=\"Une combinaison \u00e9l\u00e9gante de snacks et de meubles La Boule est un objet design d\u00e9j\u00e0 profond\u00e9ment ancr\u00e9 dans l\u2019ADN de Villeroy &amp; Boch et combine la\" \/>\n<meta property=\"og:url\" content=\"https:\/\/dev6.erresse-shop.it\/fr\/shop\/table-fr-2\/plats\/villeroy-boch-iconic-assiettes-la-petite-boule-blanc\/\" \/>\n<meta property=\"og:site_name\" content=\"dev6 Erresse\" \/>\n<meta property=\"og:image\" content=\"https:\/\/interpim.erresse-shop.it\/img-catalogo\/villeroy\/villeoy-e-boch-la-boule-petite-bianco.jpg\" \/><meta property=\"og:image\" content=\"https:\/\/interpim.erresse-shop.it\/img-catalogo\/villeroy\/villeoy-e-boch-la-boule-petite-bianco.jpg\" \/>\n\t<meta property=\"og:image:width\" content=\"1024\" \/>\n\t<meta property=\"og:image:height\" content=\"1024\" \/>\n\t<meta property=\"og:image:type\" content=\"image\/jpeg\" \/>\n<meta name=\"twitter:card\" content=\"summary_large_image\" \/>\n<meta name=\"twitter:image\" content=\"https:\/\/interpim.erresse-shop.it\/img-catalogo\/villeroy\/villeoy-e-boch-la-boule-petite-bianco.jpg\" \/>\n<script type=\"application\/ld+json\" class=\"yoast-schema-graph\">{\"@context\":\"https:\/\/schema.org\",\"@graph\":[{\"@type\":\"WebPage\",\"@id\":\"https:\/\/dev6.erresse-shop.it\/fr\/shop\/table-fr-2\/plats\/villeroy-boch-iconic-assiettes-la-petite-boule-blanc\/\",\"url\":\"https:\/\/dev6.erresse-shop.it\/fr\/shop\/table-fr-2\/plats\/villeroy-boch-iconic-assiettes-la-petite-boule-blanc\/\",\"name\":\"VILLEROY &#038; BOCH Iconic Assiettes La Petite Boule Blanc - dev6 Erresse\",\"isPartOf\":{\"@id\":\"https:\/\/dev6.erresse-shop.it\/#website\"},\"primaryImageOfPage\":{\"@id\":\"https:\/\/dev6.erresse-shop.it\/fr\/shop\/table-fr-2\/plats\/villeroy-boch-iconic-assiettes-la-petite-boule-blanc\/#primaryimage\"},\"image\":{\"@id\":\"https:\/\/dev6.erresse-shop.it\/fr\/shop\/table-fr-2\/plats\/villeroy-boch-iconic-assiettes-la-petite-boule-blanc\/#primaryimage\"},\"thumbnailUrl\":\"https:\/\/i2.wp.com\/interpim.erresse-shop.it\/img-catalogo\/villeroy\/villeoy-e-boch-la-boule-petite-bianco.jpg?ssl=1\",\"datePublished\":\"2026-04-12T08:36:52+00:00\",\"description\":\"Une combinaison \u00e9l\u00e9gante de snacks et de meubles La Boule est un objet design d\u00e9j\u00e0 profond\u00e9ment ancr\u00e9 dans l\u2019ADN de Villeroy &amp; Boch et combine la\",\"breadcrumb\":{\"@id\":\"https:\/\/dev6.erresse-shop.it\/fr\/shop\/table-fr-2\/plats\/villeroy-boch-iconic-assiettes-la-petite-boule-blanc\/#breadcrumb\"},\"inLanguage\":\"fr-FR\",\"potentialAction\":[{\"@type\":\"ReadAction\",\"target\":[\"https:\/\/dev6.erresse-shop.it\/fr\/shop\/table-fr-2\/plats\/villeroy-boch-iconic-assiettes-la-petite-boule-blanc\/\"]}]},{\"@type\":\"ImageObject\",\"inLanguage\":\"fr-FR\",\"@id\":\"https:\/\/dev6.erresse-shop.it\/fr\/shop\/table-fr-2\/plats\/villeroy-boch-iconic-assiettes-la-petite-boule-blanc\/#primaryimage\",\"url\":\"https:\/\/i2.wp.com\/interpim.erresse-shop.it\/img-catalogo\/villeroy\/villeoy-e-boch-la-boule-petite-bianco.jpg?ssl=1\",\"contentUrl\":\"https:\/\/i2.wp.com\/interpim.erresse-shop.it\/img-catalogo\/villeroy\/villeoy-e-boch-la-boule-petite-bianco.jpg?ssl=1\"},{\"@type\":\"BreadcrumbList\",\"@id\":\"https:\/\/dev6.erresse-shop.it\/fr\/shop\/table-fr-2\/plats\/villeroy-boch-iconic-assiettes-la-petite-boule-blanc\/#breadcrumb\",\"itemListElement\":[{\"@type\":\"ListItem\",\"position\":1,\"name\":\"Home\",\"item\":\"https:\/\/dev6.erresse-shop.it\/\"},{\"@type\":\"ListItem\",\"position\":2,\"name\":\"Boutique\",\"item\":\"https:\/\/dev6.erresse-shop.it\/shop\/\"},{\"@type\":\"ListItem\",\"position\":3,\"name\":\"VILLEROY &#038; BOCH Iconic Assiettes La Petite Boule Blanc\"}]},{\"@type\":\"WebSite\",\"@id\":\"https:\/\/dev6.erresse-shop.it\/#website\",\"url\":\"https:\/\/dev6.erresse-shop.it\/\",\"name\":\"Erresse Shop\",\"description\":\"\",\"publisher\":{\"@id\":\"https:\/\/dev6.erresse-shop.it\/#organization\"},\"potentialAction\":[{\"@type\":\"SearchAction\",\"target\":{\"@type\":\"EntryPoint\",\"urlTemplate\":\"https:\/\/dev6.erresse-shop.it\/?s={search_term_string}\"},\"query-input\":{\"@type\":\"PropertyValueSpecification\",\"valueRequired\":true,\"valueName\":\"search_term_string\"}}],\"inLanguage\":\"fr-FR\"},{\"@type\":\"Organization\",\"@id\":\"https:\/\/dev6.erresse-shop.it\/#organization\",\"name\":\"Erresse Shop\",\"url\":\"https:\/\/dev6.erresse-shop.it\/\",\"logo\":{\"@type\":\"ImageObject\",\"inLanguage\":\"fr-FR\",\"@id\":\"https:\/\/dev6.erresse-shop.it\/#\/schema\/logo\/image\/\",\"url\":\"https:\/\/dev6.erresse-shop.it\/wp-content\/uploads\/2025\/01\/LOGO-ERRESSE-CLASSICO.svg\",\"contentUrl\":\"https:\/\/dev6.erresse-shop.it\/wp-content\/uploads\/2025\/01\/LOGO-ERRESSE-CLASSICO.svg\",\"caption\":\"Erresse Shop\"},\"image\":{\"@id\":\"https:\/\/dev6.erresse-shop.it\/#\/schema\/logo\/image\/\"}}]}<\/script>\n<!-- \/ Yoast SEO plugin. -->","yoast_head_json":{"title":"VILLEROY &#038; BOCH Iconic Assiettes La Petite Boule Blanc - dev6 Erresse","description":"Une combinaison \u00e9l\u00e9gante de snacks et de meubles La Boule est un objet design d\u00e9j\u00e0 profond\u00e9ment ancr\u00e9 dans l\u2019ADN de Villeroy &amp; Boch et combine la","robots":{"index":"noindex","follow":"follow","max-snippet":"max-snippet:-1","max-image-preview":"max-image-preview:large","max-video-preview":"max-video-preview:-1"},"og_locale":"fr_FR","og_type":"article","og_title":"VILLEROY &#038; BOCH Iconic Assiettes La Petite Boule Blanc - dev6 Erresse","og_description":"Une combinaison \u00e9l\u00e9gante de snacks et de meubles La Boule est un objet design d\u00e9j\u00e0 profond\u00e9ment ancr\u00e9 dans l\u2019ADN de Villeroy &amp; Boch et combine la","og_url":"https:\/\/dev6.erresse-shop.it\/fr\/shop\/table-fr-2\/plats\/villeroy-boch-iconic-assiettes-la-petite-boule-blanc\/","og_site_name":"dev6 Erresse","og_image":[{"url":"https:\/\/interpim.erresse-shop.it\/img-catalogo\/villeroy\/villeoy-e-boch-la-boule-petite-bianco.jpg","type":"","width":"","height":""},{"url":"https:\/\/interpim.erresse-shop.it\/img-catalogo\/villeroy\/villeoy-e-boch-la-boule-petite-bianco.jpg","width":1024,"height":1024,"type":"image\/jpeg"}],"twitter_card":"summary_large_image","twitter_image":"https:\/\/interpim.erresse-shop.it\/img-catalogo\/villeroy\/villeoy-e-boch-la-boule-petite-bianco.jpg","schema":{"@context":"https:\/\/schema.org","@graph":[{"@type":"WebPage","@id":"https:\/\/dev6.erresse-shop.it\/fr\/shop\/table-fr-2\/plats\/villeroy-boch-iconic-assiettes-la-petite-boule-blanc\/","url":"https:\/\/dev6.erresse-shop.it\/fr\/shop\/table-fr-2\/plats\/villeroy-boch-iconic-assiettes-la-petite-boule-blanc\/","name":"VILLEROY &#038; BOCH Iconic Assiettes La Petite Boule Blanc - dev6 Erresse","isPartOf":{"@id":"https:\/\/dev6.erresse-shop.it\/#website"},"primaryImageOfPage":{"@id":"https:\/\/dev6.erresse-shop.it\/fr\/shop\/table-fr-2\/plats\/villeroy-boch-iconic-assiettes-la-petite-boule-blanc\/#primaryimage"},"image":{"@id":"https:\/\/dev6.erresse-shop.it\/fr\/shop\/table-fr-2\/plats\/villeroy-boch-iconic-assiettes-la-petite-boule-blanc\/#primaryimage"},"thumbnailUrl":"https:\/\/i2.wp.com\/interpim.erresse-shop.it\/img-catalogo\/villeroy\/villeoy-e-boch-la-boule-petite-bianco.jpg?ssl=1","datePublished":"2026-04-12T08:36:52+00:00","description":"Une combinaison \u00e9l\u00e9gante de snacks et de meubles La Boule est un objet design d\u00e9j\u00e0 profond\u00e9ment ancr\u00e9 dans l\u2019ADN de Villeroy &amp; Boch et combine la","breadcrumb":{"@id":"https:\/\/dev6.erresse-shop.it\/fr\/shop\/table-fr-2\/plats\/villeroy-boch-iconic-assiettes-la-petite-boule-blanc\/#breadcrumb"},"inLanguage":"fr-FR","potentialAction":[{"@type":"ReadAction","target":["https:\/\/dev6.erresse-shop.it\/fr\/shop\/table-fr-2\/plats\/villeroy-boch-iconic-assiettes-la-petite-boule-blanc\/"]}]},{"@type":"ImageObject","inLanguage":"fr-FR","@id":"https:\/\/dev6.erresse-shop.it\/fr\/shop\/table-fr-2\/plats\/villeroy-boch-iconic-assiettes-la-petite-boule-blanc\/#primaryimage","url":"https:\/\/i2.wp.com\/interpim.erresse-shop.it\/img-catalogo\/villeroy\/villeoy-e-boch-la-boule-petite-bianco.jpg?ssl=1","contentUrl":"https:\/\/i2.wp.com\/interpim.erresse-shop.it\/img-catalogo\/villeroy\/villeoy-e-boch-la-boule-petite-bianco.jpg?ssl=1"},{"@type":"BreadcrumbList","@id":"https:\/\/dev6.erresse-shop.it\/fr\/shop\/table-fr-2\/plats\/villeroy-boch-iconic-assiettes-la-petite-boule-blanc\/#breadcrumb","itemListElement":[{"@type":"ListItem","position":1,"name":"Home","item":"https:\/\/dev6.erresse-shop.it\/"},{"@type":"ListItem","position":2,"name":"Boutique","item":"https:\/\/dev6.erresse-shop.it\/shop\/"},{"@type":"ListItem","position":3,"name":"VILLEROY &#038; BOCH Iconic Assiettes La Petite Boule Blanc"}]},{"@type":"WebSite","@id":"https:\/\/dev6.erresse-shop.it\/#website","url":"https:\/\/dev6.erresse-shop.it\/","name":"Erresse Shop","description":"","publisher":{"@id":"https:\/\/dev6.erresse-shop.it\/#organization"},"potentialAction":[{"@type":"SearchAction","target":{"@type":"EntryPoint","urlTemplate":"https:\/\/dev6.erresse-shop.it\/?s={search_term_string}"},"query-input":{"@type":"PropertyValueSpecification","valueRequired":true,"valueName":"search_term_string"}}],"inLanguage":"fr-FR"},{"@type":"Organization","@id":"https:\/\/dev6.erresse-shop.it\/#organization","name":"Erresse Shop","url":"https:\/\/dev6.erresse-shop.it\/","logo":{"@type":"ImageObject","inLanguage":"fr-FR","@id":"https:\/\/dev6.erresse-shop.it\/#\/schema\/logo\/image\/","url":"https:\/\/dev6.erresse-shop.it\/wp-content\/uploads\/2025\/01\/LOGO-ERRESSE-CLASSICO.svg","contentUrl":"https:\/\/dev6.erresse-shop.it\/wp-content\/uploads\/2025\/01\/LOGO-ERRESSE-CLASSICO.svg","caption":"Erresse Shop"},"image":{"@id":"https:\/\/dev6.erresse-shop.it\/#\/schema\/logo\/image\/"}}]}},"df_price":125,"df_sale_price":125,"df_regular_price":139,"df_image_link":"https:\/\/i2.wp.com\/interpim.erresse-shop.it\/img-catalogo\/villeroy\/villeoy-e-boch-la-boule-petite-bianco.jpg?resize=300,300&ssl=1","fifu_image_url":"https:\/\/interpim.erresse-shop.it\/img-catalogo\/villeroy\/villeoy-e-boch-la-boule-petite-bianco.jpg","_links":{"self":[{"href":"https:\/\/dev6.erresse-shop.it\/fr\/wp-json\/wp\/v2\/product\/63428","targetHints":{"allow":["GET"]}}],"collection":[{"href":"https:\/\/dev6.erresse-shop.it\/fr\/wp-json\/wp\/v2\/product"}],"about":[{"href":"https:\/\/dev6.erresse-shop.it\/fr\/wp-json\/wp\/v2\/types\/product"}],"wp:featuredmedia":[{"embeddable":true,"href":"https:\/\/dev6.erresse-shop.it\/fr\/wp-json\/wp\/v2\/media\/6366807"}],"wp:attachment":[{"href":"https:\/\/dev6.erresse-shop.it\/fr\/wp-json\/wp\/v2\/media?parent=63428"}],"wp:term":[{"taxonomy":"product_cat","embeddable":true,"href":"https:\/\/dev6.erresse-shop.it\/fr\/wp-json\/wp\/v2\/product_cat?post=63428"},{"taxonomy":"product_tag","embeddable":true,"href":"https:\/\/dev6.erresse-shop.it\/fr\/wp-json\/wp\/v2\/product_tag?post=63428"}],"curies":[{"name":"wp","href":"https:\/\/api.w.org\/{rel}","templated":true}]}}