{"id":63382,"date":"2026-04-12T10:35:02","date_gmt":"2026-04-12T08:35:02","guid":{"rendered":"https:\/\/dev6.erresse-shop.it\/shop\/non%20class\u00e9\/boska-petite-pelle-a-pizza\/"},"modified":"2025-09-14T05:19:21","modified_gmt":"2025-09-14T03:19:21","slug":"boska-petite-pelle-a-pizza","status":"publish","type":"product","link":"https:\/\/dev6.erresse-shop.it\/fr\/shop\/petits-electromenagers\/fours\/boska-petite-pelle-a-pizza\/","title":{"rendered":"BOSKA Petite Pelle \u00e0 Pizza"},"content":{"rendered":"<p>Retirez votre pizza maison du four ou du barbecue en toute s\u00e9curit\u00e9 gr\u00e2ce \u00e0 cette pelle \u00e0 pizza pratique. Cet \u00e9l\u00e9gant outil \u00e0 pizza est fabriqu\u00e9 en aluminium de haute qualit\u00e9 et en bois de ch\u00eane. La poign\u00e9e unique offre une prise en main stable. Elle est \u00e9galement utile pour cuire des pizzas non cuites ou du pain. Bon app\u00e9tit !<\/p>\n<p>Pelle \u00e0 pizza pour barbecue ou four (pour pizza).<\/p>\n<p>Sentez-vous comme un vrai pizza\u00efolo avec cette pelle \u00e0 pizza pratique. La pelle elle-m\u00eame est fabriqu\u00e9e en aluminium de haute qualit\u00e9. Elle convient aux pizzas d\u2019un diam\u00e8tre maximal de 30 cm. Avec cette pelle \u00e0 pizza, vous obtenez un v\u00e9ritable prix. La pelle \u00e0 pizza a \u00e9t\u00e9 r\u00e9compens\u00e9e par le Red Dot Design Award !<\/p>\n<p>Pelle \u00e0 pizza avec manche en bois<\/p>\n<p>Le manche brevet\u00e9 de cette pelle \u00e0 pizza est en ch\u00eane et a la forme d\u2019une pelle de jardin. Il est stable et parfait pour une utilisation d\u2019une seule main, car le manche repose sur le bras pendant l\u2019utilisation. Apr\u00e8s utilisation, vous pouvez suspendre la pelle \u00e0 la vue de tous gr\u00e2ce au manche lui-m\u00eame ou \u00e0 la lani\u00e8re en cuir.<\/p>\n<p>Parfaite pour la restauration et la maison.<\/p>\n<p>Cette pelle \u00e0 pizza convient aux amateurs de pizzas qui souhaitent travailler \u00e0 la maison, mais elle est \u00e9galement parfaite pour une utilisation dans le secteur de la restauration. Veillez \u00e0 la laver \u00e0 la main apr\u00e8s usage. Vous pourrez ainsi pr\u00e9parer les pizzas les plus savoureuses pendant des ann\u00e9es.<\/p>\n<p>Conseil d\u2019utilisation : de cette mani\u00e8re, la pizza ne colle pas \u00e0 la plaque.<\/p>\n<p>Vous allez mettre la pizza crue au four ou sur le barbecue (en pierre) ? Saupoudrez d\u2019abord une fine couche de farine sur la pelle \u00e0 pizza BOSKA. La pizza glissera ainsi facilement et en douceur de la pelle \u00e0 pizza.<\/p>\n<p>Un cadeau parfait<\/p>\n<p>Vous cherchez un cadeau original pour la f\u00eate des p\u00e8res ou des m\u00e8res ? Ou un cadeau pour No\u00ebl, un mariage, la Saint-Valentin ou un anniversaire ? Ne cherchez plus. La pelle \u00e0 pizza est le cadeau id\u00e9al pour lui ou elle. Quelque chose de tout \u00e0 fait diff\u00e9rent d\u2019un bon d\u2019achat classique, vous ne trouvez pas ? Emballez-la dans du papier cadeau et le tour est jou\u00e9.<\/p>\n<p>Caract\u00e9ristiques techniques<\/p>\n<p>Convient pour : les pizzas (non) cuites et le pain<br \/>\nPasse au lave-vaisselle : non<br \/>\nGarantie : 10 ans<br \/>\nCouleur : brun\/argent<br \/>\nMat\u00e9riau : bois\/aluminium<br \/>\nType de bois : ch\u00eane europ\u00e9en<br \/>\nDimensions du produit (mm) : 760 x 300 x 30 mm<br \/>\nPoids du produit (kg) : 0,8<br \/>\nType d\u2019emballage : \u00e9tiquette<br \/>\nDimensions du produit emball\u00e9 (mm) : 780 x 310 x 60 mm<br \/>\nPoids du produit emball\u00e9 (kg) : 1<\/p>\n","protected":false},"excerpt":{"rendered":"<p>Retirez votre pizza maison du four ou du barbecue en toute s\u00e9curit\u00e9 gr\u00e2ce \u00e0 cette pelle \u00e0 pizza pratique. Cet \u00e9l\u00e9gant outil \u00e0 pizza est fabriqu\u00e9 en aluminium de haute qualit\u00e9 et en bois de ch\u00eane. La poign\u00e9e unique offre une prise en main stable. Elle est \u00e9galement utile pour cuire des pizzas non cuites [&hellip;]<\/p>\n","protected":false},"featured_media":6366778,"template":"","meta":{"_acf_changed":false},"product_cat":[12085,12055],"product_tag":[],"class_list":{"0":"post-63382","1":"product","2":"type-product","3":"status-publish","4":"has-post-thumbnail","6":"product_cat-fours","7":"product_cat-petits-electromenagers","9":"first","10":"instock","11":"taxable","12":"shipping-taxable","13":"purchasable","14":"product-type-simple","swatches":"rey-swatches","show_selected":"","stretch_labels":"rey-swatches--stretch-labels"},"acf":[],"yoast_head":"<!-- This site is optimized with the Yoast SEO plugin v25.4 - https:\/\/yoast.com\/wordpress\/plugins\/seo\/ -->\n<title>BOSKA Petite Pelle \u00e0 Pizza - dev6 Erresse<\/title>\n<meta name=\"description\" content=\"Retirez votre pizza maison du four ou du barbecue en toute s\u00e9curit\u00e9 gr\u00e2ce \u00e0 cette pelle \u00e0 pizza pratique. Cet \u00e9l\u00e9gant outil \u00e0 pizza est fabriqu\u00e9 en\" \/>\n<meta name=\"robots\" content=\"noindex, follow, max-snippet:-1, max-image-preview:large, max-video-preview:-1\" \/>\n<meta property=\"og:locale\" content=\"fr_FR\" \/>\n<meta property=\"og:type\" content=\"article\" \/>\n<meta property=\"og:title\" content=\"BOSKA Petite Pelle \u00e0 Pizza - dev6 Erresse\" \/>\n<meta property=\"og:description\" content=\"Retirez votre pizza maison du four ou du barbecue en toute s\u00e9curit\u00e9 gr\u00e2ce \u00e0 cette pelle \u00e0 pizza pratique. Cet \u00e9l\u00e9gant outil \u00e0 pizza est fabriqu\u00e9 en\" \/>\n<meta property=\"og:url\" content=\"https:\/\/dev6.erresse-shop.it\/fr\/shop\/petits-electromenagers\/fours\/boska-petite-pelle-a-pizza\/\" \/>\n<meta property=\"og:site_name\" content=\"dev6 Erresse\" \/>\n<meta property=\"og:image\" content=\"https:\/\/interpim.erresse-shop.it\/Import\/Prodotti\/boska-pala-pizza.jpg\" \/><meta property=\"og:image\" content=\"https:\/\/interpim.erresse-shop.it\/Import\/Prodotti\/boska-pala-pizza.jpg\" \/>\n\t<meta property=\"og:image:width\" content=\"1024\" \/>\n\t<meta property=\"og:image:height\" content=\"1024\" \/>\n\t<meta property=\"og:image:type\" content=\"image\/jpeg\" \/>\n<meta name=\"twitter:card\" content=\"summary_large_image\" \/>\n<meta name=\"twitter:image\" content=\"https:\/\/interpim.erresse-shop.it\/Import\/Prodotti\/boska-pala-pizza.jpg\" \/>\n<script type=\"application\/ld+json\" class=\"yoast-schema-graph\">{\"@context\":\"https:\/\/schema.org\",\"@graph\":[{\"@type\":\"WebPage\",\"@id\":\"https:\/\/dev6.erresse-shop.it\/fr\/shop\/petits-electromenagers\/fours\/boska-petite-pelle-a-pizza\/\",\"url\":\"https:\/\/dev6.erresse-shop.it\/fr\/shop\/petits-electromenagers\/fours\/boska-petite-pelle-a-pizza\/\",\"name\":\"BOSKA Petite Pelle \u00e0 Pizza - dev6 Erresse\",\"isPartOf\":{\"@id\":\"https:\/\/dev6.erresse-shop.it\/#website\"},\"primaryImageOfPage\":{\"@id\":\"https:\/\/dev6.erresse-shop.it\/fr\/shop\/petits-electromenagers\/fours\/boska-petite-pelle-a-pizza\/#primaryimage\"},\"image\":{\"@id\":\"https:\/\/dev6.erresse-shop.it\/fr\/shop\/petits-electromenagers\/fours\/boska-petite-pelle-a-pizza\/#primaryimage\"},\"thumbnailUrl\":\"https:\/\/i3.wp.com\/interpim.erresse-shop.it\/Import\/Prodotti\/boska-pala-pizza.jpg?ssl=1\",\"datePublished\":\"2026-04-12T08:35:02+00:00\",\"description\":\"Retirez votre pizza maison du four ou du barbecue en toute s\u00e9curit\u00e9 gr\u00e2ce \u00e0 cette pelle \u00e0 pizza pratique. Cet \u00e9l\u00e9gant outil \u00e0 pizza est fabriqu\u00e9 en\",\"breadcrumb\":{\"@id\":\"https:\/\/dev6.erresse-shop.it\/fr\/shop\/petits-electromenagers\/fours\/boska-petite-pelle-a-pizza\/#breadcrumb\"},\"inLanguage\":\"fr-FR\",\"potentialAction\":[{\"@type\":\"ReadAction\",\"target\":[\"https:\/\/dev6.erresse-shop.it\/fr\/shop\/petits-electromenagers\/fours\/boska-petite-pelle-a-pizza\/\"]}]},{\"@type\":\"ImageObject\",\"inLanguage\":\"fr-FR\",\"@id\":\"https:\/\/dev6.erresse-shop.it\/fr\/shop\/petits-electromenagers\/fours\/boska-petite-pelle-a-pizza\/#primaryimage\",\"url\":\"https:\/\/i3.wp.com\/interpim.erresse-shop.it\/Import\/Prodotti\/boska-pala-pizza.jpg?ssl=1\",\"contentUrl\":\"https:\/\/i3.wp.com\/interpim.erresse-shop.it\/Import\/Prodotti\/boska-pala-pizza.jpg?ssl=1\"},{\"@type\":\"BreadcrumbList\",\"@id\":\"https:\/\/dev6.erresse-shop.it\/fr\/shop\/petits-electromenagers\/fours\/boska-petite-pelle-a-pizza\/#breadcrumb\",\"itemListElement\":[{\"@type\":\"ListItem\",\"position\":1,\"name\":\"Home\",\"item\":\"https:\/\/dev6.erresse-shop.it\/\"},{\"@type\":\"ListItem\",\"position\":2,\"name\":\"Boutique\",\"item\":\"https:\/\/dev6.erresse-shop.it\/shop\/\"},{\"@type\":\"ListItem\",\"position\":3,\"name\":\"BOSKA Petite Pelle \u00e0 Pizza\"}]},{\"@type\":\"WebSite\",\"@id\":\"https:\/\/dev6.erresse-shop.it\/#website\",\"url\":\"https:\/\/dev6.erresse-shop.it\/\",\"name\":\"Erresse Shop\",\"description\":\"\",\"publisher\":{\"@id\":\"https:\/\/dev6.erresse-shop.it\/#organization\"},\"potentialAction\":[{\"@type\":\"SearchAction\",\"target\":{\"@type\":\"EntryPoint\",\"urlTemplate\":\"https:\/\/dev6.erresse-shop.it\/?s={search_term_string}\"},\"query-input\":{\"@type\":\"PropertyValueSpecification\",\"valueRequired\":true,\"valueName\":\"search_term_string\"}}],\"inLanguage\":\"fr-FR\"},{\"@type\":\"Organization\",\"@id\":\"https:\/\/dev6.erresse-shop.it\/#organization\",\"name\":\"Erresse Shop\",\"url\":\"https:\/\/dev6.erresse-shop.it\/\",\"logo\":{\"@type\":\"ImageObject\",\"inLanguage\":\"fr-FR\",\"@id\":\"https:\/\/dev6.erresse-shop.it\/#\/schema\/logo\/image\/\",\"url\":\"https:\/\/dev6.erresse-shop.it\/wp-content\/uploads\/2025\/01\/LOGO-ERRESSE-CLASSICO.svg\",\"contentUrl\":\"https:\/\/dev6.erresse-shop.it\/wp-content\/uploads\/2025\/01\/LOGO-ERRESSE-CLASSICO.svg\",\"caption\":\"Erresse Shop\"},\"image\":{\"@id\":\"https:\/\/dev6.erresse-shop.it\/#\/schema\/logo\/image\/\"}}]}<\/script>\n<!-- \/ Yoast SEO plugin. -->","yoast_head_json":{"title":"BOSKA Petite Pelle \u00e0 Pizza - dev6 Erresse","description":"Retirez votre pizza maison du four ou du barbecue en toute s\u00e9curit\u00e9 gr\u00e2ce \u00e0 cette pelle \u00e0 pizza pratique. Cet \u00e9l\u00e9gant outil \u00e0 pizza est fabriqu\u00e9 en","robots":{"index":"noindex","follow":"follow","max-snippet":"max-snippet:-1","max-image-preview":"max-image-preview:large","max-video-preview":"max-video-preview:-1"},"og_locale":"fr_FR","og_type":"article","og_title":"BOSKA Petite Pelle \u00e0 Pizza - dev6 Erresse","og_description":"Retirez votre pizza maison du four ou du barbecue en toute s\u00e9curit\u00e9 gr\u00e2ce \u00e0 cette pelle \u00e0 pizza pratique. Cet \u00e9l\u00e9gant outil \u00e0 pizza est fabriqu\u00e9 en","og_url":"https:\/\/dev6.erresse-shop.it\/fr\/shop\/petits-electromenagers\/fours\/boska-petite-pelle-a-pizza\/","og_site_name":"dev6 Erresse","og_image":[{"url":"https:\/\/interpim.erresse-shop.it\/Import\/Prodotti\/boska-pala-pizza.jpg","type":"","width":"","height":""},{"url":"https:\/\/interpim.erresse-shop.it\/Import\/Prodotti\/boska-pala-pizza.jpg","width":1024,"height":1024,"type":"image\/jpeg"}],"twitter_card":"summary_large_image","twitter_image":"https:\/\/interpim.erresse-shop.it\/Import\/Prodotti\/boska-pala-pizza.jpg","schema":{"@context":"https:\/\/schema.org","@graph":[{"@type":"WebPage","@id":"https:\/\/dev6.erresse-shop.it\/fr\/shop\/petits-electromenagers\/fours\/boska-petite-pelle-a-pizza\/","url":"https:\/\/dev6.erresse-shop.it\/fr\/shop\/petits-electromenagers\/fours\/boska-petite-pelle-a-pizza\/","name":"BOSKA Petite Pelle \u00e0 Pizza - dev6 Erresse","isPartOf":{"@id":"https:\/\/dev6.erresse-shop.it\/#website"},"primaryImageOfPage":{"@id":"https:\/\/dev6.erresse-shop.it\/fr\/shop\/petits-electromenagers\/fours\/boska-petite-pelle-a-pizza\/#primaryimage"},"image":{"@id":"https:\/\/dev6.erresse-shop.it\/fr\/shop\/petits-electromenagers\/fours\/boska-petite-pelle-a-pizza\/#primaryimage"},"thumbnailUrl":"https:\/\/i3.wp.com\/interpim.erresse-shop.it\/Import\/Prodotti\/boska-pala-pizza.jpg?ssl=1","datePublished":"2026-04-12T08:35:02+00:00","description":"Retirez votre pizza maison du four ou du barbecue en toute s\u00e9curit\u00e9 gr\u00e2ce \u00e0 cette pelle \u00e0 pizza pratique. Cet \u00e9l\u00e9gant outil \u00e0 pizza est fabriqu\u00e9 en","breadcrumb":{"@id":"https:\/\/dev6.erresse-shop.it\/fr\/shop\/petits-electromenagers\/fours\/boska-petite-pelle-a-pizza\/#breadcrumb"},"inLanguage":"fr-FR","potentialAction":[{"@type":"ReadAction","target":["https:\/\/dev6.erresse-shop.it\/fr\/shop\/petits-electromenagers\/fours\/boska-petite-pelle-a-pizza\/"]}]},{"@type":"ImageObject","inLanguage":"fr-FR","@id":"https:\/\/dev6.erresse-shop.it\/fr\/shop\/petits-electromenagers\/fours\/boska-petite-pelle-a-pizza\/#primaryimage","url":"https:\/\/i3.wp.com\/interpim.erresse-shop.it\/Import\/Prodotti\/boska-pala-pizza.jpg?ssl=1","contentUrl":"https:\/\/i3.wp.com\/interpim.erresse-shop.it\/Import\/Prodotti\/boska-pala-pizza.jpg?ssl=1"},{"@type":"BreadcrumbList","@id":"https:\/\/dev6.erresse-shop.it\/fr\/shop\/petits-electromenagers\/fours\/boska-petite-pelle-a-pizza\/#breadcrumb","itemListElement":[{"@type":"ListItem","position":1,"name":"Home","item":"https:\/\/dev6.erresse-shop.it\/"},{"@type":"ListItem","position":2,"name":"Boutique","item":"https:\/\/dev6.erresse-shop.it\/shop\/"},{"@type":"ListItem","position":3,"name":"BOSKA Petite Pelle \u00e0 Pizza"}]},{"@type":"WebSite","@id":"https:\/\/dev6.erresse-shop.it\/#website","url":"https:\/\/dev6.erresse-shop.it\/","name":"Erresse Shop","description":"","publisher":{"@id":"https:\/\/dev6.erresse-shop.it\/#organization"},"potentialAction":[{"@type":"SearchAction","target":{"@type":"EntryPoint","urlTemplate":"https:\/\/dev6.erresse-shop.it\/?s={search_term_string}"},"query-input":{"@type":"PropertyValueSpecification","valueRequired":true,"valueName":"search_term_string"}}],"inLanguage":"fr-FR"},{"@type":"Organization","@id":"https:\/\/dev6.erresse-shop.it\/#organization","name":"Erresse Shop","url":"https:\/\/dev6.erresse-shop.it\/","logo":{"@type":"ImageObject","inLanguage":"fr-FR","@id":"https:\/\/dev6.erresse-shop.it\/#\/schema\/logo\/image\/","url":"https:\/\/dev6.erresse-shop.it\/wp-content\/uploads\/2025\/01\/LOGO-ERRESSE-CLASSICO.svg","contentUrl":"https:\/\/dev6.erresse-shop.it\/wp-content\/uploads\/2025\/01\/LOGO-ERRESSE-CLASSICO.svg","caption":"Erresse Shop"},"image":{"@id":"https:\/\/dev6.erresse-shop.it\/#\/schema\/logo\/image\/"}}]}},"df_price":39,"df_sale_price":"","df_regular_price":39,"df_image_link":"https:\/\/i3.wp.com\/interpim.erresse-shop.it\/Import\/Prodotti\/boska-pala-pizza.jpg?resize=300,300&ssl=1","fifu_image_url":"https:\/\/interpim.erresse-shop.it\/Import\/Prodotti\/boska-pala-pizza.jpg","_links":{"self":[{"href":"https:\/\/dev6.erresse-shop.it\/fr\/wp-json\/wp\/v2\/product\/63382","targetHints":{"allow":["GET"]}}],"collection":[{"href":"https:\/\/dev6.erresse-shop.it\/fr\/wp-json\/wp\/v2\/product"}],"about":[{"href":"https:\/\/dev6.erresse-shop.it\/fr\/wp-json\/wp\/v2\/types\/product"}],"wp:featuredmedia":[{"embeddable":true,"href":"https:\/\/dev6.erresse-shop.it\/fr\/wp-json\/wp\/v2\/media\/6366778"}],"wp:attachment":[{"href":"https:\/\/dev6.erresse-shop.it\/fr\/wp-json\/wp\/v2\/media?parent=63382"}],"wp:term":[{"taxonomy":"product_cat","embeddable":true,"href":"https:\/\/dev6.erresse-shop.it\/fr\/wp-json\/wp\/v2\/product_cat?post=63382"},{"taxonomy":"product_tag","embeddable":true,"href":"https:\/\/dev6.erresse-shop.it\/fr\/wp-json\/wp\/v2\/product_tag?post=63382"}],"curies":[{"name":"wp","href":"https:\/\/api.w.org\/{rel}","templated":true}]}}