{"id":63378,"date":"2026-04-12T10:35:02","date_gmt":"2026-04-12T08:35:02","guid":{"rendered":"https:\/\/dev6.erresse-shop.it\/shop\/non%20class\u00e9\/berkel-pro-line-xs30-red-slicer\/"},"modified":"2025-07-04T17:42:03","modified_gmt":"2025-07-04T15:42:03","slug":"berkel-pro-line-xs30-red-slicer","status":"publish","type":"product","link":"https:\/\/dev6.erresse-shop.it\/fr\/shop\/petits-electromenagers\/trancheuses\/berkel-pro-line-xs30-red-slicer\/","title":{"rendered":"BERKEL Pro Line XS30 Red Slicer"},"content":{"rendered":"<p>Pro Line XS 25-30 est la derni\u00e8re ligne de trancheurs \u00e9lectriques professionnels par gravit\u00e9 de Berkel. Cette gamme de produits allie des dimensions compactes au design raffin\u00e9 que l\u2019on retrouve dans toutes nos trancheuses, avec des lignes douces, sans ar\u00eates vives, des mat\u00e9riaux de haute performance et tous les d\u00e9tails dans le rouge caract\u00e9ristique de Berkel.<\/p>\n<p>Destin\u00e9e principalement au canal HO.RE.CA., Pro Line XS r\u00e9pond aux besoins d\u2019un utilisateur qui, avec un investissement limit\u00e9, recherche d\u2019excellentes performances de coupe sans renoncer aux normes de s\u00e9curit\u00e9 les plus \u00e9lev\u00e9es et \u00e0 une facilit\u00e9 de nettoyage in\u00e9gal\u00e9e dans sa cat\u00e9gorie.<\/p>\n<p>Certains d\u00e9tails peuvent diff\u00e9rer de ceux pr\u00e9sent\u00e9s sur la photo.<\/p>\n<p>PERFORMANCE<\/p>\n<p>\u2013 Bande inclin\u00e9e \u00e0 38\u00b0 pour faciliter le pressage du produit et la chute des tranches<\/p>\n<p>\u2013 Bande \u00e0 ouverture diagonale de 15\u00b0 pour faciliter le d\u00e9gagement du produit pendant la coupe<\/p>\n<p>\u2013 Couvercle de lame \u00e0 profil continu pour des \u00e9paisseurs de tranches uniformes<\/p>\n<p>\u2013 Epaisseur minimale de la derni\u00e8re tranche pour minimiser les pertes de produit<\/p>\n<p>\u2013 Large poussoir pour un meilleur serrage du produit en cours d\u2019utilisation<\/p>\n<p>\u2013 Panneau de commande IP67 enti\u00e8rement \u00e9tanche et joints en silicone de qualit\u00e9 alimentaire sur toutes les parties expos\u00e9es<\/p>\n<p>\u2013 Bouton d\u2019ouverture de la lame avec 14 positions millim\u00e9triques pour un r\u00e9glage parfait<\/p>\n<p>\u2013 Protection de la lame en acier avec fixation magn\u00e9tique facile<\/p>\n<p>\u2013 Aiguisoir amovible inclus<\/p>\n<p>NETTOYAGE ET HYGI\u00c8NE<\/p>\n<p>\u2013 Bac \u00e0 voile inclin\u00e9 pour l\u2019\u00e9coulement des liquides<\/p>\n<p>\u2013 Bac de r\u00e9cup\u00e9ration des liquides int\u00e9gr\u00e9 au bo\u00eetier pour une hygi\u00e8ne et une propret\u00e9 irr\u00e9prochables<\/p>\n<p>\u2013 Grand espace de 42 mm entre la lame et le moteur pour un nettoyage facile et rapide<\/p>\n<p>\u2013 Syst\u00e8me de d\u00e9montage rapide de la protection de la lame<\/p>\n<p>\u2013 Bo\u00eetier en une seule pi\u00e8ce de fonte, sans interstices<\/p>\n<p>S\u00c9CURIT\u00c9<\/p>\n<p>\u2013 Fermeture totale du voile pour une s\u00e9curit\u00e9 maximale pendant les op\u00e9rations de nettoyage et pr\u00e9sence du CE Lock pour emp\u00eacher l\u2019ouverture une fois la plaque enlev\u00e9e<\/p>\n<p>\u2013 Syst\u00e8me d\u2019interverrouillage des poussoirs pour \u00e9viter tout d\u00e9verrouillage accidentel<\/p>\n<p>\u2013 Interrupteur marche\/arr\u00eat avec lumi\u00e8re LED \u00e0 haute visibilit\u00e9<\/p>\n<p>\u2013 Anneau de protection de la lame en aluminium pour plus de s\u00e9curit\u00e9<\/p>\n<p>\u2013 Protecteur de pont en technopolym\u00e8re transparent pour une visibilit\u00e9 parfaite des op\u00e9rations de coupe<\/p>\n<p>\u2013 Commandes ergonomiques faciles \u00e0 positionner pour minimiser l\u2019effort de l\u2019op\u00e9rateur.<\/p>\n<p>CARACT\u00c9RISTIQUES TECHNIQUES<\/p>\n<p>Poids 29 kg<\/p>\n<p>Diam\u00e8tre de la lame 300 mm<\/p>\n<p>Prise de courant C\u00e2ble fourni avec une prise de courant UE<\/p>\n<p>Caract\u00e9ristiques \u00e9lectriques 230 V 50 Hz 1 PH<\/p>\n<p>Puissance du moteur 0,35 kW<\/p>\n<p>\u00c9paisseur de coupe 0 \u2013 14 mm<\/p>\n<p>Capacit\u00e9 de coupe (circulaire) 230 mm<\/p>\n<p>Capacit\u00e9 de coupe (rectangulaire) 245X195 mm<\/p>\n<p>Pi\u00e8ces amovibles Disque de protection de la lame, plaque de coupe, d\u00e9flecteur \u00e0 lamelles<\/p>\n<p>Aff\u00fbteuse incluse, deux mouvements<\/p>\n<p>Extracteur de lame Grands espaces de nettoyage : pas n\u00e9cessaire<\/p>\n<p>NETTOYAGE &amp; HYGI\u00c8NE<\/p>\n<p>Bo\u00eetier avec protection lame\u00a0: une coque plac\u00e9e \u00e0 l\u2019arri\u00e8re limite les interstices pour \u00e9viter l\u2019accumulation de d\u00e9chets<br \/>\nParalama \u00e0 profil continu en aluminium alimentaire \u00e0 retrait rapide pour un nettoyage facile<br \/>\nPlaque basculante pour le nettoyage rapide du corps de la machine<br \/>\nPresse-papiers facilement amovible et lavable au lave-vaisselle<br \/>\nExtracteur de lame inclus<br \/>\nBase avec plaque d\u2019aluminium, ce qui \u00e9vite les espaces entre la machine et le banc<\/p>\n<p>Non vendable en dehors de l\u2019Europe<\/p>\n","protected":false},"excerpt":{"rendered":"<p>Pro Line XS 25-30 est la derni\u00e8re ligne de trancheurs \u00e9lectriques professionnels par gravit\u00e9 de Berkel. Cette gamme de produits allie des dimensions compactes au design raffin\u00e9 que l\u2019on retrouve dans toutes nos trancheuses, avec des lignes douces, sans ar\u00eates vives, des mat\u00e9riaux de haute performance et tous les d\u00e9tails dans le rouge caract\u00e9ristique de [&hellip;]<\/p>\n","protected":false},"featured_media":6366766,"template":"","meta":{"_acf_changed":false},"product_cat":[12055,12073],"product_tag":[],"class_list":{"0":"post-63378","1":"product","2":"type-product","3":"status-publish","4":"has-post-thumbnail","6":"product_cat-petits-electromenagers","7":"product_cat-trancheuses","9":"first","10":"instock","11":"sale","12":"taxable","13":"shipping-taxable","14":"purchasable","15":"product-type-simple","swatches":"rey-swatches","show_selected":"","stretch_labels":"rey-swatches--stretch-labels"},"acf":[],"yoast_head":"<!-- This site is optimized with the Yoast SEO plugin v25.4 - https:\/\/yoast.com\/wordpress\/plugins\/seo\/ -->\n<title>BERKEL Pro Line XS30 Red Slicer - dev6 Erresse<\/title>\n<meta name=\"description\" content=\"Pro Line XS 25-30 est la derni\u00e8re ligne de trancheurs \u00e9lectriques professionnels par gravit\u00e9 de Berkel. Cette gamme de produits allie des dimensions\" \/>\n<meta name=\"robots\" content=\"noindex, follow, max-snippet:-1, max-image-preview:large, max-video-preview:-1\" \/>\n<meta property=\"og:locale\" content=\"fr_FR\" \/>\n<meta property=\"og:type\" content=\"article\" \/>\n<meta property=\"og:title\" content=\"BERKEL Pro Line XS30 Red Slicer - dev6 Erresse\" \/>\n<meta property=\"og:description\" content=\"Pro Line XS 25-30 est la derni\u00e8re ligne de trancheurs \u00e9lectriques professionnels par gravit\u00e9 de Berkel. Cette gamme de produits allie des dimensions\" \/>\n<meta property=\"og:url\" content=\"https:\/\/dev6.erresse-shop.it\/fr\/shop\/petits-electromenagers\/trancheuses\/berkel-pro-line-xs30-red-slicer\/\" \/>\n<meta property=\"og:site_name\" content=\"dev6 Erresse\" \/>\n<meta property=\"og:image\" content=\"https:\/\/interpim.erresse-shop.it\/Import\/Prodotti\/berkel-affettatrice-pro-line-x25-red-5.jpg\" \/><meta property=\"og:image\" content=\"https:\/\/interpim.erresse-shop.it\/Import\/Prodotti\/berkel-affettatrice-pro-line-x25-red-5.jpg\" \/>\n\t<meta property=\"og:image:width\" content=\"1024\" \/>\n\t<meta property=\"og:image:height\" content=\"1024\" \/>\n\t<meta property=\"og:image:type\" content=\"image\/jpeg\" \/>\n<meta name=\"twitter:card\" content=\"summary_large_image\" \/>\n<meta name=\"twitter:image\" content=\"https:\/\/interpim.erresse-shop.it\/Import\/Prodotti\/berkel-affettatrice-pro-line-x25-red-5.jpg\" \/>\n<script type=\"application\/ld+json\" class=\"yoast-schema-graph\">{\"@context\":\"https:\/\/schema.org\",\"@graph\":[{\"@type\":\"WebPage\",\"@id\":\"https:\/\/dev6.erresse-shop.it\/fr\/shop\/petits-electromenagers\/trancheuses\/berkel-pro-line-xs30-red-slicer\/\",\"url\":\"https:\/\/dev6.erresse-shop.it\/fr\/shop\/petits-electromenagers\/trancheuses\/berkel-pro-line-xs30-red-slicer\/\",\"name\":\"BERKEL Pro Line XS30 Red Slicer - dev6 Erresse\",\"isPartOf\":{\"@id\":\"https:\/\/dev6.erresse-shop.it\/#website\"},\"primaryImageOfPage\":{\"@id\":\"https:\/\/dev6.erresse-shop.it\/fr\/shop\/petits-electromenagers\/trancheuses\/berkel-pro-line-xs30-red-slicer\/#primaryimage\"},\"image\":{\"@id\":\"https:\/\/dev6.erresse-shop.it\/fr\/shop\/petits-electromenagers\/trancheuses\/berkel-pro-line-xs30-red-slicer\/#primaryimage\"},\"thumbnailUrl\":\"https:\/\/i2.wp.com\/interpim.erresse-shop.it\/Import\/Prodotti\/berkel-affettatrice-pro-line-x25-red-5.jpg?ssl=1\",\"datePublished\":\"2026-04-12T08:35:02+00:00\",\"description\":\"Pro Line XS 25-30 est la derni\u00e8re ligne de trancheurs \u00e9lectriques professionnels par gravit\u00e9 de Berkel. Cette gamme de produits allie des dimensions\",\"breadcrumb\":{\"@id\":\"https:\/\/dev6.erresse-shop.it\/fr\/shop\/petits-electromenagers\/trancheuses\/berkel-pro-line-xs30-red-slicer\/#breadcrumb\"},\"inLanguage\":\"fr-FR\",\"potentialAction\":[{\"@type\":\"ReadAction\",\"target\":[\"https:\/\/dev6.erresse-shop.it\/fr\/shop\/petits-electromenagers\/trancheuses\/berkel-pro-line-xs30-red-slicer\/\"]}]},{\"@type\":\"ImageObject\",\"inLanguage\":\"fr-FR\",\"@id\":\"https:\/\/dev6.erresse-shop.it\/fr\/shop\/petits-electromenagers\/trancheuses\/berkel-pro-line-xs30-red-slicer\/#primaryimage\",\"url\":\"https:\/\/i2.wp.com\/interpim.erresse-shop.it\/Import\/Prodotti\/berkel-affettatrice-pro-line-x25-red-5.jpg?ssl=1\",\"contentUrl\":\"https:\/\/i2.wp.com\/interpim.erresse-shop.it\/Import\/Prodotti\/berkel-affettatrice-pro-line-x25-red-5.jpg?ssl=1\"},{\"@type\":\"BreadcrumbList\",\"@id\":\"https:\/\/dev6.erresse-shop.it\/fr\/shop\/petits-electromenagers\/trancheuses\/berkel-pro-line-xs30-red-slicer\/#breadcrumb\",\"itemListElement\":[{\"@type\":\"ListItem\",\"position\":1,\"name\":\"Home\",\"item\":\"https:\/\/dev6.erresse-shop.it\/\"},{\"@type\":\"ListItem\",\"position\":2,\"name\":\"Boutique\",\"item\":\"https:\/\/dev6.erresse-shop.it\/shop\/\"},{\"@type\":\"ListItem\",\"position\":3,\"name\":\"BERKEL Pro Line XS30 Red Slicer\"}]},{\"@type\":\"WebSite\",\"@id\":\"https:\/\/dev6.erresse-shop.it\/#website\",\"url\":\"https:\/\/dev6.erresse-shop.it\/\",\"name\":\"Erresse Shop\",\"description\":\"\",\"publisher\":{\"@id\":\"https:\/\/dev6.erresse-shop.it\/#organization\"},\"potentialAction\":[{\"@type\":\"SearchAction\",\"target\":{\"@type\":\"EntryPoint\",\"urlTemplate\":\"https:\/\/dev6.erresse-shop.it\/?s={search_term_string}\"},\"query-input\":{\"@type\":\"PropertyValueSpecification\",\"valueRequired\":true,\"valueName\":\"search_term_string\"}}],\"inLanguage\":\"fr-FR\"},{\"@type\":\"Organization\",\"@id\":\"https:\/\/dev6.erresse-shop.it\/#organization\",\"name\":\"Erresse Shop\",\"url\":\"https:\/\/dev6.erresse-shop.it\/\",\"logo\":{\"@type\":\"ImageObject\",\"inLanguage\":\"fr-FR\",\"@id\":\"https:\/\/dev6.erresse-shop.it\/#\/schema\/logo\/image\/\",\"url\":\"https:\/\/dev6.erresse-shop.it\/wp-content\/uploads\/2025\/01\/LOGO-ERRESSE-CLASSICO.svg\",\"contentUrl\":\"https:\/\/dev6.erresse-shop.it\/wp-content\/uploads\/2025\/01\/LOGO-ERRESSE-CLASSICO.svg\",\"caption\":\"Erresse Shop\"},\"image\":{\"@id\":\"https:\/\/dev6.erresse-shop.it\/#\/schema\/logo\/image\/\"}}]}<\/script>\n<!-- \/ Yoast SEO plugin. -->","yoast_head_json":{"title":"BERKEL Pro Line XS30 Red Slicer - dev6 Erresse","description":"Pro Line XS 25-30 est la derni\u00e8re ligne de trancheurs \u00e9lectriques professionnels par gravit\u00e9 de Berkel. Cette gamme de produits allie des dimensions","robots":{"index":"noindex","follow":"follow","max-snippet":"max-snippet:-1","max-image-preview":"max-image-preview:large","max-video-preview":"max-video-preview:-1"},"og_locale":"fr_FR","og_type":"article","og_title":"BERKEL Pro Line XS30 Red Slicer - dev6 Erresse","og_description":"Pro Line XS 25-30 est la derni\u00e8re ligne de trancheurs \u00e9lectriques professionnels par gravit\u00e9 de Berkel. Cette gamme de produits allie des dimensions","og_url":"https:\/\/dev6.erresse-shop.it\/fr\/shop\/petits-electromenagers\/trancheuses\/berkel-pro-line-xs30-red-slicer\/","og_site_name":"dev6 Erresse","og_image":[{"url":"https:\/\/interpim.erresse-shop.it\/Import\/Prodotti\/berkel-affettatrice-pro-line-x25-red-5.jpg","type":"","width":"","height":""},{"url":"https:\/\/interpim.erresse-shop.it\/Import\/Prodotti\/berkel-affettatrice-pro-line-x25-red-5.jpg","width":1024,"height":1024,"type":"image\/jpeg"}],"twitter_card":"summary_large_image","twitter_image":"https:\/\/interpim.erresse-shop.it\/Import\/Prodotti\/berkel-affettatrice-pro-line-x25-red-5.jpg","schema":{"@context":"https:\/\/schema.org","@graph":[{"@type":"WebPage","@id":"https:\/\/dev6.erresse-shop.it\/fr\/shop\/petits-electromenagers\/trancheuses\/berkel-pro-line-xs30-red-slicer\/","url":"https:\/\/dev6.erresse-shop.it\/fr\/shop\/petits-electromenagers\/trancheuses\/berkel-pro-line-xs30-red-slicer\/","name":"BERKEL Pro Line XS30 Red Slicer - dev6 Erresse","isPartOf":{"@id":"https:\/\/dev6.erresse-shop.it\/#website"},"primaryImageOfPage":{"@id":"https:\/\/dev6.erresse-shop.it\/fr\/shop\/petits-electromenagers\/trancheuses\/berkel-pro-line-xs30-red-slicer\/#primaryimage"},"image":{"@id":"https:\/\/dev6.erresse-shop.it\/fr\/shop\/petits-electromenagers\/trancheuses\/berkel-pro-line-xs30-red-slicer\/#primaryimage"},"thumbnailUrl":"https:\/\/i2.wp.com\/interpim.erresse-shop.it\/Import\/Prodotti\/berkel-affettatrice-pro-line-x25-red-5.jpg?ssl=1","datePublished":"2026-04-12T08:35:02+00:00","description":"Pro Line XS 25-30 est la derni\u00e8re ligne de trancheurs \u00e9lectriques professionnels par gravit\u00e9 de Berkel. Cette gamme de produits allie des dimensions","breadcrumb":{"@id":"https:\/\/dev6.erresse-shop.it\/fr\/shop\/petits-electromenagers\/trancheuses\/berkel-pro-line-xs30-red-slicer\/#breadcrumb"},"inLanguage":"fr-FR","potentialAction":[{"@type":"ReadAction","target":["https:\/\/dev6.erresse-shop.it\/fr\/shop\/petits-electromenagers\/trancheuses\/berkel-pro-line-xs30-red-slicer\/"]}]},{"@type":"ImageObject","inLanguage":"fr-FR","@id":"https:\/\/dev6.erresse-shop.it\/fr\/shop\/petits-electromenagers\/trancheuses\/berkel-pro-line-xs30-red-slicer\/#primaryimage","url":"https:\/\/i2.wp.com\/interpim.erresse-shop.it\/Import\/Prodotti\/berkel-affettatrice-pro-line-x25-red-5.jpg?ssl=1","contentUrl":"https:\/\/i2.wp.com\/interpim.erresse-shop.it\/Import\/Prodotti\/berkel-affettatrice-pro-line-x25-red-5.jpg?ssl=1"},{"@type":"BreadcrumbList","@id":"https:\/\/dev6.erresse-shop.it\/fr\/shop\/petits-electromenagers\/trancheuses\/berkel-pro-line-xs30-red-slicer\/#breadcrumb","itemListElement":[{"@type":"ListItem","position":1,"name":"Home","item":"https:\/\/dev6.erresse-shop.it\/"},{"@type":"ListItem","position":2,"name":"Boutique","item":"https:\/\/dev6.erresse-shop.it\/shop\/"},{"@type":"ListItem","position":3,"name":"BERKEL Pro Line XS30 Red Slicer"}]},{"@type":"WebSite","@id":"https:\/\/dev6.erresse-shop.it\/#website","url":"https:\/\/dev6.erresse-shop.it\/","name":"Erresse Shop","description":"","publisher":{"@id":"https:\/\/dev6.erresse-shop.it\/#organization"},"potentialAction":[{"@type":"SearchAction","target":{"@type":"EntryPoint","urlTemplate":"https:\/\/dev6.erresse-shop.it\/?s={search_term_string}"},"query-input":{"@type":"PropertyValueSpecification","valueRequired":true,"valueName":"search_term_string"}}],"inLanguage":"fr-FR"},{"@type":"Organization","@id":"https:\/\/dev6.erresse-shop.it\/#organization","name":"Erresse Shop","url":"https:\/\/dev6.erresse-shop.it\/","logo":{"@type":"ImageObject","inLanguage":"fr-FR","@id":"https:\/\/dev6.erresse-shop.it\/#\/schema\/logo\/image\/","url":"https:\/\/dev6.erresse-shop.it\/wp-content\/uploads\/2025\/01\/LOGO-ERRESSE-CLASSICO.svg","contentUrl":"https:\/\/dev6.erresse-shop.it\/wp-content\/uploads\/2025\/01\/LOGO-ERRESSE-CLASSICO.svg","caption":"Erresse Shop"},"image":{"@id":"https:\/\/dev6.erresse-shop.it\/#\/schema\/logo\/image\/"}}]}},"df_price":1399,"df_sale_price":1399,"df_regular_price":1739,"df_image_link":"https:\/\/i2.wp.com\/interpim.erresse-shop.it\/Import\/Prodotti\/berkel-affettatrice-pro-line-x25-red-5.jpg?resize=300,300&ssl=1","fifu_image_url":"https:\/\/interpim.erresse-shop.it\/Import\/Prodotti\/berkel-affettatrice-pro-line-x25-red-5.jpg","_links":{"self":[{"href":"https:\/\/dev6.erresse-shop.it\/fr\/wp-json\/wp\/v2\/product\/63378","targetHints":{"allow":["GET"]}}],"collection":[{"href":"https:\/\/dev6.erresse-shop.it\/fr\/wp-json\/wp\/v2\/product"}],"about":[{"href":"https:\/\/dev6.erresse-shop.it\/fr\/wp-json\/wp\/v2\/types\/product"}],"wp:featuredmedia":[{"embeddable":true,"href":"https:\/\/dev6.erresse-shop.it\/fr\/wp-json\/wp\/v2\/media\/6366766"}],"wp:attachment":[{"href":"https:\/\/dev6.erresse-shop.it\/fr\/wp-json\/wp\/v2\/media?parent=63378"}],"wp:term":[{"taxonomy":"product_cat","embeddable":true,"href":"https:\/\/dev6.erresse-shop.it\/fr\/wp-json\/wp\/v2\/product_cat?post=63378"},{"taxonomy":"product_tag","embeddable":true,"href":"https:\/\/dev6.erresse-shop.it\/fr\/wp-json\/wp\/v2\/product_tag?post=63378"}],"curies":[{"name":"wp","href":"https:\/\/api.w.org\/{rel}","templated":true}]}}