{"id":63364,"date":"2026-04-04T10:32:29","date_gmt":"2026-04-04T08:32:29","guid":{"rendered":"https:\/\/dev6.erresse-shop.it\/shop\/non%20class\u00e9\/shark-aspirateur-sans-fil-detect-pro-avec-vidange-automatique\/"},"modified":"2025-07-04T17:41:43","modified_gmt":"2025-07-04T15:41:43","slug":"shark-aspirateur-sans-fil-detect-pro-avec-vidange-automatique","status":"publish","type":"product","link":"https:\/\/dev6.erresse-shop.it\/fr\/shop\/petits-electromenagers\/aspirateurs\/shark-aspirateur-sans-fil-detect-pro-avec-vidange-automatique\/","title":{"rendered":"SHARK Aspirateur sans fil Detect Pro avec vidange automatique"},"content":{"rendered":"<p>Voici Detect Pro, la gamme de balais \u00e9lectriques la plus intelligente de Shark.<\/p>\n<p>Le balai \u00e9lectrique l\u00e9ger sans fil pour un nettoyage en profondeur qui se vide automatiquement.<\/p>\n<p>La grande base \u00e0 vidange automatique retient la salet\u00e9 et les d\u00e9bris jusqu\u2019\u00e0 45 jours.<\/p>\n<p>Ramasse jusqu\u2019\u00e0 50 % de salet\u00e9 en plus*.<\/p>\n<p>S\u2019attaque aux salet\u00e9s les plus tenaces<\/p>\n<p>25% plus l\u00e9ger**<\/p>\n<p>Nettoie en profondeur les tapis et les sols gr\u00e2ce \u00e0 la technologie de la t\u00eate anti-poils.<\/p>\n<p>Le manche flexible se plie pour nettoyer les coins les plus difficiles \u00e0 atteindre.<\/p>\n<p>Il ramasse jusqu\u2019\u00e0 50 % de salet\u00e9 en plus :<\/p>\n<p>Les 4 technologies de nettoyage en profondeur d\u00e9tectent et r\u00e9agissent en fonction de l\u2019environnement, d\u00e9terrant la salet\u00e9 cach\u00e9e dans votre maison :<\/p>\n<p>DirtDetect : d\u00e9tecte les salet\u00e9s invisibles et augmente automatiquement la puissance d\u2019aspiration pour un nettoyage en profondeur des tapis.<\/p>\n<p>EdgeDetect : d\u00e9tecte les bords et double la puissance d\u2019aspiration pour un nettoyage parfait des bords et des coins.<\/p>\n<p>FloorDetect : d\u00e9tecte automatiquement le type de sol et optimise les performances en doublant la vitesse de la brosse pour un nettoyage en profondeur des moquettes.<\/p>\n<p>LightDetect : fonctionne dans les zones peu \u00e9clair\u00e9es en illuminant automatiquement les d\u00e9bris et les salet\u00e9s cach\u00e9es.<br \/>\nIl se vide et se remplit \u00e0 la fin de chaque nettoyage :<br \/>\nLa grande base sans sac de 2 litres \u00e0 vidange automatique retient la salet\u00e9 et les d\u00e9bris jusqu\u2019\u00e0 45 jours. Il suffit de fixer le balai \u00e9lectrique sur la base \u00e0 la fin de chaque cycle de nettoyage pour qu\u2019elle se vide automatiquement.<br \/>\nLe joint complet anti-allerg\u00e8nes capture 99,9 % de la poussi\u00e8re, des allerg\u00e8nes et des irritants2 en les emprisonnant dans la base sans les rel\u00e2cher dans la maison. La technologie anti-odeurs emp\u00eache la formation d\u2019odeurs d\u00e9sagr\u00e9ables \u00e0 l\u2019int\u00e9rieur de la base, pour une maison qui sent toujours bon.<br \/>\nJusqu\u2019\u00e0 60 minutes d\u2019autonomie3 : l\u2019appareil se recharge lorsqu\u2019il est pos\u00e9 sur la base, toujours pr\u00eat \u00e0 intervenir en cas de besoin. Il n\u2019est pas connect\u00e9 \u00e0 une station de charge fixe et il n\u2019est pas n\u00e9cessaire de fixer la base au mur, ce qui vous permet de le d\u00e9placer facilement n\u2019importe o\u00f9.<\/p>\n<p>Nettoyage en profondeur des tapis et des sols :<\/p>\n<p>La brosse multi-surfaces QuadClean nettoie en profondeur tous les types de sols, sans qu\u2019il soit n\u00e9cessaire de la remplacer.<\/p>\n<p>Sa conception exceptionnelle comprend un capot avant sur\u00e9lev\u00e9 pour s\u2019attaquer aux grandes quantit\u00e9s de d\u00e9bris, des bavettes de tapis pour soulever les d\u00e9bris et les poils d\u2019animaux coinc\u00e9s, un mouvement en profondeur pour extraire les particules de salet\u00e9 les plus fines et des microfibres douces pour capturer la poussi\u00e8re.<\/p>\n<p>La technologie Anti Hair Wrap permet de retirer les cheveux et les poils de la brosse pendant le nettoyage, \u00e9vitant ainsi les enchev\u00eatrements g\u00eanants \u2013 id\u00e9al pour les propri\u00e9taires d\u2019animaux domestiques.<\/p>\n<p>Des performances puissantes pour un poids r\u00e9duit de 25 % :<\/p>\n<p>Le moteur turbo compact offre de puissantes performances de nettoyage dans un balai \u00e9lectrique sans fil l\u00e9ger et autovideur.<\/p>\n<p>L\u2019\u00e9cran LED indique en temps r\u00e9el l\u2019\u00e9tat de la batterie, la d\u00e9tection de la salet\u00e9 et le mode de fonctionnement.<\/p>\n<p>Nettoyage de toute la maison :<\/p>\n<p>Le manche Flexology est pliable, ce qui vous \u00e9vite de vous pencher et vous permet de nettoyer facilement sous les meubles bas.<\/p>\n<p>Pas seulement pour les sols : d\u00e9crochez l\u2019aspirateur pour nettoyer facilement les escaliers, les tissus d\u2019ameublement, l\u2019int\u00e9rieur des voitures et les endroits difficiles d\u2019acc\u00e8s gr\u00e2ce au suceur plat.<\/p>\n<p>Garantie Shark :<\/p>\n<p>Shark offre une garantie de 5 ans (2 ans pour les batteries) pour un nettoyage en toute s\u00e9curit\u00e9.<\/p>\n<p>Non disponible \u00e0 la vente en dehors de l\u2019Europe<\/p>\n","protected":false},"excerpt":{"rendered":"<p>Voici Detect Pro, la gamme de balais \u00e9lectriques la plus intelligente de Shark. Le balai \u00e9lectrique l\u00e9ger sans fil pour un nettoyage en profondeur qui se vide automatiquement. La grande base \u00e0 vidange automatique retient la salet\u00e9 et les d\u00e9bris jusqu\u2019\u00e0 45 jours. Ramasse jusqu\u2019\u00e0 50 % de salet\u00e9 en plus*. S\u2019attaque aux salet\u00e9s les [&hellip;]<\/p>\n","protected":false},"featured_media":6283456,"template":"","meta":{"_acf_changed":false},"product_cat":[12075,12055],"product_tag":[],"class_list":{"0":"post-63364","1":"product","2":"type-product","3":"status-publish","4":"has-post-thumbnail","6":"product_cat-aspirateurs","7":"product_cat-petits-electromenagers","9":"first","10":"instock","11":"taxable","12":"shipping-taxable","13":"product-type-simple","swatches":"rey-swatches","show_selected":"","stretch_labels":"rey-swatches--stretch-labels"},"acf":[],"yoast_head":"<!-- This site is optimized with the Yoast SEO plugin v25.4 - https:\/\/yoast.com\/wordpress\/plugins\/seo\/ -->\n<title>SHARK Aspirateur sans fil Detect Pro avec vidange automatique - dev6 Erresse<\/title>\n<meta name=\"description\" content=\"Voici Detect Pro, la gamme de balais \u00e9lectriques la plus intelligente de Shark. Le balai \u00e9lectrique l\u00e9ger sans fil pour un nettoyage en profondeur qui se\" \/>\n<meta name=\"robots\" content=\"noindex, follow, max-snippet:-1, max-image-preview:large, max-video-preview:-1\" \/>\n<meta property=\"og:locale\" content=\"fr_FR\" \/>\n<meta property=\"og:type\" content=\"article\" \/>\n<meta property=\"og:title\" content=\"SHARK Aspirateur sans fil Detect Pro avec vidange automatique - dev6 Erresse\" \/>\n<meta property=\"og:description\" content=\"Voici Detect Pro, la gamme de balais \u00e9lectriques la plus intelligente de Shark. Le balai \u00e9lectrique l\u00e9ger sans fil pour un nettoyage en profondeur qui se\" \/>\n<meta property=\"og:url\" content=\"https:\/\/dev6.erresse-shop.it\/fr\/shop\/petits-electromenagers\/aspirateurs\/shark-aspirateur-sans-fil-detect-pro-avec-vidange-automatique\/\" \/>\n<meta property=\"og:site_name\" content=\"dev6 Erresse\" \/>\n<meta property=\"og:image\" content=\"https:\/\/interpim.erresse-shop.it\/img-catalogo\/shark\/shark-aspirapolvere-senza-filo-shark-detect-pro-iw1611eu.png\" \/><meta property=\"og:image\" content=\"https:\/\/interpim.erresse-shop.it\/img-catalogo\/shark\/shark-aspirapolvere-senza-filo-shark-detect-pro-iw1611eu.png\" \/>\n\t<meta property=\"og:image:width\" content=\"1024\" \/>\n\t<meta property=\"og:image:height\" content=\"1024\" \/>\n\t<meta property=\"og:image:type\" content=\"image\/jpeg\" \/>\n<meta name=\"twitter:card\" content=\"summary_large_image\" \/>\n<meta name=\"twitter:image\" content=\"https:\/\/interpim.erresse-shop.it\/img-catalogo\/shark\/shark-aspirapolvere-senza-filo-shark-detect-pro-iw1611eu.png\" \/>\n<script type=\"application\/ld+json\" class=\"yoast-schema-graph\">{\"@context\":\"https:\/\/schema.org\",\"@graph\":[{\"@type\":\"WebPage\",\"@id\":\"https:\/\/dev6.erresse-shop.it\/fr\/shop\/petits-electromenagers\/aspirateurs\/shark-aspirateur-sans-fil-detect-pro-avec-vidange-automatique\/\",\"url\":\"https:\/\/dev6.erresse-shop.it\/fr\/shop\/petits-electromenagers\/aspirateurs\/shark-aspirateur-sans-fil-detect-pro-avec-vidange-automatique\/\",\"name\":\"SHARK Aspirateur sans fil Detect Pro avec vidange automatique - dev6 Erresse\",\"isPartOf\":{\"@id\":\"https:\/\/dev6.erresse-shop.it\/#website\"},\"primaryImageOfPage\":{\"@id\":\"https:\/\/dev6.erresse-shop.it\/fr\/shop\/petits-electromenagers\/aspirateurs\/shark-aspirateur-sans-fil-detect-pro-avec-vidange-automatique\/#primaryimage\"},\"image\":{\"@id\":\"https:\/\/dev6.erresse-shop.it\/fr\/shop\/petits-electromenagers\/aspirateurs\/shark-aspirateur-sans-fil-detect-pro-avec-vidange-automatique\/#primaryimage\"},\"thumbnailUrl\":\"https:\/\/i2.wp.com\/interpim.erresse-shop.it\/img-catalogo\/shark\/shark-aspirapolvere-senza-filo-shark-detect-pro-iw1611eu.png?ssl=1\",\"datePublished\":\"2026-04-04T08:32:29+00:00\",\"description\":\"Voici Detect Pro, la gamme de balais \u00e9lectriques la plus intelligente de Shark. Le balai \u00e9lectrique l\u00e9ger sans fil pour un nettoyage en profondeur qui se\",\"breadcrumb\":{\"@id\":\"https:\/\/dev6.erresse-shop.it\/fr\/shop\/petits-electromenagers\/aspirateurs\/shark-aspirateur-sans-fil-detect-pro-avec-vidange-automatique\/#breadcrumb\"},\"inLanguage\":\"fr-FR\",\"potentialAction\":[{\"@type\":\"ReadAction\",\"target\":[\"https:\/\/dev6.erresse-shop.it\/fr\/shop\/petits-electromenagers\/aspirateurs\/shark-aspirateur-sans-fil-detect-pro-avec-vidange-automatique\/\"]}]},{\"@type\":\"ImageObject\",\"inLanguage\":\"fr-FR\",\"@id\":\"https:\/\/dev6.erresse-shop.it\/fr\/shop\/petits-electromenagers\/aspirateurs\/shark-aspirateur-sans-fil-detect-pro-avec-vidange-automatique\/#primaryimage\",\"url\":\"https:\/\/i2.wp.com\/interpim.erresse-shop.it\/img-catalogo\/shark\/shark-aspirapolvere-senza-filo-shark-detect-pro-iw1611eu.png?ssl=1\",\"contentUrl\":\"https:\/\/i2.wp.com\/interpim.erresse-shop.it\/img-catalogo\/shark\/shark-aspirapolvere-senza-filo-shark-detect-pro-iw1611eu.png?ssl=1\"},{\"@type\":\"BreadcrumbList\",\"@id\":\"https:\/\/dev6.erresse-shop.it\/fr\/shop\/petits-electromenagers\/aspirateurs\/shark-aspirateur-sans-fil-detect-pro-avec-vidange-automatique\/#breadcrumb\",\"itemListElement\":[{\"@type\":\"ListItem\",\"position\":1,\"name\":\"Home\",\"item\":\"https:\/\/dev6.erresse-shop.it\/\"},{\"@type\":\"ListItem\",\"position\":2,\"name\":\"Boutique\",\"item\":\"https:\/\/dev6.erresse-shop.it\/shop\/\"},{\"@type\":\"ListItem\",\"position\":3,\"name\":\"SHARK Aspirateur sans fil Detect Pro avec vidange automatique\"}]},{\"@type\":\"WebSite\",\"@id\":\"https:\/\/dev6.erresse-shop.it\/#website\",\"url\":\"https:\/\/dev6.erresse-shop.it\/\",\"name\":\"Erresse Shop\",\"description\":\"\",\"publisher\":{\"@id\":\"https:\/\/dev6.erresse-shop.it\/#organization\"},\"potentialAction\":[{\"@type\":\"SearchAction\",\"target\":{\"@type\":\"EntryPoint\",\"urlTemplate\":\"https:\/\/dev6.erresse-shop.it\/?s={search_term_string}\"},\"query-input\":{\"@type\":\"PropertyValueSpecification\",\"valueRequired\":true,\"valueName\":\"search_term_string\"}}],\"inLanguage\":\"fr-FR\"},{\"@type\":\"Organization\",\"@id\":\"https:\/\/dev6.erresse-shop.it\/#organization\",\"name\":\"Erresse Shop\",\"url\":\"https:\/\/dev6.erresse-shop.it\/\",\"logo\":{\"@type\":\"ImageObject\",\"inLanguage\":\"fr-FR\",\"@id\":\"https:\/\/dev6.erresse-shop.it\/#\/schema\/logo\/image\/\",\"url\":\"https:\/\/dev6.erresse-shop.it\/wp-content\/uploads\/2025\/01\/LOGO-ERRESSE-CLASSICO.svg\",\"contentUrl\":\"https:\/\/dev6.erresse-shop.it\/wp-content\/uploads\/2025\/01\/LOGO-ERRESSE-CLASSICO.svg\",\"caption\":\"Erresse Shop\"},\"image\":{\"@id\":\"https:\/\/dev6.erresse-shop.it\/#\/schema\/logo\/image\/\"}}]}<\/script>\n<!-- \/ Yoast SEO plugin. -->","yoast_head_json":{"title":"SHARK Aspirateur sans fil Detect Pro avec vidange automatique - dev6 Erresse","description":"Voici Detect Pro, la gamme de balais \u00e9lectriques la plus intelligente de Shark. Le balai \u00e9lectrique l\u00e9ger sans fil pour un nettoyage en profondeur qui se","robots":{"index":"noindex","follow":"follow","max-snippet":"max-snippet:-1","max-image-preview":"max-image-preview:large","max-video-preview":"max-video-preview:-1"},"og_locale":"fr_FR","og_type":"article","og_title":"SHARK Aspirateur sans fil Detect Pro avec vidange automatique - dev6 Erresse","og_description":"Voici Detect Pro, la gamme de balais \u00e9lectriques la plus intelligente de Shark. Le balai \u00e9lectrique l\u00e9ger sans fil pour un nettoyage en profondeur qui se","og_url":"https:\/\/dev6.erresse-shop.it\/fr\/shop\/petits-electromenagers\/aspirateurs\/shark-aspirateur-sans-fil-detect-pro-avec-vidange-automatique\/","og_site_name":"dev6 Erresse","og_image":[{"url":"https:\/\/interpim.erresse-shop.it\/img-catalogo\/shark\/shark-aspirapolvere-senza-filo-shark-detect-pro-iw1611eu.png","type":"","width":"","height":""},{"url":"https:\/\/interpim.erresse-shop.it\/img-catalogo\/shark\/shark-aspirapolvere-senza-filo-shark-detect-pro-iw1611eu.png","width":1024,"height":1024,"type":"image\/jpeg"}],"twitter_card":"summary_large_image","twitter_image":"https:\/\/interpim.erresse-shop.it\/img-catalogo\/shark\/shark-aspirapolvere-senza-filo-shark-detect-pro-iw1611eu.png","schema":{"@context":"https:\/\/schema.org","@graph":[{"@type":"WebPage","@id":"https:\/\/dev6.erresse-shop.it\/fr\/shop\/petits-electromenagers\/aspirateurs\/shark-aspirateur-sans-fil-detect-pro-avec-vidange-automatique\/","url":"https:\/\/dev6.erresse-shop.it\/fr\/shop\/petits-electromenagers\/aspirateurs\/shark-aspirateur-sans-fil-detect-pro-avec-vidange-automatique\/","name":"SHARK Aspirateur sans fil Detect Pro avec vidange automatique - dev6 Erresse","isPartOf":{"@id":"https:\/\/dev6.erresse-shop.it\/#website"},"primaryImageOfPage":{"@id":"https:\/\/dev6.erresse-shop.it\/fr\/shop\/petits-electromenagers\/aspirateurs\/shark-aspirateur-sans-fil-detect-pro-avec-vidange-automatique\/#primaryimage"},"image":{"@id":"https:\/\/dev6.erresse-shop.it\/fr\/shop\/petits-electromenagers\/aspirateurs\/shark-aspirateur-sans-fil-detect-pro-avec-vidange-automatique\/#primaryimage"},"thumbnailUrl":"https:\/\/i2.wp.com\/interpim.erresse-shop.it\/img-catalogo\/shark\/shark-aspirapolvere-senza-filo-shark-detect-pro-iw1611eu.png?ssl=1","datePublished":"2026-04-04T08:32:29+00:00","description":"Voici Detect Pro, la gamme de balais \u00e9lectriques la plus intelligente de Shark. Le balai \u00e9lectrique l\u00e9ger sans fil pour un nettoyage en profondeur qui se","breadcrumb":{"@id":"https:\/\/dev6.erresse-shop.it\/fr\/shop\/petits-electromenagers\/aspirateurs\/shark-aspirateur-sans-fil-detect-pro-avec-vidange-automatique\/#breadcrumb"},"inLanguage":"fr-FR","potentialAction":[{"@type":"ReadAction","target":["https:\/\/dev6.erresse-shop.it\/fr\/shop\/petits-electromenagers\/aspirateurs\/shark-aspirateur-sans-fil-detect-pro-avec-vidange-automatique\/"]}]},{"@type":"ImageObject","inLanguage":"fr-FR","@id":"https:\/\/dev6.erresse-shop.it\/fr\/shop\/petits-electromenagers\/aspirateurs\/shark-aspirateur-sans-fil-detect-pro-avec-vidange-automatique\/#primaryimage","url":"https:\/\/i2.wp.com\/interpim.erresse-shop.it\/img-catalogo\/shark\/shark-aspirapolvere-senza-filo-shark-detect-pro-iw1611eu.png?ssl=1","contentUrl":"https:\/\/i2.wp.com\/interpim.erresse-shop.it\/img-catalogo\/shark\/shark-aspirapolvere-senza-filo-shark-detect-pro-iw1611eu.png?ssl=1"},{"@type":"BreadcrumbList","@id":"https:\/\/dev6.erresse-shop.it\/fr\/shop\/petits-electromenagers\/aspirateurs\/shark-aspirateur-sans-fil-detect-pro-avec-vidange-automatique\/#breadcrumb","itemListElement":[{"@type":"ListItem","position":1,"name":"Home","item":"https:\/\/dev6.erresse-shop.it\/"},{"@type":"ListItem","position":2,"name":"Boutique","item":"https:\/\/dev6.erresse-shop.it\/shop\/"},{"@type":"ListItem","position":3,"name":"SHARK Aspirateur sans fil Detect Pro avec vidange automatique"}]},{"@type":"WebSite","@id":"https:\/\/dev6.erresse-shop.it\/#website","url":"https:\/\/dev6.erresse-shop.it\/","name":"Erresse Shop","description":"","publisher":{"@id":"https:\/\/dev6.erresse-shop.it\/#organization"},"potentialAction":[{"@type":"SearchAction","target":{"@type":"EntryPoint","urlTemplate":"https:\/\/dev6.erresse-shop.it\/?s={search_term_string}"},"query-input":{"@type":"PropertyValueSpecification","valueRequired":true,"valueName":"search_term_string"}}],"inLanguage":"fr-FR"},{"@type":"Organization","@id":"https:\/\/dev6.erresse-shop.it\/#organization","name":"Erresse Shop","url":"https:\/\/dev6.erresse-shop.it\/","logo":{"@type":"ImageObject","inLanguage":"fr-FR","@id":"https:\/\/dev6.erresse-shop.it\/#\/schema\/logo\/image\/","url":"https:\/\/dev6.erresse-shop.it\/wp-content\/uploads\/2025\/01\/LOGO-ERRESSE-CLASSICO.svg","contentUrl":"https:\/\/dev6.erresse-shop.it\/wp-content\/uploads\/2025\/01\/LOGO-ERRESSE-CLASSICO.svg","caption":"Erresse Shop"},"image":{"@id":"https:\/\/dev6.erresse-shop.it\/#\/schema\/logo\/image\/"}}]}},"df_price":"","df_sale_price":"","df_regular_price":"","df_image_link":"https:\/\/i2.wp.com\/interpim.erresse-shop.it\/img-catalogo\/shark\/shark-aspirapolvere-senza-filo-shark-detect-pro-iw1611eu.png?resize=300,300&ssl=1","fifu_image_url":"https:\/\/interpim.erresse-shop.it\/img-catalogo\/shark\/shark-aspirapolvere-senza-filo-shark-detect-pro-iw1611eu.png","_links":{"self":[{"href":"https:\/\/dev6.erresse-shop.it\/fr\/wp-json\/wp\/v2\/product\/63364","targetHints":{"allow":["GET"]}}],"collection":[{"href":"https:\/\/dev6.erresse-shop.it\/fr\/wp-json\/wp\/v2\/product"}],"about":[{"href":"https:\/\/dev6.erresse-shop.it\/fr\/wp-json\/wp\/v2\/types\/product"}],"wp:featuredmedia":[{"embeddable":true,"href":"https:\/\/dev6.erresse-shop.it\/fr\/wp-json\/wp\/v2\/media\/6283456"}],"wp:attachment":[{"href":"https:\/\/dev6.erresse-shop.it\/fr\/wp-json\/wp\/v2\/media?parent=63364"}],"wp:term":[{"taxonomy":"product_cat","embeddable":true,"href":"https:\/\/dev6.erresse-shop.it\/fr\/wp-json\/wp\/v2\/product_cat?post=63364"},{"taxonomy":"product_tag","embeddable":true,"href":"https:\/\/dev6.erresse-shop.it\/fr\/wp-json\/wp\/v2\/product_tag?post=63364"}],"curies":[{"name":"wp","href":"https:\/\/api.w.org\/{rel}","templated":true}]}}