{"id":63360,"date":"2026-04-04T10:32:29","date_gmt":"2026-04-04T08:32:29","guid":{"rendered":"https:\/\/dev6.erresse-shop.it\/shop\/non%20class\u00e9\/ninja-gril-et-friteuse-foodi-max\/"},"modified":"2025-07-04T17:41:37","modified_gmt":"2025-07-04T15:41:37","slug":"ninja-gril-et-friteuse-foodi-max","status":"publish","type":"product","link":"https:\/\/dev6.erresse-shop.it\/fr\/shop\/petits-electromenagers\/robots-de-cuisine\/ninja-gril-et-friteuse-foodi-max\/","title":{"rendered":"NINJA Gril et friteuse Foodi Max"},"content":{"rendered":"<p>Air grill et air fryer avec 6 fonctions de cuisson : air frying, baking, roasting, heating, drying et grilling. Syst\u00e8me Smart Cook avec sonde num\u00e9rique. Plaque de gril \u00e0 temp\u00e9rature contr\u00f4l\u00e9e, protection contre les \u00e9claboussures et zone d\u2019air froid pour r\u00e9duire les fum\u00e9es pendant la cuisson. Livre de recettes inclus.<\/p>\n<p>Plus qu\u2019un simple gril. 6 fonctions de cuisson : frire \u00e0 l\u2019air, cuire, r\u00f4tir, r\u00e9chauffer, s\u00e9cher et griller. Comment aimez-vous votre steak ? Saignant, \u00e0 point, bien cuit : choisissez votre cuisson pr\u00e9f\u00e9r\u00e9e et laissez le syst\u00e8me Smart Cook faire tout le travail ! Vous n\u2019avez pas le droit \u00e0 l\u2019erreur : le poisson et la viande sont cuits \u00e0 la perfection, exactement comme vous les aimez ! La sonde de cuisson num\u00e9rique fixe surveille en permanence la temp\u00e9rature des aliments pendant la cuisson et vous indique quand ils sont pr\u00eats.<\/p>\n<p>Du poulet r\u00f4ti au poisson, des brochettes aux frites, faites cuire les ingr\u00e9dients frais et surgel\u00e9s de mani\u00e8re homog\u00e8ne et rapide, en utilisant peu ou pas d\u2019huile. Savourez le go\u00fbt d\u2019un barbecue authentique sans avoir \u00e0 le retourner.<\/p>\n<p>FICHE TECHNIQUE :<\/p>\n<p>Dimensions du produit (cm) : 27 x 39 x 41 cm<\/p>\n<p>Puissance nominale : 2460W<\/p>\n<p>Garantie : 2 ans<\/p>\n<p>Capacit\u00e9 : 3,8 L<\/p>\n<p>Paroi froide ext\u00e9rieure : Oui<\/p>\n<p>Poids du produit : 10,18 kg<\/p>\n<p>Pieds antid\u00e9rapants : Oui<\/p>\n<p>Minuterie : Oui<\/p>\n<p>Fonctions pr\u00e9r\u00e9gl\u00e9es : Griller Air Fry Cuire R\u00f4tir D\u00e9shydrater R\u00e9chauffer<\/p>\n<p>CONTIENT :<\/p>\n<p>1 Gril \u00e0 air 1760W<\/p>\n<p>1 Sonde de cuisson num\u00e9rique<\/p>\n<p>1 Marmite en c\u00e9ramique<\/p>\n<p>1 Panier \u00e0 friture rev\u00eatu de c\u00e9ramique<\/p>\n<p>1 Plaque de gril \u00e0 rev\u00eatement c\u00e9ramique<\/p>\n<p>1 Brosse de nettoyage avec spatule<\/p>\n<p>1 Protection contre les \u00e9claboussures<\/p>\n<p>Manuel d\u2019instructions<\/p>\n<p>Livre de cuisine<\/p>\n<p>Guide d\u2019utilisation rapide<\/p>\n<p>Non disponible \u00e0 la vente en dehors de l\u2019Europe<\/p>\n","protected":false},"excerpt":{"rendered":"<p>Air grill et air fryer avec 6 fonctions de cuisson : air frying, baking, roasting, heating, drying et grilling. Syst\u00e8me Smart Cook avec sonde num\u00e9rique. Plaque de gril \u00e0 temp\u00e9rature contr\u00f4l\u00e9e, protection contre les \u00e9claboussures et zone d\u2019air froid pour r\u00e9duire les fum\u00e9es pendant la cuisson. Livre de recettes inclus. Plus qu\u2019un simple gril. 6 [&hellip;]<\/p>\n","protected":false},"featured_media":6283443,"template":"","meta":{"_acf_changed":false},"product_cat":[12086,12055,12066],"product_tag":[],"class_list":{"0":"post-63360","1":"product","2":"type-product","3":"status-publish","4":"has-post-thumbnail","6":"product_cat-friteuses-a-air","7":"product_cat-petits-electromenagers","8":"product_cat-robots-de-cuisine","10":"first","11":"instock","12":"taxable","13":"shipping-taxable","14":"purchasable","15":"product-type-simple","swatches":"rey-swatches","show_selected":"","stretch_labels":"rey-swatches--stretch-labels"},"acf":[],"yoast_head":"<!-- This site is optimized with the Yoast SEO plugin v25.4 - https:\/\/yoast.com\/wordpress\/plugins\/seo\/ -->\n<title>NINJA Gril et friteuse Foodi Max - dev6 Erresse<\/title>\n<meta name=\"description\" content=\"Air grill et air fryer avec 6 fonctions de cuisson : air frying, baking, roasting, heating, drying et grilling. Syst\u00e8me Smart Cook avec sonde num\u00e9rique.\" \/>\n<meta name=\"robots\" content=\"noindex, follow, max-snippet:-1, max-image-preview:large, max-video-preview:-1\" \/>\n<meta property=\"og:locale\" content=\"fr_FR\" \/>\n<meta property=\"og:type\" content=\"article\" \/>\n<meta property=\"og:title\" content=\"NINJA Gril et friteuse Foodi Max - dev6 Erresse\" \/>\n<meta property=\"og:description\" content=\"Air grill et air fryer avec 6 fonctions de cuisson : air frying, baking, roasting, heating, drying et grilling. Syst\u00e8me Smart Cook avec sonde num\u00e9rique.\" \/>\n<meta property=\"og:url\" content=\"https:\/\/dev6.erresse-shop.it\/fr\/shop\/petits-electromenagers\/robots-de-cuisine\/ninja-gril-et-friteuse-foodi-max\/\" \/>\n<meta property=\"og:site_name\" content=\"dev6 Erresse\" \/>\n<meta property=\"og:image\" content=\"https:\/\/interpim.erresse-shop.it\/img-catalogo\/ninja\/ninja-griglia-e-friggitrice-ad-aria-ninja-foodi-max-ag551eu.png\" \/><meta property=\"og:image\" content=\"https:\/\/interpim.erresse-shop.it\/img-catalogo\/ninja\/ninja-griglia-e-friggitrice-ad-aria-ninja-foodi-max-ag551eu.png\" \/>\n\t<meta property=\"og:image:width\" content=\"1024\" \/>\n\t<meta property=\"og:image:height\" content=\"1024\" \/>\n\t<meta property=\"og:image:type\" content=\"image\/jpeg\" \/>\n<meta name=\"twitter:card\" content=\"summary_large_image\" \/>\n<meta name=\"twitter:image\" content=\"https:\/\/interpim.erresse-shop.it\/img-catalogo\/ninja\/ninja-griglia-e-friggitrice-ad-aria-ninja-foodi-max-ag551eu.png\" \/>\n<script type=\"application\/ld+json\" class=\"yoast-schema-graph\">{\"@context\":\"https:\/\/schema.org\",\"@graph\":[{\"@type\":\"WebPage\",\"@id\":\"https:\/\/dev6.erresse-shop.it\/fr\/shop\/petits-electromenagers\/robots-de-cuisine\/ninja-gril-et-friteuse-foodi-max\/\",\"url\":\"https:\/\/dev6.erresse-shop.it\/fr\/shop\/petits-electromenagers\/robots-de-cuisine\/ninja-gril-et-friteuse-foodi-max\/\",\"name\":\"NINJA Gril et friteuse Foodi Max - dev6 Erresse\",\"isPartOf\":{\"@id\":\"https:\/\/dev6.erresse-shop.it\/#website\"},\"primaryImageOfPage\":{\"@id\":\"https:\/\/dev6.erresse-shop.it\/fr\/shop\/petits-electromenagers\/robots-de-cuisine\/ninja-gril-et-friteuse-foodi-max\/#primaryimage\"},\"image\":{\"@id\":\"https:\/\/dev6.erresse-shop.it\/fr\/shop\/petits-electromenagers\/robots-de-cuisine\/ninja-gril-et-friteuse-foodi-max\/#primaryimage\"},\"thumbnailUrl\":\"https:\/\/i2.wp.com\/interpim.erresse-shop.it\/img-catalogo\/ninja\/ninja-griglia-e-friggitrice-ad-aria-ninja-foodi-max-ag551eu.png?ssl=1\",\"datePublished\":\"2026-04-04T08:32:29+00:00\",\"description\":\"Air grill et air fryer avec 6 fonctions de cuisson : air frying, baking, roasting, heating, drying et grilling. Syst\u00e8me Smart Cook avec sonde num\u00e9rique.\",\"breadcrumb\":{\"@id\":\"https:\/\/dev6.erresse-shop.it\/fr\/shop\/petits-electromenagers\/robots-de-cuisine\/ninja-gril-et-friteuse-foodi-max\/#breadcrumb\"},\"inLanguage\":\"fr-FR\",\"potentialAction\":[{\"@type\":\"ReadAction\",\"target\":[\"https:\/\/dev6.erresse-shop.it\/fr\/shop\/petits-electromenagers\/robots-de-cuisine\/ninja-gril-et-friteuse-foodi-max\/\"]}]},{\"@type\":\"ImageObject\",\"inLanguage\":\"fr-FR\",\"@id\":\"https:\/\/dev6.erresse-shop.it\/fr\/shop\/petits-electromenagers\/robots-de-cuisine\/ninja-gril-et-friteuse-foodi-max\/#primaryimage\",\"url\":\"https:\/\/i2.wp.com\/interpim.erresse-shop.it\/img-catalogo\/ninja\/ninja-griglia-e-friggitrice-ad-aria-ninja-foodi-max-ag551eu.png?ssl=1\",\"contentUrl\":\"https:\/\/i2.wp.com\/interpim.erresse-shop.it\/img-catalogo\/ninja\/ninja-griglia-e-friggitrice-ad-aria-ninja-foodi-max-ag551eu.png?ssl=1\"},{\"@type\":\"BreadcrumbList\",\"@id\":\"https:\/\/dev6.erresse-shop.it\/fr\/shop\/petits-electromenagers\/robots-de-cuisine\/ninja-gril-et-friteuse-foodi-max\/#breadcrumb\",\"itemListElement\":[{\"@type\":\"ListItem\",\"position\":1,\"name\":\"Home\",\"item\":\"https:\/\/dev6.erresse-shop.it\/\"},{\"@type\":\"ListItem\",\"position\":2,\"name\":\"Boutique\",\"item\":\"https:\/\/dev6.erresse-shop.it\/shop\/\"},{\"@type\":\"ListItem\",\"position\":3,\"name\":\"NINJA Gril et friteuse Foodi Max\"}]},{\"@type\":\"WebSite\",\"@id\":\"https:\/\/dev6.erresse-shop.it\/#website\",\"url\":\"https:\/\/dev6.erresse-shop.it\/\",\"name\":\"Erresse Shop\",\"description\":\"\",\"publisher\":{\"@id\":\"https:\/\/dev6.erresse-shop.it\/#organization\"},\"potentialAction\":[{\"@type\":\"SearchAction\",\"target\":{\"@type\":\"EntryPoint\",\"urlTemplate\":\"https:\/\/dev6.erresse-shop.it\/?s={search_term_string}\"},\"query-input\":{\"@type\":\"PropertyValueSpecification\",\"valueRequired\":true,\"valueName\":\"search_term_string\"}}],\"inLanguage\":\"fr-FR\"},{\"@type\":\"Organization\",\"@id\":\"https:\/\/dev6.erresse-shop.it\/#organization\",\"name\":\"Erresse Shop\",\"url\":\"https:\/\/dev6.erresse-shop.it\/\",\"logo\":{\"@type\":\"ImageObject\",\"inLanguage\":\"fr-FR\",\"@id\":\"https:\/\/dev6.erresse-shop.it\/#\/schema\/logo\/image\/\",\"url\":\"https:\/\/dev6.erresse-shop.it\/wp-content\/uploads\/2025\/01\/LOGO-ERRESSE-CLASSICO.svg\",\"contentUrl\":\"https:\/\/dev6.erresse-shop.it\/wp-content\/uploads\/2025\/01\/LOGO-ERRESSE-CLASSICO.svg\",\"caption\":\"Erresse Shop\"},\"image\":{\"@id\":\"https:\/\/dev6.erresse-shop.it\/#\/schema\/logo\/image\/\"}}]}<\/script>\n<!-- \/ Yoast SEO plugin. -->","yoast_head_json":{"title":"NINJA Gril et friteuse Foodi Max - dev6 Erresse","description":"Air grill et air fryer avec 6 fonctions de cuisson : air frying, baking, roasting, heating, drying et grilling. Syst\u00e8me Smart Cook avec sonde num\u00e9rique.","robots":{"index":"noindex","follow":"follow","max-snippet":"max-snippet:-1","max-image-preview":"max-image-preview:large","max-video-preview":"max-video-preview:-1"},"og_locale":"fr_FR","og_type":"article","og_title":"NINJA Gril et friteuse Foodi Max - dev6 Erresse","og_description":"Air grill et air fryer avec 6 fonctions de cuisson : air frying, baking, roasting, heating, drying et grilling. Syst\u00e8me Smart Cook avec sonde num\u00e9rique.","og_url":"https:\/\/dev6.erresse-shop.it\/fr\/shop\/petits-electromenagers\/robots-de-cuisine\/ninja-gril-et-friteuse-foodi-max\/","og_site_name":"dev6 Erresse","og_image":[{"url":"https:\/\/interpim.erresse-shop.it\/img-catalogo\/ninja\/ninja-griglia-e-friggitrice-ad-aria-ninja-foodi-max-ag551eu.png","type":"","width":"","height":""},{"url":"https:\/\/interpim.erresse-shop.it\/img-catalogo\/ninja\/ninja-griglia-e-friggitrice-ad-aria-ninja-foodi-max-ag551eu.png","width":1024,"height":1024,"type":"image\/jpeg"}],"twitter_card":"summary_large_image","twitter_image":"https:\/\/interpim.erresse-shop.it\/img-catalogo\/ninja\/ninja-griglia-e-friggitrice-ad-aria-ninja-foodi-max-ag551eu.png","schema":{"@context":"https:\/\/schema.org","@graph":[{"@type":"WebPage","@id":"https:\/\/dev6.erresse-shop.it\/fr\/shop\/petits-electromenagers\/robots-de-cuisine\/ninja-gril-et-friteuse-foodi-max\/","url":"https:\/\/dev6.erresse-shop.it\/fr\/shop\/petits-electromenagers\/robots-de-cuisine\/ninja-gril-et-friteuse-foodi-max\/","name":"NINJA Gril et friteuse Foodi Max - dev6 Erresse","isPartOf":{"@id":"https:\/\/dev6.erresse-shop.it\/#website"},"primaryImageOfPage":{"@id":"https:\/\/dev6.erresse-shop.it\/fr\/shop\/petits-electromenagers\/robots-de-cuisine\/ninja-gril-et-friteuse-foodi-max\/#primaryimage"},"image":{"@id":"https:\/\/dev6.erresse-shop.it\/fr\/shop\/petits-electromenagers\/robots-de-cuisine\/ninja-gril-et-friteuse-foodi-max\/#primaryimage"},"thumbnailUrl":"https:\/\/i2.wp.com\/interpim.erresse-shop.it\/img-catalogo\/ninja\/ninja-griglia-e-friggitrice-ad-aria-ninja-foodi-max-ag551eu.png?ssl=1","datePublished":"2026-04-04T08:32:29+00:00","description":"Air grill et air fryer avec 6 fonctions de cuisson : air frying, baking, roasting, heating, drying et grilling. Syst\u00e8me Smart Cook avec sonde num\u00e9rique.","breadcrumb":{"@id":"https:\/\/dev6.erresse-shop.it\/fr\/shop\/petits-electromenagers\/robots-de-cuisine\/ninja-gril-et-friteuse-foodi-max\/#breadcrumb"},"inLanguage":"fr-FR","potentialAction":[{"@type":"ReadAction","target":["https:\/\/dev6.erresse-shop.it\/fr\/shop\/petits-electromenagers\/robots-de-cuisine\/ninja-gril-et-friteuse-foodi-max\/"]}]},{"@type":"ImageObject","inLanguage":"fr-FR","@id":"https:\/\/dev6.erresse-shop.it\/fr\/shop\/petits-electromenagers\/robots-de-cuisine\/ninja-gril-et-friteuse-foodi-max\/#primaryimage","url":"https:\/\/i2.wp.com\/interpim.erresse-shop.it\/img-catalogo\/ninja\/ninja-griglia-e-friggitrice-ad-aria-ninja-foodi-max-ag551eu.png?ssl=1","contentUrl":"https:\/\/i2.wp.com\/interpim.erresse-shop.it\/img-catalogo\/ninja\/ninja-griglia-e-friggitrice-ad-aria-ninja-foodi-max-ag551eu.png?ssl=1"},{"@type":"BreadcrumbList","@id":"https:\/\/dev6.erresse-shop.it\/fr\/shop\/petits-electromenagers\/robots-de-cuisine\/ninja-gril-et-friteuse-foodi-max\/#breadcrumb","itemListElement":[{"@type":"ListItem","position":1,"name":"Home","item":"https:\/\/dev6.erresse-shop.it\/"},{"@type":"ListItem","position":2,"name":"Boutique","item":"https:\/\/dev6.erresse-shop.it\/shop\/"},{"@type":"ListItem","position":3,"name":"NINJA Gril et friteuse Foodi Max"}]},{"@type":"WebSite","@id":"https:\/\/dev6.erresse-shop.it\/#website","url":"https:\/\/dev6.erresse-shop.it\/","name":"Erresse Shop","description":"","publisher":{"@id":"https:\/\/dev6.erresse-shop.it\/#organization"},"potentialAction":[{"@type":"SearchAction","target":{"@type":"EntryPoint","urlTemplate":"https:\/\/dev6.erresse-shop.it\/?s={search_term_string}"},"query-input":{"@type":"PropertyValueSpecification","valueRequired":true,"valueName":"search_term_string"}}],"inLanguage":"fr-FR"},{"@type":"Organization","@id":"https:\/\/dev6.erresse-shop.it\/#organization","name":"Erresse Shop","url":"https:\/\/dev6.erresse-shop.it\/","logo":{"@type":"ImageObject","inLanguage":"fr-FR","@id":"https:\/\/dev6.erresse-shop.it\/#\/schema\/logo\/image\/","url":"https:\/\/dev6.erresse-shop.it\/wp-content\/uploads\/2025\/01\/LOGO-ERRESSE-CLASSICO.svg","contentUrl":"https:\/\/dev6.erresse-shop.it\/wp-content\/uploads\/2025\/01\/LOGO-ERRESSE-CLASSICO.svg","caption":"Erresse Shop"},"image":{"@id":"https:\/\/dev6.erresse-shop.it\/#\/schema\/logo\/image\/"}}]}},"df_price":279.99,"df_sale_price":"","df_regular_price":279.99,"df_image_link":"https:\/\/i2.wp.com\/interpim.erresse-shop.it\/img-catalogo\/ninja\/ninja-griglia-e-friggitrice-ad-aria-ninja-foodi-max-ag551eu.png?resize=300,300&ssl=1","fifu_image_url":"https:\/\/interpim.erresse-shop.it\/img-catalogo\/ninja\/ninja-griglia-e-friggitrice-ad-aria-ninja-foodi-max-ag551eu.png","_links":{"self":[{"href":"https:\/\/dev6.erresse-shop.it\/fr\/wp-json\/wp\/v2\/product\/63360","targetHints":{"allow":["GET"]}}],"collection":[{"href":"https:\/\/dev6.erresse-shop.it\/fr\/wp-json\/wp\/v2\/product"}],"about":[{"href":"https:\/\/dev6.erresse-shop.it\/fr\/wp-json\/wp\/v2\/types\/product"}],"wp:featuredmedia":[{"embeddable":true,"href":"https:\/\/dev6.erresse-shop.it\/fr\/wp-json\/wp\/v2\/media\/6283443"}],"wp:attachment":[{"href":"https:\/\/dev6.erresse-shop.it\/fr\/wp-json\/wp\/v2\/media?parent=63360"}],"wp:term":[{"taxonomy":"product_cat","embeddable":true,"href":"https:\/\/dev6.erresse-shop.it\/fr\/wp-json\/wp\/v2\/product_cat?post=63360"},{"taxonomy":"product_tag","embeddable":true,"href":"https:\/\/dev6.erresse-shop.it\/fr\/wp-json\/wp\/v2\/product_tag?post=63360"}],"curies":[{"name":"wp","href":"https:\/\/api.w.org\/{rel}","templated":true}]}}