{"id":63358,"date":"2026-04-04T10:32:29","date_gmt":"2026-04-04T08:32:29","guid":{"rendered":"https:\/\/dev6.erresse-shop.it\/shop\/non%20class\u00e9\/ninja-gril-et-friteuse-foodi\/"},"modified":"2025-07-04T17:41:34","modified_gmt":"2025-07-04T15:41:34","slug":"ninja-gril-et-friteuse-foodi","status":"publish","type":"product","link":"https:\/\/dev6.erresse-shop.it\/fr\/shop\/petits-electromenagers\/robots-de-cuisine\/ninja-gril-et-friteuse-foodi\/","title":{"rendered":"NINJA Gril et friteuse Foodi"},"content":{"rendered":"<p>Gril et friteuse \u00e0 air avec technologie Cyclonic Air pour faire circuler l\u2019air chaud jusqu\u2019\u00e0 265 \u00b0C. La plaque de cuisson \u00e0 temp\u00e9rature contr\u00f4l\u00e9e, la protection contre les \u00e9claboussures et la zone d\u2019air froid r\u00e9duisent les fum\u00e9es pendant la cuisson. 5 fonctions de cuisson personnalisables.<\/p>\n<p>Des steaks aux brochettes, faites griller vos plats pr\u00e9f\u00e9r\u00e9s avec des ingr\u00e9dients frais ou surgel\u00e9s rapidement et uniform\u00e9ment avec le gril et la friteuse Ninja Foodi, en utilisant peu ou pas d\u2019huile ajout\u00e9e.<\/p>\n<p>Profitez de grillades dignes d\u2019un chef gr\u00e2ce \u00e0 la technologie Cyclonic Air et \u00e0 des temp\u00e9ratures allant jusqu\u2019\u00e0 265 \u00b0C. Servez des aliments frits d\u00e9licieux mais beaucoup plus l\u00e9gers avec la friteuse \u00e0 air. Pr\u00e9parez de d\u00e9licieux en-cas et des repas complets avec le r\u00f4tissage et la cuisson au four ou avec le s\u00e9choir.<\/p>\n<p>FICHE TECHNIQUE :<\/p>\n<p>Poids du produit : 8,1 kg<\/p>\n<p>Dimensions du produit (cm) : 23,5 x 35,6 x 45 cm<\/p>\n<p>Puissance nominale : 1750W<\/p>\n<p>Nombre de vitesses : 5<\/p>\n<p>Garantie : 2 ans<\/p>\n<p>Composants compatibles avec le lave-vaisselle : Oui<\/p>\n<p>Longueur du c\u00e2ble : 0,9 m<\/p>\n<p>Sans BPA : Oui<\/p>\n<p>Pieds antid\u00e9rapants : Oui<\/p>\n<p>Capacit\u00e9 : 5.8 L<\/p>\n<p>Minuterie : Oui<\/p>\n<p>CONTIENT :<\/p>\n<p>1 gril<\/p>\n<p>1 marmite avec rev\u00eatement c\u00e9ramique<\/p>\n<p>1 panier \u00e0 frire \u00e0 rev\u00eatement c\u00e9ramique<\/p>\n<p>1 grille \u00e0 rev\u00eatement c\u00e9ramique<\/p>\n<p>1 brosse de nettoyage avec grattoir<\/p>\n<p>1 protection contre les \u00e9claboussures<\/p>\n<p>Mode d\u2019emploi<\/p>\n<p>Guide de recettes<\/p>\n<p>Guide rapide<\/p>\n<p>Non disponible \u00e0 la vente en dehors de l\u2019Europe<\/p>\n","protected":false},"excerpt":{"rendered":"<p>Gril et friteuse \u00e0 air avec technologie Cyclonic Air pour faire circuler l\u2019air chaud jusqu\u2019\u00e0 265 \u00b0C. La plaque de cuisson \u00e0 temp\u00e9rature contr\u00f4l\u00e9e, la protection contre les \u00e9claboussures et la zone d\u2019air froid r\u00e9duisent les fum\u00e9es pendant la cuisson. 5 fonctions de cuisson personnalisables. Des steaks aux brochettes, faites griller vos plats pr\u00e9f\u00e9r\u00e9s avec [&hellip;]<\/p>\n","protected":false},"featured_media":6283437,"template":"","meta":{"_acf_changed":false},"product_cat":[12086,12055,12066],"product_tag":[],"class_list":{"0":"post-63358","1":"product","2":"type-product","3":"status-publish","4":"has-post-thumbnail","6":"product_cat-friteuses-a-air","7":"product_cat-petits-electromenagers","8":"product_cat-robots-de-cuisine","10":"first","11":"instock","12":"taxable","13":"shipping-taxable","14":"purchasable","15":"product-type-simple","swatches":"rey-swatches","show_selected":"","stretch_labels":"rey-swatches--stretch-labels"},"acf":[],"yoast_head":"<!-- This site is optimized with the Yoast SEO plugin v25.4 - https:\/\/yoast.com\/wordpress\/plugins\/seo\/ -->\n<title>NINJA Gril et friteuse Foodi - dev6 Erresse<\/title>\n<meta name=\"description\" content=\"Gril et friteuse \u00e0 air avec technologie Cyclonic Air pour faire circuler l\u2019air chaud jusqu\u2019\u00e0 265 \u00b0C. La plaque de cuisson \u00e0 temp\u00e9rature contr\u00f4l\u00e9e, la\" \/>\n<meta name=\"robots\" content=\"noindex, follow, max-snippet:-1, max-image-preview:large, max-video-preview:-1\" \/>\n<meta property=\"og:locale\" content=\"fr_FR\" \/>\n<meta property=\"og:type\" content=\"article\" \/>\n<meta property=\"og:title\" content=\"NINJA Gril et friteuse Foodi - dev6 Erresse\" \/>\n<meta property=\"og:description\" content=\"Gril et friteuse \u00e0 air avec technologie Cyclonic Air pour faire circuler l\u2019air chaud jusqu\u2019\u00e0 265 \u00b0C. La plaque de cuisson \u00e0 temp\u00e9rature contr\u00f4l\u00e9e, la\" \/>\n<meta property=\"og:url\" content=\"https:\/\/dev6.erresse-shop.it\/fr\/shop\/petits-electromenagers\/robots-de-cuisine\/ninja-gril-et-friteuse-foodi\/\" \/>\n<meta property=\"og:site_name\" content=\"dev6 Erresse\" \/>\n<meta property=\"og:image\" content=\"https:\/\/interpim.erresse-shop.it\/Import\/Prodotti\/ninja-foodi-griglia-e-friggitrice-ad-aria.jpg\" \/><meta property=\"og:image\" content=\"https:\/\/interpim.erresse-shop.it\/Import\/Prodotti\/ninja-foodi-griglia-e-friggitrice-ad-aria.jpg\" \/>\n\t<meta property=\"og:image:width\" content=\"1024\" \/>\n\t<meta property=\"og:image:height\" content=\"1024\" \/>\n\t<meta property=\"og:image:type\" content=\"image\/jpeg\" \/>\n<meta name=\"twitter:card\" content=\"summary_large_image\" \/>\n<meta name=\"twitter:image\" content=\"https:\/\/interpim.erresse-shop.it\/Import\/Prodotti\/ninja-foodi-griglia-e-friggitrice-ad-aria.jpg\" \/>\n<script type=\"application\/ld+json\" class=\"yoast-schema-graph\">{\"@context\":\"https:\/\/schema.org\",\"@graph\":[{\"@type\":\"WebPage\",\"@id\":\"https:\/\/dev6.erresse-shop.it\/fr\/shop\/petits-electromenagers\/robots-de-cuisine\/ninja-gril-et-friteuse-foodi\/\",\"url\":\"https:\/\/dev6.erresse-shop.it\/fr\/shop\/petits-electromenagers\/robots-de-cuisine\/ninja-gril-et-friteuse-foodi\/\",\"name\":\"NINJA Gril et friteuse Foodi - dev6 Erresse\",\"isPartOf\":{\"@id\":\"https:\/\/dev6.erresse-shop.it\/#website\"},\"primaryImageOfPage\":{\"@id\":\"https:\/\/dev6.erresse-shop.it\/fr\/shop\/petits-electromenagers\/robots-de-cuisine\/ninja-gril-et-friteuse-foodi\/#primaryimage\"},\"image\":{\"@id\":\"https:\/\/dev6.erresse-shop.it\/fr\/shop\/petits-electromenagers\/robots-de-cuisine\/ninja-gril-et-friteuse-foodi\/#primaryimage\"},\"thumbnailUrl\":\"https:\/\/i0.wp.com\/interpim.erresse-shop.it\/Import\/Prodotti\/ninja-foodi-griglia-e-friggitrice-ad-aria.jpg?ssl=1\",\"datePublished\":\"2026-04-04T08:32:29+00:00\",\"description\":\"Gril et friteuse \u00e0 air avec technologie Cyclonic Air pour faire circuler l\u2019air chaud jusqu\u2019\u00e0 265 \u00b0C. La plaque de cuisson \u00e0 temp\u00e9rature contr\u00f4l\u00e9e, la\",\"breadcrumb\":{\"@id\":\"https:\/\/dev6.erresse-shop.it\/fr\/shop\/petits-electromenagers\/robots-de-cuisine\/ninja-gril-et-friteuse-foodi\/#breadcrumb\"},\"inLanguage\":\"fr-FR\",\"potentialAction\":[{\"@type\":\"ReadAction\",\"target\":[\"https:\/\/dev6.erresse-shop.it\/fr\/shop\/petits-electromenagers\/robots-de-cuisine\/ninja-gril-et-friteuse-foodi\/\"]}]},{\"@type\":\"ImageObject\",\"inLanguage\":\"fr-FR\",\"@id\":\"https:\/\/dev6.erresse-shop.it\/fr\/shop\/petits-electromenagers\/robots-de-cuisine\/ninja-gril-et-friteuse-foodi\/#primaryimage\",\"url\":\"https:\/\/i0.wp.com\/interpim.erresse-shop.it\/Import\/Prodotti\/ninja-foodi-griglia-e-friggitrice-ad-aria.jpg?ssl=1\",\"contentUrl\":\"https:\/\/i0.wp.com\/interpim.erresse-shop.it\/Import\/Prodotti\/ninja-foodi-griglia-e-friggitrice-ad-aria.jpg?ssl=1\"},{\"@type\":\"BreadcrumbList\",\"@id\":\"https:\/\/dev6.erresse-shop.it\/fr\/shop\/petits-electromenagers\/robots-de-cuisine\/ninja-gril-et-friteuse-foodi\/#breadcrumb\",\"itemListElement\":[{\"@type\":\"ListItem\",\"position\":1,\"name\":\"Home\",\"item\":\"https:\/\/dev6.erresse-shop.it\/\"},{\"@type\":\"ListItem\",\"position\":2,\"name\":\"Boutique\",\"item\":\"https:\/\/dev6.erresse-shop.it\/shop\/\"},{\"@type\":\"ListItem\",\"position\":3,\"name\":\"NINJA Gril et friteuse Foodi\"}]},{\"@type\":\"WebSite\",\"@id\":\"https:\/\/dev6.erresse-shop.it\/#website\",\"url\":\"https:\/\/dev6.erresse-shop.it\/\",\"name\":\"Erresse Shop\",\"description\":\"\",\"publisher\":{\"@id\":\"https:\/\/dev6.erresse-shop.it\/#organization\"},\"potentialAction\":[{\"@type\":\"SearchAction\",\"target\":{\"@type\":\"EntryPoint\",\"urlTemplate\":\"https:\/\/dev6.erresse-shop.it\/?s={search_term_string}\"},\"query-input\":{\"@type\":\"PropertyValueSpecification\",\"valueRequired\":true,\"valueName\":\"search_term_string\"}}],\"inLanguage\":\"fr-FR\"},{\"@type\":\"Organization\",\"@id\":\"https:\/\/dev6.erresse-shop.it\/#organization\",\"name\":\"Erresse Shop\",\"url\":\"https:\/\/dev6.erresse-shop.it\/\",\"logo\":{\"@type\":\"ImageObject\",\"inLanguage\":\"fr-FR\",\"@id\":\"https:\/\/dev6.erresse-shop.it\/#\/schema\/logo\/image\/\",\"url\":\"https:\/\/dev6.erresse-shop.it\/wp-content\/uploads\/2025\/01\/LOGO-ERRESSE-CLASSICO.svg\",\"contentUrl\":\"https:\/\/dev6.erresse-shop.it\/wp-content\/uploads\/2025\/01\/LOGO-ERRESSE-CLASSICO.svg\",\"caption\":\"Erresse Shop\"},\"image\":{\"@id\":\"https:\/\/dev6.erresse-shop.it\/#\/schema\/logo\/image\/\"}}]}<\/script>\n<!-- \/ Yoast SEO plugin. -->","yoast_head_json":{"title":"NINJA Gril et friteuse Foodi - dev6 Erresse","description":"Gril et friteuse \u00e0 air avec technologie Cyclonic Air pour faire circuler l\u2019air chaud jusqu\u2019\u00e0 265 \u00b0C. La plaque de cuisson \u00e0 temp\u00e9rature contr\u00f4l\u00e9e, la","robots":{"index":"noindex","follow":"follow","max-snippet":"max-snippet:-1","max-image-preview":"max-image-preview:large","max-video-preview":"max-video-preview:-1"},"og_locale":"fr_FR","og_type":"article","og_title":"NINJA Gril et friteuse Foodi - dev6 Erresse","og_description":"Gril et friteuse \u00e0 air avec technologie Cyclonic Air pour faire circuler l\u2019air chaud jusqu\u2019\u00e0 265 \u00b0C. La plaque de cuisson \u00e0 temp\u00e9rature contr\u00f4l\u00e9e, la","og_url":"https:\/\/dev6.erresse-shop.it\/fr\/shop\/petits-electromenagers\/robots-de-cuisine\/ninja-gril-et-friteuse-foodi\/","og_site_name":"dev6 Erresse","og_image":[{"url":"https:\/\/interpim.erresse-shop.it\/Import\/Prodotti\/ninja-foodi-griglia-e-friggitrice-ad-aria.jpg","type":"","width":"","height":""},{"url":"https:\/\/interpim.erresse-shop.it\/Import\/Prodotti\/ninja-foodi-griglia-e-friggitrice-ad-aria.jpg","width":1024,"height":1024,"type":"image\/jpeg"}],"twitter_card":"summary_large_image","twitter_image":"https:\/\/interpim.erresse-shop.it\/Import\/Prodotti\/ninja-foodi-griglia-e-friggitrice-ad-aria.jpg","schema":{"@context":"https:\/\/schema.org","@graph":[{"@type":"WebPage","@id":"https:\/\/dev6.erresse-shop.it\/fr\/shop\/petits-electromenagers\/robots-de-cuisine\/ninja-gril-et-friteuse-foodi\/","url":"https:\/\/dev6.erresse-shop.it\/fr\/shop\/petits-electromenagers\/robots-de-cuisine\/ninja-gril-et-friteuse-foodi\/","name":"NINJA Gril et friteuse Foodi - dev6 Erresse","isPartOf":{"@id":"https:\/\/dev6.erresse-shop.it\/#website"},"primaryImageOfPage":{"@id":"https:\/\/dev6.erresse-shop.it\/fr\/shop\/petits-electromenagers\/robots-de-cuisine\/ninja-gril-et-friteuse-foodi\/#primaryimage"},"image":{"@id":"https:\/\/dev6.erresse-shop.it\/fr\/shop\/petits-electromenagers\/robots-de-cuisine\/ninja-gril-et-friteuse-foodi\/#primaryimage"},"thumbnailUrl":"https:\/\/i0.wp.com\/interpim.erresse-shop.it\/Import\/Prodotti\/ninja-foodi-griglia-e-friggitrice-ad-aria.jpg?ssl=1","datePublished":"2026-04-04T08:32:29+00:00","description":"Gril et friteuse \u00e0 air avec technologie Cyclonic Air pour faire circuler l\u2019air chaud jusqu\u2019\u00e0 265 \u00b0C. La plaque de cuisson \u00e0 temp\u00e9rature contr\u00f4l\u00e9e, la","breadcrumb":{"@id":"https:\/\/dev6.erresse-shop.it\/fr\/shop\/petits-electromenagers\/robots-de-cuisine\/ninja-gril-et-friteuse-foodi\/#breadcrumb"},"inLanguage":"fr-FR","potentialAction":[{"@type":"ReadAction","target":["https:\/\/dev6.erresse-shop.it\/fr\/shop\/petits-electromenagers\/robots-de-cuisine\/ninja-gril-et-friteuse-foodi\/"]}]},{"@type":"ImageObject","inLanguage":"fr-FR","@id":"https:\/\/dev6.erresse-shop.it\/fr\/shop\/petits-electromenagers\/robots-de-cuisine\/ninja-gril-et-friteuse-foodi\/#primaryimage","url":"https:\/\/i0.wp.com\/interpim.erresse-shop.it\/Import\/Prodotti\/ninja-foodi-griglia-e-friggitrice-ad-aria.jpg?ssl=1","contentUrl":"https:\/\/i0.wp.com\/interpim.erresse-shop.it\/Import\/Prodotti\/ninja-foodi-griglia-e-friggitrice-ad-aria.jpg?ssl=1"},{"@type":"BreadcrumbList","@id":"https:\/\/dev6.erresse-shop.it\/fr\/shop\/petits-electromenagers\/robots-de-cuisine\/ninja-gril-et-friteuse-foodi\/#breadcrumb","itemListElement":[{"@type":"ListItem","position":1,"name":"Home","item":"https:\/\/dev6.erresse-shop.it\/"},{"@type":"ListItem","position":2,"name":"Boutique","item":"https:\/\/dev6.erresse-shop.it\/shop\/"},{"@type":"ListItem","position":3,"name":"NINJA Gril et friteuse Foodi"}]},{"@type":"WebSite","@id":"https:\/\/dev6.erresse-shop.it\/#website","url":"https:\/\/dev6.erresse-shop.it\/","name":"Erresse Shop","description":"","publisher":{"@id":"https:\/\/dev6.erresse-shop.it\/#organization"},"potentialAction":[{"@type":"SearchAction","target":{"@type":"EntryPoint","urlTemplate":"https:\/\/dev6.erresse-shop.it\/?s={search_term_string}"},"query-input":{"@type":"PropertyValueSpecification","valueRequired":true,"valueName":"search_term_string"}}],"inLanguage":"fr-FR"},{"@type":"Organization","@id":"https:\/\/dev6.erresse-shop.it\/#organization","name":"Erresse Shop","url":"https:\/\/dev6.erresse-shop.it\/","logo":{"@type":"ImageObject","inLanguage":"fr-FR","@id":"https:\/\/dev6.erresse-shop.it\/#\/schema\/logo\/image\/","url":"https:\/\/dev6.erresse-shop.it\/wp-content\/uploads\/2025\/01\/LOGO-ERRESSE-CLASSICO.svg","contentUrl":"https:\/\/dev6.erresse-shop.it\/wp-content\/uploads\/2025\/01\/LOGO-ERRESSE-CLASSICO.svg","caption":"Erresse Shop"},"image":{"@id":"https:\/\/dev6.erresse-shop.it\/#\/schema\/logo\/image\/"}}]}},"df_price":229.99,"df_sale_price":"","df_regular_price":229.99,"df_image_link":"https:\/\/i0.wp.com\/interpim.erresse-shop.it\/Import\/Prodotti\/ninja-foodi-griglia-e-friggitrice-ad-aria.jpg?resize=300,300&ssl=1","fifu_image_url":"https:\/\/interpim.erresse-shop.it\/Import\/Prodotti\/ninja-foodi-griglia-e-friggitrice-ad-aria.jpg","_links":{"self":[{"href":"https:\/\/dev6.erresse-shop.it\/fr\/wp-json\/wp\/v2\/product\/63358","targetHints":{"allow":["GET"]}}],"collection":[{"href":"https:\/\/dev6.erresse-shop.it\/fr\/wp-json\/wp\/v2\/product"}],"about":[{"href":"https:\/\/dev6.erresse-shop.it\/fr\/wp-json\/wp\/v2\/types\/product"}],"wp:featuredmedia":[{"embeddable":true,"href":"https:\/\/dev6.erresse-shop.it\/fr\/wp-json\/wp\/v2\/media\/6283437"}],"wp:attachment":[{"href":"https:\/\/dev6.erresse-shop.it\/fr\/wp-json\/wp\/v2\/media?parent=63358"}],"wp:term":[{"taxonomy":"product_cat","embeddable":true,"href":"https:\/\/dev6.erresse-shop.it\/fr\/wp-json\/wp\/v2\/product_cat?post=63358"},{"taxonomy":"product_tag","embeddable":true,"href":"https:\/\/dev6.erresse-shop.it\/fr\/wp-json\/wp\/v2\/product_tag?post=63358"}],"curies":[{"name":"wp","href":"https:\/\/api.w.org\/{rel}","templated":true}]}}