{"id":63334,"date":"2026-04-12T10:33:22","date_gmt":"2026-04-12T08:33:22","guid":{"rendered":"https:\/\/dev6.erresse-shop.it\/shop\/non%20class\u00e9\/mauviel-1830-poele-a-frire-12-cm\/"},"modified":"2025-07-04T17:40:58","modified_gmt":"2025-07-04T15:40:58","slug":"mauviel-1830-poele-a-frire-12-cm","status":"publish","type":"product","link":"https:\/\/dev6.erresse-shop.it\/fr\/shop\/poeles-pots\/mauviel-1830-poele-a-frire-12-cm\/","title":{"rendered":"MAUVIEL 1830 Po\u00eale \u00e0 frire 12 cm"},"content":{"rendered":"<p>Po\u00eale \u00e0 frire en acier inoxydable cuivr\u00e9 avec cadre en acier inoxydable moul\u00e9 de la collection M\u2019MINIS.<\/p>\n<p>Diam\u00e8tre 12 cm.<\/p>\n<p>Pour les repas festifs ou individuels, en inox ou en cuivre, la collection M\u2019MINIS se d\u00e9cline selon vos go\u00fbts. Destin\u00e9es au service en salle et appr\u00e9ci\u00e9es des restaurateurs, elles sont parfaites pour pr\u00e9senter des plats individuels ou des sauces.<\/p>\n<p>Utilisation:<\/p>\n<p>Tous feux sauf induction \u2013 Compatible four \u2013 Ne passe pas au lave-vaisselle<\/p>\n<p>Tous les produits sont fabriqu\u00e9s en Normandie \u00e0 Villedieu-les-Po\u00eales.<\/p>\n","protected":false},"excerpt":{"rendered":"<p>Po\u00eale \u00e0 frire en acier inoxydable cuivr\u00e9 avec cadre en acier inoxydable moul\u00e9 de la collection M\u2019MINIS. Diam\u00e8tre 12 cm. Pour les repas festifs ou individuels, en inox ou en cuivre, la collection M\u2019MINIS se d\u00e9cline selon vos go\u00fbts. Destin\u00e9es au service en salle et appr\u00e9ci\u00e9es des restaurateurs, elles sont parfaites pour pr\u00e9senter des plats [&hellip;]<\/p>\n","protected":false},"featured_media":6366684,"template":"","meta":{"_acf_changed":false},"product_cat":[11991],"product_tag":[],"class_list":{"0":"post-63334","1":"product","2":"type-product","3":"status-publish","4":"has-post-thumbnail","6":"product_cat-poeles-pots","8":"first","9":"instock","10":"taxable","11":"shipping-taxable","12":"product-type-simple","swatches":"rey-swatches","show_selected":"","stretch_labels":"rey-swatches--stretch-labels"},"acf":[],"yoast_head":"<!-- This site is optimized with the Yoast SEO plugin v25.4 - https:\/\/yoast.com\/wordpress\/plugins\/seo\/ -->\n<title>MAUVIEL 1830 Po\u00eale \u00e0 frire 12 cm - dev6 Erresse<\/title>\n<meta name=\"description\" content=\"Po\u00eale \u00e0 frire en acier inoxydable cuivr\u00e9 avec cadre en acier inoxydable moul\u00e9 de la collection M\u2019MINIS. Diam\u00e8tre 12 cm. Pour les repas festifs ou\" \/>\n<meta name=\"robots\" content=\"noindex, follow, max-snippet:-1, max-image-preview:large, max-video-preview:-1\" \/>\n<meta property=\"og:locale\" content=\"fr_FR\" \/>\n<meta property=\"og:type\" content=\"article\" \/>\n<meta property=\"og:title\" content=\"MAUVIEL 1830 Po\u00eale \u00e0 frire 12 cm - dev6 Erresse\" \/>\n<meta property=\"og:description\" content=\"Po\u00eale \u00e0 frire en acier inoxydable cuivr\u00e9 avec cadre en acier inoxydable moul\u00e9 de la collection M\u2019MINIS. Diam\u00e8tre 12 cm. Pour les repas festifs ou\" \/>\n<meta property=\"og:url\" content=\"https:\/\/dev6.erresse-shop.it\/fr\/shop\/poeles-pots\/mauviel-1830-poele-a-frire-12-cm\/\" \/>\n<meta property=\"og:site_name\" content=\"dev6 Erresse\" \/>\n<meta property=\"og:image\" content=\"https:\/\/interpim.erresse-shop.it\/Import\/Prodotti\/mauviel1830-minis-150-b-padellina-12-cm-rame-acciaio.png\" \/><meta property=\"og:image\" content=\"https:\/\/interpim.erresse-shop.it\/Import\/Prodotti\/mauviel1830-minis-150-b-padellina-12-cm-rame-acciaio.png\" \/>\n\t<meta property=\"og:image:width\" content=\"1024\" \/>\n\t<meta property=\"og:image:height\" content=\"1024\" \/>\n\t<meta property=\"og:image:type\" content=\"image\/jpeg\" \/>\n<meta name=\"twitter:card\" content=\"summary_large_image\" \/>\n<meta name=\"twitter:image\" content=\"https:\/\/interpim.erresse-shop.it\/Import\/Prodotti\/mauviel1830-minis-150-b-padellina-12-cm-rame-acciaio.png\" \/>\n<script type=\"application\/ld+json\" class=\"yoast-schema-graph\">{\"@context\":\"https:\/\/schema.org\",\"@graph\":[{\"@type\":\"WebPage\",\"@id\":\"https:\/\/dev6.erresse-shop.it\/fr\/shop\/poeles-pots\/mauviel-1830-poele-a-frire-12-cm\/\",\"url\":\"https:\/\/dev6.erresse-shop.it\/fr\/shop\/poeles-pots\/mauviel-1830-poele-a-frire-12-cm\/\",\"name\":\"MAUVIEL 1830 Po\u00eale \u00e0 frire 12 cm - dev6 Erresse\",\"isPartOf\":{\"@id\":\"https:\/\/dev6.erresse-shop.it\/#website\"},\"primaryImageOfPage\":{\"@id\":\"https:\/\/dev6.erresse-shop.it\/fr\/shop\/poeles-pots\/mauviel-1830-poele-a-frire-12-cm\/#primaryimage\"},\"image\":{\"@id\":\"https:\/\/dev6.erresse-shop.it\/fr\/shop\/poeles-pots\/mauviel-1830-poele-a-frire-12-cm\/#primaryimage\"},\"thumbnailUrl\":\"https:\/\/i0.wp.com\/interpim.erresse-shop.it\/Import\/Prodotti\/mauviel1830-minis-150-b-padellina-12-cm-rame-acciaio.png?ssl=1\",\"datePublished\":\"2026-04-12T08:33:22+00:00\",\"description\":\"Po\u00eale \u00e0 frire en acier inoxydable cuivr\u00e9 avec cadre en acier inoxydable moul\u00e9 de la collection M\u2019MINIS. Diam\u00e8tre 12 cm. Pour les repas festifs ou\",\"breadcrumb\":{\"@id\":\"https:\/\/dev6.erresse-shop.it\/fr\/shop\/poeles-pots\/mauviel-1830-poele-a-frire-12-cm\/#breadcrumb\"},\"inLanguage\":\"fr-FR\",\"potentialAction\":[{\"@type\":\"ReadAction\",\"target\":[\"https:\/\/dev6.erresse-shop.it\/fr\/shop\/poeles-pots\/mauviel-1830-poele-a-frire-12-cm\/\"]}]},{\"@type\":\"ImageObject\",\"inLanguage\":\"fr-FR\",\"@id\":\"https:\/\/dev6.erresse-shop.it\/fr\/shop\/poeles-pots\/mauviel-1830-poele-a-frire-12-cm\/#primaryimage\",\"url\":\"https:\/\/i0.wp.com\/interpim.erresse-shop.it\/Import\/Prodotti\/mauviel1830-minis-150-b-padellina-12-cm-rame-acciaio.png?ssl=1\",\"contentUrl\":\"https:\/\/i0.wp.com\/interpim.erresse-shop.it\/Import\/Prodotti\/mauviel1830-minis-150-b-padellina-12-cm-rame-acciaio.png?ssl=1\"},{\"@type\":\"BreadcrumbList\",\"@id\":\"https:\/\/dev6.erresse-shop.it\/fr\/shop\/poeles-pots\/mauviel-1830-poele-a-frire-12-cm\/#breadcrumb\",\"itemListElement\":[{\"@type\":\"ListItem\",\"position\":1,\"name\":\"Home\",\"item\":\"https:\/\/dev6.erresse-shop.it\/\"},{\"@type\":\"ListItem\",\"position\":2,\"name\":\"Boutique\",\"item\":\"https:\/\/dev6.erresse-shop.it\/shop\/\"},{\"@type\":\"ListItem\",\"position\":3,\"name\":\"MAUVIEL 1830 Po\u00eale \u00e0 frire 12 cm\"}]},{\"@type\":\"WebSite\",\"@id\":\"https:\/\/dev6.erresse-shop.it\/#website\",\"url\":\"https:\/\/dev6.erresse-shop.it\/\",\"name\":\"Erresse Shop\",\"description\":\"\",\"publisher\":{\"@id\":\"https:\/\/dev6.erresse-shop.it\/#organization\"},\"potentialAction\":[{\"@type\":\"SearchAction\",\"target\":{\"@type\":\"EntryPoint\",\"urlTemplate\":\"https:\/\/dev6.erresse-shop.it\/?s={search_term_string}\"},\"query-input\":{\"@type\":\"PropertyValueSpecification\",\"valueRequired\":true,\"valueName\":\"search_term_string\"}}],\"inLanguage\":\"fr-FR\"},{\"@type\":\"Organization\",\"@id\":\"https:\/\/dev6.erresse-shop.it\/#organization\",\"name\":\"Erresse Shop\",\"url\":\"https:\/\/dev6.erresse-shop.it\/\",\"logo\":{\"@type\":\"ImageObject\",\"inLanguage\":\"fr-FR\",\"@id\":\"https:\/\/dev6.erresse-shop.it\/#\/schema\/logo\/image\/\",\"url\":\"https:\/\/dev6.erresse-shop.it\/wp-content\/uploads\/2025\/01\/LOGO-ERRESSE-CLASSICO.svg\",\"contentUrl\":\"https:\/\/dev6.erresse-shop.it\/wp-content\/uploads\/2025\/01\/LOGO-ERRESSE-CLASSICO.svg\",\"caption\":\"Erresse Shop\"},\"image\":{\"@id\":\"https:\/\/dev6.erresse-shop.it\/#\/schema\/logo\/image\/\"}}]}<\/script>\n<!-- \/ Yoast SEO plugin. -->","yoast_head_json":{"title":"MAUVIEL 1830 Po\u00eale \u00e0 frire 12 cm - dev6 Erresse","description":"Po\u00eale \u00e0 frire en acier inoxydable cuivr\u00e9 avec cadre en acier inoxydable moul\u00e9 de la collection M\u2019MINIS. Diam\u00e8tre 12 cm. Pour les repas festifs ou","robots":{"index":"noindex","follow":"follow","max-snippet":"max-snippet:-1","max-image-preview":"max-image-preview:large","max-video-preview":"max-video-preview:-1"},"og_locale":"fr_FR","og_type":"article","og_title":"MAUVIEL 1830 Po\u00eale \u00e0 frire 12 cm - dev6 Erresse","og_description":"Po\u00eale \u00e0 frire en acier inoxydable cuivr\u00e9 avec cadre en acier inoxydable moul\u00e9 de la collection M\u2019MINIS. Diam\u00e8tre 12 cm. Pour les repas festifs ou","og_url":"https:\/\/dev6.erresse-shop.it\/fr\/shop\/poeles-pots\/mauviel-1830-poele-a-frire-12-cm\/","og_site_name":"dev6 Erresse","og_image":[{"url":"https:\/\/interpim.erresse-shop.it\/Import\/Prodotti\/mauviel1830-minis-150-b-padellina-12-cm-rame-acciaio.png","type":"","width":"","height":""},{"url":"https:\/\/interpim.erresse-shop.it\/Import\/Prodotti\/mauviel1830-minis-150-b-padellina-12-cm-rame-acciaio.png","width":1024,"height":1024,"type":"image\/jpeg"}],"twitter_card":"summary_large_image","twitter_image":"https:\/\/interpim.erresse-shop.it\/Import\/Prodotti\/mauviel1830-minis-150-b-padellina-12-cm-rame-acciaio.png","schema":{"@context":"https:\/\/schema.org","@graph":[{"@type":"WebPage","@id":"https:\/\/dev6.erresse-shop.it\/fr\/shop\/poeles-pots\/mauviel-1830-poele-a-frire-12-cm\/","url":"https:\/\/dev6.erresse-shop.it\/fr\/shop\/poeles-pots\/mauviel-1830-poele-a-frire-12-cm\/","name":"MAUVIEL 1830 Po\u00eale \u00e0 frire 12 cm - dev6 Erresse","isPartOf":{"@id":"https:\/\/dev6.erresse-shop.it\/#website"},"primaryImageOfPage":{"@id":"https:\/\/dev6.erresse-shop.it\/fr\/shop\/poeles-pots\/mauviel-1830-poele-a-frire-12-cm\/#primaryimage"},"image":{"@id":"https:\/\/dev6.erresse-shop.it\/fr\/shop\/poeles-pots\/mauviel-1830-poele-a-frire-12-cm\/#primaryimage"},"thumbnailUrl":"https:\/\/i0.wp.com\/interpim.erresse-shop.it\/Import\/Prodotti\/mauviel1830-minis-150-b-padellina-12-cm-rame-acciaio.png?ssl=1","datePublished":"2026-04-12T08:33:22+00:00","description":"Po\u00eale \u00e0 frire en acier inoxydable cuivr\u00e9 avec cadre en acier inoxydable moul\u00e9 de la collection M\u2019MINIS. Diam\u00e8tre 12 cm. Pour les repas festifs ou","breadcrumb":{"@id":"https:\/\/dev6.erresse-shop.it\/fr\/shop\/poeles-pots\/mauviel-1830-poele-a-frire-12-cm\/#breadcrumb"},"inLanguage":"fr-FR","potentialAction":[{"@type":"ReadAction","target":["https:\/\/dev6.erresse-shop.it\/fr\/shop\/poeles-pots\/mauviel-1830-poele-a-frire-12-cm\/"]}]},{"@type":"ImageObject","inLanguage":"fr-FR","@id":"https:\/\/dev6.erresse-shop.it\/fr\/shop\/poeles-pots\/mauviel-1830-poele-a-frire-12-cm\/#primaryimage","url":"https:\/\/i0.wp.com\/interpim.erresse-shop.it\/Import\/Prodotti\/mauviel1830-minis-150-b-padellina-12-cm-rame-acciaio.png?ssl=1","contentUrl":"https:\/\/i0.wp.com\/interpim.erresse-shop.it\/Import\/Prodotti\/mauviel1830-minis-150-b-padellina-12-cm-rame-acciaio.png?ssl=1"},{"@type":"BreadcrumbList","@id":"https:\/\/dev6.erresse-shop.it\/fr\/shop\/poeles-pots\/mauviel-1830-poele-a-frire-12-cm\/#breadcrumb","itemListElement":[{"@type":"ListItem","position":1,"name":"Home","item":"https:\/\/dev6.erresse-shop.it\/"},{"@type":"ListItem","position":2,"name":"Boutique","item":"https:\/\/dev6.erresse-shop.it\/shop\/"},{"@type":"ListItem","position":3,"name":"MAUVIEL 1830 Po\u00eale \u00e0 frire 12 cm"}]},{"@type":"WebSite","@id":"https:\/\/dev6.erresse-shop.it\/#website","url":"https:\/\/dev6.erresse-shop.it\/","name":"Erresse Shop","description":"","publisher":{"@id":"https:\/\/dev6.erresse-shop.it\/#organization"},"potentialAction":[{"@type":"SearchAction","target":{"@type":"EntryPoint","urlTemplate":"https:\/\/dev6.erresse-shop.it\/?s={search_term_string}"},"query-input":{"@type":"PropertyValueSpecification","valueRequired":true,"valueName":"search_term_string"}}],"inLanguage":"fr-FR"},{"@type":"Organization","@id":"https:\/\/dev6.erresse-shop.it\/#organization","name":"Erresse Shop","url":"https:\/\/dev6.erresse-shop.it\/","logo":{"@type":"ImageObject","inLanguage":"fr-FR","@id":"https:\/\/dev6.erresse-shop.it\/#\/schema\/logo\/image\/","url":"https:\/\/dev6.erresse-shop.it\/wp-content\/uploads\/2025\/01\/LOGO-ERRESSE-CLASSICO.svg","contentUrl":"https:\/\/dev6.erresse-shop.it\/wp-content\/uploads\/2025\/01\/LOGO-ERRESSE-CLASSICO.svg","caption":"Erresse Shop"},"image":{"@id":"https:\/\/dev6.erresse-shop.it\/#\/schema\/logo\/image\/"}}]}},"df_price":"","df_sale_price":"","df_regular_price":"","df_image_link":"https:\/\/i0.wp.com\/interpim.erresse-shop.it\/Import\/Prodotti\/mauviel1830-minis-150-b-padellina-12-cm-rame-acciaio.png?resize=300,300&ssl=1","fifu_image_url":"https:\/\/interpim.erresse-shop.it\/Import\/Prodotti\/mauviel1830-minis-150-b-padellina-12-cm-rame-acciaio.png","_links":{"self":[{"href":"https:\/\/dev6.erresse-shop.it\/fr\/wp-json\/wp\/v2\/product\/63334","targetHints":{"allow":["GET"]}}],"collection":[{"href":"https:\/\/dev6.erresse-shop.it\/fr\/wp-json\/wp\/v2\/product"}],"about":[{"href":"https:\/\/dev6.erresse-shop.it\/fr\/wp-json\/wp\/v2\/types\/product"}],"wp:featuredmedia":[{"embeddable":true,"href":"https:\/\/dev6.erresse-shop.it\/fr\/wp-json\/wp\/v2\/media\/6366684"}],"wp:attachment":[{"href":"https:\/\/dev6.erresse-shop.it\/fr\/wp-json\/wp\/v2\/media?parent=63334"}],"wp:term":[{"taxonomy":"product_cat","embeddable":true,"href":"https:\/\/dev6.erresse-shop.it\/fr\/wp-json\/wp\/v2\/product_cat?post=63334"},{"taxonomy":"product_tag","embeddable":true,"href":"https:\/\/dev6.erresse-shop.it\/fr\/wp-json\/wp\/v2\/product_tag?post=63334"}],"curies":[{"name":"wp","href":"https:\/\/api.w.org\/{rel}","templated":true}]}}