{"id":63332,"date":"2026-04-04T10:30:46","date_gmt":"2026-04-04T08:30:46","guid":{"rendered":"https:\/\/dev6.erresse-shop.it\/shop\/non%20class\u00e9\/mauviel-1830-casserole-haute-a-1-poignee-24-cm\/"},"modified":"2025-07-04T17:40:55","modified_gmt":"2025-07-04T15:40:55","slug":"mauviel-1830-casserole-haute-a-1-poignee-24-cm","status":"publish","type":"product","link":"https:\/\/dev6.erresse-shop.it\/fr\/shop\/poeles-pots\/sauteuses-et-faitout\/mauviel-1830-casserole-haute-a-1-poignee-24-cm\/","title":{"rendered":"MAUVIEL 1830 Casserole haute \u00e0 1 poign\u00e9e 24 cm"},"content":{"rendered":"<p>La plaque \u00e0 sauter permet, comme son nom l\u2019indique, de \u201csauter\u201d les aliments. Cet ustensile de cuisine est \u00e0 mi-chemin entre la po\u00eale \u00e0 frire et la sauteuse. De forme cylindrique, sa hauteur est \u00e9gale au tiers de son diam\u00e8tre. Elle permet de faire suer les aliments, c\u2019est-\u00e0-dire de leur faire lib\u00e9rer leurs sucs en les chauffant pour en faire un corps gras. Les sauteuses sont pr\u00e9destin\u00e9es aux cuissons lentes ; par cons\u00e9quent, leur fond tr\u00e8s \u00e9pais assure une r\u00e9partition douce et homog\u00e8ne de la chaleur. Indispensables dans la cuisine.<\/p>\n<p>La collection M\u2019H\u00e9ritage est la fusion subtile de deux mat\u00e9riaux traditionnels et performants. Le cuivre poli associ\u00e9 \u00e0 l\u2019inox renouvelle le plaisir de cuisiner. Son int\u00e9rieur en acier inoxydable 18\/10 est id\u00e9al pour la cuisine de tous les jours. Le cuivre assure une excellente conduction de la chaleur de mani\u00e8re rapide et homog\u00e8ne, conf\u00e9rant \u00e0 la ligne une excellente qualit\u00e9 de cuisson. La collection, compos\u00e9e de 90 % de cuivre et de 10 % d\u2019acier inoxydable, est propos\u00e9e dans diff\u00e9rents cadres et en deux \u00e9paisseurs, afin que chacun puisse trouver l\u2019ustensile culinaire qui convient \u00e0 ses usages et \u00e0 ses go\u00fbts.<\/p>\n<p>CARACT\u00c9RISTIQUES TECHNIQUES :<\/p>\n<p>Diam\u00e8tre : 24 cm<\/p>\n<p>Hauteur : 7,5 cm<\/p>\n<p>Capacit\u00e9 : 3,3 L<\/p>\n<p>Dimensions : 49x29x17 cm<\/p>\n<p>Utilisation:<\/p>\n<p>Tous feux sauf induction \u2013 Compatible four \u2013 Ne passe pas au lave-vaisselle<\/p>\n<p>Tous les produits sont fabriqu\u00e9s en Normandie \u00e0 Villedieu-les-Po\u00eales.<\/p>\n","protected":false},"excerpt":{"rendered":"<p>La plaque \u00e0 sauter permet, comme son nom l\u2019indique, de \u201csauter\u201d les aliments. Cet ustensile de cuisine est \u00e0 mi-chemin entre la po\u00eale \u00e0 frire et la sauteuse. De forme cylindrique, sa hauteur est \u00e9gale au tiers de son diam\u00e8tre. Elle permet de faire suer les aliments, c\u2019est-\u00e0-dire de leur faire lib\u00e9rer leurs sucs en [&hellip;]<\/p>\n","protected":false},"featured_media":6283416,"template":"","meta":{"_acf_changed":false},"product_cat":[11667,11991,12012],"product_tag":[],"class_list":{"0":"post-63332","1":"product","2":"type-product","3":"status-publish","4":"has-post-thumbnail","6":"product_cat-padelle-pentole","7":"product_cat-poeles-pots","8":"product_cat-sauteuses-et-faitout","10":"first","11":"instock","12":"taxable","13":"shipping-taxable","14":"product-type-simple","swatches":"rey-swatches","show_selected":"","stretch_labels":"rey-swatches--stretch-labels"},"acf":[],"yoast_head":"<!-- This site is optimized with the Yoast SEO plugin v25.4 - https:\/\/yoast.com\/wordpress\/plugins\/seo\/ -->\n<title>MAUVIEL 1830 Casserole haute \u00e0 1 poign\u00e9e 24 cm - dev6 Erresse<\/title>\n<meta name=\"description\" content=\"La plaque \u00e0 sauter permet, comme son nom l\u2019indique, de \u201csauter\u201d les aliments. Cet ustensile de cuisine est \u00e0 mi-chemin entre la po\u00eale \u00e0 frire et la\" \/>\n<meta name=\"robots\" content=\"noindex, follow, max-snippet:-1, max-image-preview:large, max-video-preview:-1\" \/>\n<meta property=\"og:locale\" content=\"fr_FR\" \/>\n<meta property=\"og:type\" content=\"article\" \/>\n<meta property=\"og:title\" content=\"MAUVIEL 1830 Casserole haute \u00e0 1 poign\u00e9e 24 cm - dev6 Erresse\" \/>\n<meta property=\"og:description\" content=\"La plaque \u00e0 sauter permet, comme son nom l\u2019indique, de \u201csauter\u201d les aliments. Cet ustensile de cuisine est \u00e0 mi-chemin entre la po\u00eale \u00e0 frire et la\" \/>\n<meta property=\"og:url\" content=\"https:\/\/dev6.erresse-shop.it\/fr\/shop\/poeles-pots\/sauteuses-et-faitout\/mauviel-1830-casserole-haute-a-1-poignee-24-cm\/\" \/>\n<meta property=\"og:site_name\" content=\"dev6 Erresse\" \/>\n<meta property=\"og:image\" content=\"https:\/\/interpim.erresse-shop.it\/wp-content\/uploads\/2024\/03\/MAUVIEL-1830-Tegame-Alto-1-Manico-24-cm.jpg\/mauviel-1830-tegame-alto-1-manico-24-cm.jpg\" \/><meta property=\"og:image\" content=\"https:\/\/interpim.erresse-shop.it\/wp-content\/uploads\/2024\/03\/MAUVIEL-1830-Tegame-Alto-1-Manico-24-cm.jpg\/mauviel-1830-tegame-alto-1-manico-24-cm.jpg\" \/>\n\t<meta property=\"og:image:width\" content=\"1024\" \/>\n\t<meta property=\"og:image:height\" content=\"1024\" \/>\n\t<meta property=\"og:image:type\" content=\"image\/jpeg\" \/>\n<meta name=\"twitter:card\" content=\"summary_large_image\" \/>\n<meta name=\"twitter:image\" content=\"https:\/\/interpim.erresse-shop.it\/wp-content\/uploads\/2024\/03\/MAUVIEL-1830-Tegame-Alto-1-Manico-24-cm.jpg\/mauviel-1830-tegame-alto-1-manico-24-cm.jpg\" \/>\n<script type=\"application\/ld+json\" class=\"yoast-schema-graph\">{\"@context\":\"https:\/\/schema.org\",\"@graph\":[{\"@type\":\"WebPage\",\"@id\":\"https:\/\/dev6.erresse-shop.it\/fr\/shop\/poeles-pots\/sauteuses-et-faitout\/mauviel-1830-casserole-haute-a-1-poignee-24-cm\/\",\"url\":\"https:\/\/dev6.erresse-shop.it\/fr\/shop\/poeles-pots\/sauteuses-et-faitout\/mauviel-1830-casserole-haute-a-1-poignee-24-cm\/\",\"name\":\"MAUVIEL 1830 Casserole haute \u00e0 1 poign\u00e9e 24 cm - dev6 Erresse\",\"isPartOf\":{\"@id\":\"https:\/\/dev6.erresse-shop.it\/#website\"},\"primaryImageOfPage\":{\"@id\":\"https:\/\/dev6.erresse-shop.it\/fr\/shop\/poeles-pots\/sauteuses-et-faitout\/mauviel-1830-casserole-haute-a-1-poignee-24-cm\/#primaryimage\"},\"image\":{\"@id\":\"https:\/\/dev6.erresse-shop.it\/fr\/shop\/poeles-pots\/sauteuses-et-faitout\/mauviel-1830-casserole-haute-a-1-poignee-24-cm\/#primaryimage\"},\"thumbnailUrl\":\"https:\/\/i2.wp.com\/interpim.erresse-shop.it\/wp-content\/uploads\/2024\/03\/MAUVIEL-1830-Tegame-Alto-1-Manico-24-cm.jpg\/mauviel-1830-tegame-alto-1-manico-24-cm.jpg?ssl=1\",\"datePublished\":\"2026-04-04T08:30:46+00:00\",\"description\":\"La plaque \u00e0 sauter permet, comme son nom l\u2019indique, de \u201csauter\u201d les aliments. Cet ustensile de cuisine est \u00e0 mi-chemin entre la po\u00eale \u00e0 frire et la\",\"breadcrumb\":{\"@id\":\"https:\/\/dev6.erresse-shop.it\/fr\/shop\/poeles-pots\/sauteuses-et-faitout\/mauviel-1830-casserole-haute-a-1-poignee-24-cm\/#breadcrumb\"},\"inLanguage\":\"fr-FR\",\"potentialAction\":[{\"@type\":\"ReadAction\",\"target\":[\"https:\/\/dev6.erresse-shop.it\/fr\/shop\/poeles-pots\/sauteuses-et-faitout\/mauviel-1830-casserole-haute-a-1-poignee-24-cm\/\"]}]},{\"@type\":\"ImageObject\",\"inLanguage\":\"fr-FR\",\"@id\":\"https:\/\/dev6.erresse-shop.it\/fr\/shop\/poeles-pots\/sauteuses-et-faitout\/mauviel-1830-casserole-haute-a-1-poignee-24-cm\/#primaryimage\",\"url\":\"https:\/\/i2.wp.com\/interpim.erresse-shop.it\/wp-content\/uploads\/2024\/03\/MAUVIEL-1830-Tegame-Alto-1-Manico-24-cm.jpg\/mauviel-1830-tegame-alto-1-manico-24-cm.jpg?ssl=1\",\"contentUrl\":\"https:\/\/i2.wp.com\/interpim.erresse-shop.it\/wp-content\/uploads\/2024\/03\/MAUVIEL-1830-Tegame-Alto-1-Manico-24-cm.jpg\/mauviel-1830-tegame-alto-1-manico-24-cm.jpg?ssl=1\"},{\"@type\":\"BreadcrumbList\",\"@id\":\"https:\/\/dev6.erresse-shop.it\/fr\/shop\/poeles-pots\/sauteuses-et-faitout\/mauviel-1830-casserole-haute-a-1-poignee-24-cm\/#breadcrumb\",\"itemListElement\":[{\"@type\":\"ListItem\",\"position\":1,\"name\":\"Home\",\"item\":\"https:\/\/dev6.erresse-shop.it\/\"},{\"@type\":\"ListItem\",\"position\":2,\"name\":\"Boutique\",\"item\":\"https:\/\/dev6.erresse-shop.it\/shop\/\"},{\"@type\":\"ListItem\",\"position\":3,\"name\":\"MAUVIEL 1830 Casserole haute \u00e0 1 poign\u00e9e 24 cm\"}]},{\"@type\":\"WebSite\",\"@id\":\"https:\/\/dev6.erresse-shop.it\/#website\",\"url\":\"https:\/\/dev6.erresse-shop.it\/\",\"name\":\"Erresse Shop\",\"description\":\"\",\"publisher\":{\"@id\":\"https:\/\/dev6.erresse-shop.it\/#organization\"},\"potentialAction\":[{\"@type\":\"SearchAction\",\"target\":{\"@type\":\"EntryPoint\",\"urlTemplate\":\"https:\/\/dev6.erresse-shop.it\/?s={search_term_string}\"},\"query-input\":{\"@type\":\"PropertyValueSpecification\",\"valueRequired\":true,\"valueName\":\"search_term_string\"}}],\"inLanguage\":\"fr-FR\"},{\"@type\":\"Organization\",\"@id\":\"https:\/\/dev6.erresse-shop.it\/#organization\",\"name\":\"Erresse Shop\",\"url\":\"https:\/\/dev6.erresse-shop.it\/\",\"logo\":{\"@type\":\"ImageObject\",\"inLanguage\":\"fr-FR\",\"@id\":\"https:\/\/dev6.erresse-shop.it\/#\/schema\/logo\/image\/\",\"url\":\"https:\/\/dev6.erresse-shop.it\/wp-content\/uploads\/2025\/01\/LOGO-ERRESSE-CLASSICO.svg\",\"contentUrl\":\"https:\/\/dev6.erresse-shop.it\/wp-content\/uploads\/2025\/01\/LOGO-ERRESSE-CLASSICO.svg\",\"caption\":\"Erresse Shop\"},\"image\":{\"@id\":\"https:\/\/dev6.erresse-shop.it\/#\/schema\/logo\/image\/\"}}]}<\/script>\n<!-- \/ Yoast SEO plugin. -->","yoast_head_json":{"title":"MAUVIEL 1830 Casserole haute \u00e0 1 poign\u00e9e 24 cm - dev6 Erresse","description":"La plaque \u00e0 sauter permet, comme son nom l\u2019indique, de \u201csauter\u201d les aliments. Cet ustensile de cuisine est \u00e0 mi-chemin entre la po\u00eale \u00e0 frire et la","robots":{"index":"noindex","follow":"follow","max-snippet":"max-snippet:-1","max-image-preview":"max-image-preview:large","max-video-preview":"max-video-preview:-1"},"og_locale":"fr_FR","og_type":"article","og_title":"MAUVIEL 1830 Casserole haute \u00e0 1 poign\u00e9e 24 cm - dev6 Erresse","og_description":"La plaque \u00e0 sauter permet, comme son nom l\u2019indique, de \u201csauter\u201d les aliments. Cet ustensile de cuisine est \u00e0 mi-chemin entre la po\u00eale \u00e0 frire et la","og_url":"https:\/\/dev6.erresse-shop.it\/fr\/shop\/poeles-pots\/sauteuses-et-faitout\/mauviel-1830-casserole-haute-a-1-poignee-24-cm\/","og_site_name":"dev6 Erresse","og_image":[{"url":"https:\/\/interpim.erresse-shop.it\/wp-content\/uploads\/2024\/03\/MAUVIEL-1830-Tegame-Alto-1-Manico-24-cm.jpg\/mauviel-1830-tegame-alto-1-manico-24-cm.jpg","type":"","width":"","height":""},{"url":"https:\/\/interpim.erresse-shop.it\/wp-content\/uploads\/2024\/03\/MAUVIEL-1830-Tegame-Alto-1-Manico-24-cm.jpg\/mauviel-1830-tegame-alto-1-manico-24-cm.jpg","width":1024,"height":1024,"type":"image\/jpeg"}],"twitter_card":"summary_large_image","twitter_image":"https:\/\/interpim.erresse-shop.it\/wp-content\/uploads\/2024\/03\/MAUVIEL-1830-Tegame-Alto-1-Manico-24-cm.jpg\/mauviel-1830-tegame-alto-1-manico-24-cm.jpg","schema":{"@context":"https:\/\/schema.org","@graph":[{"@type":"WebPage","@id":"https:\/\/dev6.erresse-shop.it\/fr\/shop\/poeles-pots\/sauteuses-et-faitout\/mauviel-1830-casserole-haute-a-1-poignee-24-cm\/","url":"https:\/\/dev6.erresse-shop.it\/fr\/shop\/poeles-pots\/sauteuses-et-faitout\/mauviel-1830-casserole-haute-a-1-poignee-24-cm\/","name":"MAUVIEL 1830 Casserole haute \u00e0 1 poign\u00e9e 24 cm - dev6 Erresse","isPartOf":{"@id":"https:\/\/dev6.erresse-shop.it\/#website"},"primaryImageOfPage":{"@id":"https:\/\/dev6.erresse-shop.it\/fr\/shop\/poeles-pots\/sauteuses-et-faitout\/mauviel-1830-casserole-haute-a-1-poignee-24-cm\/#primaryimage"},"image":{"@id":"https:\/\/dev6.erresse-shop.it\/fr\/shop\/poeles-pots\/sauteuses-et-faitout\/mauviel-1830-casserole-haute-a-1-poignee-24-cm\/#primaryimage"},"thumbnailUrl":"https:\/\/i2.wp.com\/interpim.erresse-shop.it\/wp-content\/uploads\/2024\/03\/MAUVIEL-1830-Tegame-Alto-1-Manico-24-cm.jpg\/mauviel-1830-tegame-alto-1-manico-24-cm.jpg?ssl=1","datePublished":"2026-04-04T08:30:46+00:00","description":"La plaque \u00e0 sauter permet, comme son nom l\u2019indique, de \u201csauter\u201d les aliments. Cet ustensile de cuisine est \u00e0 mi-chemin entre la po\u00eale \u00e0 frire et la","breadcrumb":{"@id":"https:\/\/dev6.erresse-shop.it\/fr\/shop\/poeles-pots\/sauteuses-et-faitout\/mauviel-1830-casserole-haute-a-1-poignee-24-cm\/#breadcrumb"},"inLanguage":"fr-FR","potentialAction":[{"@type":"ReadAction","target":["https:\/\/dev6.erresse-shop.it\/fr\/shop\/poeles-pots\/sauteuses-et-faitout\/mauviel-1830-casserole-haute-a-1-poignee-24-cm\/"]}]},{"@type":"ImageObject","inLanguage":"fr-FR","@id":"https:\/\/dev6.erresse-shop.it\/fr\/shop\/poeles-pots\/sauteuses-et-faitout\/mauviel-1830-casserole-haute-a-1-poignee-24-cm\/#primaryimage","url":"https:\/\/i2.wp.com\/interpim.erresse-shop.it\/wp-content\/uploads\/2024\/03\/MAUVIEL-1830-Tegame-Alto-1-Manico-24-cm.jpg\/mauviel-1830-tegame-alto-1-manico-24-cm.jpg?ssl=1","contentUrl":"https:\/\/i2.wp.com\/interpim.erresse-shop.it\/wp-content\/uploads\/2024\/03\/MAUVIEL-1830-Tegame-Alto-1-Manico-24-cm.jpg\/mauviel-1830-tegame-alto-1-manico-24-cm.jpg?ssl=1"},{"@type":"BreadcrumbList","@id":"https:\/\/dev6.erresse-shop.it\/fr\/shop\/poeles-pots\/sauteuses-et-faitout\/mauviel-1830-casserole-haute-a-1-poignee-24-cm\/#breadcrumb","itemListElement":[{"@type":"ListItem","position":1,"name":"Home","item":"https:\/\/dev6.erresse-shop.it\/"},{"@type":"ListItem","position":2,"name":"Boutique","item":"https:\/\/dev6.erresse-shop.it\/shop\/"},{"@type":"ListItem","position":3,"name":"MAUVIEL 1830 Casserole haute \u00e0 1 poign\u00e9e 24 cm"}]},{"@type":"WebSite","@id":"https:\/\/dev6.erresse-shop.it\/#website","url":"https:\/\/dev6.erresse-shop.it\/","name":"Erresse Shop","description":"","publisher":{"@id":"https:\/\/dev6.erresse-shop.it\/#organization"},"potentialAction":[{"@type":"SearchAction","target":{"@type":"EntryPoint","urlTemplate":"https:\/\/dev6.erresse-shop.it\/?s={search_term_string}"},"query-input":{"@type":"PropertyValueSpecification","valueRequired":true,"valueName":"search_term_string"}}],"inLanguage":"fr-FR"},{"@type":"Organization","@id":"https:\/\/dev6.erresse-shop.it\/#organization","name":"Erresse Shop","url":"https:\/\/dev6.erresse-shop.it\/","logo":{"@type":"ImageObject","inLanguage":"fr-FR","@id":"https:\/\/dev6.erresse-shop.it\/#\/schema\/logo\/image\/","url":"https:\/\/dev6.erresse-shop.it\/wp-content\/uploads\/2025\/01\/LOGO-ERRESSE-CLASSICO.svg","contentUrl":"https:\/\/dev6.erresse-shop.it\/wp-content\/uploads\/2025\/01\/LOGO-ERRESSE-CLASSICO.svg","caption":"Erresse Shop"},"image":{"@id":"https:\/\/dev6.erresse-shop.it\/#\/schema\/logo\/image\/"}}]}},"df_price":"","df_sale_price":"","df_regular_price":"","df_image_link":"https:\/\/i2.wp.com\/interpim.erresse-shop.it\/wp-content\/uploads\/2024\/03\/MAUVIEL-1830-Tegame-Alto-1-Manico-24-cm.jpg\/mauviel-1830-tegame-alto-1-manico-24-cm.jpg?resize=300,300&ssl=1","fifu_image_url":"https:\/\/interpim.erresse-shop.it\/wp-content\/uploads\/2024\/03\/MAUVIEL-1830-Tegame-Alto-1-Manico-24-cm.jpg\/mauviel-1830-tegame-alto-1-manico-24-cm.jpg","_links":{"self":[{"href":"https:\/\/dev6.erresse-shop.it\/fr\/wp-json\/wp\/v2\/product\/63332","targetHints":{"allow":["GET"]}}],"collection":[{"href":"https:\/\/dev6.erresse-shop.it\/fr\/wp-json\/wp\/v2\/product"}],"about":[{"href":"https:\/\/dev6.erresse-shop.it\/fr\/wp-json\/wp\/v2\/types\/product"}],"wp:featuredmedia":[{"embeddable":true,"href":"https:\/\/dev6.erresse-shop.it\/fr\/wp-json\/wp\/v2\/media\/6283416"}],"wp:attachment":[{"href":"https:\/\/dev6.erresse-shop.it\/fr\/wp-json\/wp\/v2\/media?parent=63332"}],"wp:term":[{"taxonomy":"product_cat","embeddable":true,"href":"https:\/\/dev6.erresse-shop.it\/fr\/wp-json\/wp\/v2\/product_cat?post=63332"},{"taxonomy":"product_tag","embeddable":true,"href":"https:\/\/dev6.erresse-shop.it\/fr\/wp-json\/wp\/v2\/product_tag?post=63332"}],"curies":[{"name":"wp","href":"https:\/\/api.w.org\/{rel}","templated":true}]}}