{"id":63330,"date":"2026-04-04T10:30:46","date_gmt":"2026-04-04T08:30:46","guid":{"rendered":"https:\/\/dev6.erresse-shop.it\/shop\/non%20class\u00e9\/mauviel-1830-casserole-basse-2-poignees-28-cm-avec-couvercle\/"},"modified":"2025-07-04T17:40:52","modified_gmt":"2025-07-04T15:40:52","slug":"mauviel-1830-casserole-basse-2-poignees-28-cm-avec-couvercle","status":"publish","type":"product","link":"https:\/\/dev6.erresse-shop.it\/fr\/shop\/poeles-pots\/casseroles\/mauviel-1830-casserole-basse-2-poignees-28-cm-avec-couvercle\/","title":{"rendered":"MAUVIEL 1830 Casserole Basse 2 Poign\u00e9es 28 cm Avec Couvercle"},"content":{"rendered":"<p>Rondeau avec couvercle int\u00e9rieur en cuivre en acier inoxydable bilamin\u00e9 et cadre en fonte de la collection M\u2019150S.<br \/>\nLe rondeau est un ustensile de cuisine rond aux parois basses et verticales. Dot\u00e9 d\u2019un couvercle et de deux poign\u00e9es rivet\u00e9es dessin\u00e9es par Mauviel1830, son design chic lui permet de passer de la cuisini\u00e8re \u00e0 la table pour un service imm\u00e9diat. Le Rondeau a les m\u00eames usages que la Sauteuse : faire sauter toutes sortes de plats, d\u00e9glacer sans risque de d\u00e9bordement\u2026 C\u2019est un excellent compl\u00e9ment \u00e0 la cuisine, qui enrichit l\u2019horizon culinaire de tous les chefs, qu\u2019ils soient amateurs ou professionnels.<br \/>\nLa collection M\u2019H\u00c9RITAGE est un subtil m\u00e9lange de deux mat\u00e9riaux traditionnels performants. L\u2019association du cuivre poli et de l\u2019acier inoxydable donne une nouvelle dimension au plaisir de cuisiner. L\u2019int\u00e9rieur en acier inoxydable 18\/10 est id\u00e9al pour la cuisine de tous les jours. Le cuivre garantit une excellente conduction de la chaleur, rapidement et uniform\u00e9ment, offrant une exp\u00e9rience de cuisson de haute qualit\u00e9. La collection, compos\u00e9e de 90 % de cuivre et de 10 % d\u2019acier inoxydable, est disponible dans une gamme de cadres et dans deux \u00e9paisseurs, afin que chacun puisse trouver l\u2019ustensile de cuisine qui correspond le mieux \u00e0 ses besoins et \u00e0 ses go\u00fbts.<\/p>\n<p>CARACT\u00c9RISTIQUES TECHNIQUES :<\/p>\n<p>Diam\u00e8tre : 28 cm<\/p>\n<p>Hauteur : 9 cm<\/p>\n<p>Capacit\u00e9 : 5,7 L<\/p>\n<p>Dimensions : 40,5\u00d730,5 cm<\/p>\n<p>Utilisation:<\/p>\n<p>Tous feux sauf induction \u2013 Compatible four \u2013 Ne passe pas au lave-vaisselle<\/p>\n<p>Tous les produits sont fabriqu\u00e9s en Normandie \u00e0 Villedieu-les-Po\u00eales.<\/p>\n","protected":false},"excerpt":{"rendered":"<p>Rondeau avec couvercle int\u00e9rieur en cuivre en acier inoxydable bilamin\u00e9 et cadre en fonte de la collection M\u2019150S. Le rondeau est un ustensile de cuisine rond aux parois basses et verticales. Dot\u00e9 d\u2019un couvercle et de deux poign\u00e9es rivet\u00e9es dessin\u00e9es par Mauviel1830, son design chic lui permet de passer de la cuisini\u00e8re \u00e0 la table [&hellip;]<\/p>\n","protected":false},"featured_media":6283415,"template":"","meta":{"_acf_changed":false},"product_cat":[12001,11667,11991],"product_tag":[],"class_list":{"0":"post-63330","1":"product","2":"type-product","3":"status-publish","4":"has-post-thumbnail","6":"product_cat-casseroles","7":"product_cat-padelle-pentole","8":"product_cat-poeles-pots","10":"first","11":"instock","12":"taxable","13":"shipping-taxable","14":"product-type-simple","swatches":"rey-swatches","show_selected":"","stretch_labels":"rey-swatches--stretch-labels"},"acf":[],"yoast_head":"<!-- This site is optimized with the Yoast SEO plugin v25.4 - https:\/\/yoast.com\/wordpress\/plugins\/seo\/ -->\n<title>MAUVIEL 1830 Casserole Basse 2 Poign\u00e9es 28 cm Avec Couvercle - dev6 Erresse<\/title>\n<meta name=\"description\" content=\"Rondeau avec couvercle int\u00e9rieur en cuivre en acier inoxydable bilamin\u00e9 et cadre en fonte de la collection M\u2019150S. Le rondeau est un ustensile de cuisine\" \/>\n<meta name=\"robots\" content=\"noindex, follow, max-snippet:-1, max-image-preview:large, max-video-preview:-1\" \/>\n<meta property=\"og:locale\" content=\"fr_FR\" \/>\n<meta property=\"og:type\" content=\"article\" \/>\n<meta property=\"og:title\" content=\"MAUVIEL 1830 Casserole Basse 2 Poign\u00e9es 28 cm Avec Couvercle - dev6 Erresse\" \/>\n<meta property=\"og:description\" content=\"Rondeau avec couvercle int\u00e9rieur en cuivre en acier inoxydable bilamin\u00e9 et cadre en fonte de la collection M\u2019150S. Le rondeau est un ustensile de cuisine\" \/>\n<meta property=\"og:url\" content=\"https:\/\/dev6.erresse-shop.it\/fr\/shop\/poeles-pots\/casseroles\/mauviel-1830-casserole-basse-2-poignees-28-cm-avec-couvercle\/\" \/>\n<meta property=\"og:site_name\" content=\"dev6 Erresse\" \/>\n<meta property=\"og:image\" content=\"https:\/\/interpim.erresse-shop.it\/Import\/Prodotti\/mauviel-1830-casseruola-bassa-2-manici-28-cm-con-coperchio.jpg\" \/><meta property=\"og:image\" content=\"https:\/\/interpim.erresse-shop.it\/Import\/Prodotti\/mauviel-1830-casseruola-bassa-2-manici-28-cm-con-coperchio.jpg\" \/>\n\t<meta property=\"og:image:width\" content=\"1024\" \/>\n\t<meta property=\"og:image:height\" content=\"1024\" \/>\n\t<meta property=\"og:image:type\" content=\"image\/jpeg\" \/>\n<meta name=\"twitter:card\" content=\"summary_large_image\" \/>\n<meta name=\"twitter:image\" content=\"https:\/\/interpim.erresse-shop.it\/Import\/Prodotti\/mauviel-1830-casseruola-bassa-2-manici-28-cm-con-coperchio.jpg\" \/>\n<script type=\"application\/ld+json\" class=\"yoast-schema-graph\">{\"@context\":\"https:\/\/schema.org\",\"@graph\":[{\"@type\":\"WebPage\",\"@id\":\"https:\/\/dev6.erresse-shop.it\/fr\/shop\/poeles-pots\/casseroles\/mauviel-1830-casserole-basse-2-poignees-28-cm-avec-couvercle\/\",\"url\":\"https:\/\/dev6.erresse-shop.it\/fr\/shop\/poeles-pots\/casseroles\/mauviel-1830-casserole-basse-2-poignees-28-cm-avec-couvercle\/\",\"name\":\"MAUVIEL 1830 Casserole Basse 2 Poign\u00e9es 28 cm Avec Couvercle - dev6 Erresse\",\"isPartOf\":{\"@id\":\"https:\/\/dev6.erresse-shop.it\/#website\"},\"primaryImageOfPage\":{\"@id\":\"https:\/\/dev6.erresse-shop.it\/fr\/shop\/poeles-pots\/casseroles\/mauviel-1830-casserole-basse-2-poignees-28-cm-avec-couvercle\/#primaryimage\"},\"image\":{\"@id\":\"https:\/\/dev6.erresse-shop.it\/fr\/shop\/poeles-pots\/casseroles\/mauviel-1830-casserole-basse-2-poignees-28-cm-avec-couvercle\/#primaryimage\"},\"thumbnailUrl\":\"https:\/\/i3.wp.com\/interpim.erresse-shop.it\/Import\/Prodotti\/mauviel-1830-casseruola-bassa-2-manici-28-cm-con-coperchio.jpg?ssl=1\",\"datePublished\":\"2026-04-04T08:30:46+00:00\",\"description\":\"Rondeau avec couvercle int\u00e9rieur en cuivre en acier inoxydable bilamin\u00e9 et cadre en fonte de la collection M\u2019150S. Le rondeau est un ustensile de cuisine\",\"breadcrumb\":{\"@id\":\"https:\/\/dev6.erresse-shop.it\/fr\/shop\/poeles-pots\/casseroles\/mauviel-1830-casserole-basse-2-poignees-28-cm-avec-couvercle\/#breadcrumb\"},\"inLanguage\":\"fr-FR\",\"potentialAction\":[{\"@type\":\"ReadAction\",\"target\":[\"https:\/\/dev6.erresse-shop.it\/fr\/shop\/poeles-pots\/casseroles\/mauviel-1830-casserole-basse-2-poignees-28-cm-avec-couvercle\/\"]}]},{\"@type\":\"ImageObject\",\"inLanguage\":\"fr-FR\",\"@id\":\"https:\/\/dev6.erresse-shop.it\/fr\/shop\/poeles-pots\/casseroles\/mauviel-1830-casserole-basse-2-poignees-28-cm-avec-couvercle\/#primaryimage\",\"url\":\"https:\/\/i3.wp.com\/interpim.erresse-shop.it\/Import\/Prodotti\/mauviel-1830-casseruola-bassa-2-manici-28-cm-con-coperchio.jpg?ssl=1\",\"contentUrl\":\"https:\/\/i3.wp.com\/interpim.erresse-shop.it\/Import\/Prodotti\/mauviel-1830-casseruola-bassa-2-manici-28-cm-con-coperchio.jpg?ssl=1\"},{\"@type\":\"BreadcrumbList\",\"@id\":\"https:\/\/dev6.erresse-shop.it\/fr\/shop\/poeles-pots\/casseroles\/mauviel-1830-casserole-basse-2-poignees-28-cm-avec-couvercle\/#breadcrumb\",\"itemListElement\":[{\"@type\":\"ListItem\",\"position\":1,\"name\":\"Home\",\"item\":\"https:\/\/dev6.erresse-shop.it\/\"},{\"@type\":\"ListItem\",\"position\":2,\"name\":\"Boutique\",\"item\":\"https:\/\/dev6.erresse-shop.it\/shop\/\"},{\"@type\":\"ListItem\",\"position\":3,\"name\":\"MAUVIEL 1830 Casserole Basse 2 Poign\u00e9es 28 cm Avec Couvercle\"}]},{\"@type\":\"WebSite\",\"@id\":\"https:\/\/dev6.erresse-shop.it\/#website\",\"url\":\"https:\/\/dev6.erresse-shop.it\/\",\"name\":\"Erresse Shop\",\"description\":\"\",\"publisher\":{\"@id\":\"https:\/\/dev6.erresse-shop.it\/#organization\"},\"potentialAction\":[{\"@type\":\"SearchAction\",\"target\":{\"@type\":\"EntryPoint\",\"urlTemplate\":\"https:\/\/dev6.erresse-shop.it\/?s={search_term_string}\"},\"query-input\":{\"@type\":\"PropertyValueSpecification\",\"valueRequired\":true,\"valueName\":\"search_term_string\"}}],\"inLanguage\":\"fr-FR\"},{\"@type\":\"Organization\",\"@id\":\"https:\/\/dev6.erresse-shop.it\/#organization\",\"name\":\"Erresse Shop\",\"url\":\"https:\/\/dev6.erresse-shop.it\/\",\"logo\":{\"@type\":\"ImageObject\",\"inLanguage\":\"fr-FR\",\"@id\":\"https:\/\/dev6.erresse-shop.it\/#\/schema\/logo\/image\/\",\"url\":\"https:\/\/dev6.erresse-shop.it\/wp-content\/uploads\/2025\/01\/LOGO-ERRESSE-CLASSICO.svg\",\"contentUrl\":\"https:\/\/dev6.erresse-shop.it\/wp-content\/uploads\/2025\/01\/LOGO-ERRESSE-CLASSICO.svg\",\"caption\":\"Erresse Shop\"},\"image\":{\"@id\":\"https:\/\/dev6.erresse-shop.it\/#\/schema\/logo\/image\/\"}}]}<\/script>\n<!-- \/ Yoast SEO plugin. -->","yoast_head_json":{"title":"MAUVIEL 1830 Casserole Basse 2 Poign\u00e9es 28 cm Avec Couvercle - dev6 Erresse","description":"Rondeau avec couvercle int\u00e9rieur en cuivre en acier inoxydable bilamin\u00e9 et cadre en fonte de la collection M\u2019150S. Le rondeau est un ustensile de cuisine","robots":{"index":"noindex","follow":"follow","max-snippet":"max-snippet:-1","max-image-preview":"max-image-preview:large","max-video-preview":"max-video-preview:-1"},"og_locale":"fr_FR","og_type":"article","og_title":"MAUVIEL 1830 Casserole Basse 2 Poign\u00e9es 28 cm Avec Couvercle - dev6 Erresse","og_description":"Rondeau avec couvercle int\u00e9rieur en cuivre en acier inoxydable bilamin\u00e9 et cadre en fonte de la collection M\u2019150S. Le rondeau est un ustensile de cuisine","og_url":"https:\/\/dev6.erresse-shop.it\/fr\/shop\/poeles-pots\/casseroles\/mauviel-1830-casserole-basse-2-poignees-28-cm-avec-couvercle\/","og_site_name":"dev6 Erresse","og_image":[{"url":"https:\/\/interpim.erresse-shop.it\/Import\/Prodotti\/mauviel-1830-casseruola-bassa-2-manici-28-cm-con-coperchio.jpg","type":"","width":"","height":""},{"url":"https:\/\/interpim.erresse-shop.it\/Import\/Prodotti\/mauviel-1830-casseruola-bassa-2-manici-28-cm-con-coperchio.jpg","width":1024,"height":1024,"type":"image\/jpeg"}],"twitter_card":"summary_large_image","twitter_image":"https:\/\/interpim.erresse-shop.it\/Import\/Prodotti\/mauviel-1830-casseruola-bassa-2-manici-28-cm-con-coperchio.jpg","schema":{"@context":"https:\/\/schema.org","@graph":[{"@type":"WebPage","@id":"https:\/\/dev6.erresse-shop.it\/fr\/shop\/poeles-pots\/casseroles\/mauviel-1830-casserole-basse-2-poignees-28-cm-avec-couvercle\/","url":"https:\/\/dev6.erresse-shop.it\/fr\/shop\/poeles-pots\/casseroles\/mauviel-1830-casserole-basse-2-poignees-28-cm-avec-couvercle\/","name":"MAUVIEL 1830 Casserole Basse 2 Poign\u00e9es 28 cm Avec Couvercle - dev6 Erresse","isPartOf":{"@id":"https:\/\/dev6.erresse-shop.it\/#website"},"primaryImageOfPage":{"@id":"https:\/\/dev6.erresse-shop.it\/fr\/shop\/poeles-pots\/casseroles\/mauviel-1830-casserole-basse-2-poignees-28-cm-avec-couvercle\/#primaryimage"},"image":{"@id":"https:\/\/dev6.erresse-shop.it\/fr\/shop\/poeles-pots\/casseroles\/mauviel-1830-casserole-basse-2-poignees-28-cm-avec-couvercle\/#primaryimage"},"thumbnailUrl":"https:\/\/i3.wp.com\/interpim.erresse-shop.it\/Import\/Prodotti\/mauviel-1830-casseruola-bassa-2-manici-28-cm-con-coperchio.jpg?ssl=1","datePublished":"2026-04-04T08:30:46+00:00","description":"Rondeau avec couvercle int\u00e9rieur en cuivre en acier inoxydable bilamin\u00e9 et cadre en fonte de la collection M\u2019150S. Le rondeau est un ustensile de cuisine","breadcrumb":{"@id":"https:\/\/dev6.erresse-shop.it\/fr\/shop\/poeles-pots\/casseroles\/mauviel-1830-casserole-basse-2-poignees-28-cm-avec-couvercle\/#breadcrumb"},"inLanguage":"fr-FR","potentialAction":[{"@type":"ReadAction","target":["https:\/\/dev6.erresse-shop.it\/fr\/shop\/poeles-pots\/casseroles\/mauviel-1830-casserole-basse-2-poignees-28-cm-avec-couvercle\/"]}]},{"@type":"ImageObject","inLanguage":"fr-FR","@id":"https:\/\/dev6.erresse-shop.it\/fr\/shop\/poeles-pots\/casseroles\/mauviel-1830-casserole-basse-2-poignees-28-cm-avec-couvercle\/#primaryimage","url":"https:\/\/i3.wp.com\/interpim.erresse-shop.it\/Import\/Prodotti\/mauviel-1830-casseruola-bassa-2-manici-28-cm-con-coperchio.jpg?ssl=1","contentUrl":"https:\/\/i3.wp.com\/interpim.erresse-shop.it\/Import\/Prodotti\/mauviel-1830-casseruola-bassa-2-manici-28-cm-con-coperchio.jpg?ssl=1"},{"@type":"BreadcrumbList","@id":"https:\/\/dev6.erresse-shop.it\/fr\/shop\/poeles-pots\/casseroles\/mauviel-1830-casserole-basse-2-poignees-28-cm-avec-couvercle\/#breadcrumb","itemListElement":[{"@type":"ListItem","position":1,"name":"Home","item":"https:\/\/dev6.erresse-shop.it\/"},{"@type":"ListItem","position":2,"name":"Boutique","item":"https:\/\/dev6.erresse-shop.it\/shop\/"},{"@type":"ListItem","position":3,"name":"MAUVIEL 1830 Casserole Basse 2 Poign\u00e9es 28 cm Avec Couvercle"}]},{"@type":"WebSite","@id":"https:\/\/dev6.erresse-shop.it\/#website","url":"https:\/\/dev6.erresse-shop.it\/","name":"Erresse Shop","description":"","publisher":{"@id":"https:\/\/dev6.erresse-shop.it\/#organization"},"potentialAction":[{"@type":"SearchAction","target":{"@type":"EntryPoint","urlTemplate":"https:\/\/dev6.erresse-shop.it\/?s={search_term_string}"},"query-input":{"@type":"PropertyValueSpecification","valueRequired":true,"valueName":"search_term_string"}}],"inLanguage":"fr-FR"},{"@type":"Organization","@id":"https:\/\/dev6.erresse-shop.it\/#organization","name":"Erresse Shop","url":"https:\/\/dev6.erresse-shop.it\/","logo":{"@type":"ImageObject","inLanguage":"fr-FR","@id":"https:\/\/dev6.erresse-shop.it\/#\/schema\/logo\/image\/","url":"https:\/\/dev6.erresse-shop.it\/wp-content\/uploads\/2025\/01\/LOGO-ERRESSE-CLASSICO.svg","contentUrl":"https:\/\/dev6.erresse-shop.it\/wp-content\/uploads\/2025\/01\/LOGO-ERRESSE-CLASSICO.svg","caption":"Erresse Shop"},"image":{"@id":"https:\/\/dev6.erresse-shop.it\/#\/schema\/logo\/image\/"}}]}},"df_price":"","df_sale_price":"","df_regular_price":"","df_image_link":"https:\/\/i3.wp.com\/interpim.erresse-shop.it\/Import\/Prodotti\/mauviel-1830-casseruola-bassa-2-manici-28-cm-con-coperchio.jpg?resize=300,300&ssl=1","fifu_image_url":"https:\/\/interpim.erresse-shop.it\/Import\/Prodotti\/mauviel-1830-casseruola-bassa-2-manici-28-cm-con-coperchio.jpg","_links":{"self":[{"href":"https:\/\/dev6.erresse-shop.it\/fr\/wp-json\/wp\/v2\/product\/63330","targetHints":{"allow":["GET"]}}],"collection":[{"href":"https:\/\/dev6.erresse-shop.it\/fr\/wp-json\/wp\/v2\/product"}],"about":[{"href":"https:\/\/dev6.erresse-shop.it\/fr\/wp-json\/wp\/v2\/types\/product"}],"wp:featuredmedia":[{"embeddable":true,"href":"https:\/\/dev6.erresse-shop.it\/fr\/wp-json\/wp\/v2\/media\/6283415"}],"wp:attachment":[{"href":"https:\/\/dev6.erresse-shop.it\/fr\/wp-json\/wp\/v2\/media?parent=63330"}],"wp:term":[{"taxonomy":"product_cat","embeddable":true,"href":"https:\/\/dev6.erresse-shop.it\/fr\/wp-json\/wp\/v2\/product_cat?post=63330"},{"taxonomy":"product_tag","embeddable":true,"href":"https:\/\/dev6.erresse-shop.it\/fr\/wp-json\/wp\/v2\/product_tag?post=63330"}],"curies":[{"name":"wp","href":"https:\/\/api.w.org\/{rel}","templated":true}]}}