{"id":63324,"date":"2026-04-12T10:33:22","date_gmt":"2026-04-12T08:33:22","guid":{"rendered":"https:\/\/dev6.erresse-shop.it\/shop\/non%20class\u00e9\/bialetti-moka-brikka-exclusive-2-tasses-noir\/"},"modified":"2025-07-04T17:40:43","modified_gmt":"2025-07-04T15:40:43","slug":"bialetti-moka-brikka-exclusive-2-tasses-noir","status":"publish","type":"product","link":"https:\/\/dev6.erresse-shop.it\/fr\/shop\/cuisine\/cafetieres\/bialetti-moka-brikka-exclusive-2-tasses-noir\/","title":{"rendered":"BIALETTI Moka Brikka Exclusive 2 tasses noir"},"content":{"rendered":"<p>Bialetti Exclusive c\u00e9l\u00e8bre le rituel du caf\u00e9 italien avec style et innovation. Brikka Noir est la cafeti\u00e8re capable de cr\u00e9er la cr\u00e8me de l\u2019espresso gr\u00e2ce \u00e0 un nouveau syst\u00e8me d\u2019infusion brevet\u00e9 par Bialetti. La poign\u00e9e avec effet soft touch garantit une prise en main s\u00fbre.<br \/>\n1. Commencer par verser de l\u2019eau \u00e0 temp\u00e9rature ambiante dans la chaudi\u00e8re de la cafeti\u00e8re et la remplir jusqu\u2019au niveau de la soupape de s\u00e9curit\u00e9. Ne pas d\u00e9passer ce niveau pour \u00e9viter un caf\u00e9 trop aqueux.<br \/>\n2. Choisissez maintenant votre m\u00e9lange de caf\u00e9 moulu pr\u00e9f\u00e9r\u00e9. Attention ! Le m\u00e9lange doit \u00eatre moulu sp\u00e9cifiquement pour le Moka, pas trop fin. Remplissez g\u00e9n\u00e9reusement l\u2019entonnoir de la machine \u00e0 caf\u00e9, sans appuyer sur le caf\u00e9.<br \/>\n3. Un petit secret ? R\u00e9glez le feu au minimum et prenez votre temps ; cela vaut la peine d\u2019attendre quelques minutes de plus pour d\u00e9guster un excellent caf\u00e9. Lorsque le caf\u00e9 est compl\u00e8tement mont\u00e9 dans le bac d\u2019\u00e9gouttage, \u00e9teignez le feu.<br \/>\n4. Le moment crucial : la d\u00e9gustation. Pour savourer au mieux tous les ar\u00f4mes lib\u00e9r\u00e9s, il est recommand\u00e9 de boire le caf\u00e9 d\u00e8s qu\u2019il est vers\u00e9 dans la tasse.<br \/>\nMat\u00e9riau du corps : aluminium<br \/>\nMat\u00e9riau de la poign\u00e9e : thermoplastique<br \/>\nMat\u00e9riau du bouton : thermoplastique<br \/>\nSoupape de s\u00e9curit\u00e9 facile \u00e0 nettoyer<br \/>\nConvient pour une utilisation sur des plaques \u00e0 induction avec la plaque \u00e0 induction Bialetti.<br \/>\nNe passe pas au lave-vaisselle<\/p>\n","protected":false},"excerpt":{"rendered":"<p>Bialetti Exclusive c\u00e9l\u00e8bre le rituel du caf\u00e9 italien avec style et innovation. Brikka Noir est la cafeti\u00e8re capable de cr\u00e9er la cr\u00e8me de l\u2019espresso gr\u00e2ce \u00e0 un nouveau syst\u00e8me d\u2019infusion brevet\u00e9 par Bialetti. La poign\u00e9e avec effet soft touch garantit une prise en main s\u00fbre. 1. Commencer par verser de l\u2019eau \u00e0 temp\u00e9rature ambiante dans [&hellip;]<\/p>\n","protected":false},"featured_media":6366660,"template":"","meta":{"_acf_changed":false},"product_cat":[12002,11668,11992],"product_tag":[],"class_list":{"0":"post-63324","1":"product","2":"type-product","3":"status-publish","4":"has-post-thumbnail","6":"product_cat-cafetieres","7":"product_cat-cucina","8":"product_cat-cuisine","10":"first","11":"instock","12":"sale","13":"taxable","14":"shipping-taxable","15":"purchasable","16":"product-type-simple","swatches":"rey-swatches","show_selected":"","stretch_labels":"rey-swatches--stretch-labels"},"acf":[],"yoast_head":"<!-- This site is optimized with the Yoast SEO plugin v25.4 - https:\/\/yoast.com\/wordpress\/plugins\/seo\/ -->\n<title>BIALETTI Moka Brikka Exclusive 2 tasses noir - dev6 Erresse<\/title>\n<meta name=\"description\" content=\"Bialetti Exclusive c\u00e9l\u00e8bre le rituel du caf\u00e9 italien avec style et innovation. Brikka Noir est la cafeti\u00e8re capable de cr\u00e9er la cr\u00e8me de l\u2019espresso gr\u00e2ce\" \/>\n<meta name=\"robots\" content=\"noindex, follow, max-snippet:-1, max-image-preview:large, max-video-preview:-1\" \/>\n<meta property=\"og:locale\" content=\"fr_FR\" \/>\n<meta property=\"og:type\" content=\"article\" \/>\n<meta property=\"og:title\" content=\"BIALETTI Moka Brikka Exclusive 2 tasses noir - dev6 Erresse\" \/>\n<meta property=\"og:description\" content=\"Bialetti Exclusive c\u00e9l\u00e8bre le rituel du caf\u00e9 italien avec style et innovation. Brikka Noir est la cafeti\u00e8re capable de cr\u00e9er la cr\u00e8me de l\u2019espresso gr\u00e2ce\" \/>\n<meta property=\"og:url\" content=\"https:\/\/dev6.erresse-shop.it\/fr\/shop\/cuisine\/cafetieres\/bialetti-moka-brikka-exclusive-2-tasses-noir\/\" \/>\n<meta property=\"og:site_name\" content=\"dev6 Erresse\" \/>\n<meta property=\"og:image\" content=\"https:\/\/interpim.erresse-shop.it\/img-catalogo\/bialetti\/bialetti-moka-brikka-exclusive-2-tazze-nero.webp\" \/><meta property=\"og:image\" content=\"https:\/\/interpim.erresse-shop.it\/img-catalogo\/bialetti\/bialetti-moka-brikka-exclusive-2-tazze-nero.webp\" \/>\n\t<meta property=\"og:image:width\" content=\"1024\" \/>\n\t<meta property=\"og:image:height\" content=\"1024\" \/>\n\t<meta property=\"og:image:type\" content=\"image\/jpeg\" \/>\n<meta name=\"twitter:card\" content=\"summary_large_image\" \/>\n<meta name=\"twitter:image\" content=\"https:\/\/interpim.erresse-shop.it\/img-catalogo\/bialetti\/bialetti-moka-brikka-exclusive-2-tazze-nero.webp\" \/>\n<script type=\"application\/ld+json\" class=\"yoast-schema-graph\">{\"@context\":\"https:\/\/schema.org\",\"@graph\":[{\"@type\":\"WebPage\",\"@id\":\"https:\/\/dev6.erresse-shop.it\/fr\/shop\/cuisine\/cafetieres\/bialetti-moka-brikka-exclusive-2-tasses-noir\/\",\"url\":\"https:\/\/dev6.erresse-shop.it\/fr\/shop\/cuisine\/cafetieres\/bialetti-moka-brikka-exclusive-2-tasses-noir\/\",\"name\":\"BIALETTI Moka Brikka Exclusive 2 tasses noir - dev6 Erresse\",\"isPartOf\":{\"@id\":\"https:\/\/dev6.erresse-shop.it\/#website\"},\"primaryImageOfPage\":{\"@id\":\"https:\/\/dev6.erresse-shop.it\/fr\/shop\/cuisine\/cafetieres\/bialetti-moka-brikka-exclusive-2-tasses-noir\/#primaryimage\"},\"image\":{\"@id\":\"https:\/\/dev6.erresse-shop.it\/fr\/shop\/cuisine\/cafetieres\/bialetti-moka-brikka-exclusive-2-tasses-noir\/#primaryimage\"},\"thumbnailUrl\":\"https:\/\/i1.wp.com\/interpim.erresse-shop.it\/img-catalogo\/bialetti\/bialetti-moka-brikka-exclusive-2-tazze-nero.webp?ssl=1\",\"datePublished\":\"2026-04-12T08:33:22+00:00\",\"description\":\"Bialetti Exclusive c\u00e9l\u00e8bre le rituel du caf\u00e9 italien avec style et innovation. Brikka Noir est la cafeti\u00e8re capable de cr\u00e9er la cr\u00e8me de l\u2019espresso gr\u00e2ce\",\"breadcrumb\":{\"@id\":\"https:\/\/dev6.erresse-shop.it\/fr\/shop\/cuisine\/cafetieres\/bialetti-moka-brikka-exclusive-2-tasses-noir\/#breadcrumb\"},\"inLanguage\":\"fr-FR\",\"potentialAction\":[{\"@type\":\"ReadAction\",\"target\":[\"https:\/\/dev6.erresse-shop.it\/fr\/shop\/cuisine\/cafetieres\/bialetti-moka-brikka-exclusive-2-tasses-noir\/\"]}]},{\"@type\":\"ImageObject\",\"inLanguage\":\"fr-FR\",\"@id\":\"https:\/\/dev6.erresse-shop.it\/fr\/shop\/cuisine\/cafetieres\/bialetti-moka-brikka-exclusive-2-tasses-noir\/#primaryimage\",\"url\":\"https:\/\/i1.wp.com\/interpim.erresse-shop.it\/img-catalogo\/bialetti\/bialetti-moka-brikka-exclusive-2-tazze-nero.webp?ssl=1\",\"contentUrl\":\"https:\/\/i1.wp.com\/interpim.erresse-shop.it\/img-catalogo\/bialetti\/bialetti-moka-brikka-exclusive-2-tazze-nero.webp?ssl=1\"},{\"@type\":\"BreadcrumbList\",\"@id\":\"https:\/\/dev6.erresse-shop.it\/fr\/shop\/cuisine\/cafetieres\/bialetti-moka-brikka-exclusive-2-tasses-noir\/#breadcrumb\",\"itemListElement\":[{\"@type\":\"ListItem\",\"position\":1,\"name\":\"Home\",\"item\":\"https:\/\/dev6.erresse-shop.it\/\"},{\"@type\":\"ListItem\",\"position\":2,\"name\":\"Boutique\",\"item\":\"https:\/\/dev6.erresse-shop.it\/shop\/\"},{\"@type\":\"ListItem\",\"position\":3,\"name\":\"BIALETTI Moka Brikka Exclusive 2 tasses noir\"}]},{\"@type\":\"WebSite\",\"@id\":\"https:\/\/dev6.erresse-shop.it\/#website\",\"url\":\"https:\/\/dev6.erresse-shop.it\/\",\"name\":\"Erresse Shop\",\"description\":\"\",\"publisher\":{\"@id\":\"https:\/\/dev6.erresse-shop.it\/#organization\"},\"potentialAction\":[{\"@type\":\"SearchAction\",\"target\":{\"@type\":\"EntryPoint\",\"urlTemplate\":\"https:\/\/dev6.erresse-shop.it\/?s={search_term_string}\"},\"query-input\":{\"@type\":\"PropertyValueSpecification\",\"valueRequired\":true,\"valueName\":\"search_term_string\"}}],\"inLanguage\":\"fr-FR\"},{\"@type\":\"Organization\",\"@id\":\"https:\/\/dev6.erresse-shop.it\/#organization\",\"name\":\"Erresse Shop\",\"url\":\"https:\/\/dev6.erresse-shop.it\/\",\"logo\":{\"@type\":\"ImageObject\",\"inLanguage\":\"fr-FR\",\"@id\":\"https:\/\/dev6.erresse-shop.it\/#\/schema\/logo\/image\/\",\"url\":\"https:\/\/dev6.erresse-shop.it\/wp-content\/uploads\/2025\/01\/LOGO-ERRESSE-CLASSICO.svg\",\"contentUrl\":\"https:\/\/dev6.erresse-shop.it\/wp-content\/uploads\/2025\/01\/LOGO-ERRESSE-CLASSICO.svg\",\"caption\":\"Erresse Shop\"},\"image\":{\"@id\":\"https:\/\/dev6.erresse-shop.it\/#\/schema\/logo\/image\/\"}}]}<\/script>\n<!-- \/ Yoast SEO plugin. -->","yoast_head_json":{"title":"BIALETTI Moka Brikka Exclusive 2 tasses noir - dev6 Erresse","description":"Bialetti Exclusive c\u00e9l\u00e8bre le rituel du caf\u00e9 italien avec style et innovation. Brikka Noir est la cafeti\u00e8re capable de cr\u00e9er la cr\u00e8me de l\u2019espresso gr\u00e2ce","robots":{"index":"noindex","follow":"follow","max-snippet":"max-snippet:-1","max-image-preview":"max-image-preview:large","max-video-preview":"max-video-preview:-1"},"og_locale":"fr_FR","og_type":"article","og_title":"BIALETTI Moka Brikka Exclusive 2 tasses noir - dev6 Erresse","og_description":"Bialetti Exclusive c\u00e9l\u00e8bre le rituel du caf\u00e9 italien avec style et innovation. Brikka Noir est la cafeti\u00e8re capable de cr\u00e9er la cr\u00e8me de l\u2019espresso gr\u00e2ce","og_url":"https:\/\/dev6.erresse-shop.it\/fr\/shop\/cuisine\/cafetieres\/bialetti-moka-brikka-exclusive-2-tasses-noir\/","og_site_name":"dev6 Erresse","og_image":[{"url":"https:\/\/interpim.erresse-shop.it\/img-catalogo\/bialetti\/bialetti-moka-brikka-exclusive-2-tazze-nero.webp","type":"","width":"","height":""},{"url":"https:\/\/interpim.erresse-shop.it\/img-catalogo\/bialetti\/bialetti-moka-brikka-exclusive-2-tazze-nero.webp","width":1024,"height":1024,"type":"image\/jpeg"}],"twitter_card":"summary_large_image","twitter_image":"https:\/\/interpim.erresse-shop.it\/img-catalogo\/bialetti\/bialetti-moka-brikka-exclusive-2-tazze-nero.webp","schema":{"@context":"https:\/\/schema.org","@graph":[{"@type":"WebPage","@id":"https:\/\/dev6.erresse-shop.it\/fr\/shop\/cuisine\/cafetieres\/bialetti-moka-brikka-exclusive-2-tasses-noir\/","url":"https:\/\/dev6.erresse-shop.it\/fr\/shop\/cuisine\/cafetieres\/bialetti-moka-brikka-exclusive-2-tasses-noir\/","name":"BIALETTI Moka Brikka Exclusive 2 tasses noir - dev6 Erresse","isPartOf":{"@id":"https:\/\/dev6.erresse-shop.it\/#website"},"primaryImageOfPage":{"@id":"https:\/\/dev6.erresse-shop.it\/fr\/shop\/cuisine\/cafetieres\/bialetti-moka-brikka-exclusive-2-tasses-noir\/#primaryimage"},"image":{"@id":"https:\/\/dev6.erresse-shop.it\/fr\/shop\/cuisine\/cafetieres\/bialetti-moka-brikka-exclusive-2-tasses-noir\/#primaryimage"},"thumbnailUrl":"https:\/\/i1.wp.com\/interpim.erresse-shop.it\/img-catalogo\/bialetti\/bialetti-moka-brikka-exclusive-2-tazze-nero.webp?ssl=1","datePublished":"2026-04-12T08:33:22+00:00","description":"Bialetti Exclusive c\u00e9l\u00e8bre le rituel du caf\u00e9 italien avec style et innovation. Brikka Noir est la cafeti\u00e8re capable de cr\u00e9er la cr\u00e8me de l\u2019espresso gr\u00e2ce","breadcrumb":{"@id":"https:\/\/dev6.erresse-shop.it\/fr\/shop\/cuisine\/cafetieres\/bialetti-moka-brikka-exclusive-2-tasses-noir\/#breadcrumb"},"inLanguage":"fr-FR","potentialAction":[{"@type":"ReadAction","target":["https:\/\/dev6.erresse-shop.it\/fr\/shop\/cuisine\/cafetieres\/bialetti-moka-brikka-exclusive-2-tasses-noir\/"]}]},{"@type":"ImageObject","inLanguage":"fr-FR","@id":"https:\/\/dev6.erresse-shop.it\/fr\/shop\/cuisine\/cafetieres\/bialetti-moka-brikka-exclusive-2-tasses-noir\/#primaryimage","url":"https:\/\/i1.wp.com\/interpim.erresse-shop.it\/img-catalogo\/bialetti\/bialetti-moka-brikka-exclusive-2-tazze-nero.webp?ssl=1","contentUrl":"https:\/\/i1.wp.com\/interpim.erresse-shop.it\/img-catalogo\/bialetti\/bialetti-moka-brikka-exclusive-2-tazze-nero.webp?ssl=1"},{"@type":"BreadcrumbList","@id":"https:\/\/dev6.erresse-shop.it\/fr\/shop\/cuisine\/cafetieres\/bialetti-moka-brikka-exclusive-2-tasses-noir\/#breadcrumb","itemListElement":[{"@type":"ListItem","position":1,"name":"Home","item":"https:\/\/dev6.erresse-shop.it\/"},{"@type":"ListItem","position":2,"name":"Boutique","item":"https:\/\/dev6.erresse-shop.it\/shop\/"},{"@type":"ListItem","position":3,"name":"BIALETTI Moka Brikka Exclusive 2 tasses noir"}]},{"@type":"WebSite","@id":"https:\/\/dev6.erresse-shop.it\/#website","url":"https:\/\/dev6.erresse-shop.it\/","name":"Erresse Shop","description":"","publisher":{"@id":"https:\/\/dev6.erresse-shop.it\/#organization"},"potentialAction":[{"@type":"SearchAction","target":{"@type":"EntryPoint","urlTemplate":"https:\/\/dev6.erresse-shop.it\/?s={search_term_string}"},"query-input":{"@type":"PropertyValueSpecification","valueRequired":true,"valueName":"search_term_string"}}],"inLanguage":"fr-FR"},{"@type":"Organization","@id":"https:\/\/dev6.erresse-shop.it\/#organization","name":"Erresse Shop","url":"https:\/\/dev6.erresse-shop.it\/","logo":{"@type":"ImageObject","inLanguage":"fr-FR","@id":"https:\/\/dev6.erresse-shop.it\/#\/schema\/logo\/image\/","url":"https:\/\/dev6.erresse-shop.it\/wp-content\/uploads\/2025\/01\/LOGO-ERRESSE-CLASSICO.svg","contentUrl":"https:\/\/dev6.erresse-shop.it\/wp-content\/uploads\/2025\/01\/LOGO-ERRESSE-CLASSICO.svg","caption":"Erresse Shop"},"image":{"@id":"https:\/\/dev6.erresse-shop.it\/#\/schema\/logo\/image\/"}}]}},"df_price":59,"df_sale_price":59,"df_regular_price":69,"df_image_link":"https:\/\/i1.wp.com\/interpim.erresse-shop.it\/img-catalogo\/bialetti\/bialetti-moka-brikka-exclusive-2-tazze-nero.webp?resize=300,300&ssl=1","fifu_image_url":"https:\/\/interpim.erresse-shop.it\/img-catalogo\/bialetti\/bialetti-moka-brikka-exclusive-2-tazze-nero.webp","_links":{"self":[{"href":"https:\/\/dev6.erresse-shop.it\/fr\/wp-json\/wp\/v2\/product\/63324","targetHints":{"allow":["GET"]}}],"collection":[{"href":"https:\/\/dev6.erresse-shop.it\/fr\/wp-json\/wp\/v2\/product"}],"about":[{"href":"https:\/\/dev6.erresse-shop.it\/fr\/wp-json\/wp\/v2\/types\/product"}],"wp:featuredmedia":[{"embeddable":true,"href":"https:\/\/dev6.erresse-shop.it\/fr\/wp-json\/wp\/v2\/media\/6366660"}],"wp:attachment":[{"href":"https:\/\/dev6.erresse-shop.it\/fr\/wp-json\/wp\/v2\/media?parent=63324"}],"wp:term":[{"taxonomy":"product_cat","embeddable":true,"href":"https:\/\/dev6.erresse-shop.it\/fr\/wp-json\/wp\/v2\/product_cat?post=63324"},{"taxonomy":"product_tag","embeddable":true,"href":"https:\/\/dev6.erresse-shop.it\/fr\/wp-json\/wp\/v2\/product_tag?post=63324"}],"curies":[{"name":"wp","href":"https:\/\/api.w.org\/{rel}","templated":true}]}}