{"id":63290,"date":"2026-04-04T13:02:50","date_gmt":"2026-04-04T11:02:50","guid":{"rendered":"https:\/\/dev6.erresse-shop.it\/shop\/non%20class\u00e9\/bialetti-bocal-avec-moka-parfait-irresistible-dolce-et-gabbana\/"},"modified":"2025-09-14T06:35:06","modified_gmt":"2025-09-14T04:35:06","slug":"bialetti-bocal-avec-moka-parfait-irresistible-dolce-et-gabbana","status":"publish","type":"product","link":"https:\/\/dev6.erresse-shop.it\/fr\/shop\/cafe\/grains-de-cafe\/bialetti-bocal-avec-moka-parfait-irresistible-dolce-et-gabbana\/","title":{"rendered":"BIALETTI Bocal avec Moka parfait Irresistible Dolce et Gabbana"},"content":{"rendered":"<p>Caf\u00e9 moulu \u2013 Perfetto Moka Irresistibile<\/p>\n<p>Le caf\u00e9 Perfetto Moka Irresistibile est le r\u00e9sultat de la rencontre entre l\u2019art savant des ma\u00eetres torr\u00e9facteurs de Bialetti et le flair cr\u00e9atif de Dolce&amp;Gabbana.<\/p>\n<p>Le m\u00e9lange pr\u00e9cieux de 80% d\u2019Arabica et 20% de Robusta fait du Perfetto Moka Irresistibile un caf\u00e9 au go\u00fbt rond et d\u00e9licat, dans lequel l\u2019ample bouquet de notes florales et fruit\u00e9es se m\u00eale aux notes app\u00e9tissantes de noisette et de cacao, dans une fusion sophistiqu\u00e9e d\u2019ar\u00f4mes typiques de la tradition italienne.<\/p>\n<p>Pr\u00e9sent\u00e9 dans une bo\u00eete exclusive, embellie par la cr\u00e9ativit\u00e9 de Dolce&amp;Gabbana inspir\u00e9e des motifs du Carretto sicilien, Perfetto Moka Irresistibile est un caf\u00e9 qui conquiert aussi bien l\u2019\u0153il que le palais.<\/p>\n<p>Intensit\u00e9 : 8<\/p>\n<p>A conserver dans un endroit frais et sec, \u00e0 l\u2019abri des sources de chaleur et d\u2019humidit\u00e9.<\/p>\n<p>Ingr\u00e9dients<\/p>\n<p>Caf\u00e9 torr\u00e9fi\u00e9 et moulu.<\/p>\n<p>80% Arabica, 20% Robusta.<\/p>\n<p>Intensit\u00e9 : 8<\/p>\n<p>Mat\u00e9riaux<\/p>\n<p>Sachet de 200 g avec<\/p>\n<p>valve de protection de l\u2019ar\u00f4me : C\/LDPE 90<\/p>\n<p>Emballage : bo\u00eete de conserve<\/p>\n","protected":false},"excerpt":{"rendered":"<p>Caf\u00e9 moulu \u2013 Perfetto Moka Irresistibile Le caf\u00e9 Perfetto Moka Irresistibile est le r\u00e9sultat de la rencontre entre l\u2019art savant des ma\u00eetres torr\u00e9facteurs de Bialetti et le flair cr\u00e9atif de Dolce&amp;Gabbana. Le m\u00e9lange pr\u00e9cieux de 80% d\u2019Arabica et 20% de Robusta fait du Perfetto Moka Irresistibile un caf\u00e9 au go\u00fbt rond et d\u00e9licat, dans lequel [&hellip;]<\/p>\n","protected":false},"featured_media":6292723,"template":"","meta":{"_acf_changed":false},"product_cat":[12047],"product_tag":[],"class_list":{"0":"post-63290","1":"product","2":"type-product","3":"status-publish","4":"has-post-thumbnail","6":"product_cat-grains-de-cafe","8":"first","9":"instock","10":"taxable","11":"shipping-taxable","12":"purchasable","13":"product-type-simple","swatches":"rey-swatches","show_selected":"","stretch_labels":"rey-swatches--stretch-labels"},"acf":[],"yoast_head":"<!-- This site is optimized with the Yoast SEO plugin v25.4 - https:\/\/yoast.com\/wordpress\/plugins\/seo\/ -->\n<title>BIALETTI Bocal avec Moka parfait Irresistible Dolce et Gabbana - dev6 Erresse<\/title>\n<meta name=\"description\" content=\"Caf\u00e9 moulu \u2013 Perfetto Moka Irresistibile Le caf\u00e9 Perfetto Moka Irresistibile est le r\u00e9sultat de la rencontre entre l\u2019art savant des ma\u00eetres torr\u00e9facteurs\" \/>\n<meta name=\"robots\" content=\"noindex, follow, max-snippet:-1, max-image-preview:large, max-video-preview:-1\" \/>\n<meta property=\"og:locale\" content=\"fr_FR\" \/>\n<meta property=\"og:type\" content=\"article\" \/>\n<meta property=\"og:title\" content=\"BIALETTI Bocal avec Moka parfait Irresistible Dolce et Gabbana - dev6 Erresse\" \/>\n<meta property=\"og:description\" content=\"Caf\u00e9 moulu \u2013 Perfetto Moka Irresistibile Le caf\u00e9 Perfetto Moka Irresistibile est le r\u00e9sultat de la rencontre entre l\u2019art savant des ma\u00eetres torr\u00e9facteurs\" \/>\n<meta property=\"og:url\" content=\"https:\/\/dev6.erresse-shop.it\/fr\/shop\/cafe\/grains-de-cafe\/bialetti-bocal-avec-moka-parfait-irresistible-dolce-et-gabbana\/\" \/>\n<meta property=\"og:site_name\" content=\"dev6 Erresse\" \/>\n<meta property=\"og:image\" content=\"https:\/\/interpim.erresse-shop.it\/Import\/Prodotti\/bialetti-barattolo-con-perfetto-moka-irresistibile-dolce-e-gabbana.jpg\" \/><meta property=\"og:image\" content=\"https:\/\/interpim.erresse-shop.it\/Import\/Prodotti\/bialetti-barattolo-con-perfetto-moka-irresistibile-dolce-e-gabbana.jpg\" \/>\n\t<meta property=\"og:image:width\" content=\"1024\" \/>\n\t<meta property=\"og:image:height\" content=\"1024\" \/>\n\t<meta property=\"og:image:type\" content=\"image\/jpeg\" \/>\n<meta name=\"twitter:card\" content=\"summary_large_image\" \/>\n<meta name=\"twitter:image\" content=\"https:\/\/interpim.erresse-shop.it\/Import\/Prodotti\/bialetti-barattolo-con-perfetto-moka-irresistibile-dolce-e-gabbana.jpg\" \/>\n<script type=\"application\/ld+json\" class=\"yoast-schema-graph\">{\"@context\":\"https:\/\/schema.org\",\"@graph\":[{\"@type\":\"WebPage\",\"@id\":\"https:\/\/dev6.erresse-shop.it\/fr\/shop\/cafe\/grains-de-cafe\/bialetti-bocal-avec-moka-parfait-irresistible-dolce-et-gabbana\/\",\"url\":\"https:\/\/dev6.erresse-shop.it\/fr\/shop\/cafe\/grains-de-cafe\/bialetti-bocal-avec-moka-parfait-irresistible-dolce-et-gabbana\/\",\"name\":\"BIALETTI Bocal avec Moka parfait Irresistible Dolce et Gabbana - dev6 Erresse\",\"isPartOf\":{\"@id\":\"https:\/\/dev6.erresse-shop.it\/#website\"},\"primaryImageOfPage\":{\"@id\":\"https:\/\/dev6.erresse-shop.it\/fr\/shop\/cafe\/grains-de-cafe\/bialetti-bocal-avec-moka-parfait-irresistible-dolce-et-gabbana\/#primaryimage\"},\"image\":{\"@id\":\"https:\/\/dev6.erresse-shop.it\/fr\/shop\/cafe\/grains-de-cafe\/bialetti-bocal-avec-moka-parfait-irresistible-dolce-et-gabbana\/#primaryimage\"},\"thumbnailUrl\":\"https:\/\/i1.wp.com\/interpim.erresse-shop.it\/Import\/Prodotti\/bialetti-barattolo-con-perfetto-moka-irresistibile-dolce-e-gabbana.jpg?ssl=1\",\"datePublished\":\"2026-04-04T11:02:50+00:00\",\"description\":\"Caf\u00e9 moulu \u2013 Perfetto Moka Irresistibile Le caf\u00e9 Perfetto Moka Irresistibile est le r\u00e9sultat de la rencontre entre l\u2019art savant des ma\u00eetres torr\u00e9facteurs\",\"breadcrumb\":{\"@id\":\"https:\/\/dev6.erresse-shop.it\/fr\/shop\/cafe\/grains-de-cafe\/bialetti-bocal-avec-moka-parfait-irresistible-dolce-et-gabbana\/#breadcrumb\"},\"inLanguage\":\"fr-FR\",\"potentialAction\":[{\"@type\":\"ReadAction\",\"target\":[\"https:\/\/dev6.erresse-shop.it\/fr\/shop\/cafe\/grains-de-cafe\/bialetti-bocal-avec-moka-parfait-irresistible-dolce-et-gabbana\/\"]}]},{\"@type\":\"ImageObject\",\"inLanguage\":\"fr-FR\",\"@id\":\"https:\/\/dev6.erresse-shop.it\/fr\/shop\/cafe\/grains-de-cafe\/bialetti-bocal-avec-moka-parfait-irresistible-dolce-et-gabbana\/#primaryimage\",\"url\":\"https:\/\/i1.wp.com\/interpim.erresse-shop.it\/Import\/Prodotti\/bialetti-barattolo-con-perfetto-moka-irresistibile-dolce-e-gabbana.jpg?ssl=1\",\"contentUrl\":\"https:\/\/i1.wp.com\/interpim.erresse-shop.it\/Import\/Prodotti\/bialetti-barattolo-con-perfetto-moka-irresistibile-dolce-e-gabbana.jpg?ssl=1\"},{\"@type\":\"BreadcrumbList\",\"@id\":\"https:\/\/dev6.erresse-shop.it\/fr\/shop\/cafe\/grains-de-cafe\/bialetti-bocal-avec-moka-parfait-irresistible-dolce-et-gabbana\/#breadcrumb\",\"itemListElement\":[{\"@type\":\"ListItem\",\"position\":1,\"name\":\"Home\",\"item\":\"https:\/\/dev6.erresse-shop.it\/\"},{\"@type\":\"ListItem\",\"position\":2,\"name\":\"Boutique\",\"item\":\"https:\/\/dev6.erresse-shop.it\/shop\/\"},{\"@type\":\"ListItem\",\"position\":3,\"name\":\"BIALETTI Bocal avec Moka parfait Irresistible Dolce et Gabbana\"}]},{\"@type\":\"WebSite\",\"@id\":\"https:\/\/dev6.erresse-shop.it\/#website\",\"url\":\"https:\/\/dev6.erresse-shop.it\/\",\"name\":\"Erresse Shop\",\"description\":\"\",\"publisher\":{\"@id\":\"https:\/\/dev6.erresse-shop.it\/#organization\"},\"potentialAction\":[{\"@type\":\"SearchAction\",\"target\":{\"@type\":\"EntryPoint\",\"urlTemplate\":\"https:\/\/dev6.erresse-shop.it\/?s={search_term_string}\"},\"query-input\":{\"@type\":\"PropertyValueSpecification\",\"valueRequired\":true,\"valueName\":\"search_term_string\"}}],\"inLanguage\":\"fr-FR\"},{\"@type\":\"Organization\",\"@id\":\"https:\/\/dev6.erresse-shop.it\/#organization\",\"name\":\"Erresse Shop\",\"url\":\"https:\/\/dev6.erresse-shop.it\/\",\"logo\":{\"@type\":\"ImageObject\",\"inLanguage\":\"fr-FR\",\"@id\":\"https:\/\/dev6.erresse-shop.it\/#\/schema\/logo\/image\/\",\"url\":\"https:\/\/dev6.erresse-shop.it\/wp-content\/uploads\/2025\/01\/LOGO-ERRESSE-CLASSICO.svg\",\"contentUrl\":\"https:\/\/dev6.erresse-shop.it\/wp-content\/uploads\/2025\/01\/LOGO-ERRESSE-CLASSICO.svg\",\"caption\":\"Erresse Shop\"},\"image\":{\"@id\":\"https:\/\/dev6.erresse-shop.it\/#\/schema\/logo\/image\/\"}}]}<\/script>\n<!-- \/ Yoast SEO plugin. -->","yoast_head_json":{"title":"BIALETTI Bocal avec Moka parfait Irresistible Dolce et Gabbana - dev6 Erresse","description":"Caf\u00e9 moulu \u2013 Perfetto Moka Irresistibile Le caf\u00e9 Perfetto Moka Irresistibile est le r\u00e9sultat de la rencontre entre l\u2019art savant des ma\u00eetres torr\u00e9facteurs","robots":{"index":"noindex","follow":"follow","max-snippet":"max-snippet:-1","max-image-preview":"max-image-preview:large","max-video-preview":"max-video-preview:-1"},"og_locale":"fr_FR","og_type":"article","og_title":"BIALETTI Bocal avec Moka parfait Irresistible Dolce et Gabbana - dev6 Erresse","og_description":"Caf\u00e9 moulu \u2013 Perfetto Moka Irresistibile Le caf\u00e9 Perfetto Moka Irresistibile est le r\u00e9sultat de la rencontre entre l\u2019art savant des ma\u00eetres torr\u00e9facteurs","og_url":"https:\/\/dev6.erresse-shop.it\/fr\/shop\/cafe\/grains-de-cafe\/bialetti-bocal-avec-moka-parfait-irresistible-dolce-et-gabbana\/","og_site_name":"dev6 Erresse","og_image":[{"url":"https:\/\/interpim.erresse-shop.it\/Import\/Prodotti\/bialetti-barattolo-con-perfetto-moka-irresistibile-dolce-e-gabbana.jpg","type":"","width":"","height":""},{"url":"https:\/\/interpim.erresse-shop.it\/Import\/Prodotti\/bialetti-barattolo-con-perfetto-moka-irresistibile-dolce-e-gabbana.jpg","width":1024,"height":1024,"type":"image\/jpeg"}],"twitter_card":"summary_large_image","twitter_image":"https:\/\/interpim.erresse-shop.it\/Import\/Prodotti\/bialetti-barattolo-con-perfetto-moka-irresistibile-dolce-e-gabbana.jpg","schema":{"@context":"https:\/\/schema.org","@graph":[{"@type":"WebPage","@id":"https:\/\/dev6.erresse-shop.it\/fr\/shop\/cafe\/grains-de-cafe\/bialetti-bocal-avec-moka-parfait-irresistible-dolce-et-gabbana\/","url":"https:\/\/dev6.erresse-shop.it\/fr\/shop\/cafe\/grains-de-cafe\/bialetti-bocal-avec-moka-parfait-irresistible-dolce-et-gabbana\/","name":"BIALETTI Bocal avec Moka parfait Irresistible Dolce et Gabbana - dev6 Erresse","isPartOf":{"@id":"https:\/\/dev6.erresse-shop.it\/#website"},"primaryImageOfPage":{"@id":"https:\/\/dev6.erresse-shop.it\/fr\/shop\/cafe\/grains-de-cafe\/bialetti-bocal-avec-moka-parfait-irresistible-dolce-et-gabbana\/#primaryimage"},"image":{"@id":"https:\/\/dev6.erresse-shop.it\/fr\/shop\/cafe\/grains-de-cafe\/bialetti-bocal-avec-moka-parfait-irresistible-dolce-et-gabbana\/#primaryimage"},"thumbnailUrl":"https:\/\/i1.wp.com\/interpim.erresse-shop.it\/Import\/Prodotti\/bialetti-barattolo-con-perfetto-moka-irresistibile-dolce-e-gabbana.jpg?ssl=1","datePublished":"2026-04-04T11:02:50+00:00","description":"Caf\u00e9 moulu \u2013 Perfetto Moka Irresistibile Le caf\u00e9 Perfetto Moka Irresistibile est le r\u00e9sultat de la rencontre entre l\u2019art savant des ma\u00eetres torr\u00e9facteurs","breadcrumb":{"@id":"https:\/\/dev6.erresse-shop.it\/fr\/shop\/cafe\/grains-de-cafe\/bialetti-bocal-avec-moka-parfait-irresistible-dolce-et-gabbana\/#breadcrumb"},"inLanguage":"fr-FR","potentialAction":[{"@type":"ReadAction","target":["https:\/\/dev6.erresse-shop.it\/fr\/shop\/cafe\/grains-de-cafe\/bialetti-bocal-avec-moka-parfait-irresistible-dolce-et-gabbana\/"]}]},{"@type":"ImageObject","inLanguage":"fr-FR","@id":"https:\/\/dev6.erresse-shop.it\/fr\/shop\/cafe\/grains-de-cafe\/bialetti-bocal-avec-moka-parfait-irresistible-dolce-et-gabbana\/#primaryimage","url":"https:\/\/i1.wp.com\/interpim.erresse-shop.it\/Import\/Prodotti\/bialetti-barattolo-con-perfetto-moka-irresistibile-dolce-e-gabbana.jpg?ssl=1","contentUrl":"https:\/\/i1.wp.com\/interpim.erresse-shop.it\/Import\/Prodotti\/bialetti-barattolo-con-perfetto-moka-irresistibile-dolce-e-gabbana.jpg?ssl=1"},{"@type":"BreadcrumbList","@id":"https:\/\/dev6.erresse-shop.it\/fr\/shop\/cafe\/grains-de-cafe\/bialetti-bocal-avec-moka-parfait-irresistible-dolce-et-gabbana\/#breadcrumb","itemListElement":[{"@type":"ListItem","position":1,"name":"Home","item":"https:\/\/dev6.erresse-shop.it\/"},{"@type":"ListItem","position":2,"name":"Boutique","item":"https:\/\/dev6.erresse-shop.it\/shop\/"},{"@type":"ListItem","position":3,"name":"BIALETTI Bocal avec Moka parfait Irresistible Dolce et Gabbana"}]},{"@type":"WebSite","@id":"https:\/\/dev6.erresse-shop.it\/#website","url":"https:\/\/dev6.erresse-shop.it\/","name":"Erresse Shop","description":"","publisher":{"@id":"https:\/\/dev6.erresse-shop.it\/#organization"},"potentialAction":[{"@type":"SearchAction","target":{"@type":"EntryPoint","urlTemplate":"https:\/\/dev6.erresse-shop.it\/?s={search_term_string}"},"query-input":{"@type":"PropertyValueSpecification","valueRequired":true,"valueName":"search_term_string"}}],"inLanguage":"fr-FR"},{"@type":"Organization","@id":"https:\/\/dev6.erresse-shop.it\/#organization","name":"Erresse Shop","url":"https:\/\/dev6.erresse-shop.it\/","logo":{"@type":"ImageObject","inLanguage":"fr-FR","@id":"https:\/\/dev6.erresse-shop.it\/#\/schema\/logo\/image\/","url":"https:\/\/dev6.erresse-shop.it\/wp-content\/uploads\/2025\/01\/LOGO-ERRESSE-CLASSICO.svg","contentUrl":"https:\/\/dev6.erresse-shop.it\/wp-content\/uploads\/2025\/01\/LOGO-ERRESSE-CLASSICO.svg","caption":"Erresse Shop"},"image":{"@id":"https:\/\/dev6.erresse-shop.it\/#\/schema\/logo\/image\/"}}]}},"df_price":15,"df_sale_price":"","df_regular_price":15,"df_image_link":"https:\/\/i1.wp.com\/interpim.erresse-shop.it\/Import\/Prodotti\/bialetti-barattolo-con-perfetto-moka-irresistibile-dolce-e-gabbana.jpg?resize=300,300&ssl=1","fifu_image_url":"https:\/\/interpim.erresse-shop.it\/Import\/Prodotti\/bialetti-barattolo-con-perfetto-moka-irresistibile-dolce-e-gabbana.jpg","_links":{"self":[{"href":"https:\/\/dev6.erresse-shop.it\/fr\/wp-json\/wp\/v2\/product\/63290","targetHints":{"allow":["GET"]}}],"collection":[{"href":"https:\/\/dev6.erresse-shop.it\/fr\/wp-json\/wp\/v2\/product"}],"about":[{"href":"https:\/\/dev6.erresse-shop.it\/fr\/wp-json\/wp\/v2\/types\/product"}],"wp:featuredmedia":[{"embeddable":true,"href":"https:\/\/dev6.erresse-shop.it\/fr\/wp-json\/wp\/v2\/media\/6292723"}],"wp:attachment":[{"href":"https:\/\/dev6.erresse-shop.it\/fr\/wp-json\/wp\/v2\/media?parent=63290"}],"wp:term":[{"taxonomy":"product_cat","embeddable":true,"href":"https:\/\/dev6.erresse-shop.it\/fr\/wp-json\/wp\/v2\/product_cat?post=63290"},{"taxonomy":"product_tag","embeddable":true,"href":"https:\/\/dev6.erresse-shop.it\/fr\/wp-json\/wp\/v2\/product_tag?post=63290"}],"curies":[{"name":"wp","href":"https:\/\/api.w.org\/{rel}","templated":true}]}}