{"id":63284,"date":"2026-04-12T10:31:27","date_gmt":"2026-04-12T08:31:27","guid":{"rendered":"https:\/\/dev6.erresse-shop.it\/shop\/non%20class\u00e9\/bialetti-moka-induction-2-tasses-dolce-e-gabbana\/"},"modified":"2025-07-04T17:39:29","modified_gmt":"2025-07-04T15:39:29","slug":"bialetti-moka-induction-2-tasses-dolce-e-gabbana","status":"publish","type":"product","link":"https:\/\/dev6.erresse-shop.it\/fr\/shop\/cuisine\/cafetieres\/bialetti-moka-induction-2-tasses-dolce-e-gabbana\/","title":{"rendered":"BIALETTI Moka Induction 2 tasses Dolce e Gabbana"},"content":{"rendered":"<p>Induction Moka Bialetti Dolce&amp;Gabbana | Chariot sicilien<\/p>\n<p>Deux ic\u00f4nes de la tradition du Made in Italy s\u2019unissent pour c\u00e9l\u00e9brer la beaut\u00e9 du rituel du caf\u00e9 \u00e0 l\u2019italienne. C\u2019est ainsi qu\u2019est n\u00e9e l\u2019exquise Moka Induction Bialetti Dolce&amp;Gabbana, une cafeti\u00e8re innovante adapt\u00e9e aux plaques de cuisson \u00e0 induction. Gr\u00e2ce \u00e0 la technologie de la chaudi\u00e8re \u00e0 double couche, ce produit offre des performances \u00e9lev\u00e9es : une couche ext\u00e9rieure en acier permet de l\u2019utiliser sur des plaques \u00e0 induction, tandis qu\u2019une couche int\u00e9rieure en aluminium garantit une distribution uniforme de la chaleur.<\/p>\n<p>La Moka Induction est un v\u00e9ritable chef-d\u2019\u0153uvre de style et constitue une id\u00e9e de cadeau parfaite. Elle transforme le simple rituel du caf\u00e9 en une c\u00e9l\u00e9bration de l\u2019excellence italienne, nous invitant \u00e0 savourer l\u2019art et la passion de Dolce&amp;Gabbana dans chaque tasse.<\/p>\n<p>Comment pr\u00e9parer le caf\u00e9 ?<\/p>\n<p>Pour pr\u00e9parer un excellent caf\u00e9, il suffit de verser l\u2019eau dans la chaudi\u00e8re jusqu\u2019\u00e0 la soupape de s\u00e9curit\u00e9, d\u2019ins\u00e9rer l\u2019entonnoir et d\u2019ajouter le caf\u00e9 moulu pour le moka sans appuyer.<\/p>\n<p>Fermez bien la cafeti\u00e8re moka et placez-la sur le feu \u00e0 temp\u00e9rature moyenne.<\/p>\n<p>Attendez que le caf\u00e9 bouillonne en montant dans le collecteur (chambre sup\u00e9rieure), \u00e9teignez la plaque de cuisson et d\u00e9gustez un bon caf\u00e9 !<\/p>\n<p>Instructions de nettoyage :<\/p>\n<p>La Bialetti Moka Induction doit \u00eatre rinc\u00e9e \u00e0 l\u2019eau apr\u00e8s chaque utilisation.<\/p>\n<p>Ne pas utiliser de d\u00e9tergents.<\/p>\n<p>Le produit ne doit pas \u00eatre lav\u00e9 au lave-vaisselle car cela pourrait l\u2019endommager et alt\u00e9rer le go\u00fbt du caf\u00e9.<\/p>\n<p>Chariot Moka Sicilien \u00e0 induction 2 tasses :<\/p>\n<p>\u2013 Dimensions : 10,5 cm x 16 cm x 12,5 cm<\/p>\n<p>\u2013 Dimensions en pouces : 4.1\u2033 x 6.2\u2033 x 4.9\u2033<\/p>\n<p>\u2013 Capacit\u00e9 : 90 ML \u2013 3 OZ, \u00e9quivalent \u00e0 2 tasses de caf\u00e9 infus\u00e9<\/p>\n<p>Chariot sicilien \u00e0 induction Moka 4 tasses :<\/p>\n<p>\u2013 Dimensions : 11.5 cm x 17.5 cm x 14 cm<\/p>\n<p>\u2013 Dimensions en pouces : 4.5\u2033 x 6.8\u2033 x 5.5\u2033<\/p>\n<p>\u2013 Capacit\u00e9 : 190 ML \u2013 6.4 OZ, \u00e9quivalent \u00e0 4 tasses de caf\u00e9 infus\u00e9<\/p>\n<p>Fabriqu\u00e9 en Italie<\/p>\n<p>Le mat\u00e9riau de la chaudi\u00e8re \u00e0 deux couches (3,5 mm d\u2019\u00e9paisseur) garantit une distribution parfaite de la chaleur : aluminium \u00e0 l\u2019int\u00e9rieur, acier \u00e0 l\u2019ext\u00e9rieur.<\/p>\n<p>Poign\u00e9e et bouton en plastique PA66 peint au toucher doux.<\/p>\n<p>Soupape de s\u00e9curit\u00e9 facile \u00e0 nettoyer.<\/p>\n<p>Compatible avec les plaques \u00e9lectriques, \u00e0 gaz et \u00e0 induction.<\/p>\n<p>Chaque Moka Induction Bialetti Dolce&amp;Gabbana pr\u00e9sente des caract\u00e9ristiques distinctives li\u00e9es aux variations dans la position des motifs d\u00e9coratifs sur le collecteur.<\/p>\n<p>Rincer apr\u00e8s chaque utilisation \u00e0 l\u2019eau ti\u00e8de, en \u00e9vitant les d\u00e9tergents et les mat\u00e9riaux abrasifs.<\/p>\n<p>Ne convient pas au lave-vaisselle.<\/p>\n","protected":false},"excerpt":{"rendered":"<p>Induction Moka Bialetti Dolce&amp;Gabbana | Chariot sicilien Deux ic\u00f4nes de la tradition du Made in Italy s\u2019unissent pour c\u00e9l\u00e9brer la beaut\u00e9 du rituel du caf\u00e9 \u00e0 l\u2019italienne. C\u2019est ainsi qu\u2019est n\u00e9e l\u2019exquise Moka Induction Bialetti Dolce&amp;Gabbana, une cafeti\u00e8re innovante adapt\u00e9e aux plaques de cuisson \u00e0 induction. Gr\u00e2ce \u00e0 la technologie de la chaudi\u00e8re \u00e0 double [&hellip;]<\/p>\n","protected":false},"featured_media":6366537,"template":"","meta":{"_acf_changed":false},"product_cat":[12002,11668,11992],"product_tag":[],"class_list":{"0":"post-63284","1":"product","2":"type-product","3":"status-publish","4":"has-post-thumbnail","6":"product_cat-cafetieres","7":"product_cat-cucina","8":"product_cat-cuisine","10":"first","11":"instock","12":"sale","13":"taxable","14":"shipping-taxable","15":"purchasable","16":"product-type-simple","swatches":"rey-swatches","show_selected":"","stretch_labels":"rey-swatches--stretch-labels"},"acf":[],"yoast_head":"<!-- This site is optimized with the Yoast SEO plugin v25.4 - https:\/\/yoast.com\/wordpress\/plugins\/seo\/ -->\n<title>BIALETTI Moka Induction 2 tasses Dolce e Gabbana - dev6 Erresse<\/title>\n<meta name=\"description\" content=\"Induction Moka Bialetti Dolce&amp;Gabbana | Chariot sicilien Deux ic\u00f4nes de la tradition du Made in Italy s\u2019unissent pour c\u00e9l\u00e9brer la beaut\u00e9 du rituel du\" \/>\n<meta name=\"robots\" content=\"noindex, follow, max-snippet:-1, max-image-preview:large, max-video-preview:-1\" \/>\n<meta property=\"og:locale\" content=\"fr_FR\" \/>\n<meta property=\"og:type\" content=\"article\" \/>\n<meta property=\"og:title\" content=\"BIALETTI Moka Induction 2 tasses Dolce e Gabbana - dev6 Erresse\" \/>\n<meta property=\"og:description\" content=\"Induction Moka Bialetti Dolce&amp;Gabbana | Chariot sicilien Deux ic\u00f4nes de la tradition du Made in Italy s\u2019unissent pour c\u00e9l\u00e9brer la beaut\u00e9 du rituel du\" \/>\n<meta property=\"og:url\" content=\"https:\/\/dev6.erresse-shop.it\/fr\/shop\/cuisine\/cafetieres\/bialetti-moka-induction-2-tasses-dolce-e-gabbana\/\" \/>\n<meta property=\"og:site_name\" content=\"dev6 Erresse\" \/>\n<meta property=\"og:image\" content=\"https:\/\/interpim.erresse-shop.it\/Import\/Prodotti\/bialetti-dolce-e-gabbana-2-tz-induzione.jpg\" \/><meta property=\"og:image\" content=\"https:\/\/interpim.erresse-shop.it\/Import\/Prodotti\/bialetti-dolce-e-gabbana-2-tz-induzione.jpg\" \/>\n\t<meta property=\"og:image:width\" content=\"1024\" \/>\n\t<meta property=\"og:image:height\" content=\"1024\" \/>\n\t<meta property=\"og:image:type\" content=\"image\/jpeg\" \/>\n<meta name=\"twitter:card\" content=\"summary_large_image\" \/>\n<meta name=\"twitter:image\" content=\"https:\/\/interpim.erresse-shop.it\/Import\/Prodotti\/bialetti-dolce-e-gabbana-2-tz-induzione.jpg\" \/>\n<script type=\"application\/ld+json\" class=\"yoast-schema-graph\">{\"@context\":\"https:\/\/schema.org\",\"@graph\":[{\"@type\":\"WebPage\",\"@id\":\"https:\/\/dev6.erresse-shop.it\/fr\/shop\/cuisine\/cafetieres\/bialetti-moka-induction-2-tasses-dolce-e-gabbana\/\",\"url\":\"https:\/\/dev6.erresse-shop.it\/fr\/shop\/cuisine\/cafetieres\/bialetti-moka-induction-2-tasses-dolce-e-gabbana\/\",\"name\":\"BIALETTI Moka Induction 2 tasses Dolce e Gabbana - dev6 Erresse\",\"isPartOf\":{\"@id\":\"https:\/\/dev6.erresse-shop.it\/#website\"},\"primaryImageOfPage\":{\"@id\":\"https:\/\/dev6.erresse-shop.it\/fr\/shop\/cuisine\/cafetieres\/bialetti-moka-induction-2-tasses-dolce-e-gabbana\/#primaryimage\"},\"image\":{\"@id\":\"https:\/\/dev6.erresse-shop.it\/fr\/shop\/cuisine\/cafetieres\/bialetti-moka-induction-2-tasses-dolce-e-gabbana\/#primaryimage\"},\"thumbnailUrl\":\"https:\/\/i0.wp.com\/interpim.erresse-shop.it\/Import\/Prodotti\/bialetti-dolce-e-gabbana-2-tz-induzione.jpg?ssl=1\",\"datePublished\":\"2026-04-12T08:31:27+00:00\",\"description\":\"Induction Moka Bialetti Dolce&amp;Gabbana | Chariot sicilien Deux ic\u00f4nes de la tradition du Made in Italy s\u2019unissent pour c\u00e9l\u00e9brer la beaut\u00e9 du rituel du\",\"breadcrumb\":{\"@id\":\"https:\/\/dev6.erresse-shop.it\/fr\/shop\/cuisine\/cafetieres\/bialetti-moka-induction-2-tasses-dolce-e-gabbana\/#breadcrumb\"},\"inLanguage\":\"fr-FR\",\"potentialAction\":[{\"@type\":\"ReadAction\",\"target\":[\"https:\/\/dev6.erresse-shop.it\/fr\/shop\/cuisine\/cafetieres\/bialetti-moka-induction-2-tasses-dolce-e-gabbana\/\"]}]},{\"@type\":\"ImageObject\",\"inLanguage\":\"fr-FR\",\"@id\":\"https:\/\/dev6.erresse-shop.it\/fr\/shop\/cuisine\/cafetieres\/bialetti-moka-induction-2-tasses-dolce-e-gabbana\/#primaryimage\",\"url\":\"https:\/\/i0.wp.com\/interpim.erresse-shop.it\/Import\/Prodotti\/bialetti-dolce-e-gabbana-2-tz-induzione.jpg?ssl=1\",\"contentUrl\":\"https:\/\/i0.wp.com\/interpim.erresse-shop.it\/Import\/Prodotti\/bialetti-dolce-e-gabbana-2-tz-induzione.jpg?ssl=1\"},{\"@type\":\"BreadcrumbList\",\"@id\":\"https:\/\/dev6.erresse-shop.it\/fr\/shop\/cuisine\/cafetieres\/bialetti-moka-induction-2-tasses-dolce-e-gabbana\/#breadcrumb\",\"itemListElement\":[{\"@type\":\"ListItem\",\"position\":1,\"name\":\"Home\",\"item\":\"https:\/\/dev6.erresse-shop.it\/\"},{\"@type\":\"ListItem\",\"position\":2,\"name\":\"Boutique\",\"item\":\"https:\/\/dev6.erresse-shop.it\/shop\/\"},{\"@type\":\"ListItem\",\"position\":3,\"name\":\"BIALETTI Moka Induction 2 tasses Dolce e Gabbana\"}]},{\"@type\":\"WebSite\",\"@id\":\"https:\/\/dev6.erresse-shop.it\/#website\",\"url\":\"https:\/\/dev6.erresse-shop.it\/\",\"name\":\"Erresse Shop\",\"description\":\"\",\"publisher\":{\"@id\":\"https:\/\/dev6.erresse-shop.it\/#organization\"},\"potentialAction\":[{\"@type\":\"SearchAction\",\"target\":{\"@type\":\"EntryPoint\",\"urlTemplate\":\"https:\/\/dev6.erresse-shop.it\/?s={search_term_string}\"},\"query-input\":{\"@type\":\"PropertyValueSpecification\",\"valueRequired\":true,\"valueName\":\"search_term_string\"}}],\"inLanguage\":\"fr-FR\"},{\"@type\":\"Organization\",\"@id\":\"https:\/\/dev6.erresse-shop.it\/#organization\",\"name\":\"Erresse Shop\",\"url\":\"https:\/\/dev6.erresse-shop.it\/\",\"logo\":{\"@type\":\"ImageObject\",\"inLanguage\":\"fr-FR\",\"@id\":\"https:\/\/dev6.erresse-shop.it\/#\/schema\/logo\/image\/\",\"url\":\"https:\/\/dev6.erresse-shop.it\/wp-content\/uploads\/2025\/01\/LOGO-ERRESSE-CLASSICO.svg\",\"contentUrl\":\"https:\/\/dev6.erresse-shop.it\/wp-content\/uploads\/2025\/01\/LOGO-ERRESSE-CLASSICO.svg\",\"caption\":\"Erresse Shop\"},\"image\":{\"@id\":\"https:\/\/dev6.erresse-shop.it\/#\/schema\/logo\/image\/\"}}]}<\/script>\n<!-- \/ Yoast SEO plugin. -->","yoast_head_json":{"title":"BIALETTI Moka Induction 2 tasses Dolce e Gabbana - dev6 Erresse","description":"Induction Moka Bialetti Dolce&amp;Gabbana | Chariot sicilien Deux ic\u00f4nes de la tradition du Made in Italy s\u2019unissent pour c\u00e9l\u00e9brer la beaut\u00e9 du rituel du","robots":{"index":"noindex","follow":"follow","max-snippet":"max-snippet:-1","max-image-preview":"max-image-preview:large","max-video-preview":"max-video-preview:-1"},"og_locale":"fr_FR","og_type":"article","og_title":"BIALETTI Moka Induction 2 tasses Dolce e Gabbana - dev6 Erresse","og_description":"Induction Moka Bialetti Dolce&amp;Gabbana | Chariot sicilien Deux ic\u00f4nes de la tradition du Made in Italy s\u2019unissent pour c\u00e9l\u00e9brer la beaut\u00e9 du rituel du","og_url":"https:\/\/dev6.erresse-shop.it\/fr\/shop\/cuisine\/cafetieres\/bialetti-moka-induction-2-tasses-dolce-e-gabbana\/","og_site_name":"dev6 Erresse","og_image":[{"url":"https:\/\/interpim.erresse-shop.it\/Import\/Prodotti\/bialetti-dolce-e-gabbana-2-tz-induzione.jpg","type":"","width":"","height":""},{"url":"https:\/\/interpim.erresse-shop.it\/Import\/Prodotti\/bialetti-dolce-e-gabbana-2-tz-induzione.jpg","width":1024,"height":1024,"type":"image\/jpeg"}],"twitter_card":"summary_large_image","twitter_image":"https:\/\/interpim.erresse-shop.it\/Import\/Prodotti\/bialetti-dolce-e-gabbana-2-tz-induzione.jpg","schema":{"@context":"https:\/\/schema.org","@graph":[{"@type":"WebPage","@id":"https:\/\/dev6.erresse-shop.it\/fr\/shop\/cuisine\/cafetieres\/bialetti-moka-induction-2-tasses-dolce-e-gabbana\/","url":"https:\/\/dev6.erresse-shop.it\/fr\/shop\/cuisine\/cafetieres\/bialetti-moka-induction-2-tasses-dolce-e-gabbana\/","name":"BIALETTI Moka Induction 2 tasses Dolce e Gabbana - dev6 Erresse","isPartOf":{"@id":"https:\/\/dev6.erresse-shop.it\/#website"},"primaryImageOfPage":{"@id":"https:\/\/dev6.erresse-shop.it\/fr\/shop\/cuisine\/cafetieres\/bialetti-moka-induction-2-tasses-dolce-e-gabbana\/#primaryimage"},"image":{"@id":"https:\/\/dev6.erresse-shop.it\/fr\/shop\/cuisine\/cafetieres\/bialetti-moka-induction-2-tasses-dolce-e-gabbana\/#primaryimage"},"thumbnailUrl":"https:\/\/i0.wp.com\/interpim.erresse-shop.it\/Import\/Prodotti\/bialetti-dolce-e-gabbana-2-tz-induzione.jpg?ssl=1","datePublished":"2026-04-12T08:31:27+00:00","description":"Induction Moka Bialetti Dolce&amp;Gabbana | Chariot sicilien Deux ic\u00f4nes de la tradition du Made in Italy s\u2019unissent pour c\u00e9l\u00e9brer la beaut\u00e9 du rituel du","breadcrumb":{"@id":"https:\/\/dev6.erresse-shop.it\/fr\/shop\/cuisine\/cafetieres\/bialetti-moka-induction-2-tasses-dolce-e-gabbana\/#breadcrumb"},"inLanguage":"fr-FR","potentialAction":[{"@type":"ReadAction","target":["https:\/\/dev6.erresse-shop.it\/fr\/shop\/cuisine\/cafetieres\/bialetti-moka-induction-2-tasses-dolce-e-gabbana\/"]}]},{"@type":"ImageObject","inLanguage":"fr-FR","@id":"https:\/\/dev6.erresse-shop.it\/fr\/shop\/cuisine\/cafetieres\/bialetti-moka-induction-2-tasses-dolce-e-gabbana\/#primaryimage","url":"https:\/\/i0.wp.com\/interpim.erresse-shop.it\/Import\/Prodotti\/bialetti-dolce-e-gabbana-2-tz-induzione.jpg?ssl=1","contentUrl":"https:\/\/i0.wp.com\/interpim.erresse-shop.it\/Import\/Prodotti\/bialetti-dolce-e-gabbana-2-tz-induzione.jpg?ssl=1"},{"@type":"BreadcrumbList","@id":"https:\/\/dev6.erresse-shop.it\/fr\/shop\/cuisine\/cafetieres\/bialetti-moka-induction-2-tasses-dolce-e-gabbana\/#breadcrumb","itemListElement":[{"@type":"ListItem","position":1,"name":"Home","item":"https:\/\/dev6.erresse-shop.it\/"},{"@type":"ListItem","position":2,"name":"Boutique","item":"https:\/\/dev6.erresse-shop.it\/shop\/"},{"@type":"ListItem","position":3,"name":"BIALETTI Moka Induction 2 tasses Dolce e Gabbana"}]},{"@type":"WebSite","@id":"https:\/\/dev6.erresse-shop.it\/#website","url":"https:\/\/dev6.erresse-shop.it\/","name":"Erresse Shop","description":"","publisher":{"@id":"https:\/\/dev6.erresse-shop.it\/#organization"},"potentialAction":[{"@type":"SearchAction","target":{"@type":"EntryPoint","urlTemplate":"https:\/\/dev6.erresse-shop.it\/?s={search_term_string}"},"query-input":{"@type":"PropertyValueSpecification","valueRequired":true,"valueName":"search_term_string"}}],"inLanguage":"fr-FR"},{"@type":"Organization","@id":"https:\/\/dev6.erresse-shop.it\/#organization","name":"Erresse Shop","url":"https:\/\/dev6.erresse-shop.it\/","logo":{"@type":"ImageObject","inLanguage":"fr-FR","@id":"https:\/\/dev6.erresse-shop.it\/#\/schema\/logo\/image\/","url":"https:\/\/dev6.erresse-shop.it\/wp-content\/uploads\/2025\/01\/LOGO-ERRESSE-CLASSICO.svg","contentUrl":"https:\/\/dev6.erresse-shop.it\/wp-content\/uploads\/2025\/01\/LOGO-ERRESSE-CLASSICO.svg","caption":"Erresse Shop"},"image":{"@id":"https:\/\/dev6.erresse-shop.it\/#\/schema\/logo\/image\/"}}]}},"df_price":79.95,"df_sale_price":79.95,"df_regular_price":100,"df_image_link":"https:\/\/i0.wp.com\/interpim.erresse-shop.it\/Import\/Prodotti\/bialetti-dolce-e-gabbana-2-tz-induzione.jpg?resize=300,300&ssl=1","fifu_image_url":"https:\/\/interpim.erresse-shop.it\/Import\/Prodotti\/bialetti-dolce-e-gabbana-2-tz-induzione.jpg","_links":{"self":[{"href":"https:\/\/dev6.erresse-shop.it\/fr\/wp-json\/wp\/v2\/product\/63284","targetHints":{"allow":["GET"]}}],"collection":[{"href":"https:\/\/dev6.erresse-shop.it\/fr\/wp-json\/wp\/v2\/product"}],"about":[{"href":"https:\/\/dev6.erresse-shop.it\/fr\/wp-json\/wp\/v2\/types\/product"}],"wp:featuredmedia":[{"embeddable":true,"href":"https:\/\/dev6.erresse-shop.it\/fr\/wp-json\/wp\/v2\/media\/6366537"}],"wp:attachment":[{"href":"https:\/\/dev6.erresse-shop.it\/fr\/wp-json\/wp\/v2\/media?parent=63284"}],"wp:term":[{"taxonomy":"product_cat","embeddable":true,"href":"https:\/\/dev6.erresse-shop.it\/fr\/wp-json\/wp\/v2\/product_cat?post=63284"},{"taxonomy":"product_tag","embeddable":true,"href":"https:\/\/dev6.erresse-shop.it\/fr\/wp-json\/wp\/v2\/product_tag?post=63284"}],"curies":[{"name":"wp","href":"https:\/\/api.w.org\/{rel}","templated":true}]}}