{"id":63280,"date":"2026-04-12T10:31:27","date_gmt":"2026-04-12T08:31:27","guid":{"rendered":"https:\/\/dev6.erresse-shop.it\/shop\/non%20class\u00e9\/bialetti-moka-express-3-tasses-dolce-gabbana\/"},"modified":"2025-07-04T17:39:09","modified_gmt":"2025-07-04T15:39:09","slug":"bialetti-moka-express-3-tasses-dolce-gabbana","status":"publish","type":"product","link":"https:\/\/dev6.erresse-shop.it\/fr\/shop\/cuisine\/cafetieres\/bialetti-moka-express-3-tasses-dolce-gabbana\/","title":{"rendered":"BIALETTI Moka Express 3 Tasses Dolce &#038; Gabbana"},"content":{"rendered":"<p>Bialetti Dolce&amp;Gabbana Moka Express | Chariot sicilien<\/p>\n<p>Bialetti et Dolce&amp;Gabbana s\u2019associent pour c\u00e9l\u00e9brer le rituel du caf\u00e9 italien.<\/p>\n<p>N\u00e9 en 1933 d\u2019une id\u00e9e d\u2019Alfonso Bialetti, Moka Express a toujours \u00e9t\u00e9 une ic\u00f4ne incontest\u00e9e du style italien.<\/p>\n<p>Aujourd\u2019hui, dans l\u2019\u00e9dition exclusive Dolce&amp;Gabbana, Moka Express devient un hommage \u00e0 l\u2019artisanat artistique, aux paysages et aux couleurs uniques de la Sicile, en recr\u00e9ant les motifs d\u00e9coratifs du Carretto sicilien : un \u00e9l\u00e9ment du folklore de l\u2019\u00eele qui, avec ses traditions, a toujours \u00e9t\u00e9 au c\u0153ur de l\u2019esth\u00e9tique de Dolce&amp;Gabbana.<\/p>\n<p>Moka Express Bialetti Dolce&amp;Gabbana transforme le rituel du caf\u00e9 en une c\u00e9l\u00e9bration du style et un plaisir doublement italien.<\/p>\n<p>Comment pr\u00e9parer le caf\u00e9 :<\/p>\n<p>1. Commencer par verser de l\u2019eau \u00e0 temp\u00e9rature ambiante dans la chaudi\u00e8re Moka et la remplir jusqu\u2019au niveau de la soupape de s\u00e9curit\u00e9. Ne pas d\u00e9passer ce niveau, sinon le caf\u00e9 risque d\u2019\u00eatre trop aqueux.<\/p>\n<p>2. Choisissez maintenant votre m\u00e9lange de caf\u00e9 moulu pr\u00e9f\u00e9r\u00e9. Attention ! Le m\u00e9lange doit \u00eatre moulu sp\u00e9cifiquement pour le Moka, pas trop fin. Remplir g\u00e9n\u00e9reusement l\u2019entonnoir Moka, sans appuyer sur le caf\u00e9.<\/p>\n<p>3. Un petit secret ? R\u00e9glez le feu \u00e0 feu doux et prenez votre temps, cela vaut la peine d\u2019attendre quelques minutes de plus pour d\u00e9guster un bon caf\u00e9. Lorsque le caf\u00e9 est compl\u00e8tement mont\u00e9 dans le liant, \u00e9teignez le feu.<\/p>\n<p>4. Le moment crucial : la d\u00e9gustation. Pour savourer au mieux tous les ar\u00f4mes lib\u00e9r\u00e9s, nous vous recommandons de boire le caf\u00e9 d\u00e8s qu\u2019il est vers\u00e9 dans la tasse.<br \/>\nInstructions de nettoyage :<br \/>\nLaver apr\u00e8s chaque utilisation \u00e0 l\u2019eau ti\u00e8de sans utiliser de d\u00e9tergents et\/ou de mat\u00e9riaux abrasifs.<br \/>\nMat\u00e9riau du corps : aluminium.<br \/>\nMat\u00e9riau de la poign\u00e9e et du bouton : thermoplastique.<br \/>\nSoupape de s\u00e9curit\u00e9 facile \u00e0 nettoyer.<br \/>\nConvient aux plaques de cuisson \u00e0 gaz, \u00e9lectriques et vitroc\u00e9ramiques.<br \/>\nConvient aux tables de cuisson \u00e0 induction uniquement lorsqu\u2019il est utilis\u00e9 avec la table de cuisson \u00e0 induction Bialetti.<br \/>\nChaque Moka Express Bialetti Dolce&amp;Gabbana pr\u00e9sente des caract\u00e9ristiques distinctives li\u00e9es \u00e0 la position diff\u00e9rente des motifs d\u00e9coratifs sur le couvercle.<\/p>\n","protected":false},"excerpt":{"rendered":"<p>Bialetti Dolce&amp;Gabbana Moka Express | Chariot sicilien Bialetti et Dolce&amp;Gabbana s\u2019associent pour c\u00e9l\u00e9brer le rituel du caf\u00e9 italien. N\u00e9 en 1933 d\u2019une id\u00e9e d\u2019Alfonso Bialetti, Moka Express a toujours \u00e9t\u00e9 une ic\u00f4ne incontest\u00e9e du style italien. Aujourd\u2019hui, dans l\u2019\u00e9dition exclusive Dolce&amp;Gabbana, Moka Express devient un hommage \u00e0 l\u2019artisanat artistique, aux paysages et aux couleurs uniques [&hellip;]<\/p>\n","protected":false},"featured_media":6366517,"template":"","meta":{"_acf_changed":false},"product_cat":[12002,11668,11992],"product_tag":[],"class_list":{"0":"post-63280","1":"product","2":"type-product","3":"status-publish","4":"has-post-thumbnail","6":"product_cat-cafetieres","7":"product_cat-cucina","8":"product_cat-cuisine","10":"first","11":"instock","12":"sale","13":"taxable","14":"shipping-taxable","15":"purchasable","16":"product-type-simple","swatches":"rey-swatches","show_selected":"","stretch_labels":"rey-swatches--stretch-labels"},"acf":[],"yoast_head":"<!-- This site is optimized with the Yoast SEO plugin v25.4 - https:\/\/yoast.com\/wordpress\/plugins\/seo\/ -->\n<title>BIALETTI Moka Express 3 Tasses Dolce &#038; Gabbana - dev6 Erresse<\/title>\n<meta name=\"description\" content=\"Bialetti Dolce&amp;Gabbana Moka Express | Chariot sicilien Bialetti et Dolce&amp;Gabbana s\u2019associent pour c\u00e9l\u00e9brer le rituel du caf\u00e9 italien. N\u00e9 en 1933\" \/>\n<meta name=\"robots\" content=\"noindex, follow, max-snippet:-1, max-image-preview:large, max-video-preview:-1\" \/>\n<meta property=\"og:locale\" content=\"fr_FR\" \/>\n<meta property=\"og:type\" content=\"article\" \/>\n<meta property=\"og:title\" content=\"BIALETTI Moka Express 3 Tasses Dolce &#038; Gabbana - dev6 Erresse\" \/>\n<meta property=\"og:description\" content=\"Bialetti Dolce&amp;Gabbana Moka Express | Chariot sicilien Bialetti et Dolce&amp;Gabbana s\u2019associent pour c\u00e9l\u00e9brer le rituel du caf\u00e9 italien. N\u00e9 en 1933\" \/>\n<meta property=\"og:url\" content=\"https:\/\/dev6.erresse-shop.it\/fr\/shop\/cuisine\/cafetieres\/bialetti-moka-express-3-tasses-dolce-gabbana\/\" \/>\n<meta property=\"og:site_name\" content=\"dev6 Erresse\" \/>\n<meta property=\"og:image\" content=\"https:\/\/interpim.erresse-shop.it\/img-catalogo\/bialetti\/bialetti-dolce-e-gabbana-moka.jpg\" \/><meta property=\"og:image\" content=\"https:\/\/interpim.erresse-shop.it\/img-catalogo\/bialetti\/bialetti-dolce-e-gabbana-moka.jpg\" \/>\n\t<meta property=\"og:image:width\" content=\"1024\" \/>\n\t<meta property=\"og:image:height\" content=\"1024\" \/>\n\t<meta property=\"og:image:type\" content=\"image\/jpeg\" \/>\n<meta name=\"twitter:card\" content=\"summary_large_image\" \/>\n<meta name=\"twitter:image\" content=\"https:\/\/interpim.erresse-shop.it\/img-catalogo\/bialetti\/bialetti-dolce-e-gabbana-moka.jpg\" \/>\n<script type=\"application\/ld+json\" class=\"yoast-schema-graph\">{\"@context\":\"https:\/\/schema.org\",\"@graph\":[{\"@type\":\"WebPage\",\"@id\":\"https:\/\/dev6.erresse-shop.it\/fr\/shop\/cuisine\/cafetieres\/bialetti-moka-express-3-tasses-dolce-gabbana\/\",\"url\":\"https:\/\/dev6.erresse-shop.it\/fr\/shop\/cuisine\/cafetieres\/bialetti-moka-express-3-tasses-dolce-gabbana\/\",\"name\":\"BIALETTI Moka Express 3 Tasses Dolce &#038; Gabbana - dev6 Erresse\",\"isPartOf\":{\"@id\":\"https:\/\/dev6.erresse-shop.it\/#website\"},\"primaryImageOfPage\":{\"@id\":\"https:\/\/dev6.erresse-shop.it\/fr\/shop\/cuisine\/cafetieres\/bialetti-moka-express-3-tasses-dolce-gabbana\/#primaryimage\"},\"image\":{\"@id\":\"https:\/\/dev6.erresse-shop.it\/fr\/shop\/cuisine\/cafetieres\/bialetti-moka-express-3-tasses-dolce-gabbana\/#primaryimage\"},\"thumbnailUrl\":\"https:\/\/i3.wp.com\/interpim.erresse-shop.it\/img-catalogo\/bialetti\/bialetti-dolce-e-gabbana-moka.jpg?ssl=1\",\"datePublished\":\"2026-04-12T08:31:27+00:00\",\"description\":\"Bialetti Dolce&amp;Gabbana Moka Express | Chariot sicilien Bialetti et Dolce&amp;Gabbana s\u2019associent pour c\u00e9l\u00e9brer le rituel du caf\u00e9 italien. N\u00e9 en 1933\",\"breadcrumb\":{\"@id\":\"https:\/\/dev6.erresse-shop.it\/fr\/shop\/cuisine\/cafetieres\/bialetti-moka-express-3-tasses-dolce-gabbana\/#breadcrumb\"},\"inLanguage\":\"fr-FR\",\"potentialAction\":[{\"@type\":\"ReadAction\",\"target\":[\"https:\/\/dev6.erresse-shop.it\/fr\/shop\/cuisine\/cafetieres\/bialetti-moka-express-3-tasses-dolce-gabbana\/\"]}]},{\"@type\":\"ImageObject\",\"inLanguage\":\"fr-FR\",\"@id\":\"https:\/\/dev6.erresse-shop.it\/fr\/shop\/cuisine\/cafetieres\/bialetti-moka-express-3-tasses-dolce-gabbana\/#primaryimage\",\"url\":\"https:\/\/i3.wp.com\/interpim.erresse-shop.it\/img-catalogo\/bialetti\/bialetti-dolce-e-gabbana-moka.jpg?ssl=1\",\"contentUrl\":\"https:\/\/i3.wp.com\/interpim.erresse-shop.it\/img-catalogo\/bialetti\/bialetti-dolce-e-gabbana-moka.jpg?ssl=1\"},{\"@type\":\"BreadcrumbList\",\"@id\":\"https:\/\/dev6.erresse-shop.it\/fr\/shop\/cuisine\/cafetieres\/bialetti-moka-express-3-tasses-dolce-gabbana\/#breadcrumb\",\"itemListElement\":[{\"@type\":\"ListItem\",\"position\":1,\"name\":\"Home\",\"item\":\"https:\/\/dev6.erresse-shop.it\/\"},{\"@type\":\"ListItem\",\"position\":2,\"name\":\"Boutique\",\"item\":\"https:\/\/dev6.erresse-shop.it\/shop\/\"},{\"@type\":\"ListItem\",\"position\":3,\"name\":\"BIALETTI Moka Express 3 Tasses Dolce &#038; Gabbana\"}]},{\"@type\":\"WebSite\",\"@id\":\"https:\/\/dev6.erresse-shop.it\/#website\",\"url\":\"https:\/\/dev6.erresse-shop.it\/\",\"name\":\"Erresse Shop\",\"description\":\"\",\"publisher\":{\"@id\":\"https:\/\/dev6.erresse-shop.it\/#organization\"},\"potentialAction\":[{\"@type\":\"SearchAction\",\"target\":{\"@type\":\"EntryPoint\",\"urlTemplate\":\"https:\/\/dev6.erresse-shop.it\/?s={search_term_string}\"},\"query-input\":{\"@type\":\"PropertyValueSpecification\",\"valueRequired\":true,\"valueName\":\"search_term_string\"}}],\"inLanguage\":\"fr-FR\"},{\"@type\":\"Organization\",\"@id\":\"https:\/\/dev6.erresse-shop.it\/#organization\",\"name\":\"Erresse Shop\",\"url\":\"https:\/\/dev6.erresse-shop.it\/\",\"logo\":{\"@type\":\"ImageObject\",\"inLanguage\":\"fr-FR\",\"@id\":\"https:\/\/dev6.erresse-shop.it\/#\/schema\/logo\/image\/\",\"url\":\"https:\/\/dev6.erresse-shop.it\/wp-content\/uploads\/2025\/01\/LOGO-ERRESSE-CLASSICO.svg\",\"contentUrl\":\"https:\/\/dev6.erresse-shop.it\/wp-content\/uploads\/2025\/01\/LOGO-ERRESSE-CLASSICO.svg\",\"caption\":\"Erresse Shop\"},\"image\":{\"@id\":\"https:\/\/dev6.erresse-shop.it\/#\/schema\/logo\/image\/\"}}]}<\/script>\n<!-- \/ Yoast SEO plugin. -->","yoast_head_json":{"title":"BIALETTI Moka Express 3 Tasses Dolce &#038; Gabbana - dev6 Erresse","description":"Bialetti Dolce&amp;Gabbana Moka Express | Chariot sicilien Bialetti et Dolce&amp;Gabbana s\u2019associent pour c\u00e9l\u00e9brer le rituel du caf\u00e9 italien. N\u00e9 en 1933","robots":{"index":"noindex","follow":"follow","max-snippet":"max-snippet:-1","max-image-preview":"max-image-preview:large","max-video-preview":"max-video-preview:-1"},"og_locale":"fr_FR","og_type":"article","og_title":"BIALETTI Moka Express 3 Tasses Dolce &#038; Gabbana - dev6 Erresse","og_description":"Bialetti Dolce&amp;Gabbana Moka Express | Chariot sicilien Bialetti et Dolce&amp;Gabbana s\u2019associent pour c\u00e9l\u00e9brer le rituel du caf\u00e9 italien. N\u00e9 en 1933","og_url":"https:\/\/dev6.erresse-shop.it\/fr\/shop\/cuisine\/cafetieres\/bialetti-moka-express-3-tasses-dolce-gabbana\/","og_site_name":"dev6 Erresse","og_image":[{"url":"https:\/\/interpim.erresse-shop.it\/img-catalogo\/bialetti\/bialetti-dolce-e-gabbana-moka.jpg","type":"","width":"","height":""},{"url":"https:\/\/interpim.erresse-shop.it\/img-catalogo\/bialetti\/bialetti-dolce-e-gabbana-moka.jpg","width":1024,"height":1024,"type":"image\/jpeg"}],"twitter_card":"summary_large_image","twitter_image":"https:\/\/interpim.erresse-shop.it\/img-catalogo\/bialetti\/bialetti-dolce-e-gabbana-moka.jpg","schema":{"@context":"https:\/\/schema.org","@graph":[{"@type":"WebPage","@id":"https:\/\/dev6.erresse-shop.it\/fr\/shop\/cuisine\/cafetieres\/bialetti-moka-express-3-tasses-dolce-gabbana\/","url":"https:\/\/dev6.erresse-shop.it\/fr\/shop\/cuisine\/cafetieres\/bialetti-moka-express-3-tasses-dolce-gabbana\/","name":"BIALETTI Moka Express 3 Tasses Dolce &#038; Gabbana - dev6 Erresse","isPartOf":{"@id":"https:\/\/dev6.erresse-shop.it\/#website"},"primaryImageOfPage":{"@id":"https:\/\/dev6.erresse-shop.it\/fr\/shop\/cuisine\/cafetieres\/bialetti-moka-express-3-tasses-dolce-gabbana\/#primaryimage"},"image":{"@id":"https:\/\/dev6.erresse-shop.it\/fr\/shop\/cuisine\/cafetieres\/bialetti-moka-express-3-tasses-dolce-gabbana\/#primaryimage"},"thumbnailUrl":"https:\/\/i3.wp.com\/interpim.erresse-shop.it\/img-catalogo\/bialetti\/bialetti-dolce-e-gabbana-moka.jpg?ssl=1","datePublished":"2026-04-12T08:31:27+00:00","description":"Bialetti Dolce&amp;Gabbana Moka Express | Chariot sicilien Bialetti et Dolce&amp;Gabbana s\u2019associent pour c\u00e9l\u00e9brer le rituel du caf\u00e9 italien. N\u00e9 en 1933","breadcrumb":{"@id":"https:\/\/dev6.erresse-shop.it\/fr\/shop\/cuisine\/cafetieres\/bialetti-moka-express-3-tasses-dolce-gabbana\/#breadcrumb"},"inLanguage":"fr-FR","potentialAction":[{"@type":"ReadAction","target":["https:\/\/dev6.erresse-shop.it\/fr\/shop\/cuisine\/cafetieres\/bialetti-moka-express-3-tasses-dolce-gabbana\/"]}]},{"@type":"ImageObject","inLanguage":"fr-FR","@id":"https:\/\/dev6.erresse-shop.it\/fr\/shop\/cuisine\/cafetieres\/bialetti-moka-express-3-tasses-dolce-gabbana\/#primaryimage","url":"https:\/\/i3.wp.com\/interpim.erresse-shop.it\/img-catalogo\/bialetti\/bialetti-dolce-e-gabbana-moka.jpg?ssl=1","contentUrl":"https:\/\/i3.wp.com\/interpim.erresse-shop.it\/img-catalogo\/bialetti\/bialetti-dolce-e-gabbana-moka.jpg?ssl=1"},{"@type":"BreadcrumbList","@id":"https:\/\/dev6.erresse-shop.it\/fr\/shop\/cuisine\/cafetieres\/bialetti-moka-express-3-tasses-dolce-gabbana\/#breadcrumb","itemListElement":[{"@type":"ListItem","position":1,"name":"Home","item":"https:\/\/dev6.erresse-shop.it\/"},{"@type":"ListItem","position":2,"name":"Boutique","item":"https:\/\/dev6.erresse-shop.it\/shop\/"},{"@type":"ListItem","position":3,"name":"BIALETTI Moka Express 3 Tasses Dolce &#038; Gabbana"}]},{"@type":"WebSite","@id":"https:\/\/dev6.erresse-shop.it\/#website","url":"https:\/\/dev6.erresse-shop.it\/","name":"Erresse Shop","description":"","publisher":{"@id":"https:\/\/dev6.erresse-shop.it\/#organization"},"potentialAction":[{"@type":"SearchAction","target":{"@type":"EntryPoint","urlTemplate":"https:\/\/dev6.erresse-shop.it\/?s={search_term_string}"},"query-input":{"@type":"PropertyValueSpecification","valueRequired":true,"valueName":"search_term_string"}}],"inLanguage":"fr-FR"},{"@type":"Organization","@id":"https:\/\/dev6.erresse-shop.it\/#organization","name":"Erresse Shop","url":"https:\/\/dev6.erresse-shop.it\/","logo":{"@type":"ImageObject","inLanguage":"fr-FR","@id":"https:\/\/dev6.erresse-shop.it\/#\/schema\/logo\/image\/","url":"https:\/\/dev6.erresse-shop.it\/wp-content\/uploads\/2025\/01\/LOGO-ERRESSE-CLASSICO.svg","contentUrl":"https:\/\/dev6.erresse-shop.it\/wp-content\/uploads\/2025\/01\/LOGO-ERRESSE-CLASSICO.svg","caption":"Erresse Shop"},"image":{"@id":"https:\/\/dev6.erresse-shop.it\/#\/schema\/logo\/image\/"}}]}},"df_price":69.95,"df_sale_price":69.95,"df_regular_price":80,"df_image_link":"https:\/\/i3.wp.com\/interpim.erresse-shop.it\/img-catalogo\/bialetti\/bialetti-dolce-e-gabbana-moka.jpg?resize=300,300&ssl=1","fifu_image_url":"https:\/\/interpim.erresse-shop.it\/img-catalogo\/bialetti\/bialetti-dolce-e-gabbana-moka.jpg","_links":{"self":[{"href":"https:\/\/dev6.erresse-shop.it\/fr\/wp-json\/wp\/v2\/product\/63280","targetHints":{"allow":["GET"]}}],"collection":[{"href":"https:\/\/dev6.erresse-shop.it\/fr\/wp-json\/wp\/v2\/product"}],"about":[{"href":"https:\/\/dev6.erresse-shop.it\/fr\/wp-json\/wp\/v2\/types\/product"}],"wp:featuredmedia":[{"embeddable":true,"href":"https:\/\/dev6.erresse-shop.it\/fr\/wp-json\/wp\/v2\/media\/6366517"}],"wp:attachment":[{"href":"https:\/\/dev6.erresse-shop.it\/fr\/wp-json\/wp\/v2\/media?parent=63280"}],"wp:term":[{"taxonomy":"product_cat","embeddable":true,"href":"https:\/\/dev6.erresse-shop.it\/fr\/wp-json\/wp\/v2\/product_cat?post=63280"},{"taxonomy":"product_tag","embeddable":true,"href":"https:\/\/dev6.erresse-shop.it\/fr\/wp-json\/wp\/v2\/product_tag?post=63280"}],"curies":[{"name":"wp","href":"https:\/\/api.w.org\/{rel}","templated":true}]}}