{"id":63272,"date":"2026-04-12T10:31:27","date_gmt":"2026-04-12T08:31:27","guid":{"rendered":"https:\/\/dev6.erresse-shop.it\/shop\/non%20class\u00e9\/joseph-joseph-table-a-repasser-pliante-vert\/"},"modified":"2025-07-04T17:38:50","modified_gmt":"2025-07-04T15:38:50","slug":"joseph-joseph-table-a-repasser-pliante-vert","status":"publish","type":"product","link":"https:\/\/dev6.erresse-shop.it\/fr\/shop\/ameublement-maison\/planches-a-repasser\/joseph-joseph-table-a-repasser-pliante-vert\/","title":{"rendered":"JOSEPH JOSEPH Table \u00e0 repasser pliante Vert"},"content":{"rendered":"<p>La collection Joseph Joseph x Jonathan Lawes associe une blanchisserie innovante \u00e0 un design personnalis\u00e9.<\/p>\n<p>Pliage compact.<\/p>\n<p>Compartiment de rangement int\u00e9gr\u00e9 pour le fer \u00e0 repasser.<\/p>\n<p>Crochet de suspension s\u00e9par\u00e9 inclus pour un rangement facile.<\/p>\n<p>Doublure 100% coton facile \u00e0 changer avec sous-couche rembourr\u00e9e.<\/p>\n<p>Grande surface de repassage.<\/p>\n<p>Entretien et utilisation :<\/p>\n<p>Fixation murale : un support, des vis et des chevilles sont fournis pour fixer Pocket sur une surface appropri\u00e9e.<\/p>\n<p>Doublure : nettoyer uniquement avec un chiffon, ne pas laver en machine.<\/p>\n<p>Cadre : nettoyer avec un chiffon humide, ne pas utiliser de chiffons abrasifs ou de nettoyants chimiques agressifs.<\/p>\n<p>Attention : laissez le fer \u00e0 repasser refroidir \u00e0 temp\u00e9rature ambiante avant de le ranger dans le compartiment de rangement.<\/p>\n<p>Assurez-vous que la housse est s\u00e8che avant de la plier et de la ranger.<\/p>\n<p>Tenir les enfants \u00e0 l\u2019\u00e9cart de la planche \u00e0 repasser pendant son utilisation et la ranger en toute s\u00e9curit\u00e9 apr\u00e8s l\u2019avoir utilis\u00e9e.<\/p>\n<p>Le cadre est garanti 5 ans contre les d\u00e9fauts de fabrication, tous les d\u00e9tails sont disponibles sur notre page de garantie ici, toutes les autres pi\u00e8ces sont garanties 2 ans.<\/p>\n<p>Fer \u00e0 repasser non inclus<\/p>\n<p>Retrouvez la vid\u00e9o compl\u00e8te sur le remplacement de la housse ici<\/p>\n<p>Le livret d\u2019instructions complet est disponible ici<\/p>\n<p>Dimensions de l\u2019appareil :<\/p>\n<p>Ferm\u00e9 : H45.5 x W34 x D15.5 cm (H18 x W13\u00bd x D6\u00bc inches)<\/p>\n<p>Surface de repassage : H90 x W33 cm (H35\u00bd x W13 pouces)<\/p>\n<p>Lorsqu\u2019elle est ouverte, la surface de repassage se trouve \u00e0 11 cm du plateau de la table.<\/p>\n<p>Poids: 2,62 kg<\/p>\n","protected":false},"excerpt":{"rendered":"<p>La collection Joseph Joseph x Jonathan Lawes associe une blanchisserie innovante \u00e0 un design personnalis\u00e9. Pliage compact. Compartiment de rangement int\u00e9gr\u00e9 pour le fer \u00e0 repasser. Crochet de suspension s\u00e9par\u00e9 inclus pour un rangement facile. Doublure 100% coton facile \u00e0 changer avec sous-couche rembourr\u00e9e. Grande surface de repassage. Entretien et utilisation : Fixation murale : [&hellip;]<\/p>\n","protected":false},"featured_media":6366474,"template":"","meta":{"_acf_changed":false},"product_cat":[11990,11666,12031],"product_tag":[],"class_list":{"0":"post-63272","1":"product","2":"type-product","3":"status-publish","4":"has-post-thumbnail","6":"product_cat-ameublement-maison","7":"product_cat-arredamento-casa","8":"product_cat-planches-a-repasser","10":"first","11":"instock","12":"sale","13":"taxable","14":"shipping-taxable","15":"purchasable","16":"product-type-simple","swatches":"rey-swatches","show_selected":"","stretch_labels":"rey-swatches--stretch-labels"},"acf":[],"yoast_head":"<!-- This site is optimized with the Yoast SEO plugin v25.4 - https:\/\/yoast.com\/wordpress\/plugins\/seo\/ -->\n<title>JOSEPH JOSEPH Table \u00e0 repasser pliante Vert - dev6 Erresse<\/title>\n<meta name=\"description\" content=\"La collection Joseph Joseph x Jonathan Lawes associe une blanchisserie innovante \u00e0 un design personnalis\u00e9. Pliage compact. Compartiment de rangement\" \/>\n<meta name=\"robots\" content=\"noindex, follow, max-snippet:-1, max-image-preview:large, max-video-preview:-1\" \/>\n<meta property=\"og:locale\" content=\"fr_FR\" \/>\n<meta property=\"og:type\" content=\"article\" \/>\n<meta property=\"og:title\" content=\"JOSEPH JOSEPH Table \u00e0 repasser pliante Vert - dev6 Erresse\" \/>\n<meta property=\"og:description\" content=\"La collection Joseph Joseph x Jonathan Lawes associe une blanchisserie innovante \u00e0 un design personnalis\u00e9. Pliage compact. Compartiment de rangement\" \/>\n<meta property=\"og:url\" content=\"https:\/\/dev6.erresse-shop.it\/fr\/shop\/ameublement-maison\/planches-a-repasser\/joseph-joseph-table-a-repasser-pliante-vert\/\" \/>\n<meta property=\"og:site_name\" content=\"dev6 Erresse\" \/>\n<meta property=\"og:image\" content=\"https:\/\/interpim.erresse-shop.it\/Import\/Prodotti\/joseph-joseph-asse-da-stiro-pieghevole-verde.jpg\" \/><meta property=\"og:image\" content=\"https:\/\/interpim.erresse-shop.it\/Import\/Prodotti\/joseph-joseph-asse-da-stiro-pieghevole-verde.jpg\" \/>\n\t<meta property=\"og:image:width\" content=\"1024\" \/>\n\t<meta property=\"og:image:height\" content=\"1024\" \/>\n\t<meta property=\"og:image:type\" content=\"image\/jpeg\" \/>\n<meta name=\"twitter:card\" content=\"summary_large_image\" \/>\n<meta name=\"twitter:image\" content=\"https:\/\/interpim.erresse-shop.it\/Import\/Prodotti\/joseph-joseph-asse-da-stiro-pieghevole-verde.jpg\" \/>\n<script type=\"application\/ld+json\" class=\"yoast-schema-graph\">{\"@context\":\"https:\/\/schema.org\",\"@graph\":[{\"@type\":\"WebPage\",\"@id\":\"https:\/\/dev6.erresse-shop.it\/fr\/shop\/ameublement-maison\/planches-a-repasser\/joseph-joseph-table-a-repasser-pliante-vert\/\",\"url\":\"https:\/\/dev6.erresse-shop.it\/fr\/shop\/ameublement-maison\/planches-a-repasser\/joseph-joseph-table-a-repasser-pliante-vert\/\",\"name\":\"JOSEPH JOSEPH Table \u00e0 repasser pliante Vert - dev6 Erresse\",\"isPartOf\":{\"@id\":\"https:\/\/dev6.erresse-shop.it\/#website\"},\"primaryImageOfPage\":{\"@id\":\"https:\/\/dev6.erresse-shop.it\/fr\/shop\/ameublement-maison\/planches-a-repasser\/joseph-joseph-table-a-repasser-pliante-vert\/#primaryimage\"},\"image\":{\"@id\":\"https:\/\/dev6.erresse-shop.it\/fr\/shop\/ameublement-maison\/planches-a-repasser\/joseph-joseph-table-a-repasser-pliante-vert\/#primaryimage\"},\"thumbnailUrl\":\"https:\/\/i0.wp.com\/interpim.erresse-shop.it\/Import\/Prodotti\/joseph-joseph-asse-da-stiro-pieghevole-verde.jpg?ssl=1\",\"datePublished\":\"2026-04-12T08:31:27+00:00\",\"description\":\"La collection Joseph Joseph x Jonathan Lawes associe une blanchisserie innovante \u00e0 un design personnalis\u00e9. Pliage compact. Compartiment de rangement\",\"breadcrumb\":{\"@id\":\"https:\/\/dev6.erresse-shop.it\/fr\/shop\/ameublement-maison\/planches-a-repasser\/joseph-joseph-table-a-repasser-pliante-vert\/#breadcrumb\"},\"inLanguage\":\"fr-FR\",\"potentialAction\":[{\"@type\":\"ReadAction\",\"target\":[\"https:\/\/dev6.erresse-shop.it\/fr\/shop\/ameublement-maison\/planches-a-repasser\/joseph-joseph-table-a-repasser-pliante-vert\/\"]}]},{\"@type\":\"ImageObject\",\"inLanguage\":\"fr-FR\",\"@id\":\"https:\/\/dev6.erresse-shop.it\/fr\/shop\/ameublement-maison\/planches-a-repasser\/joseph-joseph-table-a-repasser-pliante-vert\/#primaryimage\",\"url\":\"https:\/\/i0.wp.com\/interpim.erresse-shop.it\/Import\/Prodotti\/joseph-joseph-asse-da-stiro-pieghevole-verde.jpg?ssl=1\",\"contentUrl\":\"https:\/\/i0.wp.com\/interpim.erresse-shop.it\/Import\/Prodotti\/joseph-joseph-asse-da-stiro-pieghevole-verde.jpg?ssl=1\"},{\"@type\":\"BreadcrumbList\",\"@id\":\"https:\/\/dev6.erresse-shop.it\/fr\/shop\/ameublement-maison\/planches-a-repasser\/joseph-joseph-table-a-repasser-pliante-vert\/#breadcrumb\",\"itemListElement\":[{\"@type\":\"ListItem\",\"position\":1,\"name\":\"Home\",\"item\":\"https:\/\/dev6.erresse-shop.it\/\"},{\"@type\":\"ListItem\",\"position\":2,\"name\":\"Boutique\",\"item\":\"https:\/\/dev6.erresse-shop.it\/shop\/\"},{\"@type\":\"ListItem\",\"position\":3,\"name\":\"JOSEPH JOSEPH Table \u00e0 repasser pliante Vert\"}]},{\"@type\":\"WebSite\",\"@id\":\"https:\/\/dev6.erresse-shop.it\/#website\",\"url\":\"https:\/\/dev6.erresse-shop.it\/\",\"name\":\"Erresse Shop\",\"description\":\"\",\"publisher\":{\"@id\":\"https:\/\/dev6.erresse-shop.it\/#organization\"},\"potentialAction\":[{\"@type\":\"SearchAction\",\"target\":{\"@type\":\"EntryPoint\",\"urlTemplate\":\"https:\/\/dev6.erresse-shop.it\/?s={search_term_string}\"},\"query-input\":{\"@type\":\"PropertyValueSpecification\",\"valueRequired\":true,\"valueName\":\"search_term_string\"}}],\"inLanguage\":\"fr-FR\"},{\"@type\":\"Organization\",\"@id\":\"https:\/\/dev6.erresse-shop.it\/#organization\",\"name\":\"Erresse Shop\",\"url\":\"https:\/\/dev6.erresse-shop.it\/\",\"logo\":{\"@type\":\"ImageObject\",\"inLanguage\":\"fr-FR\",\"@id\":\"https:\/\/dev6.erresse-shop.it\/#\/schema\/logo\/image\/\",\"url\":\"https:\/\/dev6.erresse-shop.it\/wp-content\/uploads\/2025\/01\/LOGO-ERRESSE-CLASSICO.svg\",\"contentUrl\":\"https:\/\/dev6.erresse-shop.it\/wp-content\/uploads\/2025\/01\/LOGO-ERRESSE-CLASSICO.svg\",\"caption\":\"Erresse Shop\"},\"image\":{\"@id\":\"https:\/\/dev6.erresse-shop.it\/#\/schema\/logo\/image\/\"}}]}<\/script>\n<!-- \/ Yoast SEO plugin. -->","yoast_head_json":{"title":"JOSEPH JOSEPH Table \u00e0 repasser pliante Vert - dev6 Erresse","description":"La collection Joseph Joseph x Jonathan Lawes associe une blanchisserie innovante \u00e0 un design personnalis\u00e9. Pliage compact. Compartiment de rangement","robots":{"index":"noindex","follow":"follow","max-snippet":"max-snippet:-1","max-image-preview":"max-image-preview:large","max-video-preview":"max-video-preview:-1"},"og_locale":"fr_FR","og_type":"article","og_title":"JOSEPH JOSEPH Table \u00e0 repasser pliante Vert - dev6 Erresse","og_description":"La collection Joseph Joseph x Jonathan Lawes associe une blanchisserie innovante \u00e0 un design personnalis\u00e9. Pliage compact. Compartiment de rangement","og_url":"https:\/\/dev6.erresse-shop.it\/fr\/shop\/ameublement-maison\/planches-a-repasser\/joseph-joseph-table-a-repasser-pliante-vert\/","og_site_name":"dev6 Erresse","og_image":[{"url":"https:\/\/interpim.erresse-shop.it\/Import\/Prodotti\/joseph-joseph-asse-da-stiro-pieghevole-verde.jpg","type":"","width":"","height":""},{"url":"https:\/\/interpim.erresse-shop.it\/Import\/Prodotti\/joseph-joseph-asse-da-stiro-pieghevole-verde.jpg","width":1024,"height":1024,"type":"image\/jpeg"}],"twitter_card":"summary_large_image","twitter_image":"https:\/\/interpim.erresse-shop.it\/Import\/Prodotti\/joseph-joseph-asse-da-stiro-pieghevole-verde.jpg","schema":{"@context":"https:\/\/schema.org","@graph":[{"@type":"WebPage","@id":"https:\/\/dev6.erresse-shop.it\/fr\/shop\/ameublement-maison\/planches-a-repasser\/joseph-joseph-table-a-repasser-pliante-vert\/","url":"https:\/\/dev6.erresse-shop.it\/fr\/shop\/ameublement-maison\/planches-a-repasser\/joseph-joseph-table-a-repasser-pliante-vert\/","name":"JOSEPH JOSEPH Table \u00e0 repasser pliante Vert - dev6 Erresse","isPartOf":{"@id":"https:\/\/dev6.erresse-shop.it\/#website"},"primaryImageOfPage":{"@id":"https:\/\/dev6.erresse-shop.it\/fr\/shop\/ameublement-maison\/planches-a-repasser\/joseph-joseph-table-a-repasser-pliante-vert\/#primaryimage"},"image":{"@id":"https:\/\/dev6.erresse-shop.it\/fr\/shop\/ameublement-maison\/planches-a-repasser\/joseph-joseph-table-a-repasser-pliante-vert\/#primaryimage"},"thumbnailUrl":"https:\/\/i0.wp.com\/interpim.erresse-shop.it\/Import\/Prodotti\/joseph-joseph-asse-da-stiro-pieghevole-verde.jpg?ssl=1","datePublished":"2026-04-12T08:31:27+00:00","description":"La collection Joseph Joseph x Jonathan Lawes associe une blanchisserie innovante \u00e0 un design personnalis\u00e9. Pliage compact. Compartiment de rangement","breadcrumb":{"@id":"https:\/\/dev6.erresse-shop.it\/fr\/shop\/ameublement-maison\/planches-a-repasser\/joseph-joseph-table-a-repasser-pliante-vert\/#breadcrumb"},"inLanguage":"fr-FR","potentialAction":[{"@type":"ReadAction","target":["https:\/\/dev6.erresse-shop.it\/fr\/shop\/ameublement-maison\/planches-a-repasser\/joseph-joseph-table-a-repasser-pliante-vert\/"]}]},{"@type":"ImageObject","inLanguage":"fr-FR","@id":"https:\/\/dev6.erresse-shop.it\/fr\/shop\/ameublement-maison\/planches-a-repasser\/joseph-joseph-table-a-repasser-pliante-vert\/#primaryimage","url":"https:\/\/i0.wp.com\/interpim.erresse-shop.it\/Import\/Prodotti\/joseph-joseph-asse-da-stiro-pieghevole-verde.jpg?ssl=1","contentUrl":"https:\/\/i0.wp.com\/interpim.erresse-shop.it\/Import\/Prodotti\/joseph-joseph-asse-da-stiro-pieghevole-verde.jpg?ssl=1"},{"@type":"BreadcrumbList","@id":"https:\/\/dev6.erresse-shop.it\/fr\/shop\/ameublement-maison\/planches-a-repasser\/joseph-joseph-table-a-repasser-pliante-vert\/#breadcrumb","itemListElement":[{"@type":"ListItem","position":1,"name":"Home","item":"https:\/\/dev6.erresse-shop.it\/"},{"@type":"ListItem","position":2,"name":"Boutique","item":"https:\/\/dev6.erresse-shop.it\/shop\/"},{"@type":"ListItem","position":3,"name":"JOSEPH JOSEPH Table \u00e0 repasser pliante Vert"}]},{"@type":"WebSite","@id":"https:\/\/dev6.erresse-shop.it\/#website","url":"https:\/\/dev6.erresse-shop.it\/","name":"Erresse Shop","description":"","publisher":{"@id":"https:\/\/dev6.erresse-shop.it\/#organization"},"potentialAction":[{"@type":"SearchAction","target":{"@type":"EntryPoint","urlTemplate":"https:\/\/dev6.erresse-shop.it\/?s={search_term_string}"},"query-input":{"@type":"PropertyValueSpecification","valueRequired":true,"valueName":"search_term_string"}}],"inLanguage":"fr-FR"},{"@type":"Organization","@id":"https:\/\/dev6.erresse-shop.it\/#organization","name":"Erresse Shop","url":"https:\/\/dev6.erresse-shop.it\/","logo":{"@type":"ImageObject","inLanguage":"fr-FR","@id":"https:\/\/dev6.erresse-shop.it\/#\/schema\/logo\/image\/","url":"https:\/\/dev6.erresse-shop.it\/wp-content\/uploads\/2025\/01\/LOGO-ERRESSE-CLASSICO.svg","contentUrl":"https:\/\/dev6.erresse-shop.it\/wp-content\/uploads\/2025\/01\/LOGO-ERRESSE-CLASSICO.svg","caption":"Erresse Shop"},"image":{"@id":"https:\/\/dev6.erresse-shop.it\/#\/schema\/logo\/image\/"}}]}},"df_price":89,"df_sale_price":89,"df_regular_price":99.99,"df_image_link":"https:\/\/i0.wp.com\/interpim.erresse-shop.it\/Import\/Prodotti\/joseph-joseph-asse-da-stiro-pieghevole-verde.jpg?resize=300,300&ssl=1","fifu_image_url":"https:\/\/interpim.erresse-shop.it\/Import\/Prodotti\/joseph-joseph-asse-da-stiro-pieghevole-verde.jpg","_links":{"self":[{"href":"https:\/\/dev6.erresse-shop.it\/fr\/wp-json\/wp\/v2\/product\/63272","targetHints":{"allow":["GET"]}}],"collection":[{"href":"https:\/\/dev6.erresse-shop.it\/fr\/wp-json\/wp\/v2\/product"}],"about":[{"href":"https:\/\/dev6.erresse-shop.it\/fr\/wp-json\/wp\/v2\/types\/product"}],"wp:featuredmedia":[{"embeddable":true,"href":"https:\/\/dev6.erresse-shop.it\/fr\/wp-json\/wp\/v2\/media\/6366474"}],"wp:attachment":[{"href":"https:\/\/dev6.erresse-shop.it\/fr\/wp-json\/wp\/v2\/media?parent=63272"}],"wp:term":[{"taxonomy":"product_cat","embeddable":true,"href":"https:\/\/dev6.erresse-shop.it\/fr\/wp-json\/wp\/v2\/product_cat?post=63272"},{"taxonomy":"product_tag","embeddable":true,"href":"https:\/\/dev6.erresse-shop.it\/fr\/wp-json\/wp\/v2\/product_tag?post=63272"}],"curies":[{"name":"wp","href":"https:\/\/api.w.org\/{rel}","templated":true}]}}