{"id":63270,"date":"2026-04-12T10:31:27","date_gmt":"2026-04-12T08:31:27","guid":{"rendered":"https:\/\/dev6.erresse-shop.it\/shop\/non%20class\u00e9\/joseph-joseph-extend-max-egouttoir-extensible-acier\/"},"modified":"2025-09-14T05:18:35","modified_gmt":"2025-09-14T03:18:35","slug":"joseph-joseph-extend-max-egouttoir-extensible-acier","status":"publish","type":"product","link":"https:\/\/dev6.erresse-shop.it\/fr\/shop\/cuisine\/egouttoirs\/joseph-joseph-extend-max-egouttoir-extensible-acier\/","title":{"rendered":"JOSEPH JOSEPH Extend Max \u00c9gouttoir Extensible Acier"},"content":{"rendered":"<p>Cet \u00e9gouttoir de grande capacit\u00e9 s\u2019\u00e9tend jusqu\u2019\u00e0 deux fois sa taille pour accueillir des casseroles et des po\u00eales plus grandes et \u00e9viter l\u2019empilement de la vaisselle. Il est dot\u00e9 d\u2019un bec mobile pour l\u2019\u00e9vacuation de l\u2019eau, d\u2019un espace de drainage d\u00e9di\u00e9 aux couverts et de lamelles sur\u00e9lev\u00e9es con\u00e7ues pour emp\u00eacher l\u2019eau de se coincer sous les verres et les bols. L\u2019acier inoxydable r\u00e9sistant aux empreintes digitales simplifie l\u2019entretien et les sections extensibles glissent simplement vers l\u2019arri\u00e8re apr\u00e8s utilisation pour \u00eatre plus compactes.<\/p>\n<p>Il s\u2019\u00e9tend jusqu\u2019\u00e0 presque le double de sa taille pour accueillir de grandes casseroles et po\u00eales.<\/p>\n<p>Les coins du bec verseur \u00e9vacuent l\u2019eau directement dans l\u2019\u00e9vier et peuvent \u00eatre positionn\u00e9s \u00e0 trois endroits diff\u00e9rents pour s\u2019adapter au mieux \u00e0 l\u2019agencement de l\u2019\u00e9vier.<\/p>\n<p>Les nervures sur\u00e9lev\u00e9es assurent un s\u00e9chage plus propre sans que l\u2019eau ne reste coinc\u00e9e sous les verres et les bols.<\/p>\n<p>Des rails permettent de poser les casseroles et les planches \u00e0 d\u00e9couper.<\/p>\n<p>Porte-couverts mobile avec fentes pour les couteaux afin de r\u00e9duire les risques d\u2019accident.<\/p>\n<p>Entretien et utilisation:<\/p>\n<p>Laver et s\u00e9cher \u00e0 la main. D\u00e9montable pour faciliter le nettoyage.<\/p>\n<p>Ne pas utiliser de chiffons abrasifs ou de nettoyants chimiques agressifs sur les parties en acier inoxydable.<\/p>\n<p>Dimensions :<\/p>\n<p>Ferm\u00e9 : H18.8 x L35 x P38.7 cm (A7.4 x L13.8 x D15.3 inches)<\/p>\n<p>D\u00e9ploy\u00e9 : H18.8 x L35 x P67 cm (A7.4 x L13.8 x D15.3 pouces)<\/p>\n<p>Con\u00e7u par Joseph Joseph<\/p>\n","protected":false},"excerpt":{"rendered":"<p>Cet \u00e9gouttoir de grande capacit\u00e9 s\u2019\u00e9tend jusqu\u2019\u00e0 deux fois sa taille pour accueillir des casseroles et des po\u00eales plus grandes et \u00e9viter l\u2019empilement de la vaisselle. Il est dot\u00e9 d\u2019un bec mobile pour l\u2019\u00e9vacuation de l\u2019eau, d\u2019un espace de drainage d\u00e9di\u00e9 aux couverts et de lamelles sur\u00e9lev\u00e9es con\u00e7ues pour emp\u00eacher l\u2019eau de se coincer sous [&hellip;]<\/p>\n","protected":false},"featured_media":6366462,"template":"","meta":{"_acf_changed":false},"product_cat":[11668,11992,12030],"product_tag":[],"class_list":{"0":"post-63270","1":"product","2":"type-product","3":"status-publish","4":"has-post-thumbnail","6":"product_cat-cucina","7":"product_cat-cuisine","8":"product_cat-egouttoirs","10":"first","11":"instock","12":"sale","13":"taxable","14":"shipping-taxable","15":"purchasable","16":"product-type-simple","swatches":"rey-swatches","show_selected":"","stretch_labels":"rey-swatches--stretch-labels"},"acf":[],"yoast_head":"<!-- This site is optimized with the Yoast SEO plugin v25.4 - https:\/\/yoast.com\/wordpress\/plugins\/seo\/ -->\n<title>JOSEPH JOSEPH Extend Max \u00c9gouttoir Extensible Acier - dev6 Erresse<\/title>\n<meta name=\"description\" content=\"Cet \u00e9gouttoir de grande capacit\u00e9 s\u2019\u00e9tend jusqu\u2019\u00e0 deux fois sa taille pour accueillir des casseroles et des po\u00eales plus grandes et \u00e9viter l\u2019empilement de\" \/>\n<meta name=\"robots\" content=\"noindex, follow, max-snippet:-1, max-image-preview:large, max-video-preview:-1\" \/>\n<meta property=\"og:locale\" content=\"fr_FR\" \/>\n<meta property=\"og:type\" content=\"article\" \/>\n<meta property=\"og:title\" content=\"JOSEPH JOSEPH Extend Max \u00c9gouttoir Extensible Acier - dev6 Erresse\" \/>\n<meta property=\"og:description\" content=\"Cet \u00e9gouttoir de grande capacit\u00e9 s\u2019\u00e9tend jusqu\u2019\u00e0 deux fois sa taille pour accueillir des casseroles et des po\u00eales plus grandes et \u00e9viter l\u2019empilement de\" \/>\n<meta property=\"og:url\" content=\"https:\/\/dev6.erresse-shop.it\/fr\/shop\/cuisine\/egouttoirs\/joseph-joseph-extend-max-egouttoir-extensible-acier\/\" \/>\n<meta property=\"og:site_name\" content=\"dev6 Erresse\" \/>\n<meta property=\"og:image\" content=\"https:\/\/interpim.erresse-shop.it\/Import\/Prodotti\/joseph-joseph-extend-max-scolapiatti-espandibile-acciaio.jpg\" \/><meta property=\"og:image\" content=\"https:\/\/interpim.erresse-shop.it\/Import\/Prodotti\/joseph-joseph-extend-max-scolapiatti-espandibile-acciaio.jpg\" \/>\n\t<meta property=\"og:image:width\" content=\"1024\" \/>\n\t<meta property=\"og:image:height\" content=\"1024\" \/>\n\t<meta property=\"og:image:type\" content=\"image\/jpeg\" \/>\n<meta name=\"twitter:card\" content=\"summary_large_image\" \/>\n<meta name=\"twitter:image\" content=\"https:\/\/interpim.erresse-shop.it\/Import\/Prodotti\/joseph-joseph-extend-max-scolapiatti-espandibile-acciaio.jpg\" \/>\n<script type=\"application\/ld+json\" class=\"yoast-schema-graph\">{\"@context\":\"https:\/\/schema.org\",\"@graph\":[{\"@type\":\"WebPage\",\"@id\":\"https:\/\/dev6.erresse-shop.it\/fr\/shop\/cuisine\/egouttoirs\/joseph-joseph-extend-max-egouttoir-extensible-acier\/\",\"url\":\"https:\/\/dev6.erresse-shop.it\/fr\/shop\/cuisine\/egouttoirs\/joseph-joseph-extend-max-egouttoir-extensible-acier\/\",\"name\":\"JOSEPH JOSEPH Extend Max \u00c9gouttoir Extensible Acier - dev6 Erresse\",\"isPartOf\":{\"@id\":\"https:\/\/dev6.erresse-shop.it\/#website\"},\"primaryImageOfPage\":{\"@id\":\"https:\/\/dev6.erresse-shop.it\/fr\/shop\/cuisine\/egouttoirs\/joseph-joseph-extend-max-egouttoir-extensible-acier\/#primaryimage\"},\"image\":{\"@id\":\"https:\/\/dev6.erresse-shop.it\/fr\/shop\/cuisine\/egouttoirs\/joseph-joseph-extend-max-egouttoir-extensible-acier\/#primaryimage\"},\"thumbnailUrl\":\"https:\/\/i1.wp.com\/interpim.erresse-shop.it\/Import\/Prodotti\/joseph-joseph-extend-max-scolapiatti-espandibile-acciaio.jpg?ssl=1\",\"datePublished\":\"2026-04-12T08:31:27+00:00\",\"description\":\"Cet \u00e9gouttoir de grande capacit\u00e9 s\u2019\u00e9tend jusqu\u2019\u00e0 deux fois sa taille pour accueillir des casseroles et des po\u00eales plus grandes et \u00e9viter l\u2019empilement de\",\"breadcrumb\":{\"@id\":\"https:\/\/dev6.erresse-shop.it\/fr\/shop\/cuisine\/egouttoirs\/joseph-joseph-extend-max-egouttoir-extensible-acier\/#breadcrumb\"},\"inLanguage\":\"fr-FR\",\"potentialAction\":[{\"@type\":\"ReadAction\",\"target\":[\"https:\/\/dev6.erresse-shop.it\/fr\/shop\/cuisine\/egouttoirs\/joseph-joseph-extend-max-egouttoir-extensible-acier\/\"]}]},{\"@type\":\"ImageObject\",\"inLanguage\":\"fr-FR\",\"@id\":\"https:\/\/dev6.erresse-shop.it\/fr\/shop\/cuisine\/egouttoirs\/joseph-joseph-extend-max-egouttoir-extensible-acier\/#primaryimage\",\"url\":\"https:\/\/i1.wp.com\/interpim.erresse-shop.it\/Import\/Prodotti\/joseph-joseph-extend-max-scolapiatti-espandibile-acciaio.jpg?ssl=1\",\"contentUrl\":\"https:\/\/i1.wp.com\/interpim.erresse-shop.it\/Import\/Prodotti\/joseph-joseph-extend-max-scolapiatti-espandibile-acciaio.jpg?ssl=1\"},{\"@type\":\"BreadcrumbList\",\"@id\":\"https:\/\/dev6.erresse-shop.it\/fr\/shop\/cuisine\/egouttoirs\/joseph-joseph-extend-max-egouttoir-extensible-acier\/#breadcrumb\",\"itemListElement\":[{\"@type\":\"ListItem\",\"position\":1,\"name\":\"Home\",\"item\":\"https:\/\/dev6.erresse-shop.it\/\"},{\"@type\":\"ListItem\",\"position\":2,\"name\":\"Boutique\",\"item\":\"https:\/\/dev6.erresse-shop.it\/shop\/\"},{\"@type\":\"ListItem\",\"position\":3,\"name\":\"JOSEPH JOSEPH Extend Max \u00c9gouttoir Extensible Acier\"}]},{\"@type\":\"WebSite\",\"@id\":\"https:\/\/dev6.erresse-shop.it\/#website\",\"url\":\"https:\/\/dev6.erresse-shop.it\/\",\"name\":\"Erresse Shop\",\"description\":\"\",\"publisher\":{\"@id\":\"https:\/\/dev6.erresse-shop.it\/#organization\"},\"potentialAction\":[{\"@type\":\"SearchAction\",\"target\":{\"@type\":\"EntryPoint\",\"urlTemplate\":\"https:\/\/dev6.erresse-shop.it\/?s={search_term_string}\"},\"query-input\":{\"@type\":\"PropertyValueSpecification\",\"valueRequired\":true,\"valueName\":\"search_term_string\"}}],\"inLanguage\":\"fr-FR\"},{\"@type\":\"Organization\",\"@id\":\"https:\/\/dev6.erresse-shop.it\/#organization\",\"name\":\"Erresse Shop\",\"url\":\"https:\/\/dev6.erresse-shop.it\/\",\"logo\":{\"@type\":\"ImageObject\",\"inLanguage\":\"fr-FR\",\"@id\":\"https:\/\/dev6.erresse-shop.it\/#\/schema\/logo\/image\/\",\"url\":\"https:\/\/dev6.erresse-shop.it\/wp-content\/uploads\/2025\/01\/LOGO-ERRESSE-CLASSICO.svg\",\"contentUrl\":\"https:\/\/dev6.erresse-shop.it\/wp-content\/uploads\/2025\/01\/LOGO-ERRESSE-CLASSICO.svg\",\"caption\":\"Erresse Shop\"},\"image\":{\"@id\":\"https:\/\/dev6.erresse-shop.it\/#\/schema\/logo\/image\/\"}}]}<\/script>\n<!-- \/ Yoast SEO plugin. -->","yoast_head_json":{"title":"JOSEPH JOSEPH Extend Max \u00c9gouttoir Extensible Acier - dev6 Erresse","description":"Cet \u00e9gouttoir de grande capacit\u00e9 s\u2019\u00e9tend jusqu\u2019\u00e0 deux fois sa taille pour accueillir des casseroles et des po\u00eales plus grandes et \u00e9viter l\u2019empilement de","robots":{"index":"noindex","follow":"follow","max-snippet":"max-snippet:-1","max-image-preview":"max-image-preview:large","max-video-preview":"max-video-preview:-1"},"og_locale":"fr_FR","og_type":"article","og_title":"JOSEPH JOSEPH Extend Max \u00c9gouttoir Extensible Acier - dev6 Erresse","og_description":"Cet \u00e9gouttoir de grande capacit\u00e9 s\u2019\u00e9tend jusqu\u2019\u00e0 deux fois sa taille pour accueillir des casseroles et des po\u00eales plus grandes et \u00e9viter l\u2019empilement de","og_url":"https:\/\/dev6.erresse-shop.it\/fr\/shop\/cuisine\/egouttoirs\/joseph-joseph-extend-max-egouttoir-extensible-acier\/","og_site_name":"dev6 Erresse","og_image":[{"url":"https:\/\/interpim.erresse-shop.it\/Import\/Prodotti\/joseph-joseph-extend-max-scolapiatti-espandibile-acciaio.jpg","type":"","width":"","height":""},{"url":"https:\/\/interpim.erresse-shop.it\/Import\/Prodotti\/joseph-joseph-extend-max-scolapiatti-espandibile-acciaio.jpg","width":1024,"height":1024,"type":"image\/jpeg"}],"twitter_card":"summary_large_image","twitter_image":"https:\/\/interpim.erresse-shop.it\/Import\/Prodotti\/joseph-joseph-extend-max-scolapiatti-espandibile-acciaio.jpg","schema":{"@context":"https:\/\/schema.org","@graph":[{"@type":"WebPage","@id":"https:\/\/dev6.erresse-shop.it\/fr\/shop\/cuisine\/egouttoirs\/joseph-joseph-extend-max-egouttoir-extensible-acier\/","url":"https:\/\/dev6.erresse-shop.it\/fr\/shop\/cuisine\/egouttoirs\/joseph-joseph-extend-max-egouttoir-extensible-acier\/","name":"JOSEPH JOSEPH Extend Max \u00c9gouttoir Extensible Acier - dev6 Erresse","isPartOf":{"@id":"https:\/\/dev6.erresse-shop.it\/#website"},"primaryImageOfPage":{"@id":"https:\/\/dev6.erresse-shop.it\/fr\/shop\/cuisine\/egouttoirs\/joseph-joseph-extend-max-egouttoir-extensible-acier\/#primaryimage"},"image":{"@id":"https:\/\/dev6.erresse-shop.it\/fr\/shop\/cuisine\/egouttoirs\/joseph-joseph-extend-max-egouttoir-extensible-acier\/#primaryimage"},"thumbnailUrl":"https:\/\/i1.wp.com\/interpim.erresse-shop.it\/Import\/Prodotti\/joseph-joseph-extend-max-scolapiatti-espandibile-acciaio.jpg?ssl=1","datePublished":"2026-04-12T08:31:27+00:00","description":"Cet \u00e9gouttoir de grande capacit\u00e9 s\u2019\u00e9tend jusqu\u2019\u00e0 deux fois sa taille pour accueillir des casseroles et des po\u00eales plus grandes et \u00e9viter l\u2019empilement de","breadcrumb":{"@id":"https:\/\/dev6.erresse-shop.it\/fr\/shop\/cuisine\/egouttoirs\/joseph-joseph-extend-max-egouttoir-extensible-acier\/#breadcrumb"},"inLanguage":"fr-FR","potentialAction":[{"@type":"ReadAction","target":["https:\/\/dev6.erresse-shop.it\/fr\/shop\/cuisine\/egouttoirs\/joseph-joseph-extend-max-egouttoir-extensible-acier\/"]}]},{"@type":"ImageObject","inLanguage":"fr-FR","@id":"https:\/\/dev6.erresse-shop.it\/fr\/shop\/cuisine\/egouttoirs\/joseph-joseph-extend-max-egouttoir-extensible-acier\/#primaryimage","url":"https:\/\/i1.wp.com\/interpim.erresse-shop.it\/Import\/Prodotti\/joseph-joseph-extend-max-scolapiatti-espandibile-acciaio.jpg?ssl=1","contentUrl":"https:\/\/i1.wp.com\/interpim.erresse-shop.it\/Import\/Prodotti\/joseph-joseph-extend-max-scolapiatti-espandibile-acciaio.jpg?ssl=1"},{"@type":"BreadcrumbList","@id":"https:\/\/dev6.erresse-shop.it\/fr\/shop\/cuisine\/egouttoirs\/joseph-joseph-extend-max-egouttoir-extensible-acier\/#breadcrumb","itemListElement":[{"@type":"ListItem","position":1,"name":"Home","item":"https:\/\/dev6.erresse-shop.it\/"},{"@type":"ListItem","position":2,"name":"Boutique","item":"https:\/\/dev6.erresse-shop.it\/shop\/"},{"@type":"ListItem","position":3,"name":"JOSEPH JOSEPH Extend Max \u00c9gouttoir Extensible Acier"}]},{"@type":"WebSite","@id":"https:\/\/dev6.erresse-shop.it\/#website","url":"https:\/\/dev6.erresse-shop.it\/","name":"Erresse Shop","description":"","publisher":{"@id":"https:\/\/dev6.erresse-shop.it\/#organization"},"potentialAction":[{"@type":"SearchAction","target":{"@type":"EntryPoint","urlTemplate":"https:\/\/dev6.erresse-shop.it\/?s={search_term_string}"},"query-input":{"@type":"PropertyValueSpecification","valueRequired":true,"valueName":"search_term_string"}}],"inLanguage":"fr-FR"},{"@type":"Organization","@id":"https:\/\/dev6.erresse-shop.it\/#organization","name":"Erresse Shop","url":"https:\/\/dev6.erresse-shop.it\/","logo":{"@type":"ImageObject","inLanguage":"fr-FR","@id":"https:\/\/dev6.erresse-shop.it\/#\/schema\/logo\/image\/","url":"https:\/\/dev6.erresse-shop.it\/wp-content\/uploads\/2025\/01\/LOGO-ERRESSE-CLASSICO.svg","contentUrl":"https:\/\/dev6.erresse-shop.it\/wp-content\/uploads\/2025\/01\/LOGO-ERRESSE-CLASSICO.svg","caption":"Erresse Shop"},"image":{"@id":"https:\/\/dev6.erresse-shop.it\/#\/schema\/logo\/image\/"}}]}},"df_price":79.95,"df_sale_price":79.95,"df_regular_price":99.99,"df_image_link":"https:\/\/i1.wp.com\/interpim.erresse-shop.it\/Import\/Prodotti\/joseph-joseph-extend-max-scolapiatti-espandibile-acciaio.jpg?resize=300,300&ssl=1","fifu_image_url":"https:\/\/interpim.erresse-shop.it\/Import\/Prodotti\/joseph-joseph-extend-max-scolapiatti-espandibile-acciaio.jpg","_links":{"self":[{"href":"https:\/\/dev6.erresse-shop.it\/fr\/wp-json\/wp\/v2\/product\/63270","targetHints":{"allow":["GET"]}}],"collection":[{"href":"https:\/\/dev6.erresse-shop.it\/fr\/wp-json\/wp\/v2\/product"}],"about":[{"href":"https:\/\/dev6.erresse-shop.it\/fr\/wp-json\/wp\/v2\/types\/product"}],"wp:featuredmedia":[{"embeddable":true,"href":"https:\/\/dev6.erresse-shop.it\/fr\/wp-json\/wp\/v2\/media\/6366462"}],"wp:attachment":[{"href":"https:\/\/dev6.erresse-shop.it\/fr\/wp-json\/wp\/v2\/media?parent=63270"}],"wp:term":[{"taxonomy":"product_cat","embeddable":true,"href":"https:\/\/dev6.erresse-shop.it\/fr\/wp-json\/wp\/v2\/product_cat?post=63270"},{"taxonomy":"product_tag","embeddable":true,"href":"https:\/\/dev6.erresse-shop.it\/fr\/wp-json\/wp\/v2\/product_tag?post=63270"}],"curies":[{"name":"wp","href":"https:\/\/api.w.org\/{rel}","templated":true}]}}