{"id":63268,"date":"2026-04-12T10:31:27","date_gmt":"2026-04-12T08:31:27","guid":{"rendered":"https:\/\/dev6.erresse-shop.it\/shop\/non%20class\u00e9\/joseph-joseph-extend-egouttoir-extensible-acier\/"},"modified":"2026-04-28T03:35:15","modified_gmt":"2026-04-28T01:35:15","slug":"joseph-joseph-extend-egouttoir-extensible-acier","status":"publish","type":"product","link":"https:\/\/dev6.erresse-shop.it\/fr\/shop\/cuisine\/egouttoirs\/joseph-joseph-extend-egouttoir-extensible-acier\/","title":{"rendered":"JOSEPH JOSEPH Extend \u00c9gouttoir Extensible Acier"},"content":{"rendered":"<p>Nous avons cr\u00e9\u00e9 Extend\u2122 pour que le lavage de la vaisselle devienne une t\u00e2che beaucoup plus facile. Notre \u00e9gouttoir \u00e0 vaisselle extensible s\u2019\u00e9tend jusqu\u2019\u00e0 deux fois sa taille pour accueillir plus d\u2019articles. Il est \u00e9galement dot\u00e9 d\u2019un bec mobile pour l\u2019\u00e9vacuation de l\u2019eau, d\u2019un espace d\u2019\u00e9vacuation d\u00e9di\u00e9 aux couverts et de lamelles sur\u00e9lev\u00e9es qui emp\u00eachent l\u2019eau de se coincer sous les verres et les bols.<\/p>\n<p>S\u2019allonge pour accueillir plus d\u2019objets si n\u00e9cessaire<\/p>\n<p>Bec d\u2019\u00e9coulement \u00e0 trois positions diff\u00e9rentes<\/p>\n<p>Des nervures sur\u00e9lev\u00e9es emp\u00eachent l\u2019eau de s\u2019infiltrer sous les verres et les bols<\/p>\n<p>Guides d\u2019\u00e9gouttage et de planche \u00e0 d\u00e9couper anti-rayures<\/p>\n<p>\u00c9gouttoir \u00e0 couverts mobile avec fente pour les couteaux<\/p>\n<p>Finition en acier inoxydable avec rev\u00eatement r\u00e9sistant aux traces de doigts<\/p>\n<p>Entretien et utilisation:<\/p>\n<p>Laver et s\u00e9cher \u00e0 la main.<\/p>\n<p>Ne pas utiliser de chiffons abrasifs ou de nettoyants chimiques agressifs sur les parties en acier inoxydable.<\/p>\n<p>D\u00e9montable pour un nettoyage facile<\/p>\n<p>Le livret d\u2019instructions complet est disponible ici<\/p>\n<p>Dimensions :<\/p>\n<p>Ferm\u00e9 : H16.1 x W32 x D36.4 cm (A6\u00bd x W12\u00be x D14 \u00bd inches)<\/p>\n<p>D\u00e9ploy\u00e9 : H16.1 x W52.7 x D36.4 cm (A6\u00bd x W20\u00be x D14 \u00bd inches)<\/p>\n<p>Con\u00e7u par Studio17 Design<\/p>\n","protected":false},"excerpt":{"rendered":"<p>Nous avons cr\u00e9\u00e9 Extend\u2122 pour que le lavage de la vaisselle devienne une t\u00e2che beaucoup plus facile. Notre \u00e9gouttoir \u00e0 vaisselle extensible s\u2019\u00e9tend jusqu\u2019\u00e0 deux fois sa taille pour accueillir plus d\u2019articles. Il est \u00e9galement dot\u00e9 d\u2019un bec mobile pour l\u2019\u00e9vacuation de l\u2019eau, d\u2019un espace d\u2019\u00e9vacuation d\u00e9di\u00e9 aux couverts et de lamelles sur\u00e9lev\u00e9es qui emp\u00eachent [&hellip;]<\/p>\n","protected":false},"featured_media":6366445,"template":"","meta":{"_acf_changed":false},"product_cat":[11668,11992,12030],"product_tag":[],"class_list":{"0":"post-63268","1":"product","2":"type-product","3":"status-publish","4":"has-post-thumbnail","6":"product_cat-cucina","7":"product_cat-cuisine","8":"product_cat-egouttoirs","10":"first","11":"instock","12":"sale","13":"taxable","14":"shipping-taxable","15":"purchasable","16":"product-type-simple","swatches":"rey-swatches","show_selected":"","stretch_labels":"rey-swatches--stretch-labels"},"acf":[],"yoast_head":"<!-- This site is optimized with the Yoast SEO plugin v25.4 - https:\/\/yoast.com\/wordpress\/plugins\/seo\/ -->\n<title>JOSEPH JOSEPH Extend \u00c9gouttoir Extensible Acier - dev6 Erresse<\/title>\n<meta name=\"description\" content=\"Nous avons cr\u00e9\u00e9 Extend\u2122 pour que le lavage de la vaisselle devienne une t\u00e2che beaucoup plus facile. Notre \u00e9gouttoir \u00e0 vaisselle extensible s\u2019\u00e9tend jusqu\u2019\u00e0\" \/>\n<meta name=\"robots\" content=\"noindex, follow, max-snippet:-1, max-image-preview:large, max-video-preview:-1\" \/>\n<meta property=\"og:locale\" content=\"fr_FR\" \/>\n<meta property=\"og:type\" content=\"article\" \/>\n<meta property=\"og:title\" content=\"JOSEPH JOSEPH Extend \u00c9gouttoir Extensible Acier - dev6 Erresse\" \/>\n<meta property=\"og:description\" content=\"Nous avons cr\u00e9\u00e9 Extend\u2122 pour que le lavage de la vaisselle devienne une t\u00e2che beaucoup plus facile. Notre \u00e9gouttoir \u00e0 vaisselle extensible s\u2019\u00e9tend jusqu\u2019\u00e0\" \/>\n<meta property=\"og:url\" content=\"https:\/\/dev6.erresse-shop.it\/fr\/shop\/cuisine\/egouttoirs\/joseph-joseph-extend-egouttoir-extensible-acier\/\" \/>\n<meta property=\"og:site_name\" content=\"dev6 Erresse\" \/>\n<meta property=\"article:modified_time\" content=\"2026-04-28T01:35:15+00:00\" \/>\n<meta property=\"og:image\" content=\"https:\/\/interpim.erresse-shop.it\/wp-content\/uploads\/2024\/03\/JOSEPH-JOSEPH-Extend-Scolapiatti-Espandibile-Acciaio-1.jpg\/joseph-joseph-extend-scolapiatti-espandibile-acciaio-1.jpg\" \/><meta property=\"og:image\" content=\"https:\/\/interpim.erresse-shop.it\/wp-content\/uploads\/2024\/03\/JOSEPH-JOSEPH-Extend-Scolapiatti-Espandibile-Acciaio-1.jpg\/joseph-joseph-extend-scolapiatti-espandibile-acciaio-1.jpg\" \/>\n\t<meta property=\"og:image:width\" content=\"1024\" \/>\n\t<meta property=\"og:image:height\" content=\"1024\" \/>\n\t<meta property=\"og:image:type\" content=\"image\/jpeg\" \/>\n<meta name=\"twitter:card\" content=\"summary_large_image\" \/>\n<meta name=\"twitter:image\" content=\"https:\/\/interpim.erresse-shop.it\/wp-content\/uploads\/2024\/03\/JOSEPH-JOSEPH-Extend-Scolapiatti-Espandibile-Acciaio-1.jpg\/joseph-joseph-extend-scolapiatti-espandibile-acciaio-1.jpg\" \/>\n<script type=\"application\/ld+json\" class=\"yoast-schema-graph\">{\"@context\":\"https:\/\/schema.org\",\"@graph\":[{\"@type\":\"WebPage\",\"@id\":\"https:\/\/dev6.erresse-shop.it\/fr\/shop\/cuisine\/egouttoirs\/joseph-joseph-extend-egouttoir-extensible-acier\/\",\"url\":\"https:\/\/dev6.erresse-shop.it\/fr\/shop\/cuisine\/egouttoirs\/joseph-joseph-extend-egouttoir-extensible-acier\/\",\"name\":\"JOSEPH JOSEPH Extend \u00c9gouttoir Extensible Acier - dev6 Erresse\",\"isPartOf\":{\"@id\":\"https:\/\/dev6.erresse-shop.it\/#website\"},\"primaryImageOfPage\":{\"@id\":\"https:\/\/dev6.erresse-shop.it\/fr\/shop\/cuisine\/egouttoirs\/joseph-joseph-extend-egouttoir-extensible-acier\/#primaryimage\"},\"image\":{\"@id\":\"https:\/\/dev6.erresse-shop.it\/fr\/shop\/cuisine\/egouttoirs\/joseph-joseph-extend-egouttoir-extensible-acier\/#primaryimage\"},\"thumbnailUrl\":\"https:\/\/i1.wp.com\/interpim.erresse-shop.it\/wp-content\/uploads\/2024\/03\/JOSEPH-JOSEPH-Extend-Scolapiatti-Espandibile-Acciaio-1.jpg\/joseph-joseph-extend-scolapiatti-espandibile-acciaio-1.jpg?ssl=1\",\"datePublished\":\"2026-04-12T08:31:27+00:00\",\"dateModified\":\"2026-04-28T01:35:15+00:00\",\"description\":\"Nous avons cr\u00e9\u00e9 Extend\u2122 pour que le lavage de la vaisselle devienne une t\u00e2che beaucoup plus facile. Notre \u00e9gouttoir \u00e0 vaisselle extensible s\u2019\u00e9tend jusqu\u2019\u00e0\",\"breadcrumb\":{\"@id\":\"https:\/\/dev6.erresse-shop.it\/fr\/shop\/cuisine\/egouttoirs\/joseph-joseph-extend-egouttoir-extensible-acier\/#breadcrumb\"},\"inLanguage\":\"fr-FR\",\"potentialAction\":[{\"@type\":\"ReadAction\",\"target\":[\"https:\/\/dev6.erresse-shop.it\/fr\/shop\/cuisine\/egouttoirs\/joseph-joseph-extend-egouttoir-extensible-acier\/\"]}]},{\"@type\":\"ImageObject\",\"inLanguage\":\"fr-FR\",\"@id\":\"https:\/\/dev6.erresse-shop.it\/fr\/shop\/cuisine\/egouttoirs\/joseph-joseph-extend-egouttoir-extensible-acier\/#primaryimage\",\"url\":\"https:\/\/i1.wp.com\/interpim.erresse-shop.it\/wp-content\/uploads\/2024\/03\/JOSEPH-JOSEPH-Extend-Scolapiatti-Espandibile-Acciaio-1.jpg\/joseph-joseph-extend-scolapiatti-espandibile-acciaio-1.jpg?ssl=1\",\"contentUrl\":\"https:\/\/i1.wp.com\/interpim.erresse-shop.it\/wp-content\/uploads\/2024\/03\/JOSEPH-JOSEPH-Extend-Scolapiatti-Espandibile-Acciaio-1.jpg\/joseph-joseph-extend-scolapiatti-espandibile-acciaio-1.jpg?ssl=1\"},{\"@type\":\"BreadcrumbList\",\"@id\":\"https:\/\/dev6.erresse-shop.it\/fr\/shop\/cuisine\/egouttoirs\/joseph-joseph-extend-egouttoir-extensible-acier\/#breadcrumb\",\"itemListElement\":[{\"@type\":\"ListItem\",\"position\":1,\"name\":\"Home\",\"item\":\"https:\/\/dev6.erresse-shop.it\/\"},{\"@type\":\"ListItem\",\"position\":2,\"name\":\"Boutique\",\"item\":\"https:\/\/dev6.erresse-shop.it\/shop\/\"},{\"@type\":\"ListItem\",\"position\":3,\"name\":\"JOSEPH JOSEPH Extend \u00c9gouttoir Extensible Acier\"}]},{\"@type\":\"WebSite\",\"@id\":\"https:\/\/dev6.erresse-shop.it\/#website\",\"url\":\"https:\/\/dev6.erresse-shop.it\/\",\"name\":\"Erresse Shop\",\"description\":\"\",\"publisher\":{\"@id\":\"https:\/\/dev6.erresse-shop.it\/#organization\"},\"potentialAction\":[{\"@type\":\"SearchAction\",\"target\":{\"@type\":\"EntryPoint\",\"urlTemplate\":\"https:\/\/dev6.erresse-shop.it\/?s={search_term_string}\"},\"query-input\":{\"@type\":\"PropertyValueSpecification\",\"valueRequired\":true,\"valueName\":\"search_term_string\"}}],\"inLanguage\":\"fr-FR\"},{\"@type\":\"Organization\",\"@id\":\"https:\/\/dev6.erresse-shop.it\/#organization\",\"name\":\"Erresse Shop\",\"url\":\"https:\/\/dev6.erresse-shop.it\/\",\"logo\":{\"@type\":\"ImageObject\",\"inLanguage\":\"fr-FR\",\"@id\":\"https:\/\/dev6.erresse-shop.it\/#\/schema\/logo\/image\/\",\"url\":\"https:\/\/dev6.erresse-shop.it\/wp-content\/uploads\/2025\/01\/LOGO-ERRESSE-CLASSICO.svg\",\"contentUrl\":\"https:\/\/dev6.erresse-shop.it\/wp-content\/uploads\/2025\/01\/LOGO-ERRESSE-CLASSICO.svg\",\"caption\":\"Erresse Shop\"},\"image\":{\"@id\":\"https:\/\/dev6.erresse-shop.it\/#\/schema\/logo\/image\/\"}}]}<\/script>\n<!-- \/ Yoast SEO plugin. -->","yoast_head_json":{"title":"JOSEPH JOSEPH Extend \u00c9gouttoir Extensible Acier - dev6 Erresse","description":"Nous avons cr\u00e9\u00e9 Extend\u2122 pour que le lavage de la vaisselle devienne une t\u00e2che beaucoup plus facile. Notre \u00e9gouttoir \u00e0 vaisselle extensible s\u2019\u00e9tend jusqu\u2019\u00e0","robots":{"index":"noindex","follow":"follow","max-snippet":"max-snippet:-1","max-image-preview":"max-image-preview:large","max-video-preview":"max-video-preview:-1"},"og_locale":"fr_FR","og_type":"article","og_title":"JOSEPH JOSEPH Extend \u00c9gouttoir Extensible Acier - dev6 Erresse","og_description":"Nous avons cr\u00e9\u00e9 Extend\u2122 pour que le lavage de la vaisselle devienne une t\u00e2che beaucoup plus facile. Notre \u00e9gouttoir \u00e0 vaisselle extensible s\u2019\u00e9tend jusqu\u2019\u00e0","og_url":"https:\/\/dev6.erresse-shop.it\/fr\/shop\/cuisine\/egouttoirs\/joseph-joseph-extend-egouttoir-extensible-acier\/","og_site_name":"dev6 Erresse","article_modified_time":"2026-04-28T01:35:15+00:00","og_image":[{"url":"https:\/\/interpim.erresse-shop.it\/wp-content\/uploads\/2024\/03\/JOSEPH-JOSEPH-Extend-Scolapiatti-Espandibile-Acciaio-1.jpg\/joseph-joseph-extend-scolapiatti-espandibile-acciaio-1.jpg","type":"","width":"","height":""},{"url":"https:\/\/interpim.erresse-shop.it\/wp-content\/uploads\/2024\/03\/JOSEPH-JOSEPH-Extend-Scolapiatti-Espandibile-Acciaio-1.jpg\/joseph-joseph-extend-scolapiatti-espandibile-acciaio-1.jpg","width":1024,"height":1024,"type":"image\/jpeg"}],"twitter_card":"summary_large_image","twitter_image":"https:\/\/interpim.erresse-shop.it\/wp-content\/uploads\/2024\/03\/JOSEPH-JOSEPH-Extend-Scolapiatti-Espandibile-Acciaio-1.jpg\/joseph-joseph-extend-scolapiatti-espandibile-acciaio-1.jpg","schema":{"@context":"https:\/\/schema.org","@graph":[{"@type":"WebPage","@id":"https:\/\/dev6.erresse-shop.it\/fr\/shop\/cuisine\/egouttoirs\/joseph-joseph-extend-egouttoir-extensible-acier\/","url":"https:\/\/dev6.erresse-shop.it\/fr\/shop\/cuisine\/egouttoirs\/joseph-joseph-extend-egouttoir-extensible-acier\/","name":"JOSEPH JOSEPH Extend \u00c9gouttoir Extensible Acier - dev6 Erresse","isPartOf":{"@id":"https:\/\/dev6.erresse-shop.it\/#website"},"primaryImageOfPage":{"@id":"https:\/\/dev6.erresse-shop.it\/fr\/shop\/cuisine\/egouttoirs\/joseph-joseph-extend-egouttoir-extensible-acier\/#primaryimage"},"image":{"@id":"https:\/\/dev6.erresse-shop.it\/fr\/shop\/cuisine\/egouttoirs\/joseph-joseph-extend-egouttoir-extensible-acier\/#primaryimage"},"thumbnailUrl":"https:\/\/i1.wp.com\/interpim.erresse-shop.it\/wp-content\/uploads\/2024\/03\/JOSEPH-JOSEPH-Extend-Scolapiatti-Espandibile-Acciaio-1.jpg\/joseph-joseph-extend-scolapiatti-espandibile-acciaio-1.jpg?ssl=1","datePublished":"2026-04-12T08:31:27+00:00","dateModified":"2026-04-28T01:35:15+00:00","description":"Nous avons cr\u00e9\u00e9 Extend\u2122 pour que le lavage de la vaisselle devienne une t\u00e2che beaucoup plus facile. Notre \u00e9gouttoir \u00e0 vaisselle extensible s\u2019\u00e9tend jusqu\u2019\u00e0","breadcrumb":{"@id":"https:\/\/dev6.erresse-shop.it\/fr\/shop\/cuisine\/egouttoirs\/joseph-joseph-extend-egouttoir-extensible-acier\/#breadcrumb"},"inLanguage":"fr-FR","potentialAction":[{"@type":"ReadAction","target":["https:\/\/dev6.erresse-shop.it\/fr\/shop\/cuisine\/egouttoirs\/joseph-joseph-extend-egouttoir-extensible-acier\/"]}]},{"@type":"ImageObject","inLanguage":"fr-FR","@id":"https:\/\/dev6.erresse-shop.it\/fr\/shop\/cuisine\/egouttoirs\/joseph-joseph-extend-egouttoir-extensible-acier\/#primaryimage","url":"https:\/\/i1.wp.com\/interpim.erresse-shop.it\/wp-content\/uploads\/2024\/03\/JOSEPH-JOSEPH-Extend-Scolapiatti-Espandibile-Acciaio-1.jpg\/joseph-joseph-extend-scolapiatti-espandibile-acciaio-1.jpg?ssl=1","contentUrl":"https:\/\/i1.wp.com\/interpim.erresse-shop.it\/wp-content\/uploads\/2024\/03\/JOSEPH-JOSEPH-Extend-Scolapiatti-Espandibile-Acciaio-1.jpg\/joseph-joseph-extend-scolapiatti-espandibile-acciaio-1.jpg?ssl=1"},{"@type":"BreadcrumbList","@id":"https:\/\/dev6.erresse-shop.it\/fr\/shop\/cuisine\/egouttoirs\/joseph-joseph-extend-egouttoir-extensible-acier\/#breadcrumb","itemListElement":[{"@type":"ListItem","position":1,"name":"Home","item":"https:\/\/dev6.erresse-shop.it\/"},{"@type":"ListItem","position":2,"name":"Boutique","item":"https:\/\/dev6.erresse-shop.it\/shop\/"},{"@type":"ListItem","position":3,"name":"JOSEPH JOSEPH Extend \u00c9gouttoir Extensible Acier"}]},{"@type":"WebSite","@id":"https:\/\/dev6.erresse-shop.it\/#website","url":"https:\/\/dev6.erresse-shop.it\/","name":"Erresse Shop","description":"","publisher":{"@id":"https:\/\/dev6.erresse-shop.it\/#organization"},"potentialAction":[{"@type":"SearchAction","target":{"@type":"EntryPoint","urlTemplate":"https:\/\/dev6.erresse-shop.it\/?s={search_term_string}"},"query-input":{"@type":"PropertyValueSpecification","valueRequired":true,"valueName":"search_term_string"}}],"inLanguage":"fr-FR"},{"@type":"Organization","@id":"https:\/\/dev6.erresse-shop.it\/#organization","name":"Erresse Shop","url":"https:\/\/dev6.erresse-shop.it\/","logo":{"@type":"ImageObject","inLanguage":"fr-FR","@id":"https:\/\/dev6.erresse-shop.it\/#\/schema\/logo\/image\/","url":"https:\/\/dev6.erresse-shop.it\/wp-content\/uploads\/2025\/01\/LOGO-ERRESSE-CLASSICO.svg","contentUrl":"https:\/\/dev6.erresse-shop.it\/wp-content\/uploads\/2025\/01\/LOGO-ERRESSE-CLASSICO.svg","caption":"Erresse Shop"},"image":{"@id":"https:\/\/dev6.erresse-shop.it\/#\/schema\/logo\/image\/"}}]}},"df_price":72.95,"df_sale_price":72.95,"df_regular_price":99.99,"df_image_link":"https:\/\/i1.wp.com\/interpim.erresse-shop.it\/wp-content\/uploads\/2024\/03\/JOSEPH-JOSEPH-Extend-Scolapiatti-Espandibile-Acciaio-1.jpg\/joseph-joseph-extend-scolapiatti-espandibile-acciaio-1.jpg?resize=300,300&ssl=1","fifu_image_url":"https:\/\/interpim.erresse-shop.it\/wp-content\/uploads\/2024\/03\/JOSEPH-JOSEPH-Extend-Scolapiatti-Espandibile-Acciaio-1.jpg\/joseph-joseph-extend-scolapiatti-espandibile-acciaio-1.jpg","_links":{"self":[{"href":"https:\/\/dev6.erresse-shop.it\/fr\/wp-json\/wp\/v2\/product\/63268","targetHints":{"allow":["GET"]}}],"collection":[{"href":"https:\/\/dev6.erresse-shop.it\/fr\/wp-json\/wp\/v2\/product"}],"about":[{"href":"https:\/\/dev6.erresse-shop.it\/fr\/wp-json\/wp\/v2\/types\/product"}],"wp:featuredmedia":[{"embeddable":true,"href":"https:\/\/dev6.erresse-shop.it\/fr\/wp-json\/wp\/v2\/media\/6366445"}],"wp:attachment":[{"href":"https:\/\/dev6.erresse-shop.it\/fr\/wp-json\/wp\/v2\/media?parent=63268"}],"wp:term":[{"taxonomy":"product_cat","embeddable":true,"href":"https:\/\/dev6.erresse-shop.it\/fr\/wp-json\/wp\/v2\/product_cat?post=63268"},{"taxonomy":"product_tag","embeddable":true,"href":"https:\/\/dev6.erresse-shop.it\/fr\/wp-json\/wp\/v2\/product_tag?post=63268"}],"curies":[{"name":"wp","href":"https:\/\/api.w.org\/{rel}","templated":true}]}}