{"id":63261,"date":"2026-04-12T10:31:27","date_gmt":"2026-04-12T08:31:27","guid":{"rendered":"https:\/\/dev6.erresse-shop.it\/shop\/non%20class\u00e9\/joseph-joseph-collect-4l-gris\/"},"modified":"2025-09-14T05:18:17","modified_gmt":"2025-09-14T03:18:17","slug":"joseph-joseph-collect-4l-gris","status":"publish","type":"product","link":"https:\/\/dev6.erresse-shop.it\/fr\/shop\/ameublement-maison\/salle-de-bain\/joseph-joseph-collect-4l-gris\/","title":{"rendered":"JOSEPH JOSEPH Collect 4l Gris"},"content":{"rendered":"<p>Cet \u00e9l\u00e9gant conteneur \u00e0 d\u00e9chets alimentaires en acier inoxydable est un objet que vous ne voudrez pas cacher. Dot\u00e9e d\u2019une large ouverture, elle est \u00e9quip\u00e9e d\u2019un seau int\u00e9rieur amovible pour faciliter le vidage. Il est \u00e9galement dot\u00e9 d\u2019un filtre \u00e0 odeurs ventil\u00e9 efficace pour tenir les odeurs d\u00e9sagr\u00e9ables \u00e0 distance, tandis que l\u2019espace sous le seau int\u00e9rieur permet de ranger un paquet de sacs \u00e0 d\u00e9chets compostables Joseph Joseph IW2 faits sur mesure (disponibles s\u00e9par\u00e9ment).<br \/>\nLe seau int\u00e9rieur est amovible pour faciliter l\u2019enl\u00e8vement des d\u00e9chets.<br \/>\nLe couvercle rabattable est dot\u00e9 d\u2019un filtre ventil\u00e9 intelligent qui r\u00e9duit l\u2019humidit\u00e9 et les odeurs ind\u00e9sirables.<br \/>\nLe design est inclin\u00e9 et l\u2019ouverture est large pour faciliter le remplissage du conteneur.<br \/>\nUn espace sous le seau int\u00e9rieur permet de ranger un sac \u00e0 d\u00e9chets compostable Joseph Joseph IW2 fait sur mesure.<br \/>\nFinition en acier inoxydable facile \u00e0 nettoyer, durable et \u00e9l\u00e9gante.<\/p>\n<p>Entretien et utilisation :<\/p>\n<p>Corps principal et couvercle : nettoyer avec un chiffon doux imbib\u00e9 d\u2019eau ti\u00e8de et de d\u00e9tergent doux. S\u00e9cher avec un chiffon doux et sec. Ne pas utiliser de chiffons abrasifs ou de nettoyants chimiques agressifs.<\/p>\n<p>Seau : nettoyer avec de l\u2019eau ti\u00e8de et du savon. Une solution de levure et d\u2019eau peut \u00e9galement \u00eatre utilis\u00e9e pour aider \u00e0 \u00e9liminer les mauvaises odeurs. S\u00e9chez-le avant de le remettre en place dans l\u2019appareil.<\/p>\n<p>Filtre \u00e0 odeurs : pour des performances optimales, il est recommand\u00e9 de le remplacer tous les trois mois.<\/p>\n<p>Dimensions de l\u2019appareil : H20,9 x L30,3 x P17,4 cm (H8 x L12 x P7 pouces)<\/p>\n<p>Poids: 1,7 kg<\/p>\n","protected":false},"excerpt":{"rendered":"<p>Cet \u00e9l\u00e9gant conteneur \u00e0 d\u00e9chets alimentaires en acier inoxydable est un objet que vous ne voudrez pas cacher. Dot\u00e9e d\u2019une large ouverture, elle est \u00e9quip\u00e9e d\u2019un seau int\u00e9rieur amovible pour faciliter le vidage. Il est \u00e9galement dot\u00e9 d\u2019un filtre \u00e0 odeurs ventil\u00e9 efficace pour tenir les odeurs d\u00e9sagr\u00e9ables \u00e0 distance, tandis que l\u2019espace sous le [&hellip;]<\/p>\n","protected":false},"featured_media":6366394,"template":"","meta":{"_acf_changed":false},"product_cat":[11990,12074],"product_tag":[],"class_list":{"0":"post-63261","1":"product","2":"type-product","3":"status-publish","4":"has-post-thumbnail","6":"product_cat-ameublement-maison","7":"product_cat-salle-de-bain","9":"first","10":"instock","11":"taxable","12":"shipping-taxable","13":"purchasable","14":"product-type-simple","swatches":"rey-swatches","show_selected":"","stretch_labels":"rey-swatches--stretch-labels"},"acf":[],"yoast_head":"<!-- This site is optimized with the Yoast SEO plugin v25.4 - https:\/\/yoast.com\/wordpress\/plugins\/seo\/ -->\n<title>JOSEPH JOSEPH Collect 4l Gris - dev6 Erresse<\/title>\n<meta name=\"description\" content=\"Cet \u00e9l\u00e9gant conteneur \u00e0 d\u00e9chets alimentaires en acier inoxydable est un objet que vous ne voudrez pas cacher. Dot\u00e9e d\u2019une large ouverture, elle est\" \/>\n<meta name=\"robots\" content=\"noindex, follow, max-snippet:-1, max-image-preview:large, max-video-preview:-1\" \/>\n<meta property=\"og:locale\" content=\"fr_FR\" \/>\n<meta property=\"og:type\" content=\"article\" \/>\n<meta property=\"og:title\" content=\"JOSEPH JOSEPH Collect 4l Gris - dev6 Erresse\" \/>\n<meta property=\"og:description\" content=\"Cet \u00e9l\u00e9gant conteneur \u00e0 d\u00e9chets alimentaires en acier inoxydable est un objet que vous ne voudrez pas cacher. Dot\u00e9e d\u2019une large ouverture, elle est\" \/>\n<meta property=\"og:url\" content=\"https:\/\/dev6.erresse-shop.it\/fr\/shop\/ameublement-maison\/salle-de-bain\/joseph-joseph-collect-4l-gris\/\" \/>\n<meta property=\"og:site_name\" content=\"dev6 Erresse\" \/>\n<meta property=\"og:image\" content=\"https:\/\/interpim.erresse-shop.it\/Import\/Prodotti\/joseph-joseph-collect-4l-grigio.jpg\" \/><meta property=\"og:image\" content=\"https:\/\/interpim.erresse-shop.it\/Import\/Prodotti\/joseph-joseph-collect-4l-grigio.jpg\" \/>\n\t<meta property=\"og:image:width\" content=\"1024\" \/>\n\t<meta property=\"og:image:height\" content=\"1024\" \/>\n\t<meta property=\"og:image:type\" content=\"image\/jpeg\" \/>\n<meta name=\"twitter:card\" content=\"summary_large_image\" \/>\n<meta name=\"twitter:image\" content=\"https:\/\/interpim.erresse-shop.it\/Import\/Prodotti\/joseph-joseph-collect-4l-grigio.jpg\" \/>\n<script type=\"application\/ld+json\" class=\"yoast-schema-graph\">{\"@context\":\"https:\/\/schema.org\",\"@graph\":[{\"@type\":\"WebPage\",\"@id\":\"https:\/\/dev6.erresse-shop.it\/fr\/shop\/ameublement-maison\/salle-de-bain\/joseph-joseph-collect-4l-gris\/\",\"url\":\"https:\/\/dev6.erresse-shop.it\/fr\/shop\/ameublement-maison\/salle-de-bain\/joseph-joseph-collect-4l-gris\/\",\"name\":\"JOSEPH JOSEPH Collect 4l Gris - dev6 Erresse\",\"isPartOf\":{\"@id\":\"https:\/\/dev6.erresse-shop.it\/#website\"},\"primaryImageOfPage\":{\"@id\":\"https:\/\/dev6.erresse-shop.it\/fr\/shop\/ameublement-maison\/salle-de-bain\/joseph-joseph-collect-4l-gris\/#primaryimage\"},\"image\":{\"@id\":\"https:\/\/dev6.erresse-shop.it\/fr\/shop\/ameublement-maison\/salle-de-bain\/joseph-joseph-collect-4l-gris\/#primaryimage\"},\"thumbnailUrl\":\"https:\/\/i2.wp.com\/interpim.erresse-shop.it\/Import\/Prodotti\/joseph-joseph-collect-4l-grigio.jpg?ssl=1\",\"datePublished\":\"2026-04-12T08:31:27+00:00\",\"description\":\"Cet \u00e9l\u00e9gant conteneur \u00e0 d\u00e9chets alimentaires en acier inoxydable est un objet que vous ne voudrez pas cacher. Dot\u00e9e d\u2019une large ouverture, elle est\",\"breadcrumb\":{\"@id\":\"https:\/\/dev6.erresse-shop.it\/fr\/shop\/ameublement-maison\/salle-de-bain\/joseph-joseph-collect-4l-gris\/#breadcrumb\"},\"inLanguage\":\"fr-FR\",\"potentialAction\":[{\"@type\":\"ReadAction\",\"target\":[\"https:\/\/dev6.erresse-shop.it\/fr\/shop\/ameublement-maison\/salle-de-bain\/joseph-joseph-collect-4l-gris\/\"]}]},{\"@type\":\"ImageObject\",\"inLanguage\":\"fr-FR\",\"@id\":\"https:\/\/dev6.erresse-shop.it\/fr\/shop\/ameublement-maison\/salle-de-bain\/joseph-joseph-collect-4l-gris\/#primaryimage\",\"url\":\"https:\/\/i2.wp.com\/interpim.erresse-shop.it\/Import\/Prodotti\/joseph-joseph-collect-4l-grigio.jpg?ssl=1\",\"contentUrl\":\"https:\/\/i2.wp.com\/interpim.erresse-shop.it\/Import\/Prodotti\/joseph-joseph-collect-4l-grigio.jpg?ssl=1\"},{\"@type\":\"BreadcrumbList\",\"@id\":\"https:\/\/dev6.erresse-shop.it\/fr\/shop\/ameublement-maison\/salle-de-bain\/joseph-joseph-collect-4l-gris\/#breadcrumb\",\"itemListElement\":[{\"@type\":\"ListItem\",\"position\":1,\"name\":\"Home\",\"item\":\"https:\/\/dev6.erresse-shop.it\/\"},{\"@type\":\"ListItem\",\"position\":2,\"name\":\"Boutique\",\"item\":\"https:\/\/dev6.erresse-shop.it\/shop\/\"},{\"@type\":\"ListItem\",\"position\":3,\"name\":\"JOSEPH JOSEPH Collect 4l Gris\"}]},{\"@type\":\"WebSite\",\"@id\":\"https:\/\/dev6.erresse-shop.it\/#website\",\"url\":\"https:\/\/dev6.erresse-shop.it\/\",\"name\":\"Erresse Shop\",\"description\":\"\",\"publisher\":{\"@id\":\"https:\/\/dev6.erresse-shop.it\/#organization\"},\"potentialAction\":[{\"@type\":\"SearchAction\",\"target\":{\"@type\":\"EntryPoint\",\"urlTemplate\":\"https:\/\/dev6.erresse-shop.it\/?s={search_term_string}\"},\"query-input\":{\"@type\":\"PropertyValueSpecification\",\"valueRequired\":true,\"valueName\":\"search_term_string\"}}],\"inLanguage\":\"fr-FR\"},{\"@type\":\"Organization\",\"@id\":\"https:\/\/dev6.erresse-shop.it\/#organization\",\"name\":\"Erresse Shop\",\"url\":\"https:\/\/dev6.erresse-shop.it\/\",\"logo\":{\"@type\":\"ImageObject\",\"inLanguage\":\"fr-FR\",\"@id\":\"https:\/\/dev6.erresse-shop.it\/#\/schema\/logo\/image\/\",\"url\":\"https:\/\/dev6.erresse-shop.it\/wp-content\/uploads\/2025\/01\/LOGO-ERRESSE-CLASSICO.svg\",\"contentUrl\":\"https:\/\/dev6.erresse-shop.it\/wp-content\/uploads\/2025\/01\/LOGO-ERRESSE-CLASSICO.svg\",\"caption\":\"Erresse Shop\"},\"image\":{\"@id\":\"https:\/\/dev6.erresse-shop.it\/#\/schema\/logo\/image\/\"}}]}<\/script>\n<!-- \/ Yoast SEO plugin. -->","yoast_head_json":{"title":"JOSEPH JOSEPH Collect 4l Gris - dev6 Erresse","description":"Cet \u00e9l\u00e9gant conteneur \u00e0 d\u00e9chets alimentaires en acier inoxydable est un objet que vous ne voudrez pas cacher. Dot\u00e9e d\u2019une large ouverture, elle est","robots":{"index":"noindex","follow":"follow","max-snippet":"max-snippet:-1","max-image-preview":"max-image-preview:large","max-video-preview":"max-video-preview:-1"},"og_locale":"fr_FR","og_type":"article","og_title":"JOSEPH JOSEPH Collect 4l Gris - dev6 Erresse","og_description":"Cet \u00e9l\u00e9gant conteneur \u00e0 d\u00e9chets alimentaires en acier inoxydable est un objet que vous ne voudrez pas cacher. Dot\u00e9e d\u2019une large ouverture, elle est","og_url":"https:\/\/dev6.erresse-shop.it\/fr\/shop\/ameublement-maison\/salle-de-bain\/joseph-joseph-collect-4l-gris\/","og_site_name":"dev6 Erresse","og_image":[{"url":"https:\/\/interpim.erresse-shop.it\/Import\/Prodotti\/joseph-joseph-collect-4l-grigio.jpg","type":"","width":"","height":""},{"url":"https:\/\/interpim.erresse-shop.it\/Import\/Prodotti\/joseph-joseph-collect-4l-grigio.jpg","width":1024,"height":1024,"type":"image\/jpeg"}],"twitter_card":"summary_large_image","twitter_image":"https:\/\/interpim.erresse-shop.it\/Import\/Prodotti\/joseph-joseph-collect-4l-grigio.jpg","schema":{"@context":"https:\/\/schema.org","@graph":[{"@type":"WebPage","@id":"https:\/\/dev6.erresse-shop.it\/fr\/shop\/ameublement-maison\/salle-de-bain\/joseph-joseph-collect-4l-gris\/","url":"https:\/\/dev6.erresse-shop.it\/fr\/shop\/ameublement-maison\/salle-de-bain\/joseph-joseph-collect-4l-gris\/","name":"JOSEPH JOSEPH Collect 4l Gris - dev6 Erresse","isPartOf":{"@id":"https:\/\/dev6.erresse-shop.it\/#website"},"primaryImageOfPage":{"@id":"https:\/\/dev6.erresse-shop.it\/fr\/shop\/ameublement-maison\/salle-de-bain\/joseph-joseph-collect-4l-gris\/#primaryimage"},"image":{"@id":"https:\/\/dev6.erresse-shop.it\/fr\/shop\/ameublement-maison\/salle-de-bain\/joseph-joseph-collect-4l-gris\/#primaryimage"},"thumbnailUrl":"https:\/\/i2.wp.com\/interpim.erresse-shop.it\/Import\/Prodotti\/joseph-joseph-collect-4l-grigio.jpg?ssl=1","datePublished":"2026-04-12T08:31:27+00:00","description":"Cet \u00e9l\u00e9gant conteneur \u00e0 d\u00e9chets alimentaires en acier inoxydable est un objet que vous ne voudrez pas cacher. Dot\u00e9e d\u2019une large ouverture, elle est","breadcrumb":{"@id":"https:\/\/dev6.erresse-shop.it\/fr\/shop\/ameublement-maison\/salle-de-bain\/joseph-joseph-collect-4l-gris\/#breadcrumb"},"inLanguage":"fr-FR","potentialAction":[{"@type":"ReadAction","target":["https:\/\/dev6.erresse-shop.it\/fr\/shop\/ameublement-maison\/salle-de-bain\/joseph-joseph-collect-4l-gris\/"]}]},{"@type":"ImageObject","inLanguage":"fr-FR","@id":"https:\/\/dev6.erresse-shop.it\/fr\/shop\/ameublement-maison\/salle-de-bain\/joseph-joseph-collect-4l-gris\/#primaryimage","url":"https:\/\/i2.wp.com\/interpim.erresse-shop.it\/Import\/Prodotti\/joseph-joseph-collect-4l-grigio.jpg?ssl=1","contentUrl":"https:\/\/i2.wp.com\/interpim.erresse-shop.it\/Import\/Prodotti\/joseph-joseph-collect-4l-grigio.jpg?ssl=1"},{"@type":"BreadcrumbList","@id":"https:\/\/dev6.erresse-shop.it\/fr\/shop\/ameublement-maison\/salle-de-bain\/joseph-joseph-collect-4l-gris\/#breadcrumb","itemListElement":[{"@type":"ListItem","position":1,"name":"Home","item":"https:\/\/dev6.erresse-shop.it\/"},{"@type":"ListItem","position":2,"name":"Boutique","item":"https:\/\/dev6.erresse-shop.it\/shop\/"},{"@type":"ListItem","position":3,"name":"JOSEPH JOSEPH Collect 4l Gris"}]},{"@type":"WebSite","@id":"https:\/\/dev6.erresse-shop.it\/#website","url":"https:\/\/dev6.erresse-shop.it\/","name":"Erresse Shop","description":"","publisher":{"@id":"https:\/\/dev6.erresse-shop.it\/#organization"},"potentialAction":[{"@type":"SearchAction","target":{"@type":"EntryPoint","urlTemplate":"https:\/\/dev6.erresse-shop.it\/?s={search_term_string}"},"query-input":{"@type":"PropertyValueSpecification","valueRequired":true,"valueName":"search_term_string"}}],"inLanguage":"fr-FR"},{"@type":"Organization","@id":"https:\/\/dev6.erresse-shop.it\/#organization","name":"Erresse Shop","url":"https:\/\/dev6.erresse-shop.it\/","logo":{"@type":"ImageObject","inLanguage":"fr-FR","@id":"https:\/\/dev6.erresse-shop.it\/#\/schema\/logo\/image\/","url":"https:\/\/dev6.erresse-shop.it\/wp-content\/uploads\/2025\/01\/LOGO-ERRESSE-CLASSICO.svg","contentUrl":"https:\/\/dev6.erresse-shop.it\/wp-content\/uploads\/2025\/01\/LOGO-ERRESSE-CLASSICO.svg","caption":"Erresse Shop"},"image":{"@id":"https:\/\/dev6.erresse-shop.it\/#\/schema\/logo\/image\/"}}]}},"df_price":54.99,"df_sale_price":"","df_regular_price":54.99,"df_image_link":"https:\/\/i2.wp.com\/interpim.erresse-shop.it\/Import\/Prodotti\/joseph-joseph-collect-4l-grigio.jpg?resize=300,300&ssl=1","fifu_image_url":"https:\/\/interpim.erresse-shop.it\/Import\/Prodotti\/joseph-joseph-collect-4l-grigio.jpg","_links":{"self":[{"href":"https:\/\/dev6.erresse-shop.it\/fr\/wp-json\/wp\/v2\/product\/63261","targetHints":{"allow":["GET"]}}],"collection":[{"href":"https:\/\/dev6.erresse-shop.it\/fr\/wp-json\/wp\/v2\/product"}],"about":[{"href":"https:\/\/dev6.erresse-shop.it\/fr\/wp-json\/wp\/v2\/types\/product"}],"wp:featuredmedia":[{"embeddable":true,"href":"https:\/\/dev6.erresse-shop.it\/fr\/wp-json\/wp\/v2\/media\/6366394"}],"wp:attachment":[{"href":"https:\/\/dev6.erresse-shop.it\/fr\/wp-json\/wp\/v2\/media?parent=63261"}],"wp:term":[{"taxonomy":"product_cat","embeddable":true,"href":"https:\/\/dev6.erresse-shop.it\/fr\/wp-json\/wp\/v2\/product_cat?post=63261"},{"taxonomy":"product_tag","embeddable":true,"href":"https:\/\/dev6.erresse-shop.it\/fr\/wp-json\/wp\/v2\/product_tag?post=63261"}],"curies":[{"name":"wp","href":"https:\/\/api.w.org\/{rel}","templated":true}]}}