{"id":63247,"date":"2026-04-12T10:29:38","date_gmt":"2026-04-12T08:29:38","guid":{"rendered":"https:\/\/dev6.erresse-shop.it\/shop\/non%20class\u00e9\/illy-216-dosettes-e-s-e-espresso-fort\/"},"modified":"2025-09-14T05:17:55","modified_gmt":"2025-09-14T03:17:55","slug":"illy-216-dosettes-e-s-e-espresso-fort","status":"publish","type":"product","link":"https:\/\/dev6.erresse-shop.it\/fr\/shop\/cafe\/dosettes-et-capsules-de-cafe\/illy-216-dosettes-e-s-e-espresso-fort\/","title":{"rendered":"ILLY 216 Dosettes E.S.E. Espresso Fort"},"content":{"rendered":"<p>Paquet de 18 dosettes, total 216 dosettes (12 paquets).<\/p>\n<p>Nouvelle dosette compostable certifi\u00e9e E.S.E.<br \/>\nLes dosettes certifi\u00e9es compostables, qui peuvent \u00eatre jet\u00e9es dans la collecte des d\u00e9chets organiques (v\u00e9rifiez aupr\u00e8s de vos autorit\u00e9s locales les m\u00e9thodes actuelles de collecte s\u00e9lective des d\u00e9chets), sont parfaites pour pr\u00e9parer votre espresso illy pr\u00e9f\u00e9r\u00e9 d\u2019une mani\u00e8re pratique sans sacrifier le go\u00fbt et la fra\u00eecheur. Les dosettes de caf\u00e9 illy en papier filtre peuvent \u00eatre utilis\u00e9es avec toutes les machines \u00e0 caf\u00e9 ESE.<\/p>\n<p>La dosette E.S.E. (Easy Serving Espresso) est tr\u00e8s \u201couverte\u201d : vous pouvez l\u2019utiliser non seulement avec les machines \u00e0 caf\u00e9 \u00e0 dosettes illy, mais aussi avec toutes les autres machines \u00e0 dosettes. La dosette n\u2019est rien d\u2019autre que du caf\u00e9 moulu, d\u00e9j\u00e0 correctement dos\u00e9 et press\u00e9, contenu entre deux feuilles de papier filtre.<\/p>\n<p>Notes aromatiques<br \/>\nLa saveur CLASSICO du m\u00e9lange unique 100% Arabica illy exprime des notes d\u00e9licates de caramel, de fleur d\u2019oranger et de jasmin, avec un arri\u00e8re-go\u00fbt sucr\u00e9. Pour ceux qui pr\u00e9f\u00e8rent un caf\u00e9 au go\u00fbt doux et velout\u00e9. Le paquet contient 18 monodoses de caf\u00e9 CLASSICO torr\u00e9fi\u00e9 E.S.E.<\/p>\n","protected":false},"excerpt":{"rendered":"<p>Paquet de 18 dosettes, total 216 dosettes (12 paquets). Nouvelle dosette compostable certifi\u00e9e E.S.E. Les dosettes certifi\u00e9es compostables, qui peuvent \u00eatre jet\u00e9es dans la collecte des d\u00e9chets organiques (v\u00e9rifiez aupr\u00e8s de vos autorit\u00e9s locales les m\u00e9thodes actuelles de collecte s\u00e9lective des d\u00e9chets), sont parfaites pour pr\u00e9parer votre espresso illy pr\u00e9f\u00e9r\u00e9 d\u2019une mani\u00e8re pratique sans sacrifier [&hellip;]<\/p>\n","protected":false},"featured_media":6366330,"template":"","meta":{"_acf_changed":false},"product_cat":[12039],"product_tag":[],"class_list":{"0":"post-63247","1":"product","2":"type-product","3":"status-publish","4":"has-post-thumbnail","6":"product_cat-dosettes-et-capsules-de-cafe","8":"first","9":"instock","10":"taxable","11":"shipping-taxable","12":"purchasable","13":"product-type-simple","swatches":"rey-swatches","show_selected":"","stretch_labels":"rey-swatches--stretch-labels"},"acf":[],"yoast_head":"<!-- This site is optimized with the Yoast SEO plugin v25.4 - https:\/\/yoast.com\/wordpress\/plugins\/seo\/ -->\n<title>ILLY 216 Dosettes E.S.E. Espresso Fort - dev6 Erresse<\/title>\n<meta name=\"description\" content=\"Paquet de 18 dosettes, total 216 dosettes (12 paquets). Nouvelle dosette compostable certifi\u00e9e E.S.E. Les dosettes certifi\u00e9es compostables, qui peuvent\" \/>\n<meta name=\"robots\" content=\"noindex, follow, max-snippet:-1, max-image-preview:large, max-video-preview:-1\" \/>\n<meta property=\"og:locale\" content=\"fr_FR\" \/>\n<meta property=\"og:type\" content=\"article\" \/>\n<meta property=\"og:title\" content=\"ILLY 216 Dosettes E.S.E. Espresso Fort - dev6 Erresse\" \/>\n<meta property=\"og:description\" content=\"Paquet de 18 dosettes, total 216 dosettes (12 paquets). Nouvelle dosette compostable certifi\u00e9e E.S.E. Les dosettes certifi\u00e9es compostables, qui peuvent\" \/>\n<meta property=\"og:url\" content=\"https:\/\/dev6.erresse-shop.it\/fr\/shop\/cafe\/dosettes-et-capsules-de-cafe\/illy-216-dosettes-e-s-e-espresso-fort\/\" \/>\n<meta property=\"og:site_name\" content=\"dev6 Erresse\" \/>\n<meta property=\"og:image\" content=\"https:\/\/interpim.erresse-shop.it\/Import\/Prodotti\/illy-cialde-ese-forte.jpg\" \/><meta property=\"og:image\" content=\"https:\/\/interpim.erresse-shop.it\/Import\/Prodotti\/illy-cialde-ese-forte.jpg\" \/>\n\t<meta property=\"og:image:width\" content=\"1024\" \/>\n\t<meta property=\"og:image:height\" content=\"1024\" \/>\n\t<meta property=\"og:image:type\" content=\"image\/jpeg\" \/>\n<meta name=\"twitter:card\" content=\"summary_large_image\" \/>\n<meta name=\"twitter:image\" content=\"https:\/\/interpim.erresse-shop.it\/Import\/Prodotti\/illy-cialde-ese-forte.jpg\" \/>\n<script type=\"application\/ld+json\" class=\"yoast-schema-graph\">{\"@context\":\"https:\/\/schema.org\",\"@graph\":[{\"@type\":\"WebPage\",\"@id\":\"https:\/\/dev6.erresse-shop.it\/fr\/shop\/cafe\/dosettes-et-capsules-de-cafe\/illy-216-dosettes-e-s-e-espresso-fort\/\",\"url\":\"https:\/\/dev6.erresse-shop.it\/fr\/shop\/cafe\/dosettes-et-capsules-de-cafe\/illy-216-dosettes-e-s-e-espresso-fort\/\",\"name\":\"ILLY 216 Dosettes E.S.E. Espresso Fort - dev6 Erresse\",\"isPartOf\":{\"@id\":\"https:\/\/dev6.erresse-shop.it\/#website\"},\"primaryImageOfPage\":{\"@id\":\"https:\/\/dev6.erresse-shop.it\/fr\/shop\/cafe\/dosettes-et-capsules-de-cafe\/illy-216-dosettes-e-s-e-espresso-fort\/#primaryimage\"},\"image\":{\"@id\":\"https:\/\/dev6.erresse-shop.it\/fr\/shop\/cafe\/dosettes-et-capsules-de-cafe\/illy-216-dosettes-e-s-e-espresso-fort\/#primaryimage\"},\"thumbnailUrl\":\"https:\/\/i0.wp.com\/interpim.erresse-shop.it\/Import\/Prodotti\/illy-cialde-ese-forte.jpg?ssl=1\",\"datePublished\":\"2026-04-12T08:29:38+00:00\",\"description\":\"Paquet de 18 dosettes, total 216 dosettes (12 paquets). Nouvelle dosette compostable certifi\u00e9e E.S.E. Les dosettes certifi\u00e9es compostables, qui peuvent\",\"breadcrumb\":{\"@id\":\"https:\/\/dev6.erresse-shop.it\/fr\/shop\/cafe\/dosettes-et-capsules-de-cafe\/illy-216-dosettes-e-s-e-espresso-fort\/#breadcrumb\"},\"inLanguage\":\"fr-FR\",\"potentialAction\":[{\"@type\":\"ReadAction\",\"target\":[\"https:\/\/dev6.erresse-shop.it\/fr\/shop\/cafe\/dosettes-et-capsules-de-cafe\/illy-216-dosettes-e-s-e-espresso-fort\/\"]}]},{\"@type\":\"ImageObject\",\"inLanguage\":\"fr-FR\",\"@id\":\"https:\/\/dev6.erresse-shop.it\/fr\/shop\/cafe\/dosettes-et-capsules-de-cafe\/illy-216-dosettes-e-s-e-espresso-fort\/#primaryimage\",\"url\":\"https:\/\/i0.wp.com\/interpim.erresse-shop.it\/Import\/Prodotti\/illy-cialde-ese-forte.jpg?ssl=1\",\"contentUrl\":\"https:\/\/i0.wp.com\/interpim.erresse-shop.it\/Import\/Prodotti\/illy-cialde-ese-forte.jpg?ssl=1\"},{\"@type\":\"BreadcrumbList\",\"@id\":\"https:\/\/dev6.erresse-shop.it\/fr\/shop\/cafe\/dosettes-et-capsules-de-cafe\/illy-216-dosettes-e-s-e-espresso-fort\/#breadcrumb\",\"itemListElement\":[{\"@type\":\"ListItem\",\"position\":1,\"name\":\"Home\",\"item\":\"https:\/\/dev6.erresse-shop.it\/\"},{\"@type\":\"ListItem\",\"position\":2,\"name\":\"Boutique\",\"item\":\"https:\/\/dev6.erresse-shop.it\/shop\/\"},{\"@type\":\"ListItem\",\"position\":3,\"name\":\"ILLY 216 Dosettes E.S.E. Espresso Fort\"}]},{\"@type\":\"WebSite\",\"@id\":\"https:\/\/dev6.erresse-shop.it\/#website\",\"url\":\"https:\/\/dev6.erresse-shop.it\/\",\"name\":\"Erresse Shop\",\"description\":\"\",\"publisher\":{\"@id\":\"https:\/\/dev6.erresse-shop.it\/#organization\"},\"potentialAction\":[{\"@type\":\"SearchAction\",\"target\":{\"@type\":\"EntryPoint\",\"urlTemplate\":\"https:\/\/dev6.erresse-shop.it\/?s={search_term_string}\"},\"query-input\":{\"@type\":\"PropertyValueSpecification\",\"valueRequired\":true,\"valueName\":\"search_term_string\"}}],\"inLanguage\":\"fr-FR\"},{\"@type\":\"Organization\",\"@id\":\"https:\/\/dev6.erresse-shop.it\/#organization\",\"name\":\"Erresse Shop\",\"url\":\"https:\/\/dev6.erresse-shop.it\/\",\"logo\":{\"@type\":\"ImageObject\",\"inLanguage\":\"fr-FR\",\"@id\":\"https:\/\/dev6.erresse-shop.it\/#\/schema\/logo\/image\/\",\"url\":\"https:\/\/dev6.erresse-shop.it\/wp-content\/uploads\/2025\/01\/LOGO-ERRESSE-CLASSICO.svg\",\"contentUrl\":\"https:\/\/dev6.erresse-shop.it\/wp-content\/uploads\/2025\/01\/LOGO-ERRESSE-CLASSICO.svg\",\"caption\":\"Erresse Shop\"},\"image\":{\"@id\":\"https:\/\/dev6.erresse-shop.it\/#\/schema\/logo\/image\/\"}}]}<\/script>\n<!-- \/ Yoast SEO plugin. -->","yoast_head_json":{"title":"ILLY 216 Dosettes E.S.E. Espresso Fort - dev6 Erresse","description":"Paquet de 18 dosettes, total 216 dosettes (12 paquets). Nouvelle dosette compostable certifi\u00e9e E.S.E. Les dosettes certifi\u00e9es compostables, qui peuvent","robots":{"index":"noindex","follow":"follow","max-snippet":"max-snippet:-1","max-image-preview":"max-image-preview:large","max-video-preview":"max-video-preview:-1"},"og_locale":"fr_FR","og_type":"article","og_title":"ILLY 216 Dosettes E.S.E. Espresso Fort - dev6 Erresse","og_description":"Paquet de 18 dosettes, total 216 dosettes (12 paquets). Nouvelle dosette compostable certifi\u00e9e E.S.E. Les dosettes certifi\u00e9es compostables, qui peuvent","og_url":"https:\/\/dev6.erresse-shop.it\/fr\/shop\/cafe\/dosettes-et-capsules-de-cafe\/illy-216-dosettes-e-s-e-espresso-fort\/","og_site_name":"dev6 Erresse","og_image":[{"url":"https:\/\/interpim.erresse-shop.it\/Import\/Prodotti\/illy-cialde-ese-forte.jpg","type":"","width":"","height":""},{"url":"https:\/\/interpim.erresse-shop.it\/Import\/Prodotti\/illy-cialde-ese-forte.jpg","width":1024,"height":1024,"type":"image\/jpeg"}],"twitter_card":"summary_large_image","twitter_image":"https:\/\/interpim.erresse-shop.it\/Import\/Prodotti\/illy-cialde-ese-forte.jpg","schema":{"@context":"https:\/\/schema.org","@graph":[{"@type":"WebPage","@id":"https:\/\/dev6.erresse-shop.it\/fr\/shop\/cafe\/dosettes-et-capsules-de-cafe\/illy-216-dosettes-e-s-e-espresso-fort\/","url":"https:\/\/dev6.erresse-shop.it\/fr\/shop\/cafe\/dosettes-et-capsules-de-cafe\/illy-216-dosettes-e-s-e-espresso-fort\/","name":"ILLY 216 Dosettes E.S.E. Espresso Fort - dev6 Erresse","isPartOf":{"@id":"https:\/\/dev6.erresse-shop.it\/#website"},"primaryImageOfPage":{"@id":"https:\/\/dev6.erresse-shop.it\/fr\/shop\/cafe\/dosettes-et-capsules-de-cafe\/illy-216-dosettes-e-s-e-espresso-fort\/#primaryimage"},"image":{"@id":"https:\/\/dev6.erresse-shop.it\/fr\/shop\/cafe\/dosettes-et-capsules-de-cafe\/illy-216-dosettes-e-s-e-espresso-fort\/#primaryimage"},"thumbnailUrl":"https:\/\/i0.wp.com\/interpim.erresse-shop.it\/Import\/Prodotti\/illy-cialde-ese-forte.jpg?ssl=1","datePublished":"2026-04-12T08:29:38+00:00","description":"Paquet de 18 dosettes, total 216 dosettes (12 paquets). Nouvelle dosette compostable certifi\u00e9e E.S.E. Les dosettes certifi\u00e9es compostables, qui peuvent","breadcrumb":{"@id":"https:\/\/dev6.erresse-shop.it\/fr\/shop\/cafe\/dosettes-et-capsules-de-cafe\/illy-216-dosettes-e-s-e-espresso-fort\/#breadcrumb"},"inLanguage":"fr-FR","potentialAction":[{"@type":"ReadAction","target":["https:\/\/dev6.erresse-shop.it\/fr\/shop\/cafe\/dosettes-et-capsules-de-cafe\/illy-216-dosettes-e-s-e-espresso-fort\/"]}]},{"@type":"ImageObject","inLanguage":"fr-FR","@id":"https:\/\/dev6.erresse-shop.it\/fr\/shop\/cafe\/dosettes-et-capsules-de-cafe\/illy-216-dosettes-e-s-e-espresso-fort\/#primaryimage","url":"https:\/\/i0.wp.com\/interpim.erresse-shop.it\/Import\/Prodotti\/illy-cialde-ese-forte.jpg?ssl=1","contentUrl":"https:\/\/i0.wp.com\/interpim.erresse-shop.it\/Import\/Prodotti\/illy-cialde-ese-forte.jpg?ssl=1"},{"@type":"BreadcrumbList","@id":"https:\/\/dev6.erresse-shop.it\/fr\/shop\/cafe\/dosettes-et-capsules-de-cafe\/illy-216-dosettes-e-s-e-espresso-fort\/#breadcrumb","itemListElement":[{"@type":"ListItem","position":1,"name":"Home","item":"https:\/\/dev6.erresse-shop.it\/"},{"@type":"ListItem","position":2,"name":"Boutique","item":"https:\/\/dev6.erresse-shop.it\/shop\/"},{"@type":"ListItem","position":3,"name":"ILLY 216 Dosettes E.S.E. Espresso Fort"}]},{"@type":"WebSite","@id":"https:\/\/dev6.erresse-shop.it\/#website","url":"https:\/\/dev6.erresse-shop.it\/","name":"Erresse Shop","description":"","publisher":{"@id":"https:\/\/dev6.erresse-shop.it\/#organization"},"potentialAction":[{"@type":"SearchAction","target":{"@type":"EntryPoint","urlTemplate":"https:\/\/dev6.erresse-shop.it\/?s={search_term_string}"},"query-input":{"@type":"PropertyValueSpecification","valueRequired":true,"valueName":"search_term_string"}}],"inLanguage":"fr-FR"},{"@type":"Organization","@id":"https:\/\/dev6.erresse-shop.it\/#organization","name":"Erresse Shop","url":"https:\/\/dev6.erresse-shop.it\/","logo":{"@type":"ImageObject","inLanguage":"fr-FR","@id":"https:\/\/dev6.erresse-shop.it\/#\/schema\/logo\/image\/","url":"https:\/\/dev6.erresse-shop.it\/wp-content\/uploads\/2025\/01\/LOGO-ERRESSE-CLASSICO.svg","contentUrl":"https:\/\/dev6.erresse-shop.it\/wp-content\/uploads\/2025\/01\/LOGO-ERRESSE-CLASSICO.svg","caption":"Erresse Shop"},"image":{"@id":"https:\/\/dev6.erresse-shop.it\/#\/schema\/logo\/image\/"}}]}},"df_price":65.9,"df_sale_price":"","df_regular_price":65.9,"df_image_link":"https:\/\/i0.wp.com\/interpim.erresse-shop.it\/Import\/Prodotti\/illy-cialde-ese-forte.jpg?resize=300,300&ssl=1","fifu_image_url":"https:\/\/interpim.erresse-shop.it\/Import\/Prodotti\/illy-cialde-ese-forte.jpg","_links":{"self":[{"href":"https:\/\/dev6.erresse-shop.it\/fr\/wp-json\/wp\/v2\/product\/63247","targetHints":{"allow":["GET"]}}],"collection":[{"href":"https:\/\/dev6.erresse-shop.it\/fr\/wp-json\/wp\/v2\/product"}],"about":[{"href":"https:\/\/dev6.erresse-shop.it\/fr\/wp-json\/wp\/v2\/types\/product"}],"wp:featuredmedia":[{"embeddable":true,"href":"https:\/\/dev6.erresse-shop.it\/fr\/wp-json\/wp\/v2\/media\/6366330"}],"wp:attachment":[{"href":"https:\/\/dev6.erresse-shop.it\/fr\/wp-json\/wp\/v2\/media?parent=63247"}],"wp:term":[{"taxonomy":"product_cat","embeddable":true,"href":"https:\/\/dev6.erresse-shop.it\/fr\/wp-json\/wp\/v2\/product_cat?post=63247"},{"taxonomy":"product_tag","embeddable":true,"href":"https:\/\/dev6.erresse-shop.it\/fr\/wp-json\/wp\/v2\/product_tag?post=63247"}],"curies":[{"name":"wp","href":"https:\/\/api.w.org\/{rel}","templated":true}]}}