{"id":63243,"date":"2026-04-04T10:27:06","date_gmt":"2026-04-04T08:27:06","guid":{"rendered":"https:\/\/dev6.erresse-shop.it\/shop\/non%20class\u00e9\/le-creuset-faitout-en-fonte-petal-26-cm-rose\/"},"modified":"2025-09-14T05:17:48","modified_gmt":"2025-09-14T03:17:48","slug":"le-creuset-faitout-en-fonte-petal-26-cm-rose","status":"publish","type":"product","link":"https:\/\/dev6.erresse-shop.it\/fr\/shop\/poeles-pots\/sauteuses-et-faitout\/le-creuset-faitout-en-fonte-petal-26-cm-rose\/","title":{"rendered":"LE CREUSET Faitout en Fonte Petal 26 cm Rose"},"content":{"rendered":"<p>Inspir\u00e9e de la fleur d\u2019an\u00e9mone fran\u00e7aise, la d\u00e9coration r\u00e9aliste et d\u00e9licate des p\u00e9tales sur le couvercle de cette casserole polyvalente t\u00e9moigne de notre savoir-faire exceptionnel. Les poign\u00e9es assurent une bonne prise en main, tandis que le bouton au centre des p\u00e9tales n\u2019est pas seulement une touche d\u2019\u00e9l\u00e9gance, mais il va aussi au four jusqu\u2019\u00e0 260 \u00b0C.<\/p>\n<p>Dimensions de la po\u00eale :<\/p>\n<p>Capacit\u00e9 : 2,2 L<br \/>\nLongueur : 33,9 cm<br \/>\nLargeur : 27,4 cm<br \/>\nHauteur : 9,8 cm<br \/>\nProfondeur : 4,8 cm<\/p>\n<p>Source de chaleur :<\/p>\n<p>Four<br \/>\nMode gril du four<br \/>\nTable de cuisson \u00e9lectrique<br \/>\nvitroc\u00e9ramique<br \/>\nTable de cuisson \u00e0 gaz<br \/>\nPlaque \u00e0 induction<\/p>\n<p>Nettoyage et entretien :<\/p>\n<p>Attendez que le produit refroidisse avant de commencer \u00e0 le nettoyer.<br \/>\nNettoyez les restes de nourriture sur la base et les c\u00f4t\u00e9s de l\u2019appareil. Si des aliments sont coll\u00e9s, remplissez l\u2019appareil d\u2019eau chaude savonneuse et laissez-le tremper pendant 15 \u00e0 20 minutes avant de le laver comme d\u2019habitude.<br \/>\nN\u2019utilisez pas de nettoyants abrasifs ni d\u2019\u00e9ponges ou de brosses m\u00e9talliques tr\u00e8s rigides sur les surfaces.<br \/>\nS\u00e9chez bien le produit apr\u00e8s l\u2019avoir lav\u00e9 et conservez-le dans un endroit sec.<\/p>\n","protected":false},"excerpt":{"rendered":"<p>Inspir\u00e9e de la fleur d\u2019an\u00e9mone fran\u00e7aise, la d\u00e9coration r\u00e9aliste et d\u00e9licate des p\u00e9tales sur le couvercle de cette casserole polyvalente t\u00e9moigne de notre savoir-faire exceptionnel. Les poign\u00e9es assurent une bonne prise en main, tandis que le bouton au centre des p\u00e9tales n\u2019est pas seulement une touche d\u2019\u00e9l\u00e9gance, mais il va aussi au four jusqu\u2019\u00e0 260 [&hellip;]<\/p>\n","protected":false},"featured_media":6283031,"template":"","meta":{"_acf_changed":false},"product_cat":[11667,11991,12012],"product_tag":[],"class_list":{"0":"post-63243","1":"product","2":"type-product","3":"status-publish","4":"has-post-thumbnail","6":"product_cat-padelle-pentole","7":"product_cat-poeles-pots","8":"product_cat-sauteuses-et-faitout","10":"first","11":"instock","12":"sale","13":"taxable","14":"shipping-taxable","15":"purchasable","16":"product-type-simple","swatches":"rey-swatches","show_selected":"","stretch_labels":"rey-swatches--stretch-labels"},"acf":[],"yoast_head":"<!-- This site is optimized with the Yoast SEO plugin v25.4 - https:\/\/yoast.com\/wordpress\/plugins\/seo\/ -->\n<title>LE CREUSET Faitout en Fonte Petal 26 cm Rose - dev6 Erresse<\/title>\n<meta name=\"description\" content=\"Inspir\u00e9e de la fleur d\u2019an\u00e9mone fran\u00e7aise, la d\u00e9coration r\u00e9aliste et d\u00e9licate des p\u00e9tales sur le couvercle de cette casserole polyvalente t\u00e9moigne de notre\" \/>\n<meta name=\"robots\" content=\"noindex, follow, max-snippet:-1, max-image-preview:large, max-video-preview:-1\" \/>\n<meta property=\"og:locale\" content=\"fr_FR\" \/>\n<meta property=\"og:type\" content=\"article\" \/>\n<meta property=\"og:title\" content=\"LE CREUSET Faitout en Fonte Petal 26 cm Rose - dev6 Erresse\" \/>\n<meta property=\"og:description\" content=\"Inspir\u00e9e de la fleur d\u2019an\u00e9mone fran\u00e7aise, la d\u00e9coration r\u00e9aliste et d\u00e9licate des p\u00e9tales sur le couvercle de cette casserole polyvalente t\u00e9moigne de notre\" \/>\n<meta property=\"og:url\" content=\"https:\/\/dev6.erresse-shop.it\/fr\/shop\/poeles-pots\/sauteuses-et-faitout\/le-creuset-faitout-en-fonte-petal-26-cm-rose\/\" \/>\n<meta property=\"og:site_name\" content=\"dev6 Erresse\" \/>\n<meta property=\"og:image\" content=\"https:\/\/interpim.erresse-shop.it\/Import\/Prodotti\/le-creuset-petalo-rosa-3.jpg\" \/><meta property=\"og:image\" content=\"https:\/\/interpim.erresse-shop.it\/Import\/Prodotti\/le-creuset-petalo-rosa-3.jpg\" \/>\n\t<meta property=\"og:image:width\" content=\"1024\" \/>\n\t<meta property=\"og:image:height\" content=\"1024\" \/>\n\t<meta property=\"og:image:type\" content=\"image\/jpeg\" \/>\n<meta name=\"twitter:card\" content=\"summary_large_image\" \/>\n<meta name=\"twitter:image\" content=\"https:\/\/interpim.erresse-shop.it\/Import\/Prodotti\/le-creuset-petalo-rosa-3.jpg\" \/>\n<script type=\"application\/ld+json\" class=\"yoast-schema-graph\">{\"@context\":\"https:\/\/schema.org\",\"@graph\":[{\"@type\":\"WebPage\",\"@id\":\"https:\/\/dev6.erresse-shop.it\/fr\/shop\/poeles-pots\/sauteuses-et-faitout\/le-creuset-faitout-en-fonte-petal-26-cm-rose\/\",\"url\":\"https:\/\/dev6.erresse-shop.it\/fr\/shop\/poeles-pots\/sauteuses-et-faitout\/le-creuset-faitout-en-fonte-petal-26-cm-rose\/\",\"name\":\"LE CREUSET Faitout en Fonte Petal 26 cm Rose - dev6 Erresse\",\"isPartOf\":{\"@id\":\"https:\/\/dev6.erresse-shop.it\/#website\"},\"primaryImageOfPage\":{\"@id\":\"https:\/\/dev6.erresse-shop.it\/fr\/shop\/poeles-pots\/sauteuses-et-faitout\/le-creuset-faitout-en-fonte-petal-26-cm-rose\/#primaryimage\"},\"image\":{\"@id\":\"https:\/\/dev6.erresse-shop.it\/fr\/shop\/poeles-pots\/sauteuses-et-faitout\/le-creuset-faitout-en-fonte-petal-26-cm-rose\/#primaryimage\"},\"thumbnailUrl\":\"https:\/\/i1.wp.com\/interpim.erresse-shop.it\/Import\/Prodotti\/le-creuset-petalo-rosa-3.jpg?ssl=1\",\"datePublished\":\"2026-04-04T08:27:06+00:00\",\"description\":\"Inspir\u00e9e de la fleur d\u2019an\u00e9mone fran\u00e7aise, la d\u00e9coration r\u00e9aliste et d\u00e9licate des p\u00e9tales sur le couvercle de cette casserole polyvalente t\u00e9moigne de notre\",\"breadcrumb\":{\"@id\":\"https:\/\/dev6.erresse-shop.it\/fr\/shop\/poeles-pots\/sauteuses-et-faitout\/le-creuset-faitout-en-fonte-petal-26-cm-rose\/#breadcrumb\"},\"inLanguage\":\"fr-FR\",\"potentialAction\":[{\"@type\":\"ReadAction\",\"target\":[\"https:\/\/dev6.erresse-shop.it\/fr\/shop\/poeles-pots\/sauteuses-et-faitout\/le-creuset-faitout-en-fonte-petal-26-cm-rose\/\"]}]},{\"@type\":\"ImageObject\",\"inLanguage\":\"fr-FR\",\"@id\":\"https:\/\/dev6.erresse-shop.it\/fr\/shop\/poeles-pots\/sauteuses-et-faitout\/le-creuset-faitout-en-fonte-petal-26-cm-rose\/#primaryimage\",\"url\":\"https:\/\/i1.wp.com\/interpim.erresse-shop.it\/Import\/Prodotti\/le-creuset-petalo-rosa-3.jpg?ssl=1\",\"contentUrl\":\"https:\/\/i1.wp.com\/interpim.erresse-shop.it\/Import\/Prodotti\/le-creuset-petalo-rosa-3.jpg?ssl=1\"},{\"@type\":\"BreadcrumbList\",\"@id\":\"https:\/\/dev6.erresse-shop.it\/fr\/shop\/poeles-pots\/sauteuses-et-faitout\/le-creuset-faitout-en-fonte-petal-26-cm-rose\/#breadcrumb\",\"itemListElement\":[{\"@type\":\"ListItem\",\"position\":1,\"name\":\"Home\",\"item\":\"https:\/\/dev6.erresse-shop.it\/\"},{\"@type\":\"ListItem\",\"position\":2,\"name\":\"Boutique\",\"item\":\"https:\/\/dev6.erresse-shop.it\/shop\/\"},{\"@type\":\"ListItem\",\"position\":3,\"name\":\"LE CREUSET Faitout en Fonte Petal 26 cm Rose\"}]},{\"@type\":\"WebSite\",\"@id\":\"https:\/\/dev6.erresse-shop.it\/#website\",\"url\":\"https:\/\/dev6.erresse-shop.it\/\",\"name\":\"Erresse Shop\",\"description\":\"\",\"publisher\":{\"@id\":\"https:\/\/dev6.erresse-shop.it\/#organization\"},\"potentialAction\":[{\"@type\":\"SearchAction\",\"target\":{\"@type\":\"EntryPoint\",\"urlTemplate\":\"https:\/\/dev6.erresse-shop.it\/?s={search_term_string}\"},\"query-input\":{\"@type\":\"PropertyValueSpecification\",\"valueRequired\":true,\"valueName\":\"search_term_string\"}}],\"inLanguage\":\"fr-FR\"},{\"@type\":\"Organization\",\"@id\":\"https:\/\/dev6.erresse-shop.it\/#organization\",\"name\":\"Erresse Shop\",\"url\":\"https:\/\/dev6.erresse-shop.it\/\",\"logo\":{\"@type\":\"ImageObject\",\"inLanguage\":\"fr-FR\",\"@id\":\"https:\/\/dev6.erresse-shop.it\/#\/schema\/logo\/image\/\",\"url\":\"https:\/\/dev6.erresse-shop.it\/wp-content\/uploads\/2025\/01\/LOGO-ERRESSE-CLASSICO.svg\",\"contentUrl\":\"https:\/\/dev6.erresse-shop.it\/wp-content\/uploads\/2025\/01\/LOGO-ERRESSE-CLASSICO.svg\",\"caption\":\"Erresse Shop\"},\"image\":{\"@id\":\"https:\/\/dev6.erresse-shop.it\/#\/schema\/logo\/image\/\"}}]}<\/script>\n<!-- \/ Yoast SEO plugin. -->","yoast_head_json":{"title":"LE CREUSET Faitout en Fonte Petal 26 cm Rose - dev6 Erresse","description":"Inspir\u00e9e de la fleur d\u2019an\u00e9mone fran\u00e7aise, la d\u00e9coration r\u00e9aliste et d\u00e9licate des p\u00e9tales sur le couvercle de cette casserole polyvalente t\u00e9moigne de notre","robots":{"index":"noindex","follow":"follow","max-snippet":"max-snippet:-1","max-image-preview":"max-image-preview:large","max-video-preview":"max-video-preview:-1"},"og_locale":"fr_FR","og_type":"article","og_title":"LE CREUSET Faitout en Fonte Petal 26 cm Rose - dev6 Erresse","og_description":"Inspir\u00e9e de la fleur d\u2019an\u00e9mone fran\u00e7aise, la d\u00e9coration r\u00e9aliste et d\u00e9licate des p\u00e9tales sur le couvercle de cette casserole polyvalente t\u00e9moigne de notre","og_url":"https:\/\/dev6.erresse-shop.it\/fr\/shop\/poeles-pots\/sauteuses-et-faitout\/le-creuset-faitout-en-fonte-petal-26-cm-rose\/","og_site_name":"dev6 Erresse","og_image":[{"url":"https:\/\/interpim.erresse-shop.it\/Import\/Prodotti\/le-creuset-petalo-rosa-3.jpg","type":"","width":"","height":""},{"url":"https:\/\/interpim.erresse-shop.it\/Import\/Prodotti\/le-creuset-petalo-rosa-3.jpg","width":1024,"height":1024,"type":"image\/jpeg"}],"twitter_card":"summary_large_image","twitter_image":"https:\/\/interpim.erresse-shop.it\/Import\/Prodotti\/le-creuset-petalo-rosa-3.jpg","schema":{"@context":"https:\/\/schema.org","@graph":[{"@type":"WebPage","@id":"https:\/\/dev6.erresse-shop.it\/fr\/shop\/poeles-pots\/sauteuses-et-faitout\/le-creuset-faitout-en-fonte-petal-26-cm-rose\/","url":"https:\/\/dev6.erresse-shop.it\/fr\/shop\/poeles-pots\/sauteuses-et-faitout\/le-creuset-faitout-en-fonte-petal-26-cm-rose\/","name":"LE CREUSET Faitout en Fonte Petal 26 cm Rose - dev6 Erresse","isPartOf":{"@id":"https:\/\/dev6.erresse-shop.it\/#website"},"primaryImageOfPage":{"@id":"https:\/\/dev6.erresse-shop.it\/fr\/shop\/poeles-pots\/sauteuses-et-faitout\/le-creuset-faitout-en-fonte-petal-26-cm-rose\/#primaryimage"},"image":{"@id":"https:\/\/dev6.erresse-shop.it\/fr\/shop\/poeles-pots\/sauteuses-et-faitout\/le-creuset-faitout-en-fonte-petal-26-cm-rose\/#primaryimage"},"thumbnailUrl":"https:\/\/i1.wp.com\/interpim.erresse-shop.it\/Import\/Prodotti\/le-creuset-petalo-rosa-3.jpg?ssl=1","datePublished":"2026-04-04T08:27:06+00:00","description":"Inspir\u00e9e de la fleur d\u2019an\u00e9mone fran\u00e7aise, la d\u00e9coration r\u00e9aliste et d\u00e9licate des p\u00e9tales sur le couvercle de cette casserole polyvalente t\u00e9moigne de notre","breadcrumb":{"@id":"https:\/\/dev6.erresse-shop.it\/fr\/shop\/poeles-pots\/sauteuses-et-faitout\/le-creuset-faitout-en-fonte-petal-26-cm-rose\/#breadcrumb"},"inLanguage":"fr-FR","potentialAction":[{"@type":"ReadAction","target":["https:\/\/dev6.erresse-shop.it\/fr\/shop\/poeles-pots\/sauteuses-et-faitout\/le-creuset-faitout-en-fonte-petal-26-cm-rose\/"]}]},{"@type":"ImageObject","inLanguage":"fr-FR","@id":"https:\/\/dev6.erresse-shop.it\/fr\/shop\/poeles-pots\/sauteuses-et-faitout\/le-creuset-faitout-en-fonte-petal-26-cm-rose\/#primaryimage","url":"https:\/\/i1.wp.com\/interpim.erresse-shop.it\/Import\/Prodotti\/le-creuset-petalo-rosa-3.jpg?ssl=1","contentUrl":"https:\/\/i1.wp.com\/interpim.erresse-shop.it\/Import\/Prodotti\/le-creuset-petalo-rosa-3.jpg?ssl=1"},{"@type":"BreadcrumbList","@id":"https:\/\/dev6.erresse-shop.it\/fr\/shop\/poeles-pots\/sauteuses-et-faitout\/le-creuset-faitout-en-fonte-petal-26-cm-rose\/#breadcrumb","itemListElement":[{"@type":"ListItem","position":1,"name":"Home","item":"https:\/\/dev6.erresse-shop.it\/"},{"@type":"ListItem","position":2,"name":"Boutique","item":"https:\/\/dev6.erresse-shop.it\/shop\/"},{"@type":"ListItem","position":3,"name":"LE CREUSET Faitout en Fonte Petal 26 cm Rose"}]},{"@type":"WebSite","@id":"https:\/\/dev6.erresse-shop.it\/#website","url":"https:\/\/dev6.erresse-shop.it\/","name":"Erresse Shop","description":"","publisher":{"@id":"https:\/\/dev6.erresse-shop.it\/#organization"},"potentialAction":[{"@type":"SearchAction","target":{"@type":"EntryPoint","urlTemplate":"https:\/\/dev6.erresse-shop.it\/?s={search_term_string}"},"query-input":{"@type":"PropertyValueSpecification","valueRequired":true,"valueName":"search_term_string"}}],"inLanguage":"fr-FR"},{"@type":"Organization","@id":"https:\/\/dev6.erresse-shop.it\/#organization","name":"Erresse Shop","url":"https:\/\/dev6.erresse-shop.it\/","logo":{"@type":"ImageObject","inLanguage":"fr-FR","@id":"https:\/\/dev6.erresse-shop.it\/#\/schema\/logo\/image\/","url":"https:\/\/dev6.erresse-shop.it\/wp-content\/uploads\/2025\/01\/LOGO-ERRESSE-CLASSICO.svg","contentUrl":"https:\/\/dev6.erresse-shop.it\/wp-content\/uploads\/2025\/01\/LOGO-ERRESSE-CLASSICO.svg","caption":"Erresse Shop"},"image":{"@id":"https:\/\/dev6.erresse-shop.it\/#\/schema\/logo\/image\/"}}]}},"df_price":229.95,"df_sale_price":229.95,"df_regular_price":329,"df_image_link":"https:\/\/i1.wp.com\/interpim.erresse-shop.it\/Import\/Prodotti\/le-creuset-petalo-rosa-3.jpg?resize=300,300&ssl=1","fifu_image_url":"https:\/\/interpim.erresse-shop.it\/Import\/Prodotti\/le-creuset-petalo-rosa-3.jpg","_links":{"self":[{"href":"https:\/\/dev6.erresse-shop.it\/fr\/wp-json\/wp\/v2\/product\/63243","targetHints":{"allow":["GET"]}}],"collection":[{"href":"https:\/\/dev6.erresse-shop.it\/fr\/wp-json\/wp\/v2\/product"}],"about":[{"href":"https:\/\/dev6.erresse-shop.it\/fr\/wp-json\/wp\/v2\/types\/product"}],"wp:featuredmedia":[{"embeddable":true,"href":"https:\/\/dev6.erresse-shop.it\/fr\/wp-json\/wp\/v2\/media\/6283031"}],"wp:attachment":[{"href":"https:\/\/dev6.erresse-shop.it\/fr\/wp-json\/wp\/v2\/media?parent=63243"}],"wp:term":[{"taxonomy":"product_cat","embeddable":true,"href":"https:\/\/dev6.erresse-shop.it\/fr\/wp-json\/wp\/v2\/product_cat?post=63243"},{"taxonomy":"product_tag","embeddable":true,"href":"https:\/\/dev6.erresse-shop.it\/fr\/wp-json\/wp\/v2\/product_tag?post=63243"}],"curies":[{"name":"wp","href":"https:\/\/api.w.org\/{rel}","templated":true}]}}