{"id":63211,"date":"2026-04-12T10:27:54","date_gmt":"2026-04-12T08:27:54","guid":{"rendered":"https:\/\/dev6.erresse-shop.it\/shop\/non%20class\u00e9\/versace-home-le-jardin-de-versace-porte-plaquette-33-cm\/"},"modified":"2025-09-14T05:17:32","modified_gmt":"2025-09-14T03:17:32","slug":"versace-home-le-jardin-de-versace-porte-plaquette-33-cm","status":"publish","type":"product","link":"https:\/\/dev6.erresse-shop.it\/fr\/shop\/table-fr-2\/plats\/versace-home-le-jardin-de-versace-porte-plaquette-33-cm\/","title":{"rendered":"VERSACE HOME Le Jardin De Versace Porte-plaquette 33 cm"},"content":{"rendered":"<p>Porcelaine lavable au lave-vaisselle. Pour ce type de d\u00e9coration, les couleurs sont fondues dans le verre \u00e0 plus de 1000\u00b0C. Cela ramollit le verre et l\u2019absorbe. Le verre est ainsi ramolli et la d\u00e9coration y est absorb\u00e9e, de sorte que la couleur et la brillance sont extr\u00eamement r\u00e9sistantes aux rayures et \u00e0 l\u2019abrasion. Toutefois, les d\u00e9corations en or ne sont pas totalement r\u00e9sistantes \u00e0 l\u2019abrasion en raison des propri\u00e9t\u00e9s naturelles de ce mat\u00e9riau.<\/p>\n<p>Dimensions: 33 cm<\/p>\n<p>Mat\u00e9riau: Porcelaine<\/p>\n<p>D\u00e9coration: Le jardin de Versace.<\/p>\n<p>Mod\u00e8le: Le Jardin De Versace<\/p>\n<p>Couleur: Multicolore<\/p>\n<p>Mati\u00e8re: Porcelaine<\/p>\n<p>Autre: Lave-vaisselle<\/p>\n<p>POUR DES RAISONS DE S\u00c9CURIT\u00c9, \u00c9TANT DONN\u00c9 QU\u2019IL S\u2019AGIT D\u2019UN PRODUIT DE LUXE, LE D\u00c9LAI DE LIVRAISON PEUT PRENDRE DEUX JOURS SUPPL\u00c9MENTAIRES.<\/p>\n","protected":false},"excerpt":{"rendered":"<p>Porcelaine lavable au lave-vaisselle. Pour ce type de d\u00e9coration, les couleurs sont fondues dans le verre \u00e0 plus de 1000\u00b0C. Cela ramollit le verre et l\u2019absorbe. Le verre est ainsi ramolli et la d\u00e9coration y est absorb\u00e9e, de sorte que la couleur et la brillance sont extr\u00eamement r\u00e9sistantes aux rayures et \u00e0 l\u2019abrasion. Toutefois, les [&hellip;]<\/p>\n","protected":false},"featured_media":6366227,"template":"","meta":{"_acf_changed":false},"product_cat":[11990,12021,11697,12014,11995],"product_tag":[],"class_list":{"0":"post-63211","1":"product","2":"type-product","3":"status-publish","4":"has-post-thumbnail","6":"product_cat-ameublement-maison","7":"product_cat-objets-de-decoration","8":"product_cat-oggettistica","9":"product_cat-plats","10":"product_cat-table-fr-2","12":"first","13":"instock","14":"taxable","15":"shipping-taxable","16":"purchasable","17":"product-type-simple","swatches":"rey-swatches","show_selected":"","stretch_labels":"rey-swatches--stretch-labels"},"acf":[],"yoast_head":"<!-- This site is optimized with the Yoast SEO plugin v25.4 - https:\/\/yoast.com\/wordpress\/plugins\/seo\/ -->\n<title>VERSACE HOME Le Jardin De Versace Porte-plaquette 33 cm - dev6 Erresse<\/title>\n<meta name=\"description\" content=\"Porcelaine lavable au lave-vaisselle. Pour ce type de d\u00e9coration, les couleurs sont fondues dans le verre \u00e0 plus de 1000\u00b0C. Cela ramollit le verre et\" \/>\n<meta name=\"robots\" content=\"noindex, follow, max-snippet:-1, max-image-preview:large, max-video-preview:-1\" \/>\n<meta property=\"og:locale\" content=\"fr_FR\" \/>\n<meta property=\"og:type\" content=\"article\" \/>\n<meta property=\"og:title\" content=\"VERSACE HOME Le Jardin De Versace Porte-plaquette 33 cm - dev6 Erresse\" \/>\n<meta property=\"og:description\" content=\"Porcelaine lavable au lave-vaisselle. Pour ce type de d\u00e9coration, les couleurs sont fondues dans le verre \u00e0 plus de 1000\u00b0C. Cela ramollit le verre et\" \/>\n<meta property=\"og:url\" content=\"https:\/\/dev6.erresse-shop.it\/fr\/shop\/table-fr-2\/plats\/versace-home-le-jardin-de-versace-porte-plaquette-33-cm\/\" \/>\n<meta property=\"og:site_name\" content=\"dev6 Erresse\" \/>\n<meta property=\"og:image\" content=\"https:\/\/interpim.erresse-shop.it\/img-catalogo\/versace\/versace-home-le-jardin-de-versace-segnaposto-33-cm.jpg\" \/><meta property=\"og:image\" content=\"https:\/\/interpim.erresse-shop.it\/img-catalogo\/versace\/versace-home-le-jardin-de-versace-segnaposto-33-cm.jpg\" \/>\n\t<meta property=\"og:image:width\" content=\"1024\" \/>\n\t<meta property=\"og:image:height\" content=\"1024\" \/>\n\t<meta property=\"og:image:type\" content=\"image\/jpeg\" \/>\n<meta name=\"twitter:card\" content=\"summary_large_image\" \/>\n<meta name=\"twitter:image\" content=\"https:\/\/interpim.erresse-shop.it\/img-catalogo\/versace\/versace-home-le-jardin-de-versace-segnaposto-33-cm.jpg\" \/>\n<script type=\"application\/ld+json\" class=\"yoast-schema-graph\">{\"@context\":\"https:\/\/schema.org\",\"@graph\":[{\"@type\":\"WebPage\",\"@id\":\"https:\/\/dev6.erresse-shop.it\/fr\/shop\/table-fr-2\/plats\/versace-home-le-jardin-de-versace-porte-plaquette-33-cm\/\",\"url\":\"https:\/\/dev6.erresse-shop.it\/fr\/shop\/table-fr-2\/plats\/versace-home-le-jardin-de-versace-porte-plaquette-33-cm\/\",\"name\":\"VERSACE HOME Le Jardin De Versace Porte-plaquette 33 cm - dev6 Erresse\",\"isPartOf\":{\"@id\":\"https:\/\/dev6.erresse-shop.it\/#website\"},\"primaryImageOfPage\":{\"@id\":\"https:\/\/dev6.erresse-shop.it\/fr\/shop\/table-fr-2\/plats\/versace-home-le-jardin-de-versace-porte-plaquette-33-cm\/#primaryimage\"},\"image\":{\"@id\":\"https:\/\/dev6.erresse-shop.it\/fr\/shop\/table-fr-2\/plats\/versace-home-le-jardin-de-versace-porte-plaquette-33-cm\/#primaryimage\"},\"thumbnailUrl\":\"https:\/\/i3.wp.com\/interpim.erresse-shop.it\/img-catalogo\/versace\/versace-home-le-jardin-de-versace-segnaposto-33-cm.jpg?ssl=1\",\"datePublished\":\"2026-04-12T08:27:54+00:00\",\"description\":\"Porcelaine lavable au lave-vaisselle. Pour ce type de d\u00e9coration, les couleurs sont fondues dans le verre \u00e0 plus de 1000\u00b0C. Cela ramollit le verre et\",\"breadcrumb\":{\"@id\":\"https:\/\/dev6.erresse-shop.it\/fr\/shop\/table-fr-2\/plats\/versace-home-le-jardin-de-versace-porte-plaquette-33-cm\/#breadcrumb\"},\"inLanguage\":\"fr-FR\",\"potentialAction\":[{\"@type\":\"ReadAction\",\"target\":[\"https:\/\/dev6.erresse-shop.it\/fr\/shop\/table-fr-2\/plats\/versace-home-le-jardin-de-versace-porte-plaquette-33-cm\/\"]}]},{\"@type\":\"ImageObject\",\"inLanguage\":\"fr-FR\",\"@id\":\"https:\/\/dev6.erresse-shop.it\/fr\/shop\/table-fr-2\/plats\/versace-home-le-jardin-de-versace-porte-plaquette-33-cm\/#primaryimage\",\"url\":\"https:\/\/i3.wp.com\/interpim.erresse-shop.it\/img-catalogo\/versace\/versace-home-le-jardin-de-versace-segnaposto-33-cm.jpg?ssl=1\",\"contentUrl\":\"https:\/\/i3.wp.com\/interpim.erresse-shop.it\/img-catalogo\/versace\/versace-home-le-jardin-de-versace-segnaposto-33-cm.jpg?ssl=1\"},{\"@type\":\"BreadcrumbList\",\"@id\":\"https:\/\/dev6.erresse-shop.it\/fr\/shop\/table-fr-2\/plats\/versace-home-le-jardin-de-versace-porte-plaquette-33-cm\/#breadcrumb\",\"itemListElement\":[{\"@type\":\"ListItem\",\"position\":1,\"name\":\"Home\",\"item\":\"https:\/\/dev6.erresse-shop.it\/\"},{\"@type\":\"ListItem\",\"position\":2,\"name\":\"Boutique\",\"item\":\"https:\/\/dev6.erresse-shop.it\/shop\/\"},{\"@type\":\"ListItem\",\"position\":3,\"name\":\"VERSACE HOME Le Jardin De Versace Porte-plaquette 33 cm\"}]},{\"@type\":\"WebSite\",\"@id\":\"https:\/\/dev6.erresse-shop.it\/#website\",\"url\":\"https:\/\/dev6.erresse-shop.it\/\",\"name\":\"Erresse Shop\",\"description\":\"\",\"publisher\":{\"@id\":\"https:\/\/dev6.erresse-shop.it\/#organization\"},\"potentialAction\":[{\"@type\":\"SearchAction\",\"target\":{\"@type\":\"EntryPoint\",\"urlTemplate\":\"https:\/\/dev6.erresse-shop.it\/?s={search_term_string}\"},\"query-input\":{\"@type\":\"PropertyValueSpecification\",\"valueRequired\":true,\"valueName\":\"search_term_string\"}}],\"inLanguage\":\"fr-FR\"},{\"@type\":\"Organization\",\"@id\":\"https:\/\/dev6.erresse-shop.it\/#organization\",\"name\":\"Erresse Shop\",\"url\":\"https:\/\/dev6.erresse-shop.it\/\",\"logo\":{\"@type\":\"ImageObject\",\"inLanguage\":\"fr-FR\",\"@id\":\"https:\/\/dev6.erresse-shop.it\/#\/schema\/logo\/image\/\",\"url\":\"https:\/\/dev6.erresse-shop.it\/wp-content\/uploads\/2025\/01\/LOGO-ERRESSE-CLASSICO.svg\",\"contentUrl\":\"https:\/\/dev6.erresse-shop.it\/wp-content\/uploads\/2025\/01\/LOGO-ERRESSE-CLASSICO.svg\",\"caption\":\"Erresse Shop\"},\"image\":{\"@id\":\"https:\/\/dev6.erresse-shop.it\/#\/schema\/logo\/image\/\"}}]}<\/script>\n<!-- \/ Yoast SEO plugin. -->","yoast_head_json":{"title":"VERSACE HOME Le Jardin De Versace Porte-plaquette 33 cm - dev6 Erresse","description":"Porcelaine lavable au lave-vaisselle. Pour ce type de d\u00e9coration, les couleurs sont fondues dans le verre \u00e0 plus de 1000\u00b0C. Cela ramollit le verre et","robots":{"index":"noindex","follow":"follow","max-snippet":"max-snippet:-1","max-image-preview":"max-image-preview:large","max-video-preview":"max-video-preview:-1"},"og_locale":"fr_FR","og_type":"article","og_title":"VERSACE HOME Le Jardin De Versace Porte-plaquette 33 cm - dev6 Erresse","og_description":"Porcelaine lavable au lave-vaisselle. Pour ce type de d\u00e9coration, les couleurs sont fondues dans le verre \u00e0 plus de 1000\u00b0C. Cela ramollit le verre et","og_url":"https:\/\/dev6.erresse-shop.it\/fr\/shop\/table-fr-2\/plats\/versace-home-le-jardin-de-versace-porte-plaquette-33-cm\/","og_site_name":"dev6 Erresse","og_image":[{"url":"https:\/\/interpim.erresse-shop.it\/img-catalogo\/versace\/versace-home-le-jardin-de-versace-segnaposto-33-cm.jpg","type":"","width":"","height":""},{"url":"https:\/\/interpim.erresse-shop.it\/img-catalogo\/versace\/versace-home-le-jardin-de-versace-segnaposto-33-cm.jpg","width":1024,"height":1024,"type":"image\/jpeg"}],"twitter_card":"summary_large_image","twitter_image":"https:\/\/interpim.erresse-shop.it\/img-catalogo\/versace\/versace-home-le-jardin-de-versace-segnaposto-33-cm.jpg","schema":{"@context":"https:\/\/schema.org","@graph":[{"@type":"WebPage","@id":"https:\/\/dev6.erresse-shop.it\/fr\/shop\/table-fr-2\/plats\/versace-home-le-jardin-de-versace-porte-plaquette-33-cm\/","url":"https:\/\/dev6.erresse-shop.it\/fr\/shop\/table-fr-2\/plats\/versace-home-le-jardin-de-versace-porte-plaquette-33-cm\/","name":"VERSACE HOME Le Jardin De Versace Porte-plaquette 33 cm - dev6 Erresse","isPartOf":{"@id":"https:\/\/dev6.erresse-shop.it\/#website"},"primaryImageOfPage":{"@id":"https:\/\/dev6.erresse-shop.it\/fr\/shop\/table-fr-2\/plats\/versace-home-le-jardin-de-versace-porte-plaquette-33-cm\/#primaryimage"},"image":{"@id":"https:\/\/dev6.erresse-shop.it\/fr\/shop\/table-fr-2\/plats\/versace-home-le-jardin-de-versace-porte-plaquette-33-cm\/#primaryimage"},"thumbnailUrl":"https:\/\/i3.wp.com\/interpim.erresse-shop.it\/img-catalogo\/versace\/versace-home-le-jardin-de-versace-segnaposto-33-cm.jpg?ssl=1","datePublished":"2026-04-12T08:27:54+00:00","description":"Porcelaine lavable au lave-vaisselle. Pour ce type de d\u00e9coration, les couleurs sont fondues dans le verre \u00e0 plus de 1000\u00b0C. Cela ramollit le verre et","breadcrumb":{"@id":"https:\/\/dev6.erresse-shop.it\/fr\/shop\/table-fr-2\/plats\/versace-home-le-jardin-de-versace-porte-plaquette-33-cm\/#breadcrumb"},"inLanguage":"fr-FR","potentialAction":[{"@type":"ReadAction","target":["https:\/\/dev6.erresse-shop.it\/fr\/shop\/table-fr-2\/plats\/versace-home-le-jardin-de-versace-porte-plaquette-33-cm\/"]}]},{"@type":"ImageObject","inLanguage":"fr-FR","@id":"https:\/\/dev6.erresse-shop.it\/fr\/shop\/table-fr-2\/plats\/versace-home-le-jardin-de-versace-porte-plaquette-33-cm\/#primaryimage","url":"https:\/\/i3.wp.com\/interpim.erresse-shop.it\/img-catalogo\/versace\/versace-home-le-jardin-de-versace-segnaposto-33-cm.jpg?ssl=1","contentUrl":"https:\/\/i3.wp.com\/interpim.erresse-shop.it\/img-catalogo\/versace\/versace-home-le-jardin-de-versace-segnaposto-33-cm.jpg?ssl=1"},{"@type":"BreadcrumbList","@id":"https:\/\/dev6.erresse-shop.it\/fr\/shop\/table-fr-2\/plats\/versace-home-le-jardin-de-versace-porte-plaquette-33-cm\/#breadcrumb","itemListElement":[{"@type":"ListItem","position":1,"name":"Home","item":"https:\/\/dev6.erresse-shop.it\/"},{"@type":"ListItem","position":2,"name":"Boutique","item":"https:\/\/dev6.erresse-shop.it\/shop\/"},{"@type":"ListItem","position":3,"name":"VERSACE HOME Le Jardin De Versace Porte-plaquette 33 cm"}]},{"@type":"WebSite","@id":"https:\/\/dev6.erresse-shop.it\/#website","url":"https:\/\/dev6.erresse-shop.it\/","name":"Erresse Shop","description":"","publisher":{"@id":"https:\/\/dev6.erresse-shop.it\/#organization"},"potentialAction":[{"@type":"SearchAction","target":{"@type":"EntryPoint","urlTemplate":"https:\/\/dev6.erresse-shop.it\/?s={search_term_string}"},"query-input":{"@type":"PropertyValueSpecification","valueRequired":true,"valueName":"search_term_string"}}],"inLanguage":"fr-FR"},{"@type":"Organization","@id":"https:\/\/dev6.erresse-shop.it\/#organization","name":"Erresse Shop","url":"https:\/\/dev6.erresse-shop.it\/","logo":{"@type":"ImageObject","inLanguage":"fr-FR","@id":"https:\/\/dev6.erresse-shop.it\/#\/schema\/logo\/image\/","url":"https:\/\/dev6.erresse-shop.it\/wp-content\/uploads\/2025\/01\/LOGO-ERRESSE-CLASSICO.svg","contentUrl":"https:\/\/dev6.erresse-shop.it\/wp-content\/uploads\/2025\/01\/LOGO-ERRESSE-CLASSICO.svg","caption":"Erresse Shop"},"image":{"@id":"https:\/\/dev6.erresse-shop.it\/#\/schema\/logo\/image\/"}}]}},"df_price":279,"df_sale_price":"","df_regular_price":279,"df_image_link":"https:\/\/i3.wp.com\/interpim.erresse-shop.it\/img-catalogo\/versace\/versace-home-le-jardin-de-versace-segnaposto-33-cm.jpg?resize=300,300&ssl=1","fifu_image_url":"https:\/\/interpim.erresse-shop.it\/img-catalogo\/versace\/versace-home-le-jardin-de-versace-segnaposto-33-cm.jpg","_links":{"self":[{"href":"https:\/\/dev6.erresse-shop.it\/fr\/wp-json\/wp\/v2\/product\/63211","targetHints":{"allow":["GET"]}}],"collection":[{"href":"https:\/\/dev6.erresse-shop.it\/fr\/wp-json\/wp\/v2\/product"}],"about":[{"href":"https:\/\/dev6.erresse-shop.it\/fr\/wp-json\/wp\/v2\/types\/product"}],"wp:featuredmedia":[{"embeddable":true,"href":"https:\/\/dev6.erresse-shop.it\/fr\/wp-json\/wp\/v2\/media\/6366227"}],"wp:attachment":[{"href":"https:\/\/dev6.erresse-shop.it\/fr\/wp-json\/wp\/v2\/media?parent=63211"}],"wp:term":[{"taxonomy":"product_cat","embeddable":true,"href":"https:\/\/dev6.erresse-shop.it\/fr\/wp-json\/wp\/v2\/product_cat?post=63211"},{"taxonomy":"product_tag","embeddable":true,"href":"https:\/\/dev6.erresse-shop.it\/fr\/wp-json\/wp\/v2\/product_tag?post=63211"}],"curies":[{"name":"wp","href":"https:\/\/api.w.org\/{rel}","templated":true}]}}