{"id":63156,"date":"2026-04-12T10:26:11","date_gmt":"2026-04-12T08:26:11","guid":{"rendered":"https:\/\/dev6.erresse-shop.it\/shop\/non%20class\u00e9\/versace-home-mug-avec-couvercle-marco-polo\/"},"modified":"2025-07-04T17:34:51","modified_gmt":"2025-07-04T15:34:51","slug":"versace-home-mug-avec-couvercle-marco-polo","status":"publish","type":"product","link":"https:\/\/dev6.erresse-shop.it\/fr\/shop\/table-fr-2\/tasses\/versace-home-mug-avec-couvercle-marco-polo\/","title":{"rendered":"VERSACE HOME Mug avec couvercle Marco Polo"},"content":{"rendered":"<p>Pour c\u00e9l\u00e9brer son 30e anniversaire, Rosenthal meets Versace lance une collection sp\u00e9ciale limit\u00e9e. 30 tasses d\u00e9cor\u00e9es de 30 d\u00e9cors l\u00e9gendaires racontent l\u2019histoire de cette collaboration extraordinaire comme un voyage \u00e0 travers le temps, l\u2019espace et les cultures. Les couvercles exquis sont d\u00e9cor\u00e9s d\u2019une t\u00eate de M\u00e9duse dor\u00e9e, symbole embl\u00e9matique de Versace depuis ses d\u00e9buts.<\/p>\n<p>Mat\u00e9riau: Porcelaine<\/p>\n<p>Dimensions: 12 cm de haut : 12 cm de haut<\/p>\n<p>POUR DES RAISONS DE S\u00c9CURIT\u00c9, S\u2019AGISSANT D\u2019UN PRODUIT DE LUXE, LE D\u00c9LAI DE LIVRAISON PEUT PRENDRE DEUX JOURS SUPPL\u00c9MENTAIRES.<\/p>\n","protected":false},"excerpt":{"rendered":"<p>Pour c\u00e9l\u00e9brer son 30e anniversaire, Rosenthal meets Versace lance une collection sp\u00e9ciale limit\u00e9e. 30 tasses d\u00e9cor\u00e9es de 30 d\u00e9cors l\u00e9gendaires racontent l\u2019histoire de cette collaboration extraordinaire comme un voyage \u00e0 travers le temps, l\u2019espace et les cultures. Les couvercles exquis sont d\u00e9cor\u00e9s d\u2019une t\u00eate de M\u00e9duse dor\u00e9e, symbole embl\u00e9matique de Versace depuis ses d\u00e9buts. Mat\u00e9riau: [&hellip;]<\/p>\n","protected":false},"featured_media":6366129,"template":"","meta":{"_acf_changed":false},"product_cat":[11995,12013,11671],"product_tag":[],"class_list":{"0":"post-63156","1":"product","2":"type-product","3":"status-publish","4":"has-post-thumbnail","6":"product_cat-table-fr-2","7":"product_cat-tasses","8":"product_cat-tavola","10":"first","11":"instock","12":"taxable","13":"shipping-taxable","14":"purchasable","15":"product-type-simple","swatches":"rey-swatches","show_selected":"","stretch_labels":"rey-swatches--stretch-labels"},"acf":[],"yoast_head":"<!-- This site is optimized with the Yoast SEO plugin v25.4 - https:\/\/yoast.com\/wordpress\/plugins\/seo\/ -->\n<title>VERSACE HOME Mug avec couvercle Marco Polo - dev6 Erresse<\/title>\n<meta name=\"description\" content=\"Pour c\u00e9l\u00e9brer son 30e anniversaire, Rosenthal meets Versace lance une collection sp\u00e9ciale limit\u00e9e. 30 tasses d\u00e9cor\u00e9es de 30 d\u00e9cors l\u00e9gendaires racontent\" \/>\n<meta name=\"robots\" content=\"noindex, follow, max-snippet:-1, max-image-preview:large, max-video-preview:-1\" \/>\n<meta property=\"og:locale\" content=\"fr_FR\" \/>\n<meta property=\"og:type\" content=\"article\" \/>\n<meta property=\"og:title\" content=\"VERSACE HOME Mug avec couvercle Marco Polo - dev6 Erresse\" \/>\n<meta property=\"og:description\" content=\"Pour c\u00e9l\u00e9brer son 30e anniversaire, Rosenthal meets Versace lance une collection sp\u00e9ciale limit\u00e9e. 30 tasses d\u00e9cor\u00e9es de 30 d\u00e9cors l\u00e9gendaires racontent\" \/>\n<meta property=\"og:url\" content=\"https:\/\/dev6.erresse-shop.it\/fr\/shop\/table-fr-2\/tasses\/versace-home-mug-avec-couvercle-marco-polo\/\" \/>\n<meta property=\"og:site_name\" content=\"dev6 Erresse\" \/>\n<meta property=\"og:image\" content=\"https:\/\/interpim.erresse-shop.it\/wp-content\/uploads\/2024\/03\/VERSACE-mug-coperchio-limited-edition-30\u00b0-anniversario.jpg\/versace-mug-coperchio-limited-edition-30-c2-b0-anniversario.jpg\" \/><meta property=\"og:image\" content=\"https:\/\/interpim.erresse-shop.it\/wp-content\/uploads\/2024\/03\/VERSACE-mug-coperchio-limited-edition-30\u00b0-anniversario.jpg\/versace-mug-coperchio-limited-edition-30-c2-b0-anniversario.jpg\" \/>\n\t<meta property=\"og:image:width\" content=\"1024\" \/>\n\t<meta property=\"og:image:height\" content=\"1024\" \/>\n\t<meta property=\"og:image:type\" content=\"image\/jpeg\" \/>\n<meta name=\"twitter:card\" content=\"summary_large_image\" \/>\n<meta name=\"twitter:image\" content=\"https:\/\/interpim.erresse-shop.it\/wp-content\/uploads\/2024\/03\/VERSACE-mug-coperchio-limited-edition-30\u00b0-anniversario.jpg\/versace-mug-coperchio-limited-edition-30-c2-b0-anniversario.jpg\" \/>\n<script type=\"application\/ld+json\" class=\"yoast-schema-graph\">{\"@context\":\"https:\/\/schema.org\",\"@graph\":[{\"@type\":\"WebPage\",\"@id\":\"https:\/\/dev6.erresse-shop.it\/fr\/shop\/table-fr-2\/tasses\/versace-home-mug-avec-couvercle-marco-polo\/\",\"url\":\"https:\/\/dev6.erresse-shop.it\/fr\/shop\/table-fr-2\/tasses\/versace-home-mug-avec-couvercle-marco-polo\/\",\"name\":\"VERSACE HOME Mug avec couvercle Marco Polo - dev6 Erresse\",\"isPartOf\":{\"@id\":\"https:\/\/dev6.erresse-shop.it\/#website\"},\"primaryImageOfPage\":{\"@id\":\"https:\/\/dev6.erresse-shop.it\/fr\/shop\/table-fr-2\/tasses\/versace-home-mug-avec-couvercle-marco-polo\/#primaryimage\"},\"image\":{\"@id\":\"https:\/\/dev6.erresse-shop.it\/fr\/shop\/table-fr-2\/tasses\/versace-home-mug-avec-couvercle-marco-polo\/#primaryimage\"},\"thumbnailUrl\":\"https:\/\/i3.wp.com\/interpim.erresse-shop.it\/wp-content\/uploads\/2024\/03\/VERSACE-mug-coperchio-limited-edition-30\u00b0-anniversario.jpg\/versace-mug-coperchio-limited-edition-30-c2-b0-anniversario.jpg?ssl=1\",\"datePublished\":\"2026-04-12T08:26:11+00:00\",\"description\":\"Pour c\u00e9l\u00e9brer son 30e anniversaire, Rosenthal meets Versace lance une collection sp\u00e9ciale limit\u00e9e. 30 tasses d\u00e9cor\u00e9es de 30 d\u00e9cors l\u00e9gendaires racontent\",\"breadcrumb\":{\"@id\":\"https:\/\/dev6.erresse-shop.it\/fr\/shop\/table-fr-2\/tasses\/versace-home-mug-avec-couvercle-marco-polo\/#breadcrumb\"},\"inLanguage\":\"fr-FR\",\"potentialAction\":[{\"@type\":\"ReadAction\",\"target\":[\"https:\/\/dev6.erresse-shop.it\/fr\/shop\/table-fr-2\/tasses\/versace-home-mug-avec-couvercle-marco-polo\/\"]}]},{\"@type\":\"ImageObject\",\"inLanguage\":\"fr-FR\",\"@id\":\"https:\/\/dev6.erresse-shop.it\/fr\/shop\/table-fr-2\/tasses\/versace-home-mug-avec-couvercle-marco-polo\/#primaryimage\",\"url\":\"https:\/\/i3.wp.com\/interpim.erresse-shop.it\/wp-content\/uploads\/2024\/03\/VERSACE-mug-coperchio-limited-edition-30\u00b0-anniversario.jpg\/versace-mug-coperchio-limited-edition-30-c2-b0-anniversario.jpg?ssl=1\",\"contentUrl\":\"https:\/\/i3.wp.com\/interpim.erresse-shop.it\/wp-content\/uploads\/2024\/03\/VERSACE-mug-coperchio-limited-edition-30\u00b0-anniversario.jpg\/versace-mug-coperchio-limited-edition-30-c2-b0-anniversario.jpg?ssl=1\"},{\"@type\":\"BreadcrumbList\",\"@id\":\"https:\/\/dev6.erresse-shop.it\/fr\/shop\/table-fr-2\/tasses\/versace-home-mug-avec-couvercle-marco-polo\/#breadcrumb\",\"itemListElement\":[{\"@type\":\"ListItem\",\"position\":1,\"name\":\"Home\",\"item\":\"https:\/\/dev6.erresse-shop.it\/\"},{\"@type\":\"ListItem\",\"position\":2,\"name\":\"Boutique\",\"item\":\"https:\/\/dev6.erresse-shop.it\/shop\/\"},{\"@type\":\"ListItem\",\"position\":3,\"name\":\"VERSACE HOME Mug avec couvercle Marco Polo\"}]},{\"@type\":\"WebSite\",\"@id\":\"https:\/\/dev6.erresse-shop.it\/#website\",\"url\":\"https:\/\/dev6.erresse-shop.it\/\",\"name\":\"Erresse Shop\",\"description\":\"\",\"publisher\":{\"@id\":\"https:\/\/dev6.erresse-shop.it\/#organization\"},\"potentialAction\":[{\"@type\":\"SearchAction\",\"target\":{\"@type\":\"EntryPoint\",\"urlTemplate\":\"https:\/\/dev6.erresse-shop.it\/?s={search_term_string}\"},\"query-input\":{\"@type\":\"PropertyValueSpecification\",\"valueRequired\":true,\"valueName\":\"search_term_string\"}}],\"inLanguage\":\"fr-FR\"},{\"@type\":\"Organization\",\"@id\":\"https:\/\/dev6.erresse-shop.it\/#organization\",\"name\":\"Erresse Shop\",\"url\":\"https:\/\/dev6.erresse-shop.it\/\",\"logo\":{\"@type\":\"ImageObject\",\"inLanguage\":\"fr-FR\",\"@id\":\"https:\/\/dev6.erresse-shop.it\/#\/schema\/logo\/image\/\",\"url\":\"https:\/\/dev6.erresse-shop.it\/wp-content\/uploads\/2025\/01\/LOGO-ERRESSE-CLASSICO.svg\",\"contentUrl\":\"https:\/\/dev6.erresse-shop.it\/wp-content\/uploads\/2025\/01\/LOGO-ERRESSE-CLASSICO.svg\",\"caption\":\"Erresse Shop\"},\"image\":{\"@id\":\"https:\/\/dev6.erresse-shop.it\/#\/schema\/logo\/image\/\"}}]}<\/script>\n<!-- \/ Yoast SEO plugin. -->","yoast_head_json":{"title":"VERSACE HOME Mug avec couvercle Marco Polo - dev6 Erresse","description":"Pour c\u00e9l\u00e9brer son 30e anniversaire, Rosenthal meets Versace lance une collection sp\u00e9ciale limit\u00e9e. 30 tasses d\u00e9cor\u00e9es de 30 d\u00e9cors l\u00e9gendaires racontent","robots":{"index":"noindex","follow":"follow","max-snippet":"max-snippet:-1","max-image-preview":"max-image-preview:large","max-video-preview":"max-video-preview:-1"},"og_locale":"fr_FR","og_type":"article","og_title":"VERSACE HOME Mug avec couvercle Marco Polo - dev6 Erresse","og_description":"Pour c\u00e9l\u00e9brer son 30e anniversaire, Rosenthal meets Versace lance une collection sp\u00e9ciale limit\u00e9e. 30 tasses d\u00e9cor\u00e9es de 30 d\u00e9cors l\u00e9gendaires racontent","og_url":"https:\/\/dev6.erresse-shop.it\/fr\/shop\/table-fr-2\/tasses\/versace-home-mug-avec-couvercle-marco-polo\/","og_site_name":"dev6 Erresse","og_image":[{"url":"https:\/\/interpim.erresse-shop.it\/wp-content\/uploads\/2024\/03\/VERSACE-mug-coperchio-limited-edition-30\u00b0-anniversario.jpg\/versace-mug-coperchio-limited-edition-30-c2-b0-anniversario.jpg","type":"","width":"","height":""},{"url":"https:\/\/interpim.erresse-shop.it\/wp-content\/uploads\/2024\/03\/VERSACE-mug-coperchio-limited-edition-30\u00b0-anniversario.jpg\/versace-mug-coperchio-limited-edition-30-c2-b0-anniversario.jpg","width":1024,"height":1024,"type":"image\/jpeg"}],"twitter_card":"summary_large_image","twitter_image":"https:\/\/interpim.erresse-shop.it\/wp-content\/uploads\/2024\/03\/VERSACE-mug-coperchio-limited-edition-30\u00b0-anniversario.jpg\/versace-mug-coperchio-limited-edition-30-c2-b0-anniversario.jpg","schema":{"@context":"https:\/\/schema.org","@graph":[{"@type":"WebPage","@id":"https:\/\/dev6.erresse-shop.it\/fr\/shop\/table-fr-2\/tasses\/versace-home-mug-avec-couvercle-marco-polo\/","url":"https:\/\/dev6.erresse-shop.it\/fr\/shop\/table-fr-2\/tasses\/versace-home-mug-avec-couvercle-marco-polo\/","name":"VERSACE HOME Mug avec couvercle Marco Polo - dev6 Erresse","isPartOf":{"@id":"https:\/\/dev6.erresse-shop.it\/#website"},"primaryImageOfPage":{"@id":"https:\/\/dev6.erresse-shop.it\/fr\/shop\/table-fr-2\/tasses\/versace-home-mug-avec-couvercle-marco-polo\/#primaryimage"},"image":{"@id":"https:\/\/dev6.erresse-shop.it\/fr\/shop\/table-fr-2\/tasses\/versace-home-mug-avec-couvercle-marco-polo\/#primaryimage"},"thumbnailUrl":"https:\/\/i3.wp.com\/interpim.erresse-shop.it\/wp-content\/uploads\/2024\/03\/VERSACE-mug-coperchio-limited-edition-30\u00b0-anniversario.jpg\/versace-mug-coperchio-limited-edition-30-c2-b0-anniversario.jpg?ssl=1","datePublished":"2026-04-12T08:26:11+00:00","description":"Pour c\u00e9l\u00e9brer son 30e anniversaire, Rosenthal meets Versace lance une collection sp\u00e9ciale limit\u00e9e. 30 tasses d\u00e9cor\u00e9es de 30 d\u00e9cors l\u00e9gendaires racontent","breadcrumb":{"@id":"https:\/\/dev6.erresse-shop.it\/fr\/shop\/table-fr-2\/tasses\/versace-home-mug-avec-couvercle-marco-polo\/#breadcrumb"},"inLanguage":"fr-FR","potentialAction":[{"@type":"ReadAction","target":["https:\/\/dev6.erresse-shop.it\/fr\/shop\/table-fr-2\/tasses\/versace-home-mug-avec-couvercle-marco-polo\/"]}]},{"@type":"ImageObject","inLanguage":"fr-FR","@id":"https:\/\/dev6.erresse-shop.it\/fr\/shop\/table-fr-2\/tasses\/versace-home-mug-avec-couvercle-marco-polo\/#primaryimage","url":"https:\/\/i3.wp.com\/interpim.erresse-shop.it\/wp-content\/uploads\/2024\/03\/VERSACE-mug-coperchio-limited-edition-30\u00b0-anniversario.jpg\/versace-mug-coperchio-limited-edition-30-c2-b0-anniversario.jpg?ssl=1","contentUrl":"https:\/\/i3.wp.com\/interpim.erresse-shop.it\/wp-content\/uploads\/2024\/03\/VERSACE-mug-coperchio-limited-edition-30\u00b0-anniversario.jpg\/versace-mug-coperchio-limited-edition-30-c2-b0-anniversario.jpg?ssl=1"},{"@type":"BreadcrumbList","@id":"https:\/\/dev6.erresse-shop.it\/fr\/shop\/table-fr-2\/tasses\/versace-home-mug-avec-couvercle-marco-polo\/#breadcrumb","itemListElement":[{"@type":"ListItem","position":1,"name":"Home","item":"https:\/\/dev6.erresse-shop.it\/"},{"@type":"ListItem","position":2,"name":"Boutique","item":"https:\/\/dev6.erresse-shop.it\/shop\/"},{"@type":"ListItem","position":3,"name":"VERSACE HOME Mug avec couvercle Marco Polo"}]},{"@type":"WebSite","@id":"https:\/\/dev6.erresse-shop.it\/#website","url":"https:\/\/dev6.erresse-shop.it\/","name":"Erresse Shop","description":"","publisher":{"@id":"https:\/\/dev6.erresse-shop.it\/#organization"},"potentialAction":[{"@type":"SearchAction","target":{"@type":"EntryPoint","urlTemplate":"https:\/\/dev6.erresse-shop.it\/?s={search_term_string}"},"query-input":{"@type":"PropertyValueSpecification","valueRequired":true,"valueName":"search_term_string"}}],"inLanguage":"fr-FR"},{"@type":"Organization","@id":"https:\/\/dev6.erresse-shop.it\/#organization","name":"Erresse Shop","url":"https:\/\/dev6.erresse-shop.it\/","logo":{"@type":"ImageObject","inLanguage":"fr-FR","@id":"https:\/\/dev6.erresse-shop.it\/#\/schema\/logo\/image\/","url":"https:\/\/dev6.erresse-shop.it\/wp-content\/uploads\/2025\/01\/LOGO-ERRESSE-CLASSICO.svg","contentUrl":"https:\/\/dev6.erresse-shop.it\/wp-content\/uploads\/2025\/01\/LOGO-ERRESSE-CLASSICO.svg","caption":"Erresse Shop"},"image":{"@id":"https:\/\/dev6.erresse-shop.it\/#\/schema\/logo\/image\/"}}]}},"df_price":289,"df_sale_price":"","df_regular_price":289,"df_image_link":"https:\/\/i3.wp.com\/interpim.erresse-shop.it\/wp-content\/uploads\/2024\/03\/VERSACE-mug-coperchio-limited-edition-30\u00b0-anniversario.jpg\/versace-mug-coperchio-limited-edition-30-c2-b0-anniversario.jpg?resize=300,300&ssl=1","fifu_image_url":"https:\/\/interpim.erresse-shop.it\/wp-content\/uploads\/2024\/03\/VERSACE-mug-coperchio-limited-edition-30\u00b0-anniversario.jpg\/versace-mug-coperchio-limited-edition-30-c2-b0-anniversario.jpg","_links":{"self":[{"href":"https:\/\/dev6.erresse-shop.it\/fr\/wp-json\/wp\/v2\/product\/63156","targetHints":{"allow":["GET"]}}],"collection":[{"href":"https:\/\/dev6.erresse-shop.it\/fr\/wp-json\/wp\/v2\/product"}],"about":[{"href":"https:\/\/dev6.erresse-shop.it\/fr\/wp-json\/wp\/v2\/types\/product"}],"wp:featuredmedia":[{"embeddable":true,"href":"https:\/\/dev6.erresse-shop.it\/fr\/wp-json\/wp\/v2\/media\/6366129"}],"wp:attachment":[{"href":"https:\/\/dev6.erresse-shop.it\/fr\/wp-json\/wp\/v2\/media?parent=63156"}],"wp:term":[{"taxonomy":"product_cat","embeddable":true,"href":"https:\/\/dev6.erresse-shop.it\/fr\/wp-json\/wp\/v2\/product_cat?post=63156"},{"taxonomy":"product_tag","embeddable":true,"href":"https:\/\/dev6.erresse-shop.it\/fr\/wp-json\/wp\/v2\/product_tag?post=63156"}],"curies":[{"name":"wp","href":"https:\/\/api.w.org\/{rel}","templated":true}]}}