{"id":63142,"date":"2026-04-12T10:26:11","date_gmt":"2026-04-12T08:26:11","guid":{"rendered":"https:\/\/dev6.erresse-shop.it\/shop\/non%20class\u00e9\/versace-home-prestige-gala-placeholder-30-cm\/"},"modified":"2025-07-04T17:34:24","modified_gmt":"2025-07-04T15:34:24","slug":"versace-home-prestige-gala-placeholder-30-cm","status":"publish","type":"product","link":"https:\/\/dev6.erresse-shop.it\/fr\/shop\/table-fr-2\/plats\/versace-home-prestige-gala-placeholder-30-cm\/","title":{"rendered":"VERSACE HOME Prestige Gala Placeholder 30 cm"},"content":{"rendered":"<p>Les \u00e9l\u00e9ments baroques et le cadre grec sont les motifs dominants de la collection Prestige Gala.<\/p>\n<p>Dans ce type de d\u00e9coration, les couleurs sont fondues dans l\u2019\u00e9mail \u00e0 une temp\u00e9rature de 1000 \u00b0C. Gr\u00e2ce \u00e0 cette technique, l\u2019\u00e9mail se ramollit, absorbe le d\u00e9cor et rend les couleurs et la brillance indestructibles, pour un r\u00e9sultat inrayable et ultra-r\u00e9sistant. Toutefois, les d\u00e9corations en or ne sont pas totalement inrayables en raison des propri\u00e9t\u00e9s inh\u00e9rentes au mat\u00e9riau.<\/p>\n<p>Laver \u00e0 la main une pi\u00e8ce \u00e0 la fois<\/p>\n<p>Egoutter apr\u00e8s le nettoyage<\/p>\n<p>S\u00e9cher soigneusement pour \u00e9viter les taches de d\u00e9tergent<\/p>\n<p>Couleur: Multicolore<\/p>\n<p>Mat\u00e9riau : Porcelaine<\/p>\n<p>Dimensions de l\u2019objet : Diam\u00e8tre : 30 cm<\/p>\n<p>POUR DES RAISONS DE S\u00c9CURIT\u00c9, S\u2019AGISSANT D\u2019UN PRODUIT DE LUXE, LE D\u00c9LAI DE LIVRAISON PEUT PRENDRE DEUX JOURS SUPPL\u00c9MENTAIRES.<\/p>\n","protected":false},"excerpt":{"rendered":"<p>Les \u00e9l\u00e9ments baroques et le cadre grec sont les motifs dominants de la collection Prestige Gala. Dans ce type de d\u00e9coration, les couleurs sont fondues dans l\u2019\u00e9mail \u00e0 une temp\u00e9rature de 1000 \u00b0C. Gr\u00e2ce \u00e0 cette technique, l\u2019\u00e9mail se ramollit, absorbe le d\u00e9cor et rend les couleurs et la brillance indestructibles, pour un r\u00e9sultat inrayable [&hellip;]<\/p>\n","protected":false},"featured_media":6366110,"template":"","meta":{"_acf_changed":false},"product_cat":[11990,12021,11697,12014,11995],"product_tag":[],"class_list":{"0":"post-63142","1":"product","2":"type-product","3":"status-publish","4":"has-post-thumbnail","6":"product_cat-ameublement-maison","7":"product_cat-objets-de-decoration","8":"product_cat-oggettistica","9":"product_cat-plats","10":"product_cat-table-fr-2","12":"first","13":"instock","14":"taxable","15":"shipping-taxable","16":"purchasable","17":"product-type-simple","swatches":"rey-swatches","show_selected":"","stretch_labels":"rey-swatches--stretch-labels"},"acf":[],"yoast_head":"<!-- This site is optimized with the Yoast SEO plugin v25.4 - https:\/\/yoast.com\/wordpress\/plugins\/seo\/ -->\n<title>VERSACE HOME Prestige Gala Placeholder 30 cm - dev6 Erresse<\/title>\n<meta name=\"description\" content=\"Les \u00e9l\u00e9ments baroques et le cadre grec sont les motifs dominants de la collection Prestige Gala. Dans ce type de d\u00e9coration, les couleurs sont fondues\" \/>\n<meta name=\"robots\" content=\"noindex, follow, max-snippet:-1, max-image-preview:large, max-video-preview:-1\" \/>\n<meta property=\"og:locale\" content=\"fr_FR\" \/>\n<meta property=\"og:type\" content=\"article\" \/>\n<meta property=\"og:title\" content=\"VERSACE HOME Prestige Gala Placeholder 30 cm - dev6 Erresse\" \/>\n<meta property=\"og:description\" content=\"Les \u00e9l\u00e9ments baroques et le cadre grec sont les motifs dominants de la collection Prestige Gala. Dans ce type de d\u00e9coration, les couleurs sont fondues\" \/>\n<meta property=\"og:url\" content=\"https:\/\/dev6.erresse-shop.it\/fr\/shop\/table-fr-2\/plats\/versace-home-prestige-gala-placeholder-30-cm\/\" \/>\n<meta property=\"og:site_name\" content=\"dev6 Erresse\" \/>\n<meta property=\"og:image\" content=\"https:\/\/interpim.erresse-shop.it\/wp-content\/uploads\/2024\/03\/VERSACE-HOME-Prestige-Gala-Segnaposto-30-cm.jpg\/versace-home-prestige-gala-segnaposto-30-cm.jpg\" \/><meta property=\"og:image\" content=\"https:\/\/interpim.erresse-shop.it\/wp-content\/uploads\/2024\/03\/VERSACE-HOME-Prestige-Gala-Segnaposto-30-cm.jpg\/versace-home-prestige-gala-segnaposto-30-cm.jpg\" \/>\n\t<meta property=\"og:image:width\" content=\"1024\" \/>\n\t<meta property=\"og:image:height\" content=\"1024\" \/>\n\t<meta property=\"og:image:type\" content=\"image\/jpeg\" \/>\n<meta name=\"twitter:card\" content=\"summary_large_image\" \/>\n<meta name=\"twitter:image\" content=\"https:\/\/interpim.erresse-shop.it\/wp-content\/uploads\/2024\/03\/VERSACE-HOME-Prestige-Gala-Segnaposto-30-cm.jpg\/versace-home-prestige-gala-segnaposto-30-cm.jpg\" \/>\n<script type=\"application\/ld+json\" class=\"yoast-schema-graph\">{\"@context\":\"https:\/\/schema.org\",\"@graph\":[{\"@type\":\"WebPage\",\"@id\":\"https:\/\/dev6.erresse-shop.it\/fr\/shop\/table-fr-2\/plats\/versace-home-prestige-gala-placeholder-30-cm\/\",\"url\":\"https:\/\/dev6.erresse-shop.it\/fr\/shop\/table-fr-2\/plats\/versace-home-prestige-gala-placeholder-30-cm\/\",\"name\":\"VERSACE HOME Prestige Gala Placeholder 30 cm - dev6 Erresse\",\"isPartOf\":{\"@id\":\"https:\/\/dev6.erresse-shop.it\/#website\"},\"primaryImageOfPage\":{\"@id\":\"https:\/\/dev6.erresse-shop.it\/fr\/shop\/table-fr-2\/plats\/versace-home-prestige-gala-placeholder-30-cm\/#primaryimage\"},\"image\":{\"@id\":\"https:\/\/dev6.erresse-shop.it\/fr\/shop\/table-fr-2\/plats\/versace-home-prestige-gala-placeholder-30-cm\/#primaryimage\"},\"thumbnailUrl\":\"https:\/\/i1.wp.com\/interpim.erresse-shop.it\/wp-content\/uploads\/2024\/03\/VERSACE-HOME-Prestige-Gala-Segnaposto-30-cm.jpg\/versace-home-prestige-gala-segnaposto-30-cm.jpg?ssl=1\",\"datePublished\":\"2026-04-12T08:26:11+00:00\",\"description\":\"Les \u00e9l\u00e9ments baroques et le cadre grec sont les motifs dominants de la collection Prestige Gala. Dans ce type de d\u00e9coration, les couleurs sont fondues\",\"breadcrumb\":{\"@id\":\"https:\/\/dev6.erresse-shop.it\/fr\/shop\/table-fr-2\/plats\/versace-home-prestige-gala-placeholder-30-cm\/#breadcrumb\"},\"inLanguage\":\"fr-FR\",\"potentialAction\":[{\"@type\":\"ReadAction\",\"target\":[\"https:\/\/dev6.erresse-shop.it\/fr\/shop\/table-fr-2\/plats\/versace-home-prestige-gala-placeholder-30-cm\/\"]}]},{\"@type\":\"ImageObject\",\"inLanguage\":\"fr-FR\",\"@id\":\"https:\/\/dev6.erresse-shop.it\/fr\/shop\/table-fr-2\/plats\/versace-home-prestige-gala-placeholder-30-cm\/#primaryimage\",\"url\":\"https:\/\/i1.wp.com\/interpim.erresse-shop.it\/wp-content\/uploads\/2024\/03\/VERSACE-HOME-Prestige-Gala-Segnaposto-30-cm.jpg\/versace-home-prestige-gala-segnaposto-30-cm.jpg?ssl=1\",\"contentUrl\":\"https:\/\/i1.wp.com\/interpim.erresse-shop.it\/wp-content\/uploads\/2024\/03\/VERSACE-HOME-Prestige-Gala-Segnaposto-30-cm.jpg\/versace-home-prestige-gala-segnaposto-30-cm.jpg?ssl=1\"},{\"@type\":\"BreadcrumbList\",\"@id\":\"https:\/\/dev6.erresse-shop.it\/fr\/shop\/table-fr-2\/plats\/versace-home-prestige-gala-placeholder-30-cm\/#breadcrumb\",\"itemListElement\":[{\"@type\":\"ListItem\",\"position\":1,\"name\":\"Home\",\"item\":\"https:\/\/dev6.erresse-shop.it\/\"},{\"@type\":\"ListItem\",\"position\":2,\"name\":\"Boutique\",\"item\":\"https:\/\/dev6.erresse-shop.it\/shop\/\"},{\"@type\":\"ListItem\",\"position\":3,\"name\":\"VERSACE HOME Prestige Gala Placeholder 30 cm\"}]},{\"@type\":\"WebSite\",\"@id\":\"https:\/\/dev6.erresse-shop.it\/#website\",\"url\":\"https:\/\/dev6.erresse-shop.it\/\",\"name\":\"Erresse Shop\",\"description\":\"\",\"publisher\":{\"@id\":\"https:\/\/dev6.erresse-shop.it\/#organization\"},\"potentialAction\":[{\"@type\":\"SearchAction\",\"target\":{\"@type\":\"EntryPoint\",\"urlTemplate\":\"https:\/\/dev6.erresse-shop.it\/?s={search_term_string}\"},\"query-input\":{\"@type\":\"PropertyValueSpecification\",\"valueRequired\":true,\"valueName\":\"search_term_string\"}}],\"inLanguage\":\"fr-FR\"},{\"@type\":\"Organization\",\"@id\":\"https:\/\/dev6.erresse-shop.it\/#organization\",\"name\":\"Erresse Shop\",\"url\":\"https:\/\/dev6.erresse-shop.it\/\",\"logo\":{\"@type\":\"ImageObject\",\"inLanguage\":\"fr-FR\",\"@id\":\"https:\/\/dev6.erresse-shop.it\/#\/schema\/logo\/image\/\",\"url\":\"https:\/\/dev6.erresse-shop.it\/wp-content\/uploads\/2025\/01\/LOGO-ERRESSE-CLASSICO.svg\",\"contentUrl\":\"https:\/\/dev6.erresse-shop.it\/wp-content\/uploads\/2025\/01\/LOGO-ERRESSE-CLASSICO.svg\",\"caption\":\"Erresse Shop\"},\"image\":{\"@id\":\"https:\/\/dev6.erresse-shop.it\/#\/schema\/logo\/image\/\"}}]}<\/script>\n<!-- \/ Yoast SEO plugin. -->","yoast_head_json":{"title":"VERSACE HOME Prestige Gala Placeholder 30 cm - dev6 Erresse","description":"Les \u00e9l\u00e9ments baroques et le cadre grec sont les motifs dominants de la collection Prestige Gala. Dans ce type de d\u00e9coration, les couleurs sont fondues","robots":{"index":"noindex","follow":"follow","max-snippet":"max-snippet:-1","max-image-preview":"max-image-preview:large","max-video-preview":"max-video-preview:-1"},"og_locale":"fr_FR","og_type":"article","og_title":"VERSACE HOME Prestige Gala Placeholder 30 cm - dev6 Erresse","og_description":"Les \u00e9l\u00e9ments baroques et le cadre grec sont les motifs dominants de la collection Prestige Gala. Dans ce type de d\u00e9coration, les couleurs sont fondues","og_url":"https:\/\/dev6.erresse-shop.it\/fr\/shop\/table-fr-2\/plats\/versace-home-prestige-gala-placeholder-30-cm\/","og_site_name":"dev6 Erresse","og_image":[{"url":"https:\/\/interpim.erresse-shop.it\/wp-content\/uploads\/2024\/03\/VERSACE-HOME-Prestige-Gala-Segnaposto-30-cm.jpg\/versace-home-prestige-gala-segnaposto-30-cm.jpg","type":"","width":"","height":""},{"url":"https:\/\/interpim.erresse-shop.it\/wp-content\/uploads\/2024\/03\/VERSACE-HOME-Prestige-Gala-Segnaposto-30-cm.jpg\/versace-home-prestige-gala-segnaposto-30-cm.jpg","width":1024,"height":1024,"type":"image\/jpeg"}],"twitter_card":"summary_large_image","twitter_image":"https:\/\/interpim.erresse-shop.it\/wp-content\/uploads\/2024\/03\/VERSACE-HOME-Prestige-Gala-Segnaposto-30-cm.jpg\/versace-home-prestige-gala-segnaposto-30-cm.jpg","schema":{"@context":"https:\/\/schema.org","@graph":[{"@type":"WebPage","@id":"https:\/\/dev6.erresse-shop.it\/fr\/shop\/table-fr-2\/plats\/versace-home-prestige-gala-placeholder-30-cm\/","url":"https:\/\/dev6.erresse-shop.it\/fr\/shop\/table-fr-2\/plats\/versace-home-prestige-gala-placeholder-30-cm\/","name":"VERSACE HOME Prestige Gala Placeholder 30 cm - dev6 Erresse","isPartOf":{"@id":"https:\/\/dev6.erresse-shop.it\/#website"},"primaryImageOfPage":{"@id":"https:\/\/dev6.erresse-shop.it\/fr\/shop\/table-fr-2\/plats\/versace-home-prestige-gala-placeholder-30-cm\/#primaryimage"},"image":{"@id":"https:\/\/dev6.erresse-shop.it\/fr\/shop\/table-fr-2\/plats\/versace-home-prestige-gala-placeholder-30-cm\/#primaryimage"},"thumbnailUrl":"https:\/\/i1.wp.com\/interpim.erresse-shop.it\/wp-content\/uploads\/2024\/03\/VERSACE-HOME-Prestige-Gala-Segnaposto-30-cm.jpg\/versace-home-prestige-gala-segnaposto-30-cm.jpg?ssl=1","datePublished":"2026-04-12T08:26:11+00:00","description":"Les \u00e9l\u00e9ments baroques et le cadre grec sont les motifs dominants de la collection Prestige Gala. Dans ce type de d\u00e9coration, les couleurs sont fondues","breadcrumb":{"@id":"https:\/\/dev6.erresse-shop.it\/fr\/shop\/table-fr-2\/plats\/versace-home-prestige-gala-placeholder-30-cm\/#breadcrumb"},"inLanguage":"fr-FR","potentialAction":[{"@type":"ReadAction","target":["https:\/\/dev6.erresse-shop.it\/fr\/shop\/table-fr-2\/plats\/versace-home-prestige-gala-placeholder-30-cm\/"]}]},{"@type":"ImageObject","inLanguage":"fr-FR","@id":"https:\/\/dev6.erresse-shop.it\/fr\/shop\/table-fr-2\/plats\/versace-home-prestige-gala-placeholder-30-cm\/#primaryimage","url":"https:\/\/i1.wp.com\/interpim.erresse-shop.it\/wp-content\/uploads\/2024\/03\/VERSACE-HOME-Prestige-Gala-Segnaposto-30-cm.jpg\/versace-home-prestige-gala-segnaposto-30-cm.jpg?ssl=1","contentUrl":"https:\/\/i1.wp.com\/interpim.erresse-shop.it\/wp-content\/uploads\/2024\/03\/VERSACE-HOME-Prestige-Gala-Segnaposto-30-cm.jpg\/versace-home-prestige-gala-segnaposto-30-cm.jpg?ssl=1"},{"@type":"BreadcrumbList","@id":"https:\/\/dev6.erresse-shop.it\/fr\/shop\/table-fr-2\/plats\/versace-home-prestige-gala-placeholder-30-cm\/#breadcrumb","itemListElement":[{"@type":"ListItem","position":1,"name":"Home","item":"https:\/\/dev6.erresse-shop.it\/"},{"@type":"ListItem","position":2,"name":"Boutique","item":"https:\/\/dev6.erresse-shop.it\/shop\/"},{"@type":"ListItem","position":3,"name":"VERSACE HOME Prestige Gala Placeholder 30 cm"}]},{"@type":"WebSite","@id":"https:\/\/dev6.erresse-shop.it\/#website","url":"https:\/\/dev6.erresse-shop.it\/","name":"Erresse Shop","description":"","publisher":{"@id":"https:\/\/dev6.erresse-shop.it\/#organization"},"potentialAction":[{"@type":"SearchAction","target":{"@type":"EntryPoint","urlTemplate":"https:\/\/dev6.erresse-shop.it\/?s={search_term_string}"},"query-input":{"@type":"PropertyValueSpecification","valueRequired":true,"valueName":"search_term_string"}}],"inLanguage":"fr-FR"},{"@type":"Organization","@id":"https:\/\/dev6.erresse-shop.it\/#organization","name":"Erresse Shop","url":"https:\/\/dev6.erresse-shop.it\/","logo":{"@type":"ImageObject","inLanguage":"fr-FR","@id":"https:\/\/dev6.erresse-shop.it\/#\/schema\/logo\/image\/","url":"https:\/\/dev6.erresse-shop.it\/wp-content\/uploads\/2025\/01\/LOGO-ERRESSE-CLASSICO.svg","contentUrl":"https:\/\/dev6.erresse-shop.it\/wp-content\/uploads\/2025\/01\/LOGO-ERRESSE-CLASSICO.svg","caption":"Erresse Shop"},"image":{"@id":"https:\/\/dev6.erresse-shop.it\/#\/schema\/logo\/image\/"}}]}},"df_price":619,"df_sale_price":"","df_regular_price":619,"df_image_link":"https:\/\/i1.wp.com\/interpim.erresse-shop.it\/wp-content\/uploads\/2024\/03\/VERSACE-HOME-Prestige-Gala-Segnaposto-30-cm.jpg\/versace-home-prestige-gala-segnaposto-30-cm.jpg?resize=300,300&ssl=1","fifu_image_url":"https:\/\/interpim.erresse-shop.it\/wp-content\/uploads\/2024\/03\/VERSACE-HOME-Prestige-Gala-Segnaposto-30-cm.jpg\/versace-home-prestige-gala-segnaposto-30-cm.jpg","_links":{"self":[{"href":"https:\/\/dev6.erresse-shop.it\/fr\/wp-json\/wp\/v2\/product\/63142","targetHints":{"allow":["GET"]}}],"collection":[{"href":"https:\/\/dev6.erresse-shop.it\/fr\/wp-json\/wp\/v2\/product"}],"about":[{"href":"https:\/\/dev6.erresse-shop.it\/fr\/wp-json\/wp\/v2\/types\/product"}],"wp:featuredmedia":[{"embeddable":true,"href":"https:\/\/dev6.erresse-shop.it\/fr\/wp-json\/wp\/v2\/media\/6366110"}],"wp:attachment":[{"href":"https:\/\/dev6.erresse-shop.it\/fr\/wp-json\/wp\/v2\/media?parent=63142"}],"wp:term":[{"taxonomy":"product_cat","embeddable":true,"href":"https:\/\/dev6.erresse-shop.it\/fr\/wp-json\/wp\/v2\/product_cat?post=63142"},{"taxonomy":"product_tag","embeddable":true,"href":"https:\/\/dev6.erresse-shop.it\/fr\/wp-json\/wp\/v2\/product_tag?post=63142"}],"curies":[{"name":"wp","href":"https:\/\/api.w.org\/{rel}","templated":true}]}}