{"id":63118,"date":"2026-04-12T10:24:28","date_gmt":"2026-04-12T08:24:28","guid":{"rendered":"https:\/\/dev6.erresse-shop.it\/shop\/non%20class\u00e9\/versace-home-medusa-rehausseur-de-centre-de-table-33-cm\/"},"modified":"2025-07-04T17:33:38","modified_gmt":"2025-07-04T15:33:38","slug":"versace-home-medusa-rehausseur-de-centre-de-table-33-cm","status":"publish","type":"product","link":"https:\/\/dev6.erresse-shop.it\/fr\/shop\/table-fr-2\/presentoirs-a-gateau\/versace-home-medusa-rehausseur-de-centre-de-table-33-cm\/","title":{"rendered":"VERSACE HOME Medusa Rehausseur de centre de table 33 cm"},"content":{"rendered":"<p>Le rouge \u00e9l\u00e9gant, l\u2019or noble et le noir se combinent pour former un motif raffin\u00e9 qui vous ram\u00e8ne \u00e0 une \u00e9poque fascinante et opulente. La t\u00eate de M\u00e9duse, symbole de la collection Versace, fait de ce service un classique. L\u2019univers de Versace fait entrer les accents raffin\u00e9s dans l\u2019\u00e8re moderne. . Collection : Ikarus Taille : 33 cm Diam\u00e8tre : 33,0 cm Mat\u00e9riau : Porcelaine Marque : Rosenthal meets Versace Designer : Versace \u00c9l\u00e9ment : 19300-409605-12845 D\u00e9coration : Medusa.<\/p>\n<p>Mod\u00e8le: MEDUSA<\/p>\n<p>Couleur: ROUGE<\/p>\n<p>Mati\u00e8re: Porcelaine<\/p>\n<p>Autre: Pas de lave-vaisselle<\/p>\n<p>POUR DES RAISONS DE S\u00c9CURIT\u00c9, \u00c9TANT DONN\u00c9 QU\u2019IL S\u2019AGIT D\u2019UN PRODUIT DE LUXE, LE D\u00c9LAI D\u2019EXP\u00c9DITION PEUT PRENDRE DEUX JOURS SUPPL\u00c9MENTAIRES.<\/p>\n","protected":false},"excerpt":{"rendered":"<p>Le rouge \u00e9l\u00e9gant, l\u2019or noble et le noir se combinent pour former un motif raffin\u00e9 qui vous ram\u00e8ne \u00e0 une \u00e9poque fascinante et opulente. La t\u00eate de M\u00e9duse, symbole de la collection Versace, fait de ce service un classique. L\u2019univers de Versace fait entrer les accents raffin\u00e9s dans l\u2019\u00e8re moderne. . Collection : Ikarus Taille [&hellip;]<\/p>\n","protected":false},"featured_media":6366092,"template":"","meta":{"_acf_changed":false},"product_cat":[11693,11990,12021,12017,11995],"product_tag":[],"class_list":{"0":"post-63118","1":"product","2":"type-product","3":"status-publish","4":"has-post-thumbnail","6":"product_cat-alzate","7":"product_cat-ameublement-maison","8":"product_cat-objets-de-decoration","9":"product_cat-presentoirs-a-gateau","10":"product_cat-table-fr-2","12":"first","13":"instock","14":"taxable","15":"shipping-taxable","16":"purchasable","17":"product-type-simple","swatches":"rey-swatches","show_selected":"","stretch_labels":"rey-swatches--stretch-labels"},"acf":[],"yoast_head":"<!-- This site is optimized with the Yoast SEO plugin v25.4 - https:\/\/yoast.com\/wordpress\/plugins\/seo\/ -->\n<title>VERSACE HOME Medusa Rehausseur de centre de table 33 cm - dev6 Erresse<\/title>\n<meta name=\"description\" content=\"Le rouge \u00e9l\u00e9gant, l\u2019or noble et le noir se combinent pour former un motif raffin\u00e9 qui vous ram\u00e8ne \u00e0 une \u00e9poque fascinante et opulente. La t\u00eate de M\u00e9duse,\" \/>\n<meta name=\"robots\" content=\"noindex, follow, max-snippet:-1, max-image-preview:large, max-video-preview:-1\" \/>\n<meta property=\"og:locale\" content=\"fr_FR\" \/>\n<meta property=\"og:type\" content=\"article\" \/>\n<meta property=\"og:title\" content=\"VERSACE HOME Medusa Rehausseur de centre de table 33 cm - dev6 Erresse\" \/>\n<meta property=\"og:description\" content=\"Le rouge \u00e9l\u00e9gant, l\u2019or noble et le noir se combinent pour former un motif raffin\u00e9 qui vous ram\u00e8ne \u00e0 une \u00e9poque fascinante et opulente. La t\u00eate de M\u00e9duse,\" \/>\n<meta property=\"og:url\" content=\"https:\/\/dev6.erresse-shop.it\/fr\/shop\/table-fr-2\/presentoirs-a-gateau\/versace-home-medusa-rehausseur-de-centre-de-table-33-cm\/\" \/>\n<meta property=\"og:site_name\" content=\"dev6 Erresse\" \/>\n<meta property=\"og:image\" content=\"https:\/\/interpim.erresse-shop.it\/img-catalogo\/versace\/versace-vassoio-19300-409605-12845.jpg\" \/><meta property=\"og:image\" content=\"https:\/\/interpim.erresse-shop.it\/img-catalogo\/versace\/versace-vassoio-19300-409605-12845.jpg\" \/>\n\t<meta property=\"og:image:width\" content=\"1024\" \/>\n\t<meta property=\"og:image:height\" content=\"1024\" \/>\n\t<meta property=\"og:image:type\" content=\"image\/jpeg\" \/>\n<meta name=\"twitter:card\" content=\"summary_large_image\" \/>\n<meta name=\"twitter:image\" content=\"https:\/\/interpim.erresse-shop.it\/img-catalogo\/versace\/versace-vassoio-19300-409605-12845.jpg\" \/>\n<script type=\"application\/ld+json\" class=\"yoast-schema-graph\">{\"@context\":\"https:\/\/schema.org\",\"@graph\":[{\"@type\":\"WebPage\",\"@id\":\"https:\/\/dev6.erresse-shop.it\/fr\/shop\/table-fr-2\/presentoirs-a-gateau\/versace-home-medusa-rehausseur-de-centre-de-table-33-cm\/\",\"url\":\"https:\/\/dev6.erresse-shop.it\/fr\/shop\/table-fr-2\/presentoirs-a-gateau\/versace-home-medusa-rehausseur-de-centre-de-table-33-cm\/\",\"name\":\"VERSACE HOME Medusa Rehausseur de centre de table 33 cm - dev6 Erresse\",\"isPartOf\":{\"@id\":\"https:\/\/dev6.erresse-shop.it\/#website\"},\"primaryImageOfPage\":{\"@id\":\"https:\/\/dev6.erresse-shop.it\/fr\/shop\/table-fr-2\/presentoirs-a-gateau\/versace-home-medusa-rehausseur-de-centre-de-table-33-cm\/#primaryimage\"},\"image\":{\"@id\":\"https:\/\/dev6.erresse-shop.it\/fr\/shop\/table-fr-2\/presentoirs-a-gateau\/versace-home-medusa-rehausseur-de-centre-de-table-33-cm\/#primaryimage\"},\"thumbnailUrl\":\"https:\/\/i2.wp.com\/interpim.erresse-shop.it\/img-catalogo\/versace\/versace-vassoio-19300-409605-12845.jpg?ssl=1\",\"datePublished\":\"2026-04-12T08:24:28+00:00\",\"description\":\"Le rouge \u00e9l\u00e9gant, l\u2019or noble et le noir se combinent pour former un motif raffin\u00e9 qui vous ram\u00e8ne \u00e0 une \u00e9poque fascinante et opulente. La t\u00eate de M\u00e9duse,\",\"breadcrumb\":{\"@id\":\"https:\/\/dev6.erresse-shop.it\/fr\/shop\/table-fr-2\/presentoirs-a-gateau\/versace-home-medusa-rehausseur-de-centre-de-table-33-cm\/#breadcrumb\"},\"inLanguage\":\"fr-FR\",\"potentialAction\":[{\"@type\":\"ReadAction\",\"target\":[\"https:\/\/dev6.erresse-shop.it\/fr\/shop\/table-fr-2\/presentoirs-a-gateau\/versace-home-medusa-rehausseur-de-centre-de-table-33-cm\/\"]}]},{\"@type\":\"ImageObject\",\"inLanguage\":\"fr-FR\",\"@id\":\"https:\/\/dev6.erresse-shop.it\/fr\/shop\/table-fr-2\/presentoirs-a-gateau\/versace-home-medusa-rehausseur-de-centre-de-table-33-cm\/#primaryimage\",\"url\":\"https:\/\/i2.wp.com\/interpim.erresse-shop.it\/img-catalogo\/versace\/versace-vassoio-19300-409605-12845.jpg?ssl=1\",\"contentUrl\":\"https:\/\/i2.wp.com\/interpim.erresse-shop.it\/img-catalogo\/versace\/versace-vassoio-19300-409605-12845.jpg?ssl=1\"},{\"@type\":\"BreadcrumbList\",\"@id\":\"https:\/\/dev6.erresse-shop.it\/fr\/shop\/table-fr-2\/presentoirs-a-gateau\/versace-home-medusa-rehausseur-de-centre-de-table-33-cm\/#breadcrumb\",\"itemListElement\":[{\"@type\":\"ListItem\",\"position\":1,\"name\":\"Home\",\"item\":\"https:\/\/dev6.erresse-shop.it\/\"},{\"@type\":\"ListItem\",\"position\":2,\"name\":\"Boutique\",\"item\":\"https:\/\/dev6.erresse-shop.it\/shop\/\"},{\"@type\":\"ListItem\",\"position\":3,\"name\":\"VERSACE HOME Medusa Rehausseur de centre de table 33 cm\"}]},{\"@type\":\"WebSite\",\"@id\":\"https:\/\/dev6.erresse-shop.it\/#website\",\"url\":\"https:\/\/dev6.erresse-shop.it\/\",\"name\":\"Erresse Shop\",\"description\":\"\",\"publisher\":{\"@id\":\"https:\/\/dev6.erresse-shop.it\/#organization\"},\"potentialAction\":[{\"@type\":\"SearchAction\",\"target\":{\"@type\":\"EntryPoint\",\"urlTemplate\":\"https:\/\/dev6.erresse-shop.it\/?s={search_term_string}\"},\"query-input\":{\"@type\":\"PropertyValueSpecification\",\"valueRequired\":true,\"valueName\":\"search_term_string\"}}],\"inLanguage\":\"fr-FR\"},{\"@type\":\"Organization\",\"@id\":\"https:\/\/dev6.erresse-shop.it\/#organization\",\"name\":\"Erresse Shop\",\"url\":\"https:\/\/dev6.erresse-shop.it\/\",\"logo\":{\"@type\":\"ImageObject\",\"inLanguage\":\"fr-FR\",\"@id\":\"https:\/\/dev6.erresse-shop.it\/#\/schema\/logo\/image\/\",\"url\":\"https:\/\/dev6.erresse-shop.it\/wp-content\/uploads\/2025\/01\/LOGO-ERRESSE-CLASSICO.svg\",\"contentUrl\":\"https:\/\/dev6.erresse-shop.it\/wp-content\/uploads\/2025\/01\/LOGO-ERRESSE-CLASSICO.svg\",\"caption\":\"Erresse Shop\"},\"image\":{\"@id\":\"https:\/\/dev6.erresse-shop.it\/#\/schema\/logo\/image\/\"}}]}<\/script>\n<!-- \/ Yoast SEO plugin. -->","yoast_head_json":{"title":"VERSACE HOME Medusa Rehausseur de centre de table 33 cm - dev6 Erresse","description":"Le rouge \u00e9l\u00e9gant, l\u2019or noble et le noir se combinent pour former un motif raffin\u00e9 qui vous ram\u00e8ne \u00e0 une \u00e9poque fascinante et opulente. La t\u00eate de M\u00e9duse,","robots":{"index":"noindex","follow":"follow","max-snippet":"max-snippet:-1","max-image-preview":"max-image-preview:large","max-video-preview":"max-video-preview:-1"},"og_locale":"fr_FR","og_type":"article","og_title":"VERSACE HOME Medusa Rehausseur de centre de table 33 cm - dev6 Erresse","og_description":"Le rouge \u00e9l\u00e9gant, l\u2019or noble et le noir se combinent pour former un motif raffin\u00e9 qui vous ram\u00e8ne \u00e0 une \u00e9poque fascinante et opulente. La t\u00eate de M\u00e9duse,","og_url":"https:\/\/dev6.erresse-shop.it\/fr\/shop\/table-fr-2\/presentoirs-a-gateau\/versace-home-medusa-rehausseur-de-centre-de-table-33-cm\/","og_site_name":"dev6 Erresse","og_image":[{"url":"https:\/\/interpim.erresse-shop.it\/img-catalogo\/versace\/versace-vassoio-19300-409605-12845.jpg","type":"","width":"","height":""},{"url":"https:\/\/interpim.erresse-shop.it\/img-catalogo\/versace\/versace-vassoio-19300-409605-12845.jpg","width":1024,"height":1024,"type":"image\/jpeg"}],"twitter_card":"summary_large_image","twitter_image":"https:\/\/interpim.erresse-shop.it\/img-catalogo\/versace\/versace-vassoio-19300-409605-12845.jpg","schema":{"@context":"https:\/\/schema.org","@graph":[{"@type":"WebPage","@id":"https:\/\/dev6.erresse-shop.it\/fr\/shop\/table-fr-2\/presentoirs-a-gateau\/versace-home-medusa-rehausseur-de-centre-de-table-33-cm\/","url":"https:\/\/dev6.erresse-shop.it\/fr\/shop\/table-fr-2\/presentoirs-a-gateau\/versace-home-medusa-rehausseur-de-centre-de-table-33-cm\/","name":"VERSACE HOME Medusa Rehausseur de centre de table 33 cm - dev6 Erresse","isPartOf":{"@id":"https:\/\/dev6.erresse-shop.it\/#website"},"primaryImageOfPage":{"@id":"https:\/\/dev6.erresse-shop.it\/fr\/shop\/table-fr-2\/presentoirs-a-gateau\/versace-home-medusa-rehausseur-de-centre-de-table-33-cm\/#primaryimage"},"image":{"@id":"https:\/\/dev6.erresse-shop.it\/fr\/shop\/table-fr-2\/presentoirs-a-gateau\/versace-home-medusa-rehausseur-de-centre-de-table-33-cm\/#primaryimage"},"thumbnailUrl":"https:\/\/i2.wp.com\/interpim.erresse-shop.it\/img-catalogo\/versace\/versace-vassoio-19300-409605-12845.jpg?ssl=1","datePublished":"2026-04-12T08:24:28+00:00","description":"Le rouge \u00e9l\u00e9gant, l\u2019or noble et le noir se combinent pour former un motif raffin\u00e9 qui vous ram\u00e8ne \u00e0 une \u00e9poque fascinante et opulente. La t\u00eate de M\u00e9duse,","breadcrumb":{"@id":"https:\/\/dev6.erresse-shop.it\/fr\/shop\/table-fr-2\/presentoirs-a-gateau\/versace-home-medusa-rehausseur-de-centre-de-table-33-cm\/#breadcrumb"},"inLanguage":"fr-FR","potentialAction":[{"@type":"ReadAction","target":["https:\/\/dev6.erresse-shop.it\/fr\/shop\/table-fr-2\/presentoirs-a-gateau\/versace-home-medusa-rehausseur-de-centre-de-table-33-cm\/"]}]},{"@type":"ImageObject","inLanguage":"fr-FR","@id":"https:\/\/dev6.erresse-shop.it\/fr\/shop\/table-fr-2\/presentoirs-a-gateau\/versace-home-medusa-rehausseur-de-centre-de-table-33-cm\/#primaryimage","url":"https:\/\/i2.wp.com\/interpim.erresse-shop.it\/img-catalogo\/versace\/versace-vassoio-19300-409605-12845.jpg?ssl=1","contentUrl":"https:\/\/i2.wp.com\/interpim.erresse-shop.it\/img-catalogo\/versace\/versace-vassoio-19300-409605-12845.jpg?ssl=1"},{"@type":"BreadcrumbList","@id":"https:\/\/dev6.erresse-shop.it\/fr\/shop\/table-fr-2\/presentoirs-a-gateau\/versace-home-medusa-rehausseur-de-centre-de-table-33-cm\/#breadcrumb","itemListElement":[{"@type":"ListItem","position":1,"name":"Home","item":"https:\/\/dev6.erresse-shop.it\/"},{"@type":"ListItem","position":2,"name":"Boutique","item":"https:\/\/dev6.erresse-shop.it\/shop\/"},{"@type":"ListItem","position":3,"name":"VERSACE HOME Medusa Rehausseur de centre de table 33 cm"}]},{"@type":"WebSite","@id":"https:\/\/dev6.erresse-shop.it\/#website","url":"https:\/\/dev6.erresse-shop.it\/","name":"Erresse Shop","description":"","publisher":{"@id":"https:\/\/dev6.erresse-shop.it\/#organization"},"potentialAction":[{"@type":"SearchAction","target":{"@type":"EntryPoint","urlTemplate":"https:\/\/dev6.erresse-shop.it\/?s={search_term_string}"},"query-input":{"@type":"PropertyValueSpecification","valueRequired":true,"valueName":"search_term_string"}}],"inLanguage":"fr-FR"},{"@type":"Organization","@id":"https:\/\/dev6.erresse-shop.it\/#organization","name":"Erresse Shop","url":"https:\/\/dev6.erresse-shop.it\/","logo":{"@type":"ImageObject","inLanguage":"fr-FR","@id":"https:\/\/dev6.erresse-shop.it\/#\/schema\/logo\/image\/","url":"https:\/\/dev6.erresse-shop.it\/wp-content\/uploads\/2025\/01\/LOGO-ERRESSE-CLASSICO.svg","contentUrl":"https:\/\/dev6.erresse-shop.it\/wp-content\/uploads\/2025\/01\/LOGO-ERRESSE-CLASSICO.svg","caption":"Erresse Shop"},"image":{"@id":"https:\/\/dev6.erresse-shop.it\/#\/schema\/logo\/image\/"}}]}},"df_price":530,"df_sale_price":"","df_regular_price":530,"df_image_link":"https:\/\/i2.wp.com\/interpim.erresse-shop.it\/img-catalogo\/versace\/versace-vassoio-19300-409605-12845.jpg?resize=300,300&ssl=1","fifu_image_url":"https:\/\/interpim.erresse-shop.it\/img-catalogo\/versace\/versace-vassoio-19300-409605-12845.jpg","_links":{"self":[{"href":"https:\/\/dev6.erresse-shop.it\/fr\/wp-json\/wp\/v2\/product\/63118","targetHints":{"allow":["GET"]}}],"collection":[{"href":"https:\/\/dev6.erresse-shop.it\/fr\/wp-json\/wp\/v2\/product"}],"about":[{"href":"https:\/\/dev6.erresse-shop.it\/fr\/wp-json\/wp\/v2\/types\/product"}],"wp:featuredmedia":[{"embeddable":true,"href":"https:\/\/dev6.erresse-shop.it\/fr\/wp-json\/wp\/v2\/media\/6366092"}],"wp:attachment":[{"href":"https:\/\/dev6.erresse-shop.it\/fr\/wp-json\/wp\/v2\/media?parent=63118"}],"wp:term":[{"taxonomy":"product_cat","embeddable":true,"href":"https:\/\/dev6.erresse-shop.it\/fr\/wp-json\/wp\/v2\/product_cat?post=63118"},{"taxonomy":"product_tag","embeddable":true,"href":"https:\/\/dev6.erresse-shop.it\/fr\/wp-json\/wp\/v2\/product_tag?post=63118"}],"curies":[{"name":"wp","href":"https:\/\/api.w.org\/{rel}","templated":true}]}}