{"id":63076,"date":"2026-04-04T10:20:07","date_gmt":"2026-04-04T08:20:07","guid":{"rendered":"https:\/\/dev6.erresse-shop.it\/shop\/non%20class\u00e9\/emile-henry-feu-doux-tajine-32-cm-bleu-flamme\/"},"modified":"2025-09-14T05:15:54","modified_gmt":"2025-09-14T03:15:54","slug":"emile-henry-feu-doux-tajine-32-cm-bleu-flamme","status":"publish","type":"product","link":"https:\/\/dev6.erresse-shop.it\/fr\/shop\/poeles-pots\/tajine\/emile-henry-feu-doux-tajine-32-cm-bleu-flamme\/","title":{"rendered":"EMILE HENRY Feu Doux Tajine 32 cm Bleu flamme"},"content":{"rendered":"<p>Le Tajine \u00e0 flamme en c\u00e9ramique bleue vous permet de pr\u00e9parer de d\u00e9licieuses recettes de tajine et d\u2019autres plats bouillis sur la cuisini\u00e8re ou au four. Il s\u2019utilise sur des plaques de cuisson \u00e0 gaz, \u00e9lectriques ou halog\u00e8nes (avec un disque relais pour l\u2019induction) et au four.<br \/>\nLa flamme en c\u00e9ramique est sp\u00e9cialement con\u00e7ue pour faire mijoter les saveurs en douceur.<br \/>\nLa forme du couvercle est unique : elle permet \u00e0 la vapeur de circuler pendant la cuisson, pour un r\u00e9sultat moelleux et tendre, concentr\u00e9 de saveurs. Les lignes \u00e9pur\u00e9es de son couvercle conique et de sa base g\u00e9n\u00e9reuse assurent un service de table \u00e9l\u00e9gant et color\u00e9 pour sublimer toutes les recettes, qu\u2019elles soient exotiques ou plus traditionnelles.<\/p>\n<p>Avec son \u00e9mail naturel, elle est facile \u00e0 nettoyer et passe au lave-vaisselle.<br \/>\nSa taille est id\u00e9ale pour 6 \u00e0 10 personnes.<br \/>\nTous les produits Emile Henry sont fabriqu\u00e9s en France et garantis 10 ans.<\/p>\n<p>La c\u00e9ramique Flame est une autre exclusivit\u00e9 Emile Henry, une c\u00e9ramique qui diffuse la chaleur encore plus intens\u00e9ment et qui est donc le choix id\u00e9al pour toutes les cuissons mijot\u00e9es. C\u2019est pourquoi Emile Henry a con\u00e7u une s\u00e9rie de tajines, adapt\u00e9s pr\u00e9cis\u00e9ment \u00e0 ce type de cuisson. Gr\u00e2ce \u00e0 ce tajine \u00e9quip\u00e9 d\u2019un couvercle, il est possible de cuire les aliments en exploitant la puissance de la chaleur et en pr\u00e9servant au mieux leur saveur et leurs nutriments.<\/p>\n<p>Caract\u00e9ristiques:<\/p>\n<p>R\u00e9sistant aux rayures et aux chocs<br \/>\nR\u00e9siste au lave-vaisselle<br \/>\nPr\u00e9paration pour 6 \u00e0 10 personnes<br \/>\nCuisson directe au gaz, \u00e0 la vitroc\u00e9ramique, \u00e0 l\u2019halog\u00e8ne, sur les plaques de cuisson \u00e9lectriques et \u00e0 induction, au four et au micro-ondes<br \/>\nC\u00e9ramique \u00e0 flamme sans plomb, cadmium ni nickel<br \/>\nTemp\u00e9rature maximale 450\u00b0C<br \/>\nTemp\u00e9rature minimale -20<br \/>\nGarantie de 10 ans<br \/>\nCapacit\u00e9 utile : 3 litres<br \/>\nVolume total : 5 litres<br \/>\nDimensions : diam\u00e8tre \u00d8 32 x 23 h cm, hauteur int\u00e9rieure de 7 cm, diam\u00e8tre int\u00e9rieur de 28,5 cm<br \/>\nPoids : 3,5 kg<\/p>\n<p>Fabriqu\u00e9 en France<\/p>\n","protected":false},"excerpt":{"rendered":"<p>Le Tajine \u00e0 flamme en c\u00e9ramique bleue vous permet de pr\u00e9parer de d\u00e9licieuses recettes de tajine et d\u2019autres plats bouillis sur la cuisini\u00e8re ou au four. Il s\u2019utilise sur des plaques de cuisson \u00e0 gaz, \u00e9lectriques ou halog\u00e8nes (avec un disque relais pour l\u2019induction) et au four. La flamme en c\u00e9ramique est sp\u00e9cialement con\u00e7ue pour [&hellip;]<\/p>\n","protected":false},"featured_media":6282774,"template":"","meta":{"_acf_changed":false},"product_cat":[11667,11991,11701,12025],"product_tag":[],"class_list":{"0":"post-63076","1":"product","2":"type-product","3":"status-publish","4":"has-post-thumbnail","6":"product_cat-padelle-pentole","7":"product_cat-poeles-pots","8":"product_cat-tajine","11":"first","12":"instock","13":"sale","14":"taxable","15":"shipping-taxable","16":"purchasable","17":"product-type-simple","swatches":"rey-swatches","show_selected":"","stretch_labels":"rey-swatches--stretch-labels"},"acf":[],"yoast_head":"<!-- This site is optimized with the Yoast SEO plugin v25.4 - https:\/\/yoast.com\/wordpress\/plugins\/seo\/ -->\n<title>EMILE HENRY Feu Doux Tajine 32 cm Bleu flamme - dev6 Erresse<\/title>\n<meta name=\"description\" content=\"Le Tajine \u00e0 flamme en c\u00e9ramique bleue vous permet de pr\u00e9parer de d\u00e9licieuses recettes de tajine et d\u2019autres plats bouillis sur la cuisini\u00e8re ou au four.\" \/>\n<meta name=\"robots\" content=\"noindex, follow, max-snippet:-1, max-image-preview:large, max-video-preview:-1\" \/>\n<meta property=\"og:locale\" content=\"fr_FR\" \/>\n<meta property=\"og:type\" content=\"article\" \/>\n<meta property=\"og:title\" content=\"EMILE HENRY Feu Doux Tajine 32 cm Bleu flamme - dev6 Erresse\" \/>\n<meta property=\"og:description\" content=\"Le Tajine \u00e0 flamme en c\u00e9ramique bleue vous permet de pr\u00e9parer de d\u00e9licieuses recettes de tajine et d\u2019autres plats bouillis sur la cuisini\u00e8re ou au four.\" \/>\n<meta property=\"og:url\" content=\"https:\/\/dev6.erresse-shop.it\/fr\/shop\/poeles-pots\/tajine\/emile-henry-feu-doux-tajine-32-cm-bleu-flamme\/\" \/>\n<meta property=\"og:site_name\" content=\"dev6 Erresse\" \/>\n<meta property=\"og:image\" content=\"https:\/\/interpim.erresse-shop.it\/Import\/Prodotti\/emile-henry-tajine-32-cm.jpg\" \/><meta property=\"og:image\" content=\"https:\/\/interpim.erresse-shop.it\/Import\/Prodotti\/emile-henry-tajine-32-cm.jpg\" \/>\n\t<meta property=\"og:image:width\" content=\"1024\" \/>\n\t<meta property=\"og:image:height\" content=\"1024\" \/>\n\t<meta property=\"og:image:type\" content=\"image\/jpeg\" \/>\n<meta name=\"twitter:card\" content=\"summary_large_image\" \/>\n<meta name=\"twitter:image\" content=\"https:\/\/interpim.erresse-shop.it\/Import\/Prodotti\/emile-henry-tajine-32-cm.jpg\" \/>\n<script type=\"application\/ld+json\" class=\"yoast-schema-graph\">{\"@context\":\"https:\/\/schema.org\",\"@graph\":[{\"@type\":\"WebPage\",\"@id\":\"https:\/\/dev6.erresse-shop.it\/fr\/shop\/poeles-pots\/tajine\/emile-henry-feu-doux-tajine-32-cm-bleu-flamme\/\",\"url\":\"https:\/\/dev6.erresse-shop.it\/fr\/shop\/poeles-pots\/tajine\/emile-henry-feu-doux-tajine-32-cm-bleu-flamme\/\",\"name\":\"EMILE HENRY Feu Doux Tajine 32 cm Bleu flamme - dev6 Erresse\",\"isPartOf\":{\"@id\":\"https:\/\/dev6.erresse-shop.it\/#website\"},\"primaryImageOfPage\":{\"@id\":\"https:\/\/dev6.erresse-shop.it\/fr\/shop\/poeles-pots\/tajine\/emile-henry-feu-doux-tajine-32-cm-bleu-flamme\/#primaryimage\"},\"image\":{\"@id\":\"https:\/\/dev6.erresse-shop.it\/fr\/shop\/poeles-pots\/tajine\/emile-henry-feu-doux-tajine-32-cm-bleu-flamme\/#primaryimage\"},\"thumbnailUrl\":\"https:\/\/i2.wp.com\/interpim.erresse-shop.it\/Import\/Prodotti\/emile-henry-tajine-32-cm.jpg?ssl=1\",\"datePublished\":\"2026-04-04T08:20:07+00:00\",\"description\":\"Le Tajine \u00e0 flamme en c\u00e9ramique bleue vous permet de pr\u00e9parer de d\u00e9licieuses recettes de tajine et d\u2019autres plats bouillis sur la cuisini\u00e8re ou au four.\",\"breadcrumb\":{\"@id\":\"https:\/\/dev6.erresse-shop.it\/fr\/shop\/poeles-pots\/tajine\/emile-henry-feu-doux-tajine-32-cm-bleu-flamme\/#breadcrumb\"},\"inLanguage\":\"fr-FR\",\"potentialAction\":[{\"@type\":\"ReadAction\",\"target\":[\"https:\/\/dev6.erresse-shop.it\/fr\/shop\/poeles-pots\/tajine\/emile-henry-feu-doux-tajine-32-cm-bleu-flamme\/\"]}]},{\"@type\":\"ImageObject\",\"inLanguage\":\"fr-FR\",\"@id\":\"https:\/\/dev6.erresse-shop.it\/fr\/shop\/poeles-pots\/tajine\/emile-henry-feu-doux-tajine-32-cm-bleu-flamme\/#primaryimage\",\"url\":\"https:\/\/i2.wp.com\/interpim.erresse-shop.it\/Import\/Prodotti\/emile-henry-tajine-32-cm.jpg?ssl=1\",\"contentUrl\":\"https:\/\/i2.wp.com\/interpim.erresse-shop.it\/Import\/Prodotti\/emile-henry-tajine-32-cm.jpg?ssl=1\"},{\"@type\":\"BreadcrumbList\",\"@id\":\"https:\/\/dev6.erresse-shop.it\/fr\/shop\/poeles-pots\/tajine\/emile-henry-feu-doux-tajine-32-cm-bleu-flamme\/#breadcrumb\",\"itemListElement\":[{\"@type\":\"ListItem\",\"position\":1,\"name\":\"Home\",\"item\":\"https:\/\/dev6.erresse-shop.it\/\"},{\"@type\":\"ListItem\",\"position\":2,\"name\":\"Boutique\",\"item\":\"https:\/\/dev6.erresse-shop.it\/shop\/\"},{\"@type\":\"ListItem\",\"position\":3,\"name\":\"EMILE HENRY Feu Doux Tajine 32 cm Bleu flamme\"}]},{\"@type\":\"WebSite\",\"@id\":\"https:\/\/dev6.erresse-shop.it\/#website\",\"url\":\"https:\/\/dev6.erresse-shop.it\/\",\"name\":\"Erresse Shop\",\"description\":\"\",\"publisher\":{\"@id\":\"https:\/\/dev6.erresse-shop.it\/#organization\"},\"potentialAction\":[{\"@type\":\"SearchAction\",\"target\":{\"@type\":\"EntryPoint\",\"urlTemplate\":\"https:\/\/dev6.erresse-shop.it\/?s={search_term_string}\"},\"query-input\":{\"@type\":\"PropertyValueSpecification\",\"valueRequired\":true,\"valueName\":\"search_term_string\"}}],\"inLanguage\":\"fr-FR\"},{\"@type\":\"Organization\",\"@id\":\"https:\/\/dev6.erresse-shop.it\/#organization\",\"name\":\"Erresse Shop\",\"url\":\"https:\/\/dev6.erresse-shop.it\/\",\"logo\":{\"@type\":\"ImageObject\",\"inLanguage\":\"fr-FR\",\"@id\":\"https:\/\/dev6.erresse-shop.it\/#\/schema\/logo\/image\/\",\"url\":\"https:\/\/dev6.erresse-shop.it\/wp-content\/uploads\/2025\/01\/LOGO-ERRESSE-CLASSICO.svg\",\"contentUrl\":\"https:\/\/dev6.erresse-shop.it\/wp-content\/uploads\/2025\/01\/LOGO-ERRESSE-CLASSICO.svg\",\"caption\":\"Erresse Shop\"},\"image\":{\"@id\":\"https:\/\/dev6.erresse-shop.it\/#\/schema\/logo\/image\/\"}}]}<\/script>\n<!-- \/ Yoast SEO plugin. -->","yoast_head_json":{"title":"EMILE HENRY Feu Doux Tajine 32 cm Bleu flamme - dev6 Erresse","description":"Le Tajine \u00e0 flamme en c\u00e9ramique bleue vous permet de pr\u00e9parer de d\u00e9licieuses recettes de tajine et d\u2019autres plats bouillis sur la cuisini\u00e8re ou au four.","robots":{"index":"noindex","follow":"follow","max-snippet":"max-snippet:-1","max-image-preview":"max-image-preview:large","max-video-preview":"max-video-preview:-1"},"og_locale":"fr_FR","og_type":"article","og_title":"EMILE HENRY Feu Doux Tajine 32 cm Bleu flamme - dev6 Erresse","og_description":"Le Tajine \u00e0 flamme en c\u00e9ramique bleue vous permet de pr\u00e9parer de d\u00e9licieuses recettes de tajine et d\u2019autres plats bouillis sur la cuisini\u00e8re ou au four.","og_url":"https:\/\/dev6.erresse-shop.it\/fr\/shop\/poeles-pots\/tajine\/emile-henry-feu-doux-tajine-32-cm-bleu-flamme\/","og_site_name":"dev6 Erresse","og_image":[{"url":"https:\/\/interpim.erresse-shop.it\/Import\/Prodotti\/emile-henry-tajine-32-cm.jpg","type":"","width":"","height":""},{"url":"https:\/\/interpim.erresse-shop.it\/Import\/Prodotti\/emile-henry-tajine-32-cm.jpg","width":1024,"height":1024,"type":"image\/jpeg"}],"twitter_card":"summary_large_image","twitter_image":"https:\/\/interpim.erresse-shop.it\/Import\/Prodotti\/emile-henry-tajine-32-cm.jpg","schema":{"@context":"https:\/\/schema.org","@graph":[{"@type":"WebPage","@id":"https:\/\/dev6.erresse-shop.it\/fr\/shop\/poeles-pots\/tajine\/emile-henry-feu-doux-tajine-32-cm-bleu-flamme\/","url":"https:\/\/dev6.erresse-shop.it\/fr\/shop\/poeles-pots\/tajine\/emile-henry-feu-doux-tajine-32-cm-bleu-flamme\/","name":"EMILE HENRY Feu Doux Tajine 32 cm Bleu flamme - dev6 Erresse","isPartOf":{"@id":"https:\/\/dev6.erresse-shop.it\/#website"},"primaryImageOfPage":{"@id":"https:\/\/dev6.erresse-shop.it\/fr\/shop\/poeles-pots\/tajine\/emile-henry-feu-doux-tajine-32-cm-bleu-flamme\/#primaryimage"},"image":{"@id":"https:\/\/dev6.erresse-shop.it\/fr\/shop\/poeles-pots\/tajine\/emile-henry-feu-doux-tajine-32-cm-bleu-flamme\/#primaryimage"},"thumbnailUrl":"https:\/\/i2.wp.com\/interpim.erresse-shop.it\/Import\/Prodotti\/emile-henry-tajine-32-cm.jpg?ssl=1","datePublished":"2026-04-04T08:20:07+00:00","description":"Le Tajine \u00e0 flamme en c\u00e9ramique bleue vous permet de pr\u00e9parer de d\u00e9licieuses recettes de tajine et d\u2019autres plats bouillis sur la cuisini\u00e8re ou au four.","breadcrumb":{"@id":"https:\/\/dev6.erresse-shop.it\/fr\/shop\/poeles-pots\/tajine\/emile-henry-feu-doux-tajine-32-cm-bleu-flamme\/#breadcrumb"},"inLanguage":"fr-FR","potentialAction":[{"@type":"ReadAction","target":["https:\/\/dev6.erresse-shop.it\/fr\/shop\/poeles-pots\/tajine\/emile-henry-feu-doux-tajine-32-cm-bleu-flamme\/"]}]},{"@type":"ImageObject","inLanguage":"fr-FR","@id":"https:\/\/dev6.erresse-shop.it\/fr\/shop\/poeles-pots\/tajine\/emile-henry-feu-doux-tajine-32-cm-bleu-flamme\/#primaryimage","url":"https:\/\/i2.wp.com\/interpim.erresse-shop.it\/Import\/Prodotti\/emile-henry-tajine-32-cm.jpg?ssl=1","contentUrl":"https:\/\/i2.wp.com\/interpim.erresse-shop.it\/Import\/Prodotti\/emile-henry-tajine-32-cm.jpg?ssl=1"},{"@type":"BreadcrumbList","@id":"https:\/\/dev6.erresse-shop.it\/fr\/shop\/poeles-pots\/tajine\/emile-henry-feu-doux-tajine-32-cm-bleu-flamme\/#breadcrumb","itemListElement":[{"@type":"ListItem","position":1,"name":"Home","item":"https:\/\/dev6.erresse-shop.it\/"},{"@type":"ListItem","position":2,"name":"Boutique","item":"https:\/\/dev6.erresse-shop.it\/shop\/"},{"@type":"ListItem","position":3,"name":"EMILE HENRY Feu Doux Tajine 32 cm Bleu flamme"}]},{"@type":"WebSite","@id":"https:\/\/dev6.erresse-shop.it\/#website","url":"https:\/\/dev6.erresse-shop.it\/","name":"Erresse Shop","description":"","publisher":{"@id":"https:\/\/dev6.erresse-shop.it\/#organization"},"potentialAction":[{"@type":"SearchAction","target":{"@type":"EntryPoint","urlTemplate":"https:\/\/dev6.erresse-shop.it\/?s={search_term_string}"},"query-input":{"@type":"PropertyValueSpecification","valueRequired":true,"valueName":"search_term_string"}}],"inLanguage":"fr-FR"},{"@type":"Organization","@id":"https:\/\/dev6.erresse-shop.it\/#organization","name":"Erresse Shop","url":"https:\/\/dev6.erresse-shop.it\/","logo":{"@type":"ImageObject","inLanguage":"fr-FR","@id":"https:\/\/dev6.erresse-shop.it\/#\/schema\/logo\/image\/","url":"https:\/\/dev6.erresse-shop.it\/wp-content\/uploads\/2025\/01\/LOGO-ERRESSE-CLASSICO.svg","contentUrl":"https:\/\/dev6.erresse-shop.it\/wp-content\/uploads\/2025\/01\/LOGO-ERRESSE-CLASSICO.svg","caption":"Erresse Shop"},"image":{"@id":"https:\/\/dev6.erresse-shop.it\/#\/schema\/logo\/image\/"}}]}},"df_price":92.95,"df_sale_price":92.95,"df_regular_price":124,"df_image_link":"https:\/\/i2.wp.com\/interpim.erresse-shop.it\/Import\/Prodotti\/emile-henry-tajine-32-cm.jpg?resize=300,300&ssl=1","fifu_image_url":"https:\/\/interpim.erresse-shop.it\/Import\/Prodotti\/emile-henry-tajine-32-cm.jpg","_links":{"self":[{"href":"https:\/\/dev6.erresse-shop.it\/fr\/wp-json\/wp\/v2\/product\/63076","targetHints":{"allow":["GET"]}}],"collection":[{"href":"https:\/\/dev6.erresse-shop.it\/fr\/wp-json\/wp\/v2\/product"}],"about":[{"href":"https:\/\/dev6.erresse-shop.it\/fr\/wp-json\/wp\/v2\/types\/product"}],"wp:featuredmedia":[{"embeddable":true,"href":"https:\/\/dev6.erresse-shop.it\/fr\/wp-json\/wp\/v2\/media\/6282774"}],"wp:attachment":[{"href":"https:\/\/dev6.erresse-shop.it\/fr\/wp-json\/wp\/v2\/media?parent=63076"}],"wp:term":[{"taxonomy":"product_cat","embeddable":true,"href":"https:\/\/dev6.erresse-shop.it\/fr\/wp-json\/wp\/v2\/product_cat?post=63076"},{"taxonomy":"product_tag","embeddable":true,"href":"https:\/\/dev6.erresse-shop.it\/fr\/wp-json\/wp\/v2\/product_tag?post=63076"}],"curies":[{"name":"wp","href":"https:\/\/api.w.org\/{rel}","templated":true}]}}