{"id":63074,"date":"2026-04-12T10:22:38","date_gmt":"2026-04-12T08:22:38","guid":{"rendered":"https:\/\/dev6.erresse-shop.it\/shop\/non%20class\u00e9\/emile-henry-mini-baguettes-baker-noir\/"},"modified":"2025-09-14T05:15:51","modified_gmt":"2025-09-14T03:15:51","slug":"emile-henry-mini-baguettes-baker-noir","status":"publish","type":"product","link":"https:\/\/dev6.erresse-shop.it\/fr\/shop\/poeles-pots\/emile-henry-mini-baguettes-baker-noir\/","title":{"rendered":"EMILE HENRY Mini-baguettes Baker Noir"},"content":{"rendered":"<p>Emile Henry a \u00e9t\u00e9 fond\u00e9 en 1850.La c\u00e9ramique Emile Henry vous permet de r\u00e9partir progressivement la chaleur de cuisson sur des aliments \u00e0 feu doux afin de pr\u00e9server les saveurs et les ar\u00f4mes ainsi que les \u00e9l\u00e9ments naturels pr\u00e9sents dans les aliments.Cuisine saine \u00e0 basse temp\u00e9rature de la c\u00e9ramique Emile Henry garde les saveurs, pr\u00e9serve les vitamines et les qualit\u00e9s nutritionnelles.Les produits d\u2019Emile Henry sont fabriqu\u00e9s avec des composants naturels: argile non trait\u00e9e pour la p\u00e2te, sable, filtre \u00e0 eau, oxydes min\u00e9raux colorants naturels. Dans les produits fabriqu\u00e9s par Emile Henry, il n\u2019y a pas de m\u00e9taux lourds nocifs pour la sant\u00e9: sans plomb, cadmium et nickel. Les produits Emile Henry sont r\u00e9sistants aux chocs et peuvent \u00eatre utilis\u00e9s avec de fortes variations de temp\u00e9rature. Ils peuvent \u00eatre utilis\u00e9s au lave-vaisselle.<\/p>\n<p>Fruit de 2 ann\u00e9es de recherche, notre Cloche \u00e0 pain deviendra rapidement votre meilleur ami! Notre c\u00e9ramique r\u00e9fractaire innovante vous permettra d\u2019obtenir une belle cro\u00fbte \u00e9paisse avec un int\u00e9rieur ferme et l\u00e9ger. Red\u00e9couvrez les plaisirs de la fabrication du pain maison, avec des recettes originales et simples. Le livre de recettes inclus vous donne des conseils et des astuces pour faire votre propre pain comme vous ne l\u2019avez jamais fait auparavant! Tous les produits Emile Henry sont fabriqu\u00e9s en France et offrent une garantie de dix ans.<\/p>\n<p>Longueur \/ Diam\u00e8tre: 39 cm<br \/>\nLargeur: 23 cm<br \/>\nHauteur: 10,5 cm<br \/>\nLongueur int\u00e9rieure \/ Diam\u00e8tre: 36 cm<br \/>\nLargeur int\u00e9rieure: 210 cm<br \/>\nHauteur int\u00e9rieure: 3,5 cm<br \/>\nCapacit\u00e9 utile: 0,5 L<br \/>\nPoids \u2013 KG: 3,4 KG<br \/>\nTemp\u00e9rature maximale: 270 \u00b0C<br \/>\nTemp\u00e9rature minimale: -20 \u00b0C<\/p>\n","protected":false},"excerpt":{"rendered":"<p>Emile Henry a \u00e9t\u00e9 fond\u00e9 en 1850.La c\u00e9ramique Emile Henry vous permet de r\u00e9partir progressivement la chaleur de cuisson sur des aliments \u00e0 feu doux afin de pr\u00e9server les saveurs et les ar\u00f4mes ainsi que les \u00e9l\u00e9ments naturels pr\u00e9sents dans les aliments.Cuisine saine \u00e0 basse temp\u00e9rature de la c\u00e9ramique Emile Henry garde les saveurs, pr\u00e9serve [&hellip;]<\/p>\n","protected":false},"featured_media":6366033,"template":"","meta":{"_acf_changed":false},"product_cat":[12056,11991],"product_tag":[],"class_list":{"0":"post-63074","1":"product","2":"type-product","3":"status-publish","4":"has-post-thumbnail","6":"product_cat-cuiseur-a-pain","7":"product_cat-poeles-pots","9":"first","10":"instock","11":"sale","12":"taxable","13":"shipping-taxable","14":"purchasable","15":"product-type-simple","swatches":"rey-swatches","show_selected":"","stretch_labels":"rey-swatches--stretch-labels"},"acf":[],"yoast_head":"<!-- This site is optimized with the Yoast SEO plugin v25.4 - https:\/\/yoast.com\/wordpress\/plugins\/seo\/ -->\n<title>EMILE HENRY Mini-baguettes Baker Noir - dev6 Erresse<\/title>\n<meta name=\"description\" content=\"Emile Henry a \u00e9t\u00e9 fond\u00e9 en 1850.La c\u00e9ramique Emile Henry vous permet de r\u00e9partir progressivement la chaleur de cuisson sur des aliments \u00e0 feu doux afin de\" \/>\n<meta name=\"robots\" content=\"noindex, follow, max-snippet:-1, max-image-preview:large, max-video-preview:-1\" \/>\n<meta property=\"og:locale\" content=\"fr_FR\" \/>\n<meta property=\"og:type\" content=\"article\" \/>\n<meta property=\"og:title\" content=\"EMILE HENRY Mini-baguettes Baker Noir - dev6 Erresse\" \/>\n<meta property=\"og:description\" content=\"Emile Henry a \u00e9t\u00e9 fond\u00e9 en 1850.La c\u00e9ramique Emile Henry vous permet de r\u00e9partir progressivement la chaleur de cuisson sur des aliments \u00e0 feu doux afin de\" \/>\n<meta property=\"og:url\" content=\"https:\/\/dev6.erresse-shop.it\/fr\/shop\/poeles-pots\/emile-henry-mini-baguettes-baker-noir\/\" \/>\n<meta property=\"og:site_name\" content=\"dev6 Erresse\" \/>\n<meta property=\"og:image\" content=\"https:\/\/interpim.erresse-shop.it\/Import\/Prodotti\/eh-cuoci-pane-eh799519.jpg\" \/><meta property=\"og:image\" content=\"https:\/\/interpim.erresse-shop.it\/Import\/Prodotti\/eh-cuoci-pane-eh799519.jpg\" \/>\n\t<meta property=\"og:image:width\" content=\"1024\" \/>\n\t<meta property=\"og:image:height\" content=\"1024\" \/>\n\t<meta property=\"og:image:type\" content=\"image\/jpeg\" \/>\n<meta name=\"twitter:card\" content=\"summary_large_image\" \/>\n<meta name=\"twitter:image\" content=\"https:\/\/interpim.erresse-shop.it\/Import\/Prodotti\/eh-cuoci-pane-eh799519.jpg\" \/>\n<script type=\"application\/ld+json\" class=\"yoast-schema-graph\">{\"@context\":\"https:\/\/schema.org\",\"@graph\":[{\"@type\":\"WebPage\",\"@id\":\"https:\/\/dev6.erresse-shop.it\/fr\/shop\/poeles-pots\/emile-henry-mini-baguettes-baker-noir\/\",\"url\":\"https:\/\/dev6.erresse-shop.it\/fr\/shop\/poeles-pots\/emile-henry-mini-baguettes-baker-noir\/\",\"name\":\"EMILE HENRY Mini-baguettes Baker Noir - dev6 Erresse\",\"isPartOf\":{\"@id\":\"https:\/\/dev6.erresse-shop.it\/#website\"},\"primaryImageOfPage\":{\"@id\":\"https:\/\/dev6.erresse-shop.it\/fr\/shop\/poeles-pots\/emile-henry-mini-baguettes-baker-noir\/#primaryimage\"},\"image\":{\"@id\":\"https:\/\/dev6.erresse-shop.it\/fr\/shop\/poeles-pots\/emile-henry-mini-baguettes-baker-noir\/#primaryimage\"},\"thumbnailUrl\":\"https:\/\/i2.wp.com\/interpim.erresse-shop.it\/Import\/Prodotti\/eh-cuoci-pane-eh799519.jpg?ssl=1\",\"datePublished\":\"2026-04-12T08:22:38+00:00\",\"description\":\"Emile Henry a \u00e9t\u00e9 fond\u00e9 en 1850.La c\u00e9ramique Emile Henry vous permet de r\u00e9partir progressivement la chaleur de cuisson sur des aliments \u00e0 feu doux afin de\",\"breadcrumb\":{\"@id\":\"https:\/\/dev6.erresse-shop.it\/fr\/shop\/poeles-pots\/emile-henry-mini-baguettes-baker-noir\/#breadcrumb\"},\"inLanguage\":\"fr-FR\",\"potentialAction\":[{\"@type\":\"ReadAction\",\"target\":[\"https:\/\/dev6.erresse-shop.it\/fr\/shop\/poeles-pots\/emile-henry-mini-baguettes-baker-noir\/\"]}]},{\"@type\":\"ImageObject\",\"inLanguage\":\"fr-FR\",\"@id\":\"https:\/\/dev6.erresse-shop.it\/fr\/shop\/poeles-pots\/emile-henry-mini-baguettes-baker-noir\/#primaryimage\",\"url\":\"https:\/\/i2.wp.com\/interpim.erresse-shop.it\/Import\/Prodotti\/eh-cuoci-pane-eh799519.jpg?ssl=1\",\"contentUrl\":\"https:\/\/i2.wp.com\/interpim.erresse-shop.it\/Import\/Prodotti\/eh-cuoci-pane-eh799519.jpg?ssl=1\"},{\"@type\":\"BreadcrumbList\",\"@id\":\"https:\/\/dev6.erresse-shop.it\/fr\/shop\/poeles-pots\/emile-henry-mini-baguettes-baker-noir\/#breadcrumb\",\"itemListElement\":[{\"@type\":\"ListItem\",\"position\":1,\"name\":\"Home\",\"item\":\"https:\/\/dev6.erresse-shop.it\/\"},{\"@type\":\"ListItem\",\"position\":2,\"name\":\"Boutique\",\"item\":\"https:\/\/dev6.erresse-shop.it\/shop\/\"},{\"@type\":\"ListItem\",\"position\":3,\"name\":\"EMILE HENRY Mini-baguettes Baker Noir\"}]},{\"@type\":\"WebSite\",\"@id\":\"https:\/\/dev6.erresse-shop.it\/#website\",\"url\":\"https:\/\/dev6.erresse-shop.it\/\",\"name\":\"Erresse Shop\",\"description\":\"\",\"publisher\":{\"@id\":\"https:\/\/dev6.erresse-shop.it\/#organization\"},\"potentialAction\":[{\"@type\":\"SearchAction\",\"target\":{\"@type\":\"EntryPoint\",\"urlTemplate\":\"https:\/\/dev6.erresse-shop.it\/?s={search_term_string}\"},\"query-input\":{\"@type\":\"PropertyValueSpecification\",\"valueRequired\":true,\"valueName\":\"search_term_string\"}}],\"inLanguage\":\"fr-FR\"},{\"@type\":\"Organization\",\"@id\":\"https:\/\/dev6.erresse-shop.it\/#organization\",\"name\":\"Erresse Shop\",\"url\":\"https:\/\/dev6.erresse-shop.it\/\",\"logo\":{\"@type\":\"ImageObject\",\"inLanguage\":\"fr-FR\",\"@id\":\"https:\/\/dev6.erresse-shop.it\/#\/schema\/logo\/image\/\",\"url\":\"https:\/\/dev6.erresse-shop.it\/wp-content\/uploads\/2025\/01\/LOGO-ERRESSE-CLASSICO.svg\",\"contentUrl\":\"https:\/\/dev6.erresse-shop.it\/wp-content\/uploads\/2025\/01\/LOGO-ERRESSE-CLASSICO.svg\",\"caption\":\"Erresse Shop\"},\"image\":{\"@id\":\"https:\/\/dev6.erresse-shop.it\/#\/schema\/logo\/image\/\"}}]}<\/script>\n<!-- \/ Yoast SEO plugin. -->","yoast_head_json":{"title":"EMILE HENRY Mini-baguettes Baker Noir - dev6 Erresse","description":"Emile Henry a \u00e9t\u00e9 fond\u00e9 en 1850.La c\u00e9ramique Emile Henry vous permet de r\u00e9partir progressivement la chaleur de cuisson sur des aliments \u00e0 feu doux afin de","robots":{"index":"noindex","follow":"follow","max-snippet":"max-snippet:-1","max-image-preview":"max-image-preview:large","max-video-preview":"max-video-preview:-1"},"og_locale":"fr_FR","og_type":"article","og_title":"EMILE HENRY Mini-baguettes Baker Noir - dev6 Erresse","og_description":"Emile Henry a \u00e9t\u00e9 fond\u00e9 en 1850.La c\u00e9ramique Emile Henry vous permet de r\u00e9partir progressivement la chaleur de cuisson sur des aliments \u00e0 feu doux afin de","og_url":"https:\/\/dev6.erresse-shop.it\/fr\/shop\/poeles-pots\/emile-henry-mini-baguettes-baker-noir\/","og_site_name":"dev6 Erresse","og_image":[{"url":"https:\/\/interpim.erresse-shop.it\/Import\/Prodotti\/eh-cuoci-pane-eh799519.jpg","type":"","width":"","height":""},{"url":"https:\/\/interpim.erresse-shop.it\/Import\/Prodotti\/eh-cuoci-pane-eh799519.jpg","width":1024,"height":1024,"type":"image\/jpeg"}],"twitter_card":"summary_large_image","twitter_image":"https:\/\/interpim.erresse-shop.it\/Import\/Prodotti\/eh-cuoci-pane-eh799519.jpg","schema":{"@context":"https:\/\/schema.org","@graph":[{"@type":"WebPage","@id":"https:\/\/dev6.erresse-shop.it\/fr\/shop\/poeles-pots\/emile-henry-mini-baguettes-baker-noir\/","url":"https:\/\/dev6.erresse-shop.it\/fr\/shop\/poeles-pots\/emile-henry-mini-baguettes-baker-noir\/","name":"EMILE HENRY Mini-baguettes Baker Noir - dev6 Erresse","isPartOf":{"@id":"https:\/\/dev6.erresse-shop.it\/#website"},"primaryImageOfPage":{"@id":"https:\/\/dev6.erresse-shop.it\/fr\/shop\/poeles-pots\/emile-henry-mini-baguettes-baker-noir\/#primaryimage"},"image":{"@id":"https:\/\/dev6.erresse-shop.it\/fr\/shop\/poeles-pots\/emile-henry-mini-baguettes-baker-noir\/#primaryimage"},"thumbnailUrl":"https:\/\/i2.wp.com\/interpim.erresse-shop.it\/Import\/Prodotti\/eh-cuoci-pane-eh799519.jpg?ssl=1","datePublished":"2026-04-12T08:22:38+00:00","description":"Emile Henry a \u00e9t\u00e9 fond\u00e9 en 1850.La c\u00e9ramique Emile Henry vous permet de r\u00e9partir progressivement la chaleur de cuisson sur des aliments \u00e0 feu doux afin de","breadcrumb":{"@id":"https:\/\/dev6.erresse-shop.it\/fr\/shop\/poeles-pots\/emile-henry-mini-baguettes-baker-noir\/#breadcrumb"},"inLanguage":"fr-FR","potentialAction":[{"@type":"ReadAction","target":["https:\/\/dev6.erresse-shop.it\/fr\/shop\/poeles-pots\/emile-henry-mini-baguettes-baker-noir\/"]}]},{"@type":"ImageObject","inLanguage":"fr-FR","@id":"https:\/\/dev6.erresse-shop.it\/fr\/shop\/poeles-pots\/emile-henry-mini-baguettes-baker-noir\/#primaryimage","url":"https:\/\/i2.wp.com\/interpim.erresse-shop.it\/Import\/Prodotti\/eh-cuoci-pane-eh799519.jpg?ssl=1","contentUrl":"https:\/\/i2.wp.com\/interpim.erresse-shop.it\/Import\/Prodotti\/eh-cuoci-pane-eh799519.jpg?ssl=1"},{"@type":"BreadcrumbList","@id":"https:\/\/dev6.erresse-shop.it\/fr\/shop\/poeles-pots\/emile-henry-mini-baguettes-baker-noir\/#breadcrumb","itemListElement":[{"@type":"ListItem","position":1,"name":"Home","item":"https:\/\/dev6.erresse-shop.it\/"},{"@type":"ListItem","position":2,"name":"Boutique","item":"https:\/\/dev6.erresse-shop.it\/shop\/"},{"@type":"ListItem","position":3,"name":"EMILE HENRY Mini-baguettes Baker Noir"}]},{"@type":"WebSite","@id":"https:\/\/dev6.erresse-shop.it\/#website","url":"https:\/\/dev6.erresse-shop.it\/","name":"Erresse Shop","description":"","publisher":{"@id":"https:\/\/dev6.erresse-shop.it\/#organization"},"potentialAction":[{"@type":"SearchAction","target":{"@type":"EntryPoint","urlTemplate":"https:\/\/dev6.erresse-shop.it\/?s={search_term_string}"},"query-input":{"@type":"PropertyValueSpecification","valueRequired":true,"valueName":"search_term_string"}}],"inLanguage":"fr-FR"},{"@type":"Organization","@id":"https:\/\/dev6.erresse-shop.it\/#organization","name":"Erresse Shop","url":"https:\/\/dev6.erresse-shop.it\/","logo":{"@type":"ImageObject","inLanguage":"fr-FR","@id":"https:\/\/dev6.erresse-shop.it\/#\/schema\/logo\/image\/","url":"https:\/\/dev6.erresse-shop.it\/wp-content\/uploads\/2025\/01\/LOGO-ERRESSE-CLASSICO.svg","contentUrl":"https:\/\/dev6.erresse-shop.it\/wp-content\/uploads\/2025\/01\/LOGO-ERRESSE-CLASSICO.svg","caption":"Erresse Shop"},"image":{"@id":"https:\/\/dev6.erresse-shop.it\/#\/schema\/logo\/image\/"}}]}},"df_price":99.95,"df_sale_price":99.95,"df_regular_price":137.5,"df_image_link":"https:\/\/i2.wp.com\/interpim.erresse-shop.it\/Import\/Prodotti\/eh-cuoci-pane-eh799519.jpg?resize=300,300&ssl=1","fifu_image_url":"https:\/\/interpim.erresse-shop.it\/Import\/Prodotti\/eh-cuoci-pane-eh799519.jpg","_links":{"self":[{"href":"https:\/\/dev6.erresse-shop.it\/fr\/wp-json\/wp\/v2\/product\/63074","targetHints":{"allow":["GET"]}}],"collection":[{"href":"https:\/\/dev6.erresse-shop.it\/fr\/wp-json\/wp\/v2\/product"}],"about":[{"href":"https:\/\/dev6.erresse-shop.it\/fr\/wp-json\/wp\/v2\/types\/product"}],"wp:featuredmedia":[{"embeddable":true,"href":"https:\/\/dev6.erresse-shop.it\/fr\/wp-json\/wp\/v2\/media\/6366033"}],"wp:attachment":[{"href":"https:\/\/dev6.erresse-shop.it\/fr\/wp-json\/wp\/v2\/media?parent=63074"}],"wp:term":[{"taxonomy":"product_cat","embeddable":true,"href":"https:\/\/dev6.erresse-shop.it\/fr\/wp-json\/wp\/v2\/product_cat?post=63074"},{"taxonomy":"product_tag","embeddable":true,"href":"https:\/\/dev6.erresse-shop.it\/fr\/wp-json\/wp\/v2\/product_tag?post=63074"}],"curies":[{"name":"wp","href":"https:\/\/api.w.org\/{rel}","templated":true}]}}