{"id":63062,"date":"2026-04-12T10:22:38","date_gmt":"2026-04-12T08:22:38","guid":{"rendered":"https:\/\/dev6.erresse-shop.it\/shop\/non%20class\u00e9\/berkel-set-4-couteaux-a-steak-noir\/"},"modified":"2025-07-04T17:32:24","modified_gmt":"2025-07-04T15:32:24","slug":"berkel-set-4-couteaux-a-steak-noir","status":"publish","type":"product","link":"https:\/\/dev6.erresse-shop.it\/fr\/shop\/cuisine\/couteaux\/couteaux-de-cuisine\/berkel-set-4-couteaux-a-steak-noir\/","title":{"rendered":"BERKEL Set 4 Couteaux \u00e0 Steak Noir"},"content":{"rendered":"<p>SET DE 4 COUTEAUX DE TABLE POUR LES PLATS DE VIANDE<\/p>\n<p>La tendance couleur s\u2019invite \u00e0 votre table ! Un couteau \u00e0 steak court et pratique, \u00e0 la lame l\u00e9g\u00e8re et r\u00e9sistante, con\u00e7u pour d\u00e9couper toutes les viandes et plus encore ! Gr\u00e2ce \u00e0 sa pointe et \u00e0 son tranchant, il permet de d\u00e9couper les viandes cuites avec pr\u00e9cision, en limitant la casse. L\u2019acier r\u00e9sistant \u00e0 la corrosion permet de l\u2019aiguiser facilement.<\/p>\n<p>UN \u00c9TERNEL, LA COULEUR NOIRE, \u00c9L\u00c9GANT, RAFFIN\u00c9 ET ING\u00c9NIEUX COMME LES SPAGHETTIS \u00c0 L\u2019ENCRE DE SEICHE !<\/p>\n<p>Set de 4 couteaux de table pour viandes, poissons, ap\u00e9ritifs et autres ! Le set se compose de couteaux \u00e0 steak avec une lame lisse et un manche noir avec finition mate, courts et maniables. Gr\u00e2ce \u00e0 la pointe et au tranchant, vous pourrez couper la viande cuite avec pr\u00e9cision, en limitant l\u2019effilochage. Ces couteaux en acier Berkel r\u00e9sistent \u00e0 la corrosion et au frottement contre la c\u00e9ramique de la plaque, caract\u00e9ristiques n\u00e9cessaires pour un usage quotidien et garantissant la durabilit\u00e9.<\/p>\n<p>Fabriqu\u00e9 en Italie<\/p>\n<p>LAME:<\/p>\n<p>Lame en acier inoxydable martensitique Aperam MA4 (AISI 420c) \u2013 1.4034. L\u2019AISI 420 est la nuance d\u2019acier martensitique la plus utilis\u00e9e en coutellerie car elle pr\u00e9sente une bonne r\u00e9sistance \u00e0 la corrosion et permet un aff\u00fbtage facile.<br \/>\nDuret\u00e9 apr\u00e8s traitement thermique 56 hrc<br \/>\n\u00c9paisseur de la lame 2,25 mm<br \/>\nLame lisse<br \/>\nLogo Berkel grav\u00e9 sur la lame<\/p>\n<p>POIGN\u00c9E<\/p>\n<p>Polym\u00e8re thermoplastique r\u00e9sistant aux temp\u00e9ratures \u00e9lev\u00e9es, max. 120\u00b0C.<br \/>\nFinition mate<\/p>\n<p>GOUPILLES D\u2019\u00c9TANCH\u00c9IT\u00c9<\/p>\n<p>\u2013 Goupille rivet\u00e9e en acier inoxydable AISI 303<\/p>\n<p>UTILISATION et ENTRETIEN<\/p>\n<p>\u00a0R\u00e9siste au lave-vaisselle<br \/>\nNe pas utiliser de tissus ou d\u2019\u00e9ponges abrasives.<\/p>\n<p>Poids 266 g<\/p>\n<p>Taille de la lame 11 cm<br \/>\nLongueur totale 23,50 cm<br \/>\nMat\u00e9riau de la lame Acier inoxydable<br \/>\nManche Polym\u00e8re thermoplastique r\u00e9sistant aux temp\u00e9ratures \u00e9lev\u00e9es (max. 120\u00b0C)<\/p>\n","protected":false},"excerpt":{"rendered":"<p>SET DE 4 COUTEAUX DE TABLE POUR LES PLATS DE VIANDE La tendance couleur s\u2019invite \u00e0 votre table ! Un couteau \u00e0 steak court et pratique, \u00e0 la lame l\u00e9g\u00e8re et r\u00e9sistante, con\u00e7u pour d\u00e9couper toutes les viandes et plus encore ! Gr\u00e2ce \u00e0 sa pointe et \u00e0 son tranchant, il permet de d\u00e9couper les [&hellip;]<\/p>\n","protected":false},"featured_media":6365966,"template":"","meta":{"_acf_changed":false},"product_cat":[11997],"product_tag":[],"class_list":{"0":"post-63062","1":"product","2":"type-product","3":"status-publish","4":"has-post-thumbnail","6":"product_cat-couteaux-de-cuisine","8":"first","9":"instock","10":"sale","11":"taxable","12":"shipping-taxable","13":"purchasable","14":"product-type-simple","swatches":"rey-swatches","show_selected":"","stretch_labels":"rey-swatches--stretch-labels"},"acf":[],"yoast_head":"<!-- This site is optimized with the Yoast SEO plugin v25.4 - https:\/\/yoast.com\/wordpress\/plugins\/seo\/ -->\n<title>BERKEL Set 4 Couteaux \u00e0 Steak Noir - dev6 Erresse<\/title>\n<meta name=\"description\" content=\"SET DE 4 COUTEAUX DE TABLE POUR LES PLATS DE VIANDE La tendance couleur s\u2019invite \u00e0 votre table ! Un couteau \u00e0 steak court et pratique, \u00e0 la lame l\u00e9g\u00e8re et\" \/>\n<meta name=\"robots\" content=\"noindex, follow, max-snippet:-1, max-image-preview:large, max-video-preview:-1\" \/>\n<meta property=\"og:locale\" content=\"fr_FR\" \/>\n<meta property=\"og:type\" content=\"article\" \/>\n<meta property=\"og:title\" content=\"BERKEL Set 4 Couteaux \u00e0 Steak Noir - dev6 Erresse\" \/>\n<meta property=\"og:description\" content=\"SET DE 4 COUTEAUX DE TABLE POUR LES PLATS DE VIANDE La tendance couleur s\u2019invite \u00e0 votre table ! Un couteau \u00e0 steak court et pratique, \u00e0 la lame l\u00e9g\u00e8re et\" \/>\n<meta property=\"og:url\" content=\"https:\/\/dev6.erresse-shop.it\/fr\/shop\/cuisine\/couteaux\/couteaux-de-cuisine\/berkel-set-4-couteaux-a-steak-noir\/\" \/>\n<meta property=\"og:site_name\" content=\"dev6 Erresse\" \/>\n<meta property=\"og:image\" content=\"https:\/\/interpim.erresse-shop.it\/Import\/Prodotti\/berkel-set-4-coltelli-tavola-per-carne.jpg\" \/><meta property=\"og:image\" content=\"https:\/\/interpim.erresse-shop.it\/Import\/Prodotti\/berkel-set-4-coltelli-tavola-per-carne.jpg\" \/>\n\t<meta property=\"og:image:width\" content=\"1024\" \/>\n\t<meta property=\"og:image:height\" content=\"1024\" \/>\n\t<meta property=\"og:image:type\" content=\"image\/jpeg\" \/>\n<meta name=\"twitter:card\" content=\"summary_large_image\" \/>\n<meta name=\"twitter:image\" content=\"https:\/\/interpim.erresse-shop.it\/Import\/Prodotti\/berkel-set-4-coltelli-tavola-per-carne.jpg\" \/>\n<script type=\"application\/ld+json\" class=\"yoast-schema-graph\">{\"@context\":\"https:\/\/schema.org\",\"@graph\":[{\"@type\":\"WebPage\",\"@id\":\"https:\/\/dev6.erresse-shop.it\/fr\/shop\/cuisine\/couteaux\/couteaux-de-cuisine\/berkel-set-4-couteaux-a-steak-noir\/\",\"url\":\"https:\/\/dev6.erresse-shop.it\/fr\/shop\/cuisine\/couteaux\/couteaux-de-cuisine\/berkel-set-4-couteaux-a-steak-noir\/\",\"name\":\"BERKEL Set 4 Couteaux \u00e0 Steak Noir - dev6 Erresse\",\"isPartOf\":{\"@id\":\"https:\/\/dev6.erresse-shop.it\/#website\"},\"primaryImageOfPage\":{\"@id\":\"https:\/\/dev6.erresse-shop.it\/fr\/shop\/cuisine\/couteaux\/couteaux-de-cuisine\/berkel-set-4-couteaux-a-steak-noir\/#primaryimage\"},\"image\":{\"@id\":\"https:\/\/dev6.erresse-shop.it\/fr\/shop\/cuisine\/couteaux\/couteaux-de-cuisine\/berkel-set-4-couteaux-a-steak-noir\/#primaryimage\"},\"thumbnailUrl\":\"https:\/\/i3.wp.com\/interpim.erresse-shop.it\/Import\/Prodotti\/berkel-set-4-coltelli-tavola-per-carne.jpg?ssl=1\",\"datePublished\":\"2026-04-12T08:22:38+00:00\",\"description\":\"SET DE 4 COUTEAUX DE TABLE POUR LES PLATS DE VIANDE La tendance couleur s\u2019invite \u00e0 votre table ! Un couteau \u00e0 steak court et pratique, \u00e0 la lame l\u00e9g\u00e8re et\",\"breadcrumb\":{\"@id\":\"https:\/\/dev6.erresse-shop.it\/fr\/shop\/cuisine\/couteaux\/couteaux-de-cuisine\/berkel-set-4-couteaux-a-steak-noir\/#breadcrumb\"},\"inLanguage\":\"fr-FR\",\"potentialAction\":[{\"@type\":\"ReadAction\",\"target\":[\"https:\/\/dev6.erresse-shop.it\/fr\/shop\/cuisine\/couteaux\/couteaux-de-cuisine\/berkel-set-4-couteaux-a-steak-noir\/\"]}]},{\"@type\":\"ImageObject\",\"inLanguage\":\"fr-FR\",\"@id\":\"https:\/\/dev6.erresse-shop.it\/fr\/shop\/cuisine\/couteaux\/couteaux-de-cuisine\/berkel-set-4-couteaux-a-steak-noir\/#primaryimage\",\"url\":\"https:\/\/i3.wp.com\/interpim.erresse-shop.it\/Import\/Prodotti\/berkel-set-4-coltelli-tavola-per-carne.jpg?ssl=1\",\"contentUrl\":\"https:\/\/i3.wp.com\/interpim.erresse-shop.it\/Import\/Prodotti\/berkel-set-4-coltelli-tavola-per-carne.jpg?ssl=1\"},{\"@type\":\"BreadcrumbList\",\"@id\":\"https:\/\/dev6.erresse-shop.it\/fr\/shop\/cuisine\/couteaux\/couteaux-de-cuisine\/berkel-set-4-couteaux-a-steak-noir\/#breadcrumb\",\"itemListElement\":[{\"@type\":\"ListItem\",\"position\":1,\"name\":\"Home\",\"item\":\"https:\/\/dev6.erresse-shop.it\/\"},{\"@type\":\"ListItem\",\"position\":2,\"name\":\"Boutique\",\"item\":\"https:\/\/dev6.erresse-shop.it\/shop\/\"},{\"@type\":\"ListItem\",\"position\":3,\"name\":\"BERKEL Set 4 Couteaux \u00e0 Steak Noir\"}]},{\"@type\":\"WebSite\",\"@id\":\"https:\/\/dev6.erresse-shop.it\/#website\",\"url\":\"https:\/\/dev6.erresse-shop.it\/\",\"name\":\"Erresse Shop\",\"description\":\"\",\"publisher\":{\"@id\":\"https:\/\/dev6.erresse-shop.it\/#organization\"},\"potentialAction\":[{\"@type\":\"SearchAction\",\"target\":{\"@type\":\"EntryPoint\",\"urlTemplate\":\"https:\/\/dev6.erresse-shop.it\/?s={search_term_string}\"},\"query-input\":{\"@type\":\"PropertyValueSpecification\",\"valueRequired\":true,\"valueName\":\"search_term_string\"}}],\"inLanguage\":\"fr-FR\"},{\"@type\":\"Organization\",\"@id\":\"https:\/\/dev6.erresse-shop.it\/#organization\",\"name\":\"Erresse Shop\",\"url\":\"https:\/\/dev6.erresse-shop.it\/\",\"logo\":{\"@type\":\"ImageObject\",\"inLanguage\":\"fr-FR\",\"@id\":\"https:\/\/dev6.erresse-shop.it\/#\/schema\/logo\/image\/\",\"url\":\"https:\/\/dev6.erresse-shop.it\/wp-content\/uploads\/2025\/01\/LOGO-ERRESSE-CLASSICO.svg\",\"contentUrl\":\"https:\/\/dev6.erresse-shop.it\/wp-content\/uploads\/2025\/01\/LOGO-ERRESSE-CLASSICO.svg\",\"caption\":\"Erresse Shop\"},\"image\":{\"@id\":\"https:\/\/dev6.erresse-shop.it\/#\/schema\/logo\/image\/\"}}]}<\/script>\n<!-- \/ Yoast SEO plugin. -->","yoast_head_json":{"title":"BERKEL Set 4 Couteaux \u00e0 Steak Noir - dev6 Erresse","description":"SET DE 4 COUTEAUX DE TABLE POUR LES PLATS DE VIANDE La tendance couleur s\u2019invite \u00e0 votre table ! Un couteau \u00e0 steak court et pratique, \u00e0 la lame l\u00e9g\u00e8re et","robots":{"index":"noindex","follow":"follow","max-snippet":"max-snippet:-1","max-image-preview":"max-image-preview:large","max-video-preview":"max-video-preview:-1"},"og_locale":"fr_FR","og_type":"article","og_title":"BERKEL Set 4 Couteaux \u00e0 Steak Noir - dev6 Erresse","og_description":"SET DE 4 COUTEAUX DE TABLE POUR LES PLATS DE VIANDE La tendance couleur s\u2019invite \u00e0 votre table ! Un couteau \u00e0 steak court et pratique, \u00e0 la lame l\u00e9g\u00e8re et","og_url":"https:\/\/dev6.erresse-shop.it\/fr\/shop\/cuisine\/couteaux\/couteaux-de-cuisine\/berkel-set-4-couteaux-a-steak-noir\/","og_site_name":"dev6 Erresse","og_image":[{"url":"https:\/\/interpim.erresse-shop.it\/Import\/Prodotti\/berkel-set-4-coltelli-tavola-per-carne.jpg","type":"","width":"","height":""},{"url":"https:\/\/interpim.erresse-shop.it\/Import\/Prodotti\/berkel-set-4-coltelli-tavola-per-carne.jpg","width":1024,"height":1024,"type":"image\/jpeg"}],"twitter_card":"summary_large_image","twitter_image":"https:\/\/interpim.erresse-shop.it\/Import\/Prodotti\/berkel-set-4-coltelli-tavola-per-carne.jpg","schema":{"@context":"https:\/\/schema.org","@graph":[{"@type":"WebPage","@id":"https:\/\/dev6.erresse-shop.it\/fr\/shop\/cuisine\/couteaux\/couteaux-de-cuisine\/berkel-set-4-couteaux-a-steak-noir\/","url":"https:\/\/dev6.erresse-shop.it\/fr\/shop\/cuisine\/couteaux\/couteaux-de-cuisine\/berkel-set-4-couteaux-a-steak-noir\/","name":"BERKEL Set 4 Couteaux \u00e0 Steak Noir - dev6 Erresse","isPartOf":{"@id":"https:\/\/dev6.erresse-shop.it\/#website"},"primaryImageOfPage":{"@id":"https:\/\/dev6.erresse-shop.it\/fr\/shop\/cuisine\/couteaux\/couteaux-de-cuisine\/berkel-set-4-couteaux-a-steak-noir\/#primaryimage"},"image":{"@id":"https:\/\/dev6.erresse-shop.it\/fr\/shop\/cuisine\/couteaux\/couteaux-de-cuisine\/berkel-set-4-couteaux-a-steak-noir\/#primaryimage"},"thumbnailUrl":"https:\/\/i3.wp.com\/interpim.erresse-shop.it\/Import\/Prodotti\/berkel-set-4-coltelli-tavola-per-carne.jpg?ssl=1","datePublished":"2026-04-12T08:22:38+00:00","description":"SET DE 4 COUTEAUX DE TABLE POUR LES PLATS DE VIANDE La tendance couleur s\u2019invite \u00e0 votre table ! Un couteau \u00e0 steak court et pratique, \u00e0 la lame l\u00e9g\u00e8re et","breadcrumb":{"@id":"https:\/\/dev6.erresse-shop.it\/fr\/shop\/cuisine\/couteaux\/couteaux-de-cuisine\/berkel-set-4-couteaux-a-steak-noir\/#breadcrumb"},"inLanguage":"fr-FR","potentialAction":[{"@type":"ReadAction","target":["https:\/\/dev6.erresse-shop.it\/fr\/shop\/cuisine\/couteaux\/couteaux-de-cuisine\/berkel-set-4-couteaux-a-steak-noir\/"]}]},{"@type":"ImageObject","inLanguage":"fr-FR","@id":"https:\/\/dev6.erresse-shop.it\/fr\/shop\/cuisine\/couteaux\/couteaux-de-cuisine\/berkel-set-4-couteaux-a-steak-noir\/#primaryimage","url":"https:\/\/i3.wp.com\/interpim.erresse-shop.it\/Import\/Prodotti\/berkel-set-4-coltelli-tavola-per-carne.jpg?ssl=1","contentUrl":"https:\/\/i3.wp.com\/interpim.erresse-shop.it\/Import\/Prodotti\/berkel-set-4-coltelli-tavola-per-carne.jpg?ssl=1"},{"@type":"BreadcrumbList","@id":"https:\/\/dev6.erresse-shop.it\/fr\/shop\/cuisine\/couteaux\/couteaux-de-cuisine\/berkel-set-4-couteaux-a-steak-noir\/#breadcrumb","itemListElement":[{"@type":"ListItem","position":1,"name":"Home","item":"https:\/\/dev6.erresse-shop.it\/"},{"@type":"ListItem","position":2,"name":"Boutique","item":"https:\/\/dev6.erresse-shop.it\/shop\/"},{"@type":"ListItem","position":3,"name":"BERKEL Set 4 Couteaux \u00e0 Steak Noir"}]},{"@type":"WebSite","@id":"https:\/\/dev6.erresse-shop.it\/#website","url":"https:\/\/dev6.erresse-shop.it\/","name":"Erresse Shop","description":"","publisher":{"@id":"https:\/\/dev6.erresse-shop.it\/#organization"},"potentialAction":[{"@type":"SearchAction","target":{"@type":"EntryPoint","urlTemplate":"https:\/\/dev6.erresse-shop.it\/?s={search_term_string}"},"query-input":{"@type":"PropertyValueSpecification","valueRequired":true,"valueName":"search_term_string"}}],"inLanguage":"fr-FR"},{"@type":"Organization","@id":"https:\/\/dev6.erresse-shop.it\/#organization","name":"Erresse Shop","url":"https:\/\/dev6.erresse-shop.it\/","logo":{"@type":"ImageObject","inLanguage":"fr-FR","@id":"https:\/\/dev6.erresse-shop.it\/#\/schema\/logo\/image\/","url":"https:\/\/dev6.erresse-shop.it\/wp-content\/uploads\/2025\/01\/LOGO-ERRESSE-CLASSICO.svg","contentUrl":"https:\/\/dev6.erresse-shop.it\/wp-content\/uploads\/2025\/01\/LOGO-ERRESSE-CLASSICO.svg","caption":"Erresse Shop"},"image":{"@id":"https:\/\/dev6.erresse-shop.it\/#\/schema\/logo\/image\/"}}]}},"df_price":57,"df_sale_price":57,"df_regular_price":69,"df_image_link":"https:\/\/i3.wp.com\/interpim.erresse-shop.it\/Import\/Prodotti\/berkel-set-4-coltelli-tavola-per-carne.jpg?resize=300,300&ssl=1","fifu_image_url":"https:\/\/interpim.erresse-shop.it\/Import\/Prodotti\/berkel-set-4-coltelli-tavola-per-carne.jpg","_links":{"self":[{"href":"https:\/\/dev6.erresse-shop.it\/fr\/wp-json\/wp\/v2\/product\/63062","targetHints":{"allow":["GET"]}}],"collection":[{"href":"https:\/\/dev6.erresse-shop.it\/fr\/wp-json\/wp\/v2\/product"}],"about":[{"href":"https:\/\/dev6.erresse-shop.it\/fr\/wp-json\/wp\/v2\/types\/product"}],"wp:featuredmedia":[{"embeddable":true,"href":"https:\/\/dev6.erresse-shop.it\/fr\/wp-json\/wp\/v2\/media\/6365966"}],"wp:attachment":[{"href":"https:\/\/dev6.erresse-shop.it\/fr\/wp-json\/wp\/v2\/media?parent=63062"}],"wp:term":[{"taxonomy":"product_cat","embeddable":true,"href":"https:\/\/dev6.erresse-shop.it\/fr\/wp-json\/wp\/v2\/product_cat?post=63062"},{"taxonomy":"product_tag","embeddable":true,"href":"https:\/\/dev6.erresse-shop.it\/fr\/wp-json\/wp\/v2\/product_tag?post=63062"}],"curies":[{"name":"wp","href":"https:\/\/api.w.org\/{rel}","templated":true}]}}