{"id":63056,"date":"2026-04-12T10:22:38","date_gmt":"2026-04-12T08:22:38","guid":{"rendered":"https:\/\/dev6.erresse-shop.it\/shop\/non%20class\u00e9\/staub-batterie-de-cuisine-rouge-24-cm\/"},"modified":"2025-09-14T05:15:46","modified_gmt":"2025-09-14T03:15:46","slug":"staub-batterie-de-cuisine-rouge-24-cm","status":"publish","type":"product","link":"https:\/\/dev6.erresse-shop.it\/fr\/shop\/poeles-pots\/casseroles\/staub-batterie-de-cuisine-rouge-24-cm\/","title":{"rendered":"STAUB Batterie de cuisine Rouge 24 cm"},"content":{"rendered":"<p>DESCRIPTION<br \/>\nEn mati\u00e8re d\u2019ustensiles de cuisine en fonte, deux \u00e9l\u00e9ments essentiels constituent la base d\u2019une cuisine bien \u00e9quip\u00e9e : une po\u00eale \u00e0 frire ou un four hollandais. Ensemble, ces outils r\u00e9pondront \u00e0 presque tous vos besoins en mati\u00e8re de cuisine. Et avec la nouvelle \u00e9dition empilable de STAUB, vous pouvez maintenant les garder l\u2019un sur l\u2019autre lorsqu\u2019ils ne sont pas utilis\u00e9s, afin qu\u2019ils prennent le moins de place possible et qu\u2019ils restent bien rang\u00e9s.<\/p>\n<p>Cet ensemble en fonte noire se compose d\u2019une cocotte, d\u2019une po\u00eale et d\u2019un couvercle, chacun d\u2019un diam\u00e8tre de 24 cm. Il comprend un jeu de protections de bords qui doivent \u00eatre plac\u00e9es entre la po\u00eale et la cocotte lors du rangement dans le placard et qui doivent \u00eatre retir\u00e9es avant la cuisson. Gr\u00e2ce \u00e0 leur mat\u00e9riau \u00e9maill\u00e9 de haute qualit\u00e9, ces po\u00eales allient les excellentes caract\u00e9ristiques de cuisson et de durabilit\u00e9 de la fonte \u00e0 la facilit\u00e9 d\u2019utilisation et \u00e0 la beaut\u00e9 des ustensiles de cuisine \u00e9maill\u00e9s.<\/p>\n<p>La po\u00eale en fonte est parfaite pour cuisiner de la viande ou du poisson, par exemple du saumon avec des tomates cerises et des olives, tandis que la cocotte peut \u00eatre utilis\u00e9e pour pr\u00e9parer des p\u00e2tes ou de la soupe. Bien entendu, la cocotte peut aussi aller au four pour les recettes classiques de pot-au-feu.<\/p>\n<p>L\u2019ensemble comprend une cocotte, une casserole avec deux poign\u00e9es et un couvercle.<br \/>\nAvec des protections de bords pour un rangement facile<br \/>\nDiam\u00e8tre : 24 cm<br \/>\nFonte \u00e9maill\u00e9e de haute qualit\u00e9<br \/>\nConvient \u00e0 tous les types de plaques de cuisson, y compris les plaques \u00e0 induction<\/p>\n<p>CARACT\u00c9RISTIQUES<br \/>\nMat\u00e9riau : fonte<br \/>\nCouvercle existant : oui<br \/>\nInduction : Oui<br \/>\nConvient au four : Oui<br \/>\nAdapt\u00e9 au cong\u00e9lateur : Oui<br \/>\nAdapt\u00e9 \u00e0 la table de cuisson : Oui<br \/>\nNombre de pi\u00e8ces : 2<\/p>\n<p>DIMENSIONS<br \/>\nPoids net : 7,00 kg<br \/>\nLongueur du produit : 30,80 cm<br \/>\nLargeur du produit : 24,00 cm<br \/>\nHauteur du produit : 21,60 cm<\/p>\n","protected":false},"excerpt":{"rendered":"<p>DESCRIPTION En mati\u00e8re d\u2019ustensiles de cuisine en fonte, deux \u00e9l\u00e9ments essentiels constituent la base d\u2019une cuisine bien \u00e9quip\u00e9e : une po\u00eale \u00e0 frire ou un four hollandais. Ensemble, ces outils r\u00e9pondront \u00e0 presque tous vos besoins en mati\u00e8re de cuisine. Et avec la nouvelle \u00e9dition empilable de STAUB, vous pouvez maintenant les garder l\u2019un sur [&hellip;]<\/p>\n","protected":false},"featured_media":6365929,"template":"","meta":{"_acf_changed":false},"product_cat":[12001,11667,11991],"product_tag":[],"class_list":{"0":"post-63056","1":"product","2":"type-product","3":"status-publish","4":"has-post-thumbnail","6":"product_cat-casseroles","7":"product_cat-padelle-pentole","8":"product_cat-poeles-pots","10":"first","11":"instock","12":"sale","13":"taxable","14":"shipping-taxable","15":"purchasable","16":"product-type-simple","swatches":"rey-swatches","show_selected":"","stretch_labels":"rey-swatches--stretch-labels"},"acf":[],"yoast_head":"<!-- This site is optimized with the Yoast SEO plugin v25.4 - https:\/\/yoast.com\/wordpress\/plugins\/seo\/ -->\n<title>STAUB Batterie de cuisine Rouge 24 cm - dev6 Erresse<\/title>\n<meta name=\"description\" content=\"DESCRIPTION En mati\u00e8re d\u2019ustensiles de cuisine en fonte, deux \u00e9l\u00e9ments essentiels constituent la base d\u2019une cuisine bien \u00e9quip\u00e9e : une po\u00eale \u00e0 frire ou un\" \/>\n<meta name=\"robots\" content=\"noindex, follow, max-snippet:-1, max-image-preview:large, max-video-preview:-1\" \/>\n<meta property=\"og:locale\" content=\"fr_FR\" \/>\n<meta property=\"og:type\" content=\"article\" \/>\n<meta property=\"og:title\" content=\"STAUB Batterie de cuisine Rouge 24 cm - dev6 Erresse\" \/>\n<meta property=\"og:description\" content=\"DESCRIPTION En mati\u00e8re d\u2019ustensiles de cuisine en fonte, deux \u00e9l\u00e9ments essentiels constituent la base d\u2019une cuisine bien \u00e9quip\u00e9e : une po\u00eale \u00e0 frire ou un\" \/>\n<meta property=\"og:url\" content=\"https:\/\/dev6.erresse-shop.it\/fr\/shop\/poeles-pots\/casseroles\/staub-batterie-de-cuisine-rouge-24-cm\/\" \/>\n<meta property=\"og:site_name\" content=\"dev6 Erresse\" \/>\n<meta property=\"og:image\" content=\"https:\/\/interpim.erresse-shop.it\/Import\/Prodotti\/staub-set-di-pentole-cuoci-tutto-rosso-24-cm.jpg\" \/><meta property=\"og:image\" content=\"https:\/\/interpim.erresse-shop.it\/Import\/Prodotti\/staub-set-di-pentole-cuoci-tutto-rosso-24-cm.jpg\" \/>\n\t<meta property=\"og:image:width\" content=\"1024\" \/>\n\t<meta property=\"og:image:height\" content=\"1024\" \/>\n\t<meta property=\"og:image:type\" content=\"image\/jpeg\" \/>\n<meta name=\"twitter:card\" content=\"summary_large_image\" \/>\n<meta name=\"twitter:image\" content=\"https:\/\/interpim.erresse-shop.it\/Import\/Prodotti\/staub-set-di-pentole-cuoci-tutto-rosso-24-cm.jpg\" \/>\n<script type=\"application\/ld+json\" class=\"yoast-schema-graph\">{\"@context\":\"https:\/\/schema.org\",\"@graph\":[{\"@type\":\"WebPage\",\"@id\":\"https:\/\/dev6.erresse-shop.it\/fr\/shop\/poeles-pots\/casseroles\/staub-batterie-de-cuisine-rouge-24-cm\/\",\"url\":\"https:\/\/dev6.erresse-shop.it\/fr\/shop\/poeles-pots\/casseroles\/staub-batterie-de-cuisine-rouge-24-cm\/\",\"name\":\"STAUB Batterie de cuisine Rouge 24 cm - dev6 Erresse\",\"isPartOf\":{\"@id\":\"https:\/\/dev6.erresse-shop.it\/#website\"},\"primaryImageOfPage\":{\"@id\":\"https:\/\/dev6.erresse-shop.it\/fr\/shop\/poeles-pots\/casseroles\/staub-batterie-de-cuisine-rouge-24-cm\/#primaryimage\"},\"image\":{\"@id\":\"https:\/\/dev6.erresse-shop.it\/fr\/shop\/poeles-pots\/casseroles\/staub-batterie-de-cuisine-rouge-24-cm\/#primaryimage\"},\"thumbnailUrl\":\"https:\/\/i3.wp.com\/interpim.erresse-shop.it\/Import\/Prodotti\/staub-set-di-pentole-cuoci-tutto-rosso-24-cm.jpg?ssl=1\",\"datePublished\":\"2026-04-12T08:22:38+00:00\",\"description\":\"DESCRIPTION En mati\u00e8re d\u2019ustensiles de cuisine en fonte, deux \u00e9l\u00e9ments essentiels constituent la base d\u2019une cuisine bien \u00e9quip\u00e9e : une po\u00eale \u00e0 frire ou un\",\"breadcrumb\":{\"@id\":\"https:\/\/dev6.erresse-shop.it\/fr\/shop\/poeles-pots\/casseroles\/staub-batterie-de-cuisine-rouge-24-cm\/#breadcrumb\"},\"inLanguage\":\"fr-FR\",\"potentialAction\":[{\"@type\":\"ReadAction\",\"target\":[\"https:\/\/dev6.erresse-shop.it\/fr\/shop\/poeles-pots\/casseroles\/staub-batterie-de-cuisine-rouge-24-cm\/\"]}]},{\"@type\":\"ImageObject\",\"inLanguage\":\"fr-FR\",\"@id\":\"https:\/\/dev6.erresse-shop.it\/fr\/shop\/poeles-pots\/casseroles\/staub-batterie-de-cuisine-rouge-24-cm\/#primaryimage\",\"url\":\"https:\/\/i3.wp.com\/interpim.erresse-shop.it\/Import\/Prodotti\/staub-set-di-pentole-cuoci-tutto-rosso-24-cm.jpg?ssl=1\",\"contentUrl\":\"https:\/\/i3.wp.com\/interpim.erresse-shop.it\/Import\/Prodotti\/staub-set-di-pentole-cuoci-tutto-rosso-24-cm.jpg?ssl=1\"},{\"@type\":\"BreadcrumbList\",\"@id\":\"https:\/\/dev6.erresse-shop.it\/fr\/shop\/poeles-pots\/casseroles\/staub-batterie-de-cuisine-rouge-24-cm\/#breadcrumb\",\"itemListElement\":[{\"@type\":\"ListItem\",\"position\":1,\"name\":\"Home\",\"item\":\"https:\/\/dev6.erresse-shop.it\/\"},{\"@type\":\"ListItem\",\"position\":2,\"name\":\"Boutique\",\"item\":\"https:\/\/dev6.erresse-shop.it\/shop\/\"},{\"@type\":\"ListItem\",\"position\":3,\"name\":\"STAUB Batterie de cuisine Rouge 24 cm\"}]},{\"@type\":\"WebSite\",\"@id\":\"https:\/\/dev6.erresse-shop.it\/#website\",\"url\":\"https:\/\/dev6.erresse-shop.it\/\",\"name\":\"Erresse Shop\",\"description\":\"\",\"publisher\":{\"@id\":\"https:\/\/dev6.erresse-shop.it\/#organization\"},\"potentialAction\":[{\"@type\":\"SearchAction\",\"target\":{\"@type\":\"EntryPoint\",\"urlTemplate\":\"https:\/\/dev6.erresse-shop.it\/?s={search_term_string}\"},\"query-input\":{\"@type\":\"PropertyValueSpecification\",\"valueRequired\":true,\"valueName\":\"search_term_string\"}}],\"inLanguage\":\"fr-FR\"},{\"@type\":\"Organization\",\"@id\":\"https:\/\/dev6.erresse-shop.it\/#organization\",\"name\":\"Erresse Shop\",\"url\":\"https:\/\/dev6.erresse-shop.it\/\",\"logo\":{\"@type\":\"ImageObject\",\"inLanguage\":\"fr-FR\",\"@id\":\"https:\/\/dev6.erresse-shop.it\/#\/schema\/logo\/image\/\",\"url\":\"https:\/\/dev6.erresse-shop.it\/wp-content\/uploads\/2025\/01\/LOGO-ERRESSE-CLASSICO.svg\",\"contentUrl\":\"https:\/\/dev6.erresse-shop.it\/wp-content\/uploads\/2025\/01\/LOGO-ERRESSE-CLASSICO.svg\",\"caption\":\"Erresse Shop\"},\"image\":{\"@id\":\"https:\/\/dev6.erresse-shop.it\/#\/schema\/logo\/image\/\"}}]}<\/script>\n<!-- \/ Yoast SEO plugin. -->","yoast_head_json":{"title":"STAUB Batterie de cuisine Rouge 24 cm - dev6 Erresse","description":"DESCRIPTION En mati\u00e8re d\u2019ustensiles de cuisine en fonte, deux \u00e9l\u00e9ments essentiels constituent la base d\u2019une cuisine bien \u00e9quip\u00e9e : une po\u00eale \u00e0 frire ou un","robots":{"index":"noindex","follow":"follow","max-snippet":"max-snippet:-1","max-image-preview":"max-image-preview:large","max-video-preview":"max-video-preview:-1"},"og_locale":"fr_FR","og_type":"article","og_title":"STAUB Batterie de cuisine Rouge 24 cm - dev6 Erresse","og_description":"DESCRIPTION En mati\u00e8re d\u2019ustensiles de cuisine en fonte, deux \u00e9l\u00e9ments essentiels constituent la base d\u2019une cuisine bien \u00e9quip\u00e9e : une po\u00eale \u00e0 frire ou un","og_url":"https:\/\/dev6.erresse-shop.it\/fr\/shop\/poeles-pots\/casseroles\/staub-batterie-de-cuisine-rouge-24-cm\/","og_site_name":"dev6 Erresse","og_image":[{"url":"https:\/\/interpim.erresse-shop.it\/Import\/Prodotti\/staub-set-di-pentole-cuoci-tutto-rosso-24-cm.jpg","type":"","width":"","height":""},{"url":"https:\/\/interpim.erresse-shop.it\/Import\/Prodotti\/staub-set-di-pentole-cuoci-tutto-rosso-24-cm.jpg","width":1024,"height":1024,"type":"image\/jpeg"}],"twitter_card":"summary_large_image","twitter_image":"https:\/\/interpim.erresse-shop.it\/Import\/Prodotti\/staub-set-di-pentole-cuoci-tutto-rosso-24-cm.jpg","schema":{"@context":"https:\/\/schema.org","@graph":[{"@type":"WebPage","@id":"https:\/\/dev6.erresse-shop.it\/fr\/shop\/poeles-pots\/casseroles\/staub-batterie-de-cuisine-rouge-24-cm\/","url":"https:\/\/dev6.erresse-shop.it\/fr\/shop\/poeles-pots\/casseroles\/staub-batterie-de-cuisine-rouge-24-cm\/","name":"STAUB Batterie de cuisine Rouge 24 cm - dev6 Erresse","isPartOf":{"@id":"https:\/\/dev6.erresse-shop.it\/#website"},"primaryImageOfPage":{"@id":"https:\/\/dev6.erresse-shop.it\/fr\/shop\/poeles-pots\/casseroles\/staub-batterie-de-cuisine-rouge-24-cm\/#primaryimage"},"image":{"@id":"https:\/\/dev6.erresse-shop.it\/fr\/shop\/poeles-pots\/casseroles\/staub-batterie-de-cuisine-rouge-24-cm\/#primaryimage"},"thumbnailUrl":"https:\/\/i3.wp.com\/interpim.erresse-shop.it\/Import\/Prodotti\/staub-set-di-pentole-cuoci-tutto-rosso-24-cm.jpg?ssl=1","datePublished":"2026-04-12T08:22:38+00:00","description":"DESCRIPTION En mati\u00e8re d\u2019ustensiles de cuisine en fonte, deux \u00e9l\u00e9ments essentiels constituent la base d\u2019une cuisine bien \u00e9quip\u00e9e : une po\u00eale \u00e0 frire ou un","breadcrumb":{"@id":"https:\/\/dev6.erresse-shop.it\/fr\/shop\/poeles-pots\/casseroles\/staub-batterie-de-cuisine-rouge-24-cm\/#breadcrumb"},"inLanguage":"fr-FR","potentialAction":[{"@type":"ReadAction","target":["https:\/\/dev6.erresse-shop.it\/fr\/shop\/poeles-pots\/casseroles\/staub-batterie-de-cuisine-rouge-24-cm\/"]}]},{"@type":"ImageObject","inLanguage":"fr-FR","@id":"https:\/\/dev6.erresse-shop.it\/fr\/shop\/poeles-pots\/casseroles\/staub-batterie-de-cuisine-rouge-24-cm\/#primaryimage","url":"https:\/\/i3.wp.com\/interpim.erresse-shop.it\/Import\/Prodotti\/staub-set-di-pentole-cuoci-tutto-rosso-24-cm.jpg?ssl=1","contentUrl":"https:\/\/i3.wp.com\/interpim.erresse-shop.it\/Import\/Prodotti\/staub-set-di-pentole-cuoci-tutto-rosso-24-cm.jpg?ssl=1"},{"@type":"BreadcrumbList","@id":"https:\/\/dev6.erresse-shop.it\/fr\/shop\/poeles-pots\/casseroles\/staub-batterie-de-cuisine-rouge-24-cm\/#breadcrumb","itemListElement":[{"@type":"ListItem","position":1,"name":"Home","item":"https:\/\/dev6.erresse-shop.it\/"},{"@type":"ListItem","position":2,"name":"Boutique","item":"https:\/\/dev6.erresse-shop.it\/shop\/"},{"@type":"ListItem","position":3,"name":"STAUB Batterie de cuisine Rouge 24 cm"}]},{"@type":"WebSite","@id":"https:\/\/dev6.erresse-shop.it\/#website","url":"https:\/\/dev6.erresse-shop.it\/","name":"Erresse Shop","description":"","publisher":{"@id":"https:\/\/dev6.erresse-shop.it\/#organization"},"potentialAction":[{"@type":"SearchAction","target":{"@type":"EntryPoint","urlTemplate":"https:\/\/dev6.erresse-shop.it\/?s={search_term_string}"},"query-input":{"@type":"PropertyValueSpecification","valueRequired":true,"valueName":"search_term_string"}}],"inLanguage":"fr-FR"},{"@type":"Organization","@id":"https:\/\/dev6.erresse-shop.it\/#organization","name":"Erresse Shop","url":"https:\/\/dev6.erresse-shop.it\/","logo":{"@type":"ImageObject","inLanguage":"fr-FR","@id":"https:\/\/dev6.erresse-shop.it\/#\/schema\/logo\/image\/","url":"https:\/\/dev6.erresse-shop.it\/wp-content\/uploads\/2025\/01\/LOGO-ERRESSE-CLASSICO.svg","contentUrl":"https:\/\/dev6.erresse-shop.it\/wp-content\/uploads\/2025\/01\/LOGO-ERRESSE-CLASSICO.svg","caption":"Erresse Shop"},"image":{"@id":"https:\/\/dev6.erresse-shop.it\/#\/schema\/logo\/image\/"}}]}},"df_price":249.95,"df_sale_price":249.95,"df_regular_price":399,"df_image_link":"https:\/\/i3.wp.com\/interpim.erresse-shop.it\/Import\/Prodotti\/staub-set-di-pentole-cuoci-tutto-rosso-24-cm.jpg?resize=300,300&ssl=1","fifu_image_url":"https:\/\/interpim.erresse-shop.it\/Import\/Prodotti\/staub-set-di-pentole-cuoci-tutto-rosso-24-cm.jpg","_links":{"self":[{"href":"https:\/\/dev6.erresse-shop.it\/fr\/wp-json\/wp\/v2\/product\/63056","targetHints":{"allow":["GET"]}}],"collection":[{"href":"https:\/\/dev6.erresse-shop.it\/fr\/wp-json\/wp\/v2\/product"}],"about":[{"href":"https:\/\/dev6.erresse-shop.it\/fr\/wp-json\/wp\/v2\/types\/product"}],"wp:featuredmedia":[{"embeddable":true,"href":"https:\/\/dev6.erresse-shop.it\/fr\/wp-json\/wp\/v2\/media\/6365929"}],"wp:attachment":[{"href":"https:\/\/dev6.erresse-shop.it\/fr\/wp-json\/wp\/v2\/media?parent=63056"}],"wp:term":[{"taxonomy":"product_cat","embeddable":true,"href":"https:\/\/dev6.erresse-shop.it\/fr\/wp-json\/wp\/v2\/product_cat?post=63056"},{"taxonomy":"product_tag","embeddable":true,"href":"https:\/\/dev6.erresse-shop.it\/fr\/wp-json\/wp\/v2\/product_tag?post=63056"}],"curies":[{"name":"wp","href":"https:\/\/api.w.org\/{rel}","templated":true}]}}