{"id":63026,"date":"2026-04-12T10:20:51","date_gmt":"2026-04-12T08:20:51","guid":{"rendered":"https:\/\/dev6.erresse-shop.it\/shop\/non%20class\u00e9\/zwilling-focus-set-5-articles-de-cuisine\/"},"modified":"2025-09-14T05:14:54","modified_gmt":"2025-09-14T03:14:54","slug":"zwilling-focus-set-5-articles-de-cuisine","status":"publish","type":"product","link":"https:\/\/dev6.erresse-shop.it\/fr\/shop\/poeles-pots\/batteries-de-cuisine\/zwilling-focus-set-5-articles-de-cuisine\/","title":{"rendered":"ZWILLING Focus Set 5 Articles de cuisine"},"content":{"rendered":"<p>Ensemble de 5 ustensiles de cuisine de conception classique pour toutes les plaques de cuisson, y compris les plaques \u00e0 induction. Id\u00e9al comme \u00e9quipement de base et comme compl\u00e9ment aux ustensiles de cuisine existants.<\/p>\n<p>Cuisson \u00e9conome en \u00e9nergie: r\u00e9partition rapide et homog\u00e8ne de la chaleur et conservation optimale de la chaleur gr\u00e2ce au noyau en aluminium. Couvercle en verre plat avec joint \u00e9tanche.<\/p>\n<p>Pratique \u00e0 utiliser: dosage pr\u00e9cis gr\u00e2ce \u00e0 la graduation interne. Poign\u00e9es ergonomiques pour un transport confortable et s\u00fbr. Bord repli\u00e9 pour un versement s\u00fbr et sans gouttes. Surface mate facile \u00e0 nettoyer et r\u00e9sistante aux rayures. Hygi\u00e9nique et sans go\u00fbt.<\/p>\n<p>Mat\u00e9riau : Acier inoxydable 18\/10 de haute qualit\u00e9.<\/p>\n<p>Poids: 7,2 kg<\/p>\n<p>Capacit\u00e9 : 4 litres<\/p>\n<p>Passe au lave-vaisselle. Peut \u00e9galement \u00eatre utilis\u00e9 au four.<\/p>\n<p>Contenu:<\/p>\n<p>3 casseroles &#43; 3 couvercles (\u00d8 16 cm\/1,8 L, \u00d8 20 cm\/4 L, \u00d8 24 cm\/6 L)<br \/>\n1x casserole &#43; 1 couvercle (\u00d8 20 cm\/3 L)<br \/>\n1x Casserole avec poign\u00e9e (\u00d8 16 cm\/1.5 L)<\/p>\n","protected":false},"excerpt":{"rendered":"<p>Ensemble de 5 ustensiles de cuisine de conception classique pour toutes les plaques de cuisson, y compris les plaques \u00e0 induction. Id\u00e9al comme \u00e9quipement de base et comme compl\u00e9ment aux ustensiles de cuisine existants. Cuisson \u00e9conome en \u00e9nergie: r\u00e9partition rapide et homog\u00e8ne de la chaleur et conservation optimale de la chaleur gr\u00e2ce au noyau en [&hellip;]<\/p>\n","protected":false},"featured_media":6365842,"template":"","meta":{"_acf_changed":false},"product_cat":[12024,11667,11991],"product_tag":[],"class_list":{"0":"post-63026","1":"product","2":"type-product","3":"status-publish","4":"has-post-thumbnail","6":"product_cat-batteries-de-cuisine","7":"product_cat-padelle-pentole","8":"product_cat-poeles-pots","10":"first","11":"instock","12":"sale","13":"taxable","14":"shipping-taxable","15":"purchasable","16":"product-type-simple","swatches":"rey-swatches","show_selected":"","stretch_labels":"rey-swatches--stretch-labels"},"acf":[],"yoast_head":"<!-- This site is optimized with the Yoast SEO plugin v25.4 - https:\/\/yoast.com\/wordpress\/plugins\/seo\/ -->\n<title>ZWILLING Focus Set 5 Articles de cuisine - dev6 Erresse<\/title>\n<meta name=\"description\" content=\"Ensemble de 5 ustensiles de cuisine de conception classique pour toutes les plaques de cuisson, y compris les plaques \u00e0 induction. Id\u00e9al comme \u00e9quipement\" \/>\n<meta name=\"robots\" content=\"noindex, follow, max-snippet:-1, max-image-preview:large, max-video-preview:-1\" \/>\n<meta property=\"og:locale\" content=\"fr_FR\" \/>\n<meta property=\"og:type\" content=\"article\" \/>\n<meta property=\"og:title\" content=\"ZWILLING Focus Set 5 Articles de cuisine - dev6 Erresse\" \/>\n<meta property=\"og:description\" content=\"Ensemble de 5 ustensiles de cuisine de conception classique pour toutes les plaques de cuisson, y compris les plaques \u00e0 induction. Id\u00e9al comme \u00e9quipement\" \/>\n<meta property=\"og:url\" content=\"https:\/\/dev6.erresse-shop.it\/fr\/shop\/poeles-pots\/batteries-de-cuisine\/zwilling-focus-set-5-articles-de-cuisine\/\" \/>\n<meta property=\"og:site_name\" content=\"dev6 Erresse\" \/>\n<meta property=\"og:image\" content=\"https:\/\/interpim.erresse-shop.it\/img-catalogo\/zwilling\/zwilling-focus-set-di-5-pentole.jpg\" \/><meta property=\"og:image\" content=\"https:\/\/interpim.erresse-shop.it\/img-catalogo\/zwilling\/zwilling-focus-set-di-5-pentole.jpg\" \/>\n\t<meta property=\"og:image:width\" content=\"1024\" \/>\n\t<meta property=\"og:image:height\" content=\"1024\" \/>\n\t<meta property=\"og:image:type\" content=\"image\/jpeg\" \/>\n<meta name=\"twitter:card\" content=\"summary_large_image\" \/>\n<meta name=\"twitter:image\" content=\"https:\/\/interpim.erresse-shop.it\/img-catalogo\/zwilling\/zwilling-focus-set-di-5-pentole.jpg\" \/>\n<script type=\"application\/ld+json\" class=\"yoast-schema-graph\">{\"@context\":\"https:\/\/schema.org\",\"@graph\":[{\"@type\":\"WebPage\",\"@id\":\"https:\/\/dev6.erresse-shop.it\/fr\/shop\/poeles-pots\/batteries-de-cuisine\/zwilling-focus-set-5-articles-de-cuisine\/\",\"url\":\"https:\/\/dev6.erresse-shop.it\/fr\/shop\/poeles-pots\/batteries-de-cuisine\/zwilling-focus-set-5-articles-de-cuisine\/\",\"name\":\"ZWILLING Focus Set 5 Articles de cuisine - dev6 Erresse\",\"isPartOf\":{\"@id\":\"https:\/\/dev6.erresse-shop.it\/#website\"},\"primaryImageOfPage\":{\"@id\":\"https:\/\/dev6.erresse-shop.it\/fr\/shop\/poeles-pots\/batteries-de-cuisine\/zwilling-focus-set-5-articles-de-cuisine\/#primaryimage\"},\"image\":{\"@id\":\"https:\/\/dev6.erresse-shop.it\/fr\/shop\/poeles-pots\/batteries-de-cuisine\/zwilling-focus-set-5-articles-de-cuisine\/#primaryimage\"},\"thumbnailUrl\":\"https:\/\/i3.wp.com\/interpim.erresse-shop.it\/img-catalogo\/zwilling\/zwilling-focus-set-di-5-pentole.jpg?ssl=1\",\"datePublished\":\"2026-04-12T08:20:51+00:00\",\"description\":\"Ensemble de 5 ustensiles de cuisine de conception classique pour toutes les plaques de cuisson, y compris les plaques \u00e0 induction. Id\u00e9al comme \u00e9quipement\",\"breadcrumb\":{\"@id\":\"https:\/\/dev6.erresse-shop.it\/fr\/shop\/poeles-pots\/batteries-de-cuisine\/zwilling-focus-set-5-articles-de-cuisine\/#breadcrumb\"},\"inLanguage\":\"fr-FR\",\"potentialAction\":[{\"@type\":\"ReadAction\",\"target\":[\"https:\/\/dev6.erresse-shop.it\/fr\/shop\/poeles-pots\/batteries-de-cuisine\/zwilling-focus-set-5-articles-de-cuisine\/\"]}]},{\"@type\":\"ImageObject\",\"inLanguage\":\"fr-FR\",\"@id\":\"https:\/\/dev6.erresse-shop.it\/fr\/shop\/poeles-pots\/batteries-de-cuisine\/zwilling-focus-set-5-articles-de-cuisine\/#primaryimage\",\"url\":\"https:\/\/i3.wp.com\/interpim.erresse-shop.it\/img-catalogo\/zwilling\/zwilling-focus-set-di-5-pentole.jpg?ssl=1\",\"contentUrl\":\"https:\/\/i3.wp.com\/interpim.erresse-shop.it\/img-catalogo\/zwilling\/zwilling-focus-set-di-5-pentole.jpg?ssl=1\"},{\"@type\":\"BreadcrumbList\",\"@id\":\"https:\/\/dev6.erresse-shop.it\/fr\/shop\/poeles-pots\/batteries-de-cuisine\/zwilling-focus-set-5-articles-de-cuisine\/#breadcrumb\",\"itemListElement\":[{\"@type\":\"ListItem\",\"position\":1,\"name\":\"Home\",\"item\":\"https:\/\/dev6.erresse-shop.it\/\"},{\"@type\":\"ListItem\",\"position\":2,\"name\":\"Boutique\",\"item\":\"https:\/\/dev6.erresse-shop.it\/shop\/\"},{\"@type\":\"ListItem\",\"position\":3,\"name\":\"ZWILLING Focus Set 5 Articles de cuisine\"}]},{\"@type\":\"WebSite\",\"@id\":\"https:\/\/dev6.erresse-shop.it\/#website\",\"url\":\"https:\/\/dev6.erresse-shop.it\/\",\"name\":\"Erresse Shop\",\"description\":\"\",\"publisher\":{\"@id\":\"https:\/\/dev6.erresse-shop.it\/#organization\"},\"potentialAction\":[{\"@type\":\"SearchAction\",\"target\":{\"@type\":\"EntryPoint\",\"urlTemplate\":\"https:\/\/dev6.erresse-shop.it\/?s={search_term_string}\"},\"query-input\":{\"@type\":\"PropertyValueSpecification\",\"valueRequired\":true,\"valueName\":\"search_term_string\"}}],\"inLanguage\":\"fr-FR\"},{\"@type\":\"Organization\",\"@id\":\"https:\/\/dev6.erresse-shop.it\/#organization\",\"name\":\"Erresse Shop\",\"url\":\"https:\/\/dev6.erresse-shop.it\/\",\"logo\":{\"@type\":\"ImageObject\",\"inLanguage\":\"fr-FR\",\"@id\":\"https:\/\/dev6.erresse-shop.it\/#\/schema\/logo\/image\/\",\"url\":\"https:\/\/dev6.erresse-shop.it\/wp-content\/uploads\/2025\/01\/LOGO-ERRESSE-CLASSICO.svg\",\"contentUrl\":\"https:\/\/dev6.erresse-shop.it\/wp-content\/uploads\/2025\/01\/LOGO-ERRESSE-CLASSICO.svg\",\"caption\":\"Erresse Shop\"},\"image\":{\"@id\":\"https:\/\/dev6.erresse-shop.it\/#\/schema\/logo\/image\/\"}}]}<\/script>\n<!-- \/ Yoast SEO plugin. -->","yoast_head_json":{"title":"ZWILLING Focus Set 5 Articles de cuisine - dev6 Erresse","description":"Ensemble de 5 ustensiles de cuisine de conception classique pour toutes les plaques de cuisson, y compris les plaques \u00e0 induction. Id\u00e9al comme \u00e9quipement","robots":{"index":"noindex","follow":"follow","max-snippet":"max-snippet:-1","max-image-preview":"max-image-preview:large","max-video-preview":"max-video-preview:-1"},"og_locale":"fr_FR","og_type":"article","og_title":"ZWILLING Focus Set 5 Articles de cuisine - dev6 Erresse","og_description":"Ensemble de 5 ustensiles de cuisine de conception classique pour toutes les plaques de cuisson, y compris les plaques \u00e0 induction. Id\u00e9al comme \u00e9quipement","og_url":"https:\/\/dev6.erresse-shop.it\/fr\/shop\/poeles-pots\/batteries-de-cuisine\/zwilling-focus-set-5-articles-de-cuisine\/","og_site_name":"dev6 Erresse","og_image":[{"url":"https:\/\/interpim.erresse-shop.it\/img-catalogo\/zwilling\/zwilling-focus-set-di-5-pentole.jpg","type":"","width":"","height":""},{"url":"https:\/\/interpim.erresse-shop.it\/img-catalogo\/zwilling\/zwilling-focus-set-di-5-pentole.jpg","width":1024,"height":1024,"type":"image\/jpeg"}],"twitter_card":"summary_large_image","twitter_image":"https:\/\/interpim.erresse-shop.it\/img-catalogo\/zwilling\/zwilling-focus-set-di-5-pentole.jpg","schema":{"@context":"https:\/\/schema.org","@graph":[{"@type":"WebPage","@id":"https:\/\/dev6.erresse-shop.it\/fr\/shop\/poeles-pots\/batteries-de-cuisine\/zwilling-focus-set-5-articles-de-cuisine\/","url":"https:\/\/dev6.erresse-shop.it\/fr\/shop\/poeles-pots\/batteries-de-cuisine\/zwilling-focus-set-5-articles-de-cuisine\/","name":"ZWILLING Focus Set 5 Articles de cuisine - dev6 Erresse","isPartOf":{"@id":"https:\/\/dev6.erresse-shop.it\/#website"},"primaryImageOfPage":{"@id":"https:\/\/dev6.erresse-shop.it\/fr\/shop\/poeles-pots\/batteries-de-cuisine\/zwilling-focus-set-5-articles-de-cuisine\/#primaryimage"},"image":{"@id":"https:\/\/dev6.erresse-shop.it\/fr\/shop\/poeles-pots\/batteries-de-cuisine\/zwilling-focus-set-5-articles-de-cuisine\/#primaryimage"},"thumbnailUrl":"https:\/\/i3.wp.com\/interpim.erresse-shop.it\/img-catalogo\/zwilling\/zwilling-focus-set-di-5-pentole.jpg?ssl=1","datePublished":"2026-04-12T08:20:51+00:00","description":"Ensemble de 5 ustensiles de cuisine de conception classique pour toutes les plaques de cuisson, y compris les plaques \u00e0 induction. Id\u00e9al comme \u00e9quipement","breadcrumb":{"@id":"https:\/\/dev6.erresse-shop.it\/fr\/shop\/poeles-pots\/batteries-de-cuisine\/zwilling-focus-set-5-articles-de-cuisine\/#breadcrumb"},"inLanguage":"fr-FR","potentialAction":[{"@type":"ReadAction","target":["https:\/\/dev6.erresse-shop.it\/fr\/shop\/poeles-pots\/batteries-de-cuisine\/zwilling-focus-set-5-articles-de-cuisine\/"]}]},{"@type":"ImageObject","inLanguage":"fr-FR","@id":"https:\/\/dev6.erresse-shop.it\/fr\/shop\/poeles-pots\/batteries-de-cuisine\/zwilling-focus-set-5-articles-de-cuisine\/#primaryimage","url":"https:\/\/i3.wp.com\/interpim.erresse-shop.it\/img-catalogo\/zwilling\/zwilling-focus-set-di-5-pentole.jpg?ssl=1","contentUrl":"https:\/\/i3.wp.com\/interpim.erresse-shop.it\/img-catalogo\/zwilling\/zwilling-focus-set-di-5-pentole.jpg?ssl=1"},{"@type":"BreadcrumbList","@id":"https:\/\/dev6.erresse-shop.it\/fr\/shop\/poeles-pots\/batteries-de-cuisine\/zwilling-focus-set-5-articles-de-cuisine\/#breadcrumb","itemListElement":[{"@type":"ListItem","position":1,"name":"Home","item":"https:\/\/dev6.erresse-shop.it\/"},{"@type":"ListItem","position":2,"name":"Boutique","item":"https:\/\/dev6.erresse-shop.it\/shop\/"},{"@type":"ListItem","position":3,"name":"ZWILLING Focus Set 5 Articles de cuisine"}]},{"@type":"WebSite","@id":"https:\/\/dev6.erresse-shop.it\/#website","url":"https:\/\/dev6.erresse-shop.it\/","name":"Erresse Shop","description":"","publisher":{"@id":"https:\/\/dev6.erresse-shop.it\/#organization"},"potentialAction":[{"@type":"SearchAction","target":{"@type":"EntryPoint","urlTemplate":"https:\/\/dev6.erresse-shop.it\/?s={search_term_string}"},"query-input":{"@type":"PropertyValueSpecification","valueRequired":true,"valueName":"search_term_string"}}],"inLanguage":"fr-FR"},{"@type":"Organization","@id":"https:\/\/dev6.erresse-shop.it\/#organization","name":"Erresse Shop","url":"https:\/\/dev6.erresse-shop.it\/","logo":{"@type":"ImageObject","inLanguage":"fr-FR","@id":"https:\/\/dev6.erresse-shop.it\/#\/schema\/logo\/image\/","url":"https:\/\/dev6.erresse-shop.it\/wp-content\/uploads\/2025\/01\/LOGO-ERRESSE-CLASSICO.svg","contentUrl":"https:\/\/dev6.erresse-shop.it\/wp-content\/uploads\/2025\/01\/LOGO-ERRESSE-CLASSICO.svg","caption":"Erresse Shop"},"image":{"@id":"https:\/\/dev6.erresse-shop.it\/#\/schema\/logo\/image\/"}}]}},"df_price":179,"df_sale_price":179,"df_regular_price":249,"df_image_link":"https:\/\/i3.wp.com\/interpim.erresse-shop.it\/img-catalogo\/zwilling\/zwilling-focus-set-di-5-pentole.jpg?resize=300,300&ssl=1","fifu_image_url":"https:\/\/interpim.erresse-shop.it\/img-catalogo\/zwilling\/zwilling-focus-set-di-5-pentole.jpg","_links":{"self":[{"href":"https:\/\/dev6.erresse-shop.it\/fr\/wp-json\/wp\/v2\/product\/63026","targetHints":{"allow":["GET"]}}],"collection":[{"href":"https:\/\/dev6.erresse-shop.it\/fr\/wp-json\/wp\/v2\/product"}],"about":[{"href":"https:\/\/dev6.erresse-shop.it\/fr\/wp-json\/wp\/v2\/types\/product"}],"wp:featuredmedia":[{"embeddable":true,"href":"https:\/\/dev6.erresse-shop.it\/fr\/wp-json\/wp\/v2\/media\/6365842"}],"wp:attachment":[{"href":"https:\/\/dev6.erresse-shop.it\/fr\/wp-json\/wp\/v2\/media?parent=63026"}],"wp:term":[{"taxonomy":"product_cat","embeddable":true,"href":"https:\/\/dev6.erresse-shop.it\/fr\/wp-json\/wp\/v2\/product_cat?post=63026"},{"taxonomy":"product_tag","embeddable":true,"href":"https:\/\/dev6.erresse-shop.it\/fr\/wp-json\/wp\/v2\/product_tag?post=63026"}],"curies":[{"name":"wp","href":"https:\/\/api.w.org\/{rel}","templated":true}]}}