{"id":62972,"date":"2026-04-12T10:19:03","date_gmt":"2026-04-12T08:19:03","guid":{"rendered":"https:\/\/dev6.erresse-shop.it\/shop\/non%20class\u00e9\/toms-drag-guardian-cat-m\/"},"modified":"2025-07-04T17:29:40","modified_gmt":"2025-07-04T15:29:40","slug":"toms-drag-guardian-cat-m","status":"publish","type":"product","link":"https:\/\/dev6.erresse-shop.it\/fr\/shop\/ameublement-maison\/objets-de-decoration\/toms-drag-guardian-cat-m\/","title":{"rendered":"TOM&#8217;S DRAG Guardian Cat M"},"content":{"rendered":"<p>Le chat Guardian M est une figurine en r\u00e9sine peinte \u00e0 la main. Article de la ligne Cats Collection de Tom\u2019s Drag.<\/p>\n<p>La collection \u2018Silver Line\u2019 est \u00e0 100% une production de Tom\u2019s Drag, m\u00eame si elle est totalement diff\u00e9rente en apparence. Tom\u2019s Drag prouve qu\u2019il peut \u00e9galement travailler avec de l\u2019argent et des couleurs fra\u00eeches, tout en restant totalement authentique et incomparable.<br \/>\nRien dans la collection Tom\u2019s Drag n\u2019est produit industriellement. Chaque pi\u00e8ce est une \u0153uvre exclusivement artisanale, derri\u00e8re laquelle se cache un travail long et complexe, de la premi\u00e8re \u00e9bauche au traitement final.<br \/>\nL\u2019esquisse sur papier commence par l\u2019inspiration de l\u2019artiste, qui donne vie \u00e0 une forme brute de bois sculpt\u00e9 \u00e0 la main. De cette sculpture na\u00eet la forme en caoutchouc, qui est remplie d\u2019une quantit\u00e9 pr\u00e9cise de marmorino liquide, compos\u00e9 de marbre broy\u00e9 et de r\u00e9sine synth\u00e9tique. La forme est ensuite ferm\u00e9e et d\u00e9plac\u00e9e \u00e0 la main. L\u2019\u00e9bauche est pr\u00eate \u00e0 \u00eatre polie et peinte avec un fond blanc. Sur cette base blanche, les contours sont ensuite dessin\u00e9s au crayon, puis les couleurs sont appliqu\u00e9es. La phase de d\u00e9coration \u00e0 la main est la plus longue et la plus complexe en raison de la vari\u00e9t\u00e9 des motifs et des nuances de couleurs utilis\u00e9es. \u00c0 la fin des couleurs choisies, la feuille d\u2019or est appliqu\u00e9e pour fixer les couleurs. La derni\u00e8re \u00e9tape est la finition des d\u00e9tails o\u00f9 sont appliqu\u00e9s les accessoires caract\u00e9ristiques de Tom tels que les strass, les piercings, les boucles d\u2019oreilles, les cils et d\u2019autres petits d\u00e9tails.<\/p>\n","protected":false},"excerpt":{"rendered":"<p>Le chat Guardian M est une figurine en r\u00e9sine peinte \u00e0 la main. Article de la ligne Cats Collection de Tom\u2019s Drag. La collection \u2018Silver Line\u2019 est \u00e0 100% une production de Tom\u2019s Drag, m\u00eame si elle est totalement diff\u00e9rente en apparence. Tom\u2019s Drag prouve qu\u2019il peut \u00e9galement travailler avec de l\u2019argent et des couleurs [&hellip;]<\/p>\n","protected":false},"featured_media":6365682,"template":"","meta":{"_acf_changed":false},"product_cat":[11990,11666,12021],"product_tag":[],"class_list":{"0":"post-62972","1":"product","2":"type-product","3":"status-publish","4":"has-post-thumbnail","6":"product_cat-ameublement-maison","7":"product_cat-arredamento-casa","8":"product_cat-objets-de-decoration","10":"first","11":"instock","12":"taxable","13":"shipping-taxable","14":"purchasable","15":"product-type-simple","swatches":"rey-swatches","show_selected":"","stretch_labels":"rey-swatches--stretch-labels"},"acf":[],"yoast_head":"<!-- This site is optimized with the Yoast SEO plugin v25.4 - https:\/\/yoast.com\/wordpress\/plugins\/seo\/ -->\n<title>TOM&#8217;S DRAG Guardian Cat M - dev6 Erresse<\/title>\n<meta name=\"description\" content=\"Le chat Guardian M est une figurine en r\u00e9sine peinte \u00e0 la main. Article de la ligne Cats Collection de Tom\u2019s Drag. La collection \u2018Silver Line\u2019 est \u00e0 100%\" \/>\n<meta name=\"robots\" content=\"noindex, follow, max-snippet:-1, max-image-preview:large, max-video-preview:-1\" \/>\n<meta property=\"og:locale\" content=\"fr_FR\" \/>\n<meta property=\"og:type\" content=\"article\" \/>\n<meta property=\"og:title\" content=\"TOM&#8217;S DRAG Guardian Cat M - dev6 Erresse\" \/>\n<meta property=\"og:description\" content=\"Le chat Guardian M est une figurine en r\u00e9sine peinte \u00e0 la main. Article de la ligne Cats Collection de Tom\u2019s Drag. La collection \u2018Silver Line\u2019 est \u00e0 100%\" \/>\n<meta property=\"og:url\" content=\"https:\/\/dev6.erresse-shop.it\/fr\/shop\/ameublement-maison\/objets-de-decoration\/toms-drag-guardian-cat-m\/\" \/>\n<meta property=\"og:site_name\" content=\"dev6 Erresse\" \/>\n<meta property=\"og:image\" content=\"https:\/\/interpim.erresse-shop.it\/img-catalogo\/toms-drag\/toms-drag-guardan-cat.jpg\" \/><meta property=\"og:image\" content=\"https:\/\/interpim.erresse-shop.it\/img-catalogo\/toms-drag\/toms-drag-guardan-cat.jpg\" \/>\n\t<meta property=\"og:image:width\" content=\"1024\" \/>\n\t<meta property=\"og:image:height\" content=\"1024\" \/>\n\t<meta property=\"og:image:type\" content=\"image\/jpeg\" \/>\n<meta name=\"twitter:card\" content=\"summary_large_image\" \/>\n<meta name=\"twitter:image\" content=\"https:\/\/interpim.erresse-shop.it\/img-catalogo\/toms-drag\/toms-drag-guardan-cat.jpg\" \/>\n<script type=\"application\/ld+json\" class=\"yoast-schema-graph\">{\"@context\":\"https:\/\/schema.org\",\"@graph\":[{\"@type\":\"WebPage\",\"@id\":\"https:\/\/dev6.erresse-shop.it\/fr\/shop\/ameublement-maison\/objets-de-decoration\/toms-drag-guardian-cat-m\/\",\"url\":\"https:\/\/dev6.erresse-shop.it\/fr\/shop\/ameublement-maison\/objets-de-decoration\/toms-drag-guardian-cat-m\/\",\"name\":\"TOM&#8217;S DRAG Guardian Cat M - dev6 Erresse\",\"isPartOf\":{\"@id\":\"https:\/\/dev6.erresse-shop.it\/#website\"},\"primaryImageOfPage\":{\"@id\":\"https:\/\/dev6.erresse-shop.it\/fr\/shop\/ameublement-maison\/objets-de-decoration\/toms-drag-guardian-cat-m\/#primaryimage\"},\"image\":{\"@id\":\"https:\/\/dev6.erresse-shop.it\/fr\/shop\/ameublement-maison\/objets-de-decoration\/toms-drag-guardian-cat-m\/#primaryimage\"},\"thumbnailUrl\":\"https:\/\/i2.wp.com\/interpim.erresse-shop.it\/img-catalogo\/toms-drag\/toms-drag-guardan-cat.jpg?ssl=1\",\"datePublished\":\"2026-04-12T08:19:03+00:00\",\"description\":\"Le chat Guardian M est une figurine en r\u00e9sine peinte \u00e0 la main. Article de la ligne Cats Collection de Tom\u2019s Drag. La collection \u2018Silver Line\u2019 est \u00e0 100%\",\"breadcrumb\":{\"@id\":\"https:\/\/dev6.erresse-shop.it\/fr\/shop\/ameublement-maison\/objets-de-decoration\/toms-drag-guardian-cat-m\/#breadcrumb\"},\"inLanguage\":\"fr-FR\",\"potentialAction\":[{\"@type\":\"ReadAction\",\"target\":[\"https:\/\/dev6.erresse-shop.it\/fr\/shop\/ameublement-maison\/objets-de-decoration\/toms-drag-guardian-cat-m\/\"]}]},{\"@type\":\"ImageObject\",\"inLanguage\":\"fr-FR\",\"@id\":\"https:\/\/dev6.erresse-shop.it\/fr\/shop\/ameublement-maison\/objets-de-decoration\/toms-drag-guardian-cat-m\/#primaryimage\",\"url\":\"https:\/\/i2.wp.com\/interpim.erresse-shop.it\/img-catalogo\/toms-drag\/toms-drag-guardan-cat.jpg?ssl=1\",\"contentUrl\":\"https:\/\/i2.wp.com\/interpim.erresse-shop.it\/img-catalogo\/toms-drag\/toms-drag-guardan-cat.jpg?ssl=1\"},{\"@type\":\"BreadcrumbList\",\"@id\":\"https:\/\/dev6.erresse-shop.it\/fr\/shop\/ameublement-maison\/objets-de-decoration\/toms-drag-guardian-cat-m\/#breadcrumb\",\"itemListElement\":[{\"@type\":\"ListItem\",\"position\":1,\"name\":\"Home\",\"item\":\"https:\/\/dev6.erresse-shop.it\/\"},{\"@type\":\"ListItem\",\"position\":2,\"name\":\"Boutique\",\"item\":\"https:\/\/dev6.erresse-shop.it\/shop\/\"},{\"@type\":\"ListItem\",\"position\":3,\"name\":\"TOM&#8217;S DRAG Guardian Cat M\"}]},{\"@type\":\"WebSite\",\"@id\":\"https:\/\/dev6.erresse-shop.it\/#website\",\"url\":\"https:\/\/dev6.erresse-shop.it\/\",\"name\":\"Erresse Shop\",\"description\":\"\",\"publisher\":{\"@id\":\"https:\/\/dev6.erresse-shop.it\/#organization\"},\"potentialAction\":[{\"@type\":\"SearchAction\",\"target\":{\"@type\":\"EntryPoint\",\"urlTemplate\":\"https:\/\/dev6.erresse-shop.it\/?s={search_term_string}\"},\"query-input\":{\"@type\":\"PropertyValueSpecification\",\"valueRequired\":true,\"valueName\":\"search_term_string\"}}],\"inLanguage\":\"fr-FR\"},{\"@type\":\"Organization\",\"@id\":\"https:\/\/dev6.erresse-shop.it\/#organization\",\"name\":\"Erresse Shop\",\"url\":\"https:\/\/dev6.erresse-shop.it\/\",\"logo\":{\"@type\":\"ImageObject\",\"inLanguage\":\"fr-FR\",\"@id\":\"https:\/\/dev6.erresse-shop.it\/#\/schema\/logo\/image\/\",\"url\":\"https:\/\/dev6.erresse-shop.it\/wp-content\/uploads\/2025\/01\/LOGO-ERRESSE-CLASSICO.svg\",\"contentUrl\":\"https:\/\/dev6.erresse-shop.it\/wp-content\/uploads\/2025\/01\/LOGO-ERRESSE-CLASSICO.svg\",\"caption\":\"Erresse Shop\"},\"image\":{\"@id\":\"https:\/\/dev6.erresse-shop.it\/#\/schema\/logo\/image\/\"}}]}<\/script>\n<!-- \/ Yoast SEO plugin. -->","yoast_head_json":{"title":"TOM&#8217;S DRAG Guardian Cat M - dev6 Erresse","description":"Le chat Guardian M est une figurine en r\u00e9sine peinte \u00e0 la main. Article de la ligne Cats Collection de Tom\u2019s Drag. La collection \u2018Silver Line\u2019 est \u00e0 100%","robots":{"index":"noindex","follow":"follow","max-snippet":"max-snippet:-1","max-image-preview":"max-image-preview:large","max-video-preview":"max-video-preview:-1"},"og_locale":"fr_FR","og_type":"article","og_title":"TOM&#8217;S DRAG Guardian Cat M - dev6 Erresse","og_description":"Le chat Guardian M est une figurine en r\u00e9sine peinte \u00e0 la main. Article de la ligne Cats Collection de Tom\u2019s Drag. La collection \u2018Silver Line\u2019 est \u00e0 100%","og_url":"https:\/\/dev6.erresse-shop.it\/fr\/shop\/ameublement-maison\/objets-de-decoration\/toms-drag-guardian-cat-m\/","og_site_name":"dev6 Erresse","og_image":[{"url":"https:\/\/interpim.erresse-shop.it\/img-catalogo\/toms-drag\/toms-drag-guardan-cat.jpg","type":"","width":"","height":""},{"url":"https:\/\/interpim.erresse-shop.it\/img-catalogo\/toms-drag\/toms-drag-guardan-cat.jpg","width":1024,"height":1024,"type":"image\/jpeg"}],"twitter_card":"summary_large_image","twitter_image":"https:\/\/interpim.erresse-shop.it\/img-catalogo\/toms-drag\/toms-drag-guardan-cat.jpg","schema":{"@context":"https:\/\/schema.org","@graph":[{"@type":"WebPage","@id":"https:\/\/dev6.erresse-shop.it\/fr\/shop\/ameublement-maison\/objets-de-decoration\/toms-drag-guardian-cat-m\/","url":"https:\/\/dev6.erresse-shop.it\/fr\/shop\/ameublement-maison\/objets-de-decoration\/toms-drag-guardian-cat-m\/","name":"TOM&#8217;S DRAG Guardian Cat M - dev6 Erresse","isPartOf":{"@id":"https:\/\/dev6.erresse-shop.it\/#website"},"primaryImageOfPage":{"@id":"https:\/\/dev6.erresse-shop.it\/fr\/shop\/ameublement-maison\/objets-de-decoration\/toms-drag-guardian-cat-m\/#primaryimage"},"image":{"@id":"https:\/\/dev6.erresse-shop.it\/fr\/shop\/ameublement-maison\/objets-de-decoration\/toms-drag-guardian-cat-m\/#primaryimage"},"thumbnailUrl":"https:\/\/i2.wp.com\/interpim.erresse-shop.it\/img-catalogo\/toms-drag\/toms-drag-guardan-cat.jpg?ssl=1","datePublished":"2026-04-12T08:19:03+00:00","description":"Le chat Guardian M est une figurine en r\u00e9sine peinte \u00e0 la main. Article de la ligne Cats Collection de Tom\u2019s Drag. La collection \u2018Silver Line\u2019 est \u00e0 100%","breadcrumb":{"@id":"https:\/\/dev6.erresse-shop.it\/fr\/shop\/ameublement-maison\/objets-de-decoration\/toms-drag-guardian-cat-m\/#breadcrumb"},"inLanguage":"fr-FR","potentialAction":[{"@type":"ReadAction","target":["https:\/\/dev6.erresse-shop.it\/fr\/shop\/ameublement-maison\/objets-de-decoration\/toms-drag-guardian-cat-m\/"]}]},{"@type":"ImageObject","inLanguage":"fr-FR","@id":"https:\/\/dev6.erresse-shop.it\/fr\/shop\/ameublement-maison\/objets-de-decoration\/toms-drag-guardian-cat-m\/#primaryimage","url":"https:\/\/i2.wp.com\/interpim.erresse-shop.it\/img-catalogo\/toms-drag\/toms-drag-guardan-cat.jpg?ssl=1","contentUrl":"https:\/\/i2.wp.com\/interpim.erresse-shop.it\/img-catalogo\/toms-drag\/toms-drag-guardan-cat.jpg?ssl=1"},{"@type":"BreadcrumbList","@id":"https:\/\/dev6.erresse-shop.it\/fr\/shop\/ameublement-maison\/objets-de-decoration\/toms-drag-guardian-cat-m\/#breadcrumb","itemListElement":[{"@type":"ListItem","position":1,"name":"Home","item":"https:\/\/dev6.erresse-shop.it\/"},{"@type":"ListItem","position":2,"name":"Boutique","item":"https:\/\/dev6.erresse-shop.it\/shop\/"},{"@type":"ListItem","position":3,"name":"TOM&#8217;S DRAG Guardian Cat M"}]},{"@type":"WebSite","@id":"https:\/\/dev6.erresse-shop.it\/#website","url":"https:\/\/dev6.erresse-shop.it\/","name":"Erresse Shop","description":"","publisher":{"@id":"https:\/\/dev6.erresse-shop.it\/#organization"},"potentialAction":[{"@type":"SearchAction","target":{"@type":"EntryPoint","urlTemplate":"https:\/\/dev6.erresse-shop.it\/?s={search_term_string}"},"query-input":{"@type":"PropertyValueSpecification","valueRequired":true,"valueName":"search_term_string"}}],"inLanguage":"fr-FR"},{"@type":"Organization","@id":"https:\/\/dev6.erresse-shop.it\/#organization","name":"Erresse Shop","url":"https:\/\/dev6.erresse-shop.it\/","logo":{"@type":"ImageObject","inLanguage":"fr-FR","@id":"https:\/\/dev6.erresse-shop.it\/#\/schema\/logo\/image\/","url":"https:\/\/dev6.erresse-shop.it\/wp-content\/uploads\/2025\/01\/LOGO-ERRESSE-CLASSICO.svg","contentUrl":"https:\/\/dev6.erresse-shop.it\/wp-content\/uploads\/2025\/01\/LOGO-ERRESSE-CLASSICO.svg","caption":"Erresse Shop"},"image":{"@id":"https:\/\/dev6.erresse-shop.it\/#\/schema\/logo\/image\/"}}]}},"df_price":179,"df_sale_price":"","df_regular_price":179,"df_image_link":"https:\/\/i2.wp.com\/interpim.erresse-shop.it\/img-catalogo\/toms-drag\/toms-drag-guardan-cat.jpg?resize=300,300&ssl=1","fifu_image_url":"https:\/\/interpim.erresse-shop.it\/img-catalogo\/toms-drag\/toms-drag-guardan-cat.jpg","_links":{"self":[{"href":"https:\/\/dev6.erresse-shop.it\/fr\/wp-json\/wp\/v2\/product\/62972","targetHints":{"allow":["GET"]}}],"collection":[{"href":"https:\/\/dev6.erresse-shop.it\/fr\/wp-json\/wp\/v2\/product"}],"about":[{"href":"https:\/\/dev6.erresse-shop.it\/fr\/wp-json\/wp\/v2\/types\/product"}],"wp:featuredmedia":[{"embeddable":true,"href":"https:\/\/dev6.erresse-shop.it\/fr\/wp-json\/wp\/v2\/media\/6365682"}],"wp:attachment":[{"href":"https:\/\/dev6.erresse-shop.it\/fr\/wp-json\/wp\/v2\/media?parent=62972"}],"wp:term":[{"taxonomy":"product_cat","embeddable":true,"href":"https:\/\/dev6.erresse-shop.it\/fr\/wp-json\/wp\/v2\/product_cat?post=62972"},{"taxonomy":"product_tag","embeddable":true,"href":"https:\/\/dev6.erresse-shop.it\/fr\/wp-json\/wp\/v2\/product_tag?post=62972"}],"curies":[{"name":"wp","href":"https:\/\/api.w.org\/{rel}","templated":true}]}}