{"id":62968,"date":"2026-04-12T10:19:03","date_gmt":"2026-04-12T08:19:03","guid":{"rendered":"https:\/\/dev6.erresse-shop.it\/shop\/non%20class\u00e9\/staub-poele-a-crepes-30-cm-noir\/"},"modified":"2025-09-14T05:13:51","modified_gmt":"2025-09-14T03:13:51","slug":"staub-poele-a-crepes-30-cm-noir","status":"publish","type":"product","link":"https:\/\/dev6.erresse-shop.it\/fr\/shop\/poeles-pots\/casseroles\/staub-poele-a-crepes-30-cm-noir\/","title":{"rendered":"STAUB Po\u00eale \u00e0 cr\u00eapes 30 cm Noir"},"content":{"rendered":"<p>DESCRIPTION<br \/>\nAvec la cr\u00eapi\u00e8re STAUB, vous pouvez pr\u00e9parer des cr\u00eapes sucr\u00e9es et sal\u00e9es pour toute la famille. Gr\u00e2ce au bord bas, m\u00eame les cr\u00eapes les plus fines sont r\u00e9ussies. Le retournement des cr\u00eapes et des galettes ne pose pas non plus de probl\u00e8me gr\u00e2ce \u00e0 la cuill\u00e8re incluse. Petits et grands seront ravis par la vari\u00e9t\u00e9 des garnitures possibles : compote de pommes, confiture, fruits ou m\u00e9langes de sucre et de cannelle. Le manche ergonomique en bois isole de la chaleur et prot\u00e8ge ainsi des br\u00fblures. En m\u00eame temps, elle facilite l\u2019utilisation de la cr\u00eapi\u00e8re sur tout type de plaque de cuisson. La surface \u00e9maill\u00e9e de la cr\u00eapi\u00e8re s\u00e9duit par des temps de chauffe courts et une r\u00e9partition et une r\u00e9tention optimales de la chaleur, ce qui garantit une cuisson homog\u00e8ne des aliments. Gr\u00e2ce \u00e0 ces propri\u00e9t\u00e9s, la cr\u00eapi\u00e8re convient \u00e9galement \u00e0 la pr\u00e9paration de nombreux autres plats. Des brochettes grill\u00e9es juteuses aux pizzas croustillantes, la cr\u00e9ativit\u00e9 n\u2019a pas de limites dans la cuisine.<\/p>\n<p>Parfaite pour la cuisson, le r\u00f4tissage et le gril<br \/>\nConvient \u00e0 toutes les plaques de cuisson, y compris \u00e0 l\u2019induction<br \/>\nPoign\u00e9e pratique, comprenant une spatule et un \u00e9taleur de p\u00e2te<br \/>\nCuisson \u00e9conome en \u00e9nergie gr\u00e2ce aux propri\u00e9t\u00e9s sp\u00e9ciales de la fonte<br \/>\nBase lisse pour une utilisation en douceur sur les plaques de cuisson sensibles<br \/>\nDimensions avec poign\u00e9e (LxPxH) : 53,2 x 30 x 6,6 cm, Diam\u00e8tre : 30 cm, Fond : 28,5 cm<br \/>\nPoids : 2,4 kg<\/p>\n<p>DIMENSION<br \/>\nPoids net : 3,00 kg<br \/>\nCapacit\u00e9 : 0,00 l<br \/>\nLongueur du produit : 53,20 cm<br \/>\nLargeur du produit : 30,00 cm<br \/>\nHauteur du produit : 6,60 cm<br \/>\nHauteur sans couvercle : 6,60 cm<br \/>\nDiam\u00e8tre sup\u00e9rieur : 30,00 cm<br \/>\nDiam\u00e8tre du bas : 28,50 cm<\/p>\n","protected":false},"excerpt":{"rendered":"<p>DESCRIPTION Avec la cr\u00eapi\u00e8re STAUB, vous pouvez pr\u00e9parer des cr\u00eapes sucr\u00e9es et sal\u00e9es pour toute la famille. Gr\u00e2ce au bord bas, m\u00eame les cr\u00eapes les plus fines sont r\u00e9ussies. Le retournement des cr\u00eapes et des galettes ne pose pas non plus de probl\u00e8me gr\u00e2ce \u00e0 la cuill\u00e8re incluse. Petits et grands seront ravis par la [&hellip;]<\/p>\n","protected":false},"featured_media":6365674,"template":"","meta":{"_acf_changed":false},"product_cat":[12001,11667,11991],"product_tag":[],"class_list":{"0":"post-62968","1":"product","2":"type-product","3":"status-publish","4":"has-post-thumbnail","6":"product_cat-casseroles","7":"product_cat-padelle-pentole","8":"product_cat-poeles-pots","10":"first","11":"instock","12":"sale","13":"taxable","14":"shipping-taxable","15":"purchasable","16":"product-type-simple","swatches":"rey-swatches","show_selected":"","stretch_labels":"rey-swatches--stretch-labels"},"acf":[],"yoast_head":"<!-- This site is optimized with the Yoast SEO plugin v25.4 - https:\/\/yoast.com\/wordpress\/plugins\/seo\/ -->\n<title>STAUB Po\u00eale \u00e0 cr\u00eapes 30 cm Noir - dev6 Erresse<\/title>\n<meta name=\"description\" content=\"DESCRIPTION Avec la cr\u00eapi\u00e8re STAUB, vous pouvez pr\u00e9parer des cr\u00eapes sucr\u00e9es et sal\u00e9es pour toute la famille. Gr\u00e2ce au bord bas, m\u00eame les cr\u00eapes les plus\" \/>\n<meta name=\"robots\" content=\"noindex, follow, max-snippet:-1, max-image-preview:large, max-video-preview:-1\" \/>\n<meta property=\"og:locale\" content=\"fr_FR\" \/>\n<meta property=\"og:type\" content=\"article\" \/>\n<meta property=\"og:title\" content=\"STAUB Po\u00eale \u00e0 cr\u00eapes 30 cm Noir - dev6 Erresse\" \/>\n<meta property=\"og:description\" content=\"DESCRIPTION Avec la cr\u00eapi\u00e8re STAUB, vous pouvez pr\u00e9parer des cr\u00eapes sucr\u00e9es et sal\u00e9es pour toute la famille. Gr\u00e2ce au bord bas, m\u00eame les cr\u00eapes les plus\" \/>\n<meta property=\"og:url\" content=\"https:\/\/dev6.erresse-shop.it\/fr\/shop\/poeles-pots\/casseroles\/staub-poele-a-crepes-30-cm-noir\/\" \/>\n<meta property=\"og:site_name\" content=\"dev6 Erresse\" \/>\n<meta property=\"og:image\" content=\"https:\/\/interpim.erresse-shop.it\/img-catalogo\/staub\/staub-crepiera.jpg\" \/><meta property=\"og:image\" content=\"https:\/\/interpim.erresse-shop.it\/img-catalogo\/staub\/staub-crepiera.jpg\" \/>\n\t<meta property=\"og:image:width\" content=\"1024\" \/>\n\t<meta property=\"og:image:height\" content=\"1024\" \/>\n\t<meta property=\"og:image:type\" content=\"image\/jpeg\" \/>\n<meta name=\"twitter:card\" content=\"summary_large_image\" \/>\n<meta name=\"twitter:image\" content=\"https:\/\/interpim.erresse-shop.it\/img-catalogo\/staub\/staub-crepiera.jpg\" \/>\n<script type=\"application\/ld+json\" class=\"yoast-schema-graph\">{\"@context\":\"https:\/\/schema.org\",\"@graph\":[{\"@type\":\"WebPage\",\"@id\":\"https:\/\/dev6.erresse-shop.it\/fr\/shop\/poeles-pots\/casseroles\/staub-poele-a-crepes-30-cm-noir\/\",\"url\":\"https:\/\/dev6.erresse-shop.it\/fr\/shop\/poeles-pots\/casseroles\/staub-poele-a-crepes-30-cm-noir\/\",\"name\":\"STAUB Po\u00eale \u00e0 cr\u00eapes 30 cm Noir - dev6 Erresse\",\"isPartOf\":{\"@id\":\"https:\/\/dev6.erresse-shop.it\/#website\"},\"primaryImageOfPage\":{\"@id\":\"https:\/\/dev6.erresse-shop.it\/fr\/shop\/poeles-pots\/casseroles\/staub-poele-a-crepes-30-cm-noir\/#primaryimage\"},\"image\":{\"@id\":\"https:\/\/dev6.erresse-shop.it\/fr\/shop\/poeles-pots\/casseroles\/staub-poele-a-crepes-30-cm-noir\/#primaryimage\"},\"thumbnailUrl\":\"https:\/\/i3.wp.com\/interpim.erresse-shop.it\/img-catalogo\/staub\/staub-crepiera.jpg?ssl=1\",\"datePublished\":\"2026-04-12T08:19:03+00:00\",\"description\":\"DESCRIPTION Avec la cr\u00eapi\u00e8re STAUB, vous pouvez pr\u00e9parer des cr\u00eapes sucr\u00e9es et sal\u00e9es pour toute la famille. Gr\u00e2ce au bord bas, m\u00eame les cr\u00eapes les plus\",\"breadcrumb\":{\"@id\":\"https:\/\/dev6.erresse-shop.it\/fr\/shop\/poeles-pots\/casseroles\/staub-poele-a-crepes-30-cm-noir\/#breadcrumb\"},\"inLanguage\":\"fr-FR\",\"potentialAction\":[{\"@type\":\"ReadAction\",\"target\":[\"https:\/\/dev6.erresse-shop.it\/fr\/shop\/poeles-pots\/casseroles\/staub-poele-a-crepes-30-cm-noir\/\"]}]},{\"@type\":\"ImageObject\",\"inLanguage\":\"fr-FR\",\"@id\":\"https:\/\/dev6.erresse-shop.it\/fr\/shop\/poeles-pots\/casseroles\/staub-poele-a-crepes-30-cm-noir\/#primaryimage\",\"url\":\"https:\/\/i3.wp.com\/interpim.erresse-shop.it\/img-catalogo\/staub\/staub-crepiera.jpg?ssl=1\",\"contentUrl\":\"https:\/\/i3.wp.com\/interpim.erresse-shop.it\/img-catalogo\/staub\/staub-crepiera.jpg?ssl=1\"},{\"@type\":\"BreadcrumbList\",\"@id\":\"https:\/\/dev6.erresse-shop.it\/fr\/shop\/poeles-pots\/casseroles\/staub-poele-a-crepes-30-cm-noir\/#breadcrumb\",\"itemListElement\":[{\"@type\":\"ListItem\",\"position\":1,\"name\":\"Home\",\"item\":\"https:\/\/dev6.erresse-shop.it\/\"},{\"@type\":\"ListItem\",\"position\":2,\"name\":\"Boutique\",\"item\":\"https:\/\/dev6.erresse-shop.it\/shop\/\"},{\"@type\":\"ListItem\",\"position\":3,\"name\":\"STAUB Po\u00eale \u00e0 cr\u00eapes 30 cm Noir\"}]},{\"@type\":\"WebSite\",\"@id\":\"https:\/\/dev6.erresse-shop.it\/#website\",\"url\":\"https:\/\/dev6.erresse-shop.it\/\",\"name\":\"Erresse Shop\",\"description\":\"\",\"publisher\":{\"@id\":\"https:\/\/dev6.erresse-shop.it\/#organization\"},\"potentialAction\":[{\"@type\":\"SearchAction\",\"target\":{\"@type\":\"EntryPoint\",\"urlTemplate\":\"https:\/\/dev6.erresse-shop.it\/?s={search_term_string}\"},\"query-input\":{\"@type\":\"PropertyValueSpecification\",\"valueRequired\":true,\"valueName\":\"search_term_string\"}}],\"inLanguage\":\"fr-FR\"},{\"@type\":\"Organization\",\"@id\":\"https:\/\/dev6.erresse-shop.it\/#organization\",\"name\":\"Erresse Shop\",\"url\":\"https:\/\/dev6.erresse-shop.it\/\",\"logo\":{\"@type\":\"ImageObject\",\"inLanguage\":\"fr-FR\",\"@id\":\"https:\/\/dev6.erresse-shop.it\/#\/schema\/logo\/image\/\",\"url\":\"https:\/\/dev6.erresse-shop.it\/wp-content\/uploads\/2025\/01\/LOGO-ERRESSE-CLASSICO.svg\",\"contentUrl\":\"https:\/\/dev6.erresse-shop.it\/wp-content\/uploads\/2025\/01\/LOGO-ERRESSE-CLASSICO.svg\",\"caption\":\"Erresse Shop\"},\"image\":{\"@id\":\"https:\/\/dev6.erresse-shop.it\/#\/schema\/logo\/image\/\"}}]}<\/script>\n<!-- \/ Yoast SEO plugin. -->","yoast_head_json":{"title":"STAUB Po\u00eale \u00e0 cr\u00eapes 30 cm Noir - dev6 Erresse","description":"DESCRIPTION Avec la cr\u00eapi\u00e8re STAUB, vous pouvez pr\u00e9parer des cr\u00eapes sucr\u00e9es et sal\u00e9es pour toute la famille. Gr\u00e2ce au bord bas, m\u00eame les cr\u00eapes les plus","robots":{"index":"noindex","follow":"follow","max-snippet":"max-snippet:-1","max-image-preview":"max-image-preview:large","max-video-preview":"max-video-preview:-1"},"og_locale":"fr_FR","og_type":"article","og_title":"STAUB Po\u00eale \u00e0 cr\u00eapes 30 cm Noir - dev6 Erresse","og_description":"DESCRIPTION Avec la cr\u00eapi\u00e8re STAUB, vous pouvez pr\u00e9parer des cr\u00eapes sucr\u00e9es et sal\u00e9es pour toute la famille. Gr\u00e2ce au bord bas, m\u00eame les cr\u00eapes les plus","og_url":"https:\/\/dev6.erresse-shop.it\/fr\/shop\/poeles-pots\/casseroles\/staub-poele-a-crepes-30-cm-noir\/","og_site_name":"dev6 Erresse","og_image":[{"url":"https:\/\/interpim.erresse-shop.it\/img-catalogo\/staub\/staub-crepiera.jpg","type":"","width":"","height":""},{"url":"https:\/\/interpim.erresse-shop.it\/img-catalogo\/staub\/staub-crepiera.jpg","width":1024,"height":1024,"type":"image\/jpeg"}],"twitter_card":"summary_large_image","twitter_image":"https:\/\/interpim.erresse-shop.it\/img-catalogo\/staub\/staub-crepiera.jpg","schema":{"@context":"https:\/\/schema.org","@graph":[{"@type":"WebPage","@id":"https:\/\/dev6.erresse-shop.it\/fr\/shop\/poeles-pots\/casseroles\/staub-poele-a-crepes-30-cm-noir\/","url":"https:\/\/dev6.erresse-shop.it\/fr\/shop\/poeles-pots\/casseroles\/staub-poele-a-crepes-30-cm-noir\/","name":"STAUB Po\u00eale \u00e0 cr\u00eapes 30 cm Noir - dev6 Erresse","isPartOf":{"@id":"https:\/\/dev6.erresse-shop.it\/#website"},"primaryImageOfPage":{"@id":"https:\/\/dev6.erresse-shop.it\/fr\/shop\/poeles-pots\/casseroles\/staub-poele-a-crepes-30-cm-noir\/#primaryimage"},"image":{"@id":"https:\/\/dev6.erresse-shop.it\/fr\/shop\/poeles-pots\/casseroles\/staub-poele-a-crepes-30-cm-noir\/#primaryimage"},"thumbnailUrl":"https:\/\/i3.wp.com\/interpim.erresse-shop.it\/img-catalogo\/staub\/staub-crepiera.jpg?ssl=1","datePublished":"2026-04-12T08:19:03+00:00","description":"DESCRIPTION Avec la cr\u00eapi\u00e8re STAUB, vous pouvez pr\u00e9parer des cr\u00eapes sucr\u00e9es et sal\u00e9es pour toute la famille. Gr\u00e2ce au bord bas, m\u00eame les cr\u00eapes les plus","breadcrumb":{"@id":"https:\/\/dev6.erresse-shop.it\/fr\/shop\/poeles-pots\/casseroles\/staub-poele-a-crepes-30-cm-noir\/#breadcrumb"},"inLanguage":"fr-FR","potentialAction":[{"@type":"ReadAction","target":["https:\/\/dev6.erresse-shop.it\/fr\/shop\/poeles-pots\/casseroles\/staub-poele-a-crepes-30-cm-noir\/"]}]},{"@type":"ImageObject","inLanguage":"fr-FR","@id":"https:\/\/dev6.erresse-shop.it\/fr\/shop\/poeles-pots\/casseroles\/staub-poele-a-crepes-30-cm-noir\/#primaryimage","url":"https:\/\/i3.wp.com\/interpim.erresse-shop.it\/img-catalogo\/staub\/staub-crepiera.jpg?ssl=1","contentUrl":"https:\/\/i3.wp.com\/interpim.erresse-shop.it\/img-catalogo\/staub\/staub-crepiera.jpg?ssl=1"},{"@type":"BreadcrumbList","@id":"https:\/\/dev6.erresse-shop.it\/fr\/shop\/poeles-pots\/casseroles\/staub-poele-a-crepes-30-cm-noir\/#breadcrumb","itemListElement":[{"@type":"ListItem","position":1,"name":"Home","item":"https:\/\/dev6.erresse-shop.it\/"},{"@type":"ListItem","position":2,"name":"Boutique","item":"https:\/\/dev6.erresse-shop.it\/shop\/"},{"@type":"ListItem","position":3,"name":"STAUB Po\u00eale \u00e0 cr\u00eapes 30 cm Noir"}]},{"@type":"WebSite","@id":"https:\/\/dev6.erresse-shop.it\/#website","url":"https:\/\/dev6.erresse-shop.it\/","name":"Erresse Shop","description":"","publisher":{"@id":"https:\/\/dev6.erresse-shop.it\/#organization"},"potentialAction":[{"@type":"SearchAction","target":{"@type":"EntryPoint","urlTemplate":"https:\/\/dev6.erresse-shop.it\/?s={search_term_string}"},"query-input":{"@type":"PropertyValueSpecification","valueRequired":true,"valueName":"search_term_string"}}],"inLanguage":"fr-FR"},{"@type":"Organization","@id":"https:\/\/dev6.erresse-shop.it\/#organization","name":"Erresse Shop","url":"https:\/\/dev6.erresse-shop.it\/","logo":{"@type":"ImageObject","inLanguage":"fr-FR","@id":"https:\/\/dev6.erresse-shop.it\/#\/schema\/logo\/image\/","url":"https:\/\/dev6.erresse-shop.it\/wp-content\/uploads\/2025\/01\/LOGO-ERRESSE-CLASSICO.svg","contentUrl":"https:\/\/dev6.erresse-shop.it\/wp-content\/uploads\/2025\/01\/LOGO-ERRESSE-CLASSICO.svg","caption":"Erresse Shop"},"image":{"@id":"https:\/\/dev6.erresse-shop.it\/#\/schema\/logo\/image\/"}}]}},"df_price":74,"df_sale_price":74,"df_regular_price":94.95,"df_image_link":"https:\/\/i3.wp.com\/interpim.erresse-shop.it\/img-catalogo\/staub\/staub-crepiera.jpg?resize=300,300&ssl=1","fifu_image_url":"https:\/\/interpim.erresse-shop.it\/img-catalogo\/staub\/staub-crepiera.jpg","_links":{"self":[{"href":"https:\/\/dev6.erresse-shop.it\/fr\/wp-json\/wp\/v2\/product\/62968","targetHints":{"allow":["GET"]}}],"collection":[{"href":"https:\/\/dev6.erresse-shop.it\/fr\/wp-json\/wp\/v2\/product"}],"about":[{"href":"https:\/\/dev6.erresse-shop.it\/fr\/wp-json\/wp\/v2\/types\/product"}],"wp:featuredmedia":[{"embeddable":true,"href":"https:\/\/dev6.erresse-shop.it\/fr\/wp-json\/wp\/v2\/media\/6365674"}],"wp:attachment":[{"href":"https:\/\/dev6.erresse-shop.it\/fr\/wp-json\/wp\/v2\/media?parent=62968"}],"wp:term":[{"taxonomy":"product_cat","embeddable":true,"href":"https:\/\/dev6.erresse-shop.it\/fr\/wp-json\/wp\/v2\/product_cat?post=62968"},{"taxonomy":"product_tag","embeddable":true,"href":"https:\/\/dev6.erresse-shop.it\/fr\/wp-json\/wp\/v2\/product_tag?post=62968"}],"curies":[{"name":"wp","href":"https:\/\/api.w.org\/{rel}","templated":true}]}}