{"id":62960,"date":"2026-04-12T10:19:03","date_gmt":"2026-04-12T08:19:03","guid":{"rendered":"https:\/\/dev6.erresse-shop.it\/shop\/non%20class\u00e9\/staub-theiere-ronde-rouge\/"},"modified":"2025-09-14T05:13:35","modified_gmt":"2025-09-14T03:13:35","slug":"staub-theiere-ronde-rouge","status":"publish","type":"product","link":"https:\/\/dev6.erresse-shop.it\/fr\/shop\/table-fr-2\/theieres-sucriers-pots-a-lait\/staub-theiere-ronde-rouge\/","title":{"rendered":"STAUB Th\u00e9i\u00e8re ronde rouge"},"content":{"rendered":"<p>La petite bouilloire ronde est \u00e0 la fois une th\u00e9i\u00e8re et une bouilloire. Elle dispose d\u2019un support pour l\u2019infuseur de th\u00e9 et d\u2019une poign\u00e9e en acier inoxydable qui verrouille le couvercle lorsque l\u2019on verse le liquide. Ces caract\u00e9ristiques en font une th\u00e9i\u00e8re parfaite, mais elle peut aussi \u00eatre utilis\u00e9e comme bouilloire uniquement. Elle peut \u00eatre utilis\u00e9e sur les plaques de cuisson et les plaques \u00e0 induction. La th\u00e9i\u00e8re a un diam\u00e8tre de 16,5 cm, une hauteur de 18 cm et une capacit\u00e9 de 1,15 litre. Elle est fabriqu\u00e9e en fonte et son int\u00e9rieur est en \u00e9mail noir. Elle est parfaite pour le th\u00e9 gr\u00e2ce aux excellentes propri\u00e9t\u00e9s de conservation de la chaleur de la fonte, qui garde le th\u00e9 chaud pendant longtemps. La fonte \u00e9maill\u00e9e est durable, extr\u00eamement robuste et facile \u00e0 nettoyer. La famille r\u00e9unie pour siroter un th\u00e9 remarquera la classe de cette th\u00e9i\u00e8re design et color\u00e9e qui compl\u00e8te vos ustensiles de cuisine. Essayez de nouveaux th\u00e9s et tisanes et servez-les avec classe gr\u00e2ce \u00e0 la th\u00e9i\u00e8re \u00e9maill\u00e9e de Staub.<\/p>\n<p>Convient pour faire bouillir de l\u2019eau et infuser du th\u00e9<br \/>\nLe th\u00e9 reste chaud longtemps<br \/>\nL\u2019infuseur \u00e0 th\u00e9 est accroch\u00e9 sous le bouton.<br \/>\nConvient \u00e0 tous les types de cuisini\u00e8res, y compris les cuisini\u00e8res \u00e0 induction<br \/>\nPermet \u00e9galement de servir les soupes de mani\u00e8re originale.<\/p>\n<p>DIMENSION<br \/>\nPoids net : 2,60 kg<br \/>\nCapacit\u00e9 : 1,15 l<br \/>\nLongueur du produit : 16,60 cm<br \/>\nLargeur du produit : 12,00 cm<br \/>\nHauteur du produit : 18.00 cm<br \/>\nDiam\u00e8tre du haut : 21,00 cm<br \/>\nDiam\u00e8tre du fond : 9,50 cm<\/p>\n","protected":false},"excerpt":{"rendered":"<p>La petite bouilloire ronde est \u00e0 la fois une th\u00e9i\u00e8re et une bouilloire. Elle dispose d\u2019un support pour l\u2019infuseur de th\u00e9 et d\u2019une poign\u00e9e en acier inoxydable qui verrouille le couvercle lorsque l\u2019on verse le liquide. Ces caract\u00e9ristiques en font une th\u00e9i\u00e8re parfaite, mais elle peut aussi \u00eatre utilis\u00e9e comme bouilloire uniquement. Elle peut \u00eatre [&hellip;]<\/p>\n","protected":false},"featured_media":6365599,"template":"","meta":{"_acf_changed":false},"product_cat":[11681,12005,11992,11995,12006],"product_tag":[],"class_list":{"0":"post-62960","1":"product","2":"type-product","3":"status-publish","4":"has-post-thumbnail","6":"product_cat-bollitori","7":"product_cat-bouilloires","8":"product_cat-cuisine","9":"product_cat-table-fr-2","10":"product_cat-theieres-sucriers-pots-a-lait","12":"first","13":"instock","14":"sale","15":"taxable","16":"shipping-taxable","17":"purchasable","18":"product-type-simple","swatches":"rey-swatches","show_selected":"","stretch_labels":"rey-swatches--stretch-labels"},"acf":[],"yoast_head":"<!-- This site is optimized with the Yoast SEO plugin v25.4 - https:\/\/yoast.com\/wordpress\/plugins\/seo\/ -->\n<title>STAUB Th\u00e9i\u00e8re ronde rouge - dev6 Erresse<\/title>\n<meta name=\"description\" content=\"La petite bouilloire ronde est \u00e0 la fois une th\u00e9i\u00e8re et une bouilloire. Elle dispose d\u2019un support pour l\u2019infuseur de th\u00e9 et d\u2019une poign\u00e9e en acier\" \/>\n<meta name=\"robots\" content=\"noindex, follow, max-snippet:-1, max-image-preview:large, max-video-preview:-1\" \/>\n<meta property=\"og:locale\" content=\"fr_FR\" \/>\n<meta property=\"og:type\" content=\"article\" \/>\n<meta property=\"og:title\" content=\"STAUB Th\u00e9i\u00e8re ronde rouge - dev6 Erresse\" \/>\n<meta property=\"og:description\" content=\"La petite bouilloire ronde est \u00e0 la fois une th\u00e9i\u00e8re et une bouilloire. Elle dispose d\u2019un support pour l\u2019infuseur de th\u00e9 et d\u2019une poign\u00e9e en acier\" \/>\n<meta property=\"og:url\" content=\"https:\/\/dev6.erresse-shop.it\/fr\/shop\/table-fr-2\/theieres-sucriers-pots-a-lait\/staub-theiere-ronde-rouge\/\" \/>\n<meta property=\"og:site_name\" content=\"dev6 Erresse\" \/>\n<meta property=\"og:image\" content=\"https:\/\/interpim.erresse-shop.it\/Import\/Prodotti\/staub-teiera-rossa.jpg\" \/><meta property=\"og:image\" content=\"https:\/\/interpim.erresse-shop.it\/Import\/Prodotti\/staub-teiera-rossa.jpg\" \/>\n\t<meta property=\"og:image:width\" content=\"1024\" \/>\n\t<meta property=\"og:image:height\" content=\"1024\" \/>\n\t<meta property=\"og:image:type\" content=\"image\/jpeg\" \/>\n<meta name=\"twitter:card\" content=\"summary_large_image\" \/>\n<meta name=\"twitter:image\" content=\"https:\/\/interpim.erresse-shop.it\/Import\/Prodotti\/staub-teiera-rossa.jpg\" \/>\n<script type=\"application\/ld+json\" class=\"yoast-schema-graph\">{\"@context\":\"https:\/\/schema.org\",\"@graph\":[{\"@type\":\"WebPage\",\"@id\":\"https:\/\/dev6.erresse-shop.it\/fr\/shop\/table-fr-2\/theieres-sucriers-pots-a-lait\/staub-theiere-ronde-rouge\/\",\"url\":\"https:\/\/dev6.erresse-shop.it\/fr\/shop\/table-fr-2\/theieres-sucriers-pots-a-lait\/staub-theiere-ronde-rouge\/\",\"name\":\"STAUB Th\u00e9i\u00e8re ronde rouge - dev6 Erresse\",\"isPartOf\":{\"@id\":\"https:\/\/dev6.erresse-shop.it\/#website\"},\"primaryImageOfPage\":{\"@id\":\"https:\/\/dev6.erresse-shop.it\/fr\/shop\/table-fr-2\/theieres-sucriers-pots-a-lait\/staub-theiere-ronde-rouge\/#primaryimage\"},\"image\":{\"@id\":\"https:\/\/dev6.erresse-shop.it\/fr\/shop\/table-fr-2\/theieres-sucriers-pots-a-lait\/staub-theiere-ronde-rouge\/#primaryimage\"},\"thumbnailUrl\":\"https:\/\/i2.wp.com\/interpim.erresse-shop.it\/Import\/Prodotti\/staub-teiera-rossa.jpg?ssl=1\",\"datePublished\":\"2026-04-12T08:19:03+00:00\",\"description\":\"La petite bouilloire ronde est \u00e0 la fois une th\u00e9i\u00e8re et une bouilloire. Elle dispose d\u2019un support pour l\u2019infuseur de th\u00e9 et d\u2019une poign\u00e9e en acier\",\"breadcrumb\":{\"@id\":\"https:\/\/dev6.erresse-shop.it\/fr\/shop\/table-fr-2\/theieres-sucriers-pots-a-lait\/staub-theiere-ronde-rouge\/#breadcrumb\"},\"inLanguage\":\"fr-FR\",\"potentialAction\":[{\"@type\":\"ReadAction\",\"target\":[\"https:\/\/dev6.erresse-shop.it\/fr\/shop\/table-fr-2\/theieres-sucriers-pots-a-lait\/staub-theiere-ronde-rouge\/\"]}]},{\"@type\":\"ImageObject\",\"inLanguage\":\"fr-FR\",\"@id\":\"https:\/\/dev6.erresse-shop.it\/fr\/shop\/table-fr-2\/theieres-sucriers-pots-a-lait\/staub-theiere-ronde-rouge\/#primaryimage\",\"url\":\"https:\/\/i2.wp.com\/interpim.erresse-shop.it\/Import\/Prodotti\/staub-teiera-rossa.jpg?ssl=1\",\"contentUrl\":\"https:\/\/i2.wp.com\/interpim.erresse-shop.it\/Import\/Prodotti\/staub-teiera-rossa.jpg?ssl=1\"},{\"@type\":\"BreadcrumbList\",\"@id\":\"https:\/\/dev6.erresse-shop.it\/fr\/shop\/table-fr-2\/theieres-sucriers-pots-a-lait\/staub-theiere-ronde-rouge\/#breadcrumb\",\"itemListElement\":[{\"@type\":\"ListItem\",\"position\":1,\"name\":\"Home\",\"item\":\"https:\/\/dev6.erresse-shop.it\/\"},{\"@type\":\"ListItem\",\"position\":2,\"name\":\"Boutique\",\"item\":\"https:\/\/dev6.erresse-shop.it\/shop\/\"},{\"@type\":\"ListItem\",\"position\":3,\"name\":\"STAUB Th\u00e9i\u00e8re ronde rouge\"}]},{\"@type\":\"WebSite\",\"@id\":\"https:\/\/dev6.erresse-shop.it\/#website\",\"url\":\"https:\/\/dev6.erresse-shop.it\/\",\"name\":\"Erresse Shop\",\"description\":\"\",\"publisher\":{\"@id\":\"https:\/\/dev6.erresse-shop.it\/#organization\"},\"potentialAction\":[{\"@type\":\"SearchAction\",\"target\":{\"@type\":\"EntryPoint\",\"urlTemplate\":\"https:\/\/dev6.erresse-shop.it\/?s={search_term_string}\"},\"query-input\":{\"@type\":\"PropertyValueSpecification\",\"valueRequired\":true,\"valueName\":\"search_term_string\"}}],\"inLanguage\":\"fr-FR\"},{\"@type\":\"Organization\",\"@id\":\"https:\/\/dev6.erresse-shop.it\/#organization\",\"name\":\"Erresse Shop\",\"url\":\"https:\/\/dev6.erresse-shop.it\/\",\"logo\":{\"@type\":\"ImageObject\",\"inLanguage\":\"fr-FR\",\"@id\":\"https:\/\/dev6.erresse-shop.it\/#\/schema\/logo\/image\/\",\"url\":\"https:\/\/dev6.erresse-shop.it\/wp-content\/uploads\/2025\/01\/LOGO-ERRESSE-CLASSICO.svg\",\"contentUrl\":\"https:\/\/dev6.erresse-shop.it\/wp-content\/uploads\/2025\/01\/LOGO-ERRESSE-CLASSICO.svg\",\"caption\":\"Erresse Shop\"},\"image\":{\"@id\":\"https:\/\/dev6.erresse-shop.it\/#\/schema\/logo\/image\/\"}}]}<\/script>\n<!-- \/ Yoast SEO plugin. -->","yoast_head_json":{"title":"STAUB Th\u00e9i\u00e8re ronde rouge - dev6 Erresse","description":"La petite bouilloire ronde est \u00e0 la fois une th\u00e9i\u00e8re et une bouilloire. Elle dispose d\u2019un support pour l\u2019infuseur de th\u00e9 et d\u2019une poign\u00e9e en acier","robots":{"index":"noindex","follow":"follow","max-snippet":"max-snippet:-1","max-image-preview":"max-image-preview:large","max-video-preview":"max-video-preview:-1"},"og_locale":"fr_FR","og_type":"article","og_title":"STAUB Th\u00e9i\u00e8re ronde rouge - dev6 Erresse","og_description":"La petite bouilloire ronde est \u00e0 la fois une th\u00e9i\u00e8re et une bouilloire. Elle dispose d\u2019un support pour l\u2019infuseur de th\u00e9 et d\u2019une poign\u00e9e en acier","og_url":"https:\/\/dev6.erresse-shop.it\/fr\/shop\/table-fr-2\/theieres-sucriers-pots-a-lait\/staub-theiere-ronde-rouge\/","og_site_name":"dev6 Erresse","og_image":[{"url":"https:\/\/interpim.erresse-shop.it\/Import\/Prodotti\/staub-teiera-rossa.jpg","type":"","width":"","height":""},{"url":"https:\/\/interpim.erresse-shop.it\/Import\/Prodotti\/staub-teiera-rossa.jpg","width":1024,"height":1024,"type":"image\/jpeg"}],"twitter_card":"summary_large_image","twitter_image":"https:\/\/interpim.erresse-shop.it\/Import\/Prodotti\/staub-teiera-rossa.jpg","schema":{"@context":"https:\/\/schema.org","@graph":[{"@type":"WebPage","@id":"https:\/\/dev6.erresse-shop.it\/fr\/shop\/table-fr-2\/theieres-sucriers-pots-a-lait\/staub-theiere-ronde-rouge\/","url":"https:\/\/dev6.erresse-shop.it\/fr\/shop\/table-fr-2\/theieres-sucriers-pots-a-lait\/staub-theiere-ronde-rouge\/","name":"STAUB Th\u00e9i\u00e8re ronde rouge - dev6 Erresse","isPartOf":{"@id":"https:\/\/dev6.erresse-shop.it\/#website"},"primaryImageOfPage":{"@id":"https:\/\/dev6.erresse-shop.it\/fr\/shop\/table-fr-2\/theieres-sucriers-pots-a-lait\/staub-theiere-ronde-rouge\/#primaryimage"},"image":{"@id":"https:\/\/dev6.erresse-shop.it\/fr\/shop\/table-fr-2\/theieres-sucriers-pots-a-lait\/staub-theiere-ronde-rouge\/#primaryimage"},"thumbnailUrl":"https:\/\/i2.wp.com\/interpim.erresse-shop.it\/Import\/Prodotti\/staub-teiera-rossa.jpg?ssl=1","datePublished":"2026-04-12T08:19:03+00:00","description":"La petite bouilloire ronde est \u00e0 la fois une th\u00e9i\u00e8re et une bouilloire. Elle dispose d\u2019un support pour l\u2019infuseur de th\u00e9 et d\u2019une poign\u00e9e en acier","breadcrumb":{"@id":"https:\/\/dev6.erresse-shop.it\/fr\/shop\/table-fr-2\/theieres-sucriers-pots-a-lait\/staub-theiere-ronde-rouge\/#breadcrumb"},"inLanguage":"fr-FR","potentialAction":[{"@type":"ReadAction","target":["https:\/\/dev6.erresse-shop.it\/fr\/shop\/table-fr-2\/theieres-sucriers-pots-a-lait\/staub-theiere-ronde-rouge\/"]}]},{"@type":"ImageObject","inLanguage":"fr-FR","@id":"https:\/\/dev6.erresse-shop.it\/fr\/shop\/table-fr-2\/theieres-sucriers-pots-a-lait\/staub-theiere-ronde-rouge\/#primaryimage","url":"https:\/\/i2.wp.com\/interpim.erresse-shop.it\/Import\/Prodotti\/staub-teiera-rossa.jpg?ssl=1","contentUrl":"https:\/\/i2.wp.com\/interpim.erresse-shop.it\/Import\/Prodotti\/staub-teiera-rossa.jpg?ssl=1"},{"@type":"BreadcrumbList","@id":"https:\/\/dev6.erresse-shop.it\/fr\/shop\/table-fr-2\/theieres-sucriers-pots-a-lait\/staub-theiere-ronde-rouge\/#breadcrumb","itemListElement":[{"@type":"ListItem","position":1,"name":"Home","item":"https:\/\/dev6.erresse-shop.it\/"},{"@type":"ListItem","position":2,"name":"Boutique","item":"https:\/\/dev6.erresse-shop.it\/shop\/"},{"@type":"ListItem","position":3,"name":"STAUB Th\u00e9i\u00e8re ronde rouge"}]},{"@type":"WebSite","@id":"https:\/\/dev6.erresse-shop.it\/#website","url":"https:\/\/dev6.erresse-shop.it\/","name":"Erresse Shop","description":"","publisher":{"@id":"https:\/\/dev6.erresse-shop.it\/#organization"},"potentialAction":[{"@type":"SearchAction","target":{"@type":"EntryPoint","urlTemplate":"https:\/\/dev6.erresse-shop.it\/?s={search_term_string}"},"query-input":{"@type":"PropertyValueSpecification","valueRequired":true,"valueName":"search_term_string"}}],"inLanguage":"fr-FR"},{"@type":"Organization","@id":"https:\/\/dev6.erresse-shop.it\/#organization","name":"Erresse Shop","url":"https:\/\/dev6.erresse-shop.it\/","logo":{"@type":"ImageObject","inLanguage":"fr-FR","@id":"https:\/\/dev6.erresse-shop.it\/#\/schema\/logo\/image\/","url":"https:\/\/dev6.erresse-shop.it\/wp-content\/uploads\/2025\/01\/LOGO-ERRESSE-CLASSICO.svg","contentUrl":"https:\/\/dev6.erresse-shop.it\/wp-content\/uploads\/2025\/01\/LOGO-ERRESSE-CLASSICO.svg","caption":"Erresse Shop"},"image":{"@id":"https:\/\/dev6.erresse-shop.it\/#\/schema\/logo\/image\/"}}]}},"df_price":144,"df_sale_price":144,"df_regular_price":219,"df_image_link":"https:\/\/i2.wp.com\/interpim.erresse-shop.it\/Import\/Prodotti\/staub-teiera-rossa.jpg?resize=300,300&ssl=1","fifu_image_url":"https:\/\/interpim.erresse-shop.it\/Import\/Prodotti\/staub-teiera-rossa.jpg","_links":{"self":[{"href":"https:\/\/dev6.erresse-shop.it\/fr\/wp-json\/wp\/v2\/product\/62960","targetHints":{"allow":["GET"]}}],"collection":[{"href":"https:\/\/dev6.erresse-shop.it\/fr\/wp-json\/wp\/v2\/product"}],"about":[{"href":"https:\/\/dev6.erresse-shop.it\/fr\/wp-json\/wp\/v2\/types\/product"}],"wp:featuredmedia":[{"embeddable":true,"href":"https:\/\/dev6.erresse-shop.it\/fr\/wp-json\/wp\/v2\/media\/6365599"}],"wp:attachment":[{"href":"https:\/\/dev6.erresse-shop.it\/fr\/wp-json\/wp\/v2\/media?parent=62960"}],"wp:term":[{"taxonomy":"product_cat","embeddable":true,"href":"https:\/\/dev6.erresse-shop.it\/fr\/wp-json\/wp\/v2\/product_cat?post=62960"},{"taxonomy":"product_tag","embeddable":true,"href":"https:\/\/dev6.erresse-shop.it\/fr\/wp-json\/wp\/v2\/product_tag?post=62960"}],"curies":[{"name":"wp","href":"https:\/\/api.w.org\/{rel}","templated":true}]}}