{"id":62898,"date":"2026-04-10T10:55:49","date_gmt":"2026-04-10T08:55:49","guid":{"rendered":"https:\/\/dev6.erresse-shop.it\/shop\/non%20class\u00e9\/illy-iperespresso-x7-1-rose-14-gelules-incluses\/"},"modified":"2025-07-04T17:27:33","modified_gmt":"2025-07-04T15:27:33","slug":"illy-iperespresso-x7-1-rose-14-gelules-incluses","status":"publish","type":"product","link":"https:\/\/dev6.erresse-shop.it\/fr\/shop\/petits-electromenagers\/machines-cafe\/a-dosettes-et-a-capsules\/illy-iperespresso-x7-1-rose-14-gelules-incluses\/","title":{"rendered":"ILLY Iperespresso X7.1 Rose 14 g\u00e9lules incluses"},"content":{"rendered":"<p>La passion de la perfection<\/p>\n<p>Le design incomparable rappelle le geste du barista et l\u2019espresso que vous pr\u00e9parez chez vous est exactement comme celui du bar, la qualit\u00e9 de l\u2019extraction est toujours impeccable :<br \/>\nVous ins\u00e9rez la capsule dans le portafiltre et vous commencez \u00e0 infuser d\u2019une simple pression.<\/p>\n<p>Le design incomparable d\u2019inspiration r\u00e9tro est l\u2019\u0153uvre de Luca Trazzi.<br \/>\nLes boutons sont doux au toucher, et les signaux acoustiques et lumineux indiquent clairement l\u2019\u00e9tat de fonctionnement.<br \/>\nId\u00e9al pour les amateurs de L profond, il est extr\u00eamement attentif \u00e0 ceux qui ne peuvent se passer de leur cappuccino. En effet, le pannarello garantit une utilisation tr\u00e8s simple et le temps d\u2019attente entre le mode caf\u00e9 et le mode cappuccino est minime.<br \/>\nL\u2019arr\u00eat automatique apr\u00e8s 30 minutes d\u2019inactivit\u00e9 permet des \u00e9conomies d\u2019\u00e9nergie consid\u00e9rables, m\u00eame pour les plus distraits.<br \/>\nNettoyage et entretien minimaux.<\/p>\n<p>La pr\u00e9cision inimitable d\u2019Illy est la meilleure garantie.<\/p>\n<p>Caract\u00e9ristiques :<\/p>\n<p>Garantie : 2 ans<br \/>\nVolume de la tasse programmable<br \/>\nArr\u00eat automatique de l\u2019infusion<br \/>\nMise en veille automatique en cas de non-utilisation<\/p>\n<p>Sp\u00e9cifications techniques :<\/p>\n<p>Dimensions (cm) : 26 x 29 x 23<br \/>\nCapacit\u00e9 du r\u00e9servoir : 1 L<br \/>\nTension : 230 V, c\u00e2ble de 1 m de long<br \/>\nPression de la pompe : 15 bar<\/p>\n<p>Pr\u00e9paration : capsules d\u2019espresso (Iperespresso)<br \/>\nFormat du caf\u00e9 : capsules Iperespresso<br \/>\nLongueur du c\u00e2ble : 1 m<br \/>\nCapacit\u00e9 du r\u00e9servoir : 1 L<br \/>\nDimensions : (cm) 26 x 29 x 23<br \/>\nDistribution r\u00e9glable du caf\u00e9 : Automatique<br \/>\nChauffe-tasses : Non<br \/>\nHauteur de la tasse r\u00e9glable : Non<br \/>\nGarantie : 2 ans<br \/>\nVoltage : 230 v<br \/>\nMat\u00e9riau : plastique<br \/>\nMousseur \u00e0 lait : Non<br \/>\n\u00c9conomie d\u2019\u00e9nergie : Oui<br \/>\nType de caf\u00e9 : capsules Iperespresso<br \/>\nFonctions : Cappuccino<\/p>\n<p>La bo\u00eete comprend 14 capsules Iperespresso Illy.<\/p>\n<p>Ne peut \u00eatre vendu en dehors de l\u2019Europe<\/p>\n","protected":false},"excerpt":{"rendered":"<p>La passion de la perfection Le design incomparable rappelle le geste du barista et l\u2019espresso que vous pr\u00e9parez chez vous est exactement comme celui du bar, la qualit\u00e9 de l\u2019extraction est toujours impeccable : Vous ins\u00e9rez la capsule dans le portafiltre et vous commencez \u00e0 infuser d\u2019une simple pression. Le design incomparable d\u2019inspiration r\u00e9tro est [&hellip;]<\/p>\n","protected":false},"featured_media":6323842,"template":"","meta":{"_acf_changed":false},"product_cat":[12081,12063,12055],"product_tag":[],"class_list":{"0":"post-62898","1":"product","2":"type-product","3":"status-publish","4":"has-post-thumbnail","6":"product_cat-a-dosettes-et-a-capsules","7":"product_cat-machines-cafe","8":"product_cat-petits-electromenagers","10":"first","11":"instock","12":"taxable","13":"shipping-taxable","14":"purchasable","15":"product-type-simple","swatches":"rey-swatches","show_selected":"","stretch_labels":"rey-swatches--stretch-labels"},"acf":[],"yoast_head":"<!-- This site is optimized with the Yoast SEO plugin v25.4 - https:\/\/yoast.com\/wordpress\/plugins\/seo\/ -->\n<title>ILLY Iperespresso X7.1 Rose 14 g\u00e9lules incluses - dev6 Erresse<\/title>\n<meta name=\"description\" content=\"La passion de la perfection Le design incomparable rappelle le geste du barista et l\u2019espresso que vous pr\u00e9parez chez vous est exactement comme celui du\" \/>\n<meta name=\"robots\" content=\"noindex, follow, max-snippet:-1, max-image-preview:large, max-video-preview:-1\" \/>\n<meta property=\"og:locale\" content=\"fr_FR\" \/>\n<meta property=\"og:type\" content=\"article\" \/>\n<meta property=\"og:title\" content=\"ILLY Iperespresso X7.1 Rose 14 g\u00e9lules incluses - dev6 Erresse\" \/>\n<meta property=\"og:description\" content=\"La passion de la perfection Le design incomparable rappelle le geste du barista et l\u2019espresso que vous pr\u00e9parez chez vous est exactement comme celui du\" \/>\n<meta property=\"og:url\" content=\"https:\/\/dev6.erresse-shop.it\/fr\/shop\/petits-electromenagers\/machines-cafe\/a-dosettes-et-a-capsules\/illy-iperespresso-x7-1-rose-14-gelules-incluses\/\" \/>\n<meta property=\"og:site_name\" content=\"dev6 Erresse\" \/>\n<meta property=\"og:image\" content=\"https:\/\/interpim.erresse-shop.it\/Import\/Prodotti\/illy-x7.1-rosa.jpg\" \/><meta property=\"og:image\" content=\"https:\/\/interpim.erresse-shop.it\/Import\/Prodotti\/illy-x7.1-rosa.jpg\" \/>\n\t<meta property=\"og:image:width\" content=\"1024\" \/>\n\t<meta property=\"og:image:height\" content=\"1024\" \/>\n\t<meta property=\"og:image:type\" content=\"image\/jpeg\" \/>\n<meta name=\"twitter:card\" content=\"summary_large_image\" \/>\n<meta name=\"twitter:image\" content=\"https:\/\/interpim.erresse-shop.it\/Import\/Prodotti\/illy-x7.1-rosa.jpg\" \/>\n<script type=\"application\/ld+json\" class=\"yoast-schema-graph\">{\"@context\":\"https:\/\/schema.org\",\"@graph\":[{\"@type\":\"WebPage\",\"@id\":\"https:\/\/dev6.erresse-shop.it\/fr\/shop\/petits-electromenagers\/machines-cafe\/a-dosettes-et-a-capsules\/illy-iperespresso-x7-1-rose-14-gelules-incluses\/\",\"url\":\"https:\/\/dev6.erresse-shop.it\/fr\/shop\/petits-electromenagers\/machines-cafe\/a-dosettes-et-a-capsules\/illy-iperespresso-x7-1-rose-14-gelules-incluses\/\",\"name\":\"ILLY Iperespresso X7.1 Rose 14 g\u00e9lules incluses - dev6 Erresse\",\"isPartOf\":{\"@id\":\"https:\/\/dev6.erresse-shop.it\/#website\"},\"primaryImageOfPage\":{\"@id\":\"https:\/\/dev6.erresse-shop.it\/fr\/shop\/petits-electromenagers\/machines-cafe\/a-dosettes-et-a-capsules\/illy-iperespresso-x7-1-rose-14-gelules-incluses\/#primaryimage\"},\"image\":{\"@id\":\"https:\/\/dev6.erresse-shop.it\/fr\/shop\/petits-electromenagers\/machines-cafe\/a-dosettes-et-a-capsules\/illy-iperespresso-x7-1-rose-14-gelules-incluses\/#primaryimage\"},\"thumbnailUrl\":\"https:\/\/i2.wp.com\/interpim.erresse-shop.it\/Import\/Prodotti\/illy-x7.1-rosa.jpg?ssl=1\",\"datePublished\":\"2026-04-10T08:55:49+00:00\",\"description\":\"La passion de la perfection Le design incomparable rappelle le geste du barista et l\u2019espresso que vous pr\u00e9parez chez vous est exactement comme celui du\",\"breadcrumb\":{\"@id\":\"https:\/\/dev6.erresse-shop.it\/fr\/shop\/petits-electromenagers\/machines-cafe\/a-dosettes-et-a-capsules\/illy-iperespresso-x7-1-rose-14-gelules-incluses\/#breadcrumb\"},\"inLanguage\":\"fr-FR\",\"potentialAction\":[{\"@type\":\"ReadAction\",\"target\":[\"https:\/\/dev6.erresse-shop.it\/fr\/shop\/petits-electromenagers\/machines-cafe\/a-dosettes-et-a-capsules\/illy-iperespresso-x7-1-rose-14-gelules-incluses\/\"]}]},{\"@type\":\"ImageObject\",\"inLanguage\":\"fr-FR\",\"@id\":\"https:\/\/dev6.erresse-shop.it\/fr\/shop\/petits-electromenagers\/machines-cafe\/a-dosettes-et-a-capsules\/illy-iperespresso-x7-1-rose-14-gelules-incluses\/#primaryimage\",\"url\":\"https:\/\/i2.wp.com\/interpim.erresse-shop.it\/Import\/Prodotti\/illy-x7.1-rosa.jpg?ssl=1\",\"contentUrl\":\"https:\/\/i2.wp.com\/interpim.erresse-shop.it\/Import\/Prodotti\/illy-x7.1-rosa.jpg?ssl=1\"},{\"@type\":\"BreadcrumbList\",\"@id\":\"https:\/\/dev6.erresse-shop.it\/fr\/shop\/petits-electromenagers\/machines-cafe\/a-dosettes-et-a-capsules\/illy-iperespresso-x7-1-rose-14-gelules-incluses\/#breadcrumb\",\"itemListElement\":[{\"@type\":\"ListItem\",\"position\":1,\"name\":\"Home\",\"item\":\"https:\/\/dev6.erresse-shop.it\/\"},{\"@type\":\"ListItem\",\"position\":2,\"name\":\"Boutique\",\"item\":\"https:\/\/dev6.erresse-shop.it\/shop\/\"},{\"@type\":\"ListItem\",\"position\":3,\"name\":\"ILLY Iperespresso X7.1 Rose 14 g\u00e9lules incluses\"}]},{\"@type\":\"WebSite\",\"@id\":\"https:\/\/dev6.erresse-shop.it\/#website\",\"url\":\"https:\/\/dev6.erresse-shop.it\/\",\"name\":\"Erresse Shop\",\"description\":\"\",\"publisher\":{\"@id\":\"https:\/\/dev6.erresse-shop.it\/#organization\"},\"potentialAction\":[{\"@type\":\"SearchAction\",\"target\":{\"@type\":\"EntryPoint\",\"urlTemplate\":\"https:\/\/dev6.erresse-shop.it\/?s={search_term_string}\"},\"query-input\":{\"@type\":\"PropertyValueSpecification\",\"valueRequired\":true,\"valueName\":\"search_term_string\"}}],\"inLanguage\":\"fr-FR\"},{\"@type\":\"Organization\",\"@id\":\"https:\/\/dev6.erresse-shop.it\/#organization\",\"name\":\"Erresse Shop\",\"url\":\"https:\/\/dev6.erresse-shop.it\/\",\"logo\":{\"@type\":\"ImageObject\",\"inLanguage\":\"fr-FR\",\"@id\":\"https:\/\/dev6.erresse-shop.it\/#\/schema\/logo\/image\/\",\"url\":\"https:\/\/dev6.erresse-shop.it\/wp-content\/uploads\/2025\/01\/LOGO-ERRESSE-CLASSICO.svg\",\"contentUrl\":\"https:\/\/dev6.erresse-shop.it\/wp-content\/uploads\/2025\/01\/LOGO-ERRESSE-CLASSICO.svg\",\"caption\":\"Erresse Shop\"},\"image\":{\"@id\":\"https:\/\/dev6.erresse-shop.it\/#\/schema\/logo\/image\/\"}}]}<\/script>\n<!-- \/ Yoast SEO plugin. -->","yoast_head_json":{"title":"ILLY Iperespresso X7.1 Rose 14 g\u00e9lules incluses - dev6 Erresse","description":"La passion de la perfection Le design incomparable rappelle le geste du barista et l\u2019espresso que vous pr\u00e9parez chez vous est exactement comme celui du","robots":{"index":"noindex","follow":"follow","max-snippet":"max-snippet:-1","max-image-preview":"max-image-preview:large","max-video-preview":"max-video-preview:-1"},"og_locale":"fr_FR","og_type":"article","og_title":"ILLY Iperespresso X7.1 Rose 14 g\u00e9lules incluses - dev6 Erresse","og_description":"La passion de la perfection Le design incomparable rappelle le geste du barista et l\u2019espresso que vous pr\u00e9parez chez vous est exactement comme celui du","og_url":"https:\/\/dev6.erresse-shop.it\/fr\/shop\/petits-electromenagers\/machines-cafe\/a-dosettes-et-a-capsules\/illy-iperespresso-x7-1-rose-14-gelules-incluses\/","og_site_name":"dev6 Erresse","og_image":[{"url":"https:\/\/interpim.erresse-shop.it\/Import\/Prodotti\/illy-x7.1-rosa.jpg","type":"","width":"","height":""},{"url":"https:\/\/interpim.erresse-shop.it\/Import\/Prodotti\/illy-x7.1-rosa.jpg","width":1024,"height":1024,"type":"image\/jpeg"}],"twitter_card":"summary_large_image","twitter_image":"https:\/\/interpim.erresse-shop.it\/Import\/Prodotti\/illy-x7.1-rosa.jpg","schema":{"@context":"https:\/\/schema.org","@graph":[{"@type":"WebPage","@id":"https:\/\/dev6.erresse-shop.it\/fr\/shop\/petits-electromenagers\/machines-cafe\/a-dosettes-et-a-capsules\/illy-iperespresso-x7-1-rose-14-gelules-incluses\/","url":"https:\/\/dev6.erresse-shop.it\/fr\/shop\/petits-electromenagers\/machines-cafe\/a-dosettes-et-a-capsules\/illy-iperespresso-x7-1-rose-14-gelules-incluses\/","name":"ILLY Iperespresso X7.1 Rose 14 g\u00e9lules incluses - dev6 Erresse","isPartOf":{"@id":"https:\/\/dev6.erresse-shop.it\/#website"},"primaryImageOfPage":{"@id":"https:\/\/dev6.erresse-shop.it\/fr\/shop\/petits-electromenagers\/machines-cafe\/a-dosettes-et-a-capsules\/illy-iperespresso-x7-1-rose-14-gelules-incluses\/#primaryimage"},"image":{"@id":"https:\/\/dev6.erresse-shop.it\/fr\/shop\/petits-electromenagers\/machines-cafe\/a-dosettes-et-a-capsules\/illy-iperespresso-x7-1-rose-14-gelules-incluses\/#primaryimage"},"thumbnailUrl":"https:\/\/i2.wp.com\/interpim.erresse-shop.it\/Import\/Prodotti\/illy-x7.1-rosa.jpg?ssl=1","datePublished":"2026-04-10T08:55:49+00:00","description":"La passion de la perfection Le design incomparable rappelle le geste du barista et l\u2019espresso que vous pr\u00e9parez chez vous est exactement comme celui du","breadcrumb":{"@id":"https:\/\/dev6.erresse-shop.it\/fr\/shop\/petits-electromenagers\/machines-cafe\/a-dosettes-et-a-capsules\/illy-iperespresso-x7-1-rose-14-gelules-incluses\/#breadcrumb"},"inLanguage":"fr-FR","potentialAction":[{"@type":"ReadAction","target":["https:\/\/dev6.erresse-shop.it\/fr\/shop\/petits-electromenagers\/machines-cafe\/a-dosettes-et-a-capsules\/illy-iperespresso-x7-1-rose-14-gelules-incluses\/"]}]},{"@type":"ImageObject","inLanguage":"fr-FR","@id":"https:\/\/dev6.erresse-shop.it\/fr\/shop\/petits-electromenagers\/machines-cafe\/a-dosettes-et-a-capsules\/illy-iperespresso-x7-1-rose-14-gelules-incluses\/#primaryimage","url":"https:\/\/i2.wp.com\/interpim.erresse-shop.it\/Import\/Prodotti\/illy-x7.1-rosa.jpg?ssl=1","contentUrl":"https:\/\/i2.wp.com\/interpim.erresse-shop.it\/Import\/Prodotti\/illy-x7.1-rosa.jpg?ssl=1"},{"@type":"BreadcrumbList","@id":"https:\/\/dev6.erresse-shop.it\/fr\/shop\/petits-electromenagers\/machines-cafe\/a-dosettes-et-a-capsules\/illy-iperespresso-x7-1-rose-14-gelules-incluses\/#breadcrumb","itemListElement":[{"@type":"ListItem","position":1,"name":"Home","item":"https:\/\/dev6.erresse-shop.it\/"},{"@type":"ListItem","position":2,"name":"Boutique","item":"https:\/\/dev6.erresse-shop.it\/shop\/"},{"@type":"ListItem","position":3,"name":"ILLY Iperespresso X7.1 Rose 14 g\u00e9lules incluses"}]},{"@type":"WebSite","@id":"https:\/\/dev6.erresse-shop.it\/#website","url":"https:\/\/dev6.erresse-shop.it\/","name":"Erresse Shop","description":"","publisher":{"@id":"https:\/\/dev6.erresse-shop.it\/#organization"},"potentialAction":[{"@type":"SearchAction","target":{"@type":"EntryPoint","urlTemplate":"https:\/\/dev6.erresse-shop.it\/?s={search_term_string}"},"query-input":{"@type":"PropertyValueSpecification","valueRequired":true,"valueName":"search_term_string"}}],"inLanguage":"fr-FR"},{"@type":"Organization","@id":"https:\/\/dev6.erresse-shop.it\/#organization","name":"Erresse Shop","url":"https:\/\/dev6.erresse-shop.it\/","logo":{"@type":"ImageObject","inLanguage":"fr-FR","@id":"https:\/\/dev6.erresse-shop.it\/#\/schema\/logo\/image\/","url":"https:\/\/dev6.erresse-shop.it\/wp-content\/uploads\/2025\/01\/LOGO-ERRESSE-CLASSICO.svg","contentUrl":"https:\/\/dev6.erresse-shop.it\/wp-content\/uploads\/2025\/01\/LOGO-ERRESSE-CLASSICO.svg","caption":"Erresse Shop"},"image":{"@id":"https:\/\/dev6.erresse-shop.it\/#\/schema\/logo\/image\/"}}]}},"df_price":199,"df_sale_price":"","df_regular_price":199,"df_image_link":"https:\/\/i2.wp.com\/interpim.erresse-shop.it\/Import\/Prodotti\/illy-x7.1-rosa.jpg?resize=300,300&ssl=1","fifu_image_url":"https:\/\/interpim.erresse-shop.it\/Import\/Prodotti\/illy-x7.1-rosa.jpg","_links":{"self":[{"href":"https:\/\/dev6.erresse-shop.it\/fr\/wp-json\/wp\/v2\/product\/62898","targetHints":{"allow":["GET"]}}],"collection":[{"href":"https:\/\/dev6.erresse-shop.it\/fr\/wp-json\/wp\/v2\/product"}],"about":[{"href":"https:\/\/dev6.erresse-shop.it\/fr\/wp-json\/wp\/v2\/types\/product"}],"wp:featuredmedia":[{"embeddable":true,"href":"https:\/\/dev6.erresse-shop.it\/fr\/wp-json\/wp\/v2\/media\/6323842"}],"wp:attachment":[{"href":"https:\/\/dev6.erresse-shop.it\/fr\/wp-json\/wp\/v2\/media?parent=62898"}],"wp:term":[{"taxonomy":"product_cat","embeddable":true,"href":"https:\/\/dev6.erresse-shop.it\/fr\/wp-json\/wp\/v2\/product_cat?post=62898"},{"taxonomy":"product_tag","embeddable":true,"href":"https:\/\/dev6.erresse-shop.it\/fr\/wp-json\/wp\/v2\/product_tag?post=62898"}],"curies":[{"name":"wp","href":"https:\/\/api.w.org\/{rel}","templated":true}]}}