{"id":62878,"date":"2026-04-12T13:29:02","date_gmt":"2026-04-12T11:29:02","guid":{"rendered":"https:\/\/dev6.erresse-shop.it\/shop\/non%20class\u00e9\/mario-luca-giusti-italia-flute-6-pieces-rubis\/"},"modified":"2025-09-14T06:44:34","modified_gmt":"2025-09-14T04:44:34","slug":"mario-luca-giusti-italia-flute-6-pieces-rubis","status":"publish","type":"product","link":"https:\/\/dev6.erresse-shop.it\/fr\/shop\/table-fr-2\/vin\/verres-a-vin\/mario-luca-giusti-italia-flute-6-pieces-rubis\/","title":{"rendered":"MARIO LUCA GIUSTI Italia Fl\u00fbte 6 pi\u00e8ces Rubis"},"content":{"rendered":"<p>De beaux objets \u00e9pur\u00e9s, simples et \u00e9l\u00e9gants, design, color\u00e9s : con\u00e7us et cr\u00e9\u00e9s par le styliste florentin Mario Luca Giusti.<\/p>\n<p>Une fa\u00e7on nouvelle et moderne de penser les verres, les pichets, les pr\u00e9sentoirs \u00e0 g\u00e2teaux et les accessoires de table en mati\u00e8re plastique : acrylique et polycarbonate.<\/p>\n<p>Les collections, \u00e9tudi\u00e9es et con\u00e7ues par Giusti lui-m\u00eame, s\u2019enrichissent chaque ann\u00e9e de nouveaux mod\u00e8les, ajoutant des objets aux formes et couleurs imaginatives allant du blanc au noir, du transparent aux couleurs les plus vives. L\u2019inspiration vient de la nature, du paysage, de l\u2019art italien ; pour faire un verre on regarde une colline ou les facettes d\u2019un diamant, pour un service d\u2019assiettes on vole un dessin du XIXe si\u00e8cle, les plantes de la jungle \u00e9quatoriale, les fleurs d\u2019un jardin anglais, la fourrure des animaux de la savane. Pour les couleurs, celles de l\u2019arc-en-ciel sont emprunt\u00e9es et m\u00eame plus.<\/p>\n","protected":false},"excerpt":{"rendered":"<p>De beaux objets \u00e9pur\u00e9s, simples et \u00e9l\u00e9gants, design, color\u00e9s : con\u00e7us et cr\u00e9\u00e9s par le styliste florentin Mario Luca Giusti. Une fa\u00e7on nouvelle et moderne de penser les verres, les pichets, les pr\u00e9sentoirs \u00e0 g\u00e2teaux et les accessoires de table en mati\u00e8re plastique : acrylique et polycarbonate. Les collections, \u00e9tudi\u00e9es et con\u00e7ues par Giusti lui-m\u00eame, [&hellip;]<\/p>\n","protected":false},"featured_media":6377196,"template":"","meta":{"_acf_changed":false},"product_cat":[11995,12078,12069],"product_tag":[],"class_list":{"0":"post-62878","1":"product","2":"type-product","3":"status-publish","4":"has-post-thumbnail","6":"product_cat-table-fr-2","7":"product_cat-verres-a-vin","8":"product_cat-vin","10":"first","11":"instock","12":"sale","13":"taxable","14":"shipping-taxable","15":"purchasable","16":"product-type-simple","swatches":"rey-swatches","show_selected":"","stretch_labels":"rey-swatches--stretch-labels"},"acf":[],"yoast_head":"<!-- This site is optimized with the Yoast SEO plugin v25.4 - https:\/\/yoast.com\/wordpress\/plugins\/seo\/ -->\n<title>MARIO LUCA GIUSTI Italia Fl\u00fbte 6 pi\u00e8ces Rubis - dev6 Erresse<\/title>\n<meta name=\"description\" content=\"De beaux objets \u00e9pur\u00e9s, simples et \u00e9l\u00e9gants, design, color\u00e9s : con\u00e7us et cr\u00e9\u00e9s par le styliste florentin Mario Luca Giusti. Une fa\u00e7on nouvelle et moderne\" \/>\n<meta name=\"robots\" content=\"noindex, follow, max-snippet:-1, max-image-preview:large, max-video-preview:-1\" \/>\n<meta property=\"og:locale\" content=\"fr_FR\" \/>\n<meta property=\"og:type\" content=\"article\" \/>\n<meta property=\"og:title\" content=\"MARIO LUCA GIUSTI Italia Fl\u00fbte 6 pi\u00e8ces Rubis - dev6 Erresse\" \/>\n<meta property=\"og:description\" content=\"De beaux objets \u00e9pur\u00e9s, simples et \u00e9l\u00e9gants, design, color\u00e9s : con\u00e7us et cr\u00e9\u00e9s par le styliste florentin Mario Luca Giusti. Une fa\u00e7on nouvelle et moderne\" \/>\n<meta property=\"og:url\" content=\"https:\/\/dev6.erresse-shop.it\/fr\/shop\/table-fr-2\/vin\/verres-a-vin\/mario-luca-giusti-italia-flute-6-pieces-rubis\/\" \/>\n<meta property=\"og:site_name\" content=\"dev6 Erresse\" \/>\n<meta property=\"og:image\" content=\"https:\/\/interpim.erresse-shop.it\/wp-content\/uploads\/2025\/02\/MARIO-LUCA-GIUSTI-Italia-Flute-6-pezzi-Rubino.jpg\/mario-luca-giusti-italia-flute-6-pezzi-rubino.jpg\" \/><meta property=\"og:image\" content=\"https:\/\/interpim.erresse-shop.it\/wp-content\/uploads\/2025\/02\/MARIO-LUCA-GIUSTI-Italia-Flute-6-pezzi-Rubino.jpg\/mario-luca-giusti-italia-flute-6-pezzi-rubino.jpg\" \/>\n\t<meta property=\"og:image:width\" content=\"1024\" \/>\n\t<meta property=\"og:image:height\" content=\"1024\" \/>\n\t<meta property=\"og:image:type\" content=\"image\/jpeg\" \/>\n<meta name=\"twitter:card\" content=\"summary_large_image\" \/>\n<meta name=\"twitter:image\" content=\"https:\/\/interpim.erresse-shop.it\/wp-content\/uploads\/2025\/02\/MARIO-LUCA-GIUSTI-Italia-Flute-6-pezzi-Rubino.jpg\/mario-luca-giusti-italia-flute-6-pezzi-rubino.jpg\" \/>\n<script type=\"application\/ld+json\" class=\"yoast-schema-graph\">{\"@context\":\"https:\/\/schema.org\",\"@graph\":[{\"@type\":\"WebPage\",\"@id\":\"https:\/\/dev6.erresse-shop.it\/fr\/shop\/table-fr-2\/vin\/verres-a-vin\/mario-luca-giusti-italia-flute-6-pieces-rubis\/\",\"url\":\"https:\/\/dev6.erresse-shop.it\/fr\/shop\/table-fr-2\/vin\/verres-a-vin\/mario-luca-giusti-italia-flute-6-pieces-rubis\/\",\"name\":\"MARIO LUCA GIUSTI Italia Fl\u00fbte 6 pi\u00e8ces Rubis - dev6 Erresse\",\"isPartOf\":{\"@id\":\"https:\/\/dev6.erresse-shop.it\/#website\"},\"primaryImageOfPage\":{\"@id\":\"https:\/\/dev6.erresse-shop.it\/fr\/shop\/table-fr-2\/vin\/verres-a-vin\/mario-luca-giusti-italia-flute-6-pieces-rubis\/#primaryimage\"},\"image\":{\"@id\":\"https:\/\/dev6.erresse-shop.it\/fr\/shop\/table-fr-2\/vin\/verres-a-vin\/mario-luca-giusti-italia-flute-6-pieces-rubis\/#primaryimage\"},\"thumbnailUrl\":\"https:\/\/i2.wp.com\/interpim.erresse-shop.it\/wp-content\/uploads\/2025\/02\/MARIO-LUCA-GIUSTI-Italia-Flute-6-pezzi-Rubino.jpg\/mario-luca-giusti-italia-flute-6-pezzi-rubino.jpg?ssl=1\",\"datePublished\":\"2026-04-12T11:29:02+00:00\",\"description\":\"De beaux objets \u00e9pur\u00e9s, simples et \u00e9l\u00e9gants, design, color\u00e9s : con\u00e7us et cr\u00e9\u00e9s par le styliste florentin Mario Luca Giusti. Une fa\u00e7on nouvelle et moderne\",\"breadcrumb\":{\"@id\":\"https:\/\/dev6.erresse-shop.it\/fr\/shop\/table-fr-2\/vin\/verres-a-vin\/mario-luca-giusti-italia-flute-6-pieces-rubis\/#breadcrumb\"},\"inLanguage\":\"fr-FR\",\"potentialAction\":[{\"@type\":\"ReadAction\",\"target\":[\"https:\/\/dev6.erresse-shop.it\/fr\/shop\/table-fr-2\/vin\/verres-a-vin\/mario-luca-giusti-italia-flute-6-pieces-rubis\/\"]}]},{\"@type\":\"ImageObject\",\"inLanguage\":\"fr-FR\",\"@id\":\"https:\/\/dev6.erresse-shop.it\/fr\/shop\/table-fr-2\/vin\/verres-a-vin\/mario-luca-giusti-italia-flute-6-pieces-rubis\/#primaryimage\",\"url\":\"https:\/\/i2.wp.com\/interpim.erresse-shop.it\/wp-content\/uploads\/2025\/02\/MARIO-LUCA-GIUSTI-Italia-Flute-6-pezzi-Rubino.jpg\/mario-luca-giusti-italia-flute-6-pezzi-rubino.jpg?ssl=1\",\"contentUrl\":\"https:\/\/i2.wp.com\/interpim.erresse-shop.it\/wp-content\/uploads\/2025\/02\/MARIO-LUCA-GIUSTI-Italia-Flute-6-pezzi-Rubino.jpg\/mario-luca-giusti-italia-flute-6-pezzi-rubino.jpg?ssl=1\"},{\"@type\":\"BreadcrumbList\",\"@id\":\"https:\/\/dev6.erresse-shop.it\/fr\/shop\/table-fr-2\/vin\/verres-a-vin\/mario-luca-giusti-italia-flute-6-pieces-rubis\/#breadcrumb\",\"itemListElement\":[{\"@type\":\"ListItem\",\"position\":1,\"name\":\"Home\",\"item\":\"https:\/\/dev6.erresse-shop.it\/\"},{\"@type\":\"ListItem\",\"position\":2,\"name\":\"Boutique\",\"item\":\"https:\/\/dev6.erresse-shop.it\/shop\/\"},{\"@type\":\"ListItem\",\"position\":3,\"name\":\"MARIO LUCA GIUSTI Italia Fl\u00fbte 6 pi\u00e8ces Rubis\"}]},{\"@type\":\"WebSite\",\"@id\":\"https:\/\/dev6.erresse-shop.it\/#website\",\"url\":\"https:\/\/dev6.erresse-shop.it\/\",\"name\":\"Erresse Shop\",\"description\":\"\",\"publisher\":{\"@id\":\"https:\/\/dev6.erresse-shop.it\/#organization\"},\"potentialAction\":[{\"@type\":\"SearchAction\",\"target\":{\"@type\":\"EntryPoint\",\"urlTemplate\":\"https:\/\/dev6.erresse-shop.it\/?s={search_term_string}\"},\"query-input\":{\"@type\":\"PropertyValueSpecification\",\"valueRequired\":true,\"valueName\":\"search_term_string\"}}],\"inLanguage\":\"fr-FR\"},{\"@type\":\"Organization\",\"@id\":\"https:\/\/dev6.erresse-shop.it\/#organization\",\"name\":\"Erresse Shop\",\"url\":\"https:\/\/dev6.erresse-shop.it\/\",\"logo\":{\"@type\":\"ImageObject\",\"inLanguage\":\"fr-FR\",\"@id\":\"https:\/\/dev6.erresse-shop.it\/#\/schema\/logo\/image\/\",\"url\":\"https:\/\/dev6.erresse-shop.it\/wp-content\/uploads\/2025\/01\/LOGO-ERRESSE-CLASSICO.svg\",\"contentUrl\":\"https:\/\/dev6.erresse-shop.it\/wp-content\/uploads\/2025\/01\/LOGO-ERRESSE-CLASSICO.svg\",\"caption\":\"Erresse Shop\"},\"image\":{\"@id\":\"https:\/\/dev6.erresse-shop.it\/#\/schema\/logo\/image\/\"}}]}<\/script>\n<!-- \/ Yoast SEO plugin. -->","yoast_head_json":{"title":"MARIO LUCA GIUSTI Italia Fl\u00fbte 6 pi\u00e8ces Rubis - dev6 Erresse","description":"De beaux objets \u00e9pur\u00e9s, simples et \u00e9l\u00e9gants, design, color\u00e9s : con\u00e7us et cr\u00e9\u00e9s par le styliste florentin Mario Luca Giusti. Une fa\u00e7on nouvelle et moderne","robots":{"index":"noindex","follow":"follow","max-snippet":"max-snippet:-1","max-image-preview":"max-image-preview:large","max-video-preview":"max-video-preview:-1"},"og_locale":"fr_FR","og_type":"article","og_title":"MARIO LUCA GIUSTI Italia Fl\u00fbte 6 pi\u00e8ces Rubis - dev6 Erresse","og_description":"De beaux objets \u00e9pur\u00e9s, simples et \u00e9l\u00e9gants, design, color\u00e9s : con\u00e7us et cr\u00e9\u00e9s par le styliste florentin Mario Luca Giusti. Une fa\u00e7on nouvelle et moderne","og_url":"https:\/\/dev6.erresse-shop.it\/fr\/shop\/table-fr-2\/vin\/verres-a-vin\/mario-luca-giusti-italia-flute-6-pieces-rubis\/","og_site_name":"dev6 Erresse","og_image":[{"url":"https:\/\/interpim.erresse-shop.it\/wp-content\/uploads\/2025\/02\/MARIO-LUCA-GIUSTI-Italia-Flute-6-pezzi-Rubino.jpg\/mario-luca-giusti-italia-flute-6-pezzi-rubino.jpg","type":"","width":"","height":""},{"url":"https:\/\/interpim.erresse-shop.it\/wp-content\/uploads\/2025\/02\/MARIO-LUCA-GIUSTI-Italia-Flute-6-pezzi-Rubino.jpg\/mario-luca-giusti-italia-flute-6-pezzi-rubino.jpg","width":1024,"height":1024,"type":"image\/jpeg"}],"twitter_card":"summary_large_image","twitter_image":"https:\/\/interpim.erresse-shop.it\/wp-content\/uploads\/2025\/02\/MARIO-LUCA-GIUSTI-Italia-Flute-6-pezzi-Rubino.jpg\/mario-luca-giusti-italia-flute-6-pezzi-rubino.jpg","schema":{"@context":"https:\/\/schema.org","@graph":[{"@type":"WebPage","@id":"https:\/\/dev6.erresse-shop.it\/fr\/shop\/table-fr-2\/vin\/verres-a-vin\/mario-luca-giusti-italia-flute-6-pieces-rubis\/","url":"https:\/\/dev6.erresse-shop.it\/fr\/shop\/table-fr-2\/vin\/verres-a-vin\/mario-luca-giusti-italia-flute-6-pieces-rubis\/","name":"MARIO LUCA GIUSTI Italia Fl\u00fbte 6 pi\u00e8ces Rubis - dev6 Erresse","isPartOf":{"@id":"https:\/\/dev6.erresse-shop.it\/#website"},"primaryImageOfPage":{"@id":"https:\/\/dev6.erresse-shop.it\/fr\/shop\/table-fr-2\/vin\/verres-a-vin\/mario-luca-giusti-italia-flute-6-pieces-rubis\/#primaryimage"},"image":{"@id":"https:\/\/dev6.erresse-shop.it\/fr\/shop\/table-fr-2\/vin\/verres-a-vin\/mario-luca-giusti-italia-flute-6-pieces-rubis\/#primaryimage"},"thumbnailUrl":"https:\/\/i2.wp.com\/interpim.erresse-shop.it\/wp-content\/uploads\/2025\/02\/MARIO-LUCA-GIUSTI-Italia-Flute-6-pezzi-Rubino.jpg\/mario-luca-giusti-italia-flute-6-pezzi-rubino.jpg?ssl=1","datePublished":"2026-04-12T11:29:02+00:00","description":"De beaux objets \u00e9pur\u00e9s, simples et \u00e9l\u00e9gants, design, color\u00e9s : con\u00e7us et cr\u00e9\u00e9s par le styliste florentin Mario Luca Giusti. Une fa\u00e7on nouvelle et moderne","breadcrumb":{"@id":"https:\/\/dev6.erresse-shop.it\/fr\/shop\/table-fr-2\/vin\/verres-a-vin\/mario-luca-giusti-italia-flute-6-pieces-rubis\/#breadcrumb"},"inLanguage":"fr-FR","potentialAction":[{"@type":"ReadAction","target":["https:\/\/dev6.erresse-shop.it\/fr\/shop\/table-fr-2\/vin\/verres-a-vin\/mario-luca-giusti-italia-flute-6-pieces-rubis\/"]}]},{"@type":"ImageObject","inLanguage":"fr-FR","@id":"https:\/\/dev6.erresse-shop.it\/fr\/shop\/table-fr-2\/vin\/verres-a-vin\/mario-luca-giusti-italia-flute-6-pieces-rubis\/#primaryimage","url":"https:\/\/i2.wp.com\/interpim.erresse-shop.it\/wp-content\/uploads\/2025\/02\/MARIO-LUCA-GIUSTI-Italia-Flute-6-pezzi-Rubino.jpg\/mario-luca-giusti-italia-flute-6-pezzi-rubino.jpg?ssl=1","contentUrl":"https:\/\/i2.wp.com\/interpim.erresse-shop.it\/wp-content\/uploads\/2025\/02\/MARIO-LUCA-GIUSTI-Italia-Flute-6-pezzi-Rubino.jpg\/mario-luca-giusti-italia-flute-6-pezzi-rubino.jpg?ssl=1"},{"@type":"BreadcrumbList","@id":"https:\/\/dev6.erresse-shop.it\/fr\/shop\/table-fr-2\/vin\/verres-a-vin\/mario-luca-giusti-italia-flute-6-pieces-rubis\/#breadcrumb","itemListElement":[{"@type":"ListItem","position":1,"name":"Home","item":"https:\/\/dev6.erresse-shop.it\/"},{"@type":"ListItem","position":2,"name":"Boutique","item":"https:\/\/dev6.erresse-shop.it\/shop\/"},{"@type":"ListItem","position":3,"name":"MARIO LUCA GIUSTI Italia Fl\u00fbte 6 pi\u00e8ces Rubis"}]},{"@type":"WebSite","@id":"https:\/\/dev6.erresse-shop.it\/#website","url":"https:\/\/dev6.erresse-shop.it\/","name":"Erresse Shop","description":"","publisher":{"@id":"https:\/\/dev6.erresse-shop.it\/#organization"},"potentialAction":[{"@type":"SearchAction","target":{"@type":"EntryPoint","urlTemplate":"https:\/\/dev6.erresse-shop.it\/?s={search_term_string}"},"query-input":{"@type":"PropertyValueSpecification","valueRequired":true,"valueName":"search_term_string"}}],"inLanguage":"fr-FR"},{"@type":"Organization","@id":"https:\/\/dev6.erresse-shop.it\/#organization","name":"Erresse Shop","url":"https:\/\/dev6.erresse-shop.it\/","logo":{"@type":"ImageObject","inLanguage":"fr-FR","@id":"https:\/\/dev6.erresse-shop.it\/#\/schema\/logo\/image\/","url":"https:\/\/dev6.erresse-shop.it\/wp-content\/uploads\/2025\/01\/LOGO-ERRESSE-CLASSICO.svg","contentUrl":"https:\/\/dev6.erresse-shop.it\/wp-content\/uploads\/2025\/01\/LOGO-ERRESSE-CLASSICO.svg","caption":"Erresse Shop"},"image":{"@id":"https:\/\/dev6.erresse-shop.it\/#\/schema\/logo\/image\/"}}]}},"df_price":129.95,"df_sale_price":129.95,"df_regular_price":144,"df_image_link":"https:\/\/i2.wp.com\/interpim.erresse-shop.it\/wp-content\/uploads\/2025\/02\/MARIO-LUCA-GIUSTI-Italia-Flute-6-pezzi-Rubino.jpg\/mario-luca-giusti-italia-flute-6-pezzi-rubino.jpg?resize=300,300&ssl=1","fifu_image_url":"https:\/\/interpim.erresse-shop.it\/wp-content\/uploads\/2025\/02\/MARIO-LUCA-GIUSTI-Italia-Flute-6-pezzi-Rubino.jpg\/mario-luca-giusti-italia-flute-6-pezzi-rubino.jpg","_links":{"self":[{"href":"https:\/\/dev6.erresse-shop.it\/fr\/wp-json\/wp\/v2\/product\/62878","targetHints":{"allow":["GET"]}}],"collection":[{"href":"https:\/\/dev6.erresse-shop.it\/fr\/wp-json\/wp\/v2\/product"}],"about":[{"href":"https:\/\/dev6.erresse-shop.it\/fr\/wp-json\/wp\/v2\/types\/product"}],"wp:featuredmedia":[{"embeddable":true,"href":"https:\/\/dev6.erresse-shop.it\/fr\/wp-json\/wp\/v2\/media\/6377196"}],"wp:attachment":[{"href":"https:\/\/dev6.erresse-shop.it\/fr\/wp-json\/wp\/v2\/media?parent=62878"}],"wp:term":[{"taxonomy":"product_cat","embeddable":true,"href":"https:\/\/dev6.erresse-shop.it\/fr\/wp-json\/wp\/v2\/product_cat?post=62878"},{"taxonomy":"product_tag","embeddable":true,"href":"https:\/\/dev6.erresse-shop.it\/fr\/wp-json\/wp\/v2\/product_tag?post=62878"}],"curies":[{"name":"wp","href":"https:\/\/api.w.org\/{rel}","templated":true}]}}