{"id":62856,"date":"2026-04-12T10:15:30","date_gmt":"2026-04-12T08:15:30","guid":{"rendered":"https:\/\/dev6.erresse-shop.it\/shop\/non%20class\u00e9\/le-creuset-poele-a-frire-evolution-double-bec-26-cm-garnet\/"},"modified":"2025-09-14T05:11:27","modified_gmt":"2025-09-14T03:11:27","slug":"le-creuset-poele-a-frire-evolution-double-bec-26-cm-garnet","status":"publish","type":"product","link":"https:\/\/dev6.erresse-shop.it\/fr\/shop\/poeles-pots\/le-creuset-poele-a-frire-evolution-double-bec-26-cm-garnet\/","title":{"rendered":"LE CREUSET Po\u00eale \u00e0 frire Evolution Double Bec 26 cm Garnet"},"content":{"rendered":"<p>M\u00eame fonction que la po\u00eale \u00e0 double bec classique en fonte \u00e9maill\u00e9e de Le Creuset, mais avec en prime des bords plus hauts. Gr\u00e2ce \u00e0 sa conception am\u00e9lior\u00e9e, la casserole profonde \u00e0 double bec maintient les \u00e9claboussures d\u2019huiles et de graisses de cuisson \u00e0 distance et aide \u00e0 garder l\u2019espace de travail propre. En outre, la conception \u00e0 deux becs sur le bord vous permet d\u2019\u00e9vacuer facilement les graisses et les liquides en exc\u00e8s sans avoir besoin d\u2019outils ou autre. Essayez-le pour vos recettes de l\u00e9gumes ou de viande sur le gril, il vous surprendra.<\/p>\n<p>Optez pour une cuisine saine et pauvre en graisses : cette po\u00eale ne n\u00e9cessite qu\u2019un peu d\u2019huile ! Les po\u00eales Le Creuset sont parfaites pour r\u00f4tir la viande, le poulet et les l\u00e9gumes en pr\u00e9servant toute leur saveur. Ils sont extr\u00eamement pratiques et peuvent \u00eatre utilis\u00e9s au four et sur le barbecue. Notre c\u00e9l\u00e8bre gamme de fonte \u00e9maill\u00e9e permet une distribution et une r\u00e9tention parfaites de la chaleur. Le rev\u00eatement int\u00e9rieur en \u00e9mail noir est durable, hygi\u00e9nique et facile \u00e0 nettoyer. Essayez-le et les r\u00e9sultats vous surprendront.<\/p>\n<p>Caract\u00e9ristiques de la fonte \u00e9maill\u00e9e :<\/p>\n<p>\u2013 R\u00e9partition uniforme de la chaleur, sans zones de surchauffe.<br \/>\n\u2013 Excellente r\u00e9tention de la chaleur.<br \/>\n\u2013 Poign\u00e9es con\u00e7ues pour une excellente prise en main.<br \/>\n\u2013 Surfaces int\u00e9rieures et ext\u00e9rieures \u00e9maill\u00e9es. N\u2019absorbe pas l\u2019humidit\u00e9, le go\u00fbt ou l\u2019odeur des aliments.<br \/>\n\u2013 Compatible avec toutes les sources de chaleur, y compris l\u2019induction.<br \/>\n\u2013 Facile \u00e0 nettoyer.<br \/>\n\u2013 Durabilit\u00e9 exceptionnelle.<br \/>\n\u2013 Garantie \u00e0 vie.<\/p>\n<p>Profondeur : 3,6 cm<\/p>\n<p>See Movie 1<br \/>\nSee Movie 2<\/p>\n","protected":false},"excerpt":{"rendered":"<p>M\u00eame fonction que la po\u00eale \u00e0 double bec classique en fonte \u00e9maill\u00e9e de Le Creuset, mais avec en prime des bords plus hauts. Gr\u00e2ce \u00e0 sa conception am\u00e9lior\u00e9e, la casserole profonde \u00e0 double bec maintient les \u00e9claboussures d\u2019huiles et de graisses de cuisson \u00e0 distance et aide \u00e0 garder l\u2019espace de travail propre. En outre, [&hellip;]<\/p>\n","protected":false},"featured_media":6365328,"template":"","meta":{"_acf_changed":false},"product_cat":[11991],"product_tag":[],"class_list":{"0":"post-62856","1":"product","2":"type-product","3":"status-publish","4":"has-post-thumbnail","6":"product_cat-poeles-pots","8":"first","9":"instock","10":"sale","11":"taxable","12":"shipping-taxable","13":"purchasable","14":"product-type-simple","swatches":"rey-swatches","show_selected":"","stretch_labels":"rey-swatches--stretch-labels"},"acf":[],"yoast_head":"<!-- This site is optimized with the Yoast SEO plugin v25.4 - https:\/\/yoast.com\/wordpress\/plugins\/seo\/ -->\n<title>LE CREUSET Po\u00eale \u00e0 frire Evolution Double Bec 26 cm Garnet - dev6 Erresse<\/title>\n<meta name=\"description\" content=\"M\u00eame fonction que la po\u00eale \u00e0 double bec classique en fonte \u00e9maill\u00e9e de Le Creuset, mais avec en prime des bords plus hauts. Gr\u00e2ce \u00e0 sa conception\" \/>\n<meta name=\"robots\" content=\"noindex, follow, max-snippet:-1, max-image-preview:large, max-video-preview:-1\" \/>\n<meta property=\"og:locale\" content=\"fr_FR\" \/>\n<meta property=\"og:type\" content=\"article\" \/>\n<meta property=\"og:title\" content=\"LE CREUSET Po\u00eale \u00e0 frire Evolution Double Bec 26 cm Garnet - dev6 Erresse\" \/>\n<meta property=\"og:description\" content=\"M\u00eame fonction que la po\u00eale \u00e0 double bec classique en fonte \u00e9maill\u00e9e de Le Creuset, mais avec en prime des bords plus hauts. Gr\u00e2ce \u00e0 sa conception\" \/>\n<meta property=\"og:url\" content=\"https:\/\/dev6.erresse-shop.it\/fr\/shop\/poeles-pots\/le-creuset-poele-a-frire-evolution-double-bec-26-cm-garnet\/\" \/>\n<meta property=\"og:site_name\" content=\"dev6 Erresse\" \/>\n<meta property=\"og:image\" content=\"https:\/\/interpim.erresse-shop.it\/Import\/Prodotti\/le-creuset-doppio-becco.jpg\" \/><meta property=\"og:image\" content=\"https:\/\/interpim.erresse-shop.it\/Import\/Prodotti\/le-creuset-doppio-becco.jpg\" \/>\n\t<meta property=\"og:image:width\" content=\"1024\" \/>\n\t<meta property=\"og:image:height\" content=\"1024\" \/>\n\t<meta property=\"og:image:type\" content=\"image\/jpeg\" \/>\n<meta name=\"twitter:card\" content=\"summary_large_image\" \/>\n<meta name=\"twitter:image\" content=\"https:\/\/interpim.erresse-shop.it\/Import\/Prodotti\/le-creuset-doppio-becco.jpg\" \/>\n<script type=\"application\/ld+json\" class=\"yoast-schema-graph\">{\"@context\":\"https:\/\/schema.org\",\"@graph\":[{\"@type\":\"WebPage\",\"@id\":\"https:\/\/dev6.erresse-shop.it\/fr\/shop\/poeles-pots\/le-creuset-poele-a-frire-evolution-double-bec-26-cm-garnet\/\",\"url\":\"https:\/\/dev6.erresse-shop.it\/fr\/shop\/poeles-pots\/le-creuset-poele-a-frire-evolution-double-bec-26-cm-garnet\/\",\"name\":\"LE CREUSET Po\u00eale \u00e0 frire Evolution Double Bec 26 cm Garnet - dev6 Erresse\",\"isPartOf\":{\"@id\":\"https:\/\/dev6.erresse-shop.it\/#website\"},\"primaryImageOfPage\":{\"@id\":\"https:\/\/dev6.erresse-shop.it\/fr\/shop\/poeles-pots\/le-creuset-poele-a-frire-evolution-double-bec-26-cm-garnet\/#primaryimage\"},\"image\":{\"@id\":\"https:\/\/dev6.erresse-shop.it\/fr\/shop\/poeles-pots\/le-creuset-poele-a-frire-evolution-double-bec-26-cm-garnet\/#primaryimage\"},\"thumbnailUrl\":\"https:\/\/i2.wp.com\/interpim.erresse-shop.it\/Import\/Prodotti\/le-creuset-doppio-becco.jpg?ssl=1\",\"datePublished\":\"2026-04-12T08:15:30+00:00\",\"description\":\"M\u00eame fonction que la po\u00eale \u00e0 double bec classique en fonte \u00e9maill\u00e9e de Le Creuset, mais avec en prime des bords plus hauts. Gr\u00e2ce \u00e0 sa conception\",\"breadcrumb\":{\"@id\":\"https:\/\/dev6.erresse-shop.it\/fr\/shop\/poeles-pots\/le-creuset-poele-a-frire-evolution-double-bec-26-cm-garnet\/#breadcrumb\"},\"inLanguage\":\"fr-FR\",\"potentialAction\":[{\"@type\":\"ReadAction\",\"target\":[\"https:\/\/dev6.erresse-shop.it\/fr\/shop\/poeles-pots\/le-creuset-poele-a-frire-evolution-double-bec-26-cm-garnet\/\"]}]},{\"@type\":\"ImageObject\",\"inLanguage\":\"fr-FR\",\"@id\":\"https:\/\/dev6.erresse-shop.it\/fr\/shop\/poeles-pots\/le-creuset-poele-a-frire-evolution-double-bec-26-cm-garnet\/#primaryimage\",\"url\":\"https:\/\/i2.wp.com\/interpim.erresse-shop.it\/Import\/Prodotti\/le-creuset-doppio-becco.jpg?ssl=1\",\"contentUrl\":\"https:\/\/i2.wp.com\/interpim.erresse-shop.it\/Import\/Prodotti\/le-creuset-doppio-becco.jpg?ssl=1\"},{\"@type\":\"BreadcrumbList\",\"@id\":\"https:\/\/dev6.erresse-shop.it\/fr\/shop\/poeles-pots\/le-creuset-poele-a-frire-evolution-double-bec-26-cm-garnet\/#breadcrumb\",\"itemListElement\":[{\"@type\":\"ListItem\",\"position\":1,\"name\":\"Home\",\"item\":\"https:\/\/dev6.erresse-shop.it\/\"},{\"@type\":\"ListItem\",\"position\":2,\"name\":\"Boutique\",\"item\":\"https:\/\/dev6.erresse-shop.it\/shop\/\"},{\"@type\":\"ListItem\",\"position\":3,\"name\":\"LE CREUSET Po\u00eale \u00e0 frire Evolution Double Bec 26 cm Garnet\"}]},{\"@type\":\"WebSite\",\"@id\":\"https:\/\/dev6.erresse-shop.it\/#website\",\"url\":\"https:\/\/dev6.erresse-shop.it\/\",\"name\":\"Erresse Shop\",\"description\":\"\",\"publisher\":{\"@id\":\"https:\/\/dev6.erresse-shop.it\/#organization\"},\"potentialAction\":[{\"@type\":\"SearchAction\",\"target\":{\"@type\":\"EntryPoint\",\"urlTemplate\":\"https:\/\/dev6.erresse-shop.it\/?s={search_term_string}\"},\"query-input\":{\"@type\":\"PropertyValueSpecification\",\"valueRequired\":true,\"valueName\":\"search_term_string\"}}],\"inLanguage\":\"fr-FR\"},{\"@type\":\"Organization\",\"@id\":\"https:\/\/dev6.erresse-shop.it\/#organization\",\"name\":\"Erresse Shop\",\"url\":\"https:\/\/dev6.erresse-shop.it\/\",\"logo\":{\"@type\":\"ImageObject\",\"inLanguage\":\"fr-FR\",\"@id\":\"https:\/\/dev6.erresse-shop.it\/#\/schema\/logo\/image\/\",\"url\":\"https:\/\/dev6.erresse-shop.it\/wp-content\/uploads\/2025\/01\/LOGO-ERRESSE-CLASSICO.svg\",\"contentUrl\":\"https:\/\/dev6.erresse-shop.it\/wp-content\/uploads\/2025\/01\/LOGO-ERRESSE-CLASSICO.svg\",\"caption\":\"Erresse Shop\"},\"image\":{\"@id\":\"https:\/\/dev6.erresse-shop.it\/#\/schema\/logo\/image\/\"}}]}<\/script>\n<!-- \/ Yoast SEO plugin. -->","yoast_head_json":{"title":"LE CREUSET Po\u00eale \u00e0 frire Evolution Double Bec 26 cm Garnet - dev6 Erresse","description":"M\u00eame fonction que la po\u00eale \u00e0 double bec classique en fonte \u00e9maill\u00e9e de Le Creuset, mais avec en prime des bords plus hauts. Gr\u00e2ce \u00e0 sa conception","robots":{"index":"noindex","follow":"follow","max-snippet":"max-snippet:-1","max-image-preview":"max-image-preview:large","max-video-preview":"max-video-preview:-1"},"og_locale":"fr_FR","og_type":"article","og_title":"LE CREUSET Po\u00eale \u00e0 frire Evolution Double Bec 26 cm Garnet - dev6 Erresse","og_description":"M\u00eame fonction que la po\u00eale \u00e0 double bec classique en fonte \u00e9maill\u00e9e de Le Creuset, mais avec en prime des bords plus hauts. Gr\u00e2ce \u00e0 sa conception","og_url":"https:\/\/dev6.erresse-shop.it\/fr\/shop\/poeles-pots\/le-creuset-poele-a-frire-evolution-double-bec-26-cm-garnet\/","og_site_name":"dev6 Erresse","og_image":[{"url":"https:\/\/interpim.erresse-shop.it\/Import\/Prodotti\/le-creuset-doppio-becco.jpg","type":"","width":"","height":""},{"url":"https:\/\/interpim.erresse-shop.it\/Import\/Prodotti\/le-creuset-doppio-becco.jpg","width":1024,"height":1024,"type":"image\/jpeg"}],"twitter_card":"summary_large_image","twitter_image":"https:\/\/interpim.erresse-shop.it\/Import\/Prodotti\/le-creuset-doppio-becco.jpg","schema":{"@context":"https:\/\/schema.org","@graph":[{"@type":"WebPage","@id":"https:\/\/dev6.erresse-shop.it\/fr\/shop\/poeles-pots\/le-creuset-poele-a-frire-evolution-double-bec-26-cm-garnet\/","url":"https:\/\/dev6.erresse-shop.it\/fr\/shop\/poeles-pots\/le-creuset-poele-a-frire-evolution-double-bec-26-cm-garnet\/","name":"LE CREUSET Po\u00eale \u00e0 frire Evolution Double Bec 26 cm Garnet - dev6 Erresse","isPartOf":{"@id":"https:\/\/dev6.erresse-shop.it\/#website"},"primaryImageOfPage":{"@id":"https:\/\/dev6.erresse-shop.it\/fr\/shop\/poeles-pots\/le-creuset-poele-a-frire-evolution-double-bec-26-cm-garnet\/#primaryimage"},"image":{"@id":"https:\/\/dev6.erresse-shop.it\/fr\/shop\/poeles-pots\/le-creuset-poele-a-frire-evolution-double-bec-26-cm-garnet\/#primaryimage"},"thumbnailUrl":"https:\/\/i2.wp.com\/interpim.erresse-shop.it\/Import\/Prodotti\/le-creuset-doppio-becco.jpg?ssl=1","datePublished":"2026-04-12T08:15:30+00:00","description":"M\u00eame fonction que la po\u00eale \u00e0 double bec classique en fonte \u00e9maill\u00e9e de Le Creuset, mais avec en prime des bords plus hauts. Gr\u00e2ce \u00e0 sa conception","breadcrumb":{"@id":"https:\/\/dev6.erresse-shop.it\/fr\/shop\/poeles-pots\/le-creuset-poele-a-frire-evolution-double-bec-26-cm-garnet\/#breadcrumb"},"inLanguage":"fr-FR","potentialAction":[{"@type":"ReadAction","target":["https:\/\/dev6.erresse-shop.it\/fr\/shop\/poeles-pots\/le-creuset-poele-a-frire-evolution-double-bec-26-cm-garnet\/"]}]},{"@type":"ImageObject","inLanguage":"fr-FR","@id":"https:\/\/dev6.erresse-shop.it\/fr\/shop\/poeles-pots\/le-creuset-poele-a-frire-evolution-double-bec-26-cm-garnet\/#primaryimage","url":"https:\/\/i2.wp.com\/interpim.erresse-shop.it\/Import\/Prodotti\/le-creuset-doppio-becco.jpg?ssl=1","contentUrl":"https:\/\/i2.wp.com\/interpim.erresse-shop.it\/Import\/Prodotti\/le-creuset-doppio-becco.jpg?ssl=1"},{"@type":"BreadcrumbList","@id":"https:\/\/dev6.erresse-shop.it\/fr\/shop\/poeles-pots\/le-creuset-poele-a-frire-evolution-double-bec-26-cm-garnet\/#breadcrumb","itemListElement":[{"@type":"ListItem","position":1,"name":"Home","item":"https:\/\/dev6.erresse-shop.it\/"},{"@type":"ListItem","position":2,"name":"Boutique","item":"https:\/\/dev6.erresse-shop.it\/shop\/"},{"@type":"ListItem","position":3,"name":"LE CREUSET Po\u00eale \u00e0 frire Evolution Double Bec 26 cm Garnet"}]},{"@type":"WebSite","@id":"https:\/\/dev6.erresse-shop.it\/#website","url":"https:\/\/dev6.erresse-shop.it\/","name":"Erresse Shop","description":"","publisher":{"@id":"https:\/\/dev6.erresse-shop.it\/#organization"},"potentialAction":[{"@type":"SearchAction","target":{"@type":"EntryPoint","urlTemplate":"https:\/\/dev6.erresse-shop.it\/?s={search_term_string}"},"query-input":{"@type":"PropertyValueSpecification","valueRequired":true,"valueName":"search_term_string"}}],"inLanguage":"fr-FR"},{"@type":"Organization","@id":"https:\/\/dev6.erresse-shop.it\/#organization","name":"Erresse Shop","url":"https:\/\/dev6.erresse-shop.it\/","logo":{"@type":"ImageObject","inLanguage":"fr-FR","@id":"https:\/\/dev6.erresse-shop.it\/#\/schema\/logo\/image\/","url":"https:\/\/dev6.erresse-shop.it\/wp-content\/uploads\/2025\/01\/LOGO-ERRESSE-CLASSICO.svg","contentUrl":"https:\/\/dev6.erresse-shop.it\/wp-content\/uploads\/2025\/01\/LOGO-ERRESSE-CLASSICO.svg","caption":"Erresse Shop"},"image":{"@id":"https:\/\/dev6.erresse-shop.it\/#\/schema\/logo\/image\/"}}]}},"df_price":129.95,"df_sale_price":129.95,"df_regular_price":175,"df_image_link":"https:\/\/i2.wp.com\/interpim.erresse-shop.it\/Import\/Prodotti\/le-creuset-doppio-becco.jpg?resize=300,300&ssl=1","fifu_image_url":"https:\/\/interpim.erresse-shop.it\/Import\/Prodotti\/le-creuset-doppio-becco.jpg","_links":{"self":[{"href":"https:\/\/dev6.erresse-shop.it\/fr\/wp-json\/wp\/v2\/product\/62856","targetHints":{"allow":["GET"]}}],"collection":[{"href":"https:\/\/dev6.erresse-shop.it\/fr\/wp-json\/wp\/v2\/product"}],"about":[{"href":"https:\/\/dev6.erresse-shop.it\/fr\/wp-json\/wp\/v2\/types\/product"}],"wp:featuredmedia":[{"embeddable":true,"href":"https:\/\/dev6.erresse-shop.it\/fr\/wp-json\/wp\/v2\/media\/6365328"}],"wp:attachment":[{"href":"https:\/\/dev6.erresse-shop.it\/fr\/wp-json\/wp\/v2\/media?parent=62856"}],"wp:term":[{"taxonomy":"product_cat","embeddable":true,"href":"https:\/\/dev6.erresse-shop.it\/fr\/wp-json\/wp\/v2\/product_cat?post=62856"},{"taxonomy":"product_tag","embeddable":true,"href":"https:\/\/dev6.erresse-shop.it\/fr\/wp-json\/wp\/v2\/product_tag?post=62856"}],"curies":[{"name":"wp","href":"https:\/\/api.w.org\/{rel}","templated":true}]}}