{"id":62740,"date":"2026-04-12T10:13:44","date_gmt":"2026-04-12T08:13:44","guid":{"rendered":"https:\/\/dev6.erresse-shop.it\/shop\/non%20class\u00e9\/venini-vase-fazzoletto-iceberg-h24\/"},"modified":"2026-01-09T02:10:16","modified_gmt":"2026-01-09T01:10:16","slug":"venini-vase-fazzoletto-iceberg-h24","status":"publish","type":"product","link":"https:\/\/dev6.erresse-shop.it\/fr\/shop\/ameublement-maison\/vases-fr\/venini-vase-fazzoletto-iceberg-h24\/","title":{"rendered":"VENINI Vase Fazzoletto Iceberg H24"},"content":{"rendered":"<p>Le vase Fazzoletto de Fulvio Bianconi est une variante d\u2019un vase ant\u00e9rieur, le vase Cartoccio, con\u00e7u par Piero Chiesa pour FontanaArte en 1985. Alors que le vase Cartoccio \u00e9tait fait de verre industriel press\u00e9 dans un moule et avait un bord sup\u00e9rieur inclin\u00e9, le vase de Bianconi se distingue par ses pointes asym\u00e9triques, cr\u00e9\u00e9es en faisant tourner le verre fondu en cercle et en laissant la force de gravit\u00e9 former les pointes de mani\u00e8re al\u00e9atoire.<br \/>\nLe verre en fusion qui, dans le \u201ctonneau\u201d de soufflage, \u00e9tait initialement destin\u00e9 \u00e0 devenir un globe, devient, au cours du soufflage, une forme flottant librement dans l\u2019espace, comme un mouchoir en dentelle maintenu en l\u2019air par le vent.<\/p>\n<p>\u00c0 partir de 1960, Venini commence \u00e0 le produire en couleurs unies et, en 1987, le mod\u00e8le obtenu en superposant deux couleurs est appel\u00e9 Fazzoletto Opalino.<\/p>\n<p>Ce vase est rapidement devenu l\u2019un des objets les plus r\u00e9ussis de Venini et a \u00e9t\u00e9 commercialis\u00e9 \u00e0 l\u2019\u00e9chelle internationale. Sa popularit\u00e9 s\u2019est accrue apr\u00e8s qu\u2019il a \u00e9t\u00e9 inclus dans l\u2019exposition itin\u00e9rante Italy at Work, qui a parcouru les \u00c9tats-Unis entre 1951 et 1953.<\/p>\n<p>Le vase Fazzoletto est produit depuis des d\u00e9cennies et est devenu un objet repr\u00e9sentatif de la verrerie italienne des ann\u00e9es 1950.<\/p>\n<p>SOFFIATO OPALINO<br \/>\nLe verre opalin est souffl\u00e9 et travaill\u00e9 \u00e0 la main et est obtenu en superposant du lattimo avec d\u2019autres verres. La technique est ainsi d\u00e9finie parce que les artisans dilatent et fa\u00e7onnent le verre en soufflant de l\u2019air dans une longue tige m\u00e9tallique qui lui est reli\u00e9e, selon la tradition mill\u00e9naire de la verrerie. Ce geste ancestral, associ\u00e9 \u00e0 l\u2019exp\u00e9rience et \u00e0 l\u2019habilet\u00e9 des ma\u00eetres verriers, transforme un simple verre en v\u00e9ritable chef-d\u2019\u0153uvre artistique, unique en son genre.<\/p>\n<p>MAIN VOLANTE<br \/>\n C\u2019est l\u2019expression qui d\u00e9signe le mouvement agile et expert de la main du ma\u00eetre verrier lors du travail \u00e0 chaud d\u2019un verre fin.<\/p>\n","protected":false},"excerpt":{"rendered":"<p>Le vase Fazzoletto de Fulvio Bianconi est une variante d\u2019un vase ant\u00e9rieur, le vase Cartoccio, con\u00e7u par Piero Chiesa pour FontanaArte en 1985. Alors que le vase Cartoccio \u00e9tait fait de verre industriel press\u00e9 dans un moule et avait un bord sup\u00e9rieur inclin\u00e9, le vase de Bianconi se distingue par ses pointes asym\u00e9triques, cr\u00e9\u00e9es en [&hellip;]<\/p>\n","protected":false},"featured_media":6365220,"template":"","meta":{"_acf_changed":false},"product_cat":[11990,11666,12018],"product_tag":[],"class_list":{"0":"post-62740","1":"product","2":"type-product","3":"status-publish","4":"has-post-thumbnail","6":"product_cat-ameublement-maison","7":"product_cat-arredamento-casa","8":"product_cat-vases-fr","10":"first","11":"instock","12":"sale","13":"taxable","14":"shipping-taxable","15":"purchasable","16":"product-type-simple","swatches":"rey-swatches","show_selected":"","stretch_labels":"rey-swatches--stretch-labels"},"acf":[],"yoast_head":"<!-- This site is optimized with the Yoast SEO plugin v25.4 - https:\/\/yoast.com\/wordpress\/plugins\/seo\/ -->\n<title>VENINI Vase Fazzoletto Iceberg H24 - dev6 Erresse<\/title>\n<meta name=\"description\" content=\"Le vase Fazzoletto de Fulvio Bianconi est une variante d\u2019un vase ant\u00e9rieur, le vase Cartoccio, con\u00e7u par Piero Chiesa pour FontanaArte en 1985. Alors que\" \/>\n<meta name=\"robots\" content=\"noindex, follow, max-snippet:-1, max-image-preview:large, max-video-preview:-1\" \/>\n<meta property=\"og:locale\" content=\"fr_FR\" \/>\n<meta property=\"og:type\" content=\"article\" \/>\n<meta property=\"og:title\" content=\"VENINI Vase Fazzoletto Iceberg H24 - dev6 Erresse\" \/>\n<meta property=\"og:description\" content=\"Le vase Fazzoletto de Fulvio Bianconi est une variante d\u2019un vase ant\u00e9rieur, le vase Cartoccio, con\u00e7u par Piero Chiesa pour FontanaArte en 1985. Alors que\" \/>\n<meta property=\"og:url\" content=\"https:\/\/dev6.erresse-shop.it\/fr\/shop\/ameublement-maison\/vases-fr\/venini-vase-fazzoletto-iceberg-h24\/\" \/>\n<meta property=\"og:site_name\" content=\"dev6 Erresse\" \/>\n<meta property=\"og:image\" content=\"https:\/\/interpim.erresse-shop.it\/img-catalogo\/venini\/venini-fazzoletto-iceberg.jpg\" \/><meta property=\"og:image\" content=\"https:\/\/interpim.erresse-shop.it\/img-catalogo\/venini\/venini-fazzoletto-iceberg.jpg\" \/>\n\t<meta property=\"og:image:width\" content=\"1024\" \/>\n\t<meta property=\"og:image:height\" content=\"1024\" \/>\n\t<meta property=\"og:image:type\" content=\"image\/jpeg\" \/>\n<meta name=\"twitter:card\" content=\"summary_large_image\" \/>\n<meta name=\"twitter:image\" content=\"https:\/\/interpim.erresse-shop.it\/img-catalogo\/venini\/venini-fazzoletto-iceberg.jpg\" \/>\n<script type=\"application\/ld+json\" class=\"yoast-schema-graph\">{\"@context\":\"https:\/\/schema.org\",\"@graph\":[{\"@type\":\"WebPage\",\"@id\":\"https:\/\/dev6.erresse-shop.it\/fr\/shop\/ameublement-maison\/vases-fr\/venini-vase-fazzoletto-iceberg-h24\/\",\"url\":\"https:\/\/dev6.erresse-shop.it\/fr\/shop\/ameublement-maison\/vases-fr\/venini-vase-fazzoletto-iceberg-h24\/\",\"name\":\"VENINI Vase Fazzoletto Iceberg H24 - dev6 Erresse\",\"isPartOf\":{\"@id\":\"https:\/\/dev6.erresse-shop.it\/#website\"},\"primaryImageOfPage\":{\"@id\":\"https:\/\/dev6.erresse-shop.it\/fr\/shop\/ameublement-maison\/vases-fr\/venini-vase-fazzoletto-iceberg-h24\/#primaryimage\"},\"image\":{\"@id\":\"https:\/\/dev6.erresse-shop.it\/fr\/shop\/ameublement-maison\/vases-fr\/venini-vase-fazzoletto-iceberg-h24\/#primaryimage\"},\"thumbnailUrl\":\"https:\/\/i3.wp.com\/interpim.erresse-shop.it\/img-catalogo\/venini\/venini-fazzoletto-iceberg.jpg?ssl=1\",\"datePublished\":\"2026-04-12T08:13:44+00:00\",\"description\":\"Le vase Fazzoletto de Fulvio Bianconi est une variante d\u2019un vase ant\u00e9rieur, le vase Cartoccio, con\u00e7u par Piero Chiesa pour FontanaArte en 1985. Alors que\",\"breadcrumb\":{\"@id\":\"https:\/\/dev6.erresse-shop.it\/fr\/shop\/ameublement-maison\/vases-fr\/venini-vase-fazzoletto-iceberg-h24\/#breadcrumb\"},\"inLanguage\":\"fr-FR\",\"potentialAction\":[{\"@type\":\"ReadAction\",\"target\":[\"https:\/\/dev6.erresse-shop.it\/fr\/shop\/ameublement-maison\/vases-fr\/venini-vase-fazzoletto-iceberg-h24\/\"]}]},{\"@type\":\"ImageObject\",\"inLanguage\":\"fr-FR\",\"@id\":\"https:\/\/dev6.erresse-shop.it\/fr\/shop\/ameublement-maison\/vases-fr\/venini-vase-fazzoletto-iceberg-h24\/#primaryimage\",\"url\":\"https:\/\/i3.wp.com\/interpim.erresse-shop.it\/img-catalogo\/venini\/venini-fazzoletto-iceberg.jpg?ssl=1\",\"contentUrl\":\"https:\/\/i3.wp.com\/interpim.erresse-shop.it\/img-catalogo\/venini\/venini-fazzoletto-iceberg.jpg?ssl=1\"},{\"@type\":\"BreadcrumbList\",\"@id\":\"https:\/\/dev6.erresse-shop.it\/fr\/shop\/ameublement-maison\/vases-fr\/venini-vase-fazzoletto-iceberg-h24\/#breadcrumb\",\"itemListElement\":[{\"@type\":\"ListItem\",\"position\":1,\"name\":\"Home\",\"item\":\"https:\/\/dev6.erresse-shop.it\/\"},{\"@type\":\"ListItem\",\"position\":2,\"name\":\"Boutique\",\"item\":\"https:\/\/dev6.erresse-shop.it\/shop\/\"},{\"@type\":\"ListItem\",\"position\":3,\"name\":\"VENINI Vase Fazzoletto Iceberg H24\"}]},{\"@type\":\"WebSite\",\"@id\":\"https:\/\/dev6.erresse-shop.it\/#website\",\"url\":\"https:\/\/dev6.erresse-shop.it\/\",\"name\":\"Erresse Shop\",\"description\":\"\",\"publisher\":{\"@id\":\"https:\/\/dev6.erresse-shop.it\/#organization\"},\"potentialAction\":[{\"@type\":\"SearchAction\",\"target\":{\"@type\":\"EntryPoint\",\"urlTemplate\":\"https:\/\/dev6.erresse-shop.it\/?s={search_term_string}\"},\"query-input\":{\"@type\":\"PropertyValueSpecification\",\"valueRequired\":true,\"valueName\":\"search_term_string\"}}],\"inLanguage\":\"fr-FR\"},{\"@type\":\"Organization\",\"@id\":\"https:\/\/dev6.erresse-shop.it\/#organization\",\"name\":\"Erresse Shop\",\"url\":\"https:\/\/dev6.erresse-shop.it\/\",\"logo\":{\"@type\":\"ImageObject\",\"inLanguage\":\"fr-FR\",\"@id\":\"https:\/\/dev6.erresse-shop.it\/#\/schema\/logo\/image\/\",\"url\":\"https:\/\/dev6.erresse-shop.it\/wp-content\/uploads\/2025\/01\/LOGO-ERRESSE-CLASSICO.svg\",\"contentUrl\":\"https:\/\/dev6.erresse-shop.it\/wp-content\/uploads\/2025\/01\/LOGO-ERRESSE-CLASSICO.svg\",\"caption\":\"Erresse Shop\"},\"image\":{\"@id\":\"https:\/\/dev6.erresse-shop.it\/#\/schema\/logo\/image\/\"}}]}<\/script>\n<!-- \/ Yoast SEO plugin. -->","yoast_head_json":{"title":"VENINI Vase Fazzoletto Iceberg H24 - dev6 Erresse","description":"Le vase Fazzoletto de Fulvio Bianconi est une variante d\u2019un vase ant\u00e9rieur, le vase Cartoccio, con\u00e7u par Piero Chiesa pour FontanaArte en 1985. Alors que","robots":{"index":"noindex","follow":"follow","max-snippet":"max-snippet:-1","max-image-preview":"max-image-preview:large","max-video-preview":"max-video-preview:-1"},"og_locale":"fr_FR","og_type":"article","og_title":"VENINI Vase Fazzoletto Iceberg H24 - dev6 Erresse","og_description":"Le vase Fazzoletto de Fulvio Bianconi est une variante d\u2019un vase ant\u00e9rieur, le vase Cartoccio, con\u00e7u par Piero Chiesa pour FontanaArte en 1985. Alors que","og_url":"https:\/\/dev6.erresse-shop.it\/fr\/shop\/ameublement-maison\/vases-fr\/venini-vase-fazzoletto-iceberg-h24\/","og_site_name":"dev6 Erresse","og_image":[{"url":"https:\/\/interpim.erresse-shop.it\/img-catalogo\/venini\/venini-fazzoletto-iceberg.jpg","type":"","width":"","height":""},{"url":"https:\/\/interpim.erresse-shop.it\/img-catalogo\/venini\/venini-fazzoletto-iceberg.jpg","width":1024,"height":1024,"type":"image\/jpeg"}],"twitter_card":"summary_large_image","twitter_image":"https:\/\/interpim.erresse-shop.it\/img-catalogo\/venini\/venini-fazzoletto-iceberg.jpg","schema":{"@context":"https:\/\/schema.org","@graph":[{"@type":"WebPage","@id":"https:\/\/dev6.erresse-shop.it\/fr\/shop\/ameublement-maison\/vases-fr\/venini-vase-fazzoletto-iceberg-h24\/","url":"https:\/\/dev6.erresse-shop.it\/fr\/shop\/ameublement-maison\/vases-fr\/venini-vase-fazzoletto-iceberg-h24\/","name":"VENINI Vase Fazzoletto Iceberg H24 - dev6 Erresse","isPartOf":{"@id":"https:\/\/dev6.erresse-shop.it\/#website"},"primaryImageOfPage":{"@id":"https:\/\/dev6.erresse-shop.it\/fr\/shop\/ameublement-maison\/vases-fr\/venini-vase-fazzoletto-iceberg-h24\/#primaryimage"},"image":{"@id":"https:\/\/dev6.erresse-shop.it\/fr\/shop\/ameublement-maison\/vases-fr\/venini-vase-fazzoletto-iceberg-h24\/#primaryimage"},"thumbnailUrl":"https:\/\/i3.wp.com\/interpim.erresse-shop.it\/img-catalogo\/venini\/venini-fazzoletto-iceberg.jpg?ssl=1","datePublished":"2026-04-12T08:13:44+00:00","description":"Le vase Fazzoletto de Fulvio Bianconi est une variante d\u2019un vase ant\u00e9rieur, le vase Cartoccio, con\u00e7u par Piero Chiesa pour FontanaArte en 1985. Alors que","breadcrumb":{"@id":"https:\/\/dev6.erresse-shop.it\/fr\/shop\/ameublement-maison\/vases-fr\/venini-vase-fazzoletto-iceberg-h24\/#breadcrumb"},"inLanguage":"fr-FR","potentialAction":[{"@type":"ReadAction","target":["https:\/\/dev6.erresse-shop.it\/fr\/shop\/ameublement-maison\/vases-fr\/venini-vase-fazzoletto-iceberg-h24\/"]}]},{"@type":"ImageObject","inLanguage":"fr-FR","@id":"https:\/\/dev6.erresse-shop.it\/fr\/shop\/ameublement-maison\/vases-fr\/venini-vase-fazzoletto-iceberg-h24\/#primaryimage","url":"https:\/\/i3.wp.com\/interpim.erresse-shop.it\/img-catalogo\/venini\/venini-fazzoletto-iceberg.jpg?ssl=1","contentUrl":"https:\/\/i3.wp.com\/interpim.erresse-shop.it\/img-catalogo\/venini\/venini-fazzoletto-iceberg.jpg?ssl=1"},{"@type":"BreadcrumbList","@id":"https:\/\/dev6.erresse-shop.it\/fr\/shop\/ameublement-maison\/vases-fr\/venini-vase-fazzoletto-iceberg-h24\/#breadcrumb","itemListElement":[{"@type":"ListItem","position":1,"name":"Home","item":"https:\/\/dev6.erresse-shop.it\/"},{"@type":"ListItem","position":2,"name":"Boutique","item":"https:\/\/dev6.erresse-shop.it\/shop\/"},{"@type":"ListItem","position":3,"name":"VENINI Vase Fazzoletto Iceberg H24"}]},{"@type":"WebSite","@id":"https:\/\/dev6.erresse-shop.it\/#website","url":"https:\/\/dev6.erresse-shop.it\/","name":"Erresse Shop","description":"","publisher":{"@id":"https:\/\/dev6.erresse-shop.it\/#organization"},"potentialAction":[{"@type":"SearchAction","target":{"@type":"EntryPoint","urlTemplate":"https:\/\/dev6.erresse-shop.it\/?s={search_term_string}"},"query-input":{"@type":"PropertyValueSpecification","valueRequired":true,"valueName":"search_term_string"}}],"inLanguage":"fr-FR"},{"@type":"Organization","@id":"https:\/\/dev6.erresse-shop.it\/#organization","name":"Erresse Shop","url":"https:\/\/dev6.erresse-shop.it\/","logo":{"@type":"ImageObject","inLanguage":"fr-FR","@id":"https:\/\/dev6.erresse-shop.it\/#\/schema\/logo\/image\/","url":"https:\/\/dev6.erresse-shop.it\/wp-content\/uploads\/2025\/01\/LOGO-ERRESSE-CLASSICO.svg","contentUrl":"https:\/\/dev6.erresse-shop.it\/wp-content\/uploads\/2025\/01\/LOGO-ERRESSE-CLASSICO.svg","caption":"Erresse Shop"},"image":{"@id":"https:\/\/dev6.erresse-shop.it\/#\/schema\/logo\/image\/"}}]}},"df_price":649,"df_sale_price":649,"df_regular_price":745,"df_image_link":"https:\/\/i3.wp.com\/interpim.erresse-shop.it\/img-catalogo\/venini\/venini-fazzoletto-iceberg.jpg?resize=300,300&ssl=1","fifu_image_url":"https:\/\/interpim.erresse-shop.it\/img-catalogo\/venini\/venini-fazzoletto-iceberg.jpg","_links":{"self":[{"href":"https:\/\/dev6.erresse-shop.it\/fr\/wp-json\/wp\/v2\/product\/62740","targetHints":{"allow":["GET"]}}],"collection":[{"href":"https:\/\/dev6.erresse-shop.it\/fr\/wp-json\/wp\/v2\/product"}],"about":[{"href":"https:\/\/dev6.erresse-shop.it\/fr\/wp-json\/wp\/v2\/types\/product"}],"wp:featuredmedia":[{"embeddable":true,"href":"https:\/\/dev6.erresse-shop.it\/fr\/wp-json\/wp\/v2\/media\/6365220"}],"wp:attachment":[{"href":"https:\/\/dev6.erresse-shop.it\/fr\/wp-json\/wp\/v2\/media?parent=62740"}],"wp:term":[{"taxonomy":"product_cat","embeddable":true,"href":"https:\/\/dev6.erresse-shop.it\/fr\/wp-json\/wp\/v2\/product_cat?post=62740"},{"taxonomy":"product_tag","embeddable":true,"href":"https:\/\/dev6.erresse-shop.it\/fr\/wp-json\/wp\/v2\/product_tag?post=62740"}],"curies":[{"name":"wp","href":"https:\/\/api.w.org\/{rel}","templated":true}]}}