{"id":62738,"date":"2026-04-04T10:09:32","date_gmt":"2026-04-04T08:09:32","guid":{"rendered":"https:\/\/dev6.erresse-shop.it\/shop\/non%20class\u00e9\/sambonet-set-36-pieces-monobloc-sintesi\/"},"modified":"2025-07-04T17:24:44","modified_gmt":"2025-07-04T15:24:44","slug":"sambonet-set-36-pieces-monobloc-sintesi","status":"publish","type":"product","link":"https:\/\/dev6.erresse-shop.it\/fr\/shop\/table-fr-2\/couverts\/sambonet-set-36-pieces-monobloc-sintesi\/","title":{"rendered":"SAMBONET Set 36 pi\u00e8ces Monobloc Sintesi"},"content":{"rendered":"<p>Sintesi met l\u2019accent sur la l\u00e9g\u00e8ret\u00e9 formelle et s\u2019efforce d\u2019apporter \u00e0 la table la synth\u00e8se parfaite de l\u2019ergonomie, de la polyvalence et de la praticit\u00e9.<br \/>\nChaque couvert est r\u00e9alis\u00e9 en acier inoxydable 18\/10, avec un manche simple, sym\u00e9trique et robuste.<br \/>\nStyle simple et formel, parfait pour la mise en place des occasions sp\u00e9ciales ou pour apporter une touche de l\u00e9g\u00e8ret\u00e9 \u00e0 la table.<br \/>\nService complet pour 6 personnes. Comprend : 6 fourchettes de table, 6 cuill\u00e8res de table, 6 couteaux de table, 6 fourchettes \u00e0 fruits, 6 couteaux \u00e0 fruits et 6 cuill\u00e8res \u00e0 th\u00e9. Peut \u00eatre lav\u00e9 au lave-vaisselle.<br \/>\nLivr\u00e9 dans un \u00e9l\u00e9gant coffret cadeau.<br \/>\nLe polissage \u00e0 effet miroir met en valeur la haute qualit\u00e9 de l\u2019acier inoxydable, en soulignant la forme et le design. Les surfaces sont polies \u00e0 l\u2019aide d\u2019additifs et de brosses m\u00e9caniques de diff\u00e9rents grains et mat\u00e9riaux, qui polissent l\u2019acier inoxydable jusqu\u2019\u00e0 ce qu\u2019il soit tr\u00e8s brillant. L\u2019objet est enrichi de reflets qui le rendent encore plus pr\u00e9cieux.<\/p>\n<p>Le couteau monobloc est fabriqu\u00e9 en une seule pi\u00e8ce d\u2019acier. Contrairement au couteau \u00e0 manche creux, qui se compose de deux parties, il n\u2019y a pas d\u2019espace entre le manche et la lame, et la prise en main de ce type de couteau procure une agr\u00e9able sensation de lourdeur et de solidit\u00e9.<\/p>\n<p>Le mod\u00e8le Sintesi est la combinaison parfaite du style et de la sophistication. La collection met l\u2019accent sur la l\u00e9g\u00e8ret\u00e9 formelle, apportant \u00e0 la table la combinaison parfaite d\u2019ergonomie, de praticit\u00e9 et de polyvalence. Une coutellerie intemporelle, garantie par la qualit\u00e9 et la tradition de Sambonet.<\/p>\n<p>Caract\u00e9ristiques techniques<br \/>\nMarque : Sambonet<br \/>\nCollection : Sintesi<br \/>\nMat\u00e9riau : Acier inoxydable<br \/>\nAspect : acier miroir<br \/>\nNum\u00e9ro d\u2019article : 52536-83<br \/>\nAnn\u00e9e d\u2019introduction : 2011<br \/>\nNombre de pi\u00e8ces dans le set : 36<br \/>\nNombre de personnes : 6<br \/>\nComposition du service : 6 cuill\u00e8res de table, 6 fourchettes de table, 6 couteaux de table, 6 fourchettes \u00e0 fruits, 6 couteaux \u00e0 fruits, 6 cuill\u00e8res \u00e0 th\u00e9<br \/>\nSp\u00e9cial pour : Toute l\u2019ann\u00e9e<br \/>\nType de manche : Monobloc<\/p>\n<p>Dimensions de l\u2019article : 2,71 kg<br \/>\nPoids de l\u2019article : 2,71 kg<br \/>\nLongueur de l\u2019emballage : 59,40 cm<br \/>\nLargeur de l\u2019emballage : 35,50 cm<br \/>\nHauteur de l\u2019emballage : 5,40 cm<br \/>\nPoids avec l\u2019emballage : 2,71 kg<br \/>\nVolume de l\u2019emballage : 11,4000 dm\u00b3<\/p>\n<p>AVANT ET APR\u00c8S CHAQUE UTILISATION : Laver avec des d\u00e9tergents appropri\u00e9s en \u00e9vitant le chlore et les produits de blanchiment, rincer et s\u00e9cher soigneusement. Les ranger ensuite dans un endroit sec. Ne pas utiliser d\u2019\u00e9ponges ou de chiffons abrasifs. Enlever imm\u00e9diatement les r\u00e9sidus de sel (NaCl), de citron, de vinaigre, de sauces \u00e0 base de tomates, etc. Si vous utilisez un lave-vaisselle, veillez \u00e0 ce que le traitement comprenne un s\u00e9chage et un polissage parfaits et, dans le cas contraire, faites-le manuellement. Les lames de couteaux sont fabriqu\u00e9es en acier inoxydable 420 martensitique tremp\u00e9, ce qui assure la durabilit\u00e9 de l\u2019aiguisage mais rend le mat\u00e9riau plus sensible aux attaques corrosives. Il est imp\u00e9ratif que les couteaux soient correctement nettoy\u00e9s, lav\u00e9s et s\u00e9ch\u00e9s imm\u00e9diatement apr\u00e8s utilisation.<\/p>\n","protected":false},"excerpt":{"rendered":"<p>Sintesi met l\u2019accent sur la l\u00e9g\u00e8ret\u00e9 formelle et s\u2019efforce d\u2019apporter \u00e0 la table la synth\u00e8se parfaite de l\u2019ergonomie, de la polyvalence et de la praticit\u00e9. Chaque couvert est r\u00e9alis\u00e9 en acier inoxydable 18\/10, avec un manche simple, sym\u00e9trique et robuste. Style simple et formel, parfait pour la mise en place des occasions sp\u00e9ciales ou pour [&hellip;]<\/p>\n","protected":false},"featured_media":6281948,"template":"","meta":{"_acf_changed":false},"product_cat":[11996,11995,11671],"product_tag":[],"class_list":{"0":"post-62738","1":"product","2":"type-product","3":"status-publish","4":"has-post-thumbnail","6":"product_cat-couverts","7":"product_cat-table-fr-2","8":"product_cat-tavola","10":"first","11":"instock","12":"taxable","13":"shipping-taxable","14":"product-type-simple","swatches":"rey-swatches","show_selected":"","stretch_labels":"rey-swatches--stretch-labels"},"acf":[],"yoast_head":"<!-- This site is optimized with the Yoast SEO plugin v25.4 - https:\/\/yoast.com\/wordpress\/plugins\/seo\/ -->\n<title>SAMBONET Set 36 pi\u00e8ces Monobloc Sintesi - dev6 Erresse<\/title>\n<meta name=\"description\" content=\"Sintesi met l\u2019accent sur la l\u00e9g\u00e8ret\u00e9 formelle et s\u2019efforce d\u2019apporter \u00e0 la table la synth\u00e8se parfaite de l\u2019ergonomie, de la polyvalence et de la\" \/>\n<meta name=\"robots\" content=\"noindex, follow, max-snippet:-1, max-image-preview:large, max-video-preview:-1\" \/>\n<meta property=\"og:locale\" content=\"fr_FR\" \/>\n<meta property=\"og:type\" content=\"article\" \/>\n<meta property=\"og:title\" content=\"SAMBONET Set 36 pi\u00e8ces Monobloc Sintesi - dev6 Erresse\" \/>\n<meta property=\"og:description\" content=\"Sintesi met l\u2019accent sur la l\u00e9g\u00e8ret\u00e9 formelle et s\u2019efforce d\u2019apporter \u00e0 la table la synth\u00e8se parfaite de l\u2019ergonomie, de la polyvalence et de la\" \/>\n<meta property=\"og:url\" content=\"https:\/\/dev6.erresse-shop.it\/fr\/shop\/table-fr-2\/couverts\/sambonet-set-36-pieces-monobloc-sintesi\/\" \/>\n<meta property=\"og:site_name\" content=\"dev6 Erresse\" \/>\n<meta property=\"og:image\" content=\"https:\/\/interpim.erresse-shop.it\/img-catalogo\/sambonet\/sambonet-servizio-36-pezzi-sintesi.jpg\" \/><meta property=\"og:image\" content=\"https:\/\/interpim.erresse-shop.it\/img-catalogo\/sambonet\/sambonet-servizio-36-pezzi-sintesi.jpg\" \/>\n\t<meta property=\"og:image:width\" content=\"1024\" \/>\n\t<meta property=\"og:image:height\" content=\"1024\" \/>\n\t<meta property=\"og:image:type\" content=\"image\/jpeg\" \/>\n<meta name=\"twitter:card\" content=\"summary_large_image\" \/>\n<meta name=\"twitter:image\" content=\"https:\/\/interpim.erresse-shop.it\/img-catalogo\/sambonet\/sambonet-servizio-36-pezzi-sintesi.jpg\" \/>\n<script type=\"application\/ld+json\" class=\"yoast-schema-graph\">{\"@context\":\"https:\/\/schema.org\",\"@graph\":[{\"@type\":\"WebPage\",\"@id\":\"https:\/\/dev6.erresse-shop.it\/fr\/shop\/table-fr-2\/couverts\/sambonet-set-36-pieces-monobloc-sintesi\/\",\"url\":\"https:\/\/dev6.erresse-shop.it\/fr\/shop\/table-fr-2\/couverts\/sambonet-set-36-pieces-monobloc-sintesi\/\",\"name\":\"SAMBONET Set 36 pi\u00e8ces Monobloc Sintesi - dev6 Erresse\",\"isPartOf\":{\"@id\":\"https:\/\/dev6.erresse-shop.it\/#website\"},\"primaryImageOfPage\":{\"@id\":\"https:\/\/dev6.erresse-shop.it\/fr\/shop\/table-fr-2\/couverts\/sambonet-set-36-pieces-monobloc-sintesi\/#primaryimage\"},\"image\":{\"@id\":\"https:\/\/dev6.erresse-shop.it\/fr\/shop\/table-fr-2\/couverts\/sambonet-set-36-pieces-monobloc-sintesi\/#primaryimage\"},\"thumbnailUrl\":\"https:\/\/i1.wp.com\/interpim.erresse-shop.it\/img-catalogo\/sambonet\/sambonet-servizio-36-pezzi-sintesi.jpg?ssl=1\",\"datePublished\":\"2026-04-04T08:09:32+00:00\",\"description\":\"Sintesi met l\u2019accent sur la l\u00e9g\u00e8ret\u00e9 formelle et s\u2019efforce d\u2019apporter \u00e0 la table la synth\u00e8se parfaite de l\u2019ergonomie, de la polyvalence et de la\",\"breadcrumb\":{\"@id\":\"https:\/\/dev6.erresse-shop.it\/fr\/shop\/table-fr-2\/couverts\/sambonet-set-36-pieces-monobloc-sintesi\/#breadcrumb\"},\"inLanguage\":\"fr-FR\",\"potentialAction\":[{\"@type\":\"ReadAction\",\"target\":[\"https:\/\/dev6.erresse-shop.it\/fr\/shop\/table-fr-2\/couverts\/sambonet-set-36-pieces-monobloc-sintesi\/\"]}]},{\"@type\":\"ImageObject\",\"inLanguage\":\"fr-FR\",\"@id\":\"https:\/\/dev6.erresse-shop.it\/fr\/shop\/table-fr-2\/couverts\/sambonet-set-36-pieces-monobloc-sintesi\/#primaryimage\",\"url\":\"https:\/\/i1.wp.com\/interpim.erresse-shop.it\/img-catalogo\/sambonet\/sambonet-servizio-36-pezzi-sintesi.jpg?ssl=1\",\"contentUrl\":\"https:\/\/i1.wp.com\/interpim.erresse-shop.it\/img-catalogo\/sambonet\/sambonet-servizio-36-pezzi-sintesi.jpg?ssl=1\"},{\"@type\":\"BreadcrumbList\",\"@id\":\"https:\/\/dev6.erresse-shop.it\/fr\/shop\/table-fr-2\/couverts\/sambonet-set-36-pieces-monobloc-sintesi\/#breadcrumb\",\"itemListElement\":[{\"@type\":\"ListItem\",\"position\":1,\"name\":\"Home\",\"item\":\"https:\/\/dev6.erresse-shop.it\/\"},{\"@type\":\"ListItem\",\"position\":2,\"name\":\"Boutique\",\"item\":\"https:\/\/dev6.erresse-shop.it\/shop\/\"},{\"@type\":\"ListItem\",\"position\":3,\"name\":\"SAMBONET Set 36 pi\u00e8ces Monobloc Sintesi\"}]},{\"@type\":\"WebSite\",\"@id\":\"https:\/\/dev6.erresse-shop.it\/#website\",\"url\":\"https:\/\/dev6.erresse-shop.it\/\",\"name\":\"Erresse Shop\",\"description\":\"\",\"publisher\":{\"@id\":\"https:\/\/dev6.erresse-shop.it\/#organization\"},\"potentialAction\":[{\"@type\":\"SearchAction\",\"target\":{\"@type\":\"EntryPoint\",\"urlTemplate\":\"https:\/\/dev6.erresse-shop.it\/?s={search_term_string}\"},\"query-input\":{\"@type\":\"PropertyValueSpecification\",\"valueRequired\":true,\"valueName\":\"search_term_string\"}}],\"inLanguage\":\"fr-FR\"},{\"@type\":\"Organization\",\"@id\":\"https:\/\/dev6.erresse-shop.it\/#organization\",\"name\":\"Erresse Shop\",\"url\":\"https:\/\/dev6.erresse-shop.it\/\",\"logo\":{\"@type\":\"ImageObject\",\"inLanguage\":\"fr-FR\",\"@id\":\"https:\/\/dev6.erresse-shop.it\/#\/schema\/logo\/image\/\",\"url\":\"https:\/\/dev6.erresse-shop.it\/wp-content\/uploads\/2025\/01\/LOGO-ERRESSE-CLASSICO.svg\",\"contentUrl\":\"https:\/\/dev6.erresse-shop.it\/wp-content\/uploads\/2025\/01\/LOGO-ERRESSE-CLASSICO.svg\",\"caption\":\"Erresse Shop\"},\"image\":{\"@id\":\"https:\/\/dev6.erresse-shop.it\/#\/schema\/logo\/image\/\"}}]}<\/script>\n<!-- \/ Yoast SEO plugin. -->","yoast_head_json":{"title":"SAMBONET Set 36 pi\u00e8ces Monobloc Sintesi - dev6 Erresse","description":"Sintesi met l\u2019accent sur la l\u00e9g\u00e8ret\u00e9 formelle et s\u2019efforce d\u2019apporter \u00e0 la table la synth\u00e8se parfaite de l\u2019ergonomie, de la polyvalence et de la","robots":{"index":"noindex","follow":"follow","max-snippet":"max-snippet:-1","max-image-preview":"max-image-preview:large","max-video-preview":"max-video-preview:-1"},"og_locale":"fr_FR","og_type":"article","og_title":"SAMBONET Set 36 pi\u00e8ces Monobloc Sintesi - dev6 Erresse","og_description":"Sintesi met l\u2019accent sur la l\u00e9g\u00e8ret\u00e9 formelle et s\u2019efforce d\u2019apporter \u00e0 la table la synth\u00e8se parfaite de l\u2019ergonomie, de la polyvalence et de la","og_url":"https:\/\/dev6.erresse-shop.it\/fr\/shop\/table-fr-2\/couverts\/sambonet-set-36-pieces-monobloc-sintesi\/","og_site_name":"dev6 Erresse","og_image":[{"url":"https:\/\/interpim.erresse-shop.it\/img-catalogo\/sambonet\/sambonet-servizio-36-pezzi-sintesi.jpg","type":"","width":"","height":""},{"url":"https:\/\/interpim.erresse-shop.it\/img-catalogo\/sambonet\/sambonet-servizio-36-pezzi-sintesi.jpg","width":1024,"height":1024,"type":"image\/jpeg"}],"twitter_card":"summary_large_image","twitter_image":"https:\/\/interpim.erresse-shop.it\/img-catalogo\/sambonet\/sambonet-servizio-36-pezzi-sintesi.jpg","schema":{"@context":"https:\/\/schema.org","@graph":[{"@type":"WebPage","@id":"https:\/\/dev6.erresse-shop.it\/fr\/shop\/table-fr-2\/couverts\/sambonet-set-36-pieces-monobloc-sintesi\/","url":"https:\/\/dev6.erresse-shop.it\/fr\/shop\/table-fr-2\/couverts\/sambonet-set-36-pieces-monobloc-sintesi\/","name":"SAMBONET Set 36 pi\u00e8ces Monobloc Sintesi - dev6 Erresse","isPartOf":{"@id":"https:\/\/dev6.erresse-shop.it\/#website"},"primaryImageOfPage":{"@id":"https:\/\/dev6.erresse-shop.it\/fr\/shop\/table-fr-2\/couverts\/sambonet-set-36-pieces-monobloc-sintesi\/#primaryimage"},"image":{"@id":"https:\/\/dev6.erresse-shop.it\/fr\/shop\/table-fr-2\/couverts\/sambonet-set-36-pieces-monobloc-sintesi\/#primaryimage"},"thumbnailUrl":"https:\/\/i1.wp.com\/interpim.erresse-shop.it\/img-catalogo\/sambonet\/sambonet-servizio-36-pezzi-sintesi.jpg?ssl=1","datePublished":"2026-04-04T08:09:32+00:00","description":"Sintesi met l\u2019accent sur la l\u00e9g\u00e8ret\u00e9 formelle et s\u2019efforce d\u2019apporter \u00e0 la table la synth\u00e8se parfaite de l\u2019ergonomie, de la polyvalence et de la","breadcrumb":{"@id":"https:\/\/dev6.erresse-shop.it\/fr\/shop\/table-fr-2\/couverts\/sambonet-set-36-pieces-monobloc-sintesi\/#breadcrumb"},"inLanguage":"fr-FR","potentialAction":[{"@type":"ReadAction","target":["https:\/\/dev6.erresse-shop.it\/fr\/shop\/table-fr-2\/couverts\/sambonet-set-36-pieces-monobloc-sintesi\/"]}]},{"@type":"ImageObject","inLanguage":"fr-FR","@id":"https:\/\/dev6.erresse-shop.it\/fr\/shop\/table-fr-2\/couverts\/sambonet-set-36-pieces-monobloc-sintesi\/#primaryimage","url":"https:\/\/i1.wp.com\/interpim.erresse-shop.it\/img-catalogo\/sambonet\/sambonet-servizio-36-pezzi-sintesi.jpg?ssl=1","contentUrl":"https:\/\/i1.wp.com\/interpim.erresse-shop.it\/img-catalogo\/sambonet\/sambonet-servizio-36-pezzi-sintesi.jpg?ssl=1"},{"@type":"BreadcrumbList","@id":"https:\/\/dev6.erresse-shop.it\/fr\/shop\/table-fr-2\/couverts\/sambonet-set-36-pieces-monobloc-sintesi\/#breadcrumb","itemListElement":[{"@type":"ListItem","position":1,"name":"Home","item":"https:\/\/dev6.erresse-shop.it\/"},{"@type":"ListItem","position":2,"name":"Boutique","item":"https:\/\/dev6.erresse-shop.it\/shop\/"},{"@type":"ListItem","position":3,"name":"SAMBONET Set 36 pi\u00e8ces Monobloc Sintesi"}]},{"@type":"WebSite","@id":"https:\/\/dev6.erresse-shop.it\/#website","url":"https:\/\/dev6.erresse-shop.it\/","name":"Erresse Shop","description":"","publisher":{"@id":"https:\/\/dev6.erresse-shop.it\/#organization"},"potentialAction":[{"@type":"SearchAction","target":{"@type":"EntryPoint","urlTemplate":"https:\/\/dev6.erresse-shop.it\/?s={search_term_string}"},"query-input":{"@type":"PropertyValueSpecification","valueRequired":true,"valueName":"search_term_string"}}],"inLanguage":"fr-FR"},{"@type":"Organization","@id":"https:\/\/dev6.erresse-shop.it\/#organization","name":"Erresse Shop","url":"https:\/\/dev6.erresse-shop.it\/","logo":{"@type":"ImageObject","inLanguage":"fr-FR","@id":"https:\/\/dev6.erresse-shop.it\/#\/schema\/logo\/image\/","url":"https:\/\/dev6.erresse-shop.it\/wp-content\/uploads\/2025\/01\/LOGO-ERRESSE-CLASSICO.svg","contentUrl":"https:\/\/dev6.erresse-shop.it\/wp-content\/uploads\/2025\/01\/LOGO-ERRESSE-CLASSICO.svg","caption":"Erresse Shop"},"image":{"@id":"https:\/\/dev6.erresse-shop.it\/#\/schema\/logo\/image\/"}}]}},"df_price":"","df_sale_price":"","df_regular_price":"","df_image_link":"https:\/\/i1.wp.com\/interpim.erresse-shop.it\/img-catalogo\/sambonet\/sambonet-servizio-36-pezzi-sintesi.jpg?resize=300,300&ssl=1","fifu_image_url":"https:\/\/interpim.erresse-shop.it\/img-catalogo\/sambonet\/sambonet-servizio-36-pezzi-sintesi.jpg","_links":{"self":[{"href":"https:\/\/dev6.erresse-shop.it\/fr\/wp-json\/wp\/v2\/product\/62738","targetHints":{"allow":["GET"]}}],"collection":[{"href":"https:\/\/dev6.erresse-shop.it\/fr\/wp-json\/wp\/v2\/product"}],"about":[{"href":"https:\/\/dev6.erresse-shop.it\/fr\/wp-json\/wp\/v2\/types\/product"}],"wp:featuredmedia":[{"embeddable":true,"href":"https:\/\/dev6.erresse-shop.it\/fr\/wp-json\/wp\/v2\/media\/6281948"}],"wp:attachment":[{"href":"https:\/\/dev6.erresse-shop.it\/fr\/wp-json\/wp\/v2\/media?parent=62738"}],"wp:term":[{"taxonomy":"product_cat","embeddable":true,"href":"https:\/\/dev6.erresse-shop.it\/fr\/wp-json\/wp\/v2\/product_cat?post=62738"},{"taxonomy":"product_tag","embeddable":true,"href":"https:\/\/dev6.erresse-shop.it\/fr\/wp-json\/wp\/v2\/product_tag?post=62738"}],"curies":[{"name":"wp","href":"https:\/\/api.w.org\/{rel}","templated":true}]}}