{"id":62714,"date":"2026-04-12T10:11:59","date_gmt":"2026-04-12T08:11:59","guid":{"rendered":"https:\/\/dev6.erresse-shop.it\/shop\/non%20class\u00e9\/toms-drag-chien-l-juliette\/"},"modified":"2026-02-05T18:35:39","modified_gmt":"2026-02-05T17:35:39","slug":"toms-drag-chien-l-juliette","status":"publish","type":"product","link":"https:\/\/dev6.erresse-shop.it\/fr\/shop\/ameublement-maison\/objets-de-decoration\/toms-drag-chien-l-juliette\/","title":{"rendered":"TOM&#8217;S DRAG Chien L Juliette"},"content":{"rendered":"<p>Chaque objet Tom\u2019s Drag commence par quelques croquis rapides que l\u2019artiste dessine et transforme rapidement en une image d\u00e9taill\u00e9e. \u00c0 ce stade, une figure brute est sculpt\u00e9e \u00e0 la main dans le bois, avec des dimensions et des proportions qui refl\u00e8tent celles de l\u2019objet final. Elle est peinte \u00e0 la main par l\u2019artiste et le prototype est cr\u00e9\u00e9 \u00e0 partir duquel la forme en caoutchouc sera sculpt\u00e9e. Cette forme en caoutchouc est la cl\u00e9 de toutes les \u0153uvres de Tom\u2019s Drag, car du marmorino liquide, un m\u00e9lange de marbre broy\u00e9 et de r\u00e9sine synth\u00e9tique, y sera vers\u00e9 puis solidifi\u00e9. La pi\u00e8ce, d\u2019abord d\u2019un blanc opaque, est ensuite peinte en blanc, puis polie. \u00c0 ce stade, les bords des champs de couleur sont dessin\u00e9s au crayon afin de servir de r\u00e9f\u00e9rence \u00e0 l\u2019artiste pour peindre l\u2019objet. Le travail se termine par l\u2019application d\u2019une r\u00e9sine qui rend les couleurs r\u00e9sistantes.<\/p>\n<p>Juliette est une figurine en r\u00e9sine peinte \u00e0 la main. Article de la ligne Dogs Collection de Tom\u2019s Drag.<\/p>\n<p>Cette collection s\u2019inspire des chiens, les meilleurs amis de l\u2019homme, d\u00e9cor\u00e9s de costumes aux couleurs vives de l\u2019arc-en-ciel et d\u2019ornements exotiques comme s\u2019ils \u00e9taient \u00e0 une parade de carnaval.<\/p>\n<p>Cet article est fait et peint \u00e0 la main, de sorte que les variations de couleur, de dessin, de ton, les petites imperfections de colle ou de couleur et les irr\u00e9gularit\u00e9s sont une caract\u00e9ristique sp\u00e9cifique du produit et t\u00e9moignent de son caract\u00e8re artisanal.<\/p>\n<p>Tous les animaux tra\u00eenants sont d\u00e9cor\u00e9s de costumes imaginatifs et d\u2019ornements exotiques, comme s\u2019ils se trouvaient dans un d\u00e9fil\u00e9 de carnaval. Ils sont tous aux couleurs de l\u2019arc-en-ciel, ce qui rappelle l\u2019humeur joyeuse de l\u2019une des chansons pr\u00e9f\u00e9r\u00e9es de Tom, \u201cWhat a Wonderful World\u201d (Quel monde merveilleux) de Louis Armstrong.<\/p>\n<p>Mat\u00e9riau : marmorino<br \/>\nHauteur : 33,5 cm<\/p>\n","protected":false},"excerpt":{"rendered":"<p>Chaque objet Tom\u2019s Drag commence par quelques croquis rapides que l\u2019artiste dessine et transforme rapidement en une image d\u00e9taill\u00e9e. \u00c0 ce stade, une figure brute est sculpt\u00e9e \u00e0 la main dans le bois, avec des dimensions et des proportions qui refl\u00e8tent celles de l\u2019objet final. Elle est peinte \u00e0 la main par l\u2019artiste et le [&hellip;]<\/p>\n","protected":false},"featured_media":6365174,"template":"","meta":{"_acf_changed":false},"product_cat":[11990,11666,12021],"product_tag":[],"class_list":{"0":"post-62714","1":"product","2":"type-product","3":"status-publish","4":"has-post-thumbnail","6":"product_cat-ameublement-maison","7":"product_cat-arredamento-casa","8":"product_cat-objets-de-decoration","10":"first","11":"instock","12":"sale","13":"taxable","14":"shipping-taxable","15":"purchasable","16":"product-type-simple","swatches":"rey-swatches","show_selected":"","stretch_labels":"rey-swatches--stretch-labels"},"acf":[],"yoast_head":"<!-- This site is optimized with the Yoast SEO plugin v25.4 - https:\/\/yoast.com\/wordpress\/plugins\/seo\/ -->\n<title>TOM&#8217;S DRAG Chien L Juliette - dev6 Erresse<\/title>\n<meta name=\"description\" content=\"Chaque objet Tom\u2019s Drag commence par quelques croquis rapides que l\u2019artiste dessine et transforme rapidement en une image d\u00e9taill\u00e9e. \u00c0 ce stade, une\" \/>\n<meta name=\"robots\" content=\"noindex, follow, max-snippet:-1, max-image-preview:large, max-video-preview:-1\" \/>\n<meta property=\"og:locale\" content=\"fr_FR\" \/>\n<meta property=\"og:type\" content=\"article\" \/>\n<meta property=\"og:title\" content=\"TOM&#8217;S DRAG Chien L Juliette - dev6 Erresse\" \/>\n<meta property=\"og:description\" content=\"Chaque objet Tom\u2019s Drag commence par quelques croquis rapides que l\u2019artiste dessine et transforme rapidement en une image d\u00e9taill\u00e9e. \u00c0 ce stade, une\" \/>\n<meta property=\"og:url\" content=\"https:\/\/dev6.erresse-shop.it\/fr\/shop\/ameublement-maison\/objets-de-decoration\/toms-drag-chien-l-juliette\/\" \/>\n<meta property=\"og:site_name\" content=\"dev6 Erresse\" \/>\n<meta property=\"og:image\" content=\"https:\/\/interpim.erresse-shop.it\/img-catalogo\/toms-drag\/toms-drag-cane-juliette-l.jpg\" \/><meta property=\"og:image\" content=\"https:\/\/interpim.erresse-shop.it\/img-catalogo\/toms-drag\/toms-drag-cane-juliette-l.jpg\" \/>\n\t<meta property=\"og:image:width\" content=\"1024\" \/>\n\t<meta property=\"og:image:height\" content=\"1024\" \/>\n\t<meta property=\"og:image:type\" content=\"image\/jpeg\" \/>\n<meta name=\"twitter:card\" content=\"summary_large_image\" \/>\n<meta name=\"twitter:image\" content=\"https:\/\/interpim.erresse-shop.it\/img-catalogo\/toms-drag\/toms-drag-cane-juliette-l.jpg\" \/>\n<script type=\"application\/ld+json\" class=\"yoast-schema-graph\">{\"@context\":\"https:\/\/schema.org\",\"@graph\":[{\"@type\":\"WebPage\",\"@id\":\"https:\/\/dev6.erresse-shop.it\/fr\/shop\/ameublement-maison\/objets-de-decoration\/toms-drag-chien-l-juliette\/\",\"url\":\"https:\/\/dev6.erresse-shop.it\/fr\/shop\/ameublement-maison\/objets-de-decoration\/toms-drag-chien-l-juliette\/\",\"name\":\"TOM&#8217;S DRAG Chien L Juliette - dev6 Erresse\",\"isPartOf\":{\"@id\":\"https:\/\/dev6.erresse-shop.it\/#website\"},\"primaryImageOfPage\":{\"@id\":\"https:\/\/dev6.erresse-shop.it\/fr\/shop\/ameublement-maison\/objets-de-decoration\/toms-drag-chien-l-juliette\/#primaryimage\"},\"image\":{\"@id\":\"https:\/\/dev6.erresse-shop.it\/fr\/shop\/ameublement-maison\/objets-de-decoration\/toms-drag-chien-l-juliette\/#primaryimage\"},\"thumbnailUrl\":\"https:\/\/i0.wp.com\/interpim.erresse-shop.it\/img-catalogo\/toms-drag\/toms-drag-cane-juliette-l.jpg?ssl=1\",\"datePublished\":\"2026-04-12T08:11:59+00:00\",\"description\":\"Chaque objet Tom\u2019s Drag commence par quelques croquis rapides que l\u2019artiste dessine et transforme rapidement en une image d\u00e9taill\u00e9e. \u00c0 ce stade, une\",\"breadcrumb\":{\"@id\":\"https:\/\/dev6.erresse-shop.it\/fr\/shop\/ameublement-maison\/objets-de-decoration\/toms-drag-chien-l-juliette\/#breadcrumb\"},\"inLanguage\":\"fr-FR\",\"potentialAction\":[{\"@type\":\"ReadAction\",\"target\":[\"https:\/\/dev6.erresse-shop.it\/fr\/shop\/ameublement-maison\/objets-de-decoration\/toms-drag-chien-l-juliette\/\"]}]},{\"@type\":\"ImageObject\",\"inLanguage\":\"fr-FR\",\"@id\":\"https:\/\/dev6.erresse-shop.it\/fr\/shop\/ameublement-maison\/objets-de-decoration\/toms-drag-chien-l-juliette\/#primaryimage\",\"url\":\"https:\/\/i0.wp.com\/interpim.erresse-shop.it\/img-catalogo\/toms-drag\/toms-drag-cane-juliette-l.jpg?ssl=1\",\"contentUrl\":\"https:\/\/i0.wp.com\/interpim.erresse-shop.it\/img-catalogo\/toms-drag\/toms-drag-cane-juliette-l.jpg?ssl=1\"},{\"@type\":\"BreadcrumbList\",\"@id\":\"https:\/\/dev6.erresse-shop.it\/fr\/shop\/ameublement-maison\/objets-de-decoration\/toms-drag-chien-l-juliette\/#breadcrumb\",\"itemListElement\":[{\"@type\":\"ListItem\",\"position\":1,\"name\":\"Home\",\"item\":\"https:\/\/dev6.erresse-shop.it\/\"},{\"@type\":\"ListItem\",\"position\":2,\"name\":\"Boutique\",\"item\":\"https:\/\/dev6.erresse-shop.it\/shop\/\"},{\"@type\":\"ListItem\",\"position\":3,\"name\":\"TOM&#8217;S DRAG Chien L Juliette\"}]},{\"@type\":\"WebSite\",\"@id\":\"https:\/\/dev6.erresse-shop.it\/#website\",\"url\":\"https:\/\/dev6.erresse-shop.it\/\",\"name\":\"Erresse Shop\",\"description\":\"\",\"publisher\":{\"@id\":\"https:\/\/dev6.erresse-shop.it\/#organization\"},\"potentialAction\":[{\"@type\":\"SearchAction\",\"target\":{\"@type\":\"EntryPoint\",\"urlTemplate\":\"https:\/\/dev6.erresse-shop.it\/?s={search_term_string}\"},\"query-input\":{\"@type\":\"PropertyValueSpecification\",\"valueRequired\":true,\"valueName\":\"search_term_string\"}}],\"inLanguage\":\"fr-FR\"},{\"@type\":\"Organization\",\"@id\":\"https:\/\/dev6.erresse-shop.it\/#organization\",\"name\":\"Erresse Shop\",\"url\":\"https:\/\/dev6.erresse-shop.it\/\",\"logo\":{\"@type\":\"ImageObject\",\"inLanguage\":\"fr-FR\",\"@id\":\"https:\/\/dev6.erresse-shop.it\/#\/schema\/logo\/image\/\",\"url\":\"https:\/\/dev6.erresse-shop.it\/wp-content\/uploads\/2025\/01\/LOGO-ERRESSE-CLASSICO.svg\",\"contentUrl\":\"https:\/\/dev6.erresse-shop.it\/wp-content\/uploads\/2025\/01\/LOGO-ERRESSE-CLASSICO.svg\",\"caption\":\"Erresse Shop\"},\"image\":{\"@id\":\"https:\/\/dev6.erresse-shop.it\/#\/schema\/logo\/image\/\"}}]}<\/script>\n<!-- \/ Yoast SEO plugin. -->","yoast_head_json":{"title":"TOM&#8217;S DRAG Chien L Juliette - dev6 Erresse","description":"Chaque objet Tom\u2019s Drag commence par quelques croquis rapides que l\u2019artiste dessine et transforme rapidement en une image d\u00e9taill\u00e9e. \u00c0 ce stade, une","robots":{"index":"noindex","follow":"follow","max-snippet":"max-snippet:-1","max-image-preview":"max-image-preview:large","max-video-preview":"max-video-preview:-1"},"og_locale":"fr_FR","og_type":"article","og_title":"TOM&#8217;S DRAG Chien L Juliette - dev6 Erresse","og_description":"Chaque objet Tom\u2019s Drag commence par quelques croquis rapides que l\u2019artiste dessine et transforme rapidement en une image d\u00e9taill\u00e9e. \u00c0 ce stade, une","og_url":"https:\/\/dev6.erresse-shop.it\/fr\/shop\/ameublement-maison\/objets-de-decoration\/toms-drag-chien-l-juliette\/","og_site_name":"dev6 Erresse","og_image":[{"url":"https:\/\/interpim.erresse-shop.it\/img-catalogo\/toms-drag\/toms-drag-cane-juliette-l.jpg","type":"","width":"","height":""},{"url":"https:\/\/interpim.erresse-shop.it\/img-catalogo\/toms-drag\/toms-drag-cane-juliette-l.jpg","width":1024,"height":1024,"type":"image\/jpeg"}],"twitter_card":"summary_large_image","twitter_image":"https:\/\/interpim.erresse-shop.it\/img-catalogo\/toms-drag\/toms-drag-cane-juliette-l.jpg","schema":{"@context":"https:\/\/schema.org","@graph":[{"@type":"WebPage","@id":"https:\/\/dev6.erresse-shop.it\/fr\/shop\/ameublement-maison\/objets-de-decoration\/toms-drag-chien-l-juliette\/","url":"https:\/\/dev6.erresse-shop.it\/fr\/shop\/ameublement-maison\/objets-de-decoration\/toms-drag-chien-l-juliette\/","name":"TOM&#8217;S DRAG Chien L Juliette - dev6 Erresse","isPartOf":{"@id":"https:\/\/dev6.erresse-shop.it\/#website"},"primaryImageOfPage":{"@id":"https:\/\/dev6.erresse-shop.it\/fr\/shop\/ameublement-maison\/objets-de-decoration\/toms-drag-chien-l-juliette\/#primaryimage"},"image":{"@id":"https:\/\/dev6.erresse-shop.it\/fr\/shop\/ameublement-maison\/objets-de-decoration\/toms-drag-chien-l-juliette\/#primaryimage"},"thumbnailUrl":"https:\/\/i0.wp.com\/interpim.erresse-shop.it\/img-catalogo\/toms-drag\/toms-drag-cane-juliette-l.jpg?ssl=1","datePublished":"2026-04-12T08:11:59+00:00","description":"Chaque objet Tom\u2019s Drag commence par quelques croquis rapides que l\u2019artiste dessine et transforme rapidement en une image d\u00e9taill\u00e9e. \u00c0 ce stade, une","breadcrumb":{"@id":"https:\/\/dev6.erresse-shop.it\/fr\/shop\/ameublement-maison\/objets-de-decoration\/toms-drag-chien-l-juliette\/#breadcrumb"},"inLanguage":"fr-FR","potentialAction":[{"@type":"ReadAction","target":["https:\/\/dev6.erresse-shop.it\/fr\/shop\/ameublement-maison\/objets-de-decoration\/toms-drag-chien-l-juliette\/"]}]},{"@type":"ImageObject","inLanguage":"fr-FR","@id":"https:\/\/dev6.erresse-shop.it\/fr\/shop\/ameublement-maison\/objets-de-decoration\/toms-drag-chien-l-juliette\/#primaryimage","url":"https:\/\/i0.wp.com\/interpim.erresse-shop.it\/img-catalogo\/toms-drag\/toms-drag-cane-juliette-l.jpg?ssl=1","contentUrl":"https:\/\/i0.wp.com\/interpim.erresse-shop.it\/img-catalogo\/toms-drag\/toms-drag-cane-juliette-l.jpg?ssl=1"},{"@type":"BreadcrumbList","@id":"https:\/\/dev6.erresse-shop.it\/fr\/shop\/ameublement-maison\/objets-de-decoration\/toms-drag-chien-l-juliette\/#breadcrumb","itemListElement":[{"@type":"ListItem","position":1,"name":"Home","item":"https:\/\/dev6.erresse-shop.it\/"},{"@type":"ListItem","position":2,"name":"Boutique","item":"https:\/\/dev6.erresse-shop.it\/shop\/"},{"@type":"ListItem","position":3,"name":"TOM&#8217;S DRAG Chien L Juliette"}]},{"@type":"WebSite","@id":"https:\/\/dev6.erresse-shop.it\/#website","url":"https:\/\/dev6.erresse-shop.it\/","name":"Erresse Shop","description":"","publisher":{"@id":"https:\/\/dev6.erresse-shop.it\/#organization"},"potentialAction":[{"@type":"SearchAction","target":{"@type":"EntryPoint","urlTemplate":"https:\/\/dev6.erresse-shop.it\/?s={search_term_string}"},"query-input":{"@type":"PropertyValueSpecification","valueRequired":true,"valueName":"search_term_string"}}],"inLanguage":"fr-FR"},{"@type":"Organization","@id":"https:\/\/dev6.erresse-shop.it\/#organization","name":"Erresse Shop","url":"https:\/\/dev6.erresse-shop.it\/","logo":{"@type":"ImageObject","inLanguage":"fr-FR","@id":"https:\/\/dev6.erresse-shop.it\/#\/schema\/logo\/image\/","url":"https:\/\/dev6.erresse-shop.it\/wp-content\/uploads\/2025\/01\/LOGO-ERRESSE-CLASSICO.svg","contentUrl":"https:\/\/dev6.erresse-shop.it\/wp-content\/uploads\/2025\/01\/LOGO-ERRESSE-CLASSICO.svg","caption":"Erresse Shop"},"image":{"@id":"https:\/\/dev6.erresse-shop.it\/#\/schema\/logo\/image\/"}}]}},"df_price":169,"df_sale_price":169,"df_regular_price":265,"df_image_link":"https:\/\/i0.wp.com\/interpim.erresse-shop.it\/img-catalogo\/toms-drag\/toms-drag-cane-juliette-l.jpg?resize=300,300&ssl=1","fifu_image_url":"https:\/\/interpim.erresse-shop.it\/img-catalogo\/toms-drag\/toms-drag-cane-juliette-l.jpg","_links":{"self":[{"href":"https:\/\/dev6.erresse-shop.it\/fr\/wp-json\/wp\/v2\/product\/62714","targetHints":{"allow":["GET"]}}],"collection":[{"href":"https:\/\/dev6.erresse-shop.it\/fr\/wp-json\/wp\/v2\/product"}],"about":[{"href":"https:\/\/dev6.erresse-shop.it\/fr\/wp-json\/wp\/v2\/types\/product"}],"wp:featuredmedia":[{"embeddable":true,"href":"https:\/\/dev6.erresse-shop.it\/fr\/wp-json\/wp\/v2\/media\/6365174"}],"wp:attachment":[{"href":"https:\/\/dev6.erresse-shop.it\/fr\/wp-json\/wp\/v2\/media?parent=62714"}],"wp:term":[{"taxonomy":"product_cat","embeddable":true,"href":"https:\/\/dev6.erresse-shop.it\/fr\/wp-json\/wp\/v2\/product_cat?post=62714"},{"taxonomy":"product_tag","embeddable":true,"href":"https:\/\/dev6.erresse-shop.it\/fr\/wp-json\/wp\/v2\/product_tag?post=62714"}],"curies":[{"name":"wp","href":"https:\/\/api.w.org\/{rel}","templated":true}]}}