{"id":62708,"date":"2026-04-12T10:11:59","date_gmt":"2026-04-12T08:11:59","guid":{"rendered":"https:\/\/dev6.erresse-shop.it\/shop\/non%20class\u00e9\/berkel-home-slicer-home-line-plus-250-noir\/"},"modified":"2025-09-14T05:09:17","modified_gmt":"2025-09-14T03:09:17","slug":"berkel-home-slicer-home-line-plus-250-noir","status":"publish","type":"product","link":"https:\/\/dev6.erresse-shop.it\/fr\/shop\/petits-electromenagers\/trancheuses\/berkel-home-slicer-home-line-plus-250-noir\/","title":{"rendered":"BERKEL Home Slicer Home Line Plus 250 Noir"},"content":{"rendered":"<p>Home Line PLUS : Berkel apporte le design dans la cuisine. Cette gamme de trancheuses domestiques est la synth\u00e8se du savoir-faire de l\u2019\u00e9quipe technique de Berkel, des exigences fonctionnelles et des normes \u00e9lev\u00e9es de s\u00e9curit\u00e9 et de propret\u00e9. Home Line Plus est l\u2019\u00e9volution de la technologie des trancheuses professionnelles de Berkel pour une exp\u00e9rience de cuisine unique capable de garantir une haute performance de coupe pour tous les types d\u2019aliments : charcuterie, poisson, fromage, fruits, l\u00e9gumes et pain. Des lignes essentielles et arrondies con\u00e7ues pour \u00e9tonner et fasciner mais surtout pour \u00eatre expos\u00e9es, dans ses dimensions extraordinairement compactes. En plus de son design unique, Home Line Plus se distingue par ses caract\u00e9ristiques techniques et fonctionnelles qui am\u00e9liorent l\u2019exp\u00e9rience du consommateur. La lame en acier chrom\u00e9 profil\u00e9e de mani\u00e8re professionnelle permet une coupe parfaite, r\u00e9duisant les d\u00e9chets et garantissant des tranches uniformes. Le prot\u00e8ge-lame \u00e0 profil continu am\u00e9liore la douceur du produit \u00e0 couper et le voile \u00e0 ouverture diagonale facilite la sortie des tranches pour une performance optimale. Le bloc moteur assure de meilleures performances m\u00eame lors de la coupe de produits plus difficiles. En outre, l\u2019int\u00e9gration de la serrure de s\u00e9curit\u00e9 certifi\u00e9e CE prot\u00e8ge et assure un nettoyage rapide et facile. Innovation num\u00e9rique gr\u00e2ce au tag NFC, incorpor\u00e9 dans la trancheuse, qui permet au consommateur d\u2019avoir une exp\u00e9rience exclusive Berkel avant et apr\u00e8s l\u2019achat avec un simple smartphone.<\/p>\n<p>Certains d\u00e9tails peuvent diff\u00e9rer de ceux pr\u00e9sent\u00e9s sur la photo.<\/p>\n<p>PERFORMANCE<\/p>\n<p>\u00c9paisseur minimale de la derni\u00e8re tranche pour minimiser le gaspillage de produit<br \/>\nLevier d\u2019ouverture de la lame avec 18 positions pour le r\u00e9glage millim\u00e9trique de la tranche<br \/>\nPlan inclin\u00e9 exploitant la gravit\u00e9 pour une coupe plus pr\u00e9cise et sans effort.<br \/>\nLame en acier chrom\u00e9 avec profil professionnel : r\u00e9duit les d\u00e9chets et assure des tranches uniformes<br \/>\nProt\u00e8ge-lame profil\u00e9 en continu pour une meilleure stabilit\u00e9 et un meilleur glissement du produit \u00e0 couper.<br \/>\nMoteur professionnel de 0,25 cv \/ 0,19 kw pour une excellente performance de coupe, m\u00eame pour les produits les plus difficiles.<br \/>\nD\u00e9flecteur de rabat int\u00e9gr\u00e9 pour faciliter la lib\u00e9ration de la tranche<br \/>\nLe bloc de support du produit r\u00e9duit l\u2019espace entre le chariot et la voile et permet un support complet de la tranche \u00e0 couper pour minimiser les d\u00e9chets<br \/>\nStructure du bo\u00eetier et de la base en alliage sp\u00e9cial d\u2019aluminium et pieds caoutchout\u00e9s pour une stabilit\u00e9 maximale pendant l\u2019utilisation.<br \/>\nPanneau de commande IP65 enti\u00e8rement \u00e9tanche<br \/>\nSyst\u00e8me d\u2019ouverture de la voile inclin\u00e9e pour une sortie facile du produit pendant la coupe<br \/>\nAiguisoir disponible \u00e0 l\u2019achat en option<br \/>\nTag NFC : recherchez l\u2019autocollant jaune pour profiter de l\u2019exp\u00e9rience Berkel avec du contenu exclusif.<\/p>\n<p>NETTOYAGE ET HYGI\u00c8NE<\/p>\n<p>Bo\u00eetier avec protection de la lame : une coque plac\u00e9e \u00e0 l\u2019arri\u00e8re de la lame limite les interstices pour \u00e9viter l\u2019accumulation de d\u00e9chets.<br \/>\nProt\u00e8ge-lame \u00e0 profil continu en aluminium de qualit\u00e9 alimentaire avec retrait rapide pour un nettoyage facile<br \/>\nPlaque basculante pour un nettoyage rapide du corps de la machine<br \/>\nPoussoir facilement amovible et lavable au lave-vaisselle<br \/>\nExtracteur de lame inclus<br \/>\nBase avec plaque d\u2019aluminium, ce qui permet d\u2019\u00e9viter tout espace entre la machine et le banc.<\/p>\n<p>S\u00c9CURIT\u00c9<\/p>\n<p>Verrouillage de s\u00e9curit\u00e9 CE : en position de plaque bascul\u00e9e, le voile reste ferm\u00e9 pour \u00e9viter tout risque de coupure lors des op\u00e9rations de nettoyage<br \/>\nPanneau de commande professionnel avec interrupteurs LED ON\/OFF \u00e0 haute visibilit\u00e9<br \/>\nAnneau de protection de la lame en aluminium de qualit\u00e9 alimentaire pour plus de s\u00e9curit\u00e9<br \/>\nCommandes ergonomiques dans une position facile pour minimiser l\u2019effort de l\u2019op\u00e9rateur<br \/>\nArr\u00eat automatique de la machine en cas de panne de courant<\/p>\n<p>CARACT\u00c9RISTIQUES TECHNIQUES<\/p>\n<p>Poids : 14,5 kg<br \/>\nHauteur : 315 mm<br \/>\nProfondeur : 552 mm<br \/>\nLargeur : 340 mm<br \/>\nDiam\u00e8tre de la lame : 250 mm<br \/>\nFiche : C\u00e2ble fourni avec des fiches EU et CH<br \/>\nSp\u00e9cifications \u00e9lectriques : 230 V 50 Hz<br \/>\nPuissance du moteur : 0,19 kW<br \/>\n\u00c9paisseur de coupe : 0 \u2013 18 mm<br \/>\nCapacit\u00e9 de coupe (circulaire) : 183 mm<br \/>\nCapacit\u00e9 de coupe (rectangulaire) : 200\u00d7183 mm<br \/>\nPi\u00e8ces amovibles : Prot\u00e8ge-lame, poussoir, plaque de coupe inclinable mais non amovible.<br \/>\nTaille-crayon : non inclus, en option en vente<br \/>\nExtracteur de lame : inclus pour un nettoyage complet<br \/>\nD\u00e9tails : Ouverture de la voile inclin\u00e9e pour une meilleure sortie de la tranche, protection de la lame \u00e0 profil continu pour un meilleur glissement, bloc de support du produit pour un support complet de la tranche et une minimisation des d\u00e9chets.<\/p>\n<p>Ne peut \u00eatre vendu en dehors de l\u2019Europe<\/p>\n","protected":false},"excerpt":{"rendered":"<p>Home Line PLUS : Berkel apporte le design dans la cuisine. Cette gamme de trancheuses domestiques est la synth\u00e8se du savoir-faire de l\u2019\u00e9quipe technique de Berkel, des exigences fonctionnelles et des normes \u00e9lev\u00e9es de s\u00e9curit\u00e9 et de propret\u00e9. Home Line Plus est l\u2019\u00e9volution de la technologie des trancheuses professionnelles de Berkel pour une exp\u00e9rience de [&hellip;]<\/p>\n","protected":false},"featured_media":6365159,"template":"","meta":{"_acf_changed":false},"product_cat":[12055,12073],"product_tag":[],"class_list":{"0":"post-62708","1":"product","2":"type-product","3":"status-publish","4":"has-post-thumbnail","6":"product_cat-petits-electromenagers","7":"product_cat-trancheuses","9":"first","10":"instock","11":"sale","12":"taxable","13":"shipping-taxable","14":"purchasable","15":"product-type-simple","swatches":"rey-swatches","show_selected":"","stretch_labels":"rey-swatches--stretch-labels"},"acf":[],"yoast_head":"<!-- This site is optimized with the Yoast SEO plugin v25.4 - https:\/\/yoast.com\/wordpress\/plugins\/seo\/ -->\n<title>BERKEL Home Slicer Home Line Plus 250 Noir - dev6 Erresse<\/title>\n<meta name=\"description\" content=\"Home Line PLUS : Berkel apporte le design dans la cuisine. Cette gamme de trancheuses domestiques est la synth\u00e8se du savoir-faire de l\u2019\u00e9quipe technique de\" \/>\n<meta name=\"robots\" content=\"noindex, follow, max-snippet:-1, max-image-preview:large, max-video-preview:-1\" \/>\n<meta property=\"og:locale\" content=\"fr_FR\" \/>\n<meta property=\"og:type\" content=\"article\" \/>\n<meta property=\"og:title\" content=\"BERKEL Home Slicer Home Line Plus 250 Noir - dev6 Erresse\" \/>\n<meta property=\"og:description\" content=\"Home Line PLUS : Berkel apporte le design dans la cuisine. Cette gamme de trancheuses domestiques est la synth\u00e8se du savoir-faire de l\u2019\u00e9quipe technique de\" \/>\n<meta property=\"og:url\" content=\"https:\/\/dev6.erresse-shop.it\/fr\/shop\/petits-electromenagers\/trancheuses\/berkel-home-slicer-home-line-plus-250-noir\/\" \/>\n<meta property=\"og:site_name\" content=\"dev6 Erresse\" \/>\n<meta property=\"og:image\" content=\"https:\/\/interpim.erresse-shop.it\/Import\/Prodotti\/berkel-home-line-250-plus-nera.jpg\" \/><meta property=\"og:image\" content=\"https:\/\/interpim.erresse-shop.it\/Import\/Prodotti\/berkel-home-line-250-plus-nera.jpg\" \/>\n\t<meta property=\"og:image:width\" content=\"1024\" \/>\n\t<meta property=\"og:image:height\" content=\"1024\" \/>\n\t<meta property=\"og:image:type\" content=\"image\/jpeg\" \/>\n<meta name=\"twitter:card\" content=\"summary_large_image\" \/>\n<meta name=\"twitter:image\" content=\"https:\/\/interpim.erresse-shop.it\/Import\/Prodotti\/berkel-home-line-250-plus-nera.jpg\" \/>\n<script type=\"application\/ld+json\" class=\"yoast-schema-graph\">{\"@context\":\"https:\/\/schema.org\",\"@graph\":[{\"@type\":\"WebPage\",\"@id\":\"https:\/\/dev6.erresse-shop.it\/fr\/shop\/petits-electromenagers\/trancheuses\/berkel-home-slicer-home-line-plus-250-noir\/\",\"url\":\"https:\/\/dev6.erresse-shop.it\/fr\/shop\/petits-electromenagers\/trancheuses\/berkel-home-slicer-home-line-plus-250-noir\/\",\"name\":\"BERKEL Home Slicer Home Line Plus 250 Noir - dev6 Erresse\",\"isPartOf\":{\"@id\":\"https:\/\/dev6.erresse-shop.it\/#website\"},\"primaryImageOfPage\":{\"@id\":\"https:\/\/dev6.erresse-shop.it\/fr\/shop\/petits-electromenagers\/trancheuses\/berkel-home-slicer-home-line-plus-250-noir\/#primaryimage\"},\"image\":{\"@id\":\"https:\/\/dev6.erresse-shop.it\/fr\/shop\/petits-electromenagers\/trancheuses\/berkel-home-slicer-home-line-plus-250-noir\/#primaryimage\"},\"thumbnailUrl\":\"https:\/\/i2.wp.com\/interpim.erresse-shop.it\/Import\/Prodotti\/berkel-home-line-250-plus-nera.jpg?ssl=1\",\"datePublished\":\"2026-04-12T08:11:59+00:00\",\"description\":\"Home Line PLUS : Berkel apporte le design dans la cuisine. Cette gamme de trancheuses domestiques est la synth\u00e8se du savoir-faire de l\u2019\u00e9quipe technique de\",\"breadcrumb\":{\"@id\":\"https:\/\/dev6.erresse-shop.it\/fr\/shop\/petits-electromenagers\/trancheuses\/berkel-home-slicer-home-line-plus-250-noir\/#breadcrumb\"},\"inLanguage\":\"fr-FR\",\"potentialAction\":[{\"@type\":\"ReadAction\",\"target\":[\"https:\/\/dev6.erresse-shop.it\/fr\/shop\/petits-electromenagers\/trancheuses\/berkel-home-slicer-home-line-plus-250-noir\/\"]}]},{\"@type\":\"ImageObject\",\"inLanguage\":\"fr-FR\",\"@id\":\"https:\/\/dev6.erresse-shop.it\/fr\/shop\/petits-electromenagers\/trancheuses\/berkel-home-slicer-home-line-plus-250-noir\/#primaryimage\",\"url\":\"https:\/\/i2.wp.com\/interpim.erresse-shop.it\/Import\/Prodotti\/berkel-home-line-250-plus-nera.jpg?ssl=1\",\"contentUrl\":\"https:\/\/i2.wp.com\/interpim.erresse-shop.it\/Import\/Prodotti\/berkel-home-line-250-plus-nera.jpg?ssl=1\"},{\"@type\":\"BreadcrumbList\",\"@id\":\"https:\/\/dev6.erresse-shop.it\/fr\/shop\/petits-electromenagers\/trancheuses\/berkel-home-slicer-home-line-plus-250-noir\/#breadcrumb\",\"itemListElement\":[{\"@type\":\"ListItem\",\"position\":1,\"name\":\"Home\",\"item\":\"https:\/\/dev6.erresse-shop.it\/\"},{\"@type\":\"ListItem\",\"position\":2,\"name\":\"Boutique\",\"item\":\"https:\/\/dev6.erresse-shop.it\/shop\/\"},{\"@type\":\"ListItem\",\"position\":3,\"name\":\"BERKEL Home Slicer Home Line Plus 250 Noir\"}]},{\"@type\":\"WebSite\",\"@id\":\"https:\/\/dev6.erresse-shop.it\/#website\",\"url\":\"https:\/\/dev6.erresse-shop.it\/\",\"name\":\"Erresse Shop\",\"description\":\"\",\"publisher\":{\"@id\":\"https:\/\/dev6.erresse-shop.it\/#organization\"},\"potentialAction\":[{\"@type\":\"SearchAction\",\"target\":{\"@type\":\"EntryPoint\",\"urlTemplate\":\"https:\/\/dev6.erresse-shop.it\/?s={search_term_string}\"},\"query-input\":{\"@type\":\"PropertyValueSpecification\",\"valueRequired\":true,\"valueName\":\"search_term_string\"}}],\"inLanguage\":\"fr-FR\"},{\"@type\":\"Organization\",\"@id\":\"https:\/\/dev6.erresse-shop.it\/#organization\",\"name\":\"Erresse Shop\",\"url\":\"https:\/\/dev6.erresse-shop.it\/\",\"logo\":{\"@type\":\"ImageObject\",\"inLanguage\":\"fr-FR\",\"@id\":\"https:\/\/dev6.erresse-shop.it\/#\/schema\/logo\/image\/\",\"url\":\"https:\/\/dev6.erresse-shop.it\/wp-content\/uploads\/2025\/01\/LOGO-ERRESSE-CLASSICO.svg\",\"contentUrl\":\"https:\/\/dev6.erresse-shop.it\/wp-content\/uploads\/2025\/01\/LOGO-ERRESSE-CLASSICO.svg\",\"caption\":\"Erresse Shop\"},\"image\":{\"@id\":\"https:\/\/dev6.erresse-shop.it\/#\/schema\/logo\/image\/\"}}]}<\/script>\n<!-- \/ Yoast SEO plugin. -->","yoast_head_json":{"title":"BERKEL Home Slicer Home Line Plus 250 Noir - dev6 Erresse","description":"Home Line PLUS : Berkel apporte le design dans la cuisine. Cette gamme de trancheuses domestiques est la synth\u00e8se du savoir-faire de l\u2019\u00e9quipe technique de","robots":{"index":"noindex","follow":"follow","max-snippet":"max-snippet:-1","max-image-preview":"max-image-preview:large","max-video-preview":"max-video-preview:-1"},"og_locale":"fr_FR","og_type":"article","og_title":"BERKEL Home Slicer Home Line Plus 250 Noir - dev6 Erresse","og_description":"Home Line PLUS : Berkel apporte le design dans la cuisine. Cette gamme de trancheuses domestiques est la synth\u00e8se du savoir-faire de l\u2019\u00e9quipe technique de","og_url":"https:\/\/dev6.erresse-shop.it\/fr\/shop\/petits-electromenagers\/trancheuses\/berkel-home-slicer-home-line-plus-250-noir\/","og_site_name":"dev6 Erresse","og_image":[{"url":"https:\/\/interpim.erresse-shop.it\/Import\/Prodotti\/berkel-home-line-250-plus-nera.jpg","type":"","width":"","height":""},{"url":"https:\/\/interpim.erresse-shop.it\/Import\/Prodotti\/berkel-home-line-250-plus-nera.jpg","width":1024,"height":1024,"type":"image\/jpeg"}],"twitter_card":"summary_large_image","twitter_image":"https:\/\/interpim.erresse-shop.it\/Import\/Prodotti\/berkel-home-line-250-plus-nera.jpg","schema":{"@context":"https:\/\/schema.org","@graph":[{"@type":"WebPage","@id":"https:\/\/dev6.erresse-shop.it\/fr\/shop\/petits-electromenagers\/trancheuses\/berkel-home-slicer-home-line-plus-250-noir\/","url":"https:\/\/dev6.erresse-shop.it\/fr\/shop\/petits-electromenagers\/trancheuses\/berkel-home-slicer-home-line-plus-250-noir\/","name":"BERKEL Home Slicer Home Line Plus 250 Noir - dev6 Erresse","isPartOf":{"@id":"https:\/\/dev6.erresse-shop.it\/#website"},"primaryImageOfPage":{"@id":"https:\/\/dev6.erresse-shop.it\/fr\/shop\/petits-electromenagers\/trancheuses\/berkel-home-slicer-home-line-plus-250-noir\/#primaryimage"},"image":{"@id":"https:\/\/dev6.erresse-shop.it\/fr\/shop\/petits-electromenagers\/trancheuses\/berkel-home-slicer-home-line-plus-250-noir\/#primaryimage"},"thumbnailUrl":"https:\/\/i2.wp.com\/interpim.erresse-shop.it\/Import\/Prodotti\/berkel-home-line-250-plus-nera.jpg?ssl=1","datePublished":"2026-04-12T08:11:59+00:00","description":"Home Line PLUS : Berkel apporte le design dans la cuisine. Cette gamme de trancheuses domestiques est la synth\u00e8se du savoir-faire de l\u2019\u00e9quipe technique de","breadcrumb":{"@id":"https:\/\/dev6.erresse-shop.it\/fr\/shop\/petits-electromenagers\/trancheuses\/berkel-home-slicer-home-line-plus-250-noir\/#breadcrumb"},"inLanguage":"fr-FR","potentialAction":[{"@type":"ReadAction","target":["https:\/\/dev6.erresse-shop.it\/fr\/shop\/petits-electromenagers\/trancheuses\/berkel-home-slicer-home-line-plus-250-noir\/"]}]},{"@type":"ImageObject","inLanguage":"fr-FR","@id":"https:\/\/dev6.erresse-shop.it\/fr\/shop\/petits-electromenagers\/trancheuses\/berkel-home-slicer-home-line-plus-250-noir\/#primaryimage","url":"https:\/\/i2.wp.com\/interpim.erresse-shop.it\/Import\/Prodotti\/berkel-home-line-250-plus-nera.jpg?ssl=1","contentUrl":"https:\/\/i2.wp.com\/interpim.erresse-shop.it\/Import\/Prodotti\/berkel-home-line-250-plus-nera.jpg?ssl=1"},{"@type":"BreadcrumbList","@id":"https:\/\/dev6.erresse-shop.it\/fr\/shop\/petits-electromenagers\/trancheuses\/berkel-home-slicer-home-line-plus-250-noir\/#breadcrumb","itemListElement":[{"@type":"ListItem","position":1,"name":"Home","item":"https:\/\/dev6.erresse-shop.it\/"},{"@type":"ListItem","position":2,"name":"Boutique","item":"https:\/\/dev6.erresse-shop.it\/shop\/"},{"@type":"ListItem","position":3,"name":"BERKEL Home Slicer Home Line Plus 250 Noir"}]},{"@type":"WebSite","@id":"https:\/\/dev6.erresse-shop.it\/#website","url":"https:\/\/dev6.erresse-shop.it\/","name":"Erresse Shop","description":"","publisher":{"@id":"https:\/\/dev6.erresse-shop.it\/#organization"},"potentialAction":[{"@type":"SearchAction","target":{"@type":"EntryPoint","urlTemplate":"https:\/\/dev6.erresse-shop.it\/?s={search_term_string}"},"query-input":{"@type":"PropertyValueSpecification","valueRequired":true,"valueName":"search_term_string"}}],"inLanguage":"fr-FR"},{"@type":"Organization","@id":"https:\/\/dev6.erresse-shop.it\/#organization","name":"Erresse Shop","url":"https:\/\/dev6.erresse-shop.it\/","logo":{"@type":"ImageObject","inLanguage":"fr-FR","@id":"https:\/\/dev6.erresse-shop.it\/#\/schema\/logo\/image\/","url":"https:\/\/dev6.erresse-shop.it\/wp-content\/uploads\/2025\/01\/LOGO-ERRESSE-CLASSICO.svg","contentUrl":"https:\/\/dev6.erresse-shop.it\/wp-content\/uploads\/2025\/01\/LOGO-ERRESSE-CLASSICO.svg","caption":"Erresse Shop"},"image":{"@id":"https:\/\/dev6.erresse-shop.it\/#\/schema\/logo\/image\/"}}]}},"df_price":599,"df_sale_price":599,"df_regular_price":749,"df_image_link":"https:\/\/i2.wp.com\/interpim.erresse-shop.it\/Import\/Prodotti\/berkel-home-line-250-plus-nera.jpg?resize=300,300&ssl=1","fifu_image_url":"https:\/\/interpim.erresse-shop.it\/Import\/Prodotti\/berkel-home-line-250-plus-nera.jpg","_links":{"self":[{"href":"https:\/\/dev6.erresse-shop.it\/fr\/wp-json\/wp\/v2\/product\/62708","targetHints":{"allow":["GET"]}}],"collection":[{"href":"https:\/\/dev6.erresse-shop.it\/fr\/wp-json\/wp\/v2\/product"}],"about":[{"href":"https:\/\/dev6.erresse-shop.it\/fr\/wp-json\/wp\/v2\/types\/product"}],"wp:featuredmedia":[{"embeddable":true,"href":"https:\/\/dev6.erresse-shop.it\/fr\/wp-json\/wp\/v2\/media\/6365159"}],"wp:attachment":[{"href":"https:\/\/dev6.erresse-shop.it\/fr\/wp-json\/wp\/v2\/media?parent=62708"}],"wp:term":[{"taxonomy":"product_cat","embeddable":true,"href":"https:\/\/dev6.erresse-shop.it\/fr\/wp-json\/wp\/v2\/product_cat?post=62708"},{"taxonomy":"product_tag","embeddable":true,"href":"https:\/\/dev6.erresse-shop.it\/fr\/wp-json\/wp\/v2\/product_tag?post=62708"}],"curies":[{"name":"wp","href":"https:\/\/api.w.org\/{rel}","templated":true}]}}