{"id":62608,"date":"2026-04-12T10:06:46","date_gmt":"2026-04-12T08:06:46","guid":{"rendered":"https:\/\/dev6.erresse-shop.it\/shop\/non%20class\u00e9\/ichendorf-milano-animal-farm-branche-des-sarracenies\/"},"modified":"2025-09-14T05:06:14","modified_gmt":"2025-09-14T03:06:14","slug":"ichendorf-milano-animal-farm-branche-des-sarracenies","status":"publish","type":"product","link":"https:\/\/dev6.erresse-shop.it\/fr\/shop\/table-fr-2\/carafes-bouteilles\/ichendorf-milano-animal-farm-branche-des-sarracenies\/","title":{"rendered":"ICHENDORF MILANO Animal Farm Branche des sarrac\u00e9nies"},"content":{"rendered":"<p>Collection Animal farm<br \/>\nDesign Alessandra Baldereschi<br \/>\nCouleur Marron Clair Blanc<br \/>\nMat\u00e9riau borosilicate<br \/>\nManufacture Fait \u00e0 la main et moul\u00e9 \u00e0 la lumi\u00e8re<br \/>\nDimensions H. 18 \u2300 11 L. 19.5<br \/>\nLavage Lavable au lave-vaisselle \u00e0 basse temp\u00e9rature (recommand\u00e9 40\u2033).<\/p>\n","protected":false},"excerpt":{"rendered":"<p>Collection Animal farm Design Alessandra Baldereschi Couleur Marron Clair Blanc Mat\u00e9riau borosilicate Manufacture Fait \u00e0 la main et moul\u00e9 \u00e0 la lumi\u00e8re Dimensions H. 18 \u2300 11 L. 19.5 Lavage Lavable au lave-vaisselle \u00e0 basse temp\u00e9rature (recommand\u00e9 40\u2033).<\/p>\n","protected":false},"featured_media":6365054,"template":"","meta":{"_acf_changed":false},"product_cat":[12007,11995,11671],"product_tag":[],"class_list":{"0":"post-62608","1":"product","2":"type-product","3":"status-publish","4":"has-post-thumbnail","6":"product_cat-carafes-bouteilles","7":"product_cat-table-fr-2","8":"product_cat-tavola","10":"first","11":"instock","12":"taxable","13":"shipping-taxable","14":"purchasable","15":"product-type-simple","swatches":"rey-swatches","show_selected":"","stretch_labels":"rey-swatches--stretch-labels"},"acf":[],"yoast_head":"<!-- This site is optimized with the Yoast SEO plugin v25.4 - https:\/\/yoast.com\/wordpress\/plugins\/seo\/ -->\n<title>ICHENDORF MILANO Animal Farm Branche des sarrac\u00e9nies - dev6 Erresse<\/title>\n<meta name=\"description\" content=\"Collection Animal farm Design Alessandra Baldereschi Couleur Marron Clair Blanc Mat\u00e9riau borosilicate Manufacture Fait \u00e0 la main et moul\u00e9 \u00e0 la lumi\u00e8re\" \/>\n<meta name=\"robots\" content=\"noindex, follow, max-snippet:-1, max-image-preview:large, max-video-preview:-1\" \/>\n<meta property=\"og:locale\" content=\"fr_FR\" \/>\n<meta property=\"og:type\" content=\"article\" \/>\n<meta property=\"og:title\" content=\"ICHENDORF MILANO Animal Farm Branche des sarrac\u00e9nies - dev6 Erresse\" \/>\n<meta property=\"og:description\" content=\"Collection Animal farm Design Alessandra Baldereschi Couleur Marron Clair Blanc Mat\u00e9riau borosilicate Manufacture Fait \u00e0 la main et moul\u00e9 \u00e0 la lumi\u00e8re\" \/>\n<meta property=\"og:url\" content=\"https:\/\/dev6.erresse-shop.it\/fr\/shop\/table-fr-2\/carafes-bouteilles\/ichendorf-milano-animal-farm-branche-des-sarracenies\/\" \/>\n<meta property=\"og:site_name\" content=\"dev6 Erresse\" \/>\n<meta property=\"og:image\" content=\"https:\/\/interpim.erresse-shop.it\/Import\/Prodotti\/ichendorf-milano-animal-farm-brocca-gufo-ramo.jpg\" \/><meta property=\"og:image\" content=\"https:\/\/interpim.erresse-shop.it\/Import\/Prodotti\/ichendorf-milano-animal-farm-brocca-gufo-ramo.jpg\" \/>\n\t<meta property=\"og:image:width\" content=\"1024\" \/>\n\t<meta property=\"og:image:height\" content=\"1024\" \/>\n\t<meta property=\"og:image:type\" content=\"image\/jpeg\" \/>\n<meta name=\"twitter:card\" content=\"summary_large_image\" \/>\n<meta name=\"twitter:image\" content=\"https:\/\/interpim.erresse-shop.it\/Import\/Prodotti\/ichendorf-milano-animal-farm-brocca-gufo-ramo.jpg\" \/>\n<script type=\"application\/ld+json\" class=\"yoast-schema-graph\">{\"@context\":\"https:\/\/schema.org\",\"@graph\":[{\"@type\":\"WebPage\",\"@id\":\"https:\/\/dev6.erresse-shop.it\/fr\/shop\/table-fr-2\/carafes-bouteilles\/ichendorf-milano-animal-farm-branche-des-sarracenies\/\",\"url\":\"https:\/\/dev6.erresse-shop.it\/fr\/shop\/table-fr-2\/carafes-bouteilles\/ichendorf-milano-animal-farm-branche-des-sarracenies\/\",\"name\":\"ICHENDORF MILANO Animal Farm Branche des sarrac\u00e9nies - dev6 Erresse\",\"isPartOf\":{\"@id\":\"https:\/\/dev6.erresse-shop.it\/#website\"},\"primaryImageOfPage\":{\"@id\":\"https:\/\/dev6.erresse-shop.it\/fr\/shop\/table-fr-2\/carafes-bouteilles\/ichendorf-milano-animal-farm-branche-des-sarracenies\/#primaryimage\"},\"image\":{\"@id\":\"https:\/\/dev6.erresse-shop.it\/fr\/shop\/table-fr-2\/carafes-bouteilles\/ichendorf-milano-animal-farm-branche-des-sarracenies\/#primaryimage\"},\"thumbnailUrl\":\"https:\/\/i0.wp.com\/interpim.erresse-shop.it\/Import\/Prodotti\/ichendorf-milano-animal-farm-brocca-gufo-ramo.jpg?ssl=1\",\"datePublished\":\"2026-04-12T08:06:46+00:00\",\"description\":\"Collection Animal farm Design Alessandra Baldereschi Couleur Marron Clair Blanc Mat\u00e9riau borosilicate Manufacture Fait \u00e0 la main et moul\u00e9 \u00e0 la lumi\u00e8re\",\"breadcrumb\":{\"@id\":\"https:\/\/dev6.erresse-shop.it\/fr\/shop\/table-fr-2\/carafes-bouteilles\/ichendorf-milano-animal-farm-branche-des-sarracenies\/#breadcrumb\"},\"inLanguage\":\"fr-FR\",\"potentialAction\":[{\"@type\":\"ReadAction\",\"target\":[\"https:\/\/dev6.erresse-shop.it\/fr\/shop\/table-fr-2\/carafes-bouteilles\/ichendorf-milano-animal-farm-branche-des-sarracenies\/\"]}]},{\"@type\":\"ImageObject\",\"inLanguage\":\"fr-FR\",\"@id\":\"https:\/\/dev6.erresse-shop.it\/fr\/shop\/table-fr-2\/carafes-bouteilles\/ichendorf-milano-animal-farm-branche-des-sarracenies\/#primaryimage\",\"url\":\"https:\/\/i0.wp.com\/interpim.erresse-shop.it\/Import\/Prodotti\/ichendorf-milano-animal-farm-brocca-gufo-ramo.jpg?ssl=1\",\"contentUrl\":\"https:\/\/i0.wp.com\/interpim.erresse-shop.it\/Import\/Prodotti\/ichendorf-milano-animal-farm-brocca-gufo-ramo.jpg?ssl=1\"},{\"@type\":\"BreadcrumbList\",\"@id\":\"https:\/\/dev6.erresse-shop.it\/fr\/shop\/table-fr-2\/carafes-bouteilles\/ichendorf-milano-animal-farm-branche-des-sarracenies\/#breadcrumb\",\"itemListElement\":[{\"@type\":\"ListItem\",\"position\":1,\"name\":\"Home\",\"item\":\"https:\/\/dev6.erresse-shop.it\/\"},{\"@type\":\"ListItem\",\"position\":2,\"name\":\"Boutique\",\"item\":\"https:\/\/dev6.erresse-shop.it\/shop\/\"},{\"@type\":\"ListItem\",\"position\":3,\"name\":\"ICHENDORF MILANO Animal Farm Branche des sarrac\u00e9nies\"}]},{\"@type\":\"WebSite\",\"@id\":\"https:\/\/dev6.erresse-shop.it\/#website\",\"url\":\"https:\/\/dev6.erresse-shop.it\/\",\"name\":\"Erresse Shop\",\"description\":\"\",\"publisher\":{\"@id\":\"https:\/\/dev6.erresse-shop.it\/#organization\"},\"potentialAction\":[{\"@type\":\"SearchAction\",\"target\":{\"@type\":\"EntryPoint\",\"urlTemplate\":\"https:\/\/dev6.erresse-shop.it\/?s={search_term_string}\"},\"query-input\":{\"@type\":\"PropertyValueSpecification\",\"valueRequired\":true,\"valueName\":\"search_term_string\"}}],\"inLanguage\":\"fr-FR\"},{\"@type\":\"Organization\",\"@id\":\"https:\/\/dev6.erresse-shop.it\/#organization\",\"name\":\"Erresse Shop\",\"url\":\"https:\/\/dev6.erresse-shop.it\/\",\"logo\":{\"@type\":\"ImageObject\",\"inLanguage\":\"fr-FR\",\"@id\":\"https:\/\/dev6.erresse-shop.it\/#\/schema\/logo\/image\/\",\"url\":\"https:\/\/dev6.erresse-shop.it\/wp-content\/uploads\/2025\/01\/LOGO-ERRESSE-CLASSICO.svg\",\"contentUrl\":\"https:\/\/dev6.erresse-shop.it\/wp-content\/uploads\/2025\/01\/LOGO-ERRESSE-CLASSICO.svg\",\"caption\":\"Erresse Shop\"},\"image\":{\"@id\":\"https:\/\/dev6.erresse-shop.it\/#\/schema\/logo\/image\/\"}}]}<\/script>\n<!-- \/ Yoast SEO plugin. -->","yoast_head_json":{"title":"ICHENDORF MILANO Animal Farm Branche des sarrac\u00e9nies - dev6 Erresse","description":"Collection Animal farm Design Alessandra Baldereschi Couleur Marron Clair Blanc Mat\u00e9riau borosilicate Manufacture Fait \u00e0 la main et moul\u00e9 \u00e0 la lumi\u00e8re","robots":{"index":"noindex","follow":"follow","max-snippet":"max-snippet:-1","max-image-preview":"max-image-preview:large","max-video-preview":"max-video-preview:-1"},"og_locale":"fr_FR","og_type":"article","og_title":"ICHENDORF MILANO Animal Farm Branche des sarrac\u00e9nies - dev6 Erresse","og_description":"Collection Animal farm Design Alessandra Baldereschi Couleur Marron Clair Blanc Mat\u00e9riau borosilicate Manufacture Fait \u00e0 la main et moul\u00e9 \u00e0 la lumi\u00e8re","og_url":"https:\/\/dev6.erresse-shop.it\/fr\/shop\/table-fr-2\/carafes-bouteilles\/ichendorf-milano-animal-farm-branche-des-sarracenies\/","og_site_name":"dev6 Erresse","og_image":[{"url":"https:\/\/interpim.erresse-shop.it\/Import\/Prodotti\/ichendorf-milano-animal-farm-brocca-gufo-ramo.jpg","type":"","width":"","height":""},{"url":"https:\/\/interpim.erresse-shop.it\/Import\/Prodotti\/ichendorf-milano-animal-farm-brocca-gufo-ramo.jpg","width":1024,"height":1024,"type":"image\/jpeg"}],"twitter_card":"summary_large_image","twitter_image":"https:\/\/interpim.erresse-shop.it\/Import\/Prodotti\/ichendorf-milano-animal-farm-brocca-gufo-ramo.jpg","schema":{"@context":"https:\/\/schema.org","@graph":[{"@type":"WebPage","@id":"https:\/\/dev6.erresse-shop.it\/fr\/shop\/table-fr-2\/carafes-bouteilles\/ichendorf-milano-animal-farm-branche-des-sarracenies\/","url":"https:\/\/dev6.erresse-shop.it\/fr\/shop\/table-fr-2\/carafes-bouteilles\/ichendorf-milano-animal-farm-branche-des-sarracenies\/","name":"ICHENDORF MILANO Animal Farm Branche des sarrac\u00e9nies - dev6 Erresse","isPartOf":{"@id":"https:\/\/dev6.erresse-shop.it\/#website"},"primaryImageOfPage":{"@id":"https:\/\/dev6.erresse-shop.it\/fr\/shop\/table-fr-2\/carafes-bouteilles\/ichendorf-milano-animal-farm-branche-des-sarracenies\/#primaryimage"},"image":{"@id":"https:\/\/dev6.erresse-shop.it\/fr\/shop\/table-fr-2\/carafes-bouteilles\/ichendorf-milano-animal-farm-branche-des-sarracenies\/#primaryimage"},"thumbnailUrl":"https:\/\/i0.wp.com\/interpim.erresse-shop.it\/Import\/Prodotti\/ichendorf-milano-animal-farm-brocca-gufo-ramo.jpg?ssl=1","datePublished":"2026-04-12T08:06:46+00:00","description":"Collection Animal farm Design Alessandra Baldereschi Couleur Marron Clair Blanc Mat\u00e9riau borosilicate Manufacture Fait \u00e0 la main et moul\u00e9 \u00e0 la lumi\u00e8re","breadcrumb":{"@id":"https:\/\/dev6.erresse-shop.it\/fr\/shop\/table-fr-2\/carafes-bouteilles\/ichendorf-milano-animal-farm-branche-des-sarracenies\/#breadcrumb"},"inLanguage":"fr-FR","potentialAction":[{"@type":"ReadAction","target":["https:\/\/dev6.erresse-shop.it\/fr\/shop\/table-fr-2\/carafes-bouteilles\/ichendorf-milano-animal-farm-branche-des-sarracenies\/"]}]},{"@type":"ImageObject","inLanguage":"fr-FR","@id":"https:\/\/dev6.erresse-shop.it\/fr\/shop\/table-fr-2\/carafes-bouteilles\/ichendorf-milano-animal-farm-branche-des-sarracenies\/#primaryimage","url":"https:\/\/i0.wp.com\/interpim.erresse-shop.it\/Import\/Prodotti\/ichendorf-milano-animal-farm-brocca-gufo-ramo.jpg?ssl=1","contentUrl":"https:\/\/i0.wp.com\/interpim.erresse-shop.it\/Import\/Prodotti\/ichendorf-milano-animal-farm-brocca-gufo-ramo.jpg?ssl=1"},{"@type":"BreadcrumbList","@id":"https:\/\/dev6.erresse-shop.it\/fr\/shop\/table-fr-2\/carafes-bouteilles\/ichendorf-milano-animal-farm-branche-des-sarracenies\/#breadcrumb","itemListElement":[{"@type":"ListItem","position":1,"name":"Home","item":"https:\/\/dev6.erresse-shop.it\/"},{"@type":"ListItem","position":2,"name":"Boutique","item":"https:\/\/dev6.erresse-shop.it\/shop\/"},{"@type":"ListItem","position":3,"name":"ICHENDORF MILANO Animal Farm Branche des sarrac\u00e9nies"}]},{"@type":"WebSite","@id":"https:\/\/dev6.erresse-shop.it\/#website","url":"https:\/\/dev6.erresse-shop.it\/","name":"Erresse Shop","description":"","publisher":{"@id":"https:\/\/dev6.erresse-shop.it\/#organization"},"potentialAction":[{"@type":"SearchAction","target":{"@type":"EntryPoint","urlTemplate":"https:\/\/dev6.erresse-shop.it\/?s={search_term_string}"},"query-input":{"@type":"PropertyValueSpecification","valueRequired":true,"valueName":"search_term_string"}}],"inLanguage":"fr-FR"},{"@type":"Organization","@id":"https:\/\/dev6.erresse-shop.it\/#organization","name":"Erresse Shop","url":"https:\/\/dev6.erresse-shop.it\/","logo":{"@type":"ImageObject","inLanguage":"fr-FR","@id":"https:\/\/dev6.erresse-shop.it\/#\/schema\/logo\/image\/","url":"https:\/\/dev6.erresse-shop.it\/wp-content\/uploads\/2025\/01\/LOGO-ERRESSE-CLASSICO.svg","contentUrl":"https:\/\/dev6.erresse-shop.it\/wp-content\/uploads\/2025\/01\/LOGO-ERRESSE-CLASSICO.svg","caption":"Erresse Shop"},"image":{"@id":"https:\/\/dev6.erresse-shop.it\/#\/schema\/logo\/image\/"}}]}},"df_price":49,"df_sale_price":"","df_regular_price":49,"df_image_link":"https:\/\/i0.wp.com\/interpim.erresse-shop.it\/Import\/Prodotti\/ichendorf-milano-animal-farm-brocca-gufo-ramo.jpg?resize=300,300&ssl=1","fifu_image_url":"https:\/\/interpim.erresse-shop.it\/Import\/Prodotti\/ichendorf-milano-animal-farm-brocca-gufo-ramo.jpg","_links":{"self":[{"href":"https:\/\/dev6.erresse-shop.it\/fr\/wp-json\/wp\/v2\/product\/62608","targetHints":{"allow":["GET"]}}],"collection":[{"href":"https:\/\/dev6.erresse-shop.it\/fr\/wp-json\/wp\/v2\/product"}],"about":[{"href":"https:\/\/dev6.erresse-shop.it\/fr\/wp-json\/wp\/v2\/types\/product"}],"wp:featuredmedia":[{"embeddable":true,"href":"https:\/\/dev6.erresse-shop.it\/fr\/wp-json\/wp\/v2\/media\/6365054"}],"wp:attachment":[{"href":"https:\/\/dev6.erresse-shop.it\/fr\/wp-json\/wp\/v2\/media?parent=62608"}],"wp:term":[{"taxonomy":"product_cat","embeddable":true,"href":"https:\/\/dev6.erresse-shop.it\/fr\/wp-json\/wp\/v2\/product_cat?post=62608"},{"taxonomy":"product_tag","embeddable":true,"href":"https:\/\/dev6.erresse-shop.it\/fr\/wp-json\/wp\/v2\/product_tag?post=62608"}],"curies":[{"name":"wp","href":"https:\/\/api.w.org\/{rel}","templated":true}]}}