{"id":62598,"date":"2026-04-12T10:06:46","date_gmt":"2026-04-12T08:06:46","guid":{"rendered":"https:\/\/dev6.erresse-shop.it\/shop\/non%20class\u00e9\/zafferano-ultralight-set-de-2-gobelets-a-vin-blanc\/"},"modified":"2025-09-14T05:05:58","modified_gmt":"2025-09-14T03:05:58","slug":"zafferano-ultralight-set-de-2-gobelets-a-vin-blanc","status":"publish","type":"product","link":"https:\/\/dev6.erresse-shop.it\/fr\/shop\/table-fr-2\/vin\/verres-a-vin\/zafferano-ultralight-set-de-2-gobelets-a-vin-blanc\/","title":{"rendered":"ZAFFERANO Ultralight Set de 2 Gobelets \u00e0 vin blanc"},"content":{"rendered":"<p>Ultralight est une ligne de verres de d\u00e9gustation cr\u00e9\u00e9s par traitement m\u00e9canique. Ils sont fabriqu\u00e9s en verre sonore sup\u00e9rieur sans plomb, ce qui garantit leur r\u00e9sistance, leur transparence et leur qualit\u00e9.<br \/>\nUne attention particuli\u00e8re est accord\u00e9e aux formes, sp\u00e9cialement con\u00e7ues pour chaque vin. Deux types composent cette collection l\u00e9g\u00e8re : des gobelets aux formes \u00e9l\u00e9gantes et rigoureuses, d\u2019autres avec une finition sp\u00e9ciale du rebord pour rendre l\u2019approche du liquide plus confortable.<\/p>\n<p>Du safran. En plus d\u2019\u00eatre un lieu d\u2019affirmation, d\u2019\u00e9volution et d\u2019ach\u00e8vement du vin, le gobelet est une \u0153uvre d\u2019art.<br \/>\nLe design et la fonctionnalit\u00e9 inspirent le travail de Federico de Majo. Ses cr\u00e9ations vont de lignes plus traditionnelles \u00e0 d\u2019autres \u00e0 fort contenu technique, o\u00f9 s\u2019expriment le go\u00fbt pour l\u2019innovation et la recherche de produits.<\/p>\n<p>HAUTEUR \u2013 226 mm DIAM\u00c8TRE \u2013 94 mm CAPACIT\u00c9 \u2013 61 cl<\/p>\n","protected":false},"excerpt":{"rendered":"<p>Ultralight est une ligne de verres de d\u00e9gustation cr\u00e9\u00e9s par traitement m\u00e9canique. Ils sont fabriqu\u00e9s en verre sonore sup\u00e9rieur sans plomb, ce qui garantit leur r\u00e9sistance, leur transparence et leur qualit\u00e9. Une attention particuli\u00e8re est accord\u00e9e aux formes, sp\u00e9cialement con\u00e7ues pour chaque vin. Deux types composent cette collection l\u00e9g\u00e8re : des gobelets aux formes \u00e9l\u00e9gantes [&hellip;]<\/p>\n","protected":false},"featured_media":6365041,"template":"","meta":{"_acf_changed":false},"product_cat":[11995,12078,12069],"product_tag":[],"class_list":{"0":"post-62598","1":"product","2":"type-product","3":"status-publish","4":"has-post-thumbnail","6":"product_cat-table-fr-2","7":"product_cat-verres-a-vin","8":"product_cat-vin","10":"first","11":"instock","12":"taxable","13":"shipping-taxable","14":"purchasable","15":"product-type-simple","swatches":"rey-swatches","show_selected":"","stretch_labels":"rey-swatches--stretch-labels"},"acf":[],"yoast_head":"<!-- This site is optimized with the Yoast SEO plugin v25.4 - https:\/\/yoast.com\/wordpress\/plugins\/seo\/ -->\n<title>ZAFFERANO Ultralight Set de 2 Gobelets \u00e0 vin blanc - dev6 Erresse<\/title>\n<meta name=\"description\" content=\"Ultralight est une ligne de verres de d\u00e9gustation cr\u00e9\u00e9s par traitement m\u00e9canique. Ils sont fabriqu\u00e9s en verre sonore sup\u00e9rieur sans plomb, ce qui garantit\" \/>\n<meta name=\"robots\" content=\"noindex, follow, max-snippet:-1, max-image-preview:large, max-video-preview:-1\" \/>\n<meta property=\"og:locale\" content=\"fr_FR\" \/>\n<meta property=\"og:type\" content=\"article\" \/>\n<meta property=\"og:title\" content=\"ZAFFERANO Ultralight Set de 2 Gobelets \u00e0 vin blanc - dev6 Erresse\" \/>\n<meta property=\"og:description\" content=\"Ultralight est une ligne de verres de d\u00e9gustation cr\u00e9\u00e9s par traitement m\u00e9canique. Ils sont fabriqu\u00e9s en verre sonore sup\u00e9rieur sans plomb, ce qui garantit\" \/>\n<meta property=\"og:url\" content=\"https:\/\/dev6.erresse-shop.it\/fr\/shop\/table-fr-2\/vin\/verres-a-vin\/zafferano-ultralight-set-de-2-gobelets-a-vin-blanc\/\" \/>\n<meta property=\"og:site_name\" content=\"dev6 Erresse\" \/>\n<meta property=\"og:image\" content=\"https:\/\/interpim.erresse-shop.it\/img-catalogo\/zafferano\/zafferano-vino-bianco.jpg\" \/><meta property=\"og:image\" content=\"https:\/\/interpim.erresse-shop.it\/img-catalogo\/zafferano\/zafferano-vino-bianco.jpg\" \/>\n\t<meta property=\"og:image:width\" content=\"1024\" \/>\n\t<meta property=\"og:image:height\" content=\"1024\" \/>\n\t<meta property=\"og:image:type\" content=\"image\/jpeg\" \/>\n<meta name=\"twitter:card\" content=\"summary_large_image\" \/>\n<meta name=\"twitter:image\" content=\"https:\/\/interpim.erresse-shop.it\/img-catalogo\/zafferano\/zafferano-vino-bianco.jpg\" \/>\n<script type=\"application\/ld+json\" class=\"yoast-schema-graph\">{\"@context\":\"https:\/\/schema.org\",\"@graph\":[{\"@type\":\"WebPage\",\"@id\":\"https:\/\/dev6.erresse-shop.it\/fr\/shop\/table-fr-2\/vin\/verres-a-vin\/zafferano-ultralight-set-de-2-gobelets-a-vin-blanc\/\",\"url\":\"https:\/\/dev6.erresse-shop.it\/fr\/shop\/table-fr-2\/vin\/verres-a-vin\/zafferano-ultralight-set-de-2-gobelets-a-vin-blanc\/\",\"name\":\"ZAFFERANO Ultralight Set de 2 Gobelets \u00e0 vin blanc - dev6 Erresse\",\"isPartOf\":{\"@id\":\"https:\/\/dev6.erresse-shop.it\/#website\"},\"primaryImageOfPage\":{\"@id\":\"https:\/\/dev6.erresse-shop.it\/fr\/shop\/table-fr-2\/vin\/verres-a-vin\/zafferano-ultralight-set-de-2-gobelets-a-vin-blanc\/#primaryimage\"},\"image\":{\"@id\":\"https:\/\/dev6.erresse-shop.it\/fr\/shop\/table-fr-2\/vin\/verres-a-vin\/zafferano-ultralight-set-de-2-gobelets-a-vin-blanc\/#primaryimage\"},\"thumbnailUrl\":\"https:\/\/i0.wp.com\/interpim.erresse-shop.it\/img-catalogo\/zafferano\/zafferano-vino-bianco.jpg?ssl=1\",\"datePublished\":\"2026-04-12T08:06:46+00:00\",\"description\":\"Ultralight est une ligne de verres de d\u00e9gustation cr\u00e9\u00e9s par traitement m\u00e9canique. Ils sont fabriqu\u00e9s en verre sonore sup\u00e9rieur sans plomb, ce qui garantit\",\"breadcrumb\":{\"@id\":\"https:\/\/dev6.erresse-shop.it\/fr\/shop\/table-fr-2\/vin\/verres-a-vin\/zafferano-ultralight-set-de-2-gobelets-a-vin-blanc\/#breadcrumb\"},\"inLanguage\":\"fr-FR\",\"potentialAction\":[{\"@type\":\"ReadAction\",\"target\":[\"https:\/\/dev6.erresse-shop.it\/fr\/shop\/table-fr-2\/vin\/verres-a-vin\/zafferano-ultralight-set-de-2-gobelets-a-vin-blanc\/\"]}]},{\"@type\":\"ImageObject\",\"inLanguage\":\"fr-FR\",\"@id\":\"https:\/\/dev6.erresse-shop.it\/fr\/shop\/table-fr-2\/vin\/verres-a-vin\/zafferano-ultralight-set-de-2-gobelets-a-vin-blanc\/#primaryimage\",\"url\":\"https:\/\/i0.wp.com\/interpim.erresse-shop.it\/img-catalogo\/zafferano\/zafferano-vino-bianco.jpg?ssl=1\",\"contentUrl\":\"https:\/\/i0.wp.com\/interpim.erresse-shop.it\/img-catalogo\/zafferano\/zafferano-vino-bianco.jpg?ssl=1\"},{\"@type\":\"BreadcrumbList\",\"@id\":\"https:\/\/dev6.erresse-shop.it\/fr\/shop\/table-fr-2\/vin\/verres-a-vin\/zafferano-ultralight-set-de-2-gobelets-a-vin-blanc\/#breadcrumb\",\"itemListElement\":[{\"@type\":\"ListItem\",\"position\":1,\"name\":\"Home\",\"item\":\"https:\/\/dev6.erresse-shop.it\/\"},{\"@type\":\"ListItem\",\"position\":2,\"name\":\"Boutique\",\"item\":\"https:\/\/dev6.erresse-shop.it\/shop\/\"},{\"@type\":\"ListItem\",\"position\":3,\"name\":\"ZAFFERANO Ultralight Set de 2 Gobelets \u00e0 vin blanc\"}]},{\"@type\":\"WebSite\",\"@id\":\"https:\/\/dev6.erresse-shop.it\/#website\",\"url\":\"https:\/\/dev6.erresse-shop.it\/\",\"name\":\"Erresse Shop\",\"description\":\"\",\"publisher\":{\"@id\":\"https:\/\/dev6.erresse-shop.it\/#organization\"},\"potentialAction\":[{\"@type\":\"SearchAction\",\"target\":{\"@type\":\"EntryPoint\",\"urlTemplate\":\"https:\/\/dev6.erresse-shop.it\/?s={search_term_string}\"},\"query-input\":{\"@type\":\"PropertyValueSpecification\",\"valueRequired\":true,\"valueName\":\"search_term_string\"}}],\"inLanguage\":\"fr-FR\"},{\"@type\":\"Organization\",\"@id\":\"https:\/\/dev6.erresse-shop.it\/#organization\",\"name\":\"Erresse Shop\",\"url\":\"https:\/\/dev6.erresse-shop.it\/\",\"logo\":{\"@type\":\"ImageObject\",\"inLanguage\":\"fr-FR\",\"@id\":\"https:\/\/dev6.erresse-shop.it\/#\/schema\/logo\/image\/\",\"url\":\"https:\/\/dev6.erresse-shop.it\/wp-content\/uploads\/2025\/01\/LOGO-ERRESSE-CLASSICO.svg\",\"contentUrl\":\"https:\/\/dev6.erresse-shop.it\/wp-content\/uploads\/2025\/01\/LOGO-ERRESSE-CLASSICO.svg\",\"caption\":\"Erresse Shop\"},\"image\":{\"@id\":\"https:\/\/dev6.erresse-shop.it\/#\/schema\/logo\/image\/\"}}]}<\/script>\n<!-- \/ Yoast SEO plugin. -->","yoast_head_json":{"title":"ZAFFERANO Ultralight Set de 2 Gobelets \u00e0 vin blanc - dev6 Erresse","description":"Ultralight est une ligne de verres de d\u00e9gustation cr\u00e9\u00e9s par traitement m\u00e9canique. Ils sont fabriqu\u00e9s en verre sonore sup\u00e9rieur sans plomb, ce qui garantit","robots":{"index":"noindex","follow":"follow","max-snippet":"max-snippet:-1","max-image-preview":"max-image-preview:large","max-video-preview":"max-video-preview:-1"},"og_locale":"fr_FR","og_type":"article","og_title":"ZAFFERANO Ultralight Set de 2 Gobelets \u00e0 vin blanc - dev6 Erresse","og_description":"Ultralight est une ligne de verres de d\u00e9gustation cr\u00e9\u00e9s par traitement m\u00e9canique. Ils sont fabriqu\u00e9s en verre sonore sup\u00e9rieur sans plomb, ce qui garantit","og_url":"https:\/\/dev6.erresse-shop.it\/fr\/shop\/table-fr-2\/vin\/verres-a-vin\/zafferano-ultralight-set-de-2-gobelets-a-vin-blanc\/","og_site_name":"dev6 Erresse","og_image":[{"url":"https:\/\/interpim.erresse-shop.it\/img-catalogo\/zafferano\/zafferano-vino-bianco.jpg","type":"","width":"","height":""},{"url":"https:\/\/interpim.erresse-shop.it\/img-catalogo\/zafferano\/zafferano-vino-bianco.jpg","width":1024,"height":1024,"type":"image\/jpeg"}],"twitter_card":"summary_large_image","twitter_image":"https:\/\/interpim.erresse-shop.it\/img-catalogo\/zafferano\/zafferano-vino-bianco.jpg","schema":{"@context":"https:\/\/schema.org","@graph":[{"@type":"WebPage","@id":"https:\/\/dev6.erresse-shop.it\/fr\/shop\/table-fr-2\/vin\/verres-a-vin\/zafferano-ultralight-set-de-2-gobelets-a-vin-blanc\/","url":"https:\/\/dev6.erresse-shop.it\/fr\/shop\/table-fr-2\/vin\/verres-a-vin\/zafferano-ultralight-set-de-2-gobelets-a-vin-blanc\/","name":"ZAFFERANO Ultralight Set de 2 Gobelets \u00e0 vin blanc - dev6 Erresse","isPartOf":{"@id":"https:\/\/dev6.erresse-shop.it\/#website"},"primaryImageOfPage":{"@id":"https:\/\/dev6.erresse-shop.it\/fr\/shop\/table-fr-2\/vin\/verres-a-vin\/zafferano-ultralight-set-de-2-gobelets-a-vin-blanc\/#primaryimage"},"image":{"@id":"https:\/\/dev6.erresse-shop.it\/fr\/shop\/table-fr-2\/vin\/verres-a-vin\/zafferano-ultralight-set-de-2-gobelets-a-vin-blanc\/#primaryimage"},"thumbnailUrl":"https:\/\/i0.wp.com\/interpim.erresse-shop.it\/img-catalogo\/zafferano\/zafferano-vino-bianco.jpg?ssl=1","datePublished":"2026-04-12T08:06:46+00:00","description":"Ultralight est une ligne de verres de d\u00e9gustation cr\u00e9\u00e9s par traitement m\u00e9canique. Ils sont fabriqu\u00e9s en verre sonore sup\u00e9rieur sans plomb, ce qui garantit","breadcrumb":{"@id":"https:\/\/dev6.erresse-shop.it\/fr\/shop\/table-fr-2\/vin\/verres-a-vin\/zafferano-ultralight-set-de-2-gobelets-a-vin-blanc\/#breadcrumb"},"inLanguage":"fr-FR","potentialAction":[{"@type":"ReadAction","target":["https:\/\/dev6.erresse-shop.it\/fr\/shop\/table-fr-2\/vin\/verres-a-vin\/zafferano-ultralight-set-de-2-gobelets-a-vin-blanc\/"]}]},{"@type":"ImageObject","inLanguage":"fr-FR","@id":"https:\/\/dev6.erresse-shop.it\/fr\/shop\/table-fr-2\/vin\/verres-a-vin\/zafferano-ultralight-set-de-2-gobelets-a-vin-blanc\/#primaryimage","url":"https:\/\/i0.wp.com\/interpim.erresse-shop.it\/img-catalogo\/zafferano\/zafferano-vino-bianco.jpg?ssl=1","contentUrl":"https:\/\/i0.wp.com\/interpim.erresse-shop.it\/img-catalogo\/zafferano\/zafferano-vino-bianco.jpg?ssl=1"},{"@type":"BreadcrumbList","@id":"https:\/\/dev6.erresse-shop.it\/fr\/shop\/table-fr-2\/vin\/verres-a-vin\/zafferano-ultralight-set-de-2-gobelets-a-vin-blanc\/#breadcrumb","itemListElement":[{"@type":"ListItem","position":1,"name":"Home","item":"https:\/\/dev6.erresse-shop.it\/"},{"@type":"ListItem","position":2,"name":"Boutique","item":"https:\/\/dev6.erresse-shop.it\/shop\/"},{"@type":"ListItem","position":3,"name":"ZAFFERANO Ultralight Set de 2 Gobelets \u00e0 vin blanc"}]},{"@type":"WebSite","@id":"https:\/\/dev6.erresse-shop.it\/#website","url":"https:\/\/dev6.erresse-shop.it\/","name":"Erresse Shop","description":"","publisher":{"@id":"https:\/\/dev6.erresse-shop.it\/#organization"},"potentialAction":[{"@type":"SearchAction","target":{"@type":"EntryPoint","urlTemplate":"https:\/\/dev6.erresse-shop.it\/?s={search_term_string}"},"query-input":{"@type":"PropertyValueSpecification","valueRequired":true,"valueName":"search_term_string"}}],"inLanguage":"fr-FR"},{"@type":"Organization","@id":"https:\/\/dev6.erresse-shop.it\/#organization","name":"Erresse Shop","url":"https:\/\/dev6.erresse-shop.it\/","logo":{"@type":"ImageObject","inLanguage":"fr-FR","@id":"https:\/\/dev6.erresse-shop.it\/#\/schema\/logo\/image\/","url":"https:\/\/dev6.erresse-shop.it\/wp-content\/uploads\/2025\/01\/LOGO-ERRESSE-CLASSICO.svg","contentUrl":"https:\/\/dev6.erresse-shop.it\/wp-content\/uploads\/2025\/01\/LOGO-ERRESSE-CLASSICO.svg","caption":"Erresse Shop"},"image":{"@id":"https:\/\/dev6.erresse-shop.it\/#\/schema\/logo\/image\/"}}]}},"df_price":54.9,"df_sale_price":"","df_regular_price":54.9,"df_image_link":"https:\/\/i0.wp.com\/interpim.erresse-shop.it\/img-catalogo\/zafferano\/zafferano-vino-bianco.jpg?resize=300,300&ssl=1","fifu_image_url":"https:\/\/interpim.erresse-shop.it\/img-catalogo\/zafferano\/zafferano-vino-bianco.jpg","_links":{"self":[{"href":"https:\/\/dev6.erresse-shop.it\/fr\/wp-json\/wp\/v2\/product\/62598","targetHints":{"allow":["GET"]}}],"collection":[{"href":"https:\/\/dev6.erresse-shop.it\/fr\/wp-json\/wp\/v2\/product"}],"about":[{"href":"https:\/\/dev6.erresse-shop.it\/fr\/wp-json\/wp\/v2\/types\/product"}],"wp:featuredmedia":[{"embeddable":true,"href":"https:\/\/dev6.erresse-shop.it\/fr\/wp-json\/wp\/v2\/media\/6365041"}],"wp:attachment":[{"href":"https:\/\/dev6.erresse-shop.it\/fr\/wp-json\/wp\/v2\/media?parent=62598"}],"wp:term":[{"taxonomy":"product_cat","embeddable":true,"href":"https:\/\/dev6.erresse-shop.it\/fr\/wp-json\/wp\/v2\/product_cat?post=62598"},{"taxonomy":"product_tag","embeddable":true,"href":"https:\/\/dev6.erresse-shop.it\/fr\/wp-json\/wp\/v2\/product_tag?post=62598"}],"curies":[{"name":"wp","href":"https:\/\/api.w.org\/{rel}","templated":true}]}}