{"id":62555,"date":"2026-04-12T10:05:11","date_gmt":"2026-04-12T08:05:11","guid":{"rendered":"https:\/\/dev6.erresse-shop.it\/shop\/non%20class\u00e9\/jura-machine-a-cafe-ena-8-noir-metropolitain-dont-2-kg-de-cafe\/"},"modified":"2025-07-04T17:19:41","modified_gmt":"2025-07-04T15:19:41","slug":"jura-machine-a-cafe-ena-8-noir-metropolitain-dont-2-kg-de-cafe","status":"publish","type":"product","link":"https:\/\/dev6.erresse-shop.it\/fr\/shop\/petits-electromenagers\/machines-cafe\/automatique\/jura-machine-a-cafe-ena-8-noir-metropolitain-dont-2-kg-de-cafe\/","title":{"rendered":"JURA Machine \u00e0 caf\u00e9 ENA 8 Noir M\u00e9tropolitain &#8211; dont 2 kg de caf\u00e9"},"content":{"rendered":"<p>Compacte, \u00e9l\u00e9gante, simple \u2013 fra\u00eechement moulu, sans capsule<br \/>\nLa nouvelle machine \u00e0 caf\u00e9 automatique aux caract\u00e9ristiques superlatives : compacte, simple, \u00e9l\u00e9gante \u2013 un must pour les esth\u00e8tes et tous les amateurs de caf\u00e9. L\u2019ENA 8 conquiert avec des sp\u00e9cialit\u00e9s de caf\u00e9 fra\u00eechement moulu, pas de capsules. Gr\u00e2ce \u00e0 la vari\u00e9t\u00e9 disponible sur simple pression d\u2019un bouton, elle satisfait pleinement les palais les plus exigeants.<\/p>\n<p>El\u00e9gante<br \/>\nLe r\u00e9servoir d\u2019eau circulaire est le point fort du design. Sa structure et sa forme cylindrique s\u2019inspirent des carafes en cristal pr\u00e9cieux.<\/p>\n<p>Simple<br \/>\nL\u2019\u00e9cran TFT de 2,8 pouces situ\u00e9 \u00e0 l\u2019avant et les panneaux de commande clairement d\u00e9finis garantissent une convivialit\u00e9 maximale.<\/p>\n<p>Fra\u00eechement moulu, pas sous forme de capsule<br \/>\nIl suffit d\u2019appuyer sur un bouton pour choisir parmi dix sp\u00e9cialit\u00e9s diff\u00e9rentes. Gr\u00e2ce au premier groupe d\u2019infusion compact VC (Vacuum-Clean), le caf\u00e9 coule toujours dans la tasse dans des conditions id\u00e9ales. Le processus d\u2019extraction puls\u00e9e (P.E.P.\u00ae) optimise l\u2019ar\u00f4me des sp\u00e9cialit\u00e9s courtes telles que le ristretto et l\u2019espresso. La technologie micro-mousse pr\u00e9pare une mousse de lait douce et d\u00e9licate pour le cappuccino &amp; Co.<\/p>\n<p>Compacte<br \/>\nAvec seulement 27,1 cm de large, 32,3 cm de haut et 44,5 cm de profondeur, la machine automatique \u00e0 une tasse trouve facilement sa place partout.<\/p>\n<p>CARACT\u00c9RISTIQUES :<br \/>\nNombre de sp\u00e9cialit\u00e9s 10 : Ristretto, Espresso, Double espresso, Espresso macchiato, Cappuccino, Flat white, Latte macchiato, Portion de mousse de lait, Eau chaude<br \/>\nCompatible J.O.E.<br \/>\nAffichage : \u00e9cran couleur de 2,8 pouces avec touches<br \/>\nQuantit\u00e9 d\u2019eau pour le caf\u00e9 programmable individuellement<br \/>\nProgrammation individuelle de l\u2019intensit\u00e9 du caf\u00e9 : 10 niveaux<br \/>\nQuantit\u00e9 de lait\/mousse programmable individuellement<br \/>\nTemp\u00e9rature d\u2019infusion programmable individuellement : 3 niveaux<br \/>\nTemp\u00e9rature de l\u2019eau chaude programmable individuellement : 3 niveaux<br \/>\nMode \u00e9conomie d\u2019\u00e9nergie (E.S.M.\u00a9)<br \/>\nInterrupteur z\u00e9ro \u00e9nergie ou interrupteur secteur<br \/>\nHeure d\u2019arr\u00eat programmable<\/p>\n<p>SP\u00c9CIFICATIONS :<br \/>\nProcessus d\u2019extraction puls\u00e9 (P.E.P.\u00ae)<br \/>\nTechnologie de distribution 3D<br \/>\nFonction One-Touch<br \/>\nGroupe d\u2019infusion \u00e0 capacit\u00e9 variable : 6-10g<br \/>\nMoulin \u00e0 caf\u00e9 : Moulin multi-degr\u00e9s Aroma G3<br \/>\nPompe haute performance, 15 bars : 1<br \/>\nSyst\u00e8me de chauffage Thermoblock : 1<br \/>\nSyst\u00e8me de fluides : 1<br \/>\nSyst\u00e8me de lait \/ mousseur de lait rempla\u00e7able : HP1\/CX1<br \/>\nCompartiment \u00e0 caf\u00e9 moulu<br \/>\nCouvercle de protection des ar\u00f4mes<br \/>\nSyst\u00e8me d\u2019eau intelligent (I.W.S.)<br \/>\nCartouche filtrante : CLARIS Smart&#43;<br \/>\nProgramme de rin\u00e7age, de nettoyage et de d\u00e9tartrage int\u00e9gr\u00e9<br \/>\nBac de r\u00e9cup\u00e9ration de l\u2019eau surveill\u00e9<br \/>\nHygi\u00e8ne JURA : certifi\u00e9 T\u00dcV<br \/>\n\u00c9clairage du gobelet<\/p>\n<p>D\u00c9TAILS :<br \/>\nDistributeur combin\u00e9 r\u00e9glable en hauteur et en largeur : 68-138 mm<br \/>\nDistributeur d\u2019eau chaude r\u00e9glable en hauteur : 68-138 mm<br \/>\nCapacit\u00e9 du r\u00e9servoir d\u2019eau : 1,1 L<br \/>\nCapacit\u00e9 du r\u00e9servoir \u00e0 grains de caf\u00e9 : 125g<br \/>\nR\u00e9cipient \u00e0 marc de caf\u00e9 (portions) : 10<br \/>\nLongueur du c\u00e2ble : 1,1 m<br \/>\nTension \/ consommation \u00e9lectrique : 230 V ~\/ 1450 W<br \/>\nIntensit\u00e9 du courant : 10 A<br \/>\nConsommation en veille : 0 W<\/p>\n<p>Pays du fabricant : Made in Portugal<br \/>\nAnn\u00e9e de fabrication : 2018<\/p>\n","protected":false},"excerpt":{"rendered":"<p>Compacte, \u00e9l\u00e9gante, simple \u2013 fra\u00eechement moulu, sans capsule La nouvelle machine \u00e0 caf\u00e9 automatique aux caract\u00e9ristiques superlatives : compacte, simple, \u00e9l\u00e9gante \u2013 un must pour les esth\u00e8tes et tous les amateurs de caf\u00e9. L\u2019ENA 8 conquiert avec des sp\u00e9cialit\u00e9s de caf\u00e9 fra\u00eechement moulu, pas de capsules. Gr\u00e2ce \u00e0 la vari\u00e9t\u00e9 disponible sur simple pression d\u2019un [&hellip;]<\/p>\n","protected":false},"featured_media":6364902,"template":"","meta":{"_acf_changed":false},"product_cat":[12076,12063,12055],"product_tag":[],"class_list":{"0":"post-62555","1":"product","2":"type-product","3":"status-publish","4":"has-post-thumbnail","6":"product_cat-automatique","7":"product_cat-machines-cafe","8":"product_cat-petits-electromenagers","10":"first","11":"instock","12":"sale","13":"taxable","14":"shipping-taxable","15":"purchasable","16":"product-type-simple","swatches":"rey-swatches","show_selected":"","stretch_labels":"rey-swatches--stretch-labels"},"acf":[],"yoast_head":"<!-- This site is optimized with the Yoast SEO plugin v25.4 - https:\/\/yoast.com\/wordpress\/plugins\/seo\/ -->\n<title>JURA Machine \u00e0 caf\u00e9 ENA 8 Noir M\u00e9tropolitain &#8211; dont 2 kg de caf\u00e9 - dev6 Erresse<\/title>\n<meta name=\"description\" content=\"Compacte, \u00e9l\u00e9gante, simple \u2013 fra\u00eechement moulu, sans capsule La nouvelle machine \u00e0 caf\u00e9 automatique aux caract\u00e9ristiques superlatives : compacte, simple,\" \/>\n<meta name=\"robots\" content=\"noindex, follow, max-snippet:-1, max-image-preview:large, max-video-preview:-1\" \/>\n<meta property=\"og:locale\" content=\"fr_FR\" \/>\n<meta property=\"og:type\" content=\"article\" \/>\n<meta property=\"og:title\" content=\"JURA Machine \u00e0 caf\u00e9 ENA 8 Noir M\u00e9tropolitain &#8211; dont 2 kg de caf\u00e9 - dev6 Erresse\" \/>\n<meta property=\"og:description\" content=\"Compacte, \u00e9l\u00e9gante, simple \u2013 fra\u00eechement moulu, sans capsule La nouvelle machine \u00e0 caf\u00e9 automatique aux caract\u00e9ristiques superlatives : compacte, simple,\" \/>\n<meta property=\"og:url\" content=\"https:\/\/dev6.erresse-shop.it\/fr\/shop\/petits-electromenagers\/machines-cafe\/automatique\/jura-machine-a-cafe-ena-8-noir-metropolitain-dont-2-kg-de-cafe\/\" \/>\n<meta property=\"og:site_name\" content=\"dev6 Erresse\" \/>\n<meta property=\"og:image\" content=\"https:\/\/interpim.erresse-shop.it\/wp-content\/uploads\/2024\/01\/JURA-Macchina-Da-Caffe\u0300-ENA-8-Metropolitan-Nero-inclusi-2-kg-di-caffe\u0300.jpg\/jura-macchina-da-caffe-cc-80-ena-8-metropolitan-nero-inclusi-2-kg-di-caffe-cc-80.jpg\" \/><meta property=\"og:image\" content=\"https:\/\/interpim.erresse-shop.it\/wp-content\/uploads\/2024\/01\/JURA-Macchina-Da-Caffe\u0300-ENA-8-Metropolitan-Nero-inclusi-2-kg-di-caffe\u0300.jpg\/jura-macchina-da-caffe-cc-80-ena-8-metropolitan-nero-inclusi-2-kg-di-caffe-cc-80.jpg\" \/>\n\t<meta property=\"og:image:width\" content=\"1024\" \/>\n\t<meta property=\"og:image:height\" content=\"1024\" \/>\n\t<meta property=\"og:image:type\" content=\"image\/jpeg\" \/>\n<meta name=\"twitter:card\" content=\"summary_large_image\" \/>\n<meta name=\"twitter:image\" content=\"https:\/\/interpim.erresse-shop.it\/wp-content\/uploads\/2024\/01\/JURA-Macchina-Da-Caffe\u0300-ENA-8-Metropolitan-Nero-inclusi-2-kg-di-caffe\u0300.jpg\/jura-macchina-da-caffe-cc-80-ena-8-metropolitan-nero-inclusi-2-kg-di-caffe-cc-80.jpg\" \/>\n<script type=\"application\/ld+json\" class=\"yoast-schema-graph\">{\"@context\":\"https:\/\/schema.org\",\"@graph\":[{\"@type\":\"WebPage\",\"@id\":\"https:\/\/dev6.erresse-shop.it\/fr\/shop\/petits-electromenagers\/machines-cafe\/automatique\/jura-machine-a-cafe-ena-8-noir-metropolitain-dont-2-kg-de-cafe\/\",\"url\":\"https:\/\/dev6.erresse-shop.it\/fr\/shop\/petits-electromenagers\/machines-cafe\/automatique\/jura-machine-a-cafe-ena-8-noir-metropolitain-dont-2-kg-de-cafe\/\",\"name\":\"JURA Machine \u00e0 caf\u00e9 ENA 8 Noir M\u00e9tropolitain &#8211; dont 2 kg de caf\u00e9 - dev6 Erresse\",\"isPartOf\":{\"@id\":\"https:\/\/dev6.erresse-shop.it\/#website\"},\"primaryImageOfPage\":{\"@id\":\"https:\/\/dev6.erresse-shop.it\/fr\/shop\/petits-electromenagers\/machines-cafe\/automatique\/jura-machine-a-cafe-ena-8-noir-metropolitain-dont-2-kg-de-cafe\/#primaryimage\"},\"image\":{\"@id\":\"https:\/\/dev6.erresse-shop.it\/fr\/shop\/petits-electromenagers\/machines-cafe\/automatique\/jura-machine-a-cafe-ena-8-noir-metropolitain-dont-2-kg-de-cafe\/#primaryimage\"},\"thumbnailUrl\":\"https:\/\/i3.wp.com\/interpim.erresse-shop.it\/wp-content\/uploads\/2024\/01\/JURA-Macchina-Da-Caffe\u0300-ENA-8-Metropolitan-Nero-inclusi-2-kg-di-caffe\u0300.jpg\/jura-macchina-da-caffe-cc-80-ena-8-metropolitan-nero-inclusi-2-kg-di-caffe-cc-80.jpg?ssl=1\",\"datePublished\":\"2026-04-12T08:05:11+00:00\",\"description\":\"Compacte, \u00e9l\u00e9gante, simple \u2013 fra\u00eechement moulu, sans capsule La nouvelle machine \u00e0 caf\u00e9 automatique aux caract\u00e9ristiques superlatives : compacte, simple,\",\"breadcrumb\":{\"@id\":\"https:\/\/dev6.erresse-shop.it\/fr\/shop\/petits-electromenagers\/machines-cafe\/automatique\/jura-machine-a-cafe-ena-8-noir-metropolitain-dont-2-kg-de-cafe\/#breadcrumb\"},\"inLanguage\":\"fr-FR\",\"potentialAction\":[{\"@type\":\"ReadAction\",\"target\":[\"https:\/\/dev6.erresse-shop.it\/fr\/shop\/petits-electromenagers\/machines-cafe\/automatique\/jura-machine-a-cafe-ena-8-noir-metropolitain-dont-2-kg-de-cafe\/\"]}]},{\"@type\":\"ImageObject\",\"inLanguage\":\"fr-FR\",\"@id\":\"https:\/\/dev6.erresse-shop.it\/fr\/shop\/petits-electromenagers\/machines-cafe\/automatique\/jura-machine-a-cafe-ena-8-noir-metropolitain-dont-2-kg-de-cafe\/#primaryimage\",\"url\":\"https:\/\/i3.wp.com\/interpim.erresse-shop.it\/wp-content\/uploads\/2024\/01\/JURA-Macchina-Da-Caffe\u0300-ENA-8-Metropolitan-Nero-inclusi-2-kg-di-caffe\u0300.jpg\/jura-macchina-da-caffe-cc-80-ena-8-metropolitan-nero-inclusi-2-kg-di-caffe-cc-80.jpg?ssl=1\",\"contentUrl\":\"https:\/\/i3.wp.com\/interpim.erresse-shop.it\/wp-content\/uploads\/2024\/01\/JURA-Macchina-Da-Caffe\u0300-ENA-8-Metropolitan-Nero-inclusi-2-kg-di-caffe\u0300.jpg\/jura-macchina-da-caffe-cc-80-ena-8-metropolitan-nero-inclusi-2-kg-di-caffe-cc-80.jpg?ssl=1\"},{\"@type\":\"BreadcrumbList\",\"@id\":\"https:\/\/dev6.erresse-shop.it\/fr\/shop\/petits-electromenagers\/machines-cafe\/automatique\/jura-machine-a-cafe-ena-8-noir-metropolitain-dont-2-kg-de-cafe\/#breadcrumb\",\"itemListElement\":[{\"@type\":\"ListItem\",\"position\":1,\"name\":\"Home\",\"item\":\"https:\/\/dev6.erresse-shop.it\/\"},{\"@type\":\"ListItem\",\"position\":2,\"name\":\"Boutique\",\"item\":\"https:\/\/dev6.erresse-shop.it\/shop\/\"},{\"@type\":\"ListItem\",\"position\":3,\"name\":\"JURA Machine \u00e0 caf\u00e9 ENA 8 Noir M\u00e9tropolitain &#8211; dont 2 kg de caf\u00e9\"}]},{\"@type\":\"WebSite\",\"@id\":\"https:\/\/dev6.erresse-shop.it\/#website\",\"url\":\"https:\/\/dev6.erresse-shop.it\/\",\"name\":\"Erresse Shop\",\"description\":\"\",\"publisher\":{\"@id\":\"https:\/\/dev6.erresse-shop.it\/#organization\"},\"potentialAction\":[{\"@type\":\"SearchAction\",\"target\":{\"@type\":\"EntryPoint\",\"urlTemplate\":\"https:\/\/dev6.erresse-shop.it\/?s={search_term_string}\"},\"query-input\":{\"@type\":\"PropertyValueSpecification\",\"valueRequired\":true,\"valueName\":\"search_term_string\"}}],\"inLanguage\":\"fr-FR\"},{\"@type\":\"Organization\",\"@id\":\"https:\/\/dev6.erresse-shop.it\/#organization\",\"name\":\"Erresse Shop\",\"url\":\"https:\/\/dev6.erresse-shop.it\/\",\"logo\":{\"@type\":\"ImageObject\",\"inLanguage\":\"fr-FR\",\"@id\":\"https:\/\/dev6.erresse-shop.it\/#\/schema\/logo\/image\/\",\"url\":\"https:\/\/dev6.erresse-shop.it\/wp-content\/uploads\/2025\/01\/LOGO-ERRESSE-CLASSICO.svg\",\"contentUrl\":\"https:\/\/dev6.erresse-shop.it\/wp-content\/uploads\/2025\/01\/LOGO-ERRESSE-CLASSICO.svg\",\"caption\":\"Erresse Shop\"},\"image\":{\"@id\":\"https:\/\/dev6.erresse-shop.it\/#\/schema\/logo\/image\/\"}}]}<\/script>\n<!-- \/ Yoast SEO plugin. -->","yoast_head_json":{"title":"JURA Machine \u00e0 caf\u00e9 ENA 8 Noir M\u00e9tropolitain &#8211; dont 2 kg de caf\u00e9 - dev6 Erresse","description":"Compacte, \u00e9l\u00e9gante, simple \u2013 fra\u00eechement moulu, sans capsule La nouvelle machine \u00e0 caf\u00e9 automatique aux caract\u00e9ristiques superlatives : compacte, simple,","robots":{"index":"noindex","follow":"follow","max-snippet":"max-snippet:-1","max-image-preview":"max-image-preview:large","max-video-preview":"max-video-preview:-1"},"og_locale":"fr_FR","og_type":"article","og_title":"JURA Machine \u00e0 caf\u00e9 ENA 8 Noir M\u00e9tropolitain &#8211; dont 2 kg de caf\u00e9 - dev6 Erresse","og_description":"Compacte, \u00e9l\u00e9gante, simple \u2013 fra\u00eechement moulu, sans capsule La nouvelle machine \u00e0 caf\u00e9 automatique aux caract\u00e9ristiques superlatives : compacte, simple,","og_url":"https:\/\/dev6.erresse-shop.it\/fr\/shop\/petits-electromenagers\/machines-cafe\/automatique\/jura-machine-a-cafe-ena-8-noir-metropolitain-dont-2-kg-de-cafe\/","og_site_name":"dev6 Erresse","og_image":[{"url":"https:\/\/interpim.erresse-shop.it\/wp-content\/uploads\/2024\/01\/JURA-Macchina-Da-Caffe\u0300-ENA-8-Metropolitan-Nero-inclusi-2-kg-di-caffe\u0300.jpg\/jura-macchina-da-caffe-cc-80-ena-8-metropolitan-nero-inclusi-2-kg-di-caffe-cc-80.jpg","type":"","width":"","height":""},{"url":"https:\/\/interpim.erresse-shop.it\/wp-content\/uploads\/2024\/01\/JURA-Macchina-Da-Caffe\u0300-ENA-8-Metropolitan-Nero-inclusi-2-kg-di-caffe\u0300.jpg\/jura-macchina-da-caffe-cc-80-ena-8-metropolitan-nero-inclusi-2-kg-di-caffe-cc-80.jpg","width":1024,"height":1024,"type":"image\/jpeg"}],"twitter_card":"summary_large_image","twitter_image":"https:\/\/interpim.erresse-shop.it\/wp-content\/uploads\/2024\/01\/JURA-Macchina-Da-Caffe\u0300-ENA-8-Metropolitan-Nero-inclusi-2-kg-di-caffe\u0300.jpg\/jura-macchina-da-caffe-cc-80-ena-8-metropolitan-nero-inclusi-2-kg-di-caffe-cc-80.jpg","schema":{"@context":"https:\/\/schema.org","@graph":[{"@type":"WebPage","@id":"https:\/\/dev6.erresse-shop.it\/fr\/shop\/petits-electromenagers\/machines-cafe\/automatique\/jura-machine-a-cafe-ena-8-noir-metropolitain-dont-2-kg-de-cafe\/","url":"https:\/\/dev6.erresse-shop.it\/fr\/shop\/petits-electromenagers\/machines-cafe\/automatique\/jura-machine-a-cafe-ena-8-noir-metropolitain-dont-2-kg-de-cafe\/","name":"JURA Machine \u00e0 caf\u00e9 ENA 8 Noir M\u00e9tropolitain &#8211; dont 2 kg de caf\u00e9 - dev6 Erresse","isPartOf":{"@id":"https:\/\/dev6.erresse-shop.it\/#website"},"primaryImageOfPage":{"@id":"https:\/\/dev6.erresse-shop.it\/fr\/shop\/petits-electromenagers\/machines-cafe\/automatique\/jura-machine-a-cafe-ena-8-noir-metropolitain-dont-2-kg-de-cafe\/#primaryimage"},"image":{"@id":"https:\/\/dev6.erresse-shop.it\/fr\/shop\/petits-electromenagers\/machines-cafe\/automatique\/jura-machine-a-cafe-ena-8-noir-metropolitain-dont-2-kg-de-cafe\/#primaryimage"},"thumbnailUrl":"https:\/\/i3.wp.com\/interpim.erresse-shop.it\/wp-content\/uploads\/2024\/01\/JURA-Macchina-Da-Caffe\u0300-ENA-8-Metropolitan-Nero-inclusi-2-kg-di-caffe\u0300.jpg\/jura-macchina-da-caffe-cc-80-ena-8-metropolitan-nero-inclusi-2-kg-di-caffe-cc-80.jpg?ssl=1","datePublished":"2026-04-12T08:05:11+00:00","description":"Compacte, \u00e9l\u00e9gante, simple \u2013 fra\u00eechement moulu, sans capsule La nouvelle machine \u00e0 caf\u00e9 automatique aux caract\u00e9ristiques superlatives : compacte, simple,","breadcrumb":{"@id":"https:\/\/dev6.erresse-shop.it\/fr\/shop\/petits-electromenagers\/machines-cafe\/automatique\/jura-machine-a-cafe-ena-8-noir-metropolitain-dont-2-kg-de-cafe\/#breadcrumb"},"inLanguage":"fr-FR","potentialAction":[{"@type":"ReadAction","target":["https:\/\/dev6.erresse-shop.it\/fr\/shop\/petits-electromenagers\/machines-cafe\/automatique\/jura-machine-a-cafe-ena-8-noir-metropolitain-dont-2-kg-de-cafe\/"]}]},{"@type":"ImageObject","inLanguage":"fr-FR","@id":"https:\/\/dev6.erresse-shop.it\/fr\/shop\/petits-electromenagers\/machines-cafe\/automatique\/jura-machine-a-cafe-ena-8-noir-metropolitain-dont-2-kg-de-cafe\/#primaryimage","url":"https:\/\/i3.wp.com\/interpim.erresse-shop.it\/wp-content\/uploads\/2024\/01\/JURA-Macchina-Da-Caffe\u0300-ENA-8-Metropolitan-Nero-inclusi-2-kg-di-caffe\u0300.jpg\/jura-macchina-da-caffe-cc-80-ena-8-metropolitan-nero-inclusi-2-kg-di-caffe-cc-80.jpg?ssl=1","contentUrl":"https:\/\/i3.wp.com\/interpim.erresse-shop.it\/wp-content\/uploads\/2024\/01\/JURA-Macchina-Da-Caffe\u0300-ENA-8-Metropolitan-Nero-inclusi-2-kg-di-caffe\u0300.jpg\/jura-macchina-da-caffe-cc-80-ena-8-metropolitan-nero-inclusi-2-kg-di-caffe-cc-80.jpg?ssl=1"},{"@type":"BreadcrumbList","@id":"https:\/\/dev6.erresse-shop.it\/fr\/shop\/petits-electromenagers\/machines-cafe\/automatique\/jura-machine-a-cafe-ena-8-noir-metropolitain-dont-2-kg-de-cafe\/#breadcrumb","itemListElement":[{"@type":"ListItem","position":1,"name":"Home","item":"https:\/\/dev6.erresse-shop.it\/"},{"@type":"ListItem","position":2,"name":"Boutique","item":"https:\/\/dev6.erresse-shop.it\/shop\/"},{"@type":"ListItem","position":3,"name":"JURA Machine \u00e0 caf\u00e9 ENA 8 Noir M\u00e9tropolitain &#8211; dont 2 kg de caf\u00e9"}]},{"@type":"WebSite","@id":"https:\/\/dev6.erresse-shop.it\/#website","url":"https:\/\/dev6.erresse-shop.it\/","name":"Erresse Shop","description":"","publisher":{"@id":"https:\/\/dev6.erresse-shop.it\/#organization"},"potentialAction":[{"@type":"SearchAction","target":{"@type":"EntryPoint","urlTemplate":"https:\/\/dev6.erresse-shop.it\/?s={search_term_string}"},"query-input":{"@type":"PropertyValueSpecification","valueRequired":true,"valueName":"search_term_string"}}],"inLanguage":"fr-FR"},{"@type":"Organization","@id":"https:\/\/dev6.erresse-shop.it\/#organization","name":"Erresse Shop","url":"https:\/\/dev6.erresse-shop.it\/","logo":{"@type":"ImageObject","inLanguage":"fr-FR","@id":"https:\/\/dev6.erresse-shop.it\/#\/schema\/logo\/image\/","url":"https:\/\/dev6.erresse-shop.it\/wp-content\/uploads\/2025\/01\/LOGO-ERRESSE-CLASSICO.svg","contentUrl":"https:\/\/dev6.erresse-shop.it\/wp-content\/uploads\/2025\/01\/LOGO-ERRESSE-CLASSICO.svg","caption":"Erresse Shop"},"image":{"@id":"https:\/\/dev6.erresse-shop.it\/#\/schema\/logo\/image\/"}}]}},"df_price":899.61,"df_sale_price":899.61,"df_regular_price":1029,"df_image_link":"https:\/\/i3.wp.com\/interpim.erresse-shop.it\/wp-content\/uploads\/2024\/01\/JURA-Macchina-Da-Caffe\u0300-ENA-8-Metropolitan-Nero-inclusi-2-kg-di-caffe\u0300.jpg\/jura-macchina-da-caffe-cc-80-ena-8-metropolitan-nero-inclusi-2-kg-di-caffe-cc-80.jpg?resize=300,300&ssl=1","fifu_image_url":"https:\/\/interpim.erresse-shop.it\/wp-content\/uploads\/2024\/01\/JURA-Macchina-Da-Caffe\u0300-ENA-8-Metropolitan-Nero-inclusi-2-kg-di-caffe\u0300.jpg\/jura-macchina-da-caffe-cc-80-ena-8-metropolitan-nero-inclusi-2-kg-di-caffe-cc-80.jpg","_links":{"self":[{"href":"https:\/\/dev6.erresse-shop.it\/fr\/wp-json\/wp\/v2\/product\/62555","targetHints":{"allow":["GET"]}}],"collection":[{"href":"https:\/\/dev6.erresse-shop.it\/fr\/wp-json\/wp\/v2\/product"}],"about":[{"href":"https:\/\/dev6.erresse-shop.it\/fr\/wp-json\/wp\/v2\/types\/product"}],"wp:featuredmedia":[{"embeddable":true,"href":"https:\/\/dev6.erresse-shop.it\/fr\/wp-json\/wp\/v2\/media\/6364902"}],"wp:attachment":[{"href":"https:\/\/dev6.erresse-shop.it\/fr\/wp-json\/wp\/v2\/media?parent=62555"}],"wp:term":[{"taxonomy":"product_cat","embeddable":true,"href":"https:\/\/dev6.erresse-shop.it\/fr\/wp-json\/wp\/v2\/product_cat?post=62555"},{"taxonomy":"product_tag","embeddable":true,"href":"https:\/\/dev6.erresse-shop.it\/fr\/wp-json\/wp\/v2\/product_tag?post=62555"}],"curies":[{"name":"wp","href":"https:\/\/api.w.org\/{rel}","templated":true}]}}