{"id":62502,"date":"2026-04-12T10:03:35","date_gmt":"2026-04-12T08:03:35","guid":{"rendered":"https:\/\/dev6.erresse-shop.it\/shop\/non%20class\u00e9\/jura-machine-a-cafe-d6-piano-noir-dont-2-kg-de-cafe\/"},"modified":"2025-07-04T17:18:20","modified_gmt":"2025-07-04T15:18:20","slug":"jura-machine-a-cafe-d6-piano-noir-dont-2-kg-de-cafe","status":"publish","type":"product","link":"https:\/\/dev6.erresse-shop.it\/fr\/shop\/petits-electromenagers\/machines-cafe\/automatique\/jura-machine-a-cafe-d6-piano-noir-dont-2-kg-de-cafe\/","title":{"rendered":"JURA Machine \u00e0 Caf\u00e9 D6 Piano Noir &#8211; dont 2 Kg de caf\u00e9"},"content":{"rendered":"<p>La derni\u00e8re g\u00e9n\u00e9ration du mod\u00e8le de machine \u00e0 caf\u00e9 automatique le plus populaire de JURA se distingue par son design r\u00e9interpr\u00e9t\u00e9 et ses fonctionnalit\u00e9s jusqu\u2019\u00e0 pr\u00e9sent r\u00e9serv\u00e9es exclusivement au segment premium.<\/p>\n<p>Le Professional Aroma Grinder assure un r\u00e9sultat de broyage id\u00e9al, les processus de perfusion de pointe permettent aux ar\u00f4mes de s\u2019exprimer dans toute leur intensit\u00e9 et la mousse de lait douce et d\u00e9licate couronne habilement les sp\u00e9cialit\u00e9s \u00e0 la mode. L\u2019innovante E8 est capable de pr\u00e9parer 17 sp\u00e9cialit\u00e9s diff\u00e9rentes \u2013 de l\u2019espresso aromatique au cortado tendance. M\u00eame les sp\u00e9cialit\u00e9s longues et l\u00e9g\u00e8res, comme le caf\u00e9 Barista et le long Barista, n\u2019ont rien \u00e0 envier aux cr\u00e9ations des meilleurs bars. Un nouveau fluid system permet sa pr\u00e9paration strictement selon la tradition. Ceux qui pr\u00e9f\u00e8rent une saveur encore plus intense peuvent pr\u00e9parer un cappuccino, un flat white et un latte macchiato en activant la fonction suppl\u00e9mentaire Extra Shot.<\/p>\n<p>Gr\u00e2ce au perfectionnement du fluid system, le nettoyage du syst\u00e8me de lait s\u2019effectue \u00e9galement automatiquement en appuyant sur un bouton, une autre fonction de l\u2019E8 jusqu\u2019\u00e0 pr\u00e9sent r\u00e9serv\u00e9e aux lignes haut de gamme de JURA. L\u2019E8 se distingue \u00e9galement par une manipulation encore plus intuitive et un confort d\u2019utilisation maximal.<\/p>\n<p>Qualit\u00e9 du caf\u00e9 de premi\u00e8re classe<br \/>\nLe Professional Aroma Grinder garantit 12,2\u00a0% d\u2019ar\u00f4me en plus et une qualit\u00e9 de mouture \u00e9lev\u00e9e et constante, permettant aux ar\u00f4mes de s\u2019exprimer dans toute leur intensit\u00e9 pendant toute la dur\u00e9e de vie du moulin \u00e0 caf\u00e9. Le processus d\u2019extraction puls\u00e9 (P.E.P.Legg) permet la pr\u00e9paration de sp\u00e9cialit\u00e9s courtes au go\u00fbt complet et assure un pr\u00e9chauffage intelligent pour une temp\u00e9rature optimale d\u00e8s la premi\u00e8re tasse.<\/p>\n<p>Confort d\u2019utilisation maximal<br \/>\nUn \u00e9cran couleur de 2,8\u2033, six boutons et une toute nouvelle philosophie d\u2019utilisation garantissent une manipulation facile. Les param\u00e8tres du produit et leur placement individuel sur l\u2019\u00e9cran peuvent \u00eatre adapt\u00e9s \u00e0 volont\u00e9 et les noms des produits peuvent \u00eatre affich\u00e9s ou masqu\u00e9s. Toutes les informations pertinentes pour la machine automatique et les instructions d\u2019entretien sont clairement affich\u00e9es dans le cockpit via l\u2019\u00e9cran.<\/p>\n<p>Nettoyage du syst\u00e8me de lait One-Touch<br \/>\nLa fonction sophistiqu\u00e9e de nettoyage du syst\u00e8me de lait s\u2019active automatiquement en appuyant sur un bouton et se d\u00e9roule tr\u00e8s rapidement. Le bac de r\u00e9cup\u00e9ration d\u2019eau se caract\u00e9rise par une ergonomie maximale\u00a0: il peut \u00eatre retir\u00e9 facilement d\u2019une seule main et sa structure emp\u00eache l\u2019eau de d\u00e9border.<\/p>\n<p>Design harmonieux<br \/>\nLe design caract\u00e9ristique des machines \u00e0 caf\u00e9 automatiques JURA se caract\u00e9rise par des lignes sobres et harmonieuses. Les mat\u00e9riaux s\u00e9lectionn\u00e9s et la fabrication soign\u00e9e soulignent la qualit\u00e9 sup\u00e9rieure de l\u2019E8 moderne. Sa forme est d\u00e9j\u00e0 l\u2019expression de la qualit\u00e9, de la fonctionnalit\u00e9 et de la durabilit\u00e9, et son design est magistralement perfectionn\u00e9 par des d\u00e9tails tels que le r\u00e9servoir d\u2019eau avec des rainures et l\u2019\u00e9tag\u00e8re pr\u00e9cieuse repose des tasses chrom\u00e9es.<\/p>\n<p>Sp\u00e9cifications techniques<\/p>\n<p>Distributeur de caf\u00e9 r\u00e9glable en hauteur\/largeur 65 \u2013 111 mm \/ \u2013<br \/>\nDistributeur de cappuccino r\u00e9glable en hauteur 107 \u2013 153 mm<br \/>\nDistributeur d\u2019eau chaude r\u00e9glable en hauteur 65 \u2013 111 mm<br \/>\nCapacit\u00e9 du r\u00e9servoir d\u2019eau 1.9 l<br \/>\nCapacit\u00e9 du bac \u00e0 caf\u00e9 en grains 280 g<br \/>\nR\u00e9cipient de marc de caf\u00e9 (portions) 16<br \/>\nLongueur du c\u00e2ble 1.1 m<br \/>\nTension \/ absorption 230 V ~ \/ 1450 W<br \/>\nIntensit\u00e9 de courant 10 A<br \/>\nAbsorption en veille 0 W<br \/>\nPoids 9.6 kg<br \/>\nDimensions (L A P) 28 35.1 44.6 cm<\/p>\n<p>Pays producteur Fabriqu\u00e9 au Portugal<br \/>\nAnn\u00e9e mod\u00e8le 2020<\/p>\n","protected":false},"excerpt":{"rendered":"<p>La derni\u00e8re g\u00e9n\u00e9ration du mod\u00e8le de machine \u00e0 caf\u00e9 automatique le plus populaire de JURA se distingue par son design r\u00e9interpr\u00e9t\u00e9 et ses fonctionnalit\u00e9s jusqu\u2019\u00e0 pr\u00e9sent r\u00e9serv\u00e9es exclusivement au segment premium. Le Professional Aroma Grinder assure un r\u00e9sultat de broyage id\u00e9al, les processus de perfusion de pointe permettent aux ar\u00f4mes de s\u2019exprimer dans toute leur [&hellip;]<\/p>\n","protected":false},"featured_media":6364753,"template":"","meta":{"_acf_changed":false},"product_cat":[12076,12063,12055],"product_tag":[],"class_list":{"0":"post-62502","1":"product","2":"type-product","3":"status-publish","4":"has-post-thumbnail","6":"product_cat-automatique","7":"product_cat-machines-cafe","8":"product_cat-petits-electromenagers","10":"first","11":"instock","12":"sale","13":"taxable","14":"shipping-taxable","15":"purchasable","16":"product-type-simple","swatches":"rey-swatches","show_selected":"","stretch_labels":"rey-swatches--stretch-labels"},"acf":[],"yoast_head":"<!-- This site is optimized with the Yoast SEO plugin v25.4 - https:\/\/yoast.com\/wordpress\/plugins\/seo\/ -->\n<title>JURA Machine \u00e0 Caf\u00e9 D6 Piano Noir &#8211; dont 2 Kg de caf\u00e9 - dev6 Erresse<\/title>\n<meta name=\"description\" content=\"La derni\u00e8re g\u00e9n\u00e9ration du mod\u00e8le de machine \u00e0 caf\u00e9 automatique le plus populaire de JURA se distingue par son design r\u00e9interpr\u00e9t\u00e9 et ses fonctionnalit\u00e9s\" \/>\n<meta name=\"robots\" content=\"noindex, follow, max-snippet:-1, max-image-preview:large, max-video-preview:-1\" \/>\n<meta property=\"og:locale\" content=\"fr_FR\" \/>\n<meta property=\"og:type\" content=\"article\" \/>\n<meta property=\"og:title\" content=\"JURA Machine \u00e0 Caf\u00e9 D6 Piano Noir &#8211; dont 2 Kg de caf\u00e9 - dev6 Erresse\" \/>\n<meta property=\"og:description\" content=\"La derni\u00e8re g\u00e9n\u00e9ration du mod\u00e8le de machine \u00e0 caf\u00e9 automatique le plus populaire de JURA se distingue par son design r\u00e9interpr\u00e9t\u00e9 et ses fonctionnalit\u00e9s\" \/>\n<meta property=\"og:url\" content=\"https:\/\/dev6.erresse-shop.it\/fr\/shop\/petits-electromenagers\/machines-cafe\/automatique\/jura-machine-a-cafe-d6-piano-noir-dont-2-kg-de-cafe\/\" \/>\n<meta property=\"og:site_name\" content=\"dev6 Erresse\" \/>\n<meta property=\"og:image\" content=\"https:\/\/interpim.erresse-shop.it\/Import\/Prodotti\/e8nero.jpg\" \/><meta property=\"og:image\" content=\"https:\/\/interpim.erresse-shop.it\/Import\/Prodotti\/e8nero.jpg\" \/>\n\t<meta property=\"og:image:width\" content=\"1024\" \/>\n\t<meta property=\"og:image:height\" content=\"1024\" \/>\n\t<meta property=\"og:image:type\" content=\"image\/jpeg\" \/>\n<meta name=\"twitter:card\" content=\"summary_large_image\" \/>\n<meta name=\"twitter:image\" content=\"https:\/\/interpim.erresse-shop.it\/Import\/Prodotti\/e8nero.jpg\" \/>\n<script type=\"application\/ld+json\" class=\"yoast-schema-graph\">{\"@context\":\"https:\/\/schema.org\",\"@graph\":[{\"@type\":\"WebPage\",\"@id\":\"https:\/\/dev6.erresse-shop.it\/fr\/shop\/petits-electromenagers\/machines-cafe\/automatique\/jura-machine-a-cafe-d6-piano-noir-dont-2-kg-de-cafe\/\",\"url\":\"https:\/\/dev6.erresse-shop.it\/fr\/shop\/petits-electromenagers\/machines-cafe\/automatique\/jura-machine-a-cafe-d6-piano-noir-dont-2-kg-de-cafe\/\",\"name\":\"JURA Machine \u00e0 Caf\u00e9 D6 Piano Noir &#8211; dont 2 Kg de caf\u00e9 - dev6 Erresse\",\"isPartOf\":{\"@id\":\"https:\/\/dev6.erresse-shop.it\/#website\"},\"primaryImageOfPage\":{\"@id\":\"https:\/\/dev6.erresse-shop.it\/fr\/shop\/petits-electromenagers\/machines-cafe\/automatique\/jura-machine-a-cafe-d6-piano-noir-dont-2-kg-de-cafe\/#primaryimage\"},\"image\":{\"@id\":\"https:\/\/dev6.erresse-shop.it\/fr\/shop\/petits-electromenagers\/machines-cafe\/automatique\/jura-machine-a-cafe-d6-piano-noir-dont-2-kg-de-cafe\/#primaryimage\"},\"thumbnailUrl\":\"https:\/\/i0.wp.com\/interpim.erresse-shop.it\/Import\/Prodotti\/e8nero.jpg?ssl=1\",\"datePublished\":\"2026-04-12T08:03:35+00:00\",\"description\":\"La derni\u00e8re g\u00e9n\u00e9ration du mod\u00e8le de machine \u00e0 caf\u00e9 automatique le plus populaire de JURA se distingue par son design r\u00e9interpr\u00e9t\u00e9 et ses fonctionnalit\u00e9s\",\"breadcrumb\":{\"@id\":\"https:\/\/dev6.erresse-shop.it\/fr\/shop\/petits-electromenagers\/machines-cafe\/automatique\/jura-machine-a-cafe-d6-piano-noir-dont-2-kg-de-cafe\/#breadcrumb\"},\"inLanguage\":\"fr-FR\",\"potentialAction\":[{\"@type\":\"ReadAction\",\"target\":[\"https:\/\/dev6.erresse-shop.it\/fr\/shop\/petits-electromenagers\/machines-cafe\/automatique\/jura-machine-a-cafe-d6-piano-noir-dont-2-kg-de-cafe\/\"]}]},{\"@type\":\"ImageObject\",\"inLanguage\":\"fr-FR\",\"@id\":\"https:\/\/dev6.erresse-shop.it\/fr\/shop\/petits-electromenagers\/machines-cafe\/automatique\/jura-machine-a-cafe-d6-piano-noir-dont-2-kg-de-cafe\/#primaryimage\",\"url\":\"https:\/\/i0.wp.com\/interpim.erresse-shop.it\/Import\/Prodotti\/e8nero.jpg?ssl=1\",\"contentUrl\":\"https:\/\/i0.wp.com\/interpim.erresse-shop.it\/Import\/Prodotti\/e8nero.jpg?ssl=1\"},{\"@type\":\"BreadcrumbList\",\"@id\":\"https:\/\/dev6.erresse-shop.it\/fr\/shop\/petits-electromenagers\/machines-cafe\/automatique\/jura-machine-a-cafe-d6-piano-noir-dont-2-kg-de-cafe\/#breadcrumb\",\"itemListElement\":[{\"@type\":\"ListItem\",\"position\":1,\"name\":\"Home\",\"item\":\"https:\/\/dev6.erresse-shop.it\/\"},{\"@type\":\"ListItem\",\"position\":2,\"name\":\"Boutique\",\"item\":\"https:\/\/dev6.erresse-shop.it\/shop\/\"},{\"@type\":\"ListItem\",\"position\":3,\"name\":\"JURA Machine \u00e0 Caf\u00e9 D6 Piano Noir &#8211; dont 2 Kg de caf\u00e9\"}]},{\"@type\":\"WebSite\",\"@id\":\"https:\/\/dev6.erresse-shop.it\/#website\",\"url\":\"https:\/\/dev6.erresse-shop.it\/\",\"name\":\"Erresse Shop\",\"description\":\"\",\"publisher\":{\"@id\":\"https:\/\/dev6.erresse-shop.it\/#organization\"},\"potentialAction\":[{\"@type\":\"SearchAction\",\"target\":{\"@type\":\"EntryPoint\",\"urlTemplate\":\"https:\/\/dev6.erresse-shop.it\/?s={search_term_string}\"},\"query-input\":{\"@type\":\"PropertyValueSpecification\",\"valueRequired\":true,\"valueName\":\"search_term_string\"}}],\"inLanguage\":\"fr-FR\"},{\"@type\":\"Organization\",\"@id\":\"https:\/\/dev6.erresse-shop.it\/#organization\",\"name\":\"Erresse Shop\",\"url\":\"https:\/\/dev6.erresse-shop.it\/\",\"logo\":{\"@type\":\"ImageObject\",\"inLanguage\":\"fr-FR\",\"@id\":\"https:\/\/dev6.erresse-shop.it\/#\/schema\/logo\/image\/\",\"url\":\"https:\/\/dev6.erresse-shop.it\/wp-content\/uploads\/2025\/01\/LOGO-ERRESSE-CLASSICO.svg\",\"contentUrl\":\"https:\/\/dev6.erresse-shop.it\/wp-content\/uploads\/2025\/01\/LOGO-ERRESSE-CLASSICO.svg\",\"caption\":\"Erresse Shop\"},\"image\":{\"@id\":\"https:\/\/dev6.erresse-shop.it\/#\/schema\/logo\/image\/\"}}]}<\/script>\n<!-- \/ Yoast SEO plugin. -->","yoast_head_json":{"title":"JURA Machine \u00e0 Caf\u00e9 D6 Piano Noir &#8211; dont 2 Kg de caf\u00e9 - dev6 Erresse","description":"La derni\u00e8re g\u00e9n\u00e9ration du mod\u00e8le de machine \u00e0 caf\u00e9 automatique le plus populaire de JURA se distingue par son design r\u00e9interpr\u00e9t\u00e9 et ses fonctionnalit\u00e9s","robots":{"index":"noindex","follow":"follow","max-snippet":"max-snippet:-1","max-image-preview":"max-image-preview:large","max-video-preview":"max-video-preview:-1"},"og_locale":"fr_FR","og_type":"article","og_title":"JURA Machine \u00e0 Caf\u00e9 D6 Piano Noir &#8211; dont 2 Kg de caf\u00e9 - dev6 Erresse","og_description":"La derni\u00e8re g\u00e9n\u00e9ration du mod\u00e8le de machine \u00e0 caf\u00e9 automatique le plus populaire de JURA se distingue par son design r\u00e9interpr\u00e9t\u00e9 et ses fonctionnalit\u00e9s","og_url":"https:\/\/dev6.erresse-shop.it\/fr\/shop\/petits-electromenagers\/machines-cafe\/automatique\/jura-machine-a-cafe-d6-piano-noir-dont-2-kg-de-cafe\/","og_site_name":"dev6 Erresse","og_image":[{"url":"https:\/\/interpim.erresse-shop.it\/Import\/Prodotti\/e8nero.jpg","type":"","width":"","height":""},{"url":"https:\/\/interpim.erresse-shop.it\/Import\/Prodotti\/e8nero.jpg","width":1024,"height":1024,"type":"image\/jpeg"}],"twitter_card":"summary_large_image","twitter_image":"https:\/\/interpim.erresse-shop.it\/Import\/Prodotti\/e8nero.jpg","schema":{"@context":"https:\/\/schema.org","@graph":[{"@type":"WebPage","@id":"https:\/\/dev6.erresse-shop.it\/fr\/shop\/petits-electromenagers\/machines-cafe\/automatique\/jura-machine-a-cafe-d6-piano-noir-dont-2-kg-de-cafe\/","url":"https:\/\/dev6.erresse-shop.it\/fr\/shop\/petits-electromenagers\/machines-cafe\/automatique\/jura-machine-a-cafe-d6-piano-noir-dont-2-kg-de-cafe\/","name":"JURA Machine \u00e0 Caf\u00e9 D6 Piano Noir &#8211; dont 2 Kg de caf\u00e9 - dev6 Erresse","isPartOf":{"@id":"https:\/\/dev6.erresse-shop.it\/#website"},"primaryImageOfPage":{"@id":"https:\/\/dev6.erresse-shop.it\/fr\/shop\/petits-electromenagers\/machines-cafe\/automatique\/jura-machine-a-cafe-d6-piano-noir-dont-2-kg-de-cafe\/#primaryimage"},"image":{"@id":"https:\/\/dev6.erresse-shop.it\/fr\/shop\/petits-electromenagers\/machines-cafe\/automatique\/jura-machine-a-cafe-d6-piano-noir-dont-2-kg-de-cafe\/#primaryimage"},"thumbnailUrl":"https:\/\/i0.wp.com\/interpim.erresse-shop.it\/Import\/Prodotti\/e8nero.jpg?ssl=1","datePublished":"2026-04-12T08:03:35+00:00","description":"La derni\u00e8re g\u00e9n\u00e9ration du mod\u00e8le de machine \u00e0 caf\u00e9 automatique le plus populaire de JURA se distingue par son design r\u00e9interpr\u00e9t\u00e9 et ses fonctionnalit\u00e9s","breadcrumb":{"@id":"https:\/\/dev6.erresse-shop.it\/fr\/shop\/petits-electromenagers\/machines-cafe\/automatique\/jura-machine-a-cafe-d6-piano-noir-dont-2-kg-de-cafe\/#breadcrumb"},"inLanguage":"fr-FR","potentialAction":[{"@type":"ReadAction","target":["https:\/\/dev6.erresse-shop.it\/fr\/shop\/petits-electromenagers\/machines-cafe\/automatique\/jura-machine-a-cafe-d6-piano-noir-dont-2-kg-de-cafe\/"]}]},{"@type":"ImageObject","inLanguage":"fr-FR","@id":"https:\/\/dev6.erresse-shop.it\/fr\/shop\/petits-electromenagers\/machines-cafe\/automatique\/jura-machine-a-cafe-d6-piano-noir-dont-2-kg-de-cafe\/#primaryimage","url":"https:\/\/i0.wp.com\/interpim.erresse-shop.it\/Import\/Prodotti\/e8nero.jpg?ssl=1","contentUrl":"https:\/\/i0.wp.com\/interpim.erresse-shop.it\/Import\/Prodotti\/e8nero.jpg?ssl=1"},{"@type":"BreadcrumbList","@id":"https:\/\/dev6.erresse-shop.it\/fr\/shop\/petits-electromenagers\/machines-cafe\/automatique\/jura-machine-a-cafe-d6-piano-noir-dont-2-kg-de-cafe\/#breadcrumb","itemListElement":[{"@type":"ListItem","position":1,"name":"Home","item":"https:\/\/dev6.erresse-shop.it\/"},{"@type":"ListItem","position":2,"name":"Boutique","item":"https:\/\/dev6.erresse-shop.it\/shop\/"},{"@type":"ListItem","position":3,"name":"JURA Machine \u00e0 Caf\u00e9 D6 Piano Noir &#8211; dont 2 Kg de caf\u00e9"}]},{"@type":"WebSite","@id":"https:\/\/dev6.erresse-shop.it\/#website","url":"https:\/\/dev6.erresse-shop.it\/","name":"Erresse Shop","description":"","publisher":{"@id":"https:\/\/dev6.erresse-shop.it\/#organization"},"potentialAction":[{"@type":"SearchAction","target":{"@type":"EntryPoint","urlTemplate":"https:\/\/dev6.erresse-shop.it\/?s={search_term_string}"},"query-input":{"@type":"PropertyValueSpecification","valueRequired":true,"valueName":"search_term_string"}}],"inLanguage":"fr-FR"},{"@type":"Organization","@id":"https:\/\/dev6.erresse-shop.it\/#organization","name":"Erresse Shop","url":"https:\/\/dev6.erresse-shop.it\/","logo":{"@type":"ImageObject","inLanguage":"fr-FR","@id":"https:\/\/dev6.erresse-shop.it\/#\/schema\/logo\/image\/","url":"https:\/\/dev6.erresse-shop.it\/wp-content\/uploads\/2025\/01\/LOGO-ERRESSE-CLASSICO.svg","contentUrl":"https:\/\/dev6.erresse-shop.it\/wp-content\/uploads\/2025\/01\/LOGO-ERRESSE-CLASSICO.svg","caption":"Erresse Shop"},"image":{"@id":"https:\/\/dev6.erresse-shop.it\/#\/schema\/logo\/image\/"}}]}},"df_price":1173.66,"df_sale_price":1173.66,"df_regular_price":1349,"df_image_link":"https:\/\/i0.wp.com\/interpim.erresse-shop.it\/Import\/Prodotti\/e8nero.jpg?resize=300,300&ssl=1","fifu_image_url":"https:\/\/interpim.erresse-shop.it\/Import\/Prodotti\/e8nero.jpg","_links":{"self":[{"href":"https:\/\/dev6.erresse-shop.it\/fr\/wp-json\/wp\/v2\/product\/62502","targetHints":{"allow":["GET"]}}],"collection":[{"href":"https:\/\/dev6.erresse-shop.it\/fr\/wp-json\/wp\/v2\/product"}],"about":[{"href":"https:\/\/dev6.erresse-shop.it\/fr\/wp-json\/wp\/v2\/types\/product"}],"wp:featuredmedia":[{"embeddable":true,"href":"https:\/\/dev6.erresse-shop.it\/fr\/wp-json\/wp\/v2\/media\/6364753"}],"wp:attachment":[{"href":"https:\/\/dev6.erresse-shop.it\/fr\/wp-json\/wp\/v2\/media?parent=62502"}],"wp:term":[{"taxonomy":"product_cat","embeddable":true,"href":"https:\/\/dev6.erresse-shop.it\/fr\/wp-json\/wp\/v2\/product_cat?post=62502"},{"taxonomy":"product_tag","embeddable":true,"href":"https:\/\/dev6.erresse-shop.it\/fr\/wp-json\/wp\/v2\/product_tag?post=62502"}],"curies":[{"name":"wp","href":"https:\/\/api.w.org\/{rel}","templated":true}]}}